{"id":9549,"date":"2023-08-03T17:00:52","date_gmt":"2023-08-03T16:00:52","guid":{"rendered":"https:\/\/la-cabrade.be\/fr\/produit\/osteo-glycan-foran-s-r-2\/"},"modified":"2026-03-20T17:25:21","modified_gmt":"2026-03-20T16:25:21","slug":"osteo-glycan-foran-s-r-2","status":"publish","type":"product","link":"https:\/\/la-cabrade.be\/nl\/product\/osteoglycaan-vooran-s-r-2\/","title":{"rendered":"Osteo-glycaan foran - s\/r"},"content":{"rendered":"<p>OSTEO-GLYCAN &#8211; FORAN<\/p>\n<p>Suppl\u00e9ment en poudre de qualit\u00e9 sup\u00e9rieure contenant des collages marins, des vitamines et des min\u00e9raux pour soutenir le d\u00e9veloppement des os et des articulations<\/p>\n<p>CARACT\u00c9RISTIQUES ET AVANTAGES<\/p>\n<p>Collag\u00e8ne marin plus 5 min\u00e9raux cl\u00e9s &#8211;<br \/>\npour favoriser le d\u00e9veloppement des os et des articulations<br \/>\nVitamine A &#8211; pour soutenir la formation de collag\u00e8ne<br \/>\nVitamine D3 &#8211; pour am\u00e9liorer l&rsquo;absorption du calcium<\/p>\n<p>ID\u00c9AL POUR<\/p>\n<p>Youngstock<br \/>\nJeunes chevaux qui entrent \u00e0 l&rsquo;entra\u00eenement avec des exigences physiques accrues<\/p>\n<p>Jours d&rsquo;approvisionnement &#8211; 1 kg = 20 jours *<\/p>","protected":false},"excerpt":{"rendered":"<p>OSTEO-GLYCAN &#8211; FORAN Suppl\u00e9ment en poudre de qualit\u00e9 sup\u00e9rieure contenant des collages marins, des vitamines et des min\u00e9raux pour soutenir le d\u00e9veloppement des os et des articulations CARACT\u00c9RISTIQUES ET AVANTAGES Collag\u00e8ne marin plus 5 min\u00e9raux cl\u00e9s &#8211; pour favoriser le d\u00e9veloppement des os et des articulations Vitamine A &#8211; pour soutenir la formation de collag\u00e8ne [&hellip;]<\/p>","protected":false},"featured_media":31421,"template":"","meta":[],"pwb-brand":[597],"product_brand":[],"product_cat":[834],"product_tag":[],"giftcard-category":[],"class_list":{"0":"post-9549","1":"product","2":"type-product","3":"status-publish","4":"has-post-thumbnail","6":"pwb-brand-foran","7":"product_cat-systeme-locomoteur","9":"first","10":"outofstock","11":"taxable","12":"shipping-taxable","13":"purchasable","14":"product-type-variable","15":"has-default-attributes"},"yoast_head":"<!-- This site is optimized with the Yoast SEO plugin v25.3.1 - https:\/\/yoast.com\/wordpress\/plugins\/seo\/ -->\n<title>Osteo-glycan foran - s\/r - La Cabrade<\/title>\n<meta name=\"description\" content=\"Achetez Osteo-glycan foran - s\/r au meilleur prix. Livraison rapide. Dans votre magasin d&#039;\u00e9quitation en ligne Sellerie La Cabrade\" \/>\n<meta name=\"robots\" content=\"index, follow, max-snippet:-1, max-image-preview:large, max-video-preview:-1\" \/>\n<link rel=\"canonical\" href=\"https:\/\/la-cabrade.be\/nl\/product\/osteoglycaan-vooran-s-r-2\/\" \/>\n<meta property=\"og:locale\" content=\"nl_BE\" \/>\n<meta property=\"og:type\" content=\"article\" \/>\n<meta property=\"og:title\" content=\"Osteo-glycan foran - s\/r - La Cabrade\" \/>\n<meta property=\"og:description\" content=\"Achetez Osteo-glycan foran - s\/r au meilleur prix. Livraison rapide. Dans votre magasin d&#039;\u00e9quitation en ligne Sellerie La Cabrade\" \/>\n<meta property=\"og:url\" content=\"https:\/\/la-cabrade.be\/nl\/product\/osteoglycaan-vooran-s-r-2\/\" \/>\n<meta property=\"og:site_name\" content=\"La Cabrade\" \/>\n<meta property=\"article:modified_time\" content=\"2026-03-20T16:25:21+00:00\" \/>\n<meta property=\"og:image\" content=\"https:\/\/la-cabrade.be\/wp-content\/uploads\/2023\/11\/OSTEO-GLYCAN-FORAN-SR_Systeme-locomoteur_12603_1-1.jpeg\" \/>\n\t<meta property=\"og:image:width\" content=\"700\" \/>\n\t<meta property=\"og:image:height\" content=\"700\" \/>\n\t<meta property=\"og:image:type\" content=\"image\/jpeg\" \/>\n<script type=\"application\/ld+json\" class=\"yoast-schema-graph\">{\"@context\":\"https:\/\/schema.org\",\"@graph\":[{\"@type\":\"WebPage\",\"@id\":\"https:\/\/la-cabrade.be\/fr\/produit\/osteo-glycan-foran-s-r-2\/\",\"url\":\"https:\/\/la-cabrade.be\/fr\/produit\/osteo-glycan-foran-s-r-2\/\",\"name\":\"Osteo-glycan foran - s\/r - La Cabrade\",\"isPartOf\":{\"@id\":\"https:\/\/la-cabrade.be\/#website\"},\"primaryImageOfPage\":{\"@id\":\"https:\/\/la-cabrade.be\/fr\/produit\/osteo-glycan-foran-s-r-2\/#primaryimage\"},\"image\":{\"@id\":\"https:\/\/la-cabrade.be\/fr\/produit\/osteo-glycan-foran-s-r-2\/#primaryimage\"},\"thumbnailUrl\":\"https:\/\/la-cabrade.be\/wp-content\/uploads\/2023\/11\/OSTEO-GLYCAN-FORAN-SR_Systeme-locomoteur_12603_1-1.jpeg\",\"datePublished\":\"2023-08-03T16:00:52+00:00\",\"dateModified\":\"2026-03-20T16:25:21+00:00\",\"description\":\"Achetez Osteo-glycan foran - s\/r au meilleur prix. Livraison rapide. Dans votre magasin d'\u00e9quitation en ligne Sellerie La Cabrade\",\"breadcrumb\":{\"@id\":\"https:\/\/la-cabrade.be\/fr\/produit\/osteo-glycan-foran-s-r-2\/#breadcrumb\"},\"inLanguage\":\"nl-BE\",\"potentialAction\":[{\"@type\":\"ReadAction\",\"target\":[\"https:\/\/la-cabrade.be\/fr\/produit\/osteo-glycan-foran-s-r-2\/\"]}]},{\"@type\":\"ImageObject\",\"inLanguage\":\"nl-BE\",\"@id\":\"https:\/\/la-cabrade.be\/fr\/produit\/osteo-glycan-foran-s-r-2\/#primaryimage\",\"url\":\"https:\/\/la-cabrade.be\/wp-content\/uploads\/2023\/11\/OSTEO-GLYCAN-FORAN-SR_Systeme-locomoteur_12603_1-1.jpeg\",\"contentUrl\":\"https:\/\/la-cabrade.be\/wp-content\/uploads\/2023\/11\/OSTEO-GLYCAN-FORAN-SR_Systeme-locomoteur_12603_1-1.jpeg\",\"width\":700,\"height\":700,\"caption\":\"OSTEO GLYCAN FORAN SR Systeme locomoteur 12603 1.jpeg\"},{\"@type\":\"BreadcrumbList\",\"@id\":\"https:\/\/la-cabrade.be\/fr\/produit\/osteo-glycan-foran-s-r-2\/#breadcrumb\",\"itemListElement\":[{\"@type\":\"ListItem\",\"position\":1,\"name\":\"Accueil\",\"item\":\"https:\/\/la-cabrade.be\/\"},{\"@type\":\"ListItem\",\"position\":2,\"name\":\"Boutique\",\"item\":\"https:\/\/la-cabrade.be\/fr\/boutique\/\"},{\"@type\":\"ListItem\",\"position\":3,\"name\":\"Osteo-glycan foran &#8211; s\/r\"}]},{\"@type\":\"WebSite\",\"@id\":\"https:\/\/la-cabrade.be\/#website\",\"url\":\"https:\/\/la-cabrade.be\/\",\"name\":\"La Cabrade\",\"description\":\"Sellerie en ligne et magasin d\u2019\u00e9quitation \u00e0 Fl\u00e9ron, Li\u00e8ge\",\"publisher\":{\"@id\":\"https:\/\/la-cabrade.be\/#organization\"},\"potentialAction\":[{\"@type\":\"SearchAction\",\"target\":{\"@type\":\"EntryPoint\",\"urlTemplate\":\"https:\/\/la-cabrade.be\/?s={search_term_string}\"},\"query-input\":{\"@type\":\"PropertyValueSpecification\",\"valueRequired\":true,\"valueName\":\"search_term_string\"}}],\"inLanguage\":\"nl-BE\"},{\"@type\":\"Organization\",\"@id\":\"https:\/\/la-cabrade.be\/#organization\",\"name\":\"La Cabrade\",\"url\":\"https:\/\/la-cabrade.be\/\",\"logo\":{\"@type\":\"ImageObject\",\"inLanguage\":\"nl-BE\",\"@id\":\"https:\/\/la-cabrade.be\/#\/schema\/logo\/image\/\",\"url\":\"https:\/\/la-cabrade.be\/wp-content\/uploads\/2020\/04\/La-Cabrade_logo.svg\",\"contentUrl\":\"https:\/\/la-cabrade.be\/wp-content\/uploads\/2020\/04\/La-Cabrade_logo.svg\",\"width\":900,\"height\":320,\"caption\":\"La Cabrade\"},\"image\":{\"@id\":\"https:\/\/la-cabrade.be\/#\/schema\/logo\/image\/\"}}]}<\/script>\n<!-- \/ Yoast SEO plugin. -->","yoast_head_json":{"title":"Osteo-glycan foran - s\/r - La Cabrade","description":"Achetez Osteo-glycan foran - s\/r au meilleur prix. Livraison rapide. Dans votre magasin d'\u00e9quitation en ligne Sellerie La Cabrade","robots":{"index":"index","follow":"follow","max-snippet":"max-snippet:-1","max-image-preview":"max-image-preview:large","max-video-preview":"max-video-preview:-1"},"canonical":"https:\/\/la-cabrade.be\/nl\/product\/osteoglycaan-vooran-s-r-2\/","og_locale":"nl_BE","og_type":"article","og_title":"Osteo-glycan foran - s\/r - La Cabrade","og_description":"Achetez Osteo-glycan foran - s\/r au meilleur prix. Livraison rapide. Dans votre magasin d'\u00e9quitation en ligne Sellerie La Cabrade","og_url":"https:\/\/la-cabrade.be\/nl\/product\/osteoglycaan-vooran-s-r-2\/","og_site_name":"La Cabrade","article_modified_time":"2026-03-20T16:25:21+00:00","og_image":[{"width":700,"height":700,"url":"https:\/\/la-cabrade.be\/wp-content\/uploads\/2023\/11\/OSTEO-GLYCAN-FORAN-SR_Systeme-locomoteur_12603_1-1.jpeg","type":"image\/jpeg"}],"schema":{"@context":"https:\/\/schema.org","@graph":[{"@type":"WebPage","@id":"https:\/\/la-cabrade.be\/fr\/produit\/osteo-glycan-foran-s-r-2\/","url":"https:\/\/la-cabrade.be\/fr\/produit\/osteo-glycan-foran-s-r-2\/","name":"Osteo-glycan foran - s\/r - La Cabrade","isPartOf":{"@id":"https:\/\/la-cabrade.be\/#website"},"primaryImageOfPage":{"@id":"https:\/\/la-cabrade.be\/fr\/produit\/osteo-glycan-foran-s-r-2\/#primaryimage"},"image":{"@id":"https:\/\/la-cabrade.be\/fr\/produit\/osteo-glycan-foran-s-r-2\/#primaryimage"},"thumbnailUrl":"https:\/\/la-cabrade.be\/wp-content\/uploads\/2023\/11\/OSTEO-GLYCAN-FORAN-SR_Systeme-locomoteur_12603_1-1.jpeg","datePublished":"2023-08-03T16:00:52+00:00","dateModified":"2026-03-20T16:25:21+00:00","description":"Achetez Osteo-glycan foran - s\/r au meilleur prix. Livraison rapide. Dans votre magasin d'\u00e9quitation en ligne Sellerie La Cabrade","breadcrumb":{"@id":"https:\/\/la-cabrade.be\/fr\/produit\/osteo-glycan-foran-s-r-2\/#breadcrumb"},"inLanguage":"nl-BE","potentialAction":[{"@type":"ReadAction","target":["https:\/\/la-cabrade.be\/fr\/produit\/osteo-glycan-foran-s-r-2\/"]}]},{"@type":"ImageObject","inLanguage":"nl-BE","@id":"https:\/\/la-cabrade.be\/fr\/produit\/osteo-glycan-foran-s-r-2\/#primaryimage","url":"https:\/\/la-cabrade.be\/wp-content\/uploads\/2023\/11\/OSTEO-GLYCAN-FORAN-SR_Systeme-locomoteur_12603_1-1.jpeg","contentUrl":"https:\/\/la-cabrade.be\/wp-content\/uploads\/2023\/11\/OSTEO-GLYCAN-FORAN-SR_Systeme-locomoteur_12603_1-1.jpeg","width":700,"height":700,"caption":"OSTEO GLYCAN FORAN SR Systeme locomoteur 12603 1.jpeg"},{"@type":"BreadcrumbList","@id":"https:\/\/la-cabrade.be\/fr\/produit\/osteo-glycan-foran-s-r-2\/#breadcrumb","itemListElement":[{"@type":"ListItem","position":1,"name":"Accueil","item":"https:\/\/la-cabrade.be\/"},{"@type":"ListItem","position":2,"name":"Boutique","item":"https:\/\/la-cabrade.be\/fr\/boutique\/"},{"@type":"ListItem","position":3,"name":"Osteo-glycan foran &#8211; s\/r"}]},{"@type":"WebSite","@id":"https:\/\/la-cabrade.be\/#website","url":"https:\/\/la-cabrade.be\/","name":"La Cabrade","description":"Sellerie en ligne et magasin d\u2019\u00e9quitation \u00e0 Fl\u00e9ron, Li\u00e8ge","publisher":{"@id":"https:\/\/la-cabrade.be\/#organization"},"potentialAction":[{"@type":"SearchAction","target":{"@type":"EntryPoint","urlTemplate":"https:\/\/la-cabrade.be\/?s={search_term_string}"},"query-input":{"@type":"PropertyValueSpecification","valueRequired":true,"valueName":"search_term_string"}}],"inLanguage":"nl-BE"},{"@type":"Organization","@id":"https:\/\/la-cabrade.be\/#organization","name":"La Cabrade","url":"https:\/\/la-cabrade.be\/","logo":{"@type":"ImageObject","inLanguage":"nl-BE","@id":"https:\/\/la-cabrade.be\/#\/schema\/logo\/image\/","url":"https:\/\/la-cabrade.be\/wp-content\/uploads\/2020\/04\/La-Cabrade_logo.svg","contentUrl":"https:\/\/la-cabrade.be\/wp-content\/uploads\/2020\/04\/La-Cabrade_logo.svg","width":900,"height":320,"caption":"La Cabrade"},"image":{"@id":"https:\/\/la-cabrade.be\/#\/schema\/logo\/image\/"}}]}},"brands":[{"id":597,"name":"Foran","slug":"foran"}],"_links":{"self":[{"href":"https:\/\/la-cabrade.be\/nl\/wp-json\/wp\/v2\/product\/9549","targetHints":{"allow":["GET"]}}],"collection":[{"href":"https:\/\/la-cabrade.be\/nl\/wp-json\/wp\/v2\/product"}],"about":[{"href":"https:\/\/la-cabrade.be\/nl\/wp-json\/wp\/v2\/types\/product"}],"wp:featuredmedia":[{"embeddable":true,"href":"https:\/\/la-cabrade.be\/nl\/wp-json\/wp\/v2\/media\/31421"}],"wp:attachment":[{"href":"https:\/\/la-cabrade.be\/nl\/wp-json\/wp\/v2\/media?parent=9549"}],"wp:term":[{"taxonomy":"pwb-brand","embeddable":true,"href":"https:\/\/la-cabrade.be\/nl\/wp-json\/wp\/v2\/pwb-brand?post=9549"},{"taxonomy":"product_brand","embeddable":true,"href":"https:\/\/la-cabrade.be\/nl\/wp-json\/wp\/v2\/product_brand?post=9549"},{"taxonomy":"product_cat","embeddable":true,"href":"https:\/\/la-cabrade.be\/nl\/wp-json\/wp\/v2\/product_cat?post=9549"},{"taxonomy":"product_tag","embeddable":true,"href":"https:\/\/la-cabrade.be\/nl\/wp-json\/wp\/v2\/product_tag?post=9549"},{"taxonomy":"giftcard-category","embeddable":true,"href":"https:\/\/la-cabrade.be\/nl\/wp-json\/wp\/v2\/giftcard-category?post=9549"}],"curies":[{"name":"wp","href":"https:\/\/api.w.org\/{rel}","templated":true}]}}