{"id":8940,"date":"2023-08-03T07:59:43","date_gmt":"2023-08-03T06:59:43","guid":{"rendered":"https:\/\/la-cabrade.be\/fr\/produit\/masque-anti-mouche-half-gladiator\/"},"modified":"2026-03-20T17:08:06","modified_gmt":"2026-03-20T16:08:06","slug":"masque-anti-mouche-half-gladiator","status":"publish","type":"product","link":"https:\/\/la-cabrade.be\/nl\/product\/half-gladiator-vliegenmasker\/","title":{"rendered":"Half gladiator vliegenmasker"},"content":{"rendered":"<p>MASQUE ANTI-MOUCHE HALF GLADIATOR<\/p>\n<p>Demi-masque Gladiator (Oreilles seulement)<br \/>\nLe nec plus ultra en mati\u00e8re de protection contre les mouches, les masques anti-mouches LeMieux Gladiator sont tr\u00e8s r\u00e9sistants et durables tout en offrant un confort total \u00e0 votre cheval.<br \/>\nLa maille noire de protection contre les UV est ultra r\u00e9sistante, ce qui rend ce masque parfait pour le travail au sol, et la couleur sombre bloque les rayons UV nocifs.<br \/>\nUn ajustement g\u00e9n\u00e9reux au-dessus des pinces oculaires qui donnent une distance sur le visage, ainsi que des bandes de doublure en bambou doux et respirant sur le front et le nez aident \u00e0 pr\u00e9venir les frottements et \u00e0 assurer le d\u00e9gagement des yeux.<br \/>\nL&#8217;empeigne grise en 3D Carbon Mesh permet \u00e0 l&rsquo;air de circuler librement pour garder votre cheval au frais. La t\u00eati\u00e8re et la courroie de gorge \u00e9lastiqu\u00e9es permettent un ajustement ferme. La fente d&rsquo;entr\u00e9e offre un confort et une s\u00e9curit\u00e9 accrus.<br \/>\nLes oreilles en maille respirante \u00e9vitent les irritations dues aux mouches et aux moucherons.<\/p>","protected":false},"excerpt":{"rendered":"<p>MASQUE ANTI-MOUCHE HALF GLADIATOR Demi-masque Gladiator (Oreilles seulement) Le nec plus ultra en mati\u00e8re de protection contre les mouches, les masques anti-mouches LeMieux Gladiator sont tr\u00e8s r\u00e9sistants et durables tout en offrant un confort total \u00e0 votre cheval. La maille noire de protection contre les UV est ultra r\u00e9sistante, ce qui rend ce masque parfait [&hellip;]<\/p>","protected":false},"featured_media":30109,"template":"","meta":[],"pwb-brand":[619],"product_brand":[],"product_cat":[783],"product_tag":[],"giftcard-category":[],"class_list":{"0":"post-8940","1":"product","2":"type-product","3":"status-publish","4":"has-post-thumbnail","6":"pwb-brand-le-mieux","7":"product_cat-masques-et-franges","9":"first","10":"outofstock","11":"taxable","12":"shipping-taxable","13":"purchasable","14":"product-type-variable","15":"has-default-attributes"},"yoast_head":"<!-- This site is optimized with the Yoast SEO plugin v25.3.1 - https:\/\/yoast.com\/wordpress\/plugins\/seo\/ -->\n<title>Masque anti-mouche half gladiator - La Cabrade<\/title>\n<meta name=\"description\" content=\"Achetez Masque anti-mouche half gladiator au meilleur prix. Livraison rapide. Dans votre magasin d&#039;\u00e9quitation en ligne Sellerie La Cabrade\" \/>\n<meta name=\"robots\" content=\"index, follow, max-snippet:-1, max-image-preview:large, max-video-preview:-1\" \/>\n<link rel=\"canonical\" href=\"https:\/\/la-cabrade.be\/nl\/product\/half-gladiator-vliegenmasker\/\" \/>\n<meta property=\"og:locale\" content=\"nl_BE\" \/>\n<meta property=\"og:type\" content=\"article\" \/>\n<meta property=\"og:title\" content=\"Masque anti-mouche half gladiator - La Cabrade\" \/>\n<meta property=\"og:description\" content=\"Achetez Masque anti-mouche half gladiator au meilleur prix. Livraison rapide. Dans votre magasin d&#039;\u00e9quitation en ligne Sellerie La Cabrade\" \/>\n<meta property=\"og:url\" content=\"https:\/\/la-cabrade.be\/nl\/product\/half-gladiator-vliegenmasker\/\" \/>\n<meta property=\"og:site_name\" content=\"La Cabrade\" \/>\n<meta property=\"article:modified_time\" content=\"2026-03-20T16:08:06+00:00\" \/>\n<meta property=\"og:image\" content=\"https:\/\/la-cabrade.be\/wp-content\/uploads\/2023\/11\/MASQUE-ANTI-MOUCHE-HALF-GLADIATOR_Masques-et-franges_16336_1-1.jpeg\" \/>\n\t<meta property=\"og:image:width\" content=\"700\" \/>\n\t<meta property=\"og:image:height\" content=\"700\" \/>\n\t<meta property=\"og:image:type\" content=\"image\/jpeg\" \/>\n<meta name=\"twitter:label1\" content=\"Geschatte leestijd\" \/>\n\t<meta name=\"twitter:data1\" content=\"1 minuut\" \/>\n<script type=\"application\/ld+json\" class=\"yoast-schema-graph\">{\"@context\":\"https:\/\/schema.org\",\"@graph\":[{\"@type\":\"WebPage\",\"@id\":\"https:\/\/la-cabrade.be\/produit\/masque-anti-mouche-half-gladiator\/\",\"url\":\"https:\/\/la-cabrade.be\/produit\/masque-anti-mouche-half-gladiator\/\",\"name\":\"Masque anti-mouche half gladiator - La Cabrade\",\"isPartOf\":{\"@id\":\"https:\/\/la-cabrade.be\/#website\"},\"primaryImageOfPage\":{\"@id\":\"https:\/\/la-cabrade.be\/produit\/masque-anti-mouche-half-gladiator\/#primaryimage\"},\"image\":{\"@id\":\"https:\/\/la-cabrade.be\/produit\/masque-anti-mouche-half-gladiator\/#primaryimage\"},\"thumbnailUrl\":\"https:\/\/la-cabrade.be\/wp-content\/uploads\/2023\/11\/MASQUE-ANTI-MOUCHE-HALF-GLADIATOR_Masques-et-franges_16336_1-1.jpeg\",\"datePublished\":\"2023-08-03T06:59:43+00:00\",\"dateModified\":\"2026-03-20T16:08:06+00:00\",\"description\":\"Achetez Masque anti-mouche half gladiator au meilleur prix. Livraison rapide. Dans votre magasin d'\u00e9quitation en ligne Sellerie La Cabrade\",\"breadcrumb\":{\"@id\":\"https:\/\/la-cabrade.be\/produit\/masque-anti-mouche-half-gladiator\/#breadcrumb\"},\"inLanguage\":\"nl-BE\",\"potentialAction\":[{\"@type\":\"ReadAction\",\"target\":[\"https:\/\/la-cabrade.be\/produit\/masque-anti-mouche-half-gladiator\/\"]}]},{\"@type\":\"ImageObject\",\"inLanguage\":\"nl-BE\",\"@id\":\"https:\/\/la-cabrade.be\/produit\/masque-anti-mouche-half-gladiator\/#primaryimage\",\"url\":\"https:\/\/la-cabrade.be\/wp-content\/uploads\/2023\/11\/MASQUE-ANTI-MOUCHE-HALF-GLADIATOR_Masques-et-franges_16336_1-1.jpeg\",\"contentUrl\":\"https:\/\/la-cabrade.be\/wp-content\/uploads\/2023\/11\/MASQUE-ANTI-MOUCHE-HALF-GLADIATOR_Masques-et-franges_16336_1-1.jpeg\",\"width\":700,\"height\":700,\"caption\":\"MASQUE ANTI MOUCHE HALF GLADIATOR Masques et franges 16336 1.jpeg\"},{\"@type\":\"BreadcrumbList\",\"@id\":\"https:\/\/la-cabrade.be\/produit\/masque-anti-mouche-half-gladiator\/#breadcrumb\",\"itemListElement\":[{\"@type\":\"ListItem\",\"position\":1,\"name\":\"Accueil\",\"item\":\"https:\/\/la-cabrade.be\/\"},{\"@type\":\"ListItem\",\"position\":2,\"name\":\"Boutique\",\"item\":\"https:\/\/la-cabrade.be\/fr\/boutique\/\"},{\"@type\":\"ListItem\",\"position\":3,\"name\":\"Masque anti-mouche half gladiator\"}]},{\"@type\":\"WebSite\",\"@id\":\"https:\/\/la-cabrade.be\/#website\",\"url\":\"https:\/\/la-cabrade.be\/\",\"name\":\"La Cabrade\",\"description\":\"Sellerie en ligne et magasin d\u2019\u00e9quitation \u00e0 Fl\u00e9ron, Li\u00e8ge\",\"publisher\":{\"@id\":\"https:\/\/la-cabrade.be\/#organization\"},\"potentialAction\":[{\"@type\":\"SearchAction\",\"target\":{\"@type\":\"EntryPoint\",\"urlTemplate\":\"https:\/\/la-cabrade.be\/?s={search_term_string}\"},\"query-input\":{\"@type\":\"PropertyValueSpecification\",\"valueRequired\":true,\"valueName\":\"search_term_string\"}}],\"inLanguage\":\"nl-BE\"},{\"@type\":\"Organization\",\"@id\":\"https:\/\/la-cabrade.be\/#organization\",\"name\":\"La Cabrade\",\"url\":\"https:\/\/la-cabrade.be\/\",\"logo\":{\"@type\":\"ImageObject\",\"inLanguage\":\"nl-BE\",\"@id\":\"https:\/\/la-cabrade.be\/#\/schema\/logo\/image\/\",\"url\":\"https:\/\/la-cabrade.be\/wp-content\/uploads\/2020\/04\/La-Cabrade_logo.svg\",\"contentUrl\":\"https:\/\/la-cabrade.be\/wp-content\/uploads\/2020\/04\/La-Cabrade_logo.svg\",\"width\":900,\"height\":320,\"caption\":\"La Cabrade\"},\"image\":{\"@id\":\"https:\/\/la-cabrade.be\/#\/schema\/logo\/image\/\"}}]}<\/script>\n<!-- \/ Yoast SEO plugin. -->","yoast_head_json":{"title":"Masque anti-mouche half gladiator - La Cabrade","description":"Achetez Masque anti-mouche half gladiator au meilleur prix. Livraison rapide. Dans votre magasin d'\u00e9quitation en ligne Sellerie La Cabrade","robots":{"index":"index","follow":"follow","max-snippet":"max-snippet:-1","max-image-preview":"max-image-preview:large","max-video-preview":"max-video-preview:-1"},"canonical":"https:\/\/la-cabrade.be\/nl\/product\/half-gladiator-vliegenmasker\/","og_locale":"nl_BE","og_type":"article","og_title":"Masque anti-mouche half gladiator - La Cabrade","og_description":"Achetez Masque anti-mouche half gladiator au meilleur prix. Livraison rapide. Dans votre magasin d'\u00e9quitation en ligne Sellerie La Cabrade","og_url":"https:\/\/la-cabrade.be\/nl\/product\/half-gladiator-vliegenmasker\/","og_site_name":"La Cabrade","article_modified_time":"2026-03-20T16:08:06+00:00","og_image":[{"width":700,"height":700,"url":"https:\/\/la-cabrade.be\/wp-content\/uploads\/2023\/11\/MASQUE-ANTI-MOUCHE-HALF-GLADIATOR_Masques-et-franges_16336_1-1.jpeg","type":"image\/jpeg"}],"twitter_misc":{"Geschatte leestijd":"1 minuut"},"schema":{"@context":"https:\/\/schema.org","@graph":[{"@type":"WebPage","@id":"https:\/\/la-cabrade.be\/produit\/masque-anti-mouche-half-gladiator\/","url":"https:\/\/la-cabrade.be\/produit\/masque-anti-mouche-half-gladiator\/","name":"Masque anti-mouche half gladiator - La Cabrade","isPartOf":{"@id":"https:\/\/la-cabrade.be\/#website"},"primaryImageOfPage":{"@id":"https:\/\/la-cabrade.be\/produit\/masque-anti-mouche-half-gladiator\/#primaryimage"},"image":{"@id":"https:\/\/la-cabrade.be\/produit\/masque-anti-mouche-half-gladiator\/#primaryimage"},"thumbnailUrl":"https:\/\/la-cabrade.be\/wp-content\/uploads\/2023\/11\/MASQUE-ANTI-MOUCHE-HALF-GLADIATOR_Masques-et-franges_16336_1-1.jpeg","datePublished":"2023-08-03T06:59:43+00:00","dateModified":"2026-03-20T16:08:06+00:00","description":"Achetez Masque anti-mouche half gladiator au meilleur prix. Livraison rapide. Dans votre magasin d'\u00e9quitation en ligne Sellerie La Cabrade","breadcrumb":{"@id":"https:\/\/la-cabrade.be\/produit\/masque-anti-mouche-half-gladiator\/#breadcrumb"},"inLanguage":"nl-BE","potentialAction":[{"@type":"ReadAction","target":["https:\/\/la-cabrade.be\/produit\/masque-anti-mouche-half-gladiator\/"]}]},{"@type":"ImageObject","inLanguage":"nl-BE","@id":"https:\/\/la-cabrade.be\/produit\/masque-anti-mouche-half-gladiator\/#primaryimage","url":"https:\/\/la-cabrade.be\/wp-content\/uploads\/2023\/11\/MASQUE-ANTI-MOUCHE-HALF-GLADIATOR_Masques-et-franges_16336_1-1.jpeg","contentUrl":"https:\/\/la-cabrade.be\/wp-content\/uploads\/2023\/11\/MASQUE-ANTI-MOUCHE-HALF-GLADIATOR_Masques-et-franges_16336_1-1.jpeg","width":700,"height":700,"caption":"MASQUE ANTI MOUCHE HALF GLADIATOR Masques et franges 16336 1.jpeg"},{"@type":"BreadcrumbList","@id":"https:\/\/la-cabrade.be\/produit\/masque-anti-mouche-half-gladiator\/#breadcrumb","itemListElement":[{"@type":"ListItem","position":1,"name":"Accueil","item":"https:\/\/la-cabrade.be\/"},{"@type":"ListItem","position":2,"name":"Boutique","item":"https:\/\/la-cabrade.be\/fr\/boutique\/"},{"@type":"ListItem","position":3,"name":"Masque anti-mouche half gladiator"}]},{"@type":"WebSite","@id":"https:\/\/la-cabrade.be\/#website","url":"https:\/\/la-cabrade.be\/","name":"La Cabrade","description":"Sellerie en ligne et magasin d\u2019\u00e9quitation \u00e0 Fl\u00e9ron, Li\u00e8ge","publisher":{"@id":"https:\/\/la-cabrade.be\/#organization"},"potentialAction":[{"@type":"SearchAction","target":{"@type":"EntryPoint","urlTemplate":"https:\/\/la-cabrade.be\/?s={search_term_string}"},"query-input":{"@type":"PropertyValueSpecification","valueRequired":true,"valueName":"search_term_string"}}],"inLanguage":"nl-BE"},{"@type":"Organization","@id":"https:\/\/la-cabrade.be\/#organization","name":"La Cabrade","url":"https:\/\/la-cabrade.be\/","logo":{"@type":"ImageObject","inLanguage":"nl-BE","@id":"https:\/\/la-cabrade.be\/#\/schema\/logo\/image\/","url":"https:\/\/la-cabrade.be\/wp-content\/uploads\/2020\/04\/La-Cabrade_logo.svg","contentUrl":"https:\/\/la-cabrade.be\/wp-content\/uploads\/2020\/04\/La-Cabrade_logo.svg","width":900,"height":320,"caption":"La Cabrade"},"image":{"@id":"https:\/\/la-cabrade.be\/#\/schema\/logo\/image\/"}}]}},"brands":[{"id":619,"name":"Le Mieux","slug":"le-mieux"}],"_links":{"self":[{"href":"https:\/\/la-cabrade.be\/nl\/wp-json\/wp\/v2\/product\/8940","targetHints":{"allow":["GET"]}}],"collection":[{"href":"https:\/\/la-cabrade.be\/nl\/wp-json\/wp\/v2\/product"}],"about":[{"href":"https:\/\/la-cabrade.be\/nl\/wp-json\/wp\/v2\/types\/product"}],"wp:featuredmedia":[{"embeddable":true,"href":"https:\/\/la-cabrade.be\/nl\/wp-json\/wp\/v2\/media\/30109"}],"wp:attachment":[{"href":"https:\/\/la-cabrade.be\/nl\/wp-json\/wp\/v2\/media?parent=8940"}],"wp:term":[{"taxonomy":"pwb-brand","embeddable":true,"href":"https:\/\/la-cabrade.be\/nl\/wp-json\/wp\/v2\/pwb-brand?post=8940"},{"taxonomy":"product_brand","embeddable":true,"href":"https:\/\/la-cabrade.be\/nl\/wp-json\/wp\/v2\/product_brand?post=8940"},{"taxonomy":"product_cat","embeddable":true,"href":"https:\/\/la-cabrade.be\/nl\/wp-json\/wp\/v2\/product_cat?post=8940"},{"taxonomy":"product_tag","embeddable":true,"href":"https:\/\/la-cabrade.be\/nl\/wp-json\/wp\/v2\/product_tag?post=8940"},{"taxonomy":"giftcard-category","embeddable":true,"href":"https:\/\/la-cabrade.be\/nl\/wp-json\/wp\/v2\/giftcard-category?post=8940"}],"curies":[{"name":"wp","href":"https:\/\/api.w.org\/{rel}","templated":true}]}}