{"id":7928,"date":"2023-08-02T17:38:45","date_gmt":"2023-08-02T16:38:45","guid":{"rendered":"https:\/\/la-cabrade.be\/fr\/produit\/horse-bib-protection-garrot-mouton-kentucky\/"},"modified":"2025-12-10T03:34:28","modified_gmt":"2025-12-10T02:34:28","slug":"horse-bib-protection-garrot-mouton-kentucky","status":"publish","type":"product","link":"https:\/\/la-cabrade.be\/nl\/product\/paarden-slabbetje-bescherming-garrot-mouton-kentucky\/","title":{"rendered":"Paard schoftbeschermer kentucky"},"content":{"rendered":"<p>De Sheepskin Withers Protection Horse Bib is ideaal om je paard te beschermen tegen wrijving veroorzaakt door dekens. Hij bestaat uit \u00e9\u00e9n stuk en kan in twee\u00ebn gevouwen worden zodat hij over de bovenkant van de deken past ter hoogte van de schoft. De schapenvachtkant wordt tegen de schoft van het paard gelegd voor maximaal comfort.<\/p>\n<p>Dankzij de anatomische vorm blijft hij op zijn plaats zitten zonder dat er een andere bevestiging nodig is. Het kan daarom worden gebruikt in de stal of tijdens transport. Het is gemaakt van traagschuim, is zeer comfortabel voor het paard en past zich aan alle lichaamsvormen aan.<\/p>\n<p>De hoes past gemakkelijk over elke deken.<\/p>\n<p>Machinewasbaar op 30 graden, geen wasdroger.<\/p>\n<p>* Beschermt de schoft<br \/>\n* Blijft zitten zonder bevestigingsmiddelen<br \/>\n* Vormgeheugen<br \/>\n* Past zich aan alle hoezen aan<\/p>\n<p>Catalogusnummer: 52214<\/p>","protected":false},"excerpt":{"rendered":"<p>Le Horse Bib Protection de Garrot en mouton est id\u00e9al pour prot\u00e9ger votre cheval des frottements caus\u00e9s par les couvertures. Fabriqu\u00e9 en une seule pi\u00e8ce, il se pliera en deux pour venir se poser sur le dessus de la couverture au niveau du garrot. Le c\u00f4t\u00e9 en mouton sera donc plac\u00e9 contre le garrot du [&hellip;]<\/p>","protected":false},"featured_media":27823,"template":"","meta":[],"pwb-brand":[614],"product_brand":[],"product_cat":[683],"product_tag":[],"giftcard-category":[],"class_list":{"0":"post-7928","1":"product","2":"type-product","3":"status-publish","4":"has-post-thumbnail","6":"pwb-brand-kentucky","7":"product_cat-accessoires-de-couvertures","9":"first","10":"outofstock","11":"taxable","12":"shipping-taxable","13":"purchasable","14":"product-type-variable","15":"has-default-attributes"},"yoast_head":"<!-- This site is optimized with the Yoast SEO plugin v25.3.1 - https:\/\/yoast.com\/wordpress\/plugins\/seo\/ -->\n<title>Horse bib protection garrot mouton kentucky - La Cabrade<\/title>\n<meta name=\"description\" content=\"Achetez Horse bib protection garrot mouton kentucky au meilleur prix. Livraison rapide. Dans votre magasin d&#039;\u00e9quitation en ligne Sellerie La Cabrade\" \/>\n<meta name=\"robots\" content=\"index, follow, max-snippet:-1, max-image-preview:large, max-video-preview:-1\" \/>\n<link rel=\"canonical\" href=\"https:\/\/la-cabrade.be\/nl\/product\/paarden-slabbetje-bescherming-garrot-mouton-kentucky\/\" \/>\n<meta property=\"og:locale\" content=\"nl_BE\" \/>\n<meta property=\"og:type\" content=\"article\" \/>\n<meta property=\"og:title\" content=\"Horse bib protection garrot mouton kentucky - La Cabrade\" \/>\n<meta property=\"og:description\" content=\"Achetez Horse bib protection garrot mouton kentucky au meilleur prix. Livraison rapide. Dans votre magasin d&#039;\u00e9quitation en ligne Sellerie La Cabrade\" \/>\n<meta property=\"og:url\" content=\"https:\/\/la-cabrade.be\/nl\/product\/paarden-slabbetje-bescherming-garrot-mouton-kentucky\/\" \/>\n<meta property=\"og:site_name\" content=\"La Cabrade\" \/>\n<meta property=\"article:modified_time\" content=\"2025-12-10T02:34:28+00:00\" \/>\n<meta property=\"og:image\" content=\"https:\/\/la-cabrade.be\/wp-content\/uploads\/2023\/11\/HORSE-BIB-PROTECTION-GARROT-MOUTON-KENTUCKY_Accessoires-de-couvertures_16448_1.jpeg\" \/>\n\t<meta property=\"og:image:width\" content=\"700\" \/>\n\t<meta property=\"og:image:height\" content=\"700\" \/>\n\t<meta property=\"og:image:type\" content=\"image\/jpeg\" \/>\n<meta name=\"twitter:label1\" content=\"Geschatte leestijd\" \/>\n\t<meta name=\"twitter:data1\" content=\"1 minuut\" \/>\n<script type=\"application\/ld+json\" class=\"yoast-schema-graph\">{\"@context\":\"https:\/\/schema.org\",\"@graph\":[{\"@type\":\"WebPage\",\"@id\":\"https:\/\/la-cabrade.be\/fr\/produit\/horse-bib-protection-garrot-mouton-kentucky\/\",\"url\":\"https:\/\/la-cabrade.be\/fr\/produit\/horse-bib-protection-garrot-mouton-kentucky\/\",\"name\":\"Horse bib protection garrot mouton kentucky - La Cabrade\",\"isPartOf\":{\"@id\":\"https:\/\/la-cabrade.be\/#website\"},\"primaryImageOfPage\":{\"@id\":\"https:\/\/la-cabrade.be\/fr\/produit\/horse-bib-protection-garrot-mouton-kentucky\/#primaryimage\"},\"image\":{\"@id\":\"https:\/\/la-cabrade.be\/fr\/produit\/horse-bib-protection-garrot-mouton-kentucky\/#primaryimage\"},\"thumbnailUrl\":\"https:\/\/la-cabrade.be\/wp-content\/uploads\/2023\/11\/HORSE-BIB-PROTECTION-GARROT-MOUTON-KENTUCKY_Accessoires-de-couvertures_16448_1.jpeg\",\"datePublished\":\"2023-08-02T16:38:45+00:00\",\"dateModified\":\"2025-12-10T02:34:28+00:00\",\"description\":\"Achetez Horse bib protection garrot mouton kentucky au meilleur prix. Livraison rapide. Dans votre magasin d'\u00e9quitation en ligne Sellerie La Cabrade\",\"breadcrumb\":{\"@id\":\"https:\/\/la-cabrade.be\/fr\/produit\/horse-bib-protection-garrot-mouton-kentucky\/#breadcrumb\"},\"inLanguage\":\"nl-BE\",\"potentialAction\":[{\"@type\":\"ReadAction\",\"target\":[\"https:\/\/la-cabrade.be\/fr\/produit\/horse-bib-protection-garrot-mouton-kentucky\/\"]}]},{\"@type\":\"ImageObject\",\"inLanguage\":\"nl-BE\",\"@id\":\"https:\/\/la-cabrade.be\/fr\/produit\/horse-bib-protection-garrot-mouton-kentucky\/#primaryimage\",\"url\":\"https:\/\/la-cabrade.be\/wp-content\/uploads\/2023\/11\/HORSE-BIB-PROTECTION-GARROT-MOUTON-KENTUCKY_Accessoires-de-couvertures_16448_1.jpeg\",\"contentUrl\":\"https:\/\/la-cabrade.be\/wp-content\/uploads\/2023\/11\/HORSE-BIB-PROTECTION-GARROT-MOUTON-KENTUCKY_Accessoires-de-couvertures_16448_1.jpeg\",\"width\":700,\"height\":700,\"caption\":\"HORSE BIB PROTECTION GARROT MOUTON KENTUCKY Accessoires de couvertures 16448 1.jpeg\"},{\"@type\":\"BreadcrumbList\",\"@id\":\"https:\/\/la-cabrade.be\/fr\/produit\/horse-bib-protection-garrot-mouton-kentucky\/#breadcrumb\",\"itemListElement\":[{\"@type\":\"ListItem\",\"position\":1,\"name\":\"Accueil\",\"item\":\"https:\/\/la-cabrade.be\/\"},{\"@type\":\"ListItem\",\"position\":2,\"name\":\"Boutique\",\"item\":\"https:\/\/la-cabrade.be\/fr\/boutique\/\"},{\"@type\":\"ListItem\",\"position\":3,\"name\":\"Horse bib protection garrot mouton kentucky\"}]},{\"@type\":\"WebSite\",\"@id\":\"https:\/\/la-cabrade.be\/#website\",\"url\":\"https:\/\/la-cabrade.be\/\",\"name\":\"La Cabrade\",\"description\":\"Sellerie en ligne et magasin d\u2019\u00e9quitation \u00e0 Fl\u00e9ron, Li\u00e8ge\",\"publisher\":{\"@id\":\"https:\/\/la-cabrade.be\/#organization\"},\"potentialAction\":[{\"@type\":\"SearchAction\",\"target\":{\"@type\":\"EntryPoint\",\"urlTemplate\":\"https:\/\/la-cabrade.be\/?s={search_term_string}\"},\"query-input\":{\"@type\":\"PropertyValueSpecification\",\"valueRequired\":true,\"valueName\":\"search_term_string\"}}],\"inLanguage\":\"nl-BE\"},{\"@type\":\"Organization\",\"@id\":\"https:\/\/la-cabrade.be\/#organization\",\"name\":\"La Cabrade\",\"url\":\"https:\/\/la-cabrade.be\/\",\"logo\":{\"@type\":\"ImageObject\",\"inLanguage\":\"nl-BE\",\"@id\":\"https:\/\/la-cabrade.be\/#\/schema\/logo\/image\/\",\"url\":\"https:\/\/la-cabrade.be\/wp-content\/uploads\/2020\/04\/La-Cabrade_logo.svg\",\"contentUrl\":\"https:\/\/la-cabrade.be\/wp-content\/uploads\/2020\/04\/La-Cabrade_logo.svg\",\"width\":900,\"height\":320,\"caption\":\"La Cabrade\"},\"image\":{\"@id\":\"https:\/\/la-cabrade.be\/#\/schema\/logo\/image\/\"}}]}<\/script>\n<!-- \/ Yoast SEO plugin. -->","yoast_head_json":{"title":"Horse bib protection garrot mouton kentucky - La Cabrade","description":"Achetez Horse bib protection garrot mouton kentucky au meilleur prix. Livraison rapide. Dans votre magasin d'\u00e9quitation en ligne Sellerie La Cabrade","robots":{"index":"index","follow":"follow","max-snippet":"max-snippet:-1","max-image-preview":"max-image-preview:large","max-video-preview":"max-video-preview:-1"},"canonical":"https:\/\/la-cabrade.be\/nl\/product\/paarden-slabbetje-bescherming-garrot-mouton-kentucky\/","og_locale":"nl_BE","og_type":"article","og_title":"Horse bib protection garrot mouton kentucky - La Cabrade","og_description":"Achetez Horse bib protection garrot mouton kentucky au meilleur prix. Livraison rapide. Dans votre magasin d'\u00e9quitation en ligne Sellerie La Cabrade","og_url":"https:\/\/la-cabrade.be\/nl\/product\/paarden-slabbetje-bescherming-garrot-mouton-kentucky\/","og_site_name":"La Cabrade","article_modified_time":"2025-12-10T02:34:28+00:00","og_image":[{"width":700,"height":700,"url":"https:\/\/la-cabrade.be\/wp-content\/uploads\/2023\/11\/HORSE-BIB-PROTECTION-GARROT-MOUTON-KENTUCKY_Accessoires-de-couvertures_16448_1.jpeg","type":"image\/jpeg"}],"twitter_misc":{"Geschatte leestijd":"1 minuut"},"schema":{"@context":"https:\/\/schema.org","@graph":[{"@type":"WebPage","@id":"https:\/\/la-cabrade.be\/fr\/produit\/horse-bib-protection-garrot-mouton-kentucky\/","url":"https:\/\/la-cabrade.be\/fr\/produit\/horse-bib-protection-garrot-mouton-kentucky\/","name":"Horse bib protection garrot mouton kentucky - La Cabrade","isPartOf":{"@id":"https:\/\/la-cabrade.be\/#website"},"primaryImageOfPage":{"@id":"https:\/\/la-cabrade.be\/fr\/produit\/horse-bib-protection-garrot-mouton-kentucky\/#primaryimage"},"image":{"@id":"https:\/\/la-cabrade.be\/fr\/produit\/horse-bib-protection-garrot-mouton-kentucky\/#primaryimage"},"thumbnailUrl":"https:\/\/la-cabrade.be\/wp-content\/uploads\/2023\/11\/HORSE-BIB-PROTECTION-GARROT-MOUTON-KENTUCKY_Accessoires-de-couvertures_16448_1.jpeg","datePublished":"2023-08-02T16:38:45+00:00","dateModified":"2025-12-10T02:34:28+00:00","description":"Achetez Horse bib protection garrot mouton kentucky au meilleur prix. Livraison rapide. Dans votre magasin d'\u00e9quitation en ligne Sellerie La Cabrade","breadcrumb":{"@id":"https:\/\/la-cabrade.be\/fr\/produit\/horse-bib-protection-garrot-mouton-kentucky\/#breadcrumb"},"inLanguage":"nl-BE","potentialAction":[{"@type":"ReadAction","target":["https:\/\/la-cabrade.be\/fr\/produit\/horse-bib-protection-garrot-mouton-kentucky\/"]}]},{"@type":"ImageObject","inLanguage":"nl-BE","@id":"https:\/\/la-cabrade.be\/fr\/produit\/horse-bib-protection-garrot-mouton-kentucky\/#primaryimage","url":"https:\/\/la-cabrade.be\/wp-content\/uploads\/2023\/11\/HORSE-BIB-PROTECTION-GARROT-MOUTON-KENTUCKY_Accessoires-de-couvertures_16448_1.jpeg","contentUrl":"https:\/\/la-cabrade.be\/wp-content\/uploads\/2023\/11\/HORSE-BIB-PROTECTION-GARROT-MOUTON-KENTUCKY_Accessoires-de-couvertures_16448_1.jpeg","width":700,"height":700,"caption":"HORSE BIB PROTECTION GARROT MOUTON KENTUCKY Accessoires de couvertures 16448 1.jpeg"},{"@type":"BreadcrumbList","@id":"https:\/\/la-cabrade.be\/fr\/produit\/horse-bib-protection-garrot-mouton-kentucky\/#breadcrumb","itemListElement":[{"@type":"ListItem","position":1,"name":"Accueil","item":"https:\/\/la-cabrade.be\/"},{"@type":"ListItem","position":2,"name":"Boutique","item":"https:\/\/la-cabrade.be\/fr\/boutique\/"},{"@type":"ListItem","position":3,"name":"Horse bib protection garrot mouton kentucky"}]},{"@type":"WebSite","@id":"https:\/\/la-cabrade.be\/#website","url":"https:\/\/la-cabrade.be\/","name":"La Cabrade","description":"Sellerie en ligne et magasin d\u2019\u00e9quitation \u00e0 Fl\u00e9ron, Li\u00e8ge","publisher":{"@id":"https:\/\/la-cabrade.be\/#organization"},"potentialAction":[{"@type":"SearchAction","target":{"@type":"EntryPoint","urlTemplate":"https:\/\/la-cabrade.be\/?s={search_term_string}"},"query-input":{"@type":"PropertyValueSpecification","valueRequired":true,"valueName":"search_term_string"}}],"inLanguage":"nl-BE"},{"@type":"Organization","@id":"https:\/\/la-cabrade.be\/#organization","name":"La Cabrade","url":"https:\/\/la-cabrade.be\/","logo":{"@type":"ImageObject","inLanguage":"nl-BE","@id":"https:\/\/la-cabrade.be\/#\/schema\/logo\/image\/","url":"https:\/\/la-cabrade.be\/wp-content\/uploads\/2020\/04\/La-Cabrade_logo.svg","contentUrl":"https:\/\/la-cabrade.be\/wp-content\/uploads\/2020\/04\/La-Cabrade_logo.svg","width":900,"height":320,"caption":"La Cabrade"},"image":{"@id":"https:\/\/la-cabrade.be\/#\/schema\/logo\/image\/"}}]}},"brands":[{"id":614,"name":"Kentucky","slug":"kentucky"}],"_links":{"self":[{"href":"https:\/\/la-cabrade.be\/nl\/wp-json\/wp\/v2\/product\/7928","targetHints":{"allow":["GET"]}}],"collection":[{"href":"https:\/\/la-cabrade.be\/nl\/wp-json\/wp\/v2\/product"}],"about":[{"href":"https:\/\/la-cabrade.be\/nl\/wp-json\/wp\/v2\/types\/product"}],"wp:featuredmedia":[{"embeddable":true,"href":"https:\/\/la-cabrade.be\/nl\/wp-json\/wp\/v2\/media\/27823"}],"wp:attachment":[{"href":"https:\/\/la-cabrade.be\/nl\/wp-json\/wp\/v2\/media?parent=7928"}],"wp:term":[{"taxonomy":"pwb-brand","embeddable":true,"href":"https:\/\/la-cabrade.be\/nl\/wp-json\/wp\/v2\/pwb-brand?post=7928"},{"taxonomy":"product_brand","embeddable":true,"href":"https:\/\/la-cabrade.be\/nl\/wp-json\/wp\/v2\/product_brand?post=7928"},{"taxonomy":"product_cat","embeddable":true,"href":"https:\/\/la-cabrade.be\/nl\/wp-json\/wp\/v2\/product_cat?post=7928"},{"taxonomy":"product_tag","embeddable":true,"href":"https:\/\/la-cabrade.be\/nl\/wp-json\/wp\/v2\/product_tag?post=7928"},{"taxonomy":"giftcard-category","embeddable":true,"href":"https:\/\/la-cabrade.be\/nl\/wp-json\/wp\/v2\/giftcard-category?post=7928"}],"curies":[{"name":"wp","href":"https:\/\/api.w.org\/{rel}","templated":true}]}}