{"id":7813,"date":"2023-08-02T17:30:03","date_gmt":"2023-08-02T16:30:03","guid":{"rendered":"https:\/\/la-cabrade.be\/fr\/produit\/guetres-souples-3d-mesh-back-on-track\/"},"modified":"2025-03-27T01:39:00","modified_gmt":"2025-03-27T00:39:00","slug":"guetres-souples-3d-mesh-back-on-track","status":"publish","type":"product","link":"https:\/\/la-cabrade.be\/nl\/product\/3d-mesh-back-on-track-zachte-beenkappen\/","title":{"rendered":"3d mesh back on track zachte beschermers"},"content":{"rendered":"<p>GUETRES SOUPLES 3D MESH BACK ON TRACK<br \/>\n2080<\/p>\n<p>Ces gu\u00eatres \u00e9quip\u00e9es de fausse fourrure offrent une combinaison unique de protection, de qualit\u00e9 et de confort. Elles garantissent un rembourrage id\u00e9al absorbant les chocs. Les gu\u00eatres sont respirantes et s&rsquo;adaptent aux post\u00e9rieurs comme aux ant\u00e9rieurs.<\/p>","protected":false},"excerpt":{"rendered":"<p>GUETRES SOUPLES 3D MESH BACK ON TRACK 2080 Ces gu\u00eatres \u00e9quip\u00e9es de fausse fourrure offrent une combinaison unique de protection, de qualit\u00e9 et de confort. Elles garantissent un rembourrage id\u00e9al absorbant les chocs. Les gu\u00eatres sont respirantes et s&rsquo;adaptent aux post\u00e9rieurs comme aux ant\u00e9rieurs.<\/p>","protected":false},"featured_media":27685,"template":"","meta":[],"pwb-brand":[572],"product_brand":[],"product_cat":[767],"product_tag":[],"giftcard-category":[],"class_list":{"0":"post-7813","1":"product","2":"type-product","3":"status-publish","4":"has-post-thumbnail","6":"pwb-brand-back-on-track","7":"product_cat-guetres-de-travail","9":"first","10":"instock","11":"taxable","12":"shipping-taxable","13":"purchasable","14":"product-type-variable","15":"has-default-attributes"},"yoast_head":"<!-- This site is optimized with the Yoast SEO plugin v25.3.1 - https:\/\/yoast.com\/wordpress\/plugins\/seo\/ -->\n<title>Guetres souples 3d mesh back on track - La Cabrade<\/title>\n<meta name=\"description\" content=\"Achetez Guetres souples 3d mesh back on track au meilleur prix. Livraison rapide. Dans votre magasin d&#039;\u00e9quitation en ligne Sellerie La Cabrade\" \/>\n<meta name=\"robots\" content=\"index, follow, max-snippet:-1, max-image-preview:large, max-video-preview:-1\" \/>\n<link rel=\"canonical\" href=\"https:\/\/la-cabrade.be\/nl\/product\/3d-mesh-back-on-track-zachte-beenkappen\/\" \/>\n<meta property=\"og:locale\" content=\"nl_BE\" \/>\n<meta property=\"og:type\" content=\"article\" \/>\n<meta property=\"og:title\" content=\"Guetres souples 3d mesh back on track - La Cabrade\" \/>\n<meta property=\"og:description\" content=\"Achetez Guetres souples 3d mesh back on track au meilleur prix. Livraison rapide. Dans votre magasin d&#039;\u00e9quitation en ligne Sellerie La Cabrade\" \/>\n<meta property=\"og:url\" content=\"https:\/\/la-cabrade.be\/nl\/product\/3d-mesh-back-on-track-zachte-beenkappen\/\" \/>\n<meta property=\"og:site_name\" content=\"La Cabrade\" \/>\n<meta property=\"article:modified_time\" content=\"2025-03-27T00:39:00+00:00\" \/>\n<meta property=\"og:image\" content=\"https:\/\/la-cabrade.be\/wp-content\/uploads\/2023\/11\/GUETRES-SOUPLES-3D-MESH-BACK-ON-TRACK_Guetres-de-travail_11374_1-1.jpeg\" \/>\n\t<meta property=\"og:image:width\" content=\"700\" \/>\n\t<meta property=\"og:image:height\" content=\"700\" \/>\n\t<meta property=\"og:image:type\" content=\"image\/jpeg\" \/>\n<script type=\"application\/ld+json\" class=\"yoast-schema-graph\">{\"@context\":\"https:\/\/schema.org\",\"@graph\":[{\"@type\":\"WebPage\",\"@id\":\"https:\/\/la-cabrade.be\/fr\/produit\/guetres-souples-3d-mesh-back-on-track\/\",\"url\":\"https:\/\/la-cabrade.be\/fr\/produit\/guetres-souples-3d-mesh-back-on-track\/\",\"name\":\"Guetres souples 3d mesh back on track - La Cabrade\",\"isPartOf\":{\"@id\":\"https:\/\/la-cabrade.be\/#website\"},\"primaryImageOfPage\":{\"@id\":\"https:\/\/la-cabrade.be\/fr\/produit\/guetres-souples-3d-mesh-back-on-track\/#primaryimage\"},\"image\":{\"@id\":\"https:\/\/la-cabrade.be\/fr\/produit\/guetres-souples-3d-mesh-back-on-track\/#primaryimage\"},\"thumbnailUrl\":\"https:\/\/la-cabrade.be\/wp-content\/uploads\/2023\/11\/GUETRES-SOUPLES-3D-MESH-BACK-ON-TRACK_Guetres-de-travail_11374_1-1.jpeg\",\"datePublished\":\"2023-08-02T16:30:03+00:00\",\"dateModified\":\"2025-03-27T00:39:00+00:00\",\"description\":\"Achetez Guetres souples 3d mesh back on track au meilleur prix. Livraison rapide. Dans votre magasin d'\u00e9quitation en ligne Sellerie La Cabrade\",\"breadcrumb\":{\"@id\":\"https:\/\/la-cabrade.be\/fr\/produit\/guetres-souples-3d-mesh-back-on-track\/#breadcrumb\"},\"inLanguage\":\"nl-BE\",\"potentialAction\":[{\"@type\":\"ReadAction\",\"target\":[\"https:\/\/la-cabrade.be\/fr\/produit\/guetres-souples-3d-mesh-back-on-track\/\"]}]},{\"@type\":\"ImageObject\",\"inLanguage\":\"nl-BE\",\"@id\":\"https:\/\/la-cabrade.be\/fr\/produit\/guetres-souples-3d-mesh-back-on-track\/#primaryimage\",\"url\":\"https:\/\/la-cabrade.be\/wp-content\/uploads\/2023\/11\/GUETRES-SOUPLES-3D-MESH-BACK-ON-TRACK_Guetres-de-travail_11374_1-1.jpeg\",\"contentUrl\":\"https:\/\/la-cabrade.be\/wp-content\/uploads\/2023\/11\/GUETRES-SOUPLES-3D-MESH-BACK-ON-TRACK_Guetres-de-travail_11374_1-1.jpeg\",\"width\":700,\"height\":700,\"caption\":\"GUETRES SOUPLES 3D MESH BACK ON TRACK Guetres de travail 11374 1.jpeg\"},{\"@type\":\"BreadcrumbList\",\"@id\":\"https:\/\/la-cabrade.be\/fr\/produit\/guetres-souples-3d-mesh-back-on-track\/#breadcrumb\",\"itemListElement\":[{\"@type\":\"ListItem\",\"position\":1,\"name\":\"Accueil\",\"item\":\"https:\/\/la-cabrade.be\/\"},{\"@type\":\"ListItem\",\"position\":2,\"name\":\"Boutique\",\"item\":\"https:\/\/la-cabrade.be\/fr\/boutique\/\"},{\"@type\":\"ListItem\",\"position\":3,\"name\":\"Guetres souples 3d mesh back on track\"}]},{\"@type\":\"WebSite\",\"@id\":\"https:\/\/la-cabrade.be\/#website\",\"url\":\"https:\/\/la-cabrade.be\/\",\"name\":\"La Cabrade\",\"description\":\"Sellerie en ligne et magasin d\u2019\u00e9quitation \u00e0 Fl\u00e9ron, Li\u00e8ge\",\"publisher\":{\"@id\":\"https:\/\/la-cabrade.be\/#organization\"},\"potentialAction\":[{\"@type\":\"SearchAction\",\"target\":{\"@type\":\"EntryPoint\",\"urlTemplate\":\"https:\/\/la-cabrade.be\/?s={search_term_string}\"},\"query-input\":{\"@type\":\"PropertyValueSpecification\",\"valueRequired\":true,\"valueName\":\"search_term_string\"}}],\"inLanguage\":\"nl-BE\"},{\"@type\":\"Organization\",\"@id\":\"https:\/\/la-cabrade.be\/#organization\",\"name\":\"La Cabrade\",\"url\":\"https:\/\/la-cabrade.be\/\",\"logo\":{\"@type\":\"ImageObject\",\"inLanguage\":\"nl-BE\",\"@id\":\"https:\/\/la-cabrade.be\/#\/schema\/logo\/image\/\",\"url\":\"https:\/\/la-cabrade.be\/wp-content\/uploads\/2020\/04\/La-Cabrade_logo.svg\",\"contentUrl\":\"https:\/\/la-cabrade.be\/wp-content\/uploads\/2020\/04\/La-Cabrade_logo.svg\",\"width\":900,\"height\":320,\"caption\":\"La Cabrade\"},\"image\":{\"@id\":\"https:\/\/la-cabrade.be\/#\/schema\/logo\/image\/\"}}]}<\/script>\n<!-- \/ Yoast SEO plugin. -->","yoast_head_json":{"title":"Guetres souples 3d mesh back on track - La Cabrade","description":"Achetez Guetres souples 3d mesh back on track au meilleur prix. Livraison rapide. Dans votre magasin d'\u00e9quitation en ligne Sellerie La Cabrade","robots":{"index":"index","follow":"follow","max-snippet":"max-snippet:-1","max-image-preview":"max-image-preview:large","max-video-preview":"max-video-preview:-1"},"canonical":"https:\/\/la-cabrade.be\/nl\/product\/3d-mesh-back-on-track-zachte-beenkappen\/","og_locale":"nl_BE","og_type":"article","og_title":"Guetres souples 3d mesh back on track - La Cabrade","og_description":"Achetez Guetres souples 3d mesh back on track au meilleur prix. Livraison rapide. Dans votre magasin d'\u00e9quitation en ligne Sellerie La Cabrade","og_url":"https:\/\/la-cabrade.be\/nl\/product\/3d-mesh-back-on-track-zachte-beenkappen\/","og_site_name":"La Cabrade","article_modified_time":"2025-03-27T00:39:00+00:00","og_image":[{"width":700,"height":700,"url":"https:\/\/la-cabrade.be\/wp-content\/uploads\/2023\/11\/GUETRES-SOUPLES-3D-MESH-BACK-ON-TRACK_Guetres-de-travail_11374_1-1.jpeg","type":"image\/jpeg"}],"schema":{"@context":"https:\/\/schema.org","@graph":[{"@type":"WebPage","@id":"https:\/\/la-cabrade.be\/fr\/produit\/guetres-souples-3d-mesh-back-on-track\/","url":"https:\/\/la-cabrade.be\/fr\/produit\/guetres-souples-3d-mesh-back-on-track\/","name":"Guetres souples 3d mesh back on track - La Cabrade","isPartOf":{"@id":"https:\/\/la-cabrade.be\/#website"},"primaryImageOfPage":{"@id":"https:\/\/la-cabrade.be\/fr\/produit\/guetres-souples-3d-mesh-back-on-track\/#primaryimage"},"image":{"@id":"https:\/\/la-cabrade.be\/fr\/produit\/guetres-souples-3d-mesh-back-on-track\/#primaryimage"},"thumbnailUrl":"https:\/\/la-cabrade.be\/wp-content\/uploads\/2023\/11\/GUETRES-SOUPLES-3D-MESH-BACK-ON-TRACK_Guetres-de-travail_11374_1-1.jpeg","datePublished":"2023-08-02T16:30:03+00:00","dateModified":"2025-03-27T00:39:00+00:00","description":"Achetez Guetres souples 3d mesh back on track au meilleur prix. Livraison rapide. Dans votre magasin d'\u00e9quitation en ligne Sellerie La Cabrade","breadcrumb":{"@id":"https:\/\/la-cabrade.be\/fr\/produit\/guetres-souples-3d-mesh-back-on-track\/#breadcrumb"},"inLanguage":"nl-BE","potentialAction":[{"@type":"ReadAction","target":["https:\/\/la-cabrade.be\/fr\/produit\/guetres-souples-3d-mesh-back-on-track\/"]}]},{"@type":"ImageObject","inLanguage":"nl-BE","@id":"https:\/\/la-cabrade.be\/fr\/produit\/guetres-souples-3d-mesh-back-on-track\/#primaryimage","url":"https:\/\/la-cabrade.be\/wp-content\/uploads\/2023\/11\/GUETRES-SOUPLES-3D-MESH-BACK-ON-TRACK_Guetres-de-travail_11374_1-1.jpeg","contentUrl":"https:\/\/la-cabrade.be\/wp-content\/uploads\/2023\/11\/GUETRES-SOUPLES-3D-MESH-BACK-ON-TRACK_Guetres-de-travail_11374_1-1.jpeg","width":700,"height":700,"caption":"GUETRES SOUPLES 3D MESH BACK ON TRACK Guetres de travail 11374 1.jpeg"},{"@type":"BreadcrumbList","@id":"https:\/\/la-cabrade.be\/fr\/produit\/guetres-souples-3d-mesh-back-on-track\/#breadcrumb","itemListElement":[{"@type":"ListItem","position":1,"name":"Accueil","item":"https:\/\/la-cabrade.be\/"},{"@type":"ListItem","position":2,"name":"Boutique","item":"https:\/\/la-cabrade.be\/fr\/boutique\/"},{"@type":"ListItem","position":3,"name":"Guetres souples 3d mesh back on track"}]},{"@type":"WebSite","@id":"https:\/\/la-cabrade.be\/#website","url":"https:\/\/la-cabrade.be\/","name":"La Cabrade","description":"Sellerie en ligne et magasin d\u2019\u00e9quitation \u00e0 Fl\u00e9ron, Li\u00e8ge","publisher":{"@id":"https:\/\/la-cabrade.be\/#organization"},"potentialAction":[{"@type":"SearchAction","target":{"@type":"EntryPoint","urlTemplate":"https:\/\/la-cabrade.be\/?s={search_term_string}"},"query-input":{"@type":"PropertyValueSpecification","valueRequired":true,"valueName":"search_term_string"}}],"inLanguage":"nl-BE"},{"@type":"Organization","@id":"https:\/\/la-cabrade.be\/#organization","name":"La Cabrade","url":"https:\/\/la-cabrade.be\/","logo":{"@type":"ImageObject","inLanguage":"nl-BE","@id":"https:\/\/la-cabrade.be\/#\/schema\/logo\/image\/","url":"https:\/\/la-cabrade.be\/wp-content\/uploads\/2020\/04\/La-Cabrade_logo.svg","contentUrl":"https:\/\/la-cabrade.be\/wp-content\/uploads\/2020\/04\/La-Cabrade_logo.svg","width":900,"height":320,"caption":"La Cabrade"},"image":{"@id":"https:\/\/la-cabrade.be\/#\/schema\/logo\/image\/"}}]}},"brands":[{"id":572,"name":"Back on Track","slug":"back-on-track"}],"_links":{"self":[{"href":"https:\/\/la-cabrade.be\/nl\/wp-json\/wp\/v2\/product\/7813","targetHints":{"allow":["GET"]}}],"collection":[{"href":"https:\/\/la-cabrade.be\/nl\/wp-json\/wp\/v2\/product"}],"about":[{"href":"https:\/\/la-cabrade.be\/nl\/wp-json\/wp\/v2\/types\/product"}],"wp:featuredmedia":[{"embeddable":true,"href":"https:\/\/la-cabrade.be\/nl\/wp-json\/wp\/v2\/media\/27685"}],"wp:attachment":[{"href":"https:\/\/la-cabrade.be\/nl\/wp-json\/wp\/v2\/media?parent=7813"}],"wp:term":[{"taxonomy":"pwb-brand","embeddable":true,"href":"https:\/\/la-cabrade.be\/nl\/wp-json\/wp\/v2\/pwb-brand?post=7813"},{"taxonomy":"product_brand","embeddable":true,"href":"https:\/\/la-cabrade.be\/nl\/wp-json\/wp\/v2\/product_brand?post=7813"},{"taxonomy":"product_cat","embeddable":true,"href":"https:\/\/la-cabrade.be\/nl\/wp-json\/wp\/v2\/product_cat?post=7813"},{"taxonomy":"product_tag","embeddable":true,"href":"https:\/\/la-cabrade.be\/nl\/wp-json\/wp\/v2\/product_tag?post=7813"},{"taxonomy":"giftcard-category","embeddable":true,"href":"https:\/\/la-cabrade.be\/nl\/wp-json\/wp\/v2\/giftcard-category?post=7813"}],"curies":[{"name":"wp","href":"https:\/\/api.w.org\/{rel}","templated":true}]}}