{"id":5921,"date":"2023-08-02T10:12:26","date_gmt":"2023-08-02T09:12:26","guid":{"rendered":"https:\/\/la-cabrade.be\/fr\/produit\/couverture-de-marcheur-impermeable-160g-kentucky\/"},"modified":"2026-03-24T12:19:51","modified_gmt":"2026-03-24T11:19:51","slug":"couverture-de-marcheur-impermeable-160g-kentucky","status":"publish","type":"product","link":"https:\/\/la-cabrade.be\/nl\/product\/waterdichte-160g-kentucky-wandeldeken\/","title":{"rendered":"Waterdichte wandeldeken 160g kentucky"},"content":{"rendered":"<p>Id\u00e9ale pour le marcheur, la Walker Rug Waterproof est une couverture haute performance fabriqu\u00e9e \u00e0 partir d&rsquo;un tissu \u00e0 trois couches. Le tissu ext\u00e9rieur en polyester haute t\u00e9nacit\u00e9 600D est lamin\u00e9 avec une membrane imperm\u00e9able respirante. L&rsquo;int\u00e9rieur en peau de lapin artificielle offre plus de chaleur car ceci cr\u00e9e de minuscules poches d&rsquo;air qui retiennent la chaleur corporelle du cheval. Elle offre \u00e9galement plus de confort, fait briller le poil de votre cheval et aide \u00e0 pr\u00e9venir les frottements. Les \u00e9paules sont libres et la couverture poss\u00e8de une boucle de poitrail classique combin\u00e9e \u00e0 une fermeture velcro. Le garrot est prot\u00e9g\u00e9 par du mouton synth\u00e9tique. La couverture est dot\u00e9e de deux sursangles sous le ventre pour la garder bien en place ainsi que d\u2019une courroie de queue en nylon attach\u00e9e \u00e0 deux anneaux en D. La couverture a un look tr\u00e8s chic gr\u00e2ce \u00e0 ses \u00e9l\u00e9gantes finitions en simili cuir. Elle est lavable en machine \u00e0 30\u00b0C, pas de s\u00e8che-linge.<\/p>\n<p>&#8211; Tissu \u00e0 trois couches<br \/>\n&#8211; Imperm\u00e9able et respirante<br \/>\n&#8211; \u00c9paules libres<br \/>\n&#8211; Fermeture devant, sangles ventrales et cordon de queue<br \/>\n&#8211; Fermeture devant, sangles ventrales et cordon de queue<\/p>","protected":false},"excerpt":{"rendered":"<p>Id\u00e9ale pour le marcheur, la Walker Rug Waterproof est une couverture haute performance fabriqu\u00e9e \u00e0 partir d&rsquo;un tissu \u00e0 trois couches. Le tissu ext\u00e9rieur en polyester haute t\u00e9nacit\u00e9 600D est lamin\u00e9 avec une membrane imperm\u00e9able respirante. L&rsquo;int\u00e9rieur en peau de lapin artificielle offre plus de chaleur car ceci cr\u00e9e de minuscules poches d&rsquo;air qui retiennent [&hellip;]<\/p>","protected":false},"featured_media":25128,"template":"","meta":[],"pwb-brand":[614],"product_brand":[],"product_cat":[726],"product_tag":[],"giftcard-category":[],"class_list":{"0":"post-5921","1":"product","2":"type-product","3":"status-publish","4":"has-post-thumbnail","6":"pwb-brand-kentucky","7":"product_cat-couvertures-de-marcheurs","9":"first","10":"outofstock","11":"taxable","12":"shipping-taxable","13":"purchasable","14":"product-type-variable","15":"has-default-attributes"},"yoast_head":"<!-- This site is optimized with the Yoast SEO plugin v25.3.1 - https:\/\/yoast.com\/wordpress\/plugins\/seo\/ -->\n<title>Couverture de marcheur imperm\u00e9able 160g kentucky - La Cabrade<\/title>\n<meta name=\"description\" content=\"Achetez Couverture de marcheur imperm\u00e9able 160g kentucky au meilleur prix. Livraison rapide. Dans votre magasin d&#039;\u00e9quitation en ligne Sellerie La Cabrade\" \/>\n<meta name=\"robots\" content=\"index, follow, max-snippet:-1, max-image-preview:large, max-video-preview:-1\" \/>\n<link rel=\"canonical\" href=\"https:\/\/la-cabrade.be\/nl\/product\/waterdichte-160g-kentucky-wandeldeken\/\" \/>\n<meta property=\"og:locale\" content=\"nl_BE\" \/>\n<meta property=\"og:type\" content=\"article\" \/>\n<meta property=\"og:title\" content=\"Couverture de marcheur imperm\u00e9able 160g kentucky - La Cabrade\" \/>\n<meta property=\"og:description\" content=\"Achetez Couverture de marcheur imperm\u00e9able 160g kentucky au meilleur prix. Livraison rapide. Dans votre magasin d&#039;\u00e9quitation en ligne Sellerie La Cabrade\" \/>\n<meta property=\"og:url\" content=\"https:\/\/la-cabrade.be\/nl\/product\/waterdichte-160g-kentucky-wandeldeken\/\" \/>\n<meta property=\"og:site_name\" content=\"La Cabrade\" \/>\n<meta property=\"article:modified_time\" content=\"2026-03-24T11:19:51+00:00\" \/>\n<meta property=\"og:image\" content=\"https:\/\/la-cabrade.be\/wp-content\/uploads\/2023\/11\/COUVERTURE-DE-MARCHEUR-IMPERMEABLE-160G-KENTUCKY_Couvertures-de-marcheurs_15666_1.jpeg\" \/>\n\t<meta property=\"og:image:width\" content=\"700\" \/>\n\t<meta property=\"og:image:height\" content=\"700\" \/>\n\t<meta property=\"og:image:type\" content=\"image\/jpeg\" \/>\n<meta name=\"twitter:label1\" content=\"Geschatte leestijd\" \/>\n\t<meta name=\"twitter:data1\" content=\"1 minuut\" \/>\n<script type=\"application\/ld+json\" class=\"yoast-schema-graph\">{\"@context\":\"https:\/\/schema.org\",\"@graph\":[{\"@type\":\"WebPage\",\"@id\":\"https:\/\/la-cabrade.be\/fr\/produit\/couverture-de-marcheur-impermeable-160g-kentucky\/\",\"url\":\"https:\/\/la-cabrade.be\/fr\/produit\/couverture-de-marcheur-impermeable-160g-kentucky\/\",\"name\":\"Couverture de marcheur imperm\u00e9able 160g kentucky - La Cabrade\",\"isPartOf\":{\"@id\":\"https:\/\/la-cabrade.be\/#website\"},\"primaryImageOfPage\":{\"@id\":\"https:\/\/la-cabrade.be\/fr\/produit\/couverture-de-marcheur-impermeable-160g-kentucky\/#primaryimage\"},\"image\":{\"@id\":\"https:\/\/la-cabrade.be\/fr\/produit\/couverture-de-marcheur-impermeable-160g-kentucky\/#primaryimage\"},\"thumbnailUrl\":\"https:\/\/la-cabrade.be\/wp-content\/uploads\/2023\/11\/COUVERTURE-DE-MARCHEUR-IMPERMEABLE-160G-KENTUCKY_Couvertures-de-marcheurs_15666_1.jpeg\",\"datePublished\":\"2023-08-02T09:12:26+00:00\",\"dateModified\":\"2026-03-24T11:19:51+00:00\",\"description\":\"Achetez Couverture de marcheur imperm\u00e9able 160g kentucky au meilleur prix. Livraison rapide. Dans votre magasin d'\u00e9quitation en ligne Sellerie La Cabrade\",\"breadcrumb\":{\"@id\":\"https:\/\/la-cabrade.be\/fr\/produit\/couverture-de-marcheur-impermeable-160g-kentucky\/#breadcrumb\"},\"inLanguage\":\"nl-BE\",\"potentialAction\":[{\"@type\":\"ReadAction\",\"target\":[\"https:\/\/la-cabrade.be\/fr\/produit\/couverture-de-marcheur-impermeable-160g-kentucky\/\"]}]},{\"@type\":\"ImageObject\",\"inLanguage\":\"nl-BE\",\"@id\":\"https:\/\/la-cabrade.be\/fr\/produit\/couverture-de-marcheur-impermeable-160g-kentucky\/#primaryimage\",\"url\":\"https:\/\/la-cabrade.be\/wp-content\/uploads\/2023\/11\/COUVERTURE-DE-MARCHEUR-IMPERMEABLE-160G-KENTUCKY_Couvertures-de-marcheurs_15666_1.jpeg\",\"contentUrl\":\"https:\/\/la-cabrade.be\/wp-content\/uploads\/2023\/11\/COUVERTURE-DE-MARCHEUR-IMPERMEABLE-160G-KENTUCKY_Couvertures-de-marcheurs_15666_1.jpeg\",\"width\":700,\"height\":700,\"caption\":\"COUVERTURE DE MARCHEUR IMPERMEABLE 160G KENTUCKY Couvertures de marcheurs 15666 1.jpeg\"},{\"@type\":\"BreadcrumbList\",\"@id\":\"https:\/\/la-cabrade.be\/fr\/produit\/couverture-de-marcheur-impermeable-160g-kentucky\/#breadcrumb\",\"itemListElement\":[{\"@type\":\"ListItem\",\"position\":1,\"name\":\"Accueil\",\"item\":\"https:\/\/la-cabrade.be\/\"},{\"@type\":\"ListItem\",\"position\":2,\"name\":\"Boutique\",\"item\":\"https:\/\/la-cabrade.be\/fr\/boutique\/\"},{\"@type\":\"ListItem\",\"position\":3,\"name\":\"Couverture de marcheur imperm\u00e9able 160g kentucky\"}]},{\"@type\":\"WebSite\",\"@id\":\"https:\/\/la-cabrade.be\/#website\",\"url\":\"https:\/\/la-cabrade.be\/\",\"name\":\"La Cabrade\",\"description\":\"Sellerie en ligne et magasin d\u2019\u00e9quitation \u00e0 Fl\u00e9ron, Li\u00e8ge\",\"publisher\":{\"@id\":\"https:\/\/la-cabrade.be\/#organization\"},\"potentialAction\":[{\"@type\":\"SearchAction\",\"target\":{\"@type\":\"EntryPoint\",\"urlTemplate\":\"https:\/\/la-cabrade.be\/?s={search_term_string}\"},\"query-input\":{\"@type\":\"PropertyValueSpecification\",\"valueRequired\":true,\"valueName\":\"search_term_string\"}}],\"inLanguage\":\"nl-BE\"},{\"@type\":\"Organization\",\"@id\":\"https:\/\/la-cabrade.be\/#organization\",\"name\":\"La Cabrade\",\"url\":\"https:\/\/la-cabrade.be\/\",\"logo\":{\"@type\":\"ImageObject\",\"inLanguage\":\"nl-BE\",\"@id\":\"https:\/\/la-cabrade.be\/#\/schema\/logo\/image\/\",\"url\":\"https:\/\/la-cabrade.be\/wp-content\/uploads\/2020\/04\/La-Cabrade_logo.svg\",\"contentUrl\":\"https:\/\/la-cabrade.be\/wp-content\/uploads\/2020\/04\/La-Cabrade_logo.svg\",\"width\":900,\"height\":320,\"caption\":\"La Cabrade\"},\"image\":{\"@id\":\"https:\/\/la-cabrade.be\/#\/schema\/logo\/image\/\"}}]}<\/script>\n<!-- \/ Yoast SEO plugin. -->","yoast_head_json":{"title":"Couverture de marcheur imperm\u00e9able 160g kentucky - La Cabrade","description":"Achetez Couverture de marcheur imperm\u00e9able 160g kentucky au meilleur prix. Livraison rapide. Dans votre magasin d'\u00e9quitation en ligne Sellerie La Cabrade","robots":{"index":"index","follow":"follow","max-snippet":"max-snippet:-1","max-image-preview":"max-image-preview:large","max-video-preview":"max-video-preview:-1"},"canonical":"https:\/\/la-cabrade.be\/nl\/product\/waterdichte-160g-kentucky-wandeldeken\/","og_locale":"nl_BE","og_type":"article","og_title":"Couverture de marcheur imperm\u00e9able 160g kentucky - La Cabrade","og_description":"Achetez Couverture de marcheur imperm\u00e9able 160g kentucky au meilleur prix. Livraison rapide. Dans votre magasin d'\u00e9quitation en ligne Sellerie La Cabrade","og_url":"https:\/\/la-cabrade.be\/nl\/product\/waterdichte-160g-kentucky-wandeldeken\/","og_site_name":"La Cabrade","article_modified_time":"2026-03-24T11:19:51+00:00","og_image":[{"width":700,"height":700,"url":"https:\/\/la-cabrade.be\/wp-content\/uploads\/2023\/11\/COUVERTURE-DE-MARCHEUR-IMPERMEABLE-160G-KENTUCKY_Couvertures-de-marcheurs_15666_1.jpeg","type":"image\/jpeg"}],"twitter_misc":{"Geschatte leestijd":"1 minuut"},"schema":{"@context":"https:\/\/schema.org","@graph":[{"@type":"WebPage","@id":"https:\/\/la-cabrade.be\/fr\/produit\/couverture-de-marcheur-impermeable-160g-kentucky\/","url":"https:\/\/la-cabrade.be\/fr\/produit\/couverture-de-marcheur-impermeable-160g-kentucky\/","name":"Couverture de marcheur imperm\u00e9able 160g kentucky - La Cabrade","isPartOf":{"@id":"https:\/\/la-cabrade.be\/#website"},"primaryImageOfPage":{"@id":"https:\/\/la-cabrade.be\/fr\/produit\/couverture-de-marcheur-impermeable-160g-kentucky\/#primaryimage"},"image":{"@id":"https:\/\/la-cabrade.be\/fr\/produit\/couverture-de-marcheur-impermeable-160g-kentucky\/#primaryimage"},"thumbnailUrl":"https:\/\/la-cabrade.be\/wp-content\/uploads\/2023\/11\/COUVERTURE-DE-MARCHEUR-IMPERMEABLE-160G-KENTUCKY_Couvertures-de-marcheurs_15666_1.jpeg","datePublished":"2023-08-02T09:12:26+00:00","dateModified":"2026-03-24T11:19:51+00:00","description":"Achetez Couverture de marcheur imperm\u00e9able 160g kentucky au meilleur prix. Livraison rapide. Dans votre magasin d'\u00e9quitation en ligne Sellerie La Cabrade","breadcrumb":{"@id":"https:\/\/la-cabrade.be\/fr\/produit\/couverture-de-marcheur-impermeable-160g-kentucky\/#breadcrumb"},"inLanguage":"nl-BE","potentialAction":[{"@type":"ReadAction","target":["https:\/\/la-cabrade.be\/fr\/produit\/couverture-de-marcheur-impermeable-160g-kentucky\/"]}]},{"@type":"ImageObject","inLanguage":"nl-BE","@id":"https:\/\/la-cabrade.be\/fr\/produit\/couverture-de-marcheur-impermeable-160g-kentucky\/#primaryimage","url":"https:\/\/la-cabrade.be\/wp-content\/uploads\/2023\/11\/COUVERTURE-DE-MARCHEUR-IMPERMEABLE-160G-KENTUCKY_Couvertures-de-marcheurs_15666_1.jpeg","contentUrl":"https:\/\/la-cabrade.be\/wp-content\/uploads\/2023\/11\/COUVERTURE-DE-MARCHEUR-IMPERMEABLE-160G-KENTUCKY_Couvertures-de-marcheurs_15666_1.jpeg","width":700,"height":700,"caption":"COUVERTURE DE MARCHEUR IMPERMEABLE 160G KENTUCKY Couvertures de marcheurs 15666 1.jpeg"},{"@type":"BreadcrumbList","@id":"https:\/\/la-cabrade.be\/fr\/produit\/couverture-de-marcheur-impermeable-160g-kentucky\/#breadcrumb","itemListElement":[{"@type":"ListItem","position":1,"name":"Accueil","item":"https:\/\/la-cabrade.be\/"},{"@type":"ListItem","position":2,"name":"Boutique","item":"https:\/\/la-cabrade.be\/fr\/boutique\/"},{"@type":"ListItem","position":3,"name":"Couverture de marcheur imperm\u00e9able 160g kentucky"}]},{"@type":"WebSite","@id":"https:\/\/la-cabrade.be\/#website","url":"https:\/\/la-cabrade.be\/","name":"La Cabrade","description":"Sellerie en ligne et magasin d\u2019\u00e9quitation \u00e0 Fl\u00e9ron, Li\u00e8ge","publisher":{"@id":"https:\/\/la-cabrade.be\/#organization"},"potentialAction":[{"@type":"SearchAction","target":{"@type":"EntryPoint","urlTemplate":"https:\/\/la-cabrade.be\/?s={search_term_string}"},"query-input":{"@type":"PropertyValueSpecification","valueRequired":true,"valueName":"search_term_string"}}],"inLanguage":"nl-BE"},{"@type":"Organization","@id":"https:\/\/la-cabrade.be\/#organization","name":"La Cabrade","url":"https:\/\/la-cabrade.be\/","logo":{"@type":"ImageObject","inLanguage":"nl-BE","@id":"https:\/\/la-cabrade.be\/#\/schema\/logo\/image\/","url":"https:\/\/la-cabrade.be\/wp-content\/uploads\/2020\/04\/La-Cabrade_logo.svg","contentUrl":"https:\/\/la-cabrade.be\/wp-content\/uploads\/2020\/04\/La-Cabrade_logo.svg","width":900,"height":320,"caption":"La Cabrade"},"image":{"@id":"https:\/\/la-cabrade.be\/#\/schema\/logo\/image\/"}}]}},"brands":[{"id":614,"name":"Kentucky","slug":"kentucky"}],"_links":{"self":[{"href":"https:\/\/la-cabrade.be\/nl\/wp-json\/wp\/v2\/product\/5921","targetHints":{"allow":["GET"]}}],"collection":[{"href":"https:\/\/la-cabrade.be\/nl\/wp-json\/wp\/v2\/product"}],"about":[{"href":"https:\/\/la-cabrade.be\/nl\/wp-json\/wp\/v2\/types\/product"}],"wp:featuredmedia":[{"embeddable":true,"href":"https:\/\/la-cabrade.be\/nl\/wp-json\/wp\/v2\/media\/25128"}],"wp:attachment":[{"href":"https:\/\/la-cabrade.be\/nl\/wp-json\/wp\/v2\/media?parent=5921"}],"wp:term":[{"taxonomy":"pwb-brand","embeddable":true,"href":"https:\/\/la-cabrade.be\/nl\/wp-json\/wp\/v2\/pwb-brand?post=5921"},{"taxonomy":"product_brand","embeddable":true,"href":"https:\/\/la-cabrade.be\/nl\/wp-json\/wp\/v2\/product_brand?post=5921"},{"taxonomy":"product_cat","embeddable":true,"href":"https:\/\/la-cabrade.be\/nl\/wp-json\/wp\/v2\/product_cat?post=5921"},{"taxonomy":"product_tag","embeddable":true,"href":"https:\/\/la-cabrade.be\/nl\/wp-json\/wp\/v2\/product_tag?post=5921"},{"taxonomy":"giftcard-category","embeddable":true,"href":"https:\/\/la-cabrade.be\/nl\/wp-json\/wp\/v2\/giftcard-category?post=5921"}],"curies":[{"name":"wp","href":"https:\/\/api.w.org\/{rel}","templated":true}]}}