{"id":5877,"date":"2023-08-02T10:11:07","date_gmt":"2023-08-02T09:11:07","guid":{"rendered":"https:\/\/la-cabrade.be\/fr\/produit\/couverture-decurie-classic-200g-kentucky\/"},"modified":"2026-01-07T14:06:46","modified_gmt":"2026-01-07T13:06:46","slug":"couverture-decurie-classic-200g-kentucky","status":"publish","type":"product","link":"https:\/\/la-cabrade.be\/nl\/product\/decurie-klassieke-deken-200g-kentucky\/","title":{"rendered":"Staldeken classic 200g kentucky"},"content":{"rendered":"<p>&#8211; Ext\u00e9rieur solide en polyester 900D Ripstop<br \/>\n&#8211; Garnissage en fibres de 200g<br \/>\n&#8211; Int\u00e9rieur en microfibre douce<br \/>\n&#8211; Look intemporel et tissus de haute qualit\u00e9<br \/>\n&#8211; Lavable \u00e0 30 degr\u00e9s<\/p>\n<p>Speciale functies<br \/>\nAvec ses tissus de haute qualit\u00e9 et son look intemporel, la couverture d\u2019\u00e9curie Classic est con\u00e7ue pour durer des d\u00e9cennies. Les mat\u00e9riaux ont \u00e9t\u00e9 soigneusement test\u00e9s et s\u00e9lectionn\u00e9s pour que la couverture soit durable et tr\u00e8s facile \u00e0 utiliser. Gr\u00e2ce aux 3 \u00e9paisseurs diff\u00e9rentes, vous pouvez choisir la couverture qui convient le mieux aux besoins de votre cheval.<\/p>\n<p>Stoffen en materialen<br \/>\nL&rsquo;ext\u00e9rieur de la couverture d&rsquo;\u00e9curie est fabriqu\u00e9 en polyester 900D Ripstop. Le tissu Ribstop est un tissu qui contient un fil renforc\u00e9, ce qui rend la couverture difficile \u00e0 d\u00e9chirer. Un autre avantage de ce tissu est qu&rsquo;il repousse les copeaux, vous pouvez donc facilement brosser le foin et la paille sur la couverture. Le rembourrage \u00e0 l&rsquo;int\u00e9rieur peut \u00eatre de 100, 200 ou 300 grammes, selon les besoins de votre cheval. Le rembourrage est compos\u00e9 d&rsquo;une fibre de remplissage, qui a les m\u00eames performances que le duvet sans absorber aucune odeur. La doublure int\u00e9rieure de la couverture est une fibre micro-polyester, qui a un toucher similaire \u00e0 celui du coton.<\/p>\n<p>Vorm en grootte<br \/>\nLa Stable Rug Classic peut \u00eatre port\u00e9e en combinaison avec nos couvertures d\u2019ext\u00e9rieur ou avec une sous-couverture. La couverture restera bien en place gr\u00e2ce \u00e0 la microfibre de polyester, aux deux boucles avant et aux deux sursangles.<\/p>\n<p>Tips voor onderhoud<br \/>\nLa couverture est lavable en machine \u00e0 30 degr\u00e9s (pas de s\u00e8che-linge). Nous conseillons de laver la couverture une fois par mois pour obtenir les meilleurs r\u00e9sultats.<\/p>","protected":false},"excerpt":{"rendered":"<p>&#8211; Ext\u00e9rieur solide en polyester 900D Ripstop &#8211; Garnissage en fibres de 200g &#8211; Int\u00e9rieur en microfibre douce &#8211; Look intemporel et tissus de haute qualit\u00e9 &#8211; Lavable \u00e0 30 degr\u00e9s Particularit\u00e9s Avec ses tissus de haute qualit\u00e9 et son look intemporel, la couverture d\u2019\u00e9curie Classic est con\u00e7ue pour durer des d\u00e9cennies. Les mat\u00e9riaux ont [&hellip;]<\/p>","protected":false},"featured_media":25270,"template":"","meta":[],"pwb-brand":[614],"product_brand":[],"product_cat":[725],"product_tag":[],"giftcard-category":[],"class_list":{"0":"post-5877","1":"product","2":"type-product","3":"status-publish","4":"has-post-thumbnail","6":"pwb-brand-kentucky","7":"product_cat-couvertures-de-box","9":"first","10":"outofstock","11":"taxable","12":"shipping-taxable","13":"purchasable","14":"product-type-variable","15":"has-default-attributes"},"yoast_head":"<!-- This site is optimized with the Yoast SEO plugin v25.3.1 - https:\/\/yoast.com\/wordpress\/plugins\/seo\/ -->\n<title>Couverture \u00e9curie classic 200g kentucky - La Cabrade<\/title>\n<meta name=\"description\" content=\"Achetez Couverture \u00e9curie classic 200g kentucky au meilleur prix. Livraison rapide. Dans votre magasin d&#039;\u00e9quitation en ligne Sellerie La Cabrade\" \/>\n<meta name=\"robots\" content=\"index, follow, max-snippet:-1, max-image-preview:large, max-video-preview:-1\" \/>\n<link rel=\"canonical\" href=\"https:\/\/la-cabrade.be\/nl\/product\/decurie-klassieke-deken-200g-kentucky\/\" \/>\n<meta property=\"og:locale\" content=\"nl_BE\" \/>\n<meta property=\"og:type\" content=\"article\" \/>\n<meta property=\"og:title\" content=\"Couverture \u00e9curie classic 200g kentucky - La Cabrade\" \/>\n<meta property=\"og:description\" content=\"Achetez Couverture \u00e9curie classic 200g kentucky au meilleur prix. Livraison rapide. Dans votre magasin d&#039;\u00e9quitation en ligne Sellerie La Cabrade\" \/>\n<meta property=\"og:url\" content=\"https:\/\/la-cabrade.be\/nl\/product\/decurie-klassieke-deken-200g-kentucky\/\" \/>\n<meta property=\"og:site_name\" content=\"La Cabrade\" \/>\n<meta property=\"article:modified_time\" content=\"2026-01-07T13:06:46+00:00\" \/>\n<meta property=\"og:image\" content=\"https:\/\/la-cabrade.be\/wp-content\/uploads\/2023\/11\/COUVERTURE-ECURIE-CLASSIC-200G-KENTUCKY_Couvertures-de-box_16783_1.jpeg\" \/>\n\t<meta property=\"og:image:width\" content=\"700\" \/>\n\t<meta property=\"og:image:height\" content=\"700\" \/>\n\t<meta property=\"og:image:type\" content=\"image\/jpeg\" \/>\n<meta name=\"twitter:label1\" content=\"Geschatte leestijd\" \/>\n\t<meta name=\"twitter:data1\" content=\"1 minuut\" \/>\n<script type=\"application\/ld+json\" class=\"yoast-schema-graph\">{\"@context\":\"https:\/\/schema.org\",\"@graph\":[{\"@type\":\"WebPage\",\"@id\":\"https:\/\/la-cabrade.be\/fr\/produit\/couverture-decurie-classic-200g-kentucky\/\",\"url\":\"https:\/\/la-cabrade.be\/fr\/produit\/couverture-decurie-classic-200g-kentucky\/\",\"name\":\"Couverture \u00e9curie classic 200g kentucky - La Cabrade\",\"isPartOf\":{\"@id\":\"https:\/\/la-cabrade.be\/#website\"},\"primaryImageOfPage\":{\"@id\":\"https:\/\/la-cabrade.be\/fr\/produit\/couverture-decurie-classic-200g-kentucky\/#primaryimage\"},\"image\":{\"@id\":\"https:\/\/la-cabrade.be\/fr\/produit\/couverture-decurie-classic-200g-kentucky\/#primaryimage\"},\"thumbnailUrl\":\"https:\/\/la-cabrade.be\/wp-content\/uploads\/2023\/11\/COUVERTURE-ECURIE-CLASSIC-200G-KENTUCKY_Couvertures-de-box_16783_1.jpeg\",\"datePublished\":\"2023-08-02T09:11:07+00:00\",\"dateModified\":\"2026-01-07T13:06:46+00:00\",\"description\":\"Achetez Couverture \u00e9curie classic 200g kentucky au meilleur prix. Livraison rapide. Dans votre magasin d'\u00e9quitation en ligne Sellerie La Cabrade\",\"breadcrumb\":{\"@id\":\"https:\/\/la-cabrade.be\/fr\/produit\/couverture-decurie-classic-200g-kentucky\/#breadcrumb\"},\"inLanguage\":\"nl-BE\",\"potentialAction\":[{\"@type\":\"ReadAction\",\"target\":[\"https:\/\/la-cabrade.be\/fr\/produit\/couverture-decurie-classic-200g-kentucky\/\"]}]},{\"@type\":\"ImageObject\",\"inLanguage\":\"nl-BE\",\"@id\":\"https:\/\/la-cabrade.be\/fr\/produit\/couverture-decurie-classic-200g-kentucky\/#primaryimage\",\"url\":\"https:\/\/la-cabrade.be\/wp-content\/uploads\/2023\/11\/COUVERTURE-ECURIE-CLASSIC-200G-KENTUCKY_Couvertures-de-box_16783_1.jpeg\",\"contentUrl\":\"https:\/\/la-cabrade.be\/wp-content\/uploads\/2023\/11\/COUVERTURE-ECURIE-CLASSIC-200G-KENTUCKY_Couvertures-de-box_16783_1.jpeg\",\"width\":700,\"height\":700,\"caption\":\"COUVERTURE ECURIE CLASSIC 200G KENTUCKY Couvertures de box 16783 1.jpeg\"},{\"@type\":\"BreadcrumbList\",\"@id\":\"https:\/\/la-cabrade.be\/fr\/produit\/couverture-decurie-classic-200g-kentucky\/#breadcrumb\",\"itemListElement\":[{\"@type\":\"ListItem\",\"position\":1,\"name\":\"Accueil\",\"item\":\"https:\/\/la-cabrade.be\/\"},{\"@type\":\"ListItem\",\"position\":2,\"name\":\"Boutique\",\"item\":\"https:\/\/la-cabrade.be\/fr\/boutique\/\"},{\"@type\":\"ListItem\",\"position\":3,\"name\":\"Couverture \u00e9curie classic 200g kentucky\"}]},{\"@type\":\"WebSite\",\"@id\":\"https:\/\/la-cabrade.be\/#website\",\"url\":\"https:\/\/la-cabrade.be\/\",\"name\":\"La Cabrade\",\"description\":\"Sellerie en ligne et magasin d\u2019\u00e9quitation \u00e0 Fl\u00e9ron, Li\u00e8ge\",\"publisher\":{\"@id\":\"https:\/\/la-cabrade.be\/#organization\"},\"potentialAction\":[{\"@type\":\"SearchAction\",\"target\":{\"@type\":\"EntryPoint\",\"urlTemplate\":\"https:\/\/la-cabrade.be\/?s={search_term_string}\"},\"query-input\":{\"@type\":\"PropertyValueSpecification\",\"valueRequired\":true,\"valueName\":\"search_term_string\"}}],\"inLanguage\":\"nl-BE\"},{\"@type\":\"Organization\",\"@id\":\"https:\/\/la-cabrade.be\/#organization\",\"name\":\"La Cabrade\",\"url\":\"https:\/\/la-cabrade.be\/\",\"logo\":{\"@type\":\"ImageObject\",\"inLanguage\":\"nl-BE\",\"@id\":\"https:\/\/la-cabrade.be\/#\/schema\/logo\/image\/\",\"url\":\"https:\/\/la-cabrade.be\/wp-content\/uploads\/2020\/04\/La-Cabrade_logo.svg\",\"contentUrl\":\"https:\/\/la-cabrade.be\/wp-content\/uploads\/2020\/04\/La-Cabrade_logo.svg\",\"width\":900,\"height\":320,\"caption\":\"La Cabrade\"},\"image\":{\"@id\":\"https:\/\/la-cabrade.be\/#\/schema\/logo\/image\/\"}}]}<\/script>\n<!-- \/ Yoast SEO plugin. -->","yoast_head_json":{"title":"Couverture \u00e9curie classic 200g kentucky - La Cabrade","description":"Achetez Couverture \u00e9curie classic 200g kentucky au meilleur prix. Livraison rapide. Dans votre magasin d'\u00e9quitation en ligne Sellerie La Cabrade","robots":{"index":"index","follow":"follow","max-snippet":"max-snippet:-1","max-image-preview":"max-image-preview:large","max-video-preview":"max-video-preview:-1"},"canonical":"https:\/\/la-cabrade.be\/nl\/product\/decurie-klassieke-deken-200g-kentucky\/","og_locale":"nl_BE","og_type":"article","og_title":"Couverture \u00e9curie classic 200g kentucky - La Cabrade","og_description":"Achetez Couverture \u00e9curie classic 200g kentucky au meilleur prix. Livraison rapide. Dans votre magasin d'\u00e9quitation en ligne Sellerie La Cabrade","og_url":"https:\/\/la-cabrade.be\/nl\/product\/decurie-klassieke-deken-200g-kentucky\/","og_site_name":"La Cabrade","article_modified_time":"2026-01-07T13:06:46+00:00","og_image":[{"width":700,"height":700,"url":"https:\/\/la-cabrade.be\/wp-content\/uploads\/2023\/11\/COUVERTURE-ECURIE-CLASSIC-200G-KENTUCKY_Couvertures-de-box_16783_1.jpeg","type":"image\/jpeg"}],"twitter_misc":{"Geschatte leestijd":"1 minuut"},"schema":{"@context":"https:\/\/schema.org","@graph":[{"@type":"WebPage","@id":"https:\/\/la-cabrade.be\/fr\/produit\/couverture-decurie-classic-200g-kentucky\/","url":"https:\/\/la-cabrade.be\/fr\/produit\/couverture-decurie-classic-200g-kentucky\/","name":"Couverture \u00e9curie classic 200g kentucky - La Cabrade","isPartOf":{"@id":"https:\/\/la-cabrade.be\/#website"},"primaryImageOfPage":{"@id":"https:\/\/la-cabrade.be\/fr\/produit\/couverture-decurie-classic-200g-kentucky\/#primaryimage"},"image":{"@id":"https:\/\/la-cabrade.be\/fr\/produit\/couverture-decurie-classic-200g-kentucky\/#primaryimage"},"thumbnailUrl":"https:\/\/la-cabrade.be\/wp-content\/uploads\/2023\/11\/COUVERTURE-ECURIE-CLASSIC-200G-KENTUCKY_Couvertures-de-box_16783_1.jpeg","datePublished":"2023-08-02T09:11:07+00:00","dateModified":"2026-01-07T13:06:46+00:00","description":"Achetez Couverture \u00e9curie classic 200g kentucky au meilleur prix. Livraison rapide. Dans votre magasin d'\u00e9quitation en ligne Sellerie La Cabrade","breadcrumb":{"@id":"https:\/\/la-cabrade.be\/fr\/produit\/couverture-decurie-classic-200g-kentucky\/#breadcrumb"},"inLanguage":"nl-BE","potentialAction":[{"@type":"ReadAction","target":["https:\/\/la-cabrade.be\/fr\/produit\/couverture-decurie-classic-200g-kentucky\/"]}]},{"@type":"ImageObject","inLanguage":"nl-BE","@id":"https:\/\/la-cabrade.be\/fr\/produit\/couverture-decurie-classic-200g-kentucky\/#primaryimage","url":"https:\/\/la-cabrade.be\/wp-content\/uploads\/2023\/11\/COUVERTURE-ECURIE-CLASSIC-200G-KENTUCKY_Couvertures-de-box_16783_1.jpeg","contentUrl":"https:\/\/la-cabrade.be\/wp-content\/uploads\/2023\/11\/COUVERTURE-ECURIE-CLASSIC-200G-KENTUCKY_Couvertures-de-box_16783_1.jpeg","width":700,"height":700,"caption":"COUVERTURE ECURIE CLASSIC 200G KENTUCKY Couvertures de box 16783 1.jpeg"},{"@type":"BreadcrumbList","@id":"https:\/\/la-cabrade.be\/fr\/produit\/couverture-decurie-classic-200g-kentucky\/#breadcrumb","itemListElement":[{"@type":"ListItem","position":1,"name":"Accueil","item":"https:\/\/la-cabrade.be\/"},{"@type":"ListItem","position":2,"name":"Boutique","item":"https:\/\/la-cabrade.be\/fr\/boutique\/"},{"@type":"ListItem","position":3,"name":"Couverture \u00e9curie classic 200g kentucky"}]},{"@type":"WebSite","@id":"https:\/\/la-cabrade.be\/#website","url":"https:\/\/la-cabrade.be\/","name":"La Cabrade","description":"Sellerie en ligne et magasin d\u2019\u00e9quitation \u00e0 Fl\u00e9ron, Li\u00e8ge","publisher":{"@id":"https:\/\/la-cabrade.be\/#organization"},"potentialAction":[{"@type":"SearchAction","target":{"@type":"EntryPoint","urlTemplate":"https:\/\/la-cabrade.be\/?s={search_term_string}"},"query-input":{"@type":"PropertyValueSpecification","valueRequired":true,"valueName":"search_term_string"}}],"inLanguage":"nl-BE"},{"@type":"Organization","@id":"https:\/\/la-cabrade.be\/#organization","name":"La Cabrade","url":"https:\/\/la-cabrade.be\/","logo":{"@type":"ImageObject","inLanguage":"nl-BE","@id":"https:\/\/la-cabrade.be\/#\/schema\/logo\/image\/","url":"https:\/\/la-cabrade.be\/wp-content\/uploads\/2020\/04\/La-Cabrade_logo.svg","contentUrl":"https:\/\/la-cabrade.be\/wp-content\/uploads\/2020\/04\/La-Cabrade_logo.svg","width":900,"height":320,"caption":"La Cabrade"},"image":{"@id":"https:\/\/la-cabrade.be\/#\/schema\/logo\/image\/"}}]}},"brands":[{"id":614,"name":"Kentucky","slug":"kentucky"}],"_links":{"self":[{"href":"https:\/\/la-cabrade.be\/nl\/wp-json\/wp\/v2\/product\/5877","targetHints":{"allow":["GET"]}}],"collection":[{"href":"https:\/\/la-cabrade.be\/nl\/wp-json\/wp\/v2\/product"}],"about":[{"href":"https:\/\/la-cabrade.be\/nl\/wp-json\/wp\/v2\/types\/product"}],"wp:featuredmedia":[{"embeddable":true,"href":"https:\/\/la-cabrade.be\/nl\/wp-json\/wp\/v2\/media\/25270"}],"wp:attachment":[{"href":"https:\/\/la-cabrade.be\/nl\/wp-json\/wp\/v2\/media?parent=5877"}],"wp:term":[{"taxonomy":"pwb-brand","embeddable":true,"href":"https:\/\/la-cabrade.be\/nl\/wp-json\/wp\/v2\/pwb-brand?post=5877"},{"taxonomy":"product_brand","embeddable":true,"href":"https:\/\/la-cabrade.be\/nl\/wp-json\/wp\/v2\/product_brand?post=5877"},{"taxonomy":"product_cat","embeddable":true,"href":"https:\/\/la-cabrade.be\/nl\/wp-json\/wp\/v2\/product_cat?post=5877"},{"taxonomy":"product_tag","embeddable":true,"href":"https:\/\/la-cabrade.be\/nl\/wp-json\/wp\/v2\/product_tag?post=5877"},{"taxonomy":"giftcard-category","embeddable":true,"href":"https:\/\/la-cabrade.be\/nl\/wp-json\/wp\/v2\/giftcard-category?post=5877"}],"curies":[{"name":"wp","href":"https:\/\/api.w.org\/{rel}","templated":true}]}}