{"id":5797,"date":"2023-08-02T02:17:01","date_gmt":"2023-08-02T01:17:01","guid":{"rendered":"https:\/\/la-cabrade.be\/fr\/produit\/couverture-anti-mouches-impermeable-combo-classic-kentucky\/"},"modified":"2026-03-24T12:19:40","modified_gmt":"2026-03-24T11:19:40","slug":"couverture-anti-mouches-impermeable-combo-classic-kentucky","status":"publish","type":"product","link":"https:\/\/la-cabrade.be\/nl\/product\/waterdichte-vliegenhoes-combo-classic-kentucky\/","title":{"rendered":"Waterdichte vliegendeken combo classic kentucky"},"content":{"rendered":"<p>&#8211; Tissu en maille respirant sur les c\u00f4t\u00e9s<br \/>\n&#8211; Doublure imperm\u00e9able 600D ripstop sur le dos<br \/>\n&#8211; Couvre-cou d\u00e9tachable<br \/>\n&#8211; Respirante et l\u00e9g\u00e8re<br \/>\n&#8211; Protection contre les UV<\/p>\n<p>Speciale functies<br \/>\nLa couverture anti-mouches imperm\u00e9able Combo classic prot\u00e8ge votre cheval des mouches et de la pluie. Cette couverture est donc parfaite pour les journ\u00e9es pluvieuses mais chaudes du printemps \u00e0 l&rsquo;automne. La combinaison de mat\u00e9riaux rend la couverture extr\u00eamement respirante, ce qui offre du confort \u00e0 votre cheval \u00e0 tout moment.<\/p>\n<p>Stoffen en materialen<br \/>\nLe dos de la couverture est fabriqu\u00e9 dans notre tissu imperm\u00e9able classique. Ce tissu est un polyester ripstop 600D. Ce mat\u00e9riau est extr\u00eamement solide et donc parfait pour les chevaux qui sont \u00e0 l\u2019ext\u00e9rieur. Le tissu imperm\u00e9able a une colonne d&rsquo;eau de 10 000 mm, ce qui garantit un cheval toujours sec. Le dessus imperm\u00e9able a une doublure en polyester lisse et antibact\u00e9rienne. Les c\u00f4t\u00e9s de la couverture sont fabriqu\u00e9s dans un tissu \u00e0 mailles respirant pour prot\u00e9ger votre cheval de toutes sortes d&rsquo;insectes. Les deux mat\u00e9riaux servent de protection contre les UV lors des journ\u00e9es ensoleill\u00e9es et sont tr\u00e8s respirants pour \u00e9viter la surchauffe.<\/p>\n<p>Vorm en grootte<br \/>\nLa couverture anti-mouches imperm\u00e9able est de forme anatomique et se ferme avec 2 fermetures frontales et 2 sursangles et reste dans le style Kentucky. Un col d\u00e9tachable est inclus et se ferme par 2 solides fermetures auto-agrippantes. Les fermetures \u00e0 boucles et crochets permettant d&rsquo;attacher le col \u00e0 la couverture se trouvent \u00e0 l&rsquo;int\u00e9rieur du col. Cela permet d&rsquo;\u00e9viter que l&rsquo;eau ne s&rsquo;infiltre dans la couverture.<\/p>\n<p>Handleiding voor interviews<br \/>\nLa couverture anti-mouches imperm\u00e9able Combo classic peut \u00eatre lav\u00e9e \u00e0 30 degr\u00e9s. Apr\u00e8s le lavage, laissez la s\u00e9cher compl\u00e8tement \u00e0 l&rsquo;air libre.<\/p>","protected":false},"excerpt":{"rendered":"<p>&#8211; Tissu en maille respirant sur les c\u00f4t\u00e9s &#8211; Doublure imperm\u00e9able 600D ripstop sur le dos &#8211; Couvre-cou d\u00e9tachable &#8211; Respirante et l\u00e9g\u00e8re &#8211; Protection contre les UV Particularit\u00e9s La couverture anti-mouches imperm\u00e9able Combo classic prot\u00e8ge votre cheval des mouches et de la pluie. Cette couverture est donc parfaite pour les journ\u00e9es pluvieuses mais chaudes [&hellip;]<\/p>","protected":false},"featured_media":25058,"template":"","meta":[],"pwb-brand":[614],"product_brand":[],"product_cat":[715],"product_tag":[],"giftcard-category":[],"class_list":{"0":"post-5797","1":"product","2":"type-product","3":"status-publish","4":"has-post-thumbnail","6":"pwb-brand-kentucky","7":"product_cat-chemises-anti-mouches","9":"first","10":"outofstock","11":"taxable","12":"shipping-taxable","13":"purchasable","14":"product-type-variable","15":"has-default-attributes"},"yoast_head":"<!-- This site is optimized with the Yoast SEO plugin v25.3.1 - https:\/\/yoast.com\/wordpress\/plugins\/seo\/ -->\n<title>Couverture anti-mouches imperm\u00e9able combo classic kentucky - La Cabrade<\/title>\n<meta name=\"description\" content=\"Achetez Couverture anti-mouches imperm\u00e9able combo classic kentucky au meilleur prix. Livraison rapide. Dans votre magasin d&#039;\u00e9quitation en ligne Sellerie La Cabrade\" \/>\n<meta name=\"robots\" content=\"index, follow, max-snippet:-1, max-image-preview:large, max-video-preview:-1\" \/>\n<link rel=\"canonical\" href=\"https:\/\/la-cabrade.be\/nl\/product\/waterdichte-vliegenhoes-combo-classic-kentucky\/\" \/>\n<meta property=\"og:locale\" content=\"nl_BE\" \/>\n<meta property=\"og:type\" content=\"article\" \/>\n<meta property=\"og:title\" content=\"Couverture anti-mouches imperm\u00e9able combo classic kentucky - La Cabrade\" \/>\n<meta property=\"og:description\" content=\"Achetez Couverture anti-mouches imperm\u00e9able combo classic kentucky au meilleur prix. Livraison rapide. Dans votre magasin d&#039;\u00e9quitation en ligne Sellerie La Cabrade\" \/>\n<meta property=\"og:url\" content=\"https:\/\/la-cabrade.be\/nl\/product\/waterdichte-vliegenhoes-combo-classic-kentucky\/\" \/>\n<meta property=\"og:site_name\" content=\"La Cabrade\" \/>\n<meta property=\"article:modified_time\" content=\"2026-03-24T11:19:40+00:00\" \/>\n<meta property=\"og:image\" content=\"https:\/\/la-cabrade.be\/wp-content\/uploads\/2023\/11\/COUVERTURE-ANTI-MOUCHES-IMPERMEABLE-COMBO-CLASSIC-KENTUCKY_Chemises-anti-mouches_17273_1.jpeg\" \/>\n\t<meta property=\"og:image:width\" content=\"700\" \/>\n\t<meta property=\"og:image:height\" content=\"700\" \/>\n\t<meta property=\"og:image:type\" content=\"image\/jpeg\" \/>\n<meta name=\"twitter:label1\" content=\"Geschatte leestijd\" \/>\n\t<meta name=\"twitter:data1\" content=\"2 minuten\" \/>\n<script type=\"application\/ld+json\" class=\"yoast-schema-graph\">{\"@context\":\"https:\/\/schema.org\",\"@graph\":[{\"@type\":\"WebPage\",\"@id\":\"https:\/\/la-cabrade.be\/produit\/couverture-anti-mouches-impermeable-combo-classic-kentucky\/\",\"url\":\"https:\/\/la-cabrade.be\/produit\/couverture-anti-mouches-impermeable-combo-classic-kentucky\/\",\"name\":\"Couverture anti-mouches imperm\u00e9able combo classic kentucky - La Cabrade\",\"isPartOf\":{\"@id\":\"https:\/\/la-cabrade.be\/#website\"},\"primaryImageOfPage\":{\"@id\":\"https:\/\/la-cabrade.be\/produit\/couverture-anti-mouches-impermeable-combo-classic-kentucky\/#primaryimage\"},\"image\":{\"@id\":\"https:\/\/la-cabrade.be\/produit\/couverture-anti-mouches-impermeable-combo-classic-kentucky\/#primaryimage\"},\"thumbnailUrl\":\"https:\/\/la-cabrade.be\/wp-content\/uploads\/2023\/11\/COUVERTURE-ANTI-MOUCHES-IMPERMEABLE-COMBO-CLASSIC-KENTUCKY_Chemises-anti-mouches_17273_1.jpeg\",\"datePublished\":\"2023-08-02T01:17:01+00:00\",\"dateModified\":\"2026-03-24T11:19:40+00:00\",\"description\":\"Achetez Couverture anti-mouches imperm\u00e9able combo classic kentucky au meilleur prix. Livraison rapide. Dans votre magasin d'\u00e9quitation en ligne Sellerie La Cabrade\",\"breadcrumb\":{\"@id\":\"https:\/\/la-cabrade.be\/produit\/couverture-anti-mouches-impermeable-combo-classic-kentucky\/#breadcrumb\"},\"inLanguage\":\"nl-BE\",\"potentialAction\":[{\"@type\":\"ReadAction\",\"target\":[\"https:\/\/la-cabrade.be\/produit\/couverture-anti-mouches-impermeable-combo-classic-kentucky\/\"]}]},{\"@type\":\"ImageObject\",\"inLanguage\":\"nl-BE\",\"@id\":\"https:\/\/la-cabrade.be\/produit\/couverture-anti-mouches-impermeable-combo-classic-kentucky\/#primaryimage\",\"url\":\"https:\/\/la-cabrade.be\/wp-content\/uploads\/2023\/11\/COUVERTURE-ANTI-MOUCHES-IMPERMEABLE-COMBO-CLASSIC-KENTUCKY_Chemises-anti-mouches_17273_1.jpeg\",\"contentUrl\":\"https:\/\/la-cabrade.be\/wp-content\/uploads\/2023\/11\/COUVERTURE-ANTI-MOUCHES-IMPERMEABLE-COMBO-CLASSIC-KENTUCKY_Chemises-anti-mouches_17273_1.jpeg\",\"width\":700,\"height\":700,\"caption\":\"COUVERTURE ANTI MOUCHES IMPERMEABLE COMBO CLASSIC KENTUCKY Chemises anti mouches 17273 1.jpeg\"},{\"@type\":\"BreadcrumbList\",\"@id\":\"https:\/\/la-cabrade.be\/produit\/couverture-anti-mouches-impermeable-combo-classic-kentucky\/#breadcrumb\",\"itemListElement\":[{\"@type\":\"ListItem\",\"position\":1,\"name\":\"Accueil\",\"item\":\"https:\/\/la-cabrade.be\/\"},{\"@type\":\"ListItem\",\"position\":2,\"name\":\"Boutique\",\"item\":\"https:\/\/la-cabrade.be\/fr\/boutique\/\"},{\"@type\":\"ListItem\",\"position\":3,\"name\":\"Couverture anti-mouches imperm\u00e9able combo classic kentucky\"}]},{\"@type\":\"WebSite\",\"@id\":\"https:\/\/la-cabrade.be\/#website\",\"url\":\"https:\/\/la-cabrade.be\/\",\"name\":\"La Cabrade\",\"description\":\"Sellerie en ligne et magasin d\u2019\u00e9quitation \u00e0 Fl\u00e9ron, Li\u00e8ge\",\"publisher\":{\"@id\":\"https:\/\/la-cabrade.be\/#organization\"},\"potentialAction\":[{\"@type\":\"SearchAction\",\"target\":{\"@type\":\"EntryPoint\",\"urlTemplate\":\"https:\/\/la-cabrade.be\/?s={search_term_string}\"},\"query-input\":{\"@type\":\"PropertyValueSpecification\",\"valueRequired\":true,\"valueName\":\"search_term_string\"}}],\"inLanguage\":\"nl-BE\"},{\"@type\":\"Organization\",\"@id\":\"https:\/\/la-cabrade.be\/#organization\",\"name\":\"La Cabrade\",\"url\":\"https:\/\/la-cabrade.be\/\",\"logo\":{\"@type\":\"ImageObject\",\"inLanguage\":\"nl-BE\",\"@id\":\"https:\/\/la-cabrade.be\/#\/schema\/logo\/image\/\",\"url\":\"https:\/\/la-cabrade.be\/wp-content\/uploads\/2020\/04\/La-Cabrade_logo.svg\",\"contentUrl\":\"https:\/\/la-cabrade.be\/wp-content\/uploads\/2020\/04\/La-Cabrade_logo.svg\",\"width\":900,\"height\":320,\"caption\":\"La Cabrade\"},\"image\":{\"@id\":\"https:\/\/la-cabrade.be\/#\/schema\/logo\/image\/\"}}]}<\/script>\n<!-- \/ Yoast SEO plugin. -->","yoast_head_json":{"title":"Couverture anti-mouches imperm\u00e9able combo classic kentucky - La Cabrade","description":"Achetez Couverture anti-mouches imperm\u00e9able combo classic kentucky au meilleur prix. Livraison rapide. Dans votre magasin d'\u00e9quitation en ligne Sellerie La Cabrade","robots":{"index":"index","follow":"follow","max-snippet":"max-snippet:-1","max-image-preview":"max-image-preview:large","max-video-preview":"max-video-preview:-1"},"canonical":"https:\/\/la-cabrade.be\/nl\/product\/waterdichte-vliegenhoes-combo-classic-kentucky\/","og_locale":"nl_BE","og_type":"article","og_title":"Couverture anti-mouches imperm\u00e9able combo classic kentucky - La Cabrade","og_description":"Achetez Couverture anti-mouches imperm\u00e9able combo classic kentucky au meilleur prix. Livraison rapide. Dans votre magasin d'\u00e9quitation en ligne Sellerie La Cabrade","og_url":"https:\/\/la-cabrade.be\/nl\/product\/waterdichte-vliegenhoes-combo-classic-kentucky\/","og_site_name":"La Cabrade","article_modified_time":"2026-03-24T11:19:40+00:00","og_image":[{"width":700,"height":700,"url":"https:\/\/la-cabrade.be\/wp-content\/uploads\/2023\/11\/COUVERTURE-ANTI-MOUCHES-IMPERMEABLE-COMBO-CLASSIC-KENTUCKY_Chemises-anti-mouches_17273_1.jpeg","type":"image\/jpeg"}],"twitter_misc":{"Geschatte leestijd":"2 minuten"},"schema":{"@context":"https:\/\/schema.org","@graph":[{"@type":"WebPage","@id":"https:\/\/la-cabrade.be\/produit\/couverture-anti-mouches-impermeable-combo-classic-kentucky\/","url":"https:\/\/la-cabrade.be\/produit\/couverture-anti-mouches-impermeable-combo-classic-kentucky\/","name":"Couverture anti-mouches imperm\u00e9able combo classic kentucky - La Cabrade","isPartOf":{"@id":"https:\/\/la-cabrade.be\/#website"},"primaryImageOfPage":{"@id":"https:\/\/la-cabrade.be\/produit\/couverture-anti-mouches-impermeable-combo-classic-kentucky\/#primaryimage"},"image":{"@id":"https:\/\/la-cabrade.be\/produit\/couverture-anti-mouches-impermeable-combo-classic-kentucky\/#primaryimage"},"thumbnailUrl":"https:\/\/la-cabrade.be\/wp-content\/uploads\/2023\/11\/COUVERTURE-ANTI-MOUCHES-IMPERMEABLE-COMBO-CLASSIC-KENTUCKY_Chemises-anti-mouches_17273_1.jpeg","datePublished":"2023-08-02T01:17:01+00:00","dateModified":"2026-03-24T11:19:40+00:00","description":"Achetez Couverture anti-mouches imperm\u00e9able combo classic kentucky au meilleur prix. Livraison rapide. Dans votre magasin d'\u00e9quitation en ligne Sellerie La Cabrade","breadcrumb":{"@id":"https:\/\/la-cabrade.be\/produit\/couverture-anti-mouches-impermeable-combo-classic-kentucky\/#breadcrumb"},"inLanguage":"nl-BE","potentialAction":[{"@type":"ReadAction","target":["https:\/\/la-cabrade.be\/produit\/couverture-anti-mouches-impermeable-combo-classic-kentucky\/"]}]},{"@type":"ImageObject","inLanguage":"nl-BE","@id":"https:\/\/la-cabrade.be\/produit\/couverture-anti-mouches-impermeable-combo-classic-kentucky\/#primaryimage","url":"https:\/\/la-cabrade.be\/wp-content\/uploads\/2023\/11\/COUVERTURE-ANTI-MOUCHES-IMPERMEABLE-COMBO-CLASSIC-KENTUCKY_Chemises-anti-mouches_17273_1.jpeg","contentUrl":"https:\/\/la-cabrade.be\/wp-content\/uploads\/2023\/11\/COUVERTURE-ANTI-MOUCHES-IMPERMEABLE-COMBO-CLASSIC-KENTUCKY_Chemises-anti-mouches_17273_1.jpeg","width":700,"height":700,"caption":"COUVERTURE ANTI MOUCHES IMPERMEABLE COMBO CLASSIC KENTUCKY Chemises anti mouches 17273 1.jpeg"},{"@type":"BreadcrumbList","@id":"https:\/\/la-cabrade.be\/produit\/couverture-anti-mouches-impermeable-combo-classic-kentucky\/#breadcrumb","itemListElement":[{"@type":"ListItem","position":1,"name":"Accueil","item":"https:\/\/la-cabrade.be\/"},{"@type":"ListItem","position":2,"name":"Boutique","item":"https:\/\/la-cabrade.be\/fr\/boutique\/"},{"@type":"ListItem","position":3,"name":"Couverture anti-mouches imperm\u00e9able combo classic kentucky"}]},{"@type":"WebSite","@id":"https:\/\/la-cabrade.be\/#website","url":"https:\/\/la-cabrade.be\/","name":"La Cabrade","description":"Sellerie en ligne et magasin d\u2019\u00e9quitation \u00e0 Fl\u00e9ron, Li\u00e8ge","publisher":{"@id":"https:\/\/la-cabrade.be\/#organization"},"potentialAction":[{"@type":"SearchAction","target":{"@type":"EntryPoint","urlTemplate":"https:\/\/la-cabrade.be\/?s={search_term_string}"},"query-input":{"@type":"PropertyValueSpecification","valueRequired":true,"valueName":"search_term_string"}}],"inLanguage":"nl-BE"},{"@type":"Organization","@id":"https:\/\/la-cabrade.be\/#organization","name":"La Cabrade","url":"https:\/\/la-cabrade.be\/","logo":{"@type":"ImageObject","inLanguage":"nl-BE","@id":"https:\/\/la-cabrade.be\/#\/schema\/logo\/image\/","url":"https:\/\/la-cabrade.be\/wp-content\/uploads\/2020\/04\/La-Cabrade_logo.svg","contentUrl":"https:\/\/la-cabrade.be\/wp-content\/uploads\/2020\/04\/La-Cabrade_logo.svg","width":900,"height":320,"caption":"La Cabrade"},"image":{"@id":"https:\/\/la-cabrade.be\/#\/schema\/logo\/image\/"}}]}},"brands":[{"id":614,"name":"Kentucky","slug":"kentucky"}],"_links":{"self":[{"href":"https:\/\/la-cabrade.be\/nl\/wp-json\/wp\/v2\/product\/5797","targetHints":{"allow":["GET"]}}],"collection":[{"href":"https:\/\/la-cabrade.be\/nl\/wp-json\/wp\/v2\/product"}],"about":[{"href":"https:\/\/la-cabrade.be\/nl\/wp-json\/wp\/v2\/types\/product"}],"wp:featuredmedia":[{"embeddable":true,"href":"https:\/\/la-cabrade.be\/nl\/wp-json\/wp\/v2\/media\/25058"}],"wp:attachment":[{"href":"https:\/\/la-cabrade.be\/nl\/wp-json\/wp\/v2\/media?parent=5797"}],"wp:term":[{"taxonomy":"pwb-brand","embeddable":true,"href":"https:\/\/la-cabrade.be\/nl\/wp-json\/wp\/v2\/pwb-brand?post=5797"},{"taxonomy":"product_brand","embeddable":true,"href":"https:\/\/la-cabrade.be\/nl\/wp-json\/wp\/v2\/product_brand?post=5797"},{"taxonomy":"product_cat","embeddable":true,"href":"https:\/\/la-cabrade.be\/nl\/wp-json\/wp\/v2\/product_cat?post=5797"},{"taxonomy":"product_tag","embeddable":true,"href":"https:\/\/la-cabrade.be\/nl\/wp-json\/wp\/v2\/product_tag?post=5797"},{"taxonomy":"giftcard-category","embeddable":true,"href":"https:\/\/la-cabrade.be\/nl\/wp-json\/wp\/v2\/giftcard-category?post=5797"}],"curies":[{"name":"wp","href":"https:\/\/api.w.org\/{rel}","templated":true}]}}