{"id":50186,"date":"2024-11-20T15:12:41","date_gmt":"2024-11-20T14:12:41","guid":{"rendered":"https:\/\/la-cabrade.be\/fr\/produit\/tapis-de-selle-dr-sandness-horze\/"},"modified":"2025-12-11T06:57:31","modified_gmt":"2025-12-11T05:57:31","slug":"tapis-de-selle-dr-sandness-horze","status":"publish","type":"product","link":"https:\/\/la-cabrade.be\/nl\/product\/zadeldek-dr-sandness-horze\/","title":{"rendered":"DR Sandness HORZE zadeldek"},"content":{"rendered":"<p style=\"margin-bottom: 0px\">Tapis de selle dressage Sandness HORZEmotif en nid d&rsquo;abeille.<\/p>\n<p style=\"margin-bottom: 0px\"><\/p>\n<p style=\"margin-bottom: 0px\">Notre tapis de selle Horze Sandnes est brillant \u00e0 l&rsquo;ext\u00e9rieur et gratt\u00e9 \u00e0 l&rsquo;int\u00e9rieur. Le matelassage est non seulement beau mais aussi un excellent amortisseur sous la selle. Deux lani\u00e8res permettent de l&rsquo;attacher facilement. Les passepoils contrast\u00e9s lui conf\u00e8rent de l&rsquo;\u00e9l\u00e9gance. Existe aussi en version dressage. Associez-le \u00e0 nos prot\u00e8ge-tendons et notre bonnet anti-mouches Horze Sandnes pour un look complet !<\/p>\n<p style=\"margin-bottom: 0px\"><\/p>\n<p style=\"margin-bottom: 0px\">Kenmerken:<\/p>\n<p style=\"margin-bottom: 0px\">Gemengd<\/p>\n<p style=\"margin-bottom: 0px\">Satijnen afwerking<\/p>\n<p style=\"margin-bottom: 0px\">Sneldrogende geborstelde voering<\/p>\n<p style=\"margin-bottom: 0px\">Matelassage nid d&rsquo;abeille<\/p>\n<p style=\"margin-bottom: 0px\">Contrasterende tweekleurige bies<\/p>\n<p style=\"margin-bottom: 0px\">Klittenband en riemlussen voor eenvoudige bevestiging<\/p>\n<p style=\"margin-bottom: 0px\">Klein rubberen Horze-logo op schoft<\/p>\n<p style=\"margin-bottom: 0px\">Technische beschrijving:<\/p>\n<p style=\"margin-bottom: 0px\">Polyester.<\/p>\n<p style=\"margin-bottom: 0px\"><\/p>\n<p style=\"margin-bottom: 0px\">Wasvoorschriften:<\/p>\n<p>Wassen op 40 graden met vergelijkbare kleuren. Gebruik geen wasverzachter. Aan de lucht drogen.<\/p>","protected":false},"excerpt":{"rendered":"<p>Tapis de selle dressage Sandness HORZEmotif en nid d&rsquo;abeille. Notre tapis de selle Horze Sandnes est brillant \u00e0 l&rsquo;ext\u00e9rieur et gratt\u00e9 \u00e0 l&rsquo;int\u00e9rieur. Le matelassage est non seulement beau mais aussi un excellent amortisseur sous la selle. Deux lani\u00e8res permettent de l&rsquo;attacher facilement. Les passepoils contrast\u00e9s lui conf\u00e8rent de l&rsquo;\u00e9l\u00e9gance. Existe aussi en version dressage. [&hellip;]<\/p>","protected":false},"featured_media":50181,"template":"","meta":[],"pwb-brand":[],"product_brand":[],"product_cat":[747],"product_tag":[],"giftcard-category":[],"class_list":{"0":"post-50186","1":"product","2":"type-product","3":"status-publish","4":"has-post-thumbnail","6":"product_cat-dressage","8":"first","9":"outofstock","10":"taxable","11":"shipping-taxable","12":"purchasable","13":"product-type-variable","14":"has-default-attributes"},"yoast_head":"<!-- This site is optimized with the Yoast SEO plugin v25.3.1 - https:\/\/yoast.com\/wordpress\/plugins\/seo\/ -->\n<title>Tapis de selle DR Sandness HORZE - La Cabrade<\/title>\n<meta name=\"description\" content=\"Achetez Tapis de selle DR Sandness HORZE au meilleur prix. Livraison rapide. Dans votre magasin d&#039;\u00e9quitation en ligne Sellerie La Cabrade\" \/>\n<meta name=\"robots\" content=\"index, follow, max-snippet:-1, max-image-preview:large, max-video-preview:-1\" \/>\n<link rel=\"canonical\" href=\"https:\/\/la-cabrade.be\/nl\/product\/zadeldek-dr-sandness-horze\/\" \/>\n<meta property=\"og:locale\" content=\"nl_BE\" \/>\n<meta property=\"og:type\" content=\"article\" \/>\n<meta property=\"og:title\" content=\"Tapis de selle DR Sandness HORZE - La Cabrade\" \/>\n<meta property=\"og:description\" content=\"Achetez Tapis de selle DR Sandness HORZE au meilleur prix. Livraison rapide. Dans votre magasin d&#039;\u00e9quitation en ligne Sellerie La Cabrade\" \/>\n<meta property=\"og:url\" content=\"https:\/\/la-cabrade.be\/nl\/product\/zadeldek-dr-sandness-horze\/\" \/>\n<meta property=\"og:site_name\" content=\"La Cabrade\" \/>\n<meta property=\"article:modified_time\" content=\"2025-12-11T05:57:31+00:00\" \/>\n<meta property=\"og:image\" content=\"https:\/\/la-cabrade.be\/wp-content\/uploads\/2024\/11\/Tapis-de-selle-DR-Sandness-HORZE_Dressage_19696_1.jpeg\" \/>\n\t<meta property=\"og:image:width\" content=\"1000\" \/>\n\t<meta property=\"og:image:height\" content=\"1000\" \/>\n\t<meta property=\"og:image:type\" content=\"image\/jpeg\" \/>\n<meta name=\"twitter:label1\" content=\"Geschatte leestijd\" \/>\n\t<meta name=\"twitter:data1\" content=\"1 minuut\" \/>\n<script type=\"application\/ld+json\" class=\"yoast-schema-graph\">{\"@context\":\"https:\/\/schema.org\",\"@graph\":[{\"@type\":\"WebPage\",\"@id\":\"https:\/\/la-cabrade.be\/produit\/tapis-de-selle-dr-sandness-horze\/\",\"url\":\"https:\/\/la-cabrade.be\/produit\/tapis-de-selle-dr-sandness-horze\/\",\"name\":\"Tapis de selle DR Sandness HORZE - La Cabrade\",\"isPartOf\":{\"@id\":\"https:\/\/la-cabrade.be\/#website\"},\"primaryImageOfPage\":{\"@id\":\"https:\/\/la-cabrade.be\/produit\/tapis-de-selle-dr-sandness-horze\/#primaryimage\"},\"image\":{\"@id\":\"https:\/\/la-cabrade.be\/produit\/tapis-de-selle-dr-sandness-horze\/#primaryimage\"},\"thumbnailUrl\":\"https:\/\/la-cabrade.be\/wp-content\/uploads\/2024\/11\/Tapis-de-selle-DR-Sandness-HORZE_Dressage_19696_1.jpeg\",\"datePublished\":\"2024-11-20T14:12:41+00:00\",\"dateModified\":\"2025-12-11T05:57:31+00:00\",\"description\":\"Achetez Tapis de selle DR Sandness HORZE au meilleur prix. Livraison rapide. Dans votre magasin d'\u00e9quitation en ligne Sellerie La Cabrade\",\"breadcrumb\":{\"@id\":\"https:\/\/la-cabrade.be\/produit\/tapis-de-selle-dr-sandness-horze\/#breadcrumb\"},\"inLanguage\":\"nl-BE\",\"potentialAction\":[{\"@type\":\"ReadAction\",\"target\":[\"https:\/\/la-cabrade.be\/produit\/tapis-de-selle-dr-sandness-horze\/\"]}]},{\"@type\":\"ImageObject\",\"inLanguage\":\"nl-BE\",\"@id\":\"https:\/\/la-cabrade.be\/produit\/tapis-de-selle-dr-sandness-horze\/#primaryimage\",\"url\":\"https:\/\/la-cabrade.be\/wp-content\/uploads\/2024\/11\/Tapis-de-selle-DR-Sandness-HORZE_Dressage_19696_1.jpeg\",\"contentUrl\":\"https:\/\/la-cabrade.be\/wp-content\/uploads\/2024\/11\/Tapis-de-selle-DR-Sandness-HORZE_Dressage_19696_1.jpeg\",\"width\":1000,\"height\":1000,\"caption\":\"Tapis de selle DR Sandness HORZE Dressage 19696 1.jpeg\"},{\"@type\":\"BreadcrumbList\",\"@id\":\"https:\/\/la-cabrade.be\/produit\/tapis-de-selle-dr-sandness-horze\/#breadcrumb\",\"itemListElement\":[{\"@type\":\"ListItem\",\"position\":1,\"name\":\"Accueil\",\"item\":\"https:\/\/la-cabrade.be\/\"},{\"@type\":\"ListItem\",\"position\":2,\"name\":\"Boutique\",\"item\":\"https:\/\/la-cabrade.be\/fr\/boutique\/\"},{\"@type\":\"ListItem\",\"position\":3,\"name\":\"Tapis de selle DR Sandness HORZE\"}]},{\"@type\":\"WebSite\",\"@id\":\"https:\/\/la-cabrade.be\/#website\",\"url\":\"https:\/\/la-cabrade.be\/\",\"name\":\"La Cabrade\",\"description\":\"Sellerie en ligne et magasin d\u2019\u00e9quitation \u00e0 Fl\u00e9ron, Li\u00e8ge\",\"publisher\":{\"@id\":\"https:\/\/la-cabrade.be\/#organization\"},\"potentialAction\":[{\"@type\":\"SearchAction\",\"target\":{\"@type\":\"EntryPoint\",\"urlTemplate\":\"https:\/\/la-cabrade.be\/?s={search_term_string}\"},\"query-input\":{\"@type\":\"PropertyValueSpecification\",\"valueRequired\":true,\"valueName\":\"search_term_string\"}}],\"inLanguage\":\"nl-BE\"},{\"@type\":\"Organization\",\"@id\":\"https:\/\/la-cabrade.be\/#organization\",\"name\":\"La Cabrade\",\"url\":\"https:\/\/la-cabrade.be\/\",\"logo\":{\"@type\":\"ImageObject\",\"inLanguage\":\"nl-BE\",\"@id\":\"https:\/\/la-cabrade.be\/#\/schema\/logo\/image\/\",\"url\":\"https:\/\/la-cabrade.be\/wp-content\/uploads\/2020\/04\/La-Cabrade_logo.svg\",\"contentUrl\":\"https:\/\/la-cabrade.be\/wp-content\/uploads\/2020\/04\/La-Cabrade_logo.svg\",\"width\":900,\"height\":320,\"caption\":\"La Cabrade\"},\"image\":{\"@id\":\"https:\/\/la-cabrade.be\/#\/schema\/logo\/image\/\"}}]}<\/script>\n<!-- \/ Yoast SEO plugin. -->","yoast_head_json":{"title":"Tapis de selle DR Sandness HORZE - La Cabrade","description":"Achetez Tapis de selle DR Sandness HORZE au meilleur prix. Livraison rapide. Dans votre magasin d'\u00e9quitation en ligne Sellerie La Cabrade","robots":{"index":"index","follow":"follow","max-snippet":"max-snippet:-1","max-image-preview":"max-image-preview:large","max-video-preview":"max-video-preview:-1"},"canonical":"https:\/\/la-cabrade.be\/nl\/product\/zadeldek-dr-sandness-horze\/","og_locale":"nl_BE","og_type":"article","og_title":"Tapis de selle DR Sandness HORZE - La Cabrade","og_description":"Achetez Tapis de selle DR Sandness HORZE au meilleur prix. Livraison rapide. Dans votre magasin d'\u00e9quitation en ligne Sellerie La Cabrade","og_url":"https:\/\/la-cabrade.be\/nl\/product\/zadeldek-dr-sandness-horze\/","og_site_name":"La Cabrade","article_modified_time":"2025-12-11T05:57:31+00:00","og_image":[{"width":1000,"height":1000,"url":"https:\/\/la-cabrade.be\/wp-content\/uploads\/2024\/11\/Tapis-de-selle-DR-Sandness-HORZE_Dressage_19696_1.jpeg","type":"image\/jpeg"}],"twitter_misc":{"Geschatte leestijd":"1 minuut"},"schema":{"@context":"https:\/\/schema.org","@graph":[{"@type":"WebPage","@id":"https:\/\/la-cabrade.be\/produit\/tapis-de-selle-dr-sandness-horze\/","url":"https:\/\/la-cabrade.be\/produit\/tapis-de-selle-dr-sandness-horze\/","name":"Tapis de selle DR Sandness HORZE - La Cabrade","isPartOf":{"@id":"https:\/\/la-cabrade.be\/#website"},"primaryImageOfPage":{"@id":"https:\/\/la-cabrade.be\/produit\/tapis-de-selle-dr-sandness-horze\/#primaryimage"},"image":{"@id":"https:\/\/la-cabrade.be\/produit\/tapis-de-selle-dr-sandness-horze\/#primaryimage"},"thumbnailUrl":"https:\/\/la-cabrade.be\/wp-content\/uploads\/2024\/11\/Tapis-de-selle-DR-Sandness-HORZE_Dressage_19696_1.jpeg","datePublished":"2024-11-20T14:12:41+00:00","dateModified":"2025-12-11T05:57:31+00:00","description":"Achetez Tapis de selle DR Sandness HORZE au meilleur prix. Livraison rapide. Dans votre magasin d'\u00e9quitation en ligne Sellerie La Cabrade","breadcrumb":{"@id":"https:\/\/la-cabrade.be\/produit\/tapis-de-selle-dr-sandness-horze\/#breadcrumb"},"inLanguage":"nl-BE","potentialAction":[{"@type":"ReadAction","target":["https:\/\/la-cabrade.be\/produit\/tapis-de-selle-dr-sandness-horze\/"]}]},{"@type":"ImageObject","inLanguage":"nl-BE","@id":"https:\/\/la-cabrade.be\/produit\/tapis-de-selle-dr-sandness-horze\/#primaryimage","url":"https:\/\/la-cabrade.be\/wp-content\/uploads\/2024\/11\/Tapis-de-selle-DR-Sandness-HORZE_Dressage_19696_1.jpeg","contentUrl":"https:\/\/la-cabrade.be\/wp-content\/uploads\/2024\/11\/Tapis-de-selle-DR-Sandness-HORZE_Dressage_19696_1.jpeg","width":1000,"height":1000,"caption":"Tapis de selle DR Sandness HORZE Dressage 19696 1.jpeg"},{"@type":"BreadcrumbList","@id":"https:\/\/la-cabrade.be\/produit\/tapis-de-selle-dr-sandness-horze\/#breadcrumb","itemListElement":[{"@type":"ListItem","position":1,"name":"Accueil","item":"https:\/\/la-cabrade.be\/"},{"@type":"ListItem","position":2,"name":"Boutique","item":"https:\/\/la-cabrade.be\/fr\/boutique\/"},{"@type":"ListItem","position":3,"name":"Tapis de selle DR Sandness HORZE"}]},{"@type":"WebSite","@id":"https:\/\/la-cabrade.be\/#website","url":"https:\/\/la-cabrade.be\/","name":"La Cabrade","description":"Sellerie en ligne et magasin d\u2019\u00e9quitation \u00e0 Fl\u00e9ron, Li\u00e8ge","publisher":{"@id":"https:\/\/la-cabrade.be\/#organization"},"potentialAction":[{"@type":"SearchAction","target":{"@type":"EntryPoint","urlTemplate":"https:\/\/la-cabrade.be\/?s={search_term_string}"},"query-input":{"@type":"PropertyValueSpecification","valueRequired":true,"valueName":"search_term_string"}}],"inLanguage":"nl-BE"},{"@type":"Organization","@id":"https:\/\/la-cabrade.be\/#organization","name":"La Cabrade","url":"https:\/\/la-cabrade.be\/","logo":{"@type":"ImageObject","inLanguage":"nl-BE","@id":"https:\/\/la-cabrade.be\/#\/schema\/logo\/image\/","url":"https:\/\/la-cabrade.be\/wp-content\/uploads\/2020\/04\/La-Cabrade_logo.svg","contentUrl":"https:\/\/la-cabrade.be\/wp-content\/uploads\/2020\/04\/La-Cabrade_logo.svg","width":900,"height":320,"caption":"La Cabrade"},"image":{"@id":"https:\/\/la-cabrade.be\/#\/schema\/logo\/image\/"}}]}},"brands":[],"_links":{"self":[{"href":"https:\/\/la-cabrade.be\/nl\/wp-json\/wp\/v2\/product\/50186","targetHints":{"allow":["GET"]}}],"collection":[{"href":"https:\/\/la-cabrade.be\/nl\/wp-json\/wp\/v2\/product"}],"about":[{"href":"https:\/\/la-cabrade.be\/nl\/wp-json\/wp\/v2\/types\/product"}],"wp:featuredmedia":[{"embeddable":true,"href":"https:\/\/la-cabrade.be\/nl\/wp-json\/wp\/v2\/media\/50181"}],"wp:attachment":[{"href":"https:\/\/la-cabrade.be\/nl\/wp-json\/wp\/v2\/media?parent=50186"}],"wp:term":[{"taxonomy":"pwb-brand","embeddable":true,"href":"https:\/\/la-cabrade.be\/nl\/wp-json\/wp\/v2\/pwb-brand?post=50186"},{"taxonomy":"product_brand","embeddable":true,"href":"https:\/\/la-cabrade.be\/nl\/wp-json\/wp\/v2\/product_brand?post=50186"},{"taxonomy":"product_cat","embeddable":true,"href":"https:\/\/la-cabrade.be\/nl\/wp-json\/wp\/v2\/product_cat?post=50186"},{"taxonomy":"product_tag","embeddable":true,"href":"https:\/\/la-cabrade.be\/nl\/wp-json\/wp\/v2\/product_tag?post=50186"},{"taxonomy":"giftcard-category","embeddable":true,"href":"https:\/\/la-cabrade.be\/nl\/wp-json\/wp\/v2\/giftcard-category?post=50186"}],"curies":[{"name":"wp","href":"https:\/\/api.w.org\/{rel}","templated":true}]}}