{"id":49995,"date":"2024-11-14T13:21:48","date_gmt":"2024-11-14T12:21:48","guid":{"rendered":"https:\/\/la-cabrade.be\/fr\/produit\/collier-adelya-penelope\/"},"modified":"2026-03-24T12:19:08","modified_gmt":"2026-03-24T11:19:08","slug":"collier-adelya-penelope","status":"publish","type":"product","link":"https:\/\/la-cabrade.be\/nl\/product\/adelya-penelope-ketting\/","title":{"rendered":"Ketting Adelya PENELOPE"},"content":{"rendered":"<p style=\"margin-bottom: 0px\">Ketting bestaande uit een dun zwart koord en een klein rond plaatje met het P\u00e9n\u00e9lope logo.<\/p>\n<p style=\"margin-bottom: 0px\">Een gouden gesp verbindt de twee uiteinden van het koord.<\/p>\n<p style=\"margin-bottom: 0px\">De Ad\u00e9lya halsketting kun je elke dag dragen of voor speciale gelegenheden. Het voegt een laatste Penelope-touch toe aan je look.<\/p>\n<p style=\"margin-bottom: 0px\"><\/p>\n<p>Samenstelling: messing, verguld met 24-karaats fijngoud, 0,3\u03bc<\/p>","protected":false},"excerpt":{"rendered":"<p>Collier compos\u00e9 d&rsquo;un fin cordon noir et d&rsquo;une petite plaque ronde sur lequel est marqu\u00e9 le logo P\u00e9n\u00e9lope. Un fermoir dor\u00e9 relie les deux extr\u00e9mit\u00e9s du cordon. Le collier Ad\u00e9lya se porte aussi bien tous les jours que pour de plus grandes occasions. Il apporte une derni\u00e8re touche P\u00e9n\u00e9lope \u00e0 votre look. Composition : laiton [&hellip;]<\/p>","protected":false},"featured_media":49992,"template":"","meta":[],"pwb-brand":[],"product_brand":[],"product_cat":[694],"product_tag":[],"giftcard-category":[],"class_list":{"0":"post-49995","1":"product","2":"type-product","3":"status-publish","4":"has-post-thumbnail","6":"product_cat-bijoux-et-autres","8":"first","9":"instock","10":"taxable","11":"shipping-taxable","12":"purchasable","13":"product-type-simple"},"yoast_head":"<!-- This site is optimized with the Yoast SEO plugin v25.3.1 - https:\/\/yoast.com\/wordpress\/plugins\/seo\/ -->\n<title>Collier Adelya PENELOPE - La Cabrade<\/title>\n<meta name=\"description\" content=\"Achetez Collier Adelya PENELOPE au meilleur prix. Livraison rapide. Dans votre magasin d&#039;\u00e9quitation en ligne Sellerie La Cabrade\" \/>\n<meta name=\"robots\" content=\"index, follow, max-snippet:-1, max-image-preview:large, max-video-preview:-1\" \/>\n<link rel=\"canonical\" href=\"https:\/\/la-cabrade.be\/nl\/product\/adelya-penelope-ketting\/\" \/>\n<meta property=\"og:locale\" content=\"nl_BE\" \/>\n<meta property=\"og:type\" content=\"article\" \/>\n<meta property=\"og:title\" content=\"Collier Adelya PENELOPE - La Cabrade\" \/>\n<meta property=\"og:description\" content=\"Achetez Collier Adelya PENELOPE au meilleur prix. Livraison rapide. Dans votre magasin d&#039;\u00e9quitation en ligne Sellerie La Cabrade\" \/>\n<meta property=\"og:url\" content=\"https:\/\/la-cabrade.be\/nl\/product\/adelya-penelope-ketting\/\" \/>\n<meta property=\"og:site_name\" content=\"La Cabrade\" \/>\n<meta property=\"article:modified_time\" content=\"2026-03-24T11:19:08+00:00\" \/>\n<meta property=\"og:image\" content=\"https:\/\/la-cabrade.be\/wp-content\/uploads\/2024\/11\/Collier-Adelya-PENELOPE_Bijoux-et-autres_21338_1.jpeg\" \/>\n\t<meta property=\"og:image:width\" content=\"800\" \/>\n\t<meta property=\"og:image:height\" content=\"800\" \/>\n\t<meta property=\"og:image:type\" content=\"image\/jpeg\" \/>\n<script type=\"application\/ld+json\" class=\"yoast-schema-graph\">{\"@context\":\"https:\/\/schema.org\",\"@graph\":[{\"@type\":\"WebPage\",\"@id\":\"https:\/\/la-cabrade.be\/produit\/collier-adelya-penelope\/\",\"url\":\"https:\/\/la-cabrade.be\/produit\/collier-adelya-penelope\/\",\"name\":\"Collier Adelya PENELOPE - La Cabrade\",\"isPartOf\":{\"@id\":\"https:\/\/la-cabrade.be\/#website\"},\"primaryImageOfPage\":{\"@id\":\"https:\/\/la-cabrade.be\/produit\/collier-adelya-penelope\/#primaryimage\"},\"image\":{\"@id\":\"https:\/\/la-cabrade.be\/produit\/collier-adelya-penelope\/#primaryimage\"},\"thumbnailUrl\":\"https:\/\/la-cabrade.be\/wp-content\/uploads\/2024\/11\/Collier-Adelya-PENELOPE_Bijoux-et-autres_21338_1.jpeg\",\"datePublished\":\"2024-11-14T12:21:48+00:00\",\"dateModified\":\"2026-03-24T11:19:08+00:00\",\"description\":\"Achetez Collier Adelya PENELOPE au meilleur prix. Livraison rapide. Dans votre magasin d'\u00e9quitation en ligne Sellerie La Cabrade\",\"breadcrumb\":{\"@id\":\"https:\/\/la-cabrade.be\/produit\/collier-adelya-penelope\/#breadcrumb\"},\"inLanguage\":\"nl-BE\",\"potentialAction\":[{\"@type\":\"ReadAction\",\"target\":[\"https:\/\/la-cabrade.be\/produit\/collier-adelya-penelope\/\"]}]},{\"@type\":\"ImageObject\",\"inLanguage\":\"nl-BE\",\"@id\":\"https:\/\/la-cabrade.be\/produit\/collier-adelya-penelope\/#primaryimage\",\"url\":\"https:\/\/la-cabrade.be\/wp-content\/uploads\/2024\/11\/Collier-Adelya-PENELOPE_Bijoux-et-autres_21338_1.jpeg\",\"contentUrl\":\"https:\/\/la-cabrade.be\/wp-content\/uploads\/2024\/11\/Collier-Adelya-PENELOPE_Bijoux-et-autres_21338_1.jpeg\",\"width\":800,\"height\":800,\"caption\":\"Collier Adelya PENELOPE Bijoux et autres 21338 1.jpeg\"},{\"@type\":\"BreadcrumbList\",\"@id\":\"https:\/\/la-cabrade.be\/produit\/collier-adelya-penelope\/#breadcrumb\",\"itemListElement\":[{\"@type\":\"ListItem\",\"position\":1,\"name\":\"Accueil\",\"item\":\"https:\/\/la-cabrade.be\/\"},{\"@type\":\"ListItem\",\"position\":2,\"name\":\"Boutique\",\"item\":\"https:\/\/la-cabrade.be\/fr\/boutique\/\"},{\"@type\":\"ListItem\",\"position\":3,\"name\":\"Collier Adelya PENELOPE\"}]},{\"@type\":\"WebSite\",\"@id\":\"https:\/\/la-cabrade.be\/#website\",\"url\":\"https:\/\/la-cabrade.be\/\",\"name\":\"La Cabrade\",\"description\":\"Sellerie en ligne et magasin d\u2019\u00e9quitation \u00e0 Fl\u00e9ron, Li\u00e8ge\",\"publisher\":{\"@id\":\"https:\/\/la-cabrade.be\/#organization\"},\"potentialAction\":[{\"@type\":\"SearchAction\",\"target\":{\"@type\":\"EntryPoint\",\"urlTemplate\":\"https:\/\/la-cabrade.be\/?s={search_term_string}\"},\"query-input\":{\"@type\":\"PropertyValueSpecification\",\"valueRequired\":true,\"valueName\":\"search_term_string\"}}],\"inLanguage\":\"nl-BE\"},{\"@type\":\"Organization\",\"@id\":\"https:\/\/la-cabrade.be\/#organization\",\"name\":\"La Cabrade\",\"url\":\"https:\/\/la-cabrade.be\/\",\"logo\":{\"@type\":\"ImageObject\",\"inLanguage\":\"nl-BE\",\"@id\":\"https:\/\/la-cabrade.be\/#\/schema\/logo\/image\/\",\"url\":\"https:\/\/la-cabrade.be\/wp-content\/uploads\/2020\/04\/La-Cabrade_logo.svg\",\"contentUrl\":\"https:\/\/la-cabrade.be\/wp-content\/uploads\/2020\/04\/La-Cabrade_logo.svg\",\"width\":900,\"height\":320,\"caption\":\"La Cabrade\"},\"image\":{\"@id\":\"https:\/\/la-cabrade.be\/#\/schema\/logo\/image\/\"}}]}<\/script>\n<!-- \/ Yoast SEO plugin. -->","yoast_head_json":{"title":"Collier Adelya PENELOPE - La Cabrade","description":"Achetez Collier Adelya PENELOPE au meilleur prix. Livraison rapide. Dans votre magasin d'\u00e9quitation en ligne Sellerie La Cabrade","robots":{"index":"index","follow":"follow","max-snippet":"max-snippet:-1","max-image-preview":"max-image-preview:large","max-video-preview":"max-video-preview:-1"},"canonical":"https:\/\/la-cabrade.be\/nl\/product\/adelya-penelope-ketting\/","og_locale":"nl_BE","og_type":"article","og_title":"Collier Adelya PENELOPE - La Cabrade","og_description":"Achetez Collier Adelya PENELOPE au meilleur prix. Livraison rapide. Dans votre magasin d'\u00e9quitation en ligne Sellerie La Cabrade","og_url":"https:\/\/la-cabrade.be\/nl\/product\/adelya-penelope-ketting\/","og_site_name":"La Cabrade","article_modified_time":"2026-03-24T11:19:08+00:00","og_image":[{"width":800,"height":800,"url":"https:\/\/la-cabrade.be\/wp-content\/uploads\/2024\/11\/Collier-Adelya-PENELOPE_Bijoux-et-autres_21338_1.jpeg","type":"image\/jpeg"}],"schema":{"@context":"https:\/\/schema.org","@graph":[{"@type":"WebPage","@id":"https:\/\/la-cabrade.be\/produit\/collier-adelya-penelope\/","url":"https:\/\/la-cabrade.be\/produit\/collier-adelya-penelope\/","name":"Collier Adelya PENELOPE - La Cabrade","isPartOf":{"@id":"https:\/\/la-cabrade.be\/#website"},"primaryImageOfPage":{"@id":"https:\/\/la-cabrade.be\/produit\/collier-adelya-penelope\/#primaryimage"},"image":{"@id":"https:\/\/la-cabrade.be\/produit\/collier-adelya-penelope\/#primaryimage"},"thumbnailUrl":"https:\/\/la-cabrade.be\/wp-content\/uploads\/2024\/11\/Collier-Adelya-PENELOPE_Bijoux-et-autres_21338_1.jpeg","datePublished":"2024-11-14T12:21:48+00:00","dateModified":"2026-03-24T11:19:08+00:00","description":"Achetez Collier Adelya PENELOPE au meilleur prix. Livraison rapide. Dans votre magasin d'\u00e9quitation en ligne Sellerie La Cabrade","breadcrumb":{"@id":"https:\/\/la-cabrade.be\/produit\/collier-adelya-penelope\/#breadcrumb"},"inLanguage":"nl-BE","potentialAction":[{"@type":"ReadAction","target":["https:\/\/la-cabrade.be\/produit\/collier-adelya-penelope\/"]}]},{"@type":"ImageObject","inLanguage":"nl-BE","@id":"https:\/\/la-cabrade.be\/produit\/collier-adelya-penelope\/#primaryimage","url":"https:\/\/la-cabrade.be\/wp-content\/uploads\/2024\/11\/Collier-Adelya-PENELOPE_Bijoux-et-autres_21338_1.jpeg","contentUrl":"https:\/\/la-cabrade.be\/wp-content\/uploads\/2024\/11\/Collier-Adelya-PENELOPE_Bijoux-et-autres_21338_1.jpeg","width":800,"height":800,"caption":"Collier Adelya PENELOPE Bijoux et autres 21338 1.jpeg"},{"@type":"BreadcrumbList","@id":"https:\/\/la-cabrade.be\/produit\/collier-adelya-penelope\/#breadcrumb","itemListElement":[{"@type":"ListItem","position":1,"name":"Accueil","item":"https:\/\/la-cabrade.be\/"},{"@type":"ListItem","position":2,"name":"Boutique","item":"https:\/\/la-cabrade.be\/fr\/boutique\/"},{"@type":"ListItem","position":3,"name":"Collier Adelya PENELOPE"}]},{"@type":"WebSite","@id":"https:\/\/la-cabrade.be\/#website","url":"https:\/\/la-cabrade.be\/","name":"La Cabrade","description":"Sellerie en ligne et magasin d\u2019\u00e9quitation \u00e0 Fl\u00e9ron, Li\u00e8ge","publisher":{"@id":"https:\/\/la-cabrade.be\/#organization"},"potentialAction":[{"@type":"SearchAction","target":{"@type":"EntryPoint","urlTemplate":"https:\/\/la-cabrade.be\/?s={search_term_string}"},"query-input":{"@type":"PropertyValueSpecification","valueRequired":true,"valueName":"search_term_string"}}],"inLanguage":"nl-BE"},{"@type":"Organization","@id":"https:\/\/la-cabrade.be\/#organization","name":"La Cabrade","url":"https:\/\/la-cabrade.be\/","logo":{"@type":"ImageObject","inLanguage":"nl-BE","@id":"https:\/\/la-cabrade.be\/#\/schema\/logo\/image\/","url":"https:\/\/la-cabrade.be\/wp-content\/uploads\/2020\/04\/La-Cabrade_logo.svg","contentUrl":"https:\/\/la-cabrade.be\/wp-content\/uploads\/2020\/04\/La-Cabrade_logo.svg","width":900,"height":320,"caption":"La Cabrade"},"image":{"@id":"https:\/\/la-cabrade.be\/#\/schema\/logo\/image\/"}}]}},"brands":[],"_links":{"self":[{"href":"https:\/\/la-cabrade.be\/nl\/wp-json\/wp\/v2\/product\/49995","targetHints":{"allow":["GET"]}}],"collection":[{"href":"https:\/\/la-cabrade.be\/nl\/wp-json\/wp\/v2\/product"}],"about":[{"href":"https:\/\/la-cabrade.be\/nl\/wp-json\/wp\/v2\/types\/product"}],"wp:featuredmedia":[{"embeddable":true,"href":"https:\/\/la-cabrade.be\/nl\/wp-json\/wp\/v2\/media\/49992"}],"wp:attachment":[{"href":"https:\/\/la-cabrade.be\/nl\/wp-json\/wp\/v2\/media?parent=49995"}],"wp:term":[{"taxonomy":"pwb-brand","embeddable":true,"href":"https:\/\/la-cabrade.be\/nl\/wp-json\/wp\/v2\/pwb-brand?post=49995"},{"taxonomy":"product_brand","embeddable":true,"href":"https:\/\/la-cabrade.be\/nl\/wp-json\/wp\/v2\/product_brand?post=49995"},{"taxonomy":"product_cat","embeddable":true,"href":"https:\/\/la-cabrade.be\/nl\/wp-json\/wp\/v2\/product_cat?post=49995"},{"taxonomy":"product_tag","embeddable":true,"href":"https:\/\/la-cabrade.be\/nl\/wp-json\/wp\/v2\/product_tag?post=49995"},{"taxonomy":"giftcard-category","embeddable":true,"href":"https:\/\/la-cabrade.be\/nl\/wp-json\/wp\/v2\/giftcard-category?post=49995"}],"curies":[{"name":"wp","href":"https:\/\/api.w.org\/{rel}","templated":true}]}}