{"id":3703,"date":"2023-08-01T13:43:24","date_gmt":"2023-08-01T12:43:24","guid":{"rendered":"https:\/\/la-cabrade.be\/fr\/produit\/bonnet-wellington-glitter-band-soundless-kentucky\/"},"modified":"2025-05-12T08:11:26","modified_gmt":"2025-05-12T07:11:26","slug":"bonnet-wellington-glitter-band-soundless-kentucky","status":"publish","type":"product","link":"https:\/\/la-cabrade.be\/nl\/product\/wellington-beanie-glitterband-geluidloos-kentucky\/","title":{"rendered":"wellington beanie glitterband geluidloos kentucky"},"content":{"rendered":"<p>Notre Fly Veil Glitter Band combine le look am\u00e9ricain moderne et l\u2019expertise de Kentucky Horsewear. Ce bonnet est crochet\u00e9 \u00e0 la main pour une meilleure durabilit\u00e9. Il poss\u00e8de un pourtour en perles avec une bande de tissu paillet\u00e9. Le tissu autour des oreilles est extensible et ajust\u00e9. Il prot\u00e8ge les oreilles du cheval contre les mouches et le bruit pendant le travail. La partie au niveau du cou est plus longue et ne peut donc pas glisser. Ce bonnet n\u2019a pas de logo visible, le cavalier ou les sponsors peuvent donc broder leur propre logo. Lavage \u00e0 la main uniquement.<\/p>\n<p>- Vliegbescherming met een Amerikaanse look<br \/>\n&#8211; Oreilles plus \u00e9paisses en n\u00e9opr\u00e8ne pour r\u00e9duire le bruit<br \/>\n&#8211; Pourtour en perles et bande de tissu paillet\u00e9<br \/>\n- Kwaliteit handbreien<br \/>\n- Langere stof bij de hals om te voorkomen dat de cup afglijdt<\/p>","protected":false},"excerpt":{"rendered":"<p>Notre Fly Veil Glitter Band combine le look am\u00e9ricain moderne et l\u2019expertise de Kentucky Horsewear. Ce bonnet est crochet\u00e9 \u00e0 la main pour une meilleure durabilit\u00e9. Il poss\u00e8de un pourtour en perles avec une bande de tissu paillet\u00e9. Le tissu autour des oreilles est extensible et ajust\u00e9. Il prot\u00e8ge les oreilles du cheval contre les [&hellip;]<\/p>","protected":false},"featured_media":22868,"template":"","meta":[],"pwb-brand":[614],"product_brand":[],"product_cat":[699],"product_tag":[],"giftcard-category":[],"class_list":{"0":"post-3703","1":"product","2":"type-product","3":"status-publish","4":"has-post-thumbnail","6":"pwb-brand-kentucky","7":"product_cat-bonnets","9":"first","10":"instock","11":"taxable","12":"shipping-taxable","13":"purchasable","14":"product-type-variable","15":"has-default-attributes"},"yoast_head":"<!-- This site is optimized with the Yoast SEO plugin v25.3.1 - https:\/\/yoast.com\/wordpress\/plugins\/seo\/ -->\n<title>Bonnet wellington glitter band soundless kentucky - La Cabrade<\/title>\n<meta name=\"description\" content=\"Achetez Bonnet wellington glitter band soundless kentucky au meilleur prix. Livraison rapide. Dans votre magasin d&#039;\u00e9quitation en ligne Sellerie La Cabrade\" \/>\n<meta name=\"robots\" content=\"index, follow, max-snippet:-1, max-image-preview:large, max-video-preview:-1\" \/>\n<link rel=\"canonical\" href=\"https:\/\/la-cabrade.be\/nl\/product\/wellington-beanie-glitterband-geluidloos-kentucky\/\" \/>\n<meta property=\"og:locale\" content=\"nl_BE\" \/>\n<meta property=\"og:type\" content=\"article\" \/>\n<meta property=\"og:title\" content=\"Bonnet wellington glitter band soundless kentucky - La Cabrade\" \/>\n<meta property=\"og:description\" content=\"Achetez Bonnet wellington glitter band soundless kentucky au meilleur prix. Livraison rapide. Dans votre magasin d&#039;\u00e9quitation en ligne Sellerie La Cabrade\" \/>\n<meta property=\"og:url\" content=\"https:\/\/la-cabrade.be\/nl\/product\/wellington-beanie-glitterband-geluidloos-kentucky\/\" \/>\n<meta property=\"og:site_name\" content=\"La Cabrade\" \/>\n<meta property=\"article:modified_time\" content=\"2025-05-12T07:11:26+00:00\" \/>\n<meta property=\"og:image\" content=\"https:\/\/la-cabrade.be\/wp-content\/uploads\/2023\/11\/BONNET-WELLINGTON-GLITTER-BAND-SOUNDLESS-KENTUCKY_Bonnets_16340_1.jpeg\" \/>\n\t<meta property=\"og:image:width\" content=\"700\" \/>\n\t<meta property=\"og:image:height\" content=\"700\" \/>\n\t<meta property=\"og:image:type\" content=\"image\/jpeg\" \/>\n<meta name=\"twitter:label1\" content=\"Geschatte leestijd\" \/>\n\t<meta name=\"twitter:data1\" content=\"1 minuut\" \/>\n<script type=\"application\/ld+json\" class=\"yoast-schema-graph\">{\"@context\":\"https:\/\/schema.org\",\"@graph\":[{\"@type\":\"WebPage\",\"@id\":\"https:\/\/la-cabrade.be\/produit\/bonnet-wellington-glitter-band-soundless-kentucky\/\",\"url\":\"https:\/\/la-cabrade.be\/produit\/bonnet-wellington-glitter-band-soundless-kentucky\/\",\"name\":\"Bonnet wellington glitter band soundless kentucky - La Cabrade\",\"isPartOf\":{\"@id\":\"https:\/\/la-cabrade.be\/#website\"},\"primaryImageOfPage\":{\"@id\":\"https:\/\/la-cabrade.be\/produit\/bonnet-wellington-glitter-band-soundless-kentucky\/#primaryimage\"},\"image\":{\"@id\":\"https:\/\/la-cabrade.be\/produit\/bonnet-wellington-glitter-band-soundless-kentucky\/#primaryimage\"},\"thumbnailUrl\":\"https:\/\/la-cabrade.be\/wp-content\/uploads\/2023\/11\/BONNET-WELLINGTON-GLITTER-BAND-SOUNDLESS-KENTUCKY_Bonnets_16340_1.jpeg\",\"datePublished\":\"2023-08-01T12:43:24+00:00\",\"dateModified\":\"2025-05-12T07:11:26+00:00\",\"description\":\"Achetez Bonnet wellington glitter band soundless kentucky au meilleur prix. Livraison rapide. Dans votre magasin d'\u00e9quitation en ligne Sellerie La Cabrade\",\"breadcrumb\":{\"@id\":\"https:\/\/la-cabrade.be\/produit\/bonnet-wellington-glitter-band-soundless-kentucky\/#breadcrumb\"},\"inLanguage\":\"nl-BE\",\"potentialAction\":[{\"@type\":\"ReadAction\",\"target\":[\"https:\/\/la-cabrade.be\/produit\/bonnet-wellington-glitter-band-soundless-kentucky\/\"]}]},{\"@type\":\"ImageObject\",\"inLanguage\":\"nl-BE\",\"@id\":\"https:\/\/la-cabrade.be\/produit\/bonnet-wellington-glitter-band-soundless-kentucky\/#primaryimage\",\"url\":\"https:\/\/la-cabrade.be\/wp-content\/uploads\/2023\/11\/BONNET-WELLINGTON-GLITTER-BAND-SOUNDLESS-KENTUCKY_Bonnets_16340_1.jpeg\",\"contentUrl\":\"https:\/\/la-cabrade.be\/wp-content\/uploads\/2023\/11\/BONNET-WELLINGTON-GLITTER-BAND-SOUNDLESS-KENTUCKY_Bonnets_16340_1.jpeg\",\"width\":700,\"height\":700,\"caption\":\"BONNET WELLINGTON GLITTER BAND SOUNDLESS KENTUCKY Bonnets 16340 1.jpeg\"},{\"@type\":\"BreadcrumbList\",\"@id\":\"https:\/\/la-cabrade.be\/produit\/bonnet-wellington-glitter-band-soundless-kentucky\/#breadcrumb\",\"itemListElement\":[{\"@type\":\"ListItem\",\"position\":1,\"name\":\"Accueil\",\"item\":\"https:\/\/la-cabrade.be\/\"},{\"@type\":\"ListItem\",\"position\":2,\"name\":\"Boutique\",\"item\":\"https:\/\/la-cabrade.be\/fr\/boutique\/\"},{\"@type\":\"ListItem\",\"position\":3,\"name\":\"Bonnet wellington glitter band soundless kentucky\"}]},{\"@type\":\"WebSite\",\"@id\":\"https:\/\/la-cabrade.be\/#website\",\"url\":\"https:\/\/la-cabrade.be\/\",\"name\":\"La Cabrade\",\"description\":\"Sellerie en ligne et magasin d\u2019\u00e9quitation \u00e0 Fl\u00e9ron, Li\u00e8ge\",\"publisher\":{\"@id\":\"https:\/\/la-cabrade.be\/#organization\"},\"potentialAction\":[{\"@type\":\"SearchAction\",\"target\":{\"@type\":\"EntryPoint\",\"urlTemplate\":\"https:\/\/la-cabrade.be\/?s={search_term_string}\"},\"query-input\":{\"@type\":\"PropertyValueSpecification\",\"valueRequired\":true,\"valueName\":\"search_term_string\"}}],\"inLanguage\":\"nl-BE\"},{\"@type\":\"Organization\",\"@id\":\"https:\/\/la-cabrade.be\/#organization\",\"name\":\"La Cabrade\",\"url\":\"https:\/\/la-cabrade.be\/\",\"logo\":{\"@type\":\"ImageObject\",\"inLanguage\":\"nl-BE\",\"@id\":\"https:\/\/la-cabrade.be\/#\/schema\/logo\/image\/\",\"url\":\"https:\/\/la-cabrade.be\/wp-content\/uploads\/2020\/04\/La-Cabrade_logo.svg\",\"contentUrl\":\"https:\/\/la-cabrade.be\/wp-content\/uploads\/2020\/04\/La-Cabrade_logo.svg\",\"width\":900,\"height\":320,\"caption\":\"La Cabrade\"},\"image\":{\"@id\":\"https:\/\/la-cabrade.be\/#\/schema\/logo\/image\/\"}}]}<\/script>\n<!-- \/ Yoast SEO plugin. -->","yoast_head_json":{"title":"Bonnet wellington glitter band soundless kentucky - La Cabrade","description":"Achetez Bonnet wellington glitter band soundless kentucky au meilleur prix. Livraison rapide. Dans votre magasin d'\u00e9quitation en ligne Sellerie La Cabrade","robots":{"index":"index","follow":"follow","max-snippet":"max-snippet:-1","max-image-preview":"max-image-preview:large","max-video-preview":"max-video-preview:-1"},"canonical":"https:\/\/la-cabrade.be\/nl\/product\/wellington-beanie-glitterband-geluidloos-kentucky\/","og_locale":"nl_BE","og_type":"article","og_title":"Bonnet wellington glitter band soundless kentucky - La Cabrade","og_description":"Achetez Bonnet wellington glitter band soundless kentucky au meilleur prix. Livraison rapide. Dans votre magasin d'\u00e9quitation en ligne Sellerie La Cabrade","og_url":"https:\/\/la-cabrade.be\/nl\/product\/wellington-beanie-glitterband-geluidloos-kentucky\/","og_site_name":"La Cabrade","article_modified_time":"2025-05-12T07:11:26+00:00","og_image":[{"width":700,"height":700,"url":"https:\/\/la-cabrade.be\/wp-content\/uploads\/2023\/11\/BONNET-WELLINGTON-GLITTER-BAND-SOUNDLESS-KENTUCKY_Bonnets_16340_1.jpeg","type":"image\/jpeg"}],"twitter_misc":{"Geschatte leestijd":"1 minuut"},"schema":{"@context":"https:\/\/schema.org","@graph":[{"@type":"WebPage","@id":"https:\/\/la-cabrade.be\/produit\/bonnet-wellington-glitter-band-soundless-kentucky\/","url":"https:\/\/la-cabrade.be\/produit\/bonnet-wellington-glitter-band-soundless-kentucky\/","name":"Bonnet wellington glitter band soundless kentucky - La Cabrade","isPartOf":{"@id":"https:\/\/la-cabrade.be\/#website"},"primaryImageOfPage":{"@id":"https:\/\/la-cabrade.be\/produit\/bonnet-wellington-glitter-band-soundless-kentucky\/#primaryimage"},"image":{"@id":"https:\/\/la-cabrade.be\/produit\/bonnet-wellington-glitter-band-soundless-kentucky\/#primaryimage"},"thumbnailUrl":"https:\/\/la-cabrade.be\/wp-content\/uploads\/2023\/11\/BONNET-WELLINGTON-GLITTER-BAND-SOUNDLESS-KENTUCKY_Bonnets_16340_1.jpeg","datePublished":"2023-08-01T12:43:24+00:00","dateModified":"2025-05-12T07:11:26+00:00","description":"Achetez Bonnet wellington glitter band soundless kentucky au meilleur prix. Livraison rapide. Dans votre magasin d'\u00e9quitation en ligne Sellerie La Cabrade","breadcrumb":{"@id":"https:\/\/la-cabrade.be\/produit\/bonnet-wellington-glitter-band-soundless-kentucky\/#breadcrumb"},"inLanguage":"nl-BE","potentialAction":[{"@type":"ReadAction","target":["https:\/\/la-cabrade.be\/produit\/bonnet-wellington-glitter-band-soundless-kentucky\/"]}]},{"@type":"ImageObject","inLanguage":"nl-BE","@id":"https:\/\/la-cabrade.be\/produit\/bonnet-wellington-glitter-band-soundless-kentucky\/#primaryimage","url":"https:\/\/la-cabrade.be\/wp-content\/uploads\/2023\/11\/BONNET-WELLINGTON-GLITTER-BAND-SOUNDLESS-KENTUCKY_Bonnets_16340_1.jpeg","contentUrl":"https:\/\/la-cabrade.be\/wp-content\/uploads\/2023\/11\/BONNET-WELLINGTON-GLITTER-BAND-SOUNDLESS-KENTUCKY_Bonnets_16340_1.jpeg","width":700,"height":700,"caption":"BONNET WELLINGTON GLITTER BAND SOUNDLESS KENTUCKY Bonnets 16340 1.jpeg"},{"@type":"BreadcrumbList","@id":"https:\/\/la-cabrade.be\/produit\/bonnet-wellington-glitter-band-soundless-kentucky\/#breadcrumb","itemListElement":[{"@type":"ListItem","position":1,"name":"Accueil","item":"https:\/\/la-cabrade.be\/"},{"@type":"ListItem","position":2,"name":"Boutique","item":"https:\/\/la-cabrade.be\/fr\/boutique\/"},{"@type":"ListItem","position":3,"name":"Bonnet wellington glitter band soundless kentucky"}]},{"@type":"WebSite","@id":"https:\/\/la-cabrade.be\/#website","url":"https:\/\/la-cabrade.be\/","name":"La Cabrade","description":"Sellerie en ligne et magasin d\u2019\u00e9quitation \u00e0 Fl\u00e9ron, Li\u00e8ge","publisher":{"@id":"https:\/\/la-cabrade.be\/#organization"},"potentialAction":[{"@type":"SearchAction","target":{"@type":"EntryPoint","urlTemplate":"https:\/\/la-cabrade.be\/?s={search_term_string}"},"query-input":{"@type":"PropertyValueSpecification","valueRequired":true,"valueName":"search_term_string"}}],"inLanguage":"nl-BE"},{"@type":"Organization","@id":"https:\/\/la-cabrade.be\/#organization","name":"La Cabrade","url":"https:\/\/la-cabrade.be\/","logo":{"@type":"ImageObject","inLanguage":"nl-BE","@id":"https:\/\/la-cabrade.be\/#\/schema\/logo\/image\/","url":"https:\/\/la-cabrade.be\/wp-content\/uploads\/2020\/04\/La-Cabrade_logo.svg","contentUrl":"https:\/\/la-cabrade.be\/wp-content\/uploads\/2020\/04\/La-Cabrade_logo.svg","width":900,"height":320,"caption":"La Cabrade"},"image":{"@id":"https:\/\/la-cabrade.be\/#\/schema\/logo\/image\/"}}]}},"brands":[{"id":614,"name":"Kentucky","slug":"kentucky"}],"_links":{"self":[{"href":"https:\/\/la-cabrade.be\/nl\/wp-json\/wp\/v2\/product\/3703","targetHints":{"allow":["GET"]}}],"collection":[{"href":"https:\/\/la-cabrade.be\/nl\/wp-json\/wp\/v2\/product"}],"about":[{"href":"https:\/\/la-cabrade.be\/nl\/wp-json\/wp\/v2\/types\/product"}],"wp:featuredmedia":[{"embeddable":true,"href":"https:\/\/la-cabrade.be\/nl\/wp-json\/wp\/v2\/media\/22868"}],"wp:attachment":[{"href":"https:\/\/la-cabrade.be\/nl\/wp-json\/wp\/v2\/media?parent=3703"}],"wp:term":[{"taxonomy":"pwb-brand","embeddable":true,"href":"https:\/\/la-cabrade.be\/nl\/wp-json\/wp\/v2\/pwb-brand?post=3703"},{"taxonomy":"product_brand","embeddable":true,"href":"https:\/\/la-cabrade.be\/nl\/wp-json\/wp\/v2\/product_brand?post=3703"},{"taxonomy":"product_cat","embeddable":true,"href":"https:\/\/la-cabrade.be\/nl\/wp-json\/wp\/v2\/product_cat?post=3703"},{"taxonomy":"product_tag","embeddable":true,"href":"https:\/\/la-cabrade.be\/nl\/wp-json\/wp\/v2\/product_tag?post=3703"},{"taxonomy":"giftcard-category","embeddable":true,"href":"https:\/\/la-cabrade.be\/nl\/wp-json\/wp\/v2\/giftcard-category?post=3703"}],"curies":[{"name":"wp","href":"https:\/\/api.w.org\/{rel}","templated":true}]}}