{"id":20695,"date":"2023-10-10T18:24:41","date_gmt":"2023-10-10T17:24:41","guid":{"rendered":"https:\/\/la-cabrade.be\/fr\/produit\/pro-jump-short-veredus\/"},"modified":"2025-03-29T05:18:21","modified_gmt":"2025-03-29T04:18:21","slug":"pro-jump-short-veredus","status":"publish","type":"product","link":"https:\/\/la-cabrade.be\/nl\/product\/pro-jump-kort-veredus\/","title":{"rendered":"Pro Sprong Kort VEREDUS"},"content":{"rendered":"<p>\n<strong>Korte kogelbeschermer met dubbele schaal in overeenstemming met FEI-reglementen<\/strong><br \/>Vetlokbeschermer met dubbele anatomische schaal in schokbestendig polyurethaan, ontworpen om de best mogelijke prestaties uit de achterhand van het paard te halen. Voldoet aan de laatste FEI reglementen.<\/p>\n<ul>\n<li>Dubbele ventilatie<\/li>\n<li>Geventileerde 3D mesh stof<\/li>\n<li>Aerox microgeperforeerd neopreen<\/li>\n<li>Waterdicht<\/li>\n<li>Verwisselbare elastische riem<\/li>\n<\/ul>\n<p><\/p>","protected":false},"excerpt":{"rendered":"<p>Prot\u00e8ge-boulet court double coque conforme aux r\u00e8glementations FEIProt\u00e8ge-boulet avec double coque anatomique en polyur\u00e9thane r\u00e9sistant aux chocs, con\u00e7u pour obtenir la meilleure performance possible des post\u00e9rieurs du cheval. Conforme aux derni\u00e8res r\u00e8glementations FEI. Double ventilation Tissu 3D mesh ventil\u00e9 N\u00e9opr\u00e8ne microperfor\u00e9 Aerox Waterproof Lani\u00e8re \u00e9lastique interchangeable<\/p>","protected":false},"featured_media":47105,"template":"","meta":[],"pwb-brand":[654],"product_brand":[],"product_cat":[805],"product_tag":[],"giftcard-category":[],"class_list":{"0":"post-20695","1":"product","2":"type-product","3":"status-publish","4":"has-post-thumbnail","6":"pwb-brand-veredus","7":"product_cat-proteges-boulets","9":"first","10":"instock","11":"taxable","12":"shipping-taxable","13":"purchasable","14":"product-type-variable","15":"has-default-attributes"},"yoast_head":"<!-- This site is optimized with the Yoast SEO plugin v25.3.1 - https:\/\/yoast.com\/wordpress\/plugins\/seo\/ -->\n<title>Pro Jump Short VEREDUS - La Cabrade<\/title>\n<meta name=\"description\" content=\"Achetez Pro Jump Short VEREDUS au meilleur prix. Livraison rapide. Dans votre magasin d&#039;\u00e9quitation en ligne Sellerie La Cabrade\" \/>\n<meta name=\"robots\" content=\"index, follow, max-snippet:-1, max-image-preview:large, max-video-preview:-1\" \/>\n<link rel=\"canonical\" href=\"https:\/\/la-cabrade.be\/nl\/product\/pro-jump-kort-veredus\/\" \/>\n<meta property=\"og:locale\" content=\"nl_BE\" \/>\n<meta property=\"og:type\" content=\"article\" \/>\n<meta property=\"og:title\" content=\"Pro Jump Short VEREDUS - La Cabrade\" \/>\n<meta property=\"og:description\" content=\"Achetez Pro Jump Short VEREDUS au meilleur prix. Livraison rapide. Dans votre magasin d&#039;\u00e9quitation en ligne Sellerie La Cabrade\" \/>\n<meta property=\"og:url\" content=\"https:\/\/la-cabrade.be\/nl\/product\/pro-jump-kort-veredus\/\" \/>\n<meta property=\"og:site_name\" content=\"La Cabrade\" \/>\n<meta property=\"article:modified_time\" content=\"2025-03-29T04:18:21+00:00\" \/>\n<meta property=\"og:image\" content=\"https:\/\/la-cabrade.be\/wp-content\/uploads\/2024\/07\/Pro-Jump-Short-VEREDUS_Proteges-boulets_11392_1-4.jpeg\" \/>\n\t<meta property=\"og:image:width\" content=\"1000\" \/>\n\t<meta property=\"og:image:height\" content=\"1000\" \/>\n\t<meta property=\"og:image:type\" content=\"image\/jpeg\" \/>\n<script type=\"application\/ld+json\" class=\"yoast-schema-graph\">{\"@context\":\"https:\/\/schema.org\",\"@graph\":[{\"@type\":\"WebPage\",\"@id\":\"https:\/\/la-cabrade.be\/produit\/pro-jump-short-veredus\/\",\"url\":\"https:\/\/la-cabrade.be\/produit\/pro-jump-short-veredus\/\",\"name\":\"Pro Jump Short VEREDUS - La Cabrade\",\"isPartOf\":{\"@id\":\"https:\/\/la-cabrade.be\/#website\"},\"primaryImageOfPage\":{\"@id\":\"https:\/\/la-cabrade.be\/produit\/pro-jump-short-veredus\/#primaryimage\"},\"image\":{\"@id\":\"https:\/\/la-cabrade.be\/produit\/pro-jump-short-veredus\/#primaryimage\"},\"thumbnailUrl\":\"https:\/\/la-cabrade.be\/wp-content\/uploads\/2024\/07\/Pro-Jump-Short-VEREDUS_Proteges-boulets_11392_1-4.jpeg\",\"datePublished\":\"2023-10-10T17:24:41+00:00\",\"dateModified\":\"2025-03-29T04:18:21+00:00\",\"description\":\"Achetez Pro Jump Short VEREDUS au meilleur prix. Livraison rapide. Dans votre magasin d'\u00e9quitation en ligne Sellerie La Cabrade\",\"breadcrumb\":{\"@id\":\"https:\/\/la-cabrade.be\/produit\/pro-jump-short-veredus\/#breadcrumb\"},\"inLanguage\":\"nl-BE\",\"potentialAction\":[{\"@type\":\"ReadAction\",\"target\":[\"https:\/\/la-cabrade.be\/produit\/pro-jump-short-veredus\/\"]}]},{\"@type\":\"ImageObject\",\"inLanguage\":\"nl-BE\",\"@id\":\"https:\/\/la-cabrade.be\/produit\/pro-jump-short-veredus\/#primaryimage\",\"url\":\"https:\/\/la-cabrade.be\/wp-content\/uploads\/2024\/07\/Pro-Jump-Short-VEREDUS_Proteges-boulets_11392_1-4.jpeg\",\"contentUrl\":\"https:\/\/la-cabrade.be\/wp-content\/uploads\/2024\/07\/Pro-Jump-Short-VEREDUS_Proteges-boulets_11392_1-4.jpeg\",\"width\":1000,\"height\":1000,\"caption\":\"Pro Jump Short VEREDUS Proteges boulets 11392 1.jpeg\"},{\"@type\":\"BreadcrumbList\",\"@id\":\"https:\/\/la-cabrade.be\/produit\/pro-jump-short-veredus\/#breadcrumb\",\"itemListElement\":[{\"@type\":\"ListItem\",\"position\":1,\"name\":\"Accueil\",\"item\":\"https:\/\/la-cabrade.be\/\"},{\"@type\":\"ListItem\",\"position\":2,\"name\":\"Boutique\",\"item\":\"https:\/\/la-cabrade.be\/fr\/boutique\/\"},{\"@type\":\"ListItem\",\"position\":3,\"name\":\"Pro Jump Short VEREDUS\"}]},{\"@type\":\"WebSite\",\"@id\":\"https:\/\/la-cabrade.be\/#website\",\"url\":\"https:\/\/la-cabrade.be\/\",\"name\":\"La Cabrade\",\"description\":\"Sellerie en ligne et magasin d\u2019\u00e9quitation \u00e0 Fl\u00e9ron, Li\u00e8ge\",\"publisher\":{\"@id\":\"https:\/\/la-cabrade.be\/#organization\"},\"potentialAction\":[{\"@type\":\"SearchAction\",\"target\":{\"@type\":\"EntryPoint\",\"urlTemplate\":\"https:\/\/la-cabrade.be\/?s={search_term_string}\"},\"query-input\":{\"@type\":\"PropertyValueSpecification\",\"valueRequired\":true,\"valueName\":\"search_term_string\"}}],\"inLanguage\":\"nl-BE\"},{\"@type\":\"Organization\",\"@id\":\"https:\/\/la-cabrade.be\/#organization\",\"name\":\"La Cabrade\",\"url\":\"https:\/\/la-cabrade.be\/\",\"logo\":{\"@type\":\"ImageObject\",\"inLanguage\":\"nl-BE\",\"@id\":\"https:\/\/la-cabrade.be\/#\/schema\/logo\/image\/\",\"url\":\"https:\/\/la-cabrade.be\/wp-content\/uploads\/2020\/04\/La-Cabrade_logo.svg\",\"contentUrl\":\"https:\/\/la-cabrade.be\/wp-content\/uploads\/2020\/04\/La-Cabrade_logo.svg\",\"width\":900,\"height\":320,\"caption\":\"La Cabrade\"},\"image\":{\"@id\":\"https:\/\/la-cabrade.be\/#\/schema\/logo\/image\/\"}}]}<\/script>\n<!-- \/ Yoast SEO plugin. -->","yoast_head_json":{"title":"Pro Jump Short VEREDUS - La Cabrade","description":"Achetez Pro Jump Short VEREDUS au meilleur prix. Livraison rapide. Dans votre magasin d'\u00e9quitation en ligne Sellerie La Cabrade","robots":{"index":"index","follow":"follow","max-snippet":"max-snippet:-1","max-image-preview":"max-image-preview:large","max-video-preview":"max-video-preview:-1"},"canonical":"https:\/\/la-cabrade.be\/nl\/product\/pro-jump-kort-veredus\/","og_locale":"nl_BE","og_type":"article","og_title":"Pro Jump Short VEREDUS - La Cabrade","og_description":"Achetez Pro Jump Short VEREDUS au meilleur prix. Livraison rapide. Dans votre magasin d'\u00e9quitation en ligne Sellerie La Cabrade","og_url":"https:\/\/la-cabrade.be\/nl\/product\/pro-jump-kort-veredus\/","og_site_name":"La Cabrade","article_modified_time":"2025-03-29T04:18:21+00:00","og_image":[{"width":1000,"height":1000,"url":"https:\/\/la-cabrade.be\/wp-content\/uploads\/2024\/07\/Pro-Jump-Short-VEREDUS_Proteges-boulets_11392_1-4.jpeg","type":"image\/jpeg"}],"schema":{"@context":"https:\/\/schema.org","@graph":[{"@type":"WebPage","@id":"https:\/\/la-cabrade.be\/produit\/pro-jump-short-veredus\/","url":"https:\/\/la-cabrade.be\/produit\/pro-jump-short-veredus\/","name":"Pro Jump Short VEREDUS - La Cabrade","isPartOf":{"@id":"https:\/\/la-cabrade.be\/#website"},"primaryImageOfPage":{"@id":"https:\/\/la-cabrade.be\/produit\/pro-jump-short-veredus\/#primaryimage"},"image":{"@id":"https:\/\/la-cabrade.be\/produit\/pro-jump-short-veredus\/#primaryimage"},"thumbnailUrl":"https:\/\/la-cabrade.be\/wp-content\/uploads\/2024\/07\/Pro-Jump-Short-VEREDUS_Proteges-boulets_11392_1-4.jpeg","datePublished":"2023-10-10T17:24:41+00:00","dateModified":"2025-03-29T04:18:21+00:00","description":"Achetez Pro Jump Short VEREDUS au meilleur prix. Livraison rapide. Dans votre magasin d'\u00e9quitation en ligne Sellerie La Cabrade","breadcrumb":{"@id":"https:\/\/la-cabrade.be\/produit\/pro-jump-short-veredus\/#breadcrumb"},"inLanguage":"nl-BE","potentialAction":[{"@type":"ReadAction","target":["https:\/\/la-cabrade.be\/produit\/pro-jump-short-veredus\/"]}]},{"@type":"ImageObject","inLanguage":"nl-BE","@id":"https:\/\/la-cabrade.be\/produit\/pro-jump-short-veredus\/#primaryimage","url":"https:\/\/la-cabrade.be\/wp-content\/uploads\/2024\/07\/Pro-Jump-Short-VEREDUS_Proteges-boulets_11392_1-4.jpeg","contentUrl":"https:\/\/la-cabrade.be\/wp-content\/uploads\/2024\/07\/Pro-Jump-Short-VEREDUS_Proteges-boulets_11392_1-4.jpeg","width":1000,"height":1000,"caption":"Pro Jump Short VEREDUS Proteges boulets 11392 1.jpeg"},{"@type":"BreadcrumbList","@id":"https:\/\/la-cabrade.be\/produit\/pro-jump-short-veredus\/#breadcrumb","itemListElement":[{"@type":"ListItem","position":1,"name":"Accueil","item":"https:\/\/la-cabrade.be\/"},{"@type":"ListItem","position":2,"name":"Boutique","item":"https:\/\/la-cabrade.be\/fr\/boutique\/"},{"@type":"ListItem","position":3,"name":"Pro Jump Short VEREDUS"}]},{"@type":"WebSite","@id":"https:\/\/la-cabrade.be\/#website","url":"https:\/\/la-cabrade.be\/","name":"La Cabrade","description":"Sellerie en ligne et magasin d\u2019\u00e9quitation \u00e0 Fl\u00e9ron, Li\u00e8ge","publisher":{"@id":"https:\/\/la-cabrade.be\/#organization"},"potentialAction":[{"@type":"SearchAction","target":{"@type":"EntryPoint","urlTemplate":"https:\/\/la-cabrade.be\/?s={search_term_string}"},"query-input":{"@type":"PropertyValueSpecification","valueRequired":true,"valueName":"search_term_string"}}],"inLanguage":"nl-BE"},{"@type":"Organization","@id":"https:\/\/la-cabrade.be\/#organization","name":"La Cabrade","url":"https:\/\/la-cabrade.be\/","logo":{"@type":"ImageObject","inLanguage":"nl-BE","@id":"https:\/\/la-cabrade.be\/#\/schema\/logo\/image\/","url":"https:\/\/la-cabrade.be\/wp-content\/uploads\/2020\/04\/La-Cabrade_logo.svg","contentUrl":"https:\/\/la-cabrade.be\/wp-content\/uploads\/2020\/04\/La-Cabrade_logo.svg","width":900,"height":320,"caption":"La Cabrade"},"image":{"@id":"https:\/\/la-cabrade.be\/#\/schema\/logo\/image\/"}}]}},"brands":[{"id":654,"name":"Veredus","slug":"veredus"}],"_links":{"self":[{"href":"https:\/\/la-cabrade.be\/nl\/wp-json\/wp\/v2\/product\/20695","targetHints":{"allow":["GET"]}}],"collection":[{"href":"https:\/\/la-cabrade.be\/nl\/wp-json\/wp\/v2\/product"}],"about":[{"href":"https:\/\/la-cabrade.be\/nl\/wp-json\/wp\/v2\/types\/product"}],"wp:featuredmedia":[{"embeddable":true,"href":"https:\/\/la-cabrade.be\/nl\/wp-json\/wp\/v2\/media\/47105"}],"wp:attachment":[{"href":"https:\/\/la-cabrade.be\/nl\/wp-json\/wp\/v2\/media?parent=20695"}],"wp:term":[{"taxonomy":"pwb-brand","embeddable":true,"href":"https:\/\/la-cabrade.be\/nl\/wp-json\/wp\/v2\/pwb-brand?post=20695"},{"taxonomy":"product_brand","embeddable":true,"href":"https:\/\/la-cabrade.be\/nl\/wp-json\/wp\/v2\/product_brand?post=20695"},{"taxonomy":"product_cat","embeddable":true,"href":"https:\/\/la-cabrade.be\/nl\/wp-json\/wp\/v2\/product_cat?post=20695"},{"taxonomy":"product_tag","embeddable":true,"href":"https:\/\/la-cabrade.be\/nl\/wp-json\/wp\/v2\/product_tag?post=20695"},{"taxonomy":"giftcard-category","embeddable":true,"href":"https:\/\/la-cabrade.be\/nl\/wp-json\/wp\/v2\/giftcard-category?post=20695"}],"curies":[{"name":"wp","href":"https:\/\/api.w.org\/{rel}","templated":true}]}}