{"id":20378,"date":"2023-10-10T15:34:38","date_gmt":"2023-10-10T14:34:38","guid":{"rendered":"https:\/\/la-cabrade.be\/fr\/produit\/pantalon-grip-genoux-homme-cavalleria-toscana\/"},"modified":"2026-03-20T17:26:35","modified_gmt":"2026-03-20T16:26:35","slug":"pantalon-grip-genoux-homme-cavalleria-toscana","status":"publish","type":"product","link":"https:\/\/la-cabrade.be\/nl\/product\/cavalleria-toscana-heren-kniebroek\/","title":{"rendered":"Heren kniebroek cavalleria toscana"},"content":{"rendered":"<p>Pantalon blanc pour homme de la marque Cavalleria Toscana<br \/>\nConqu\u00e9rir la sc\u00e8ne avec cette culotte pour homme con\u00e7ue pour la comp\u00e9tition. La poign\u00e9e au genou assure une bonne prise et la poche lat\u00e9rale offre confort et praticit\u00e9. Rembourr\u00e9e avec le logo de Cavalleria Toscana, elle repr\u00e9sente l&rsquo;essence de la qualit\u00e9 et de l&rsquo;innovation.<br \/>\n78% POLYAMIDE \/ NYLON22% ELASTANE \/ SPANDEX<\/p>","protected":false},"excerpt":{"rendered":"<p>Pantalon blanc pour homme de la marque Cavalleria Toscana Conqu\u00e9rir la sc\u00e8ne avec cette culotte pour homme con\u00e7ue pour la comp\u00e9tition. La poign\u00e9e au genou assure une bonne prise et la poche lat\u00e9rale offre confort et praticit\u00e9. Rembourr\u00e9e avec le logo de Cavalleria Toscana, elle repr\u00e9sente l&rsquo;essence de la qualit\u00e9 et de l&rsquo;innovation. 78% POLYAMIDE [&hellip;]<\/p>","protected":false},"featured_media":32487,"template":"","meta":[],"pwb-brand":[576],"product_brand":[],"product_cat":[793],"product_tag":[],"giftcard-category":[],"class_list":{"0":"post-20378","1":"product","2":"type-product","3":"status-publish","4":"has-post-thumbnail","6":"pwb-brand-cavalleria-toscana","7":"product_cat-pantalons-concours","9":"first","10":"outofstock","11":"taxable","12":"shipping-taxable","13":"purchasable","14":"product-type-variable","15":"has-default-attributes"},"yoast_head":"<!-- This site is optimized with the Yoast SEO plugin v25.3.1 - https:\/\/yoast.com\/wordpress\/plugins\/seo\/ -->\n<title>Pantalon grip genoux homme cavalleria toscana - La Cabrade<\/title>\n<meta name=\"description\" content=\"Achetez Pantalon grip genoux homme cavalleria toscana au meilleur prix. Livraison rapide. Dans votre magasin d&#039;\u00e9quitation en ligne Sellerie La Cabrade\" \/>\n<meta name=\"robots\" content=\"index, follow, max-snippet:-1, max-image-preview:large, max-video-preview:-1\" \/>\n<link rel=\"canonical\" href=\"https:\/\/la-cabrade.be\/nl\/product\/cavalleria-toscana-heren-kniebroek\/\" \/>\n<meta property=\"og:locale\" content=\"nl_BE\" \/>\n<meta property=\"og:type\" content=\"article\" \/>\n<meta property=\"og:title\" content=\"Pantalon grip genoux homme cavalleria toscana - La Cabrade\" \/>\n<meta property=\"og:description\" content=\"Achetez Pantalon grip genoux homme cavalleria toscana au meilleur prix. Livraison rapide. Dans votre magasin d&#039;\u00e9quitation en ligne Sellerie La Cabrade\" \/>\n<meta property=\"og:url\" content=\"https:\/\/la-cabrade.be\/nl\/product\/cavalleria-toscana-heren-kniebroek\/\" \/>\n<meta property=\"og:site_name\" content=\"La Cabrade\" \/>\n<meta property=\"article:modified_time\" content=\"2026-03-20T16:26:35+00:00\" \/>\n<meta property=\"og:image\" content=\"https:\/\/la-cabrade.be\/wp-content\/uploads\/2023\/11\/PANTALON-GRIP-GENOUX-HOMME-CAVALLERIA-TOSCANA_Pantalons_18920_1-4.jpeg\" \/>\n\t<meta property=\"og:image:width\" content=\"800\" \/>\n\t<meta property=\"og:image:height\" content=\"800\" \/>\n\t<meta property=\"og:image:type\" content=\"image\/jpeg\" \/>\n<script type=\"application\/ld+json\" class=\"yoast-schema-graph\">{\"@context\":\"https:\/\/schema.org\",\"@graph\":[{\"@type\":\"WebPage\",\"@id\":\"https:\/\/la-cabrade.be\/produit\/pantalon-grip-genoux-homme-cavalleria-toscana\/\",\"url\":\"https:\/\/la-cabrade.be\/produit\/pantalon-grip-genoux-homme-cavalleria-toscana\/\",\"name\":\"Pantalon grip genoux homme cavalleria toscana - La Cabrade\",\"isPartOf\":{\"@id\":\"https:\/\/la-cabrade.be\/#website\"},\"primaryImageOfPage\":{\"@id\":\"https:\/\/la-cabrade.be\/produit\/pantalon-grip-genoux-homme-cavalleria-toscana\/#primaryimage\"},\"image\":{\"@id\":\"https:\/\/la-cabrade.be\/produit\/pantalon-grip-genoux-homme-cavalleria-toscana\/#primaryimage\"},\"thumbnailUrl\":\"https:\/\/la-cabrade.be\/wp-content\/uploads\/2023\/11\/PANTALON-GRIP-GENOUX-HOMME-CAVALLERIA-TOSCANA_Pantalons_18920_1-4.jpeg\",\"datePublished\":\"2023-10-10T14:34:38+00:00\",\"dateModified\":\"2026-03-20T16:26:35+00:00\",\"description\":\"Achetez Pantalon grip genoux homme cavalleria toscana au meilleur prix. Livraison rapide. Dans votre magasin d'\u00e9quitation en ligne Sellerie La Cabrade\",\"breadcrumb\":{\"@id\":\"https:\/\/la-cabrade.be\/produit\/pantalon-grip-genoux-homme-cavalleria-toscana\/#breadcrumb\"},\"inLanguage\":\"nl-BE\",\"potentialAction\":[{\"@type\":\"ReadAction\",\"target\":[\"https:\/\/la-cabrade.be\/produit\/pantalon-grip-genoux-homme-cavalleria-toscana\/\"]}]},{\"@type\":\"ImageObject\",\"inLanguage\":\"nl-BE\",\"@id\":\"https:\/\/la-cabrade.be\/produit\/pantalon-grip-genoux-homme-cavalleria-toscana\/#primaryimage\",\"url\":\"https:\/\/la-cabrade.be\/wp-content\/uploads\/2023\/11\/PANTALON-GRIP-GENOUX-HOMME-CAVALLERIA-TOSCANA_Pantalons_18920_1-4.jpeg\",\"contentUrl\":\"https:\/\/la-cabrade.be\/wp-content\/uploads\/2023\/11\/PANTALON-GRIP-GENOUX-HOMME-CAVALLERIA-TOSCANA_Pantalons_18920_1-4.jpeg\",\"width\":800,\"height\":800,\"caption\":\"PANTALON GRIP GENOUX HOMME CAVALLERIA TOSCANA Pantalons 18920 1.jpeg\"},{\"@type\":\"BreadcrumbList\",\"@id\":\"https:\/\/la-cabrade.be\/produit\/pantalon-grip-genoux-homme-cavalleria-toscana\/#breadcrumb\",\"itemListElement\":[{\"@type\":\"ListItem\",\"position\":1,\"name\":\"Accueil\",\"item\":\"https:\/\/la-cabrade.be\/\"},{\"@type\":\"ListItem\",\"position\":2,\"name\":\"Boutique\",\"item\":\"https:\/\/la-cabrade.be\/fr\/boutique\/\"},{\"@type\":\"ListItem\",\"position\":3,\"name\":\"Pantalon grip genoux homme cavalleria toscana\"}]},{\"@type\":\"WebSite\",\"@id\":\"https:\/\/la-cabrade.be\/#website\",\"url\":\"https:\/\/la-cabrade.be\/\",\"name\":\"La Cabrade\",\"description\":\"Sellerie en ligne et magasin d\u2019\u00e9quitation \u00e0 Fl\u00e9ron, Li\u00e8ge\",\"publisher\":{\"@id\":\"https:\/\/la-cabrade.be\/#organization\"},\"potentialAction\":[{\"@type\":\"SearchAction\",\"target\":{\"@type\":\"EntryPoint\",\"urlTemplate\":\"https:\/\/la-cabrade.be\/?s={search_term_string}\"},\"query-input\":{\"@type\":\"PropertyValueSpecification\",\"valueRequired\":true,\"valueName\":\"search_term_string\"}}],\"inLanguage\":\"nl-BE\"},{\"@type\":\"Organization\",\"@id\":\"https:\/\/la-cabrade.be\/#organization\",\"name\":\"La Cabrade\",\"url\":\"https:\/\/la-cabrade.be\/\",\"logo\":{\"@type\":\"ImageObject\",\"inLanguage\":\"nl-BE\",\"@id\":\"https:\/\/la-cabrade.be\/#\/schema\/logo\/image\/\",\"url\":\"https:\/\/la-cabrade.be\/wp-content\/uploads\/2020\/04\/La-Cabrade_logo.svg\",\"contentUrl\":\"https:\/\/la-cabrade.be\/wp-content\/uploads\/2020\/04\/La-Cabrade_logo.svg\",\"width\":900,\"height\":320,\"caption\":\"La Cabrade\"},\"image\":{\"@id\":\"https:\/\/la-cabrade.be\/#\/schema\/logo\/image\/\"}}]}<\/script>\n<!-- \/ Yoast SEO plugin. -->","yoast_head_json":{"title":"Pantalon grip genoux homme cavalleria toscana - La Cabrade","description":"Achetez Pantalon grip genoux homme cavalleria toscana au meilleur prix. Livraison rapide. Dans votre magasin d'\u00e9quitation en ligne Sellerie La Cabrade","robots":{"index":"index","follow":"follow","max-snippet":"max-snippet:-1","max-image-preview":"max-image-preview:large","max-video-preview":"max-video-preview:-1"},"canonical":"https:\/\/la-cabrade.be\/nl\/product\/cavalleria-toscana-heren-kniebroek\/","og_locale":"nl_BE","og_type":"article","og_title":"Pantalon grip genoux homme cavalleria toscana - La Cabrade","og_description":"Achetez Pantalon grip genoux homme cavalleria toscana au meilleur prix. Livraison rapide. Dans votre magasin d'\u00e9quitation en ligne Sellerie La Cabrade","og_url":"https:\/\/la-cabrade.be\/nl\/product\/cavalleria-toscana-heren-kniebroek\/","og_site_name":"La Cabrade","article_modified_time":"2026-03-20T16:26:35+00:00","og_image":[{"width":800,"height":800,"url":"https:\/\/la-cabrade.be\/wp-content\/uploads\/2023\/11\/PANTALON-GRIP-GENOUX-HOMME-CAVALLERIA-TOSCANA_Pantalons_18920_1-4.jpeg","type":"image\/jpeg"}],"schema":{"@context":"https:\/\/schema.org","@graph":[{"@type":"WebPage","@id":"https:\/\/la-cabrade.be\/produit\/pantalon-grip-genoux-homme-cavalleria-toscana\/","url":"https:\/\/la-cabrade.be\/produit\/pantalon-grip-genoux-homme-cavalleria-toscana\/","name":"Pantalon grip genoux homme cavalleria toscana - La Cabrade","isPartOf":{"@id":"https:\/\/la-cabrade.be\/#website"},"primaryImageOfPage":{"@id":"https:\/\/la-cabrade.be\/produit\/pantalon-grip-genoux-homme-cavalleria-toscana\/#primaryimage"},"image":{"@id":"https:\/\/la-cabrade.be\/produit\/pantalon-grip-genoux-homme-cavalleria-toscana\/#primaryimage"},"thumbnailUrl":"https:\/\/la-cabrade.be\/wp-content\/uploads\/2023\/11\/PANTALON-GRIP-GENOUX-HOMME-CAVALLERIA-TOSCANA_Pantalons_18920_1-4.jpeg","datePublished":"2023-10-10T14:34:38+00:00","dateModified":"2026-03-20T16:26:35+00:00","description":"Achetez Pantalon grip genoux homme cavalleria toscana au meilleur prix. Livraison rapide. Dans votre magasin d'\u00e9quitation en ligne Sellerie La Cabrade","breadcrumb":{"@id":"https:\/\/la-cabrade.be\/produit\/pantalon-grip-genoux-homme-cavalleria-toscana\/#breadcrumb"},"inLanguage":"nl-BE","potentialAction":[{"@type":"ReadAction","target":["https:\/\/la-cabrade.be\/produit\/pantalon-grip-genoux-homme-cavalleria-toscana\/"]}]},{"@type":"ImageObject","inLanguage":"nl-BE","@id":"https:\/\/la-cabrade.be\/produit\/pantalon-grip-genoux-homme-cavalleria-toscana\/#primaryimage","url":"https:\/\/la-cabrade.be\/wp-content\/uploads\/2023\/11\/PANTALON-GRIP-GENOUX-HOMME-CAVALLERIA-TOSCANA_Pantalons_18920_1-4.jpeg","contentUrl":"https:\/\/la-cabrade.be\/wp-content\/uploads\/2023\/11\/PANTALON-GRIP-GENOUX-HOMME-CAVALLERIA-TOSCANA_Pantalons_18920_1-4.jpeg","width":800,"height":800,"caption":"PANTALON GRIP GENOUX HOMME CAVALLERIA TOSCANA Pantalons 18920 1.jpeg"},{"@type":"BreadcrumbList","@id":"https:\/\/la-cabrade.be\/produit\/pantalon-grip-genoux-homme-cavalleria-toscana\/#breadcrumb","itemListElement":[{"@type":"ListItem","position":1,"name":"Accueil","item":"https:\/\/la-cabrade.be\/"},{"@type":"ListItem","position":2,"name":"Boutique","item":"https:\/\/la-cabrade.be\/fr\/boutique\/"},{"@type":"ListItem","position":3,"name":"Pantalon grip genoux homme cavalleria toscana"}]},{"@type":"WebSite","@id":"https:\/\/la-cabrade.be\/#website","url":"https:\/\/la-cabrade.be\/","name":"La Cabrade","description":"Sellerie en ligne et magasin d\u2019\u00e9quitation \u00e0 Fl\u00e9ron, Li\u00e8ge","publisher":{"@id":"https:\/\/la-cabrade.be\/#organization"},"potentialAction":[{"@type":"SearchAction","target":{"@type":"EntryPoint","urlTemplate":"https:\/\/la-cabrade.be\/?s={search_term_string}"},"query-input":{"@type":"PropertyValueSpecification","valueRequired":true,"valueName":"search_term_string"}}],"inLanguage":"nl-BE"},{"@type":"Organization","@id":"https:\/\/la-cabrade.be\/#organization","name":"La Cabrade","url":"https:\/\/la-cabrade.be\/","logo":{"@type":"ImageObject","inLanguage":"nl-BE","@id":"https:\/\/la-cabrade.be\/#\/schema\/logo\/image\/","url":"https:\/\/la-cabrade.be\/wp-content\/uploads\/2020\/04\/La-Cabrade_logo.svg","contentUrl":"https:\/\/la-cabrade.be\/wp-content\/uploads\/2020\/04\/La-Cabrade_logo.svg","width":900,"height":320,"caption":"La Cabrade"},"image":{"@id":"https:\/\/la-cabrade.be\/#\/schema\/logo\/image\/"}}]}},"brands":[{"id":576,"name":"Cavalleria Toscana","slug":"cavalleria-toscana"}],"_links":{"self":[{"href":"https:\/\/la-cabrade.be\/nl\/wp-json\/wp\/v2\/product\/20378","targetHints":{"allow":["GET"]}}],"collection":[{"href":"https:\/\/la-cabrade.be\/nl\/wp-json\/wp\/v2\/product"}],"about":[{"href":"https:\/\/la-cabrade.be\/nl\/wp-json\/wp\/v2\/types\/product"}],"wp:featuredmedia":[{"embeddable":true,"href":"https:\/\/la-cabrade.be\/nl\/wp-json\/wp\/v2\/media\/32487"}],"wp:attachment":[{"href":"https:\/\/la-cabrade.be\/nl\/wp-json\/wp\/v2\/media?parent=20378"}],"wp:term":[{"taxonomy":"pwb-brand","embeddable":true,"href":"https:\/\/la-cabrade.be\/nl\/wp-json\/wp\/v2\/pwb-brand?post=20378"},{"taxonomy":"product_brand","embeddable":true,"href":"https:\/\/la-cabrade.be\/nl\/wp-json\/wp\/v2\/product_brand?post=20378"},{"taxonomy":"product_cat","embeddable":true,"href":"https:\/\/la-cabrade.be\/nl\/wp-json\/wp\/v2\/product_cat?post=20378"},{"taxonomy":"product_tag","embeddable":true,"href":"https:\/\/la-cabrade.be\/nl\/wp-json\/wp\/v2\/product_tag?post=20378"},{"taxonomy":"giftcard-category","embeddable":true,"href":"https:\/\/la-cabrade.be\/nl\/wp-json\/wp\/v2\/giftcard-category?post=20378"}],"curies":[{"name":"wp","href":"https:\/\/api.w.org\/{rel}","templated":true}]}}