{"id":20260,"date":"2023-10-10T15:32:23","date_gmt":"2023-10-10T14:32:23","guid":{"rendered":"https:\/\/la-cabrade.be\/fr\/produit\/mors-sensitive-793-980000\/"},"modified":"2025-12-11T04:12:17","modified_gmt":"2025-12-11T03:12:17","slug":"mors-sensitive-793-980000","status":"publish","type":"product","link":"https:\/\/la-cabrade.be\/nl\/product\/gevoelig-bit-793-980000\/","title":{"rendered":"Gevoelige bits 793-980000"},"content":{"rendered":"<p>Les chevaux aiment ce nouveau mors Acavallo pour une grande vari\u00e9t\u00e9 de raisons:<\/p>\n<p>&#8211; Il est fait d&rsquo;un mat\u00e9riau plastique innovant et anti-allergique \u00e0 la place d&rsquo;une tige m\u00e9tallique lourde et froide.<\/p>\n<p>&#8211; Son embouchure l\u00e9g\u00e8rement arqu\u00e9e et aplatie assure une pression uniforme sur la langue, le pli et les coins de la bouche, le cas \u00e9ch\u00e9ant.<\/p>\n<p>&#8211; La conception en une seule pi\u00e8ce de l&#8217;embouchure et des anneaux emp\u00eache une compression unilat\u00e9rale ou un pincement de la langue ou du pian, ainsi que des irritations douloureuses du palais (pas d&rsquo;effet \u00abcasse-noisette\u00bb).<\/p>\n<p>&#8211; Il augmente la confiance du cheval dans la main du cavalier en raison de son positionnement correct et confortable dans la bouche, aidant le cheval \u00e0 trouver son propre \u00e9quilibre.<\/p>\n<p>&#8211; Gr\u00e2ce \u00e0 son renfort de c\u00e2ble d&rsquo;acier flexible et int\u00e9gr\u00e9, ce mors assure un contr\u00f4le doux et tr\u00e8s s\u00fbr du cheval. Un choix id\u00e9al surtout pour la formation des jeunes chevaux mais \u00e9galement pour la correction des chevaux difficiles.<\/p>\n<p>Taille unique 135 mm<\/p>\n<p>Fabriqu\u00e9 en Italie<\/p>","protected":false},"excerpt":{"rendered":"<p>Les chevaux aiment ce nouveau mors Acavallo pour une grande vari\u00e9t\u00e9 de raisons: &#8211; Il est fait d&rsquo;un mat\u00e9riau plastique innovant et anti-allergique \u00e0 la place d&rsquo;une tige m\u00e9tallique lourde et froide. &#8211; Son embouchure l\u00e9g\u00e8rement arqu\u00e9e et aplatie assure une pression uniforme sur la langue, le pli et les coins de la bouche, le [&hellip;]<\/p>","protected":false},"featured_media":30940,"template":"","meta":[],"pwb-brand":[566],"product_brand":[],"product_cat":[823],"product_tag":[],"giftcard-category":[],"class_list":{"0":"post-20260","1":"product","2":"type-product","3":"status-publish","4":"has-post-thumbnail","6":"pwb-brand-acavallo","7":"product_cat-simple-brisure","9":"first","10":"outofstock","11":"taxable","12":"shipping-taxable","13":"purchasable","14":"product-type-simple"},"yoast_head":"<!-- This site is optimized with the Yoast SEO plugin v25.3.1 - https:\/\/yoast.com\/wordpress\/plugins\/seo\/ -->\n<title>Mors sensitive 793-980000 - La Cabrade<\/title>\n<meta name=\"description\" content=\"Achetez Mors sensitive 793-980000 au meilleur prix. Livraison rapide. Dans votre magasin d&#039;\u00e9quitation en ligne Sellerie La Cabrade\" \/>\n<meta name=\"robots\" content=\"index, follow, max-snippet:-1, max-image-preview:large, max-video-preview:-1\" \/>\n<link rel=\"canonical\" href=\"https:\/\/la-cabrade.be\/nl\/product\/gevoelig-bit-793-980000\/\" \/>\n<meta property=\"og:locale\" content=\"nl_BE\" \/>\n<meta property=\"og:type\" content=\"article\" \/>\n<meta property=\"og:title\" content=\"Mors sensitive 793-980000 - La Cabrade\" \/>\n<meta property=\"og:description\" content=\"Achetez Mors sensitive 793-980000 au meilleur prix. Livraison rapide. Dans votre magasin d&#039;\u00e9quitation en ligne Sellerie La Cabrade\" \/>\n<meta property=\"og:url\" content=\"https:\/\/la-cabrade.be\/nl\/product\/gevoelig-bit-793-980000\/\" \/>\n<meta property=\"og:site_name\" content=\"La Cabrade\" \/>\n<meta property=\"article:modified_time\" content=\"2025-12-11T03:12:17+00:00\" \/>\n<meta property=\"og:image\" content=\"https:\/\/la-cabrade.be\/wp-content\/uploads\/2023\/11\/MORS-SENSITIVE-793-980000_Simple-brisure_14821_1-1.jpeg\" \/>\n\t<meta property=\"og:image:width\" content=\"700\" \/>\n\t<meta property=\"og:image:height\" content=\"700\" \/>\n\t<meta property=\"og:image:type\" content=\"image\/jpeg\" \/>\n<meta name=\"twitter:label1\" content=\"Geschatte leestijd\" \/>\n\t<meta name=\"twitter:data1\" content=\"1 minuut\" \/>\n<script type=\"application\/ld+json\" class=\"yoast-schema-graph\">{\"@context\":\"https:\/\/schema.org\",\"@graph\":[{\"@type\":\"WebPage\",\"@id\":\"https:\/\/la-cabrade.be\/produit\/mors-sensitive-793-980000\/\",\"url\":\"https:\/\/la-cabrade.be\/produit\/mors-sensitive-793-980000\/\",\"name\":\"Mors sensitive 793-980000 - La Cabrade\",\"isPartOf\":{\"@id\":\"https:\/\/la-cabrade.be\/#website\"},\"primaryImageOfPage\":{\"@id\":\"https:\/\/la-cabrade.be\/produit\/mors-sensitive-793-980000\/#primaryimage\"},\"image\":{\"@id\":\"https:\/\/la-cabrade.be\/produit\/mors-sensitive-793-980000\/#primaryimage\"},\"thumbnailUrl\":\"https:\/\/la-cabrade.be\/wp-content\/uploads\/2023\/11\/MORS-SENSITIVE-793-980000_Simple-brisure_14821_1-1.jpeg\",\"datePublished\":\"2023-10-10T14:32:23+00:00\",\"dateModified\":\"2025-12-11T03:12:17+00:00\",\"description\":\"Achetez Mors sensitive 793-980000 au meilleur prix. Livraison rapide. Dans votre magasin d'\u00e9quitation en ligne Sellerie La Cabrade\",\"breadcrumb\":{\"@id\":\"https:\/\/la-cabrade.be\/produit\/mors-sensitive-793-980000\/#breadcrumb\"},\"inLanguage\":\"nl-BE\",\"potentialAction\":[{\"@type\":\"ReadAction\",\"target\":[\"https:\/\/la-cabrade.be\/produit\/mors-sensitive-793-980000\/\"]}]},{\"@type\":\"ImageObject\",\"inLanguage\":\"nl-BE\",\"@id\":\"https:\/\/la-cabrade.be\/produit\/mors-sensitive-793-980000\/#primaryimage\",\"url\":\"https:\/\/la-cabrade.be\/wp-content\/uploads\/2023\/11\/MORS-SENSITIVE-793-980000_Simple-brisure_14821_1-1.jpeg\",\"contentUrl\":\"https:\/\/la-cabrade.be\/wp-content\/uploads\/2023\/11\/MORS-SENSITIVE-793-980000_Simple-brisure_14821_1-1.jpeg\",\"width\":700,\"height\":700,\"caption\":\"MORS SENSITIVE 793 980000 Simple brisure 14821 1.jpeg\"},{\"@type\":\"BreadcrumbList\",\"@id\":\"https:\/\/la-cabrade.be\/produit\/mors-sensitive-793-980000\/#breadcrumb\",\"itemListElement\":[{\"@type\":\"ListItem\",\"position\":1,\"name\":\"Accueil\",\"item\":\"https:\/\/la-cabrade.be\/\"},{\"@type\":\"ListItem\",\"position\":2,\"name\":\"Boutique\",\"item\":\"https:\/\/la-cabrade.be\/fr\/boutique\/\"},{\"@type\":\"ListItem\",\"position\":3,\"name\":\"Mors sensitive 793-980000\"}]},{\"@type\":\"WebSite\",\"@id\":\"https:\/\/la-cabrade.be\/#website\",\"url\":\"https:\/\/la-cabrade.be\/\",\"name\":\"La Cabrade\",\"description\":\"Sellerie en ligne et magasin d\u2019\u00e9quitation \u00e0 Fl\u00e9ron, Li\u00e8ge\",\"publisher\":{\"@id\":\"https:\/\/la-cabrade.be\/#organization\"},\"potentialAction\":[{\"@type\":\"SearchAction\",\"target\":{\"@type\":\"EntryPoint\",\"urlTemplate\":\"https:\/\/la-cabrade.be\/?s={search_term_string}\"},\"query-input\":{\"@type\":\"PropertyValueSpecification\",\"valueRequired\":true,\"valueName\":\"search_term_string\"}}],\"inLanguage\":\"nl-BE\"},{\"@type\":\"Organization\",\"@id\":\"https:\/\/la-cabrade.be\/#organization\",\"name\":\"La Cabrade\",\"url\":\"https:\/\/la-cabrade.be\/\",\"logo\":{\"@type\":\"ImageObject\",\"inLanguage\":\"nl-BE\",\"@id\":\"https:\/\/la-cabrade.be\/#\/schema\/logo\/image\/\",\"url\":\"https:\/\/la-cabrade.be\/wp-content\/uploads\/2020\/04\/La-Cabrade_logo.svg\",\"contentUrl\":\"https:\/\/la-cabrade.be\/wp-content\/uploads\/2020\/04\/La-Cabrade_logo.svg\",\"width\":900,\"height\":320,\"caption\":\"La Cabrade\"},\"image\":{\"@id\":\"https:\/\/la-cabrade.be\/#\/schema\/logo\/image\/\"}}]}<\/script>\n<!-- \/ Yoast SEO plugin. -->","yoast_head_json":{"title":"Mors sensitive 793-980000 - La Cabrade","description":"Achetez Mors sensitive 793-980000 au meilleur prix. Livraison rapide. Dans votre magasin d'\u00e9quitation en ligne Sellerie La Cabrade","robots":{"index":"index","follow":"follow","max-snippet":"max-snippet:-1","max-image-preview":"max-image-preview:large","max-video-preview":"max-video-preview:-1"},"canonical":"https:\/\/la-cabrade.be\/nl\/product\/gevoelig-bit-793-980000\/","og_locale":"nl_BE","og_type":"article","og_title":"Mors sensitive 793-980000 - La Cabrade","og_description":"Achetez Mors sensitive 793-980000 au meilleur prix. Livraison rapide. Dans votre magasin d'\u00e9quitation en ligne Sellerie La Cabrade","og_url":"https:\/\/la-cabrade.be\/nl\/product\/gevoelig-bit-793-980000\/","og_site_name":"La Cabrade","article_modified_time":"2025-12-11T03:12:17+00:00","og_image":[{"width":700,"height":700,"url":"https:\/\/la-cabrade.be\/wp-content\/uploads\/2023\/11\/MORS-SENSITIVE-793-980000_Simple-brisure_14821_1-1.jpeg","type":"image\/jpeg"}],"twitter_misc":{"Geschatte leestijd":"1 minuut"},"schema":{"@context":"https:\/\/schema.org","@graph":[{"@type":"WebPage","@id":"https:\/\/la-cabrade.be\/produit\/mors-sensitive-793-980000\/","url":"https:\/\/la-cabrade.be\/produit\/mors-sensitive-793-980000\/","name":"Mors sensitive 793-980000 - La Cabrade","isPartOf":{"@id":"https:\/\/la-cabrade.be\/#website"},"primaryImageOfPage":{"@id":"https:\/\/la-cabrade.be\/produit\/mors-sensitive-793-980000\/#primaryimage"},"image":{"@id":"https:\/\/la-cabrade.be\/produit\/mors-sensitive-793-980000\/#primaryimage"},"thumbnailUrl":"https:\/\/la-cabrade.be\/wp-content\/uploads\/2023\/11\/MORS-SENSITIVE-793-980000_Simple-brisure_14821_1-1.jpeg","datePublished":"2023-10-10T14:32:23+00:00","dateModified":"2025-12-11T03:12:17+00:00","description":"Achetez Mors sensitive 793-980000 au meilleur prix. Livraison rapide. Dans votre magasin d'\u00e9quitation en ligne Sellerie La Cabrade","breadcrumb":{"@id":"https:\/\/la-cabrade.be\/produit\/mors-sensitive-793-980000\/#breadcrumb"},"inLanguage":"nl-BE","potentialAction":[{"@type":"ReadAction","target":["https:\/\/la-cabrade.be\/produit\/mors-sensitive-793-980000\/"]}]},{"@type":"ImageObject","inLanguage":"nl-BE","@id":"https:\/\/la-cabrade.be\/produit\/mors-sensitive-793-980000\/#primaryimage","url":"https:\/\/la-cabrade.be\/wp-content\/uploads\/2023\/11\/MORS-SENSITIVE-793-980000_Simple-brisure_14821_1-1.jpeg","contentUrl":"https:\/\/la-cabrade.be\/wp-content\/uploads\/2023\/11\/MORS-SENSITIVE-793-980000_Simple-brisure_14821_1-1.jpeg","width":700,"height":700,"caption":"MORS SENSITIVE 793 980000 Simple brisure 14821 1.jpeg"},{"@type":"BreadcrumbList","@id":"https:\/\/la-cabrade.be\/produit\/mors-sensitive-793-980000\/#breadcrumb","itemListElement":[{"@type":"ListItem","position":1,"name":"Accueil","item":"https:\/\/la-cabrade.be\/"},{"@type":"ListItem","position":2,"name":"Boutique","item":"https:\/\/la-cabrade.be\/fr\/boutique\/"},{"@type":"ListItem","position":3,"name":"Mors sensitive 793-980000"}]},{"@type":"WebSite","@id":"https:\/\/la-cabrade.be\/#website","url":"https:\/\/la-cabrade.be\/","name":"La Cabrade","description":"Sellerie en ligne et magasin d\u2019\u00e9quitation \u00e0 Fl\u00e9ron, Li\u00e8ge","publisher":{"@id":"https:\/\/la-cabrade.be\/#organization"},"potentialAction":[{"@type":"SearchAction","target":{"@type":"EntryPoint","urlTemplate":"https:\/\/la-cabrade.be\/?s={search_term_string}"},"query-input":{"@type":"PropertyValueSpecification","valueRequired":true,"valueName":"search_term_string"}}],"inLanguage":"nl-BE"},{"@type":"Organization","@id":"https:\/\/la-cabrade.be\/#organization","name":"La Cabrade","url":"https:\/\/la-cabrade.be\/","logo":{"@type":"ImageObject","inLanguage":"nl-BE","@id":"https:\/\/la-cabrade.be\/#\/schema\/logo\/image\/","url":"https:\/\/la-cabrade.be\/wp-content\/uploads\/2020\/04\/La-Cabrade_logo.svg","contentUrl":"https:\/\/la-cabrade.be\/wp-content\/uploads\/2020\/04\/La-Cabrade_logo.svg","width":900,"height":320,"caption":"La Cabrade"},"image":{"@id":"https:\/\/la-cabrade.be\/#\/schema\/logo\/image\/"}}]}},"brands":[{"id":566,"name":"Acavallo","slug":"acavallo"}],"_links":{"self":[{"href":"https:\/\/la-cabrade.be\/nl\/wp-json\/wp\/v2\/product\/20260","targetHints":{"allow":["GET"]}}],"collection":[{"href":"https:\/\/la-cabrade.be\/nl\/wp-json\/wp\/v2\/product"}],"about":[{"href":"https:\/\/la-cabrade.be\/nl\/wp-json\/wp\/v2\/types\/product"}],"wp:featuredmedia":[{"embeddable":true,"href":"https:\/\/la-cabrade.be\/nl\/wp-json\/wp\/v2\/media\/30940"}],"wp:attachment":[{"href":"https:\/\/la-cabrade.be\/nl\/wp-json\/wp\/v2\/media?parent=20260"}],"wp:term":[{"taxonomy":"pwb-brand","embeddable":true,"href":"https:\/\/la-cabrade.be\/nl\/wp-json\/wp\/v2\/pwb-brand?post=20260"},{"taxonomy":"product_brand","embeddable":true,"href":"https:\/\/la-cabrade.be\/nl\/wp-json\/wp\/v2\/product_brand?post=20260"},{"taxonomy":"product_cat","embeddable":true,"href":"https:\/\/la-cabrade.be\/nl\/wp-json\/wp\/v2\/product_cat?post=20260"},{"taxonomy":"product_tag","embeddable":true,"href":"https:\/\/la-cabrade.be\/nl\/wp-json\/wp\/v2\/product_tag?post=20260"},{"taxonomy":"giftcard-category","embeddable":true,"href":"https:\/\/la-cabrade.be\/nl\/wp-json\/wp\/v2\/giftcard-category?post=20260"}],"curies":[{"name":"wp","href":"https:\/\/api.w.org\/{rel}","templated":true}]}}