{"id":11293,"date":"2023-08-03T21:09:41","date_gmt":"2023-08-03T20:09:41","guid":{"rendered":"https:\/\/la-cabrade.be\/fr\/produit\/polo-zippe-cavalleria-toscana\/"},"modified":"2026-03-24T10:06:50","modified_gmt":"2026-03-24T09:06:50","slug":"polo-zippe-cavalleria-toscana","status":"publish","type":"product","link":"https:\/\/la-cabrade.be\/nl\/product\/cavalleria-toscana-polo-rits\/","title":{"rendered":"Cavalleria toscana polo met rits"},"content":{"rendered":"<p>Polo d&rsquo;entrainement zipp\u00e9 Cavalleria Toscana<br \/>\nTissu technique piqu\u00e9<br \/>\nSummer 2023<\/p>\n<p>Le polo d\u2019entra\u00eenement Cavalleria Toscana Tech Piqu\u00e9 Zip avec poche CT gaufr\u00e9e est id\u00e9al pour les entra\u00eenements intenses. Fabriqu\u00e9 avec un tissu respirant, bi-extensible, facile d\u2019entretien, \u00e0 s\u00e9chage rapide et anti-UV, il garantit un confort maximal pendant le sport. La poche CT gaufr\u00e9e et la fermeture ascendante ajoutent une touche de style \u00e0 la chemise, la rendant parfaite m\u00eame pour un look d\u00e9contract\u00e9. La qualit\u00e9 des mat\u00e9riaux utilis\u00e9s et le souci du d\u00e9tail font de ce v\u00eatement un incontournable pour les amateurs d\u2019\u00e9quitation et de style.<\/p>","protected":false},"excerpt":{"rendered":"<p>Polo d&rsquo;entrainement zipp\u00e9 Cavalleria Toscana Tissu technique piqu\u00e9 Summer 2023 Le polo d\u2019entra\u00eenement Cavalleria Toscana Tech Piqu\u00e9 Zip avec poche CT gaufr\u00e9e est id\u00e9al pour les entra\u00eenements intenses. Fabriqu\u00e9 avec un tissu respirant, bi-extensible, facile d\u2019entretien, \u00e0 s\u00e9chage rapide et anti-UV, il garantit un confort maximal pendant le sport. La poche CT gaufr\u00e9e et la [&hellip;]<\/p>","protected":false},"featured_media":34915,"template":"","meta":[],"pwb-brand":[576],"product_brand":[],"product_cat":[801],"product_tag":[],"giftcard-category":[],"class_list":{"0":"post-11293","1":"product","2":"type-product","3":"status-publish","4":"has-post-thumbnail","6":"pwb-brand-cavalleria-toscana","7":"product_cat-polos-de-concours","9":"first","10":"outofstock","11":"taxable","12":"shipping-taxable","13":"purchasable","14":"product-type-variable","15":"has-default-attributes"},"yoast_head":"<!-- This site is optimized with the Yoast SEO plugin v25.3.1 - https:\/\/yoast.com\/wordpress\/plugins\/seo\/ -->\n<title>Polo zipp\u00e9 cavalleria toscana - La Cabrade<\/title>\n<meta name=\"description\" content=\"Achetez Polo zipp\u00e9 cavalleria toscana au meilleur prix. Livraison rapide. Dans votre magasin d&#039;\u00e9quitation en ligne Sellerie La Cabrade\" \/>\n<meta name=\"robots\" content=\"index, follow, max-snippet:-1, max-image-preview:large, max-video-preview:-1\" \/>\n<link rel=\"canonical\" href=\"https:\/\/la-cabrade.be\/nl\/product\/cavalleria-toscana-polo-rits\/\" \/>\n<meta property=\"og:locale\" content=\"nl_BE\" \/>\n<meta property=\"og:type\" content=\"article\" \/>\n<meta property=\"og:title\" content=\"Polo zipp\u00e9 cavalleria toscana - La Cabrade\" \/>\n<meta property=\"og:description\" content=\"Achetez Polo zipp\u00e9 cavalleria toscana au meilleur prix. Livraison rapide. Dans votre magasin d&#039;\u00e9quitation en ligne Sellerie La Cabrade\" \/>\n<meta property=\"og:url\" content=\"https:\/\/la-cabrade.be\/nl\/product\/cavalleria-toscana-polo-rits\/\" \/>\n<meta property=\"og:site_name\" content=\"La Cabrade\" \/>\n<meta property=\"article:modified_time\" content=\"2026-03-24T09:06:50+00:00\" \/>\n<meta property=\"og:image\" content=\"https:\/\/la-cabrade.be\/wp-content\/uploads\/2023\/11\/POLO-ZIPPE-CAVALLERIA-TOSCANA_Polos-de-concours_17993_1.jpeg\" \/>\n\t<meta property=\"og:image:width\" content=\"700\" \/>\n\t<meta property=\"og:image:height\" content=\"700\" \/>\n\t<meta property=\"og:image:type\" content=\"image\/jpeg\" \/>\n<meta name=\"twitter:label1\" content=\"Geschatte leestijd\" \/>\n\t<meta name=\"twitter:data1\" content=\"1 minuut\" \/>\n<script type=\"application\/ld+json\" class=\"yoast-schema-graph\">{\"@context\":\"https:\/\/schema.org\",\"@graph\":[{\"@type\":\"WebPage\",\"@id\":\"https:\/\/la-cabrade.be\/produit\/polo-zippe-cavalleria-toscana\/\",\"url\":\"https:\/\/la-cabrade.be\/produit\/polo-zippe-cavalleria-toscana\/\",\"name\":\"Polo zipp\u00e9 cavalleria toscana - La Cabrade\",\"isPartOf\":{\"@id\":\"https:\/\/la-cabrade.be\/#website\"},\"primaryImageOfPage\":{\"@id\":\"https:\/\/la-cabrade.be\/produit\/polo-zippe-cavalleria-toscana\/#primaryimage\"},\"image\":{\"@id\":\"https:\/\/la-cabrade.be\/produit\/polo-zippe-cavalleria-toscana\/#primaryimage\"},\"thumbnailUrl\":\"https:\/\/la-cabrade.be\/wp-content\/uploads\/2023\/11\/POLO-ZIPPE-CAVALLERIA-TOSCANA_Polos-de-concours_17993_1.jpeg\",\"datePublished\":\"2023-08-03T20:09:41+00:00\",\"dateModified\":\"2026-03-24T09:06:50+00:00\",\"description\":\"Achetez Polo zipp\u00e9 cavalleria toscana au meilleur prix. Livraison rapide. Dans votre magasin d'\u00e9quitation en ligne Sellerie La Cabrade\",\"breadcrumb\":{\"@id\":\"https:\/\/la-cabrade.be\/produit\/polo-zippe-cavalleria-toscana\/#breadcrumb\"},\"inLanguage\":\"nl-BE\",\"potentialAction\":[{\"@type\":\"ReadAction\",\"target\":[\"https:\/\/la-cabrade.be\/produit\/polo-zippe-cavalleria-toscana\/\"]}]},{\"@type\":\"ImageObject\",\"inLanguage\":\"nl-BE\",\"@id\":\"https:\/\/la-cabrade.be\/produit\/polo-zippe-cavalleria-toscana\/#primaryimage\",\"url\":\"https:\/\/la-cabrade.be\/wp-content\/uploads\/2023\/11\/POLO-ZIPPE-CAVALLERIA-TOSCANA_Polos-de-concours_17993_1.jpeg\",\"contentUrl\":\"https:\/\/la-cabrade.be\/wp-content\/uploads\/2023\/11\/POLO-ZIPPE-CAVALLERIA-TOSCANA_Polos-de-concours_17993_1.jpeg\",\"width\":700,\"height\":700,\"caption\":\"POLO ZIPPE CAVALLERIA TOSCANA Polos de concours 17993 1.jpeg\"},{\"@type\":\"BreadcrumbList\",\"@id\":\"https:\/\/la-cabrade.be\/produit\/polo-zippe-cavalleria-toscana\/#breadcrumb\",\"itemListElement\":[{\"@type\":\"ListItem\",\"position\":1,\"name\":\"Accueil\",\"item\":\"https:\/\/la-cabrade.be\/\"},{\"@type\":\"ListItem\",\"position\":2,\"name\":\"Boutique\",\"item\":\"https:\/\/la-cabrade.be\/fr\/boutique\/\"},{\"@type\":\"ListItem\",\"position\":3,\"name\":\"Polo zipp\u00e9 cavalleria toscana\"}]},{\"@type\":\"WebSite\",\"@id\":\"https:\/\/la-cabrade.be\/#website\",\"url\":\"https:\/\/la-cabrade.be\/\",\"name\":\"La Cabrade\",\"description\":\"Sellerie en ligne et magasin d\u2019\u00e9quitation \u00e0 Fl\u00e9ron, Li\u00e8ge\",\"publisher\":{\"@id\":\"https:\/\/la-cabrade.be\/#organization\"},\"potentialAction\":[{\"@type\":\"SearchAction\",\"target\":{\"@type\":\"EntryPoint\",\"urlTemplate\":\"https:\/\/la-cabrade.be\/?s={search_term_string}\"},\"query-input\":{\"@type\":\"PropertyValueSpecification\",\"valueRequired\":true,\"valueName\":\"search_term_string\"}}],\"inLanguage\":\"nl-BE\"},{\"@type\":\"Organization\",\"@id\":\"https:\/\/la-cabrade.be\/#organization\",\"name\":\"La Cabrade\",\"url\":\"https:\/\/la-cabrade.be\/\",\"logo\":{\"@type\":\"ImageObject\",\"inLanguage\":\"nl-BE\",\"@id\":\"https:\/\/la-cabrade.be\/#\/schema\/logo\/image\/\",\"url\":\"https:\/\/la-cabrade.be\/wp-content\/uploads\/2020\/04\/La-Cabrade_logo.svg\",\"contentUrl\":\"https:\/\/la-cabrade.be\/wp-content\/uploads\/2020\/04\/La-Cabrade_logo.svg\",\"width\":900,\"height\":320,\"caption\":\"La Cabrade\"},\"image\":{\"@id\":\"https:\/\/la-cabrade.be\/#\/schema\/logo\/image\/\"}}]}<\/script>\n<!-- \/ Yoast SEO plugin. -->","yoast_head_json":{"title":"Polo zipp\u00e9 cavalleria toscana - La Cabrade","description":"Achetez Polo zipp\u00e9 cavalleria toscana au meilleur prix. Livraison rapide. Dans votre magasin d'\u00e9quitation en ligne Sellerie La Cabrade","robots":{"index":"index","follow":"follow","max-snippet":"max-snippet:-1","max-image-preview":"max-image-preview:large","max-video-preview":"max-video-preview:-1"},"canonical":"https:\/\/la-cabrade.be\/nl\/product\/cavalleria-toscana-polo-rits\/","og_locale":"nl_BE","og_type":"article","og_title":"Polo zipp\u00e9 cavalleria toscana - La Cabrade","og_description":"Achetez Polo zipp\u00e9 cavalleria toscana au meilleur prix. Livraison rapide. Dans votre magasin d'\u00e9quitation en ligne Sellerie La Cabrade","og_url":"https:\/\/la-cabrade.be\/nl\/product\/cavalleria-toscana-polo-rits\/","og_site_name":"La Cabrade","article_modified_time":"2026-03-24T09:06:50+00:00","og_image":[{"width":700,"height":700,"url":"https:\/\/la-cabrade.be\/wp-content\/uploads\/2023\/11\/POLO-ZIPPE-CAVALLERIA-TOSCANA_Polos-de-concours_17993_1.jpeg","type":"image\/jpeg"}],"twitter_misc":{"Geschatte leestijd":"1 minuut"},"schema":{"@context":"https:\/\/schema.org","@graph":[{"@type":"WebPage","@id":"https:\/\/la-cabrade.be\/produit\/polo-zippe-cavalleria-toscana\/","url":"https:\/\/la-cabrade.be\/produit\/polo-zippe-cavalleria-toscana\/","name":"Polo zipp\u00e9 cavalleria toscana - La Cabrade","isPartOf":{"@id":"https:\/\/la-cabrade.be\/#website"},"primaryImageOfPage":{"@id":"https:\/\/la-cabrade.be\/produit\/polo-zippe-cavalleria-toscana\/#primaryimage"},"image":{"@id":"https:\/\/la-cabrade.be\/produit\/polo-zippe-cavalleria-toscana\/#primaryimage"},"thumbnailUrl":"https:\/\/la-cabrade.be\/wp-content\/uploads\/2023\/11\/POLO-ZIPPE-CAVALLERIA-TOSCANA_Polos-de-concours_17993_1.jpeg","datePublished":"2023-08-03T20:09:41+00:00","dateModified":"2026-03-24T09:06:50+00:00","description":"Achetez Polo zipp\u00e9 cavalleria toscana au meilleur prix. Livraison rapide. Dans votre magasin d'\u00e9quitation en ligne Sellerie La Cabrade","breadcrumb":{"@id":"https:\/\/la-cabrade.be\/produit\/polo-zippe-cavalleria-toscana\/#breadcrumb"},"inLanguage":"nl-BE","potentialAction":[{"@type":"ReadAction","target":["https:\/\/la-cabrade.be\/produit\/polo-zippe-cavalleria-toscana\/"]}]},{"@type":"ImageObject","inLanguage":"nl-BE","@id":"https:\/\/la-cabrade.be\/produit\/polo-zippe-cavalleria-toscana\/#primaryimage","url":"https:\/\/la-cabrade.be\/wp-content\/uploads\/2023\/11\/POLO-ZIPPE-CAVALLERIA-TOSCANA_Polos-de-concours_17993_1.jpeg","contentUrl":"https:\/\/la-cabrade.be\/wp-content\/uploads\/2023\/11\/POLO-ZIPPE-CAVALLERIA-TOSCANA_Polos-de-concours_17993_1.jpeg","width":700,"height":700,"caption":"POLO ZIPPE CAVALLERIA TOSCANA Polos de concours 17993 1.jpeg"},{"@type":"BreadcrumbList","@id":"https:\/\/la-cabrade.be\/produit\/polo-zippe-cavalleria-toscana\/#breadcrumb","itemListElement":[{"@type":"ListItem","position":1,"name":"Accueil","item":"https:\/\/la-cabrade.be\/"},{"@type":"ListItem","position":2,"name":"Boutique","item":"https:\/\/la-cabrade.be\/fr\/boutique\/"},{"@type":"ListItem","position":3,"name":"Polo zipp\u00e9 cavalleria toscana"}]},{"@type":"WebSite","@id":"https:\/\/la-cabrade.be\/#website","url":"https:\/\/la-cabrade.be\/","name":"La Cabrade","description":"Sellerie en ligne et magasin d\u2019\u00e9quitation \u00e0 Fl\u00e9ron, Li\u00e8ge","publisher":{"@id":"https:\/\/la-cabrade.be\/#organization"},"potentialAction":[{"@type":"SearchAction","target":{"@type":"EntryPoint","urlTemplate":"https:\/\/la-cabrade.be\/?s={search_term_string}"},"query-input":{"@type":"PropertyValueSpecification","valueRequired":true,"valueName":"search_term_string"}}],"inLanguage":"nl-BE"},{"@type":"Organization","@id":"https:\/\/la-cabrade.be\/#organization","name":"La Cabrade","url":"https:\/\/la-cabrade.be\/","logo":{"@type":"ImageObject","inLanguage":"nl-BE","@id":"https:\/\/la-cabrade.be\/#\/schema\/logo\/image\/","url":"https:\/\/la-cabrade.be\/wp-content\/uploads\/2020\/04\/La-Cabrade_logo.svg","contentUrl":"https:\/\/la-cabrade.be\/wp-content\/uploads\/2020\/04\/La-Cabrade_logo.svg","width":900,"height":320,"caption":"La Cabrade"},"image":{"@id":"https:\/\/la-cabrade.be\/#\/schema\/logo\/image\/"}}]}},"brands":[{"id":576,"name":"Cavalleria Toscana","slug":"cavalleria-toscana"}],"_links":{"self":[{"href":"https:\/\/la-cabrade.be\/nl\/wp-json\/wp\/v2\/product\/11293","targetHints":{"allow":["GET"]}}],"collection":[{"href":"https:\/\/la-cabrade.be\/nl\/wp-json\/wp\/v2\/product"}],"about":[{"href":"https:\/\/la-cabrade.be\/nl\/wp-json\/wp\/v2\/types\/product"}],"wp:featuredmedia":[{"embeddable":true,"href":"https:\/\/la-cabrade.be\/nl\/wp-json\/wp\/v2\/media\/34915"}],"wp:attachment":[{"href":"https:\/\/la-cabrade.be\/nl\/wp-json\/wp\/v2\/media?parent=11293"}],"wp:term":[{"taxonomy":"pwb-brand","embeddable":true,"href":"https:\/\/la-cabrade.be\/nl\/wp-json\/wp\/v2\/pwb-brand?post=11293"},{"taxonomy":"product_brand","embeddable":true,"href":"https:\/\/la-cabrade.be\/nl\/wp-json\/wp\/v2\/product_brand?post=11293"},{"taxonomy":"product_cat","embeddable":true,"href":"https:\/\/la-cabrade.be\/nl\/wp-json\/wp\/v2\/product_cat?post=11293"},{"taxonomy":"product_tag","embeddable":true,"href":"https:\/\/la-cabrade.be\/nl\/wp-json\/wp\/v2\/product_tag?post=11293"},{"taxonomy":"giftcard-category","embeddable":true,"href":"https:\/\/la-cabrade.be\/nl\/wp-json\/wp\/v2\/giftcard-category?post=11293"}],"curies":[{"name":"wp","href":"https:\/\/api.w.org\/{rel}","templated":true}]}}