{"id":10741,"date":"2023-08-03T18:49:24","date_gmt":"2023-08-03T17:49:24","guid":{"rendered":"https:\/\/la-cabrade.be\/fr\/produit\/peignes-de-tondeuse-lister-a2f-s-r\/"},"modified":"2026-03-20T17:32:44","modified_gmt":"2026-03-20T16:32:44","slug":"peignes-de-tondeuse-lister-a2f-s-r","status":"publish","type":"product","link":"https:\/\/la-cabrade.be\/nl\/product\/lister-a2f-s-r-maaikammen\/","title":{"rendered":"Maaikammen lister a2f - s\/r"},"content":{"rendered":"<p>Voor Lister Star 33811, artikel 801922, Lister Legend 37010, artikel 801928 en Lister Fusion Red Horse, artikel 801935. Snijlengte 1,4 mm<\/p>","protected":false},"excerpt":{"rendered":"<p>Voor Lister Star 33811, artikel 801922, Lister Legend 37010, artikel 801928 en Lister Fusion Red Horse, artikel 801935. Snijlengte 1,4 mm<\/p>","protected":false},"featured_media":33933,"template":"","meta":[],"pwb-brand":[],"product_brand":[],"product_cat":[796],"product_tag":[],"giftcard-category":[],"class_list":{"0":"post-10741","1":"product","2":"type-product","3":"status-publish","4":"has-post-thumbnail","6":"product_cat-peignes-et-accessoires","8":"first","9":"instock","10":"taxable","11":"shipping-taxable","12":"purchasable","13":"product-type-simple"},"yoast_head":"<!-- This site is optimized with the Yoast SEO plugin v25.3.1 - https:\/\/yoast.com\/wordpress\/plugins\/seo\/ -->\n<title>Peignes de tondeuse lister a2f - s\/r - La Cabrade<\/title>\n<meta name=\"description\" content=\"Achetez Peignes de tondeuse lister a2f - s\/r au meilleur prix. Livraison rapide. Dans votre magasin d&#039;\u00e9quitation en ligne Sellerie La Cabrade\" \/>\n<meta name=\"robots\" content=\"index, follow, max-snippet:-1, max-image-preview:large, max-video-preview:-1\" \/>\n<link rel=\"canonical\" href=\"https:\/\/la-cabrade.be\/nl\/product\/lister-a2f-s-r-maaikammen\/\" \/>\n<meta property=\"og:locale\" content=\"nl_BE\" \/>\n<meta property=\"og:type\" content=\"article\" \/>\n<meta property=\"og:title\" content=\"Peignes de tondeuse lister a2f - s\/r - La Cabrade\" \/>\n<meta property=\"og:description\" content=\"Achetez Peignes de tondeuse lister a2f - s\/r au meilleur prix. Livraison rapide. Dans votre magasin d&#039;\u00e9quitation en ligne Sellerie La Cabrade\" \/>\n<meta property=\"og:url\" content=\"https:\/\/la-cabrade.be\/nl\/product\/lister-a2f-s-r-maaikammen\/\" \/>\n<meta property=\"og:site_name\" content=\"La Cabrade\" \/>\n<meta property=\"article:modified_time\" content=\"2026-03-20T16:32:44+00:00\" \/>\n<meta property=\"og:image\" content=\"https:\/\/la-cabrade.be\/wp-content\/uploads\/2023\/11\/PEIGNES-DE-TONDEUSE-LISTER-A2F-SR_Peignes-et-accessoires_16838_1-1.jpeg\" \/>\n\t<meta property=\"og:image:width\" content=\"700\" \/>\n\t<meta property=\"og:image:height\" content=\"700\" \/>\n\t<meta property=\"og:image:type\" content=\"image\/jpeg\" \/>\n<script type=\"application\/ld+json\" class=\"yoast-schema-graph\">{\"@context\":\"https:\/\/schema.org\",\"@graph\":[{\"@type\":\"WebPage\",\"@id\":\"https:\/\/la-cabrade.be\/produit\/peignes-de-tondeuse-lister-a2f-s-r\/\",\"url\":\"https:\/\/la-cabrade.be\/produit\/peignes-de-tondeuse-lister-a2f-s-r\/\",\"name\":\"Peignes de tondeuse lister a2f - s\/r - La Cabrade\",\"isPartOf\":{\"@id\":\"https:\/\/la-cabrade.be\/#website\"},\"primaryImageOfPage\":{\"@id\":\"https:\/\/la-cabrade.be\/produit\/peignes-de-tondeuse-lister-a2f-s-r\/#primaryimage\"},\"image\":{\"@id\":\"https:\/\/la-cabrade.be\/produit\/peignes-de-tondeuse-lister-a2f-s-r\/#primaryimage\"},\"thumbnailUrl\":\"https:\/\/la-cabrade.be\/wp-content\/uploads\/2023\/11\/PEIGNES-DE-TONDEUSE-LISTER-A2F-SR_Peignes-et-accessoires_16838_1-1.jpeg\",\"datePublished\":\"2023-08-03T17:49:24+00:00\",\"dateModified\":\"2026-03-20T16:32:44+00:00\",\"description\":\"Achetez Peignes de tondeuse lister a2f - s\/r au meilleur prix. Livraison rapide. Dans votre magasin d'\u00e9quitation en ligne Sellerie La Cabrade\",\"breadcrumb\":{\"@id\":\"https:\/\/la-cabrade.be\/produit\/peignes-de-tondeuse-lister-a2f-s-r\/#breadcrumb\"},\"inLanguage\":\"nl-BE\",\"potentialAction\":[{\"@type\":\"ReadAction\",\"target\":[\"https:\/\/la-cabrade.be\/produit\/peignes-de-tondeuse-lister-a2f-s-r\/\"]}]},{\"@type\":\"ImageObject\",\"inLanguage\":\"nl-BE\",\"@id\":\"https:\/\/la-cabrade.be\/produit\/peignes-de-tondeuse-lister-a2f-s-r\/#primaryimage\",\"url\":\"https:\/\/la-cabrade.be\/wp-content\/uploads\/2023\/11\/PEIGNES-DE-TONDEUSE-LISTER-A2F-SR_Peignes-et-accessoires_16838_1-1.jpeg\",\"contentUrl\":\"https:\/\/la-cabrade.be\/wp-content\/uploads\/2023\/11\/PEIGNES-DE-TONDEUSE-LISTER-A2F-SR_Peignes-et-accessoires_16838_1-1.jpeg\",\"width\":700,\"height\":700,\"caption\":\"PEIGNES DE TONDEUSE LISTER A2F SR Peignes et accessoires 16838 1.jpeg\"},{\"@type\":\"BreadcrumbList\",\"@id\":\"https:\/\/la-cabrade.be\/produit\/peignes-de-tondeuse-lister-a2f-s-r\/#breadcrumb\",\"itemListElement\":[{\"@type\":\"ListItem\",\"position\":1,\"name\":\"Accueil\",\"item\":\"https:\/\/la-cabrade.be\/\"},{\"@type\":\"ListItem\",\"position\":2,\"name\":\"Boutique\",\"item\":\"https:\/\/la-cabrade.be\/fr\/boutique\/\"},{\"@type\":\"ListItem\",\"position\":3,\"name\":\"Peignes de tondeuse lister a2f &#8211; s\/r\"}]},{\"@type\":\"WebSite\",\"@id\":\"https:\/\/la-cabrade.be\/#website\",\"url\":\"https:\/\/la-cabrade.be\/\",\"name\":\"La Cabrade\",\"description\":\"Sellerie en ligne et magasin d\u2019\u00e9quitation \u00e0 Fl\u00e9ron, Li\u00e8ge\",\"publisher\":{\"@id\":\"https:\/\/la-cabrade.be\/#organization\"},\"potentialAction\":[{\"@type\":\"SearchAction\",\"target\":{\"@type\":\"EntryPoint\",\"urlTemplate\":\"https:\/\/la-cabrade.be\/?s={search_term_string}\"},\"query-input\":{\"@type\":\"PropertyValueSpecification\",\"valueRequired\":true,\"valueName\":\"search_term_string\"}}],\"inLanguage\":\"nl-BE\"},{\"@type\":\"Organization\",\"@id\":\"https:\/\/la-cabrade.be\/#organization\",\"name\":\"La Cabrade\",\"url\":\"https:\/\/la-cabrade.be\/\",\"logo\":{\"@type\":\"ImageObject\",\"inLanguage\":\"nl-BE\",\"@id\":\"https:\/\/la-cabrade.be\/#\/schema\/logo\/image\/\",\"url\":\"https:\/\/la-cabrade.be\/wp-content\/uploads\/2020\/04\/La-Cabrade_logo.svg\",\"contentUrl\":\"https:\/\/la-cabrade.be\/wp-content\/uploads\/2020\/04\/La-Cabrade_logo.svg\",\"width\":900,\"height\":320,\"caption\":\"La Cabrade\"},\"image\":{\"@id\":\"https:\/\/la-cabrade.be\/#\/schema\/logo\/image\/\"}}]}<\/script>\n<!-- \/ Yoast SEO plugin. -->","yoast_head_json":{"title":"Peignes de tondeuse lister a2f - s\/r - La Cabrade","description":"Achetez Peignes de tondeuse lister a2f - s\/r au meilleur prix. Livraison rapide. Dans votre magasin d'\u00e9quitation en ligne Sellerie La Cabrade","robots":{"index":"index","follow":"follow","max-snippet":"max-snippet:-1","max-image-preview":"max-image-preview:large","max-video-preview":"max-video-preview:-1"},"canonical":"https:\/\/la-cabrade.be\/nl\/product\/lister-a2f-s-r-maaikammen\/","og_locale":"nl_BE","og_type":"article","og_title":"Peignes de tondeuse lister a2f - s\/r - La Cabrade","og_description":"Achetez Peignes de tondeuse lister a2f - s\/r au meilleur prix. Livraison rapide. Dans votre magasin d'\u00e9quitation en ligne Sellerie La Cabrade","og_url":"https:\/\/la-cabrade.be\/nl\/product\/lister-a2f-s-r-maaikammen\/","og_site_name":"La Cabrade","article_modified_time":"2026-03-20T16:32:44+00:00","og_image":[{"width":700,"height":700,"url":"https:\/\/la-cabrade.be\/wp-content\/uploads\/2023\/11\/PEIGNES-DE-TONDEUSE-LISTER-A2F-SR_Peignes-et-accessoires_16838_1-1.jpeg","type":"image\/jpeg"}],"schema":{"@context":"https:\/\/schema.org","@graph":[{"@type":"WebPage","@id":"https:\/\/la-cabrade.be\/produit\/peignes-de-tondeuse-lister-a2f-s-r\/","url":"https:\/\/la-cabrade.be\/produit\/peignes-de-tondeuse-lister-a2f-s-r\/","name":"Peignes de tondeuse lister a2f - s\/r - La Cabrade","isPartOf":{"@id":"https:\/\/la-cabrade.be\/#website"},"primaryImageOfPage":{"@id":"https:\/\/la-cabrade.be\/produit\/peignes-de-tondeuse-lister-a2f-s-r\/#primaryimage"},"image":{"@id":"https:\/\/la-cabrade.be\/produit\/peignes-de-tondeuse-lister-a2f-s-r\/#primaryimage"},"thumbnailUrl":"https:\/\/la-cabrade.be\/wp-content\/uploads\/2023\/11\/PEIGNES-DE-TONDEUSE-LISTER-A2F-SR_Peignes-et-accessoires_16838_1-1.jpeg","datePublished":"2023-08-03T17:49:24+00:00","dateModified":"2026-03-20T16:32:44+00:00","description":"Achetez Peignes de tondeuse lister a2f - s\/r au meilleur prix. Livraison rapide. Dans votre magasin d'\u00e9quitation en ligne Sellerie La Cabrade","breadcrumb":{"@id":"https:\/\/la-cabrade.be\/produit\/peignes-de-tondeuse-lister-a2f-s-r\/#breadcrumb"},"inLanguage":"nl-BE","potentialAction":[{"@type":"ReadAction","target":["https:\/\/la-cabrade.be\/produit\/peignes-de-tondeuse-lister-a2f-s-r\/"]}]},{"@type":"ImageObject","inLanguage":"nl-BE","@id":"https:\/\/la-cabrade.be\/produit\/peignes-de-tondeuse-lister-a2f-s-r\/#primaryimage","url":"https:\/\/la-cabrade.be\/wp-content\/uploads\/2023\/11\/PEIGNES-DE-TONDEUSE-LISTER-A2F-SR_Peignes-et-accessoires_16838_1-1.jpeg","contentUrl":"https:\/\/la-cabrade.be\/wp-content\/uploads\/2023\/11\/PEIGNES-DE-TONDEUSE-LISTER-A2F-SR_Peignes-et-accessoires_16838_1-1.jpeg","width":700,"height":700,"caption":"PEIGNES DE TONDEUSE LISTER A2F SR Peignes et accessoires 16838 1.jpeg"},{"@type":"BreadcrumbList","@id":"https:\/\/la-cabrade.be\/produit\/peignes-de-tondeuse-lister-a2f-s-r\/#breadcrumb","itemListElement":[{"@type":"ListItem","position":1,"name":"Accueil","item":"https:\/\/la-cabrade.be\/"},{"@type":"ListItem","position":2,"name":"Boutique","item":"https:\/\/la-cabrade.be\/fr\/boutique\/"},{"@type":"ListItem","position":3,"name":"Peignes de tondeuse lister a2f &#8211; s\/r"}]},{"@type":"WebSite","@id":"https:\/\/la-cabrade.be\/#website","url":"https:\/\/la-cabrade.be\/","name":"La Cabrade","description":"Sellerie en ligne et magasin d\u2019\u00e9quitation \u00e0 Fl\u00e9ron, Li\u00e8ge","publisher":{"@id":"https:\/\/la-cabrade.be\/#organization"},"potentialAction":[{"@type":"SearchAction","target":{"@type":"EntryPoint","urlTemplate":"https:\/\/la-cabrade.be\/?s={search_term_string}"},"query-input":{"@type":"PropertyValueSpecification","valueRequired":true,"valueName":"search_term_string"}}],"inLanguage":"nl-BE"},{"@type":"Organization","@id":"https:\/\/la-cabrade.be\/#organization","name":"La Cabrade","url":"https:\/\/la-cabrade.be\/","logo":{"@type":"ImageObject","inLanguage":"nl-BE","@id":"https:\/\/la-cabrade.be\/#\/schema\/logo\/image\/","url":"https:\/\/la-cabrade.be\/wp-content\/uploads\/2020\/04\/La-Cabrade_logo.svg","contentUrl":"https:\/\/la-cabrade.be\/wp-content\/uploads\/2020\/04\/La-Cabrade_logo.svg","width":900,"height":320,"caption":"La Cabrade"},"image":{"@id":"https:\/\/la-cabrade.be\/#\/schema\/logo\/image\/"}}]}},"brands":[],"_links":{"self":[{"href":"https:\/\/la-cabrade.be\/nl\/wp-json\/wp\/v2\/product\/10741","targetHints":{"allow":["GET"]}}],"collection":[{"href":"https:\/\/la-cabrade.be\/nl\/wp-json\/wp\/v2\/product"}],"about":[{"href":"https:\/\/la-cabrade.be\/nl\/wp-json\/wp\/v2\/types\/product"}],"wp:featuredmedia":[{"embeddable":true,"href":"https:\/\/la-cabrade.be\/nl\/wp-json\/wp\/v2\/media\/33933"}],"wp:attachment":[{"href":"https:\/\/la-cabrade.be\/nl\/wp-json\/wp\/v2\/media?parent=10741"}],"wp:term":[{"taxonomy":"pwb-brand","embeddable":true,"href":"https:\/\/la-cabrade.be\/nl\/wp-json\/wp\/v2\/pwb-brand?post=10741"},{"taxonomy":"product_brand","embeddable":true,"href":"https:\/\/la-cabrade.be\/nl\/wp-json\/wp\/v2\/product_brand?post=10741"},{"taxonomy":"product_cat","embeddable":true,"href":"https:\/\/la-cabrade.be\/nl\/wp-json\/wp\/v2\/product_cat?post=10741"},{"taxonomy":"product_tag","embeddable":true,"href":"https:\/\/la-cabrade.be\/nl\/wp-json\/wp\/v2\/product_tag?post=10741"},{"taxonomy":"giftcard-category","embeddable":true,"href":"https:\/\/la-cabrade.be\/nl\/wp-json\/wp\/v2\/giftcard-category?post=10741"}],"curies":[{"name":"wp","href":"https:\/\/api.w.org\/{rel}","templated":true}]}}