{"id":284,"date":"2023-02-14T06:17:11","date_gmt":"2023-02-14T05:17:11","guid":{"rendered":"https:\/\/la-cabrade.be\/?page_id=284"},"modified":"2025-03-20T07:34:36","modified_gmt":"2025-03-20T06:34:36","slug":"conditions-de-livraison","status":"publish","type":"page","link":"https:\/\/la-cabrade.be\/nl\/leveringsvoorwaarden-2\/","title":{"rendered":"Leveringsvoorwaarden"},"content":{"rendered":"<div data-elementor-type=\"wp-page\" data-elementor-id=\"284\" class=\"elementor elementor-284\" data-elementor-post-type=\"page\">\n\t\t\t\t\t\t<section class=\"elementor-section elementor-top-section elementor-element elementor-element-50116511 elementor-section-stretched elementor-section-boxed elementor-section-height-default elementor-section-height-default\" data-id=\"50116511\" data-element_type=\"section\" data-settings=\"{&quot;stretch_section&quot;:&quot;section-stretched&quot;,&quot;background_background&quot;:&quot;classic&quot;}\">\n\t\t\t\t\t\t\t<div class=\"elementor-background-overlay\"><\/div>\n\t\t\t\t\t\t\t<div class=\"elementor-container elementor-column-gap-default\">\n\t\t\t\t\t<div class=\"elementor-column elementor-col-100 elementor-top-column elementor-element elementor-element-4ab49c9e\" data-id=\"4ab49c9e\" data-element_type=\"column\">\n\t\t\t<div class=\"elementor-widget-wrap elementor-element-populated\">\n\t\t\t\t\t\t<div class=\"elementor-element elementor-element-64ab1caa elementor-widget-divider--view-line elementor-widget elementor-widget-divider\" data-id=\"64ab1caa\" data-element_type=\"widget\" data-widget_type=\"divider.default\">\n\t\t\t\t<div class=\"elementor-widget-container\">\n\t\t\t\t\t\t\t<div class=\"elementor-divider\">\n\t\t\t<span class=\"elementor-divider-separator\">\n\t\t\t\t\t\t<\/span>\n\t\t<\/div>\n\t\t\t\t\t\t<\/div>\n\t\t\t\t<\/div>\n\t\t\t\t<div class=\"elementor-element elementor-element-6cc23256 elementor-widget elementor-widget-woocommerce-breadcrumb\" data-id=\"6cc23256\" data-element_type=\"widget\" data-widget_type=\"woocommerce-breadcrumb.default\">\n\t\t\t\t<div class=\"elementor-widget-container\">\n\t\t\t\t\t<nav class=\"woocommerce-breadcrumb\" aria-label=\"Broodkruimel\">Home<\/nav>\t\t\t\t<\/div>\n\t\t\t\t<\/div>\n\t\t\t\t\t<\/div>\n\t\t<\/div>\n\t\t\t\t\t<\/div>\n\t\t<\/section>\n\t\t\t\t<section class=\"elementor-section elementor-top-section elementor-element elementor-element-540e464 elementor-section-boxed elementor-section-height-default elementor-section-height-default\" data-id=\"540e464\" data-element_type=\"section\">\n\t\t\t\t\t\t<div class=\"elementor-container elementor-column-gap-default\">\n\t\t\t\t\t<div class=\"elementor-column elementor-col-100 elementor-top-column elementor-element elementor-element-1e5fde9e\" data-id=\"1e5fde9e\" data-element_type=\"column\">\n\t\t\t<div class=\"elementor-widget-wrap elementor-element-populated\">\n\t\t\t\t\t\t<div class=\"elementor-element elementor-element-d4f55e5 elementor-widget elementor-widget-html\" data-id=\"d4f55e5\" data-element_type=\"widget\" data-widget_type=\"html.default\">\n\t\t\t\t<div class=\"elementor-widget-container\">\n\t\t\t\t\t\n<h2>La Cabrade leveringsvoorwaarden<\/h2>\n\n<p>Bij La Cabrade doen we er alles aan om je een eenvoudige en gemakkelijke online winkelervaring te bieden, inclusief een snelle en betrouwbare levering van je bestelling. Wij werken samen met Bpost om de levering van al onze producten te garanderen. Lees onderstaande informatie voor meer informatie over de beschikbare bezorgopties en geschatte levertijden.<\/p>\n\n<h3>Leveringsopties<\/h3>\n\n<p>We bieden momenteel slechts \u00e9\u00e9n leveringsoptie voor bestellingen die via onze website worden geplaatst. Alle bestellingen worden geleverd via Bpost. De verzendkosten zijn afhankelijk van de grootte en het gewicht van je bestelling. De verzendkosten worden berekend op het moment van bestellen en worden weergegeven op de afrekenpagina.<\/p>\n\n<h3>Levertijden<\/h3>\n\n<p>Geschatte levertijden zijn afhankelijk van je locatie en de beschikbaarheid van het product. Let op: levertijden zijn schattingen en kunnen vari\u00ebren door factoren zoals weersomstandigheden, feestdagen en onvoorziene vertragingen bij de vervoerder. De geschatte levertijden zijn als volgt:<\/p>\n\n<ul>\n<li>Belgi\u00eb: 2-3 werkdagen<\/li>\n<li>Frankrijk: 3-5 werkdagen<\/li>\n<li>Nederland: 3-5 werkdagen<\/li>\n<li>Duitsland: 3-5 werkdagen<\/li>\n<li>Rest van Europa: 5-7 werkdagen<\/li>\n<li>Levering volgen<\/li>\n<\/ul>\n\n<p style=\"margin-top:20px;\">Zodra je bestelling is verzonden, ontvang je een bevestigingse-mail met een pakketvolgnummer. Je kunt dit trackingnummer gebruiken om je bestelling te volgen op de website van Bpost. Als je vragen of twijfels hebt over de levering van je bestelling, aarzel dan niet om contact op te nemen met onze klantenservice.<\/p>\n\n<h3>Retourneren en terugbetalen<\/h3>\n\n<p>Als je een product om welke reden dan ook wilt retourneren, heb je recht op een bedenktijd van 7 dagen. Je bent zelf verantwoordelijk voor de kosten van het retourneren van de goederen, tenzij het product defect is of we een fout hebben gemaakt bij het verzenden van je bestelling. We zullen het volledige bedrag van je bestelling (inclusief verzendkosten) terugbetalen zodra we je retourzending hebben ontvangen en verwerkt.<\/p>\n\n<p>Bedankt dat je La Cabrade hebt gekozen voor je online aankopen.<\/p>\t\t\t\t<\/div>\n\t\t\t\t<\/div>\n\t\t\t\t\t<\/div>\n\t\t<\/div>\n\t\t\t\t\t<\/div>\n\t\t<\/section>\n\t\t\t\t<\/div>","protected":false},"excerpt":{"rendered":"<p>Conditions de Livraison La Cabrade Chez La Cabrade, nous nous engageons \u00e0 vous offrir une exp\u00e9rience d&rsquo;achat en ligne simple et pratique, y compris une livraison rapide et fiable de votre commande. Nous travaillons avec Bpost pour assurer la livraison de tous nos produits. Veuillez lire les informations ci-dessous pour en savoir plus sur les [&hellip;]<\/p>","protected":false},"author":1,"featured_media":0,"parent":0,"menu_order":0,"comment_status":"closed","ping_status":"closed","template":"elementor_header_footer","meta":{"footnotes":""},"class_list":["post-284","page","type-page","status-publish","hentry"],"yoast_head":"<!-- This site is optimized with the Yoast SEO plugin v25.3.1 - https:\/\/yoast.com\/wordpress\/plugins\/seo\/ -->\n<title>Conditions de Livraison - La Cabrade | Li\u00e8ge<\/title>\n<meta name=\"description\" content=\"Une question sur nos Conditions de Livraison? D\u00e9couvrez ici toutes nos conditions en vigueur sur votre livraison en cours.\" \/>\n<meta name=\"robots\" content=\"index, follow, max-snippet:-1, max-image-preview:large, max-video-preview:-1\" \/>\n<link rel=\"canonical\" href=\"https:\/\/la-cabrade.be\/nl\/leveringsvoorwaarden-2\/\" \/>\n<meta property=\"og:locale\" content=\"nl_BE\" \/>\n<meta property=\"og:type\" content=\"article\" \/>\n<meta property=\"og:title\" content=\"Conditions de Livraison - La Cabrade | Li\u00e8ge\" \/>\n<meta property=\"og:description\" content=\"Une question sur nos Conditions de Livraison? D\u00e9couvrez ici toutes nos conditions en vigueur sur votre livraison en cours.\" \/>\n<meta property=\"og:url\" content=\"https:\/\/la-cabrade.be\/nl\/leveringsvoorwaarden-2\/\" \/>\n<meta property=\"og:site_name\" content=\"La Cabrade\" \/>\n<meta property=\"article:modified_time\" content=\"2025-03-20T06:34:36+00:00\" \/>\n<meta name=\"twitter:label1\" content=\"Geschatte leestijd\" \/>\n\t<meta name=\"twitter:data1\" content=\"2 minuten\" \/>\n<script type=\"application\/ld+json\" class=\"yoast-schema-graph\">{\"@context\":\"https:\/\/schema.org\",\"@graph\":[{\"@type\":\"WebPage\",\"@id\":\"https:\/\/la-cabrade.be\/fr\/conditions-de-livraison\/\",\"url\":\"https:\/\/la-cabrade.be\/fr\/conditions-de-livraison\/\",\"name\":\"Conditions de Livraison - La Cabrade | Li\u00e8ge\",\"isPartOf\":{\"@id\":\"https:\/\/la-cabrade.be\/#website\"},\"datePublished\":\"2023-02-14T05:17:11+00:00\",\"dateModified\":\"2025-03-20T06:34:36+00:00\",\"description\":\"Une question sur nos Conditions de Livraison? D\u00e9couvrez ici toutes nos conditions en vigueur sur votre livraison en cours.\",\"breadcrumb\":{\"@id\":\"https:\/\/la-cabrade.be\/fr\/conditions-de-livraison\/#breadcrumb\"},\"inLanguage\":\"nl-BE\",\"potentialAction\":[{\"@type\":\"ReadAction\",\"target\":[\"https:\/\/la-cabrade.be\/fr\/conditions-de-livraison\/\"]}]},{\"@type\":\"BreadcrumbList\",\"@id\":\"https:\/\/la-cabrade.be\/fr\/conditions-de-livraison\/#breadcrumb\",\"itemListElement\":[{\"@type\":\"ListItem\",\"position\":1,\"name\":\"Accueil\",\"item\":\"https:\/\/la-cabrade.be\/\"},{\"@type\":\"ListItem\",\"position\":2,\"name\":\"Conditions de Livraison\"}]},{\"@type\":\"WebSite\",\"@id\":\"https:\/\/la-cabrade.be\/#website\",\"url\":\"https:\/\/la-cabrade.be\/\",\"name\":\"La Cabrade\",\"description\":\"Sellerie en ligne et magasin d\u2019\u00e9quitation \u00e0 Fl\u00e9ron, Li\u00e8ge\",\"publisher\":{\"@id\":\"https:\/\/la-cabrade.be\/#organization\"},\"potentialAction\":[{\"@type\":\"SearchAction\",\"target\":{\"@type\":\"EntryPoint\",\"urlTemplate\":\"https:\/\/la-cabrade.be\/?s={search_term_string}\"},\"query-input\":{\"@type\":\"PropertyValueSpecification\",\"valueRequired\":true,\"valueName\":\"search_term_string\"}}],\"inLanguage\":\"nl-BE\"},{\"@type\":\"Organization\",\"@id\":\"https:\/\/la-cabrade.be\/#organization\",\"name\":\"La Cabrade\",\"url\":\"https:\/\/la-cabrade.be\/\",\"logo\":{\"@type\":\"ImageObject\",\"inLanguage\":\"nl-BE\",\"@id\":\"https:\/\/la-cabrade.be\/#\/schema\/logo\/image\/\",\"url\":\"https:\/\/la-cabrade.be\/wp-content\/uploads\/2020\/04\/La-Cabrade_logo.svg\",\"contentUrl\":\"https:\/\/la-cabrade.be\/wp-content\/uploads\/2020\/04\/La-Cabrade_logo.svg\",\"width\":900,\"height\":320,\"caption\":\"La Cabrade\"},\"image\":{\"@id\":\"https:\/\/la-cabrade.be\/#\/schema\/logo\/image\/\"}}]}<\/script>\n<!-- \/ Yoast SEO plugin. -->","yoast_head_json":{"title":"Conditions de Livraison - La Cabrade | Li\u00e8ge","description":"Une question sur nos Conditions de Livraison? D\u00e9couvrez ici toutes nos conditions en vigueur sur votre livraison en cours.","robots":{"index":"index","follow":"follow","max-snippet":"max-snippet:-1","max-image-preview":"max-image-preview:large","max-video-preview":"max-video-preview:-1"},"canonical":"https:\/\/la-cabrade.be\/nl\/leveringsvoorwaarden-2\/","og_locale":"nl_BE","og_type":"article","og_title":"Conditions de Livraison - La Cabrade | Li\u00e8ge","og_description":"Une question sur nos Conditions de Livraison? D\u00e9couvrez ici toutes nos conditions en vigueur sur votre livraison en cours.","og_url":"https:\/\/la-cabrade.be\/nl\/leveringsvoorwaarden-2\/","og_site_name":"La Cabrade","article_modified_time":"2025-03-20T06:34:36+00:00","twitter_misc":{"Geschatte leestijd":"2 minuten"},"schema":{"@context":"https:\/\/schema.org","@graph":[{"@type":"WebPage","@id":"https:\/\/la-cabrade.be\/fr\/conditions-de-livraison\/","url":"https:\/\/la-cabrade.be\/fr\/conditions-de-livraison\/","name":"Conditions de Livraison - La Cabrade | Li\u00e8ge","isPartOf":{"@id":"https:\/\/la-cabrade.be\/#website"},"datePublished":"2023-02-14T05:17:11+00:00","dateModified":"2025-03-20T06:34:36+00:00","description":"Une question sur nos Conditions de Livraison? D\u00e9couvrez ici toutes nos conditions en vigueur sur votre livraison en cours.","breadcrumb":{"@id":"https:\/\/la-cabrade.be\/fr\/conditions-de-livraison\/#breadcrumb"},"inLanguage":"nl-BE","potentialAction":[{"@type":"ReadAction","target":["https:\/\/la-cabrade.be\/fr\/conditions-de-livraison\/"]}]},{"@type":"BreadcrumbList","@id":"https:\/\/la-cabrade.be\/fr\/conditions-de-livraison\/#breadcrumb","itemListElement":[{"@type":"ListItem","position":1,"name":"Accueil","item":"https:\/\/la-cabrade.be\/"},{"@type":"ListItem","position":2,"name":"Conditions de Livraison"}]},{"@type":"WebSite","@id":"https:\/\/la-cabrade.be\/#website","url":"https:\/\/la-cabrade.be\/","name":"La Cabrade","description":"Sellerie en ligne et magasin d\u2019\u00e9quitation \u00e0 Fl\u00e9ron, Li\u00e8ge","publisher":{"@id":"https:\/\/la-cabrade.be\/#organization"},"potentialAction":[{"@type":"SearchAction","target":{"@type":"EntryPoint","urlTemplate":"https:\/\/la-cabrade.be\/?s={search_term_string}"},"query-input":{"@type":"PropertyValueSpecification","valueRequired":true,"valueName":"search_term_string"}}],"inLanguage":"nl-BE"},{"@type":"Organization","@id":"https:\/\/la-cabrade.be\/#organization","name":"La Cabrade","url":"https:\/\/la-cabrade.be\/","logo":{"@type":"ImageObject","inLanguage":"nl-BE","@id":"https:\/\/la-cabrade.be\/#\/schema\/logo\/image\/","url":"https:\/\/la-cabrade.be\/wp-content\/uploads\/2020\/04\/La-Cabrade_logo.svg","contentUrl":"https:\/\/la-cabrade.be\/wp-content\/uploads\/2020\/04\/La-Cabrade_logo.svg","width":900,"height":320,"caption":"La Cabrade"},"image":{"@id":"https:\/\/la-cabrade.be\/#\/schema\/logo\/image\/"}}]}},"_links":{"self":[{"href":"https:\/\/la-cabrade.be\/nl\/wp-json\/wp\/v2\/pages\/284","targetHints":{"allow":["GET"]}}],"collection":[{"href":"https:\/\/la-cabrade.be\/nl\/wp-json\/wp\/v2\/pages"}],"about":[{"href":"https:\/\/la-cabrade.be\/nl\/wp-json\/wp\/v2\/types\/page"}],"author":[{"embeddable":true,"href":"https:\/\/la-cabrade.be\/nl\/wp-json\/wp\/v2\/users\/1"}],"replies":[{"embeddable":true,"href":"https:\/\/la-cabrade.be\/nl\/wp-json\/wp\/v2\/comments?post=284"}],"version-history":[{"count":0,"href":"https:\/\/la-cabrade.be\/nl\/wp-json\/wp\/v2\/pages\/284\/revisions"}],"wp:attachment":[{"href":"https:\/\/la-cabrade.be\/nl\/wp-json\/wp\/v2\/media?parent=284"}],"curies":[{"name":"wp","href":"https:\/\/api.w.org\/{rel}","templated":true}]}}