{"id":8237,"date":"2023-08-02T18:47:47","date_gmt":"2023-08-02T17:47:47","guid":{"rendered":"https:\/\/la-cabrade.be\/fr\/produit\/leather-shine-cavalor-200-ml-s-r\/"},"modified":"2025-12-11T03:15:44","modified_gmt":"2025-12-11T02:15:44","slug":"leather-shine-cavalor-200-ml-s-r","status":"publish","type":"product","link":"https:\/\/la-cabrade.be\/fr\/produit\/leather-shine-cavalor-200-ml-s-r\/","title":{"rendered":"Leather shine cavalor 200 ml s\/r"},"content":{"rendered":"<p>Formule unique : nourrit le cuir, le maintient souple et le fait briller sans le rendre glissant. Appliquez Cavalor Leather Shine sur le cuir avec un chiffon humide ou une \u00e9ponge, le polissage avec un chiffon en laine peut am\u00e9liorer l&rsquo;effet brillant.<\/p>\n<p>Conditionnement : tube de 200 ML<\/p>\n","protected":false},"excerpt":{"rendered":"<p>Formule unique : nourrit le cuir, le maintient souple et le fait briller sans le rendre glissant. Appliquez Cavalor Leather Shine sur le cuir avec un chiffon humide ou une \u00e9ponge, le polissage avec un chiffon en laine peut am\u00e9liorer l&rsquo;effet brillant. Conditionnement : tube de 200 ML<\/p>\n","protected":false},"featured_media":28168,"template":"","meta":[],"pwb-brand":[577],"product_brand":[],"product_cat":[824],"product_tag":[],"giftcard-category":[],"class_list":{"0":"post-8237","1":"product","2":"type-product","3":"status-publish","4":"has-post-thumbnail","6":"pwb-brand-cavalor","7":"product_cat-soin-du-cuir","9":"first","10":"outofstock","11":"taxable","12":"shipping-taxable","13":"purchasable","14":"product-type-simple"},"yoast_head":"<!-- This site is optimized with the Yoast SEO plugin v25.3.1 - https:\/\/yoast.com\/wordpress\/plugins\/seo\/ -->\n<title>Leather shine cavalor 200 ml s\/r - La Cabrade<\/title>\n<meta name=\"description\" content=\"Achetez Leather shine cavalor 200 ml s\/r au meilleur prix. Livraison rapide. Dans votre magasin d&#039;\u00e9quitation en ligne Sellerie La Cabrade\" \/>\n<meta name=\"robots\" content=\"index, follow, max-snippet:-1, max-image-preview:large, max-video-preview:-1\" \/>\n<link rel=\"canonical\" href=\"https:\/\/la-cabrade.be\/fr\/produit\/leather-shine-cavalor-200-ml-s-r\/\" \/>\n<meta property=\"og:locale\" content=\"fr_FR\" \/>\n<meta property=\"og:type\" content=\"article\" \/>\n<meta property=\"og:title\" content=\"Leather shine cavalor 200 ml s\/r - La Cabrade\" \/>\n<meta property=\"og:description\" content=\"Achetez Leather shine cavalor 200 ml s\/r au meilleur prix. Livraison rapide. Dans votre magasin d&#039;\u00e9quitation en ligne Sellerie La Cabrade\" \/>\n<meta property=\"og:url\" content=\"https:\/\/la-cabrade.be\/fr\/produit\/leather-shine-cavalor-200-ml-s-r\/\" \/>\n<meta property=\"og:site_name\" content=\"La Cabrade\" \/>\n<meta property=\"article:modified_time\" content=\"2025-12-11T02:15:44+00:00\" \/>\n<meta property=\"og:image\" content=\"https:\/\/la-cabrade.be\/wp-content\/uploads\/2023\/11\/LEATHER-SHINE-CAVALOR-200-ML-SR_Soin-du-cuir_15172_1.jpeg\" \/>\n\t<meta property=\"og:image:width\" content=\"700\" \/>\n\t<meta property=\"og:image:height\" content=\"700\" \/>\n\t<meta property=\"og:image:type\" content=\"image\/jpeg\" \/>\n<script type=\"application\/ld+json\" class=\"yoast-schema-graph\">{\"@context\":\"https:\/\/schema.org\",\"@graph\":[{\"@type\":\"WebPage\",\"@id\":\"https:\/\/la-cabrade.be\/fr\/produit\/leather-shine-cavalor-200-ml-s-r\/\",\"url\":\"https:\/\/la-cabrade.be\/fr\/produit\/leather-shine-cavalor-200-ml-s-r\/\",\"name\":\"Leather shine cavalor 200 ml s\/r - La Cabrade\",\"isPartOf\":{\"@id\":\"https:\/\/la-cabrade.be\/#website\"},\"primaryImageOfPage\":{\"@id\":\"https:\/\/la-cabrade.be\/fr\/produit\/leather-shine-cavalor-200-ml-s-r\/#primaryimage\"},\"image\":{\"@id\":\"https:\/\/la-cabrade.be\/fr\/produit\/leather-shine-cavalor-200-ml-s-r\/#primaryimage\"},\"thumbnailUrl\":\"https:\/\/la-cabrade.be\/wp-content\/uploads\/2023\/11\/LEATHER-SHINE-CAVALOR-200-ML-SR_Soin-du-cuir_15172_1.jpeg\",\"datePublished\":\"2023-08-02T17:47:47+00:00\",\"dateModified\":\"2025-12-11T02:15:44+00:00\",\"description\":\"Achetez Leather shine cavalor 200 ml s\/r au meilleur prix. Livraison rapide. Dans votre magasin d'\u00e9quitation en ligne Sellerie La Cabrade\",\"breadcrumb\":{\"@id\":\"https:\/\/la-cabrade.be\/fr\/produit\/leather-shine-cavalor-200-ml-s-r\/#breadcrumb\"},\"inLanguage\":\"fr-BE\",\"potentialAction\":[{\"@type\":\"ReadAction\",\"target\":[\"https:\/\/la-cabrade.be\/fr\/produit\/leather-shine-cavalor-200-ml-s-r\/\"]}]},{\"@type\":\"ImageObject\",\"inLanguage\":\"fr-BE\",\"@id\":\"https:\/\/la-cabrade.be\/fr\/produit\/leather-shine-cavalor-200-ml-s-r\/#primaryimage\",\"url\":\"https:\/\/la-cabrade.be\/wp-content\/uploads\/2023\/11\/LEATHER-SHINE-CAVALOR-200-ML-SR_Soin-du-cuir_15172_1.jpeg\",\"contentUrl\":\"https:\/\/la-cabrade.be\/wp-content\/uploads\/2023\/11\/LEATHER-SHINE-CAVALOR-200-ML-SR_Soin-du-cuir_15172_1.jpeg\",\"width\":700,\"height\":700,\"caption\":\"LEATHER SHINE CAVALOR 200 ML SR Soin du cuir 15172 1.jpeg\"},{\"@type\":\"BreadcrumbList\",\"@id\":\"https:\/\/la-cabrade.be\/fr\/produit\/leather-shine-cavalor-200-ml-s-r\/#breadcrumb\",\"itemListElement\":[{\"@type\":\"ListItem\",\"position\":1,\"name\":\"Accueil\",\"item\":\"https:\/\/la-cabrade.be\/\"},{\"@type\":\"ListItem\",\"position\":2,\"name\":\"Boutique\",\"item\":\"https:\/\/la-cabrade.be\/fr\/boutique\/\"},{\"@type\":\"ListItem\",\"position\":3,\"name\":\"Leather shine cavalor 200 ml s\/r\"}]},{\"@type\":\"WebSite\",\"@id\":\"https:\/\/la-cabrade.be\/#website\",\"url\":\"https:\/\/la-cabrade.be\/\",\"name\":\"La Cabrade\",\"description\":\"Sellerie en ligne et magasin d\u2019\u00e9quitation \u00e0 Fl\u00e9ron, Li\u00e8ge\",\"publisher\":{\"@id\":\"https:\/\/la-cabrade.be\/#organization\"},\"potentialAction\":[{\"@type\":\"SearchAction\",\"target\":{\"@type\":\"EntryPoint\",\"urlTemplate\":\"https:\/\/la-cabrade.be\/?s={search_term_string}\"},\"query-input\":{\"@type\":\"PropertyValueSpecification\",\"valueRequired\":true,\"valueName\":\"search_term_string\"}}],\"inLanguage\":\"fr-BE\"},{\"@type\":\"Organization\",\"@id\":\"https:\/\/la-cabrade.be\/#organization\",\"name\":\"La Cabrade\",\"url\":\"https:\/\/la-cabrade.be\/\",\"logo\":{\"@type\":\"ImageObject\",\"inLanguage\":\"fr-BE\",\"@id\":\"https:\/\/la-cabrade.be\/#\/schema\/logo\/image\/\",\"url\":\"https:\/\/la-cabrade.be\/wp-content\/uploads\/2020\/04\/La-Cabrade_logo.svg\",\"contentUrl\":\"https:\/\/la-cabrade.be\/wp-content\/uploads\/2020\/04\/La-Cabrade_logo.svg\",\"width\":900,\"height\":320,\"caption\":\"La Cabrade\"},\"image\":{\"@id\":\"https:\/\/la-cabrade.be\/#\/schema\/logo\/image\/\"}}]}<\/script>\n<!-- \/ Yoast SEO plugin. -->","yoast_head_json":{"title":"Leather shine cavalor 200 ml s\/r - La Cabrade","description":"Achetez Leather shine cavalor 200 ml s\/r au meilleur prix. Livraison rapide. Dans votre magasin d'\u00e9quitation en ligne Sellerie La Cabrade","robots":{"index":"index","follow":"follow","max-snippet":"max-snippet:-1","max-image-preview":"max-image-preview:large","max-video-preview":"max-video-preview:-1"},"canonical":"https:\/\/la-cabrade.be\/fr\/produit\/leather-shine-cavalor-200-ml-s-r\/","og_locale":"fr_FR","og_type":"article","og_title":"Leather shine cavalor 200 ml s\/r - La Cabrade","og_description":"Achetez Leather shine cavalor 200 ml s\/r au meilleur prix. Livraison rapide. Dans votre magasin d'\u00e9quitation en ligne Sellerie La Cabrade","og_url":"https:\/\/la-cabrade.be\/fr\/produit\/leather-shine-cavalor-200-ml-s-r\/","og_site_name":"La Cabrade","article_modified_time":"2025-12-11T02:15:44+00:00","og_image":[{"width":700,"height":700,"url":"https:\/\/la-cabrade.be\/wp-content\/uploads\/2023\/11\/LEATHER-SHINE-CAVALOR-200-ML-SR_Soin-du-cuir_15172_1.jpeg","type":"image\/jpeg"}],"schema":{"@context":"https:\/\/schema.org","@graph":[{"@type":"WebPage","@id":"https:\/\/la-cabrade.be\/fr\/produit\/leather-shine-cavalor-200-ml-s-r\/","url":"https:\/\/la-cabrade.be\/fr\/produit\/leather-shine-cavalor-200-ml-s-r\/","name":"Leather shine cavalor 200 ml s\/r - La Cabrade","isPartOf":{"@id":"https:\/\/la-cabrade.be\/#website"},"primaryImageOfPage":{"@id":"https:\/\/la-cabrade.be\/fr\/produit\/leather-shine-cavalor-200-ml-s-r\/#primaryimage"},"image":{"@id":"https:\/\/la-cabrade.be\/fr\/produit\/leather-shine-cavalor-200-ml-s-r\/#primaryimage"},"thumbnailUrl":"https:\/\/la-cabrade.be\/wp-content\/uploads\/2023\/11\/LEATHER-SHINE-CAVALOR-200-ML-SR_Soin-du-cuir_15172_1.jpeg","datePublished":"2023-08-02T17:47:47+00:00","dateModified":"2025-12-11T02:15:44+00:00","description":"Achetez Leather shine cavalor 200 ml s\/r au meilleur prix. Livraison rapide. Dans votre magasin d'\u00e9quitation en ligne Sellerie La Cabrade","breadcrumb":{"@id":"https:\/\/la-cabrade.be\/fr\/produit\/leather-shine-cavalor-200-ml-s-r\/#breadcrumb"},"inLanguage":"fr-BE","potentialAction":[{"@type":"ReadAction","target":["https:\/\/la-cabrade.be\/fr\/produit\/leather-shine-cavalor-200-ml-s-r\/"]}]},{"@type":"ImageObject","inLanguage":"fr-BE","@id":"https:\/\/la-cabrade.be\/fr\/produit\/leather-shine-cavalor-200-ml-s-r\/#primaryimage","url":"https:\/\/la-cabrade.be\/wp-content\/uploads\/2023\/11\/LEATHER-SHINE-CAVALOR-200-ML-SR_Soin-du-cuir_15172_1.jpeg","contentUrl":"https:\/\/la-cabrade.be\/wp-content\/uploads\/2023\/11\/LEATHER-SHINE-CAVALOR-200-ML-SR_Soin-du-cuir_15172_1.jpeg","width":700,"height":700,"caption":"LEATHER SHINE CAVALOR 200 ML SR Soin du cuir 15172 1.jpeg"},{"@type":"BreadcrumbList","@id":"https:\/\/la-cabrade.be\/fr\/produit\/leather-shine-cavalor-200-ml-s-r\/#breadcrumb","itemListElement":[{"@type":"ListItem","position":1,"name":"Accueil","item":"https:\/\/la-cabrade.be\/"},{"@type":"ListItem","position":2,"name":"Boutique","item":"https:\/\/la-cabrade.be\/fr\/boutique\/"},{"@type":"ListItem","position":3,"name":"Leather shine cavalor 200 ml s\/r"}]},{"@type":"WebSite","@id":"https:\/\/la-cabrade.be\/#website","url":"https:\/\/la-cabrade.be\/","name":"La Cabrade","description":"Sellerie en ligne et magasin d\u2019\u00e9quitation \u00e0 Fl\u00e9ron, Li\u00e8ge","publisher":{"@id":"https:\/\/la-cabrade.be\/#organization"},"potentialAction":[{"@type":"SearchAction","target":{"@type":"EntryPoint","urlTemplate":"https:\/\/la-cabrade.be\/?s={search_term_string}"},"query-input":{"@type":"PropertyValueSpecification","valueRequired":true,"valueName":"search_term_string"}}],"inLanguage":"fr-BE"},{"@type":"Organization","@id":"https:\/\/la-cabrade.be\/#organization","name":"La Cabrade","url":"https:\/\/la-cabrade.be\/","logo":{"@type":"ImageObject","inLanguage":"fr-BE","@id":"https:\/\/la-cabrade.be\/#\/schema\/logo\/image\/","url":"https:\/\/la-cabrade.be\/wp-content\/uploads\/2020\/04\/La-Cabrade_logo.svg","contentUrl":"https:\/\/la-cabrade.be\/wp-content\/uploads\/2020\/04\/La-Cabrade_logo.svg","width":900,"height":320,"caption":"La Cabrade"},"image":{"@id":"https:\/\/la-cabrade.be\/#\/schema\/logo\/image\/"}}]}},"brands":[{"id":577,"name":"Cavalor","slug":"cavalor"}],"_links":{"self":[{"href":"https:\/\/la-cabrade.be\/fr\/wp-json\/wp\/v2\/product\/8237","targetHints":{"allow":["GET"]}}],"collection":[{"href":"https:\/\/la-cabrade.be\/fr\/wp-json\/wp\/v2\/product"}],"about":[{"href":"https:\/\/la-cabrade.be\/fr\/wp-json\/wp\/v2\/types\/product"}],"wp:featuredmedia":[{"embeddable":true,"href":"https:\/\/la-cabrade.be\/fr\/wp-json\/wp\/v2\/media\/28168"}],"wp:attachment":[{"href":"https:\/\/la-cabrade.be\/fr\/wp-json\/wp\/v2\/media?parent=8237"}],"wp:term":[{"taxonomy":"pwb-brand","embeddable":true,"href":"https:\/\/la-cabrade.be\/fr\/wp-json\/wp\/v2\/pwb-brand?post=8237"},{"taxonomy":"product_brand","embeddable":true,"href":"https:\/\/la-cabrade.be\/fr\/wp-json\/wp\/v2\/product_brand?post=8237"},{"taxonomy":"product_cat","embeddable":true,"href":"https:\/\/la-cabrade.be\/fr\/wp-json\/wp\/v2\/product_cat?post=8237"},{"taxonomy":"product_tag","embeddable":true,"href":"https:\/\/la-cabrade.be\/fr\/wp-json\/wp\/v2\/product_tag?post=8237"},{"taxonomy":"giftcard-category","embeddable":true,"href":"https:\/\/la-cabrade.be\/fr\/wp-json\/wp\/v2\/giftcard-category?post=8237"}],"curies":[{"name":"wp","href":"https:\/\/api.w.org\/{rel}","templated":true}]}}