{"id":8162,"date":"2023-08-02T18:30:57","date_gmt":"2023-08-02T17:30:57","guid":{"rendered":"https:\/\/la-cabrade.be\/fr\/produit\/kooki-lady-crystal-carpet-matt\/"},"modified":"2026-03-24T11:49:16","modified_gmt":"2026-03-24T10:49:16","slug":"kooki-lady-crystal-carpet-matt","status":"publish","type":"product","link":"https:\/\/la-cabrade.be\/fr\/produit\/kooki-lady-crystal-carpet-matt\/","title":{"rendered":"Casque Kooki Crystal Carpet &#8211; Matt KASK"},"content":{"rendered":"<p>KOOKI Crystal Carpet se caract\u00e9rise par la simplicit\u00e9 de ses lignes et par son design made in Italy. Les d\u00e9tails Swarovski \u00e0 l\u2019avant et \u00e0 l\u2019arri\u00e8re des a\u00e9rateurs se marient parfaitement avec n\u2019importe quelle tenue. Il est parfait pour un usage quotidien pendant l\u2019entra\u00eenement ou la comp\u00e9tition. Ce casque vous permettra de montrer votre style n\u2019importe o\u00f9, en restant toujours en s\u00e9curit\u00e9.<\/p>\n<p>Coque S : 53, 54, 55, 56<br \/>\nCoque M : 57, 58, 59<br \/>\nCoque L : 60, 61, 62, 63<\/p>\n<p>Merci de prendre contact avec nous pour nous pr\u00e9ciser la taille du liner.<\/p>\n","protected":false},"excerpt":{"rendered":"<p>KOOKI Crystal Carpet se caract\u00e9rise par la simplicit\u00e9 de ses lignes et par son design made in Italy. Les d\u00e9tails Swarovski \u00e0 l\u2019avant et \u00e0 l\u2019arri\u00e8re des a\u00e9rateurs se marient parfaitement avec n\u2019importe quelle tenue. Il est parfait pour un usage quotidien pendant l\u2019entra\u00eenement ou la comp\u00e9tition. Ce casque vous permettra de montrer votre style [&hellip;]<\/p>\n","protected":false},"featured_media":57802,"template":"","meta":[],"pwb-brand":[612],"product_brand":[],"product_cat":[1166],"product_tag":[],"giftcard-category":[],"class_list":{"0":"post-8162","1":"product","2":"type-product","3":"status-publish","4":"has-post-thumbnail","6":"pwb-brand-kask","7":"product_cat-casques-et-bombes","9":"first","10":"outofstock","11":"taxable","12":"shipping-taxable","13":"purchasable","14":"product-type-variable","15":"has-default-attributes"},"yoast_head":"<!-- This site is optimized with the Yoast SEO plugin v25.3.1 - https:\/\/yoast.com\/wordpress\/plugins\/seo\/ -->\n<title>Casque Kooki Crystal Carpet - Matt KASK - La Cabrade<\/title>\n<meta name=\"description\" content=\"Achetez Casque Kooki Crystal Carpet - Matt KASK au meilleur prix. Livraison rapide. Dans votre magasin d&#039;\u00e9quitation en ligne Sellerie La Cabrade\" \/>\n<meta name=\"robots\" content=\"index, follow, max-snippet:-1, max-image-preview:large, max-video-preview:-1\" \/>\n<link rel=\"canonical\" href=\"https:\/\/la-cabrade.be\/fr\/produit\/kooki-lady-crystal-carpet-matt\/\" \/>\n<meta property=\"og:locale\" content=\"fr_FR\" \/>\n<meta property=\"og:type\" content=\"article\" \/>\n<meta property=\"og:title\" content=\"Casque Kooki Crystal Carpet - Matt KASK - La Cabrade\" \/>\n<meta property=\"og:description\" content=\"Achetez Casque Kooki Crystal Carpet - Matt KASK au meilleur prix. Livraison rapide. Dans votre magasin d&#039;\u00e9quitation en ligne Sellerie La Cabrade\" \/>\n<meta property=\"og:url\" content=\"https:\/\/la-cabrade.be\/fr\/produit\/kooki-lady-crystal-carpet-matt\/\" \/>\n<meta property=\"og:site_name\" content=\"La Cabrade\" \/>\n<meta property=\"article:modified_time\" content=\"2026-03-24T10:49:16+00:00\" \/>\n<meta name=\"twitter:label1\" content=\"Dur\u00e9e de lecture est.\" \/>\n\t<meta name=\"twitter:data1\" content=\"1 minute\" \/>\n<script type=\"application\/ld+json\" class=\"yoast-schema-graph\">{\"@context\":\"https:\/\/schema.org\",\"@graph\":[{\"@type\":\"WebPage\",\"@id\":\"https:\/\/la-cabrade.be\/produit\/kooki-lady-crystal-carpet-matt\/\",\"url\":\"https:\/\/la-cabrade.be\/produit\/kooki-lady-crystal-carpet-matt\/\",\"name\":\"Casque Kooki Crystal Carpet - Matt KASK - La Cabrade\",\"isPartOf\":{\"@id\":\"https:\/\/la-cabrade.be\/#website\"},\"primaryImageOfPage\":{\"@id\":\"https:\/\/la-cabrade.be\/produit\/kooki-lady-crystal-carpet-matt\/#primaryimage\"},\"image\":{\"@id\":\"https:\/\/la-cabrade.be\/produit\/kooki-lady-crystal-carpet-matt\/#primaryimage\"},\"thumbnailUrl\":\"https:\/\/la-cabrade.be\/wp-content\/uploads\/2025\/05\/Casque-Kooki-Crystal-Carpet-Matt-KASK_Casques-et-bombes_15974_1.jpeg\",\"datePublished\":\"2023-08-02T17:30:57+00:00\",\"dateModified\":\"2026-03-24T10:49:16+00:00\",\"description\":\"Achetez Casque Kooki Crystal Carpet - Matt KASK au meilleur prix. Livraison rapide. Dans votre magasin d'\u00e9quitation en ligne Sellerie La Cabrade\",\"breadcrumb\":{\"@id\":\"https:\/\/la-cabrade.be\/produit\/kooki-lady-crystal-carpet-matt\/#breadcrumb\"},\"inLanguage\":\"fr-BE\",\"potentialAction\":[{\"@type\":\"ReadAction\",\"target\":[\"https:\/\/la-cabrade.be\/produit\/kooki-lady-crystal-carpet-matt\/\"]}]},{\"@type\":\"ImageObject\",\"inLanguage\":\"fr-BE\",\"@id\":\"https:\/\/la-cabrade.be\/produit\/kooki-lady-crystal-carpet-matt\/#primaryimage\",\"url\":\"https:\/\/la-cabrade.be\/wp-content\/uploads\/2025\/05\/Casque-Kooki-Crystal-Carpet-Matt-KASK_Casques-et-bombes_15974_1.jpeg\",\"contentUrl\":\"https:\/\/la-cabrade.be\/wp-content\/uploads\/2025\/05\/Casque-Kooki-Crystal-Carpet-Matt-KASK_Casques-et-bombes_15974_1.jpeg\",\"width\":900,\"height\":900,\"caption\":\"Casque Kooki Crystal Carpet Matt KASK Casques et bombes 15974 1.jpeg\"},{\"@type\":\"BreadcrumbList\",\"@id\":\"https:\/\/la-cabrade.be\/produit\/kooki-lady-crystal-carpet-matt\/#breadcrumb\",\"itemListElement\":[{\"@type\":\"ListItem\",\"position\":1,\"name\":\"Accueil\",\"item\":\"https:\/\/la-cabrade.be\/\"},{\"@type\":\"ListItem\",\"position\":2,\"name\":\"Boutique\",\"item\":\"https:\/\/la-cabrade.be\/fr\/boutique\/\"},{\"@type\":\"ListItem\",\"position\":3,\"name\":\"Casque Kooki Crystal Carpet &#8211; Matt KASK\"}]},{\"@type\":\"WebSite\",\"@id\":\"https:\/\/la-cabrade.be\/#website\",\"url\":\"https:\/\/la-cabrade.be\/\",\"name\":\"La Cabrade\",\"description\":\"Sellerie en ligne et magasin d\u2019\u00e9quitation \u00e0 Fl\u00e9ron, Li\u00e8ge\",\"publisher\":{\"@id\":\"https:\/\/la-cabrade.be\/#organization\"},\"potentialAction\":[{\"@type\":\"SearchAction\",\"target\":{\"@type\":\"EntryPoint\",\"urlTemplate\":\"https:\/\/la-cabrade.be\/?s={search_term_string}\"},\"query-input\":{\"@type\":\"PropertyValueSpecification\",\"valueRequired\":true,\"valueName\":\"search_term_string\"}}],\"inLanguage\":\"fr-BE\"},{\"@type\":\"Organization\",\"@id\":\"https:\/\/la-cabrade.be\/#organization\",\"name\":\"La Cabrade\",\"url\":\"https:\/\/la-cabrade.be\/\",\"logo\":{\"@type\":\"ImageObject\",\"inLanguage\":\"fr-BE\",\"@id\":\"https:\/\/la-cabrade.be\/#\/schema\/logo\/image\/\",\"url\":\"https:\/\/la-cabrade.be\/wp-content\/uploads\/2020\/04\/La-Cabrade_logo.svg\",\"contentUrl\":\"https:\/\/la-cabrade.be\/wp-content\/uploads\/2020\/04\/La-Cabrade_logo.svg\",\"width\":900,\"height\":320,\"caption\":\"La Cabrade\"},\"image\":{\"@id\":\"https:\/\/la-cabrade.be\/#\/schema\/logo\/image\/\"}}]}<\/script>\n<!-- \/ Yoast SEO plugin. -->","yoast_head_json":{"title":"Casque Kooki Crystal Carpet - Matt KASK - La Cabrade","description":"Achetez Casque Kooki Crystal Carpet - Matt KASK au meilleur prix. Livraison rapide. Dans votre magasin d'\u00e9quitation en ligne Sellerie La Cabrade","robots":{"index":"index","follow":"follow","max-snippet":"max-snippet:-1","max-image-preview":"max-image-preview:large","max-video-preview":"max-video-preview:-1"},"canonical":"https:\/\/la-cabrade.be\/fr\/produit\/kooki-lady-crystal-carpet-matt\/","og_locale":"fr_FR","og_type":"article","og_title":"Casque Kooki Crystal Carpet - Matt KASK - La Cabrade","og_description":"Achetez Casque Kooki Crystal Carpet - Matt KASK au meilleur prix. Livraison rapide. Dans votre magasin d'\u00e9quitation en ligne Sellerie La Cabrade","og_url":"https:\/\/la-cabrade.be\/fr\/produit\/kooki-lady-crystal-carpet-matt\/","og_site_name":"La Cabrade","article_modified_time":"2026-03-24T10:49:16+00:00","twitter_misc":{"Dur\u00e9e de lecture est.":"1 minute"},"schema":{"@context":"https:\/\/schema.org","@graph":[{"@type":"WebPage","@id":"https:\/\/la-cabrade.be\/produit\/kooki-lady-crystal-carpet-matt\/","url":"https:\/\/la-cabrade.be\/produit\/kooki-lady-crystal-carpet-matt\/","name":"Casque Kooki Crystal Carpet - Matt KASK - La Cabrade","isPartOf":{"@id":"https:\/\/la-cabrade.be\/#website"},"primaryImageOfPage":{"@id":"https:\/\/la-cabrade.be\/produit\/kooki-lady-crystal-carpet-matt\/#primaryimage"},"image":{"@id":"https:\/\/la-cabrade.be\/produit\/kooki-lady-crystal-carpet-matt\/#primaryimage"},"thumbnailUrl":"https:\/\/la-cabrade.be\/wp-content\/uploads\/2025\/05\/Casque-Kooki-Crystal-Carpet-Matt-KASK_Casques-et-bombes_15974_1.jpeg","datePublished":"2023-08-02T17:30:57+00:00","dateModified":"2026-03-24T10:49:16+00:00","description":"Achetez Casque Kooki Crystal Carpet - Matt KASK au meilleur prix. Livraison rapide. Dans votre magasin d'\u00e9quitation en ligne Sellerie La Cabrade","breadcrumb":{"@id":"https:\/\/la-cabrade.be\/produit\/kooki-lady-crystal-carpet-matt\/#breadcrumb"},"inLanguage":"fr-BE","potentialAction":[{"@type":"ReadAction","target":["https:\/\/la-cabrade.be\/produit\/kooki-lady-crystal-carpet-matt\/"]}]},{"@type":"ImageObject","inLanguage":"fr-BE","@id":"https:\/\/la-cabrade.be\/produit\/kooki-lady-crystal-carpet-matt\/#primaryimage","url":"https:\/\/la-cabrade.be\/wp-content\/uploads\/2025\/05\/Casque-Kooki-Crystal-Carpet-Matt-KASK_Casques-et-bombes_15974_1.jpeg","contentUrl":"https:\/\/la-cabrade.be\/wp-content\/uploads\/2025\/05\/Casque-Kooki-Crystal-Carpet-Matt-KASK_Casques-et-bombes_15974_1.jpeg","width":900,"height":900,"caption":"Casque Kooki Crystal Carpet Matt KASK Casques et bombes 15974 1.jpeg"},{"@type":"BreadcrumbList","@id":"https:\/\/la-cabrade.be\/produit\/kooki-lady-crystal-carpet-matt\/#breadcrumb","itemListElement":[{"@type":"ListItem","position":1,"name":"Accueil","item":"https:\/\/la-cabrade.be\/"},{"@type":"ListItem","position":2,"name":"Boutique","item":"https:\/\/la-cabrade.be\/fr\/boutique\/"},{"@type":"ListItem","position":3,"name":"Casque Kooki Crystal Carpet &#8211; Matt KASK"}]},{"@type":"WebSite","@id":"https:\/\/la-cabrade.be\/#website","url":"https:\/\/la-cabrade.be\/","name":"La Cabrade","description":"Sellerie en ligne et magasin d\u2019\u00e9quitation \u00e0 Fl\u00e9ron, Li\u00e8ge","publisher":{"@id":"https:\/\/la-cabrade.be\/#organization"},"potentialAction":[{"@type":"SearchAction","target":{"@type":"EntryPoint","urlTemplate":"https:\/\/la-cabrade.be\/?s={search_term_string}"},"query-input":{"@type":"PropertyValueSpecification","valueRequired":true,"valueName":"search_term_string"}}],"inLanguage":"fr-BE"},{"@type":"Organization","@id":"https:\/\/la-cabrade.be\/#organization","name":"La Cabrade","url":"https:\/\/la-cabrade.be\/","logo":{"@type":"ImageObject","inLanguage":"fr-BE","@id":"https:\/\/la-cabrade.be\/#\/schema\/logo\/image\/","url":"https:\/\/la-cabrade.be\/wp-content\/uploads\/2020\/04\/La-Cabrade_logo.svg","contentUrl":"https:\/\/la-cabrade.be\/wp-content\/uploads\/2020\/04\/La-Cabrade_logo.svg","width":900,"height":320,"caption":"La Cabrade"},"image":{"@id":"https:\/\/la-cabrade.be\/#\/schema\/logo\/image\/"}}]}},"brands":[{"id":612,"name":"Kask","slug":"kask"}],"_links":{"self":[{"href":"https:\/\/la-cabrade.be\/fr\/wp-json\/wp\/v2\/product\/8162","targetHints":{"allow":["GET"]}}],"collection":[{"href":"https:\/\/la-cabrade.be\/fr\/wp-json\/wp\/v2\/product"}],"about":[{"href":"https:\/\/la-cabrade.be\/fr\/wp-json\/wp\/v2\/types\/product"}],"wp:featuredmedia":[{"embeddable":true,"href":"https:\/\/la-cabrade.be\/fr\/wp-json\/wp\/v2\/media\/57802"}],"wp:attachment":[{"href":"https:\/\/la-cabrade.be\/fr\/wp-json\/wp\/v2\/media?parent=8162"}],"wp:term":[{"taxonomy":"pwb-brand","embeddable":true,"href":"https:\/\/la-cabrade.be\/fr\/wp-json\/wp\/v2\/pwb-brand?post=8162"},{"taxonomy":"product_brand","embeddable":true,"href":"https:\/\/la-cabrade.be\/fr\/wp-json\/wp\/v2\/product_brand?post=8162"},{"taxonomy":"product_cat","embeddable":true,"href":"https:\/\/la-cabrade.be\/fr\/wp-json\/wp\/v2\/product_cat?post=8162"},{"taxonomy":"product_tag","embeddable":true,"href":"https:\/\/la-cabrade.be\/fr\/wp-json\/wp\/v2\/product_tag?post=8162"},{"taxonomy":"giftcard-category","embeddable":true,"href":"https:\/\/la-cabrade.be\/fr\/wp-json\/wp\/v2\/giftcard-category?post=8162"}],"curies":[{"name":"wp","href":"https:\/\/api.w.org\/{rel}","templated":true}]}}