{"id":7987,"date":"2023-08-02T17:44:22","date_gmt":"2023-08-02T16:44:22","guid":{"rendered":"https:\/\/la-cabrade.be\/fr\/produit\/housse-de-selle-qhp\/"},"modified":"2025-03-27T02:43:44","modified_gmt":"2025-03-27T01:43:44","slug":"housse-de-selle-qhp","status":"publish","type":"product","link":"https:\/\/la-cabrade.be\/fr\/produit\/housse-de-selle-qhp\/","title":{"rendered":"Housse de selle qhp"},"content":{"rendered":"<p>Housse de selle imperm\u00e9able qui peut \u00eatre utilis\u00e9e lors de la monte et prot\u00e8ge votre selle de la pluie. Les \u00e9triers peuvent \u00eatre pass\u00e9s dans des fentes munies d&rsquo;une fermeture velcro. La housse dispose \u00e9galement de deux fentes de chaque c\u00f4t\u00e9 dans lesquelles on peut faire passer la sangle. Gr\u00e2ce \u00e0 l&rsquo;ourlet \u00e9lastique, la housse s&rsquo;adapte parfaitement \u00e0 votre selle.<\/p>\n<p>Composition : polyester<br \/>\nHousse de selle imperm\u00e9able qui peut \u00e9galement \u00eatre utilis\u00e9e lors de la monte<br \/>\nDoubl\u00e9e en polaire<br \/>\nMuni d&rsquo;une fente avec fermeture velcro pour les \u00e9trivi\u00e8res<br \/>\n\u00c9quip\u00e9e de fentes pour la sangle<br \/>\nL&rsquo;ourlet \u00e9lastique permet \u00e0 la housse de s&rsquo;adapter \u00e0 pratiquement toutes les selles anglaises<\/p>\n","protected":false},"excerpt":{"rendered":"<p>Housse de selle imperm\u00e9able qui peut \u00eatre utilis\u00e9e lors de la monte et prot\u00e8ge votre selle de la pluie. Les \u00e9triers peuvent \u00eatre pass\u00e9s dans des fentes munies d&rsquo;une fermeture velcro. La housse dispose \u00e9galement de deux fentes de chaque c\u00f4t\u00e9 dans lesquelles on peut faire passer la sangle. Gr\u00e2ce \u00e0 l&rsquo;ourlet \u00e9lastique, la housse [&hellip;]<\/p>\n","protected":false},"featured_media":27903,"template":"","meta":[],"pwb-brand":[639],"product_brand":[],"product_cat":[817],"product_tag":[],"giftcard-category":[],"class_list":{"0":"post-7987","1":"product","2":"type-product","3":"status-publish","4":"has-post-thumbnail","6":"pwb-brand-qhp","7":"product_cat-sacs-et-housse-de-selles","9":"first","10":"instock","11":"taxable","12":"shipping-taxable","13":"purchasable","14":"product-type-variable","15":"has-default-attributes"},"yoast_head":"<!-- This site is optimized with the Yoast SEO plugin v25.3.1 - https:\/\/yoast.com\/wordpress\/plugins\/seo\/ -->\n<title>Housse de selle qhp - La Cabrade<\/title>\n<meta name=\"description\" content=\"Achetez Housse de selle qhp au meilleur prix. Livraison rapide. Dans votre magasin d&#039;\u00e9quitation en ligne Sellerie La Cabrade\" \/>\n<meta name=\"robots\" content=\"index, follow, max-snippet:-1, max-image-preview:large, max-video-preview:-1\" \/>\n<link rel=\"canonical\" href=\"https:\/\/la-cabrade.be\/fr\/produit\/housse-de-selle-qhp\/\" \/>\n<meta property=\"og:locale\" content=\"fr_FR\" \/>\n<meta property=\"og:type\" content=\"article\" \/>\n<meta property=\"og:title\" content=\"Housse de selle qhp - La Cabrade\" \/>\n<meta property=\"og:description\" content=\"Achetez Housse de selle qhp au meilleur prix. Livraison rapide. Dans votre magasin d&#039;\u00e9quitation en ligne Sellerie La Cabrade\" \/>\n<meta property=\"og:url\" content=\"https:\/\/la-cabrade.be\/fr\/produit\/housse-de-selle-qhp\/\" \/>\n<meta property=\"og:site_name\" content=\"La Cabrade\" \/>\n<meta property=\"article:modified_time\" content=\"2025-03-27T01:43:44+00:00\" \/>\n<meta property=\"og:image\" content=\"https:\/\/la-cabrade.be\/wp-content\/uploads\/2023\/11\/HOUSSE-DE-SELLE-QHP_Sacs-et-housse-de-selles_16654_1.jpeg\" \/>\n\t<meta property=\"og:image:width\" content=\"700\" \/>\n\t<meta property=\"og:image:height\" content=\"700\" \/>\n\t<meta property=\"og:image:type\" content=\"image\/jpeg\" \/>\n<meta name=\"twitter:label1\" content=\"Dur\u00e9e de lecture est.\" \/>\n\t<meta name=\"twitter:data1\" content=\"1 minute\" \/>\n<script type=\"application\/ld+json\" class=\"yoast-schema-graph\">{\"@context\":\"https:\/\/schema.org\",\"@graph\":[{\"@type\":\"WebPage\",\"@id\":\"https:\/\/la-cabrade.be\/fr\/produit\/housse-de-selle-qhp\/\",\"url\":\"https:\/\/la-cabrade.be\/fr\/produit\/housse-de-selle-qhp\/\",\"name\":\"Housse de selle qhp - La Cabrade\",\"isPartOf\":{\"@id\":\"https:\/\/la-cabrade.be\/#website\"},\"primaryImageOfPage\":{\"@id\":\"https:\/\/la-cabrade.be\/fr\/produit\/housse-de-selle-qhp\/#primaryimage\"},\"image\":{\"@id\":\"https:\/\/la-cabrade.be\/fr\/produit\/housse-de-selle-qhp\/#primaryimage\"},\"thumbnailUrl\":\"https:\/\/la-cabrade.be\/wp-content\/uploads\/2023\/11\/HOUSSE-DE-SELLE-QHP_Sacs-et-housse-de-selles_16654_1.jpeg\",\"datePublished\":\"2023-08-02T16:44:22+00:00\",\"dateModified\":\"2025-03-27T01:43:44+00:00\",\"description\":\"Achetez Housse de selle qhp au meilleur prix. Livraison rapide. Dans votre magasin d'\u00e9quitation en ligne Sellerie La Cabrade\",\"breadcrumb\":{\"@id\":\"https:\/\/la-cabrade.be\/fr\/produit\/housse-de-selle-qhp\/#breadcrumb\"},\"inLanguage\":\"fr-BE\",\"potentialAction\":[{\"@type\":\"ReadAction\",\"target\":[\"https:\/\/la-cabrade.be\/fr\/produit\/housse-de-selle-qhp\/\"]}]},{\"@type\":\"ImageObject\",\"inLanguage\":\"fr-BE\",\"@id\":\"https:\/\/la-cabrade.be\/fr\/produit\/housse-de-selle-qhp\/#primaryimage\",\"url\":\"https:\/\/la-cabrade.be\/wp-content\/uploads\/2023\/11\/HOUSSE-DE-SELLE-QHP_Sacs-et-housse-de-selles_16654_1.jpeg\",\"contentUrl\":\"https:\/\/la-cabrade.be\/wp-content\/uploads\/2023\/11\/HOUSSE-DE-SELLE-QHP_Sacs-et-housse-de-selles_16654_1.jpeg\",\"width\":700,\"height\":700,\"caption\":\"HOUSSE DE SELLE QHP Sacs et housse de selles 16654 1.jpeg\"},{\"@type\":\"BreadcrumbList\",\"@id\":\"https:\/\/la-cabrade.be\/fr\/produit\/housse-de-selle-qhp\/#breadcrumb\",\"itemListElement\":[{\"@type\":\"ListItem\",\"position\":1,\"name\":\"Accueil\",\"item\":\"https:\/\/la-cabrade.be\/\"},{\"@type\":\"ListItem\",\"position\":2,\"name\":\"Boutique\",\"item\":\"https:\/\/la-cabrade.be\/fr\/boutique\/\"},{\"@type\":\"ListItem\",\"position\":3,\"name\":\"Housse de selle qhp\"}]},{\"@type\":\"WebSite\",\"@id\":\"https:\/\/la-cabrade.be\/#website\",\"url\":\"https:\/\/la-cabrade.be\/\",\"name\":\"La Cabrade\",\"description\":\"Sellerie en ligne et magasin d\u2019\u00e9quitation \u00e0 Fl\u00e9ron, Li\u00e8ge\",\"publisher\":{\"@id\":\"https:\/\/la-cabrade.be\/#organization\"},\"potentialAction\":[{\"@type\":\"SearchAction\",\"target\":{\"@type\":\"EntryPoint\",\"urlTemplate\":\"https:\/\/la-cabrade.be\/?s={search_term_string}\"},\"query-input\":{\"@type\":\"PropertyValueSpecification\",\"valueRequired\":true,\"valueName\":\"search_term_string\"}}],\"inLanguage\":\"fr-BE\"},{\"@type\":\"Organization\",\"@id\":\"https:\/\/la-cabrade.be\/#organization\",\"name\":\"La Cabrade\",\"url\":\"https:\/\/la-cabrade.be\/\",\"logo\":{\"@type\":\"ImageObject\",\"inLanguage\":\"fr-BE\",\"@id\":\"https:\/\/la-cabrade.be\/#\/schema\/logo\/image\/\",\"url\":\"https:\/\/la-cabrade.be\/wp-content\/uploads\/2020\/04\/La-Cabrade_logo.svg\",\"contentUrl\":\"https:\/\/la-cabrade.be\/wp-content\/uploads\/2020\/04\/La-Cabrade_logo.svg\",\"width\":900,\"height\":320,\"caption\":\"La Cabrade\"},\"image\":{\"@id\":\"https:\/\/la-cabrade.be\/#\/schema\/logo\/image\/\"}}]}<\/script>\n<!-- \/ Yoast SEO plugin. -->","yoast_head_json":{"title":"Housse de selle qhp - La Cabrade","description":"Achetez Housse de selle qhp au meilleur prix. Livraison rapide. Dans votre magasin d'\u00e9quitation en ligne Sellerie La Cabrade","robots":{"index":"index","follow":"follow","max-snippet":"max-snippet:-1","max-image-preview":"max-image-preview:large","max-video-preview":"max-video-preview:-1"},"canonical":"https:\/\/la-cabrade.be\/fr\/produit\/housse-de-selle-qhp\/","og_locale":"fr_FR","og_type":"article","og_title":"Housse de selle qhp - La Cabrade","og_description":"Achetez Housse de selle qhp au meilleur prix. Livraison rapide. Dans votre magasin d'\u00e9quitation en ligne Sellerie La Cabrade","og_url":"https:\/\/la-cabrade.be\/fr\/produit\/housse-de-selle-qhp\/","og_site_name":"La Cabrade","article_modified_time":"2025-03-27T01:43:44+00:00","og_image":[{"width":700,"height":700,"url":"https:\/\/la-cabrade.be\/wp-content\/uploads\/2023\/11\/HOUSSE-DE-SELLE-QHP_Sacs-et-housse-de-selles_16654_1.jpeg","type":"image\/jpeg"}],"twitter_misc":{"Dur\u00e9e de lecture est.":"1 minute"},"schema":{"@context":"https:\/\/schema.org","@graph":[{"@type":"WebPage","@id":"https:\/\/la-cabrade.be\/fr\/produit\/housse-de-selle-qhp\/","url":"https:\/\/la-cabrade.be\/fr\/produit\/housse-de-selle-qhp\/","name":"Housse de selle qhp - La Cabrade","isPartOf":{"@id":"https:\/\/la-cabrade.be\/#website"},"primaryImageOfPage":{"@id":"https:\/\/la-cabrade.be\/fr\/produit\/housse-de-selle-qhp\/#primaryimage"},"image":{"@id":"https:\/\/la-cabrade.be\/fr\/produit\/housse-de-selle-qhp\/#primaryimage"},"thumbnailUrl":"https:\/\/la-cabrade.be\/wp-content\/uploads\/2023\/11\/HOUSSE-DE-SELLE-QHP_Sacs-et-housse-de-selles_16654_1.jpeg","datePublished":"2023-08-02T16:44:22+00:00","dateModified":"2025-03-27T01:43:44+00:00","description":"Achetez Housse de selle qhp au meilleur prix. Livraison rapide. Dans votre magasin d'\u00e9quitation en ligne Sellerie La Cabrade","breadcrumb":{"@id":"https:\/\/la-cabrade.be\/fr\/produit\/housse-de-selle-qhp\/#breadcrumb"},"inLanguage":"fr-BE","potentialAction":[{"@type":"ReadAction","target":["https:\/\/la-cabrade.be\/fr\/produit\/housse-de-selle-qhp\/"]}]},{"@type":"ImageObject","inLanguage":"fr-BE","@id":"https:\/\/la-cabrade.be\/fr\/produit\/housse-de-selle-qhp\/#primaryimage","url":"https:\/\/la-cabrade.be\/wp-content\/uploads\/2023\/11\/HOUSSE-DE-SELLE-QHP_Sacs-et-housse-de-selles_16654_1.jpeg","contentUrl":"https:\/\/la-cabrade.be\/wp-content\/uploads\/2023\/11\/HOUSSE-DE-SELLE-QHP_Sacs-et-housse-de-selles_16654_1.jpeg","width":700,"height":700,"caption":"HOUSSE DE SELLE QHP Sacs et housse de selles 16654 1.jpeg"},{"@type":"BreadcrumbList","@id":"https:\/\/la-cabrade.be\/fr\/produit\/housse-de-selle-qhp\/#breadcrumb","itemListElement":[{"@type":"ListItem","position":1,"name":"Accueil","item":"https:\/\/la-cabrade.be\/"},{"@type":"ListItem","position":2,"name":"Boutique","item":"https:\/\/la-cabrade.be\/fr\/boutique\/"},{"@type":"ListItem","position":3,"name":"Housse de selle qhp"}]},{"@type":"WebSite","@id":"https:\/\/la-cabrade.be\/#website","url":"https:\/\/la-cabrade.be\/","name":"La Cabrade","description":"Sellerie en ligne et magasin d\u2019\u00e9quitation \u00e0 Fl\u00e9ron, Li\u00e8ge","publisher":{"@id":"https:\/\/la-cabrade.be\/#organization"},"potentialAction":[{"@type":"SearchAction","target":{"@type":"EntryPoint","urlTemplate":"https:\/\/la-cabrade.be\/?s={search_term_string}"},"query-input":{"@type":"PropertyValueSpecification","valueRequired":true,"valueName":"search_term_string"}}],"inLanguage":"fr-BE"},{"@type":"Organization","@id":"https:\/\/la-cabrade.be\/#organization","name":"La Cabrade","url":"https:\/\/la-cabrade.be\/","logo":{"@type":"ImageObject","inLanguage":"fr-BE","@id":"https:\/\/la-cabrade.be\/#\/schema\/logo\/image\/","url":"https:\/\/la-cabrade.be\/wp-content\/uploads\/2020\/04\/La-Cabrade_logo.svg","contentUrl":"https:\/\/la-cabrade.be\/wp-content\/uploads\/2020\/04\/La-Cabrade_logo.svg","width":900,"height":320,"caption":"La Cabrade"},"image":{"@id":"https:\/\/la-cabrade.be\/#\/schema\/logo\/image\/"}}]}},"brands":[{"id":639,"name":"Qhp","slug":"qhp"}],"_links":{"self":[{"href":"https:\/\/la-cabrade.be\/fr\/wp-json\/wp\/v2\/product\/7987","targetHints":{"allow":["GET"]}}],"collection":[{"href":"https:\/\/la-cabrade.be\/fr\/wp-json\/wp\/v2\/product"}],"about":[{"href":"https:\/\/la-cabrade.be\/fr\/wp-json\/wp\/v2\/types\/product"}],"wp:featuredmedia":[{"embeddable":true,"href":"https:\/\/la-cabrade.be\/fr\/wp-json\/wp\/v2\/media\/27903"}],"wp:attachment":[{"href":"https:\/\/la-cabrade.be\/fr\/wp-json\/wp\/v2\/media?parent=7987"}],"wp:term":[{"taxonomy":"pwb-brand","embeddable":true,"href":"https:\/\/la-cabrade.be\/fr\/wp-json\/wp\/v2\/pwb-brand?post=7987"},{"taxonomy":"product_brand","embeddable":true,"href":"https:\/\/la-cabrade.be\/fr\/wp-json\/wp\/v2\/product_brand?post=7987"},{"taxonomy":"product_cat","embeddable":true,"href":"https:\/\/la-cabrade.be\/fr\/wp-json\/wp\/v2\/product_cat?post=7987"},{"taxonomy":"product_tag","embeddable":true,"href":"https:\/\/la-cabrade.be\/fr\/wp-json\/wp\/v2\/product_tag?post=7987"},{"taxonomy":"giftcard-category","embeddable":true,"href":"https:\/\/la-cabrade.be\/fr\/wp-json\/wp\/v2\/giftcard-category?post=7987"}],"curies":[{"name":"wp","href":"https:\/\/api.w.org\/{rel}","templated":true}]}}