{"id":6681,"date":"2023-08-02T11:53:54","date_gmt":"2023-08-02T10:53:54","guid":{"rendered":"https:\/\/la-cabrade.be\/fr\/produit\/eperons-stubben-marteaux-seq\/"},"modified":"2026-03-20T15:58:43","modified_gmt":"2026-03-20T14:58:43","slug":"eperons-stubben-marteaux-seq","status":"publish","type":"product","link":"https:\/\/la-cabrade.be\/fr\/produit\/eperons-stubben-marteaux-seq\/","title":{"rendered":"\u00c9perons marteaux 20mm SEQ STUBBEN"},"content":{"rendered":"<p>Les Eperons SEQ \u00e0 Marteau 20 mm Stubben sont en inox gain\u00e9 caoutchouc.<\/p>\n<p>Vendus par paire.<\/p>\n<p>Caract\u00e9ristiques des \u00c9perons SEQ Marteau 20 mm Stubben<\/p>\n<p>Rev\u00eatement caoutchouc anti-glisse a un contact doux sur la botte<br \/>\nAcier inoxydable incassable, flexible<br \/>\nS\u2019ajuste individuellement \u00e0 toutes les tailles<br \/>\nAjustement s\u00fbr et confortable gr\u00e2ce \u00e0 des passants de lani\u00e8re offset<br \/>\nSoutien efficace et pr\u00e9cis<br \/>\nTaille unique Mixte Adulte, convient aux femmes comme aux hommes<\/p>\n","protected":false},"excerpt":{"rendered":"<p>Les Eperons SEQ \u00e0 Marteau 20 mm Stubben sont en inox gain\u00e9 caoutchouc. Vendus par paire. Caract\u00e9ristiques des \u00c9perons SEQ Marteau 20 mm Stubben Rev\u00eatement caoutchouc anti-glisse a un contact doux sur la botte Acier inoxydable incassable, flexible S\u2019ajuste individuellement \u00e0 toutes les tailles Ajustement s\u00fbr et confortable gr\u00e2ce \u00e0 des passants de lani\u00e8re offset [&hellip;]<\/p>\n","protected":false},"featured_media":26061,"template":"","meta":[],"pwb-brand":[649],"product_brand":[],"product_cat":[756],"product_tag":[],"giftcard-category":[],"class_list":{"0":"post-6681","1":"product","2":"type-product","3":"status-publish","4":"has-post-thumbnail","6":"pwb-brand-stubben","7":"product_cat-eperons-et-accessoires","9":"first","10":"instock","11":"taxable","12":"shipping-taxable","13":"purchasable","14":"product-type-simple"},"yoast_head":"<!-- This site is optimized with the Yoast SEO plugin v25.3.1 - https:\/\/yoast.com\/wordpress\/plugins\/seo\/ -->\n<title>\u00c9perons marteaux 20mm SEQ STUBBEN - La Cabrade<\/title>\n<meta name=\"description\" content=\"Achetez \u00c9perons marteaux 20mm SEQ STUBBEN au meilleur prix. Livraison rapide. Dans votre magasin d&#039;\u00e9quitation en ligne Sellerie La Cabrade\" \/>\n<meta name=\"robots\" content=\"index, follow, max-snippet:-1, max-image-preview:large, max-video-preview:-1\" \/>\n<link rel=\"canonical\" href=\"https:\/\/la-cabrade.be\/fr\/produit\/eperons-stubben-marteaux-seq\/\" \/>\n<meta property=\"og:locale\" content=\"fr_FR\" \/>\n<meta property=\"og:type\" content=\"article\" \/>\n<meta property=\"og:title\" content=\"\u00c9perons marteaux 20mm SEQ STUBBEN - La Cabrade\" \/>\n<meta property=\"og:description\" content=\"Achetez \u00c9perons marteaux 20mm SEQ STUBBEN au meilleur prix. Livraison rapide. Dans votre magasin d&#039;\u00e9quitation en ligne Sellerie La Cabrade\" \/>\n<meta property=\"og:url\" content=\"https:\/\/la-cabrade.be\/fr\/produit\/eperons-stubben-marteaux-seq\/\" \/>\n<meta property=\"og:site_name\" content=\"La Cabrade\" \/>\n<meta property=\"article:modified_time\" content=\"2026-03-20T14:58:43+00:00\" \/>\n<meta property=\"og:image\" content=\"https:\/\/la-cabrade.be\/wp-content\/uploads\/2023\/11\/EPERONS-STUBBEN-MARTEAUX-SEQ_Eperons-et-accessoires_16489_1.jpeg\" \/>\n\t<meta property=\"og:image:width\" content=\"700\" \/>\n\t<meta property=\"og:image:height\" content=\"700\" \/>\n\t<meta property=\"og:image:type\" content=\"image\/jpeg\" \/>\n<script type=\"application\/ld+json\" class=\"yoast-schema-graph\">{\"@context\":\"https:\/\/schema.org\",\"@graph\":[{\"@type\":\"WebPage\",\"@id\":\"https:\/\/la-cabrade.be\/fr\/produit\/eperons-stubben-marteaux-seq\/\",\"url\":\"https:\/\/la-cabrade.be\/fr\/produit\/eperons-stubben-marteaux-seq\/\",\"name\":\"\u00c9perons marteaux 20mm SEQ STUBBEN - La Cabrade\",\"isPartOf\":{\"@id\":\"https:\/\/la-cabrade.be\/#website\"},\"primaryImageOfPage\":{\"@id\":\"https:\/\/la-cabrade.be\/fr\/produit\/eperons-stubben-marteaux-seq\/#primaryimage\"},\"image\":{\"@id\":\"https:\/\/la-cabrade.be\/fr\/produit\/eperons-stubben-marteaux-seq\/#primaryimage\"},\"thumbnailUrl\":\"https:\/\/la-cabrade.be\/wp-content\/uploads\/2023\/11\/EPERONS-STUBBEN-MARTEAUX-SEQ_Eperons-et-accessoires_16489_1.jpeg\",\"datePublished\":\"2023-08-02T10:53:54+00:00\",\"dateModified\":\"2026-03-20T14:58:43+00:00\",\"description\":\"Achetez \u00c9perons marteaux 20mm SEQ STUBBEN au meilleur prix. Livraison rapide. Dans votre magasin d'\u00e9quitation en ligne Sellerie La Cabrade\",\"breadcrumb\":{\"@id\":\"https:\/\/la-cabrade.be\/fr\/produit\/eperons-stubben-marteaux-seq\/#breadcrumb\"},\"inLanguage\":\"fr-BE\",\"potentialAction\":[{\"@type\":\"ReadAction\",\"target\":[\"https:\/\/la-cabrade.be\/fr\/produit\/eperons-stubben-marteaux-seq\/\"]}]},{\"@type\":\"ImageObject\",\"inLanguage\":\"fr-BE\",\"@id\":\"https:\/\/la-cabrade.be\/fr\/produit\/eperons-stubben-marteaux-seq\/#primaryimage\",\"url\":\"https:\/\/la-cabrade.be\/wp-content\/uploads\/2023\/11\/EPERONS-STUBBEN-MARTEAUX-SEQ_Eperons-et-accessoires_16489_1.jpeg\",\"contentUrl\":\"https:\/\/la-cabrade.be\/wp-content\/uploads\/2023\/11\/EPERONS-STUBBEN-MARTEAUX-SEQ_Eperons-et-accessoires_16489_1.jpeg\",\"width\":700,\"height\":700,\"caption\":\"EPERONS STUBBEN MARTEAUX SEQ Eperons et accessoires 16489 1.jpeg\"},{\"@type\":\"BreadcrumbList\",\"@id\":\"https:\/\/la-cabrade.be\/fr\/produit\/eperons-stubben-marteaux-seq\/#breadcrumb\",\"itemListElement\":[{\"@type\":\"ListItem\",\"position\":1,\"name\":\"Accueil\",\"item\":\"https:\/\/la-cabrade.be\/\"},{\"@type\":\"ListItem\",\"position\":2,\"name\":\"Boutique\",\"item\":\"https:\/\/la-cabrade.be\/fr\/boutique\/\"},{\"@type\":\"ListItem\",\"position\":3,\"name\":\"\u00c9perons marteaux 20mm SEQ STUBBEN\"}]},{\"@type\":\"WebSite\",\"@id\":\"https:\/\/la-cabrade.be\/#website\",\"url\":\"https:\/\/la-cabrade.be\/\",\"name\":\"La Cabrade\",\"description\":\"Sellerie en ligne et magasin d\u2019\u00e9quitation \u00e0 Fl\u00e9ron, Li\u00e8ge\",\"publisher\":{\"@id\":\"https:\/\/la-cabrade.be\/#organization\"},\"potentialAction\":[{\"@type\":\"SearchAction\",\"target\":{\"@type\":\"EntryPoint\",\"urlTemplate\":\"https:\/\/la-cabrade.be\/?s={search_term_string}\"},\"query-input\":{\"@type\":\"PropertyValueSpecification\",\"valueRequired\":true,\"valueName\":\"search_term_string\"}}],\"inLanguage\":\"fr-BE\"},{\"@type\":\"Organization\",\"@id\":\"https:\/\/la-cabrade.be\/#organization\",\"name\":\"La Cabrade\",\"url\":\"https:\/\/la-cabrade.be\/\",\"logo\":{\"@type\":\"ImageObject\",\"inLanguage\":\"fr-BE\",\"@id\":\"https:\/\/la-cabrade.be\/#\/schema\/logo\/image\/\",\"url\":\"https:\/\/la-cabrade.be\/wp-content\/uploads\/2020\/04\/La-Cabrade_logo.svg\",\"contentUrl\":\"https:\/\/la-cabrade.be\/wp-content\/uploads\/2020\/04\/La-Cabrade_logo.svg\",\"width\":900,\"height\":320,\"caption\":\"La Cabrade\"},\"image\":{\"@id\":\"https:\/\/la-cabrade.be\/#\/schema\/logo\/image\/\"}}]}<\/script>\n<!-- \/ Yoast SEO plugin. -->","yoast_head_json":{"title":"\u00c9perons marteaux 20mm SEQ STUBBEN - La Cabrade","description":"Achetez \u00c9perons marteaux 20mm SEQ STUBBEN au meilleur prix. Livraison rapide. Dans votre magasin d'\u00e9quitation en ligne Sellerie La Cabrade","robots":{"index":"index","follow":"follow","max-snippet":"max-snippet:-1","max-image-preview":"max-image-preview:large","max-video-preview":"max-video-preview:-1"},"canonical":"https:\/\/la-cabrade.be\/fr\/produit\/eperons-stubben-marteaux-seq\/","og_locale":"fr_FR","og_type":"article","og_title":"\u00c9perons marteaux 20mm SEQ STUBBEN - La Cabrade","og_description":"Achetez \u00c9perons marteaux 20mm SEQ STUBBEN au meilleur prix. Livraison rapide. Dans votre magasin d'\u00e9quitation en ligne Sellerie La Cabrade","og_url":"https:\/\/la-cabrade.be\/fr\/produit\/eperons-stubben-marteaux-seq\/","og_site_name":"La Cabrade","article_modified_time":"2026-03-20T14:58:43+00:00","og_image":[{"width":700,"height":700,"url":"https:\/\/la-cabrade.be\/wp-content\/uploads\/2023\/11\/EPERONS-STUBBEN-MARTEAUX-SEQ_Eperons-et-accessoires_16489_1.jpeg","type":"image\/jpeg"}],"schema":{"@context":"https:\/\/schema.org","@graph":[{"@type":"WebPage","@id":"https:\/\/la-cabrade.be\/fr\/produit\/eperons-stubben-marteaux-seq\/","url":"https:\/\/la-cabrade.be\/fr\/produit\/eperons-stubben-marteaux-seq\/","name":"\u00c9perons marteaux 20mm SEQ STUBBEN - La Cabrade","isPartOf":{"@id":"https:\/\/la-cabrade.be\/#website"},"primaryImageOfPage":{"@id":"https:\/\/la-cabrade.be\/fr\/produit\/eperons-stubben-marteaux-seq\/#primaryimage"},"image":{"@id":"https:\/\/la-cabrade.be\/fr\/produit\/eperons-stubben-marteaux-seq\/#primaryimage"},"thumbnailUrl":"https:\/\/la-cabrade.be\/wp-content\/uploads\/2023\/11\/EPERONS-STUBBEN-MARTEAUX-SEQ_Eperons-et-accessoires_16489_1.jpeg","datePublished":"2023-08-02T10:53:54+00:00","dateModified":"2026-03-20T14:58:43+00:00","description":"Achetez \u00c9perons marteaux 20mm SEQ STUBBEN au meilleur prix. Livraison rapide. Dans votre magasin d'\u00e9quitation en ligne Sellerie La Cabrade","breadcrumb":{"@id":"https:\/\/la-cabrade.be\/fr\/produit\/eperons-stubben-marteaux-seq\/#breadcrumb"},"inLanguage":"fr-BE","potentialAction":[{"@type":"ReadAction","target":["https:\/\/la-cabrade.be\/fr\/produit\/eperons-stubben-marteaux-seq\/"]}]},{"@type":"ImageObject","inLanguage":"fr-BE","@id":"https:\/\/la-cabrade.be\/fr\/produit\/eperons-stubben-marteaux-seq\/#primaryimage","url":"https:\/\/la-cabrade.be\/wp-content\/uploads\/2023\/11\/EPERONS-STUBBEN-MARTEAUX-SEQ_Eperons-et-accessoires_16489_1.jpeg","contentUrl":"https:\/\/la-cabrade.be\/wp-content\/uploads\/2023\/11\/EPERONS-STUBBEN-MARTEAUX-SEQ_Eperons-et-accessoires_16489_1.jpeg","width":700,"height":700,"caption":"EPERONS STUBBEN MARTEAUX SEQ Eperons et accessoires 16489 1.jpeg"},{"@type":"BreadcrumbList","@id":"https:\/\/la-cabrade.be\/fr\/produit\/eperons-stubben-marteaux-seq\/#breadcrumb","itemListElement":[{"@type":"ListItem","position":1,"name":"Accueil","item":"https:\/\/la-cabrade.be\/"},{"@type":"ListItem","position":2,"name":"Boutique","item":"https:\/\/la-cabrade.be\/fr\/boutique\/"},{"@type":"ListItem","position":3,"name":"\u00c9perons marteaux 20mm SEQ STUBBEN"}]},{"@type":"WebSite","@id":"https:\/\/la-cabrade.be\/#website","url":"https:\/\/la-cabrade.be\/","name":"La Cabrade","description":"Sellerie en ligne et magasin d\u2019\u00e9quitation \u00e0 Fl\u00e9ron, Li\u00e8ge","publisher":{"@id":"https:\/\/la-cabrade.be\/#organization"},"potentialAction":[{"@type":"SearchAction","target":{"@type":"EntryPoint","urlTemplate":"https:\/\/la-cabrade.be\/?s={search_term_string}"},"query-input":{"@type":"PropertyValueSpecification","valueRequired":true,"valueName":"search_term_string"}}],"inLanguage":"fr-BE"},{"@type":"Organization","@id":"https:\/\/la-cabrade.be\/#organization","name":"La Cabrade","url":"https:\/\/la-cabrade.be\/","logo":{"@type":"ImageObject","inLanguage":"fr-BE","@id":"https:\/\/la-cabrade.be\/#\/schema\/logo\/image\/","url":"https:\/\/la-cabrade.be\/wp-content\/uploads\/2020\/04\/La-Cabrade_logo.svg","contentUrl":"https:\/\/la-cabrade.be\/wp-content\/uploads\/2020\/04\/La-Cabrade_logo.svg","width":900,"height":320,"caption":"La Cabrade"},"image":{"@id":"https:\/\/la-cabrade.be\/#\/schema\/logo\/image\/"}}]}},"brands":[{"id":649,"name":"St\u00fcbben","slug":"stubben"}],"_links":{"self":[{"href":"https:\/\/la-cabrade.be\/fr\/wp-json\/wp\/v2\/product\/6681","targetHints":{"allow":["GET"]}}],"collection":[{"href":"https:\/\/la-cabrade.be\/fr\/wp-json\/wp\/v2\/product"}],"about":[{"href":"https:\/\/la-cabrade.be\/fr\/wp-json\/wp\/v2\/types\/product"}],"wp:featuredmedia":[{"embeddable":true,"href":"https:\/\/la-cabrade.be\/fr\/wp-json\/wp\/v2\/media\/26061"}],"wp:attachment":[{"href":"https:\/\/la-cabrade.be\/fr\/wp-json\/wp\/v2\/media?parent=6681"}],"wp:term":[{"taxonomy":"pwb-brand","embeddable":true,"href":"https:\/\/la-cabrade.be\/fr\/wp-json\/wp\/v2\/pwb-brand?post=6681"},{"taxonomy":"product_brand","embeddable":true,"href":"https:\/\/la-cabrade.be\/fr\/wp-json\/wp\/v2\/product_brand?post=6681"},{"taxonomy":"product_cat","embeddable":true,"href":"https:\/\/la-cabrade.be\/fr\/wp-json\/wp\/v2\/product_cat?post=6681"},{"taxonomy":"product_tag","embeddable":true,"href":"https:\/\/la-cabrade.be\/fr\/wp-json\/wp\/v2\/product_tag?post=6681"},{"taxonomy":"giftcard-category","embeddable":true,"href":"https:\/\/la-cabrade.be\/fr\/wp-json\/wp\/v2\/giftcard-category?post=6681"}],"curies":[{"name":"wp","href":"https:\/\/api.w.org\/{rel}","templated":true}]}}