{"id":6624,"date":"2023-08-02T10:47:17","date_gmt":"2023-08-02T09:47:17","guid":{"rendered":"https:\/\/la-cabrade.be\/fr\/produit\/emouchine-derm-lait-ravene\/"},"modified":"2026-03-20T15:58:37","modified_gmt":"2026-03-20T14:58:37","slug":"emouchine-derm-lait-ravene","status":"publish","type":"product","link":"https:\/\/la-cabrade.be\/fr\/produit\/emouchine-derm-lait-ravene\/","title":{"rendered":"Emouchine derm lait ravene"},"content":{"rendered":"<p>Lait dermique estival.<br \/>\nB\u00c9N\u00c9FICES : Une formule compl\u00e8te.<br \/>\n&#8211; Effet apaisant imm\u00e9diat<br \/>\n&#8211; Prot\u00e8ge les zones atteintes<br \/>\n&#8211; Maintient l\u2019int\u00e9grit\u00e9 de la peau<br \/>\nAVANTAGES : Tr\u00e8s pratique d\u2019utilisation.<br \/>\n&#8211; L\u2019embout fin permet une application pr\u00e9cise<br \/>\n&#8211; La texture \u00ab\u00a0lait\u00a0\u00bb ne coule pas sur la robe du cheval<br \/>\nConseil : Appliquer Emouchine Derm lait tous les 3 jours en soin pr\u00e9ventif.<br \/>\nMode d\u2019emploi : Appliquer EMOUCHINE DERM LAIT sur la crini\u00e8re et la queue. Soins intensifs : appliquer quotidiennement, puis par intervalle de 2 jours ou plus, au fur et \u00e0 mesure de l\u2019am\u00e9lioration de l\u2019\u00e9tat de l\u2019animal. Soins pr\u00e9ventifs : appliquer tous les 3 jours. Pour une protection maximale et \u00e9liminer le harc\u00e8lement des insectes volants, utiliser le spray EMOUCHINE TOTAL.<br \/>\nPr\u00e9cautions d\u2019emploi : Produit destin\u00e9 exclusivement au cheval. Si les sympt\u00f4mes persistent, consulter votre v\u00e9t\u00e9rinaire traitant. Ne pas jeter les r\u00e9sidus dans le milieu naturel.<br \/>\nComposition : Eau, Benzoate de benzyle, Aloe vera (extrait), Huile de graines de tournesol, Lavandin super (huile essentielle), Squalane, Allantoine, G\u00e9ranium rose bourbon (huile essentielle), Linalool, Souci officinal (extrait), Eucalyptus globulus (huile essentielle), G\u00e9raniol, Plantain (extrait), ac\u00e9tate de linalyle, excipients qsp 500 mL.<\/p>\n","protected":false},"excerpt":{"rendered":"<p>Lait dermique estival. B\u00c9N\u00c9FICES : Une formule compl\u00e8te. &#8211; Effet apaisant imm\u00e9diat &#8211; Prot\u00e8ge les zones atteintes &#8211; Maintient l\u2019int\u00e9grit\u00e9 de la peau AVANTAGES : Tr\u00e8s pratique d\u2019utilisation. &#8211; L\u2019embout fin permet une application pr\u00e9cise &#8211; La texture \u00ab\u00a0lait\u00a0\u00bb ne coule pas sur la robe du cheval Conseil : Appliquer Emouchine Derm lait tous les [&hellip;]<\/p>\n","protected":false},"featured_media":25982,"template":"","meta":[],"pwb-brand":[640],"product_brand":[],"product_cat":[1165,1342],"product_tag":[],"giftcard-category":[],"class_list":{"0":"post-6624","1":"product","2":"type-product","3":"status-publish","4":"has-post-thumbnail","6":"pwb-brand-ravene","7":"product_cat-soins-alimentation","8":"product_cat-soins-de-la-peau-soins-du-cheval-soins-alimentation","10":"first","11":"outofstock","12":"taxable","13":"shipping-taxable","14":"purchasable","15":"product-type-variable","16":"has-default-attributes"},"yoast_head":"<!-- This site is optimized with the Yoast SEO plugin v25.3.1 - https:\/\/yoast.com\/wordpress\/plugins\/seo\/ -->\n<title>Emouchine derm lait ravene - La Cabrade<\/title>\n<meta name=\"description\" content=\"Achetez Emouchine derm lait ravene au meilleur prix. Livraison rapide. Dans votre magasin d&#039;\u00e9quitation en ligne Sellerie La Cabrade\" \/>\n<meta name=\"robots\" content=\"index, follow, max-snippet:-1, max-image-preview:large, max-video-preview:-1\" \/>\n<link rel=\"canonical\" href=\"https:\/\/la-cabrade.be\/fr\/produit\/emouchine-derm-lait-ravene\/\" \/>\n<meta property=\"og:locale\" content=\"fr_FR\" \/>\n<meta property=\"og:type\" content=\"article\" \/>\n<meta property=\"og:title\" content=\"Emouchine derm lait ravene - La Cabrade\" \/>\n<meta property=\"og:description\" content=\"Achetez Emouchine derm lait ravene au meilleur prix. Livraison rapide. Dans votre magasin d&#039;\u00e9quitation en ligne Sellerie La Cabrade\" \/>\n<meta property=\"og:url\" content=\"https:\/\/la-cabrade.be\/fr\/produit\/emouchine-derm-lait-ravene\/\" \/>\n<meta property=\"og:site_name\" content=\"La Cabrade\" \/>\n<meta property=\"article:modified_time\" content=\"2026-03-20T14:58:37+00:00\" \/>\n<meta property=\"og:image\" content=\"https:\/\/la-cabrade.be\/wp-content\/uploads\/2023\/11\/EMOUCHINE-DERM-LAIT-RAVENE_Soins-de-la-peau_11484_1.jpeg\" \/>\n\t<meta property=\"og:image:width\" content=\"700\" \/>\n\t<meta property=\"og:image:height\" content=\"700\" \/>\n\t<meta property=\"og:image:type\" content=\"image\/jpeg\" \/>\n<meta name=\"twitter:label1\" content=\"Dur\u00e9e de lecture est.\" \/>\n\t<meta name=\"twitter:data1\" content=\"1 minute\" \/>\n<script type=\"application\/ld+json\" class=\"yoast-schema-graph\">{\"@context\":\"https:\/\/schema.org\",\"@graph\":[{\"@type\":\"WebPage\",\"@id\":\"https:\/\/la-cabrade.be\/fr\/produit\/emouchine-derm-lait-ravene\/\",\"url\":\"https:\/\/la-cabrade.be\/fr\/produit\/emouchine-derm-lait-ravene\/\",\"name\":\"Emouchine derm lait ravene - La Cabrade\",\"isPartOf\":{\"@id\":\"https:\/\/la-cabrade.be\/#website\"},\"primaryImageOfPage\":{\"@id\":\"https:\/\/la-cabrade.be\/fr\/produit\/emouchine-derm-lait-ravene\/#primaryimage\"},\"image\":{\"@id\":\"https:\/\/la-cabrade.be\/fr\/produit\/emouchine-derm-lait-ravene\/#primaryimage\"},\"thumbnailUrl\":\"https:\/\/la-cabrade.be\/wp-content\/uploads\/2023\/11\/EMOUCHINE-DERM-LAIT-RAVENE_Soins-de-la-peau_11484_1.jpeg\",\"datePublished\":\"2023-08-02T09:47:17+00:00\",\"dateModified\":\"2026-03-20T14:58:37+00:00\",\"description\":\"Achetez Emouchine derm lait ravene au meilleur prix. Livraison rapide. Dans votre magasin d'\u00e9quitation en ligne Sellerie La Cabrade\",\"breadcrumb\":{\"@id\":\"https:\/\/la-cabrade.be\/fr\/produit\/emouchine-derm-lait-ravene\/#breadcrumb\"},\"inLanguage\":\"fr-BE\",\"potentialAction\":[{\"@type\":\"ReadAction\",\"target\":[\"https:\/\/la-cabrade.be\/fr\/produit\/emouchine-derm-lait-ravene\/\"]}]},{\"@type\":\"ImageObject\",\"inLanguage\":\"fr-BE\",\"@id\":\"https:\/\/la-cabrade.be\/fr\/produit\/emouchine-derm-lait-ravene\/#primaryimage\",\"url\":\"https:\/\/la-cabrade.be\/wp-content\/uploads\/2023\/11\/EMOUCHINE-DERM-LAIT-RAVENE_Soins-de-la-peau_11484_1.jpeg\",\"contentUrl\":\"https:\/\/la-cabrade.be\/wp-content\/uploads\/2023\/11\/EMOUCHINE-DERM-LAIT-RAVENE_Soins-de-la-peau_11484_1.jpeg\",\"width\":700,\"height\":700,\"caption\":\"EMOUCHINE DERM LAIT RAVENE Soins de la peau 11484 1.jpeg\"},{\"@type\":\"BreadcrumbList\",\"@id\":\"https:\/\/la-cabrade.be\/fr\/produit\/emouchine-derm-lait-ravene\/#breadcrumb\",\"itemListElement\":[{\"@type\":\"ListItem\",\"position\":1,\"name\":\"Accueil\",\"item\":\"https:\/\/la-cabrade.be\/\"},{\"@type\":\"ListItem\",\"position\":2,\"name\":\"Boutique\",\"item\":\"https:\/\/la-cabrade.be\/fr\/boutique\/\"},{\"@type\":\"ListItem\",\"position\":3,\"name\":\"Emouchine derm lait ravene\"}]},{\"@type\":\"WebSite\",\"@id\":\"https:\/\/la-cabrade.be\/#website\",\"url\":\"https:\/\/la-cabrade.be\/\",\"name\":\"La Cabrade\",\"description\":\"Sellerie en ligne et magasin d\u2019\u00e9quitation \u00e0 Fl\u00e9ron, Li\u00e8ge\",\"publisher\":{\"@id\":\"https:\/\/la-cabrade.be\/#organization\"},\"potentialAction\":[{\"@type\":\"SearchAction\",\"target\":{\"@type\":\"EntryPoint\",\"urlTemplate\":\"https:\/\/la-cabrade.be\/?s={search_term_string}\"},\"query-input\":{\"@type\":\"PropertyValueSpecification\",\"valueRequired\":true,\"valueName\":\"search_term_string\"}}],\"inLanguage\":\"fr-BE\"},{\"@type\":\"Organization\",\"@id\":\"https:\/\/la-cabrade.be\/#organization\",\"name\":\"La Cabrade\",\"url\":\"https:\/\/la-cabrade.be\/\",\"logo\":{\"@type\":\"ImageObject\",\"inLanguage\":\"fr-BE\",\"@id\":\"https:\/\/la-cabrade.be\/#\/schema\/logo\/image\/\",\"url\":\"https:\/\/la-cabrade.be\/wp-content\/uploads\/2020\/04\/La-Cabrade_logo.svg\",\"contentUrl\":\"https:\/\/la-cabrade.be\/wp-content\/uploads\/2020\/04\/La-Cabrade_logo.svg\",\"width\":900,\"height\":320,\"caption\":\"La Cabrade\"},\"image\":{\"@id\":\"https:\/\/la-cabrade.be\/#\/schema\/logo\/image\/\"}}]}<\/script>\n<!-- \/ Yoast SEO plugin. -->","yoast_head_json":{"title":"Emouchine derm lait ravene - La Cabrade","description":"Achetez Emouchine derm lait ravene au meilleur prix. Livraison rapide. Dans votre magasin d'\u00e9quitation en ligne Sellerie La Cabrade","robots":{"index":"index","follow":"follow","max-snippet":"max-snippet:-1","max-image-preview":"max-image-preview:large","max-video-preview":"max-video-preview:-1"},"canonical":"https:\/\/la-cabrade.be\/fr\/produit\/emouchine-derm-lait-ravene\/","og_locale":"fr_FR","og_type":"article","og_title":"Emouchine derm lait ravene - La Cabrade","og_description":"Achetez Emouchine derm lait ravene au meilleur prix. Livraison rapide. Dans votre magasin d'\u00e9quitation en ligne Sellerie La Cabrade","og_url":"https:\/\/la-cabrade.be\/fr\/produit\/emouchine-derm-lait-ravene\/","og_site_name":"La Cabrade","article_modified_time":"2026-03-20T14:58:37+00:00","og_image":[{"width":700,"height":700,"url":"https:\/\/la-cabrade.be\/wp-content\/uploads\/2023\/11\/EMOUCHINE-DERM-LAIT-RAVENE_Soins-de-la-peau_11484_1.jpeg","type":"image\/jpeg"}],"twitter_misc":{"Dur\u00e9e de lecture est.":"1 minute"},"schema":{"@context":"https:\/\/schema.org","@graph":[{"@type":"WebPage","@id":"https:\/\/la-cabrade.be\/fr\/produit\/emouchine-derm-lait-ravene\/","url":"https:\/\/la-cabrade.be\/fr\/produit\/emouchine-derm-lait-ravene\/","name":"Emouchine derm lait ravene - La Cabrade","isPartOf":{"@id":"https:\/\/la-cabrade.be\/#website"},"primaryImageOfPage":{"@id":"https:\/\/la-cabrade.be\/fr\/produit\/emouchine-derm-lait-ravene\/#primaryimage"},"image":{"@id":"https:\/\/la-cabrade.be\/fr\/produit\/emouchine-derm-lait-ravene\/#primaryimage"},"thumbnailUrl":"https:\/\/la-cabrade.be\/wp-content\/uploads\/2023\/11\/EMOUCHINE-DERM-LAIT-RAVENE_Soins-de-la-peau_11484_1.jpeg","datePublished":"2023-08-02T09:47:17+00:00","dateModified":"2026-03-20T14:58:37+00:00","description":"Achetez Emouchine derm lait ravene au meilleur prix. Livraison rapide. Dans votre magasin d'\u00e9quitation en ligne Sellerie La Cabrade","breadcrumb":{"@id":"https:\/\/la-cabrade.be\/fr\/produit\/emouchine-derm-lait-ravene\/#breadcrumb"},"inLanguage":"fr-BE","potentialAction":[{"@type":"ReadAction","target":["https:\/\/la-cabrade.be\/fr\/produit\/emouchine-derm-lait-ravene\/"]}]},{"@type":"ImageObject","inLanguage":"fr-BE","@id":"https:\/\/la-cabrade.be\/fr\/produit\/emouchine-derm-lait-ravene\/#primaryimage","url":"https:\/\/la-cabrade.be\/wp-content\/uploads\/2023\/11\/EMOUCHINE-DERM-LAIT-RAVENE_Soins-de-la-peau_11484_1.jpeg","contentUrl":"https:\/\/la-cabrade.be\/wp-content\/uploads\/2023\/11\/EMOUCHINE-DERM-LAIT-RAVENE_Soins-de-la-peau_11484_1.jpeg","width":700,"height":700,"caption":"EMOUCHINE DERM LAIT RAVENE Soins de la peau 11484 1.jpeg"},{"@type":"BreadcrumbList","@id":"https:\/\/la-cabrade.be\/fr\/produit\/emouchine-derm-lait-ravene\/#breadcrumb","itemListElement":[{"@type":"ListItem","position":1,"name":"Accueil","item":"https:\/\/la-cabrade.be\/"},{"@type":"ListItem","position":2,"name":"Boutique","item":"https:\/\/la-cabrade.be\/fr\/boutique\/"},{"@type":"ListItem","position":3,"name":"Emouchine derm lait ravene"}]},{"@type":"WebSite","@id":"https:\/\/la-cabrade.be\/#website","url":"https:\/\/la-cabrade.be\/","name":"La Cabrade","description":"Sellerie en ligne et magasin d\u2019\u00e9quitation \u00e0 Fl\u00e9ron, Li\u00e8ge","publisher":{"@id":"https:\/\/la-cabrade.be\/#organization"},"potentialAction":[{"@type":"SearchAction","target":{"@type":"EntryPoint","urlTemplate":"https:\/\/la-cabrade.be\/?s={search_term_string}"},"query-input":{"@type":"PropertyValueSpecification","valueRequired":true,"valueName":"search_term_string"}}],"inLanguage":"fr-BE"},{"@type":"Organization","@id":"https:\/\/la-cabrade.be\/#organization","name":"La Cabrade","url":"https:\/\/la-cabrade.be\/","logo":{"@type":"ImageObject","inLanguage":"fr-BE","@id":"https:\/\/la-cabrade.be\/#\/schema\/logo\/image\/","url":"https:\/\/la-cabrade.be\/wp-content\/uploads\/2020\/04\/La-Cabrade_logo.svg","contentUrl":"https:\/\/la-cabrade.be\/wp-content\/uploads\/2020\/04\/La-Cabrade_logo.svg","width":900,"height":320,"caption":"La Cabrade"},"image":{"@id":"https:\/\/la-cabrade.be\/#\/schema\/logo\/image\/"}}]}},"brands":[{"id":640,"name":"Ravene","slug":"ravene"}],"_links":{"self":[{"href":"https:\/\/la-cabrade.be\/fr\/wp-json\/wp\/v2\/product\/6624","targetHints":{"allow":["GET"]}}],"collection":[{"href":"https:\/\/la-cabrade.be\/fr\/wp-json\/wp\/v2\/product"}],"about":[{"href":"https:\/\/la-cabrade.be\/fr\/wp-json\/wp\/v2\/types\/product"}],"wp:featuredmedia":[{"embeddable":true,"href":"https:\/\/la-cabrade.be\/fr\/wp-json\/wp\/v2\/media\/25982"}],"wp:attachment":[{"href":"https:\/\/la-cabrade.be\/fr\/wp-json\/wp\/v2\/media?parent=6624"}],"wp:term":[{"taxonomy":"pwb-brand","embeddable":true,"href":"https:\/\/la-cabrade.be\/fr\/wp-json\/wp\/v2\/pwb-brand?post=6624"},{"taxonomy":"product_brand","embeddable":true,"href":"https:\/\/la-cabrade.be\/fr\/wp-json\/wp\/v2\/product_brand?post=6624"},{"taxonomy":"product_cat","embeddable":true,"href":"https:\/\/la-cabrade.be\/fr\/wp-json\/wp\/v2\/product_cat?post=6624"},{"taxonomy":"product_tag","embeddable":true,"href":"https:\/\/la-cabrade.be\/fr\/wp-json\/wp\/v2\/product_tag?post=6624"},{"taxonomy":"giftcard-category","embeddable":true,"href":"https:\/\/la-cabrade.be\/fr\/wp-json\/wp\/v2\/giftcard-category?post=6624"}],"curies":[{"name":"wp","href":"https:\/\/api.w.org\/{rel}","templated":true}]}}