{"id":6273,"date":"2023-08-02T10:21:46","date_gmt":"2023-08-02T09:21:46","guid":{"rendered":"https:\/\/la-cabrade.be\/fr\/produit\/couvre-reins-160g-kentucky\/"},"modified":"2026-03-25T16:03:01","modified_gmt":"2026-03-25T15:03:01","slug":"couvre-reins-160g-kentucky","status":"publish","type":"product","link":"https:\/\/la-cabrade.be\/fr\/produit\/couvre-reins-160g-kentucky\/","title":{"rendered":"Couvre-reins 160g kentucky"},"content":{"rendered":"<p>Description<br \/>\nLe couvre-reins 160g est le produit id\u00e9al pour monter \u00e0 cheval quand il fait froid dehors. La doublure en peau de lapin artificielle offre une chaleur suppl\u00e9mentaire, car elle cr\u00e9e de minuscules poches d&rsquo;air qui retiennent la chaleur du corps. La doublure est tr\u00e8s douce contre la peau, lustre le poil du cheval et pr\u00e9vient des frottements et irritations. Le couvre-reins est dot\u00e9 d&rsquo;une solide fermeture velcro \u00e0 fixer devant la selle, ainsi que d\u2019une courroie de queue. Le motif matelass\u00e9 diamant, le passepoil et le logo Kentucky en similicuir marron donnent au couvre-reins un look tr\u00e8s chic. Il est lavable en machine \u00e0 30 \u00b0, pas de s\u00e8che-linge.<\/p>\n<p>&#8211; Forme classique<br \/>\n&#8211; Doublure en peau de lapin artificielle<br \/>\n&#8211; Attach\u00e9 devant la selle<\/p>\n","protected":false},"excerpt":{"rendered":"<p>Description Le couvre-reins 160g est le produit id\u00e9al pour monter \u00e0 cheval quand il fait froid dehors. La doublure en peau de lapin artificielle offre une chaleur suppl\u00e9mentaire, car elle cr\u00e9e de minuscules poches d&rsquo;air qui retiennent la chaleur du corps. La doublure est tr\u00e8s douce contre la peau, lustre le poil du cheval et [&hellip;]<\/p>\n","protected":false},"featured_media":25629,"template":"","meta":[],"pwb-brand":[614],"product_brand":[],"product_cat":[729],"product_tag":[],"giftcard-category":[],"class_list":{"0":"post-6273","1":"product","2":"type-product","3":"status-publish","4":"has-post-thumbnail","6":"pwb-brand-kentucky","7":"product_cat-couvre-reins","9":"first","10":"outofstock","11":"taxable","12":"shipping-taxable","13":"purchasable","14":"product-type-variable","15":"has-default-attributes"},"yoast_head":"<!-- This site is optimized with the Yoast SEO plugin v25.3.1 - https:\/\/yoast.com\/wordpress\/plugins\/seo\/ -->\n<title>Couvre-reins 160g kentucky - La Cabrade<\/title>\n<meta name=\"description\" content=\"Achetez Couvre-reins 160g kentucky au meilleur prix. Livraison rapide. Dans votre magasin d&#039;\u00e9quitation en ligne Sellerie La Cabrade\" \/>\n<meta name=\"robots\" content=\"index, follow, max-snippet:-1, max-image-preview:large, max-video-preview:-1\" \/>\n<link rel=\"canonical\" href=\"https:\/\/la-cabrade.be\/fr\/produit\/couvre-reins-160g-kentucky\/\" \/>\n<meta property=\"og:locale\" content=\"fr_FR\" \/>\n<meta property=\"og:type\" content=\"article\" \/>\n<meta property=\"og:title\" content=\"Couvre-reins 160g kentucky - La Cabrade\" \/>\n<meta property=\"og:description\" content=\"Achetez Couvre-reins 160g kentucky au meilleur prix. Livraison rapide. Dans votre magasin d&#039;\u00e9quitation en ligne Sellerie La Cabrade\" \/>\n<meta property=\"og:url\" content=\"https:\/\/la-cabrade.be\/fr\/produit\/couvre-reins-160g-kentucky\/\" \/>\n<meta property=\"og:site_name\" content=\"La Cabrade\" \/>\n<meta property=\"article:modified_time\" content=\"2026-03-25T15:03:01+00:00\" \/>\n<meta property=\"og:image\" content=\"https:\/\/la-cabrade.be\/wp-content\/uploads\/2023\/11\/COUVRE-REINS-160G-KENTUCKY_Couvre-reins_14625_1.png\" \/>\n\t<meta property=\"og:image:width\" content=\"700\" \/>\n\t<meta property=\"og:image:height\" content=\"700\" \/>\n\t<meta property=\"og:image:type\" content=\"image\/png\" \/>\n<meta name=\"twitter:label1\" content=\"Dur\u00e9e de lecture est.\" \/>\n\t<meta name=\"twitter:data1\" content=\"1 minute\" \/>\n<script type=\"application\/ld+json\" class=\"yoast-schema-graph\">{\"@context\":\"https:\/\/schema.org\",\"@graph\":[{\"@type\":\"WebPage\",\"@id\":\"https:\/\/la-cabrade.be\/produit\/couvre-reins-160g-kentucky\/\",\"url\":\"https:\/\/la-cabrade.be\/produit\/couvre-reins-160g-kentucky\/\",\"name\":\"Couvre-reins 160g kentucky - La Cabrade\",\"isPartOf\":{\"@id\":\"https:\/\/la-cabrade.be\/#website\"},\"primaryImageOfPage\":{\"@id\":\"https:\/\/la-cabrade.be\/produit\/couvre-reins-160g-kentucky\/#primaryimage\"},\"image\":{\"@id\":\"https:\/\/la-cabrade.be\/produit\/couvre-reins-160g-kentucky\/#primaryimage\"},\"thumbnailUrl\":\"https:\/\/la-cabrade.be\/wp-content\/uploads\/2023\/11\/COUVRE-REINS-160G-KENTUCKY_Couvre-reins_14625_1.png\",\"datePublished\":\"2023-08-02T09:21:46+00:00\",\"dateModified\":\"2026-03-25T15:03:01+00:00\",\"description\":\"Achetez Couvre-reins 160g kentucky au meilleur prix. Livraison rapide. Dans votre magasin d'\u00e9quitation en ligne Sellerie La Cabrade\",\"breadcrumb\":{\"@id\":\"https:\/\/la-cabrade.be\/produit\/couvre-reins-160g-kentucky\/#breadcrumb\"},\"inLanguage\":\"fr-BE\",\"potentialAction\":[{\"@type\":\"ReadAction\",\"target\":[\"https:\/\/la-cabrade.be\/produit\/couvre-reins-160g-kentucky\/\"]}]},{\"@type\":\"ImageObject\",\"inLanguage\":\"fr-BE\",\"@id\":\"https:\/\/la-cabrade.be\/produit\/couvre-reins-160g-kentucky\/#primaryimage\",\"url\":\"https:\/\/la-cabrade.be\/wp-content\/uploads\/2023\/11\/COUVRE-REINS-160G-KENTUCKY_Couvre-reins_14625_1.png\",\"contentUrl\":\"https:\/\/la-cabrade.be\/wp-content\/uploads\/2023\/11\/COUVRE-REINS-160G-KENTUCKY_Couvre-reins_14625_1.png\",\"width\":700,\"height\":700,\"caption\":\"COUVRE REINS 160G KENTUCKY Couvre reins 14625 1.png\"},{\"@type\":\"BreadcrumbList\",\"@id\":\"https:\/\/la-cabrade.be\/produit\/couvre-reins-160g-kentucky\/#breadcrumb\",\"itemListElement\":[{\"@type\":\"ListItem\",\"position\":1,\"name\":\"Accueil\",\"item\":\"https:\/\/la-cabrade.be\/\"},{\"@type\":\"ListItem\",\"position\":2,\"name\":\"Boutique\",\"item\":\"https:\/\/la-cabrade.be\/fr\/boutique\/\"},{\"@type\":\"ListItem\",\"position\":3,\"name\":\"Couvre-reins 160g kentucky\"}]},{\"@type\":\"WebSite\",\"@id\":\"https:\/\/la-cabrade.be\/#website\",\"url\":\"https:\/\/la-cabrade.be\/\",\"name\":\"La Cabrade\",\"description\":\"Sellerie en ligne et magasin d\u2019\u00e9quitation \u00e0 Fl\u00e9ron, Li\u00e8ge\",\"publisher\":{\"@id\":\"https:\/\/la-cabrade.be\/#organization\"},\"potentialAction\":[{\"@type\":\"SearchAction\",\"target\":{\"@type\":\"EntryPoint\",\"urlTemplate\":\"https:\/\/la-cabrade.be\/?s={search_term_string}\"},\"query-input\":{\"@type\":\"PropertyValueSpecification\",\"valueRequired\":true,\"valueName\":\"search_term_string\"}}],\"inLanguage\":\"fr-BE\"},{\"@type\":\"Organization\",\"@id\":\"https:\/\/la-cabrade.be\/#organization\",\"name\":\"La Cabrade\",\"url\":\"https:\/\/la-cabrade.be\/\",\"logo\":{\"@type\":\"ImageObject\",\"inLanguage\":\"fr-BE\",\"@id\":\"https:\/\/la-cabrade.be\/#\/schema\/logo\/image\/\",\"url\":\"https:\/\/la-cabrade.be\/wp-content\/uploads\/2020\/04\/La-Cabrade_logo.svg\",\"contentUrl\":\"https:\/\/la-cabrade.be\/wp-content\/uploads\/2020\/04\/La-Cabrade_logo.svg\",\"width\":900,\"height\":320,\"caption\":\"La Cabrade\"},\"image\":{\"@id\":\"https:\/\/la-cabrade.be\/#\/schema\/logo\/image\/\"}}]}<\/script>\n<!-- \/ Yoast SEO plugin. -->","yoast_head_json":{"title":"Couvre-reins 160g kentucky - La Cabrade","description":"Achetez Couvre-reins 160g kentucky au meilleur prix. Livraison rapide. Dans votre magasin d'\u00e9quitation en ligne Sellerie La Cabrade","robots":{"index":"index","follow":"follow","max-snippet":"max-snippet:-1","max-image-preview":"max-image-preview:large","max-video-preview":"max-video-preview:-1"},"canonical":"https:\/\/la-cabrade.be\/fr\/produit\/couvre-reins-160g-kentucky\/","og_locale":"fr_FR","og_type":"article","og_title":"Couvre-reins 160g kentucky - La Cabrade","og_description":"Achetez Couvre-reins 160g kentucky au meilleur prix. Livraison rapide. Dans votre magasin d'\u00e9quitation en ligne Sellerie La Cabrade","og_url":"https:\/\/la-cabrade.be\/fr\/produit\/couvre-reins-160g-kentucky\/","og_site_name":"La Cabrade","article_modified_time":"2026-03-25T15:03:01+00:00","og_image":[{"width":700,"height":700,"url":"https:\/\/la-cabrade.be\/wp-content\/uploads\/2023\/11\/COUVRE-REINS-160G-KENTUCKY_Couvre-reins_14625_1.png","type":"image\/png"}],"twitter_misc":{"Dur\u00e9e de lecture est.":"1 minute"},"schema":{"@context":"https:\/\/schema.org","@graph":[{"@type":"WebPage","@id":"https:\/\/la-cabrade.be\/produit\/couvre-reins-160g-kentucky\/","url":"https:\/\/la-cabrade.be\/produit\/couvre-reins-160g-kentucky\/","name":"Couvre-reins 160g kentucky - La Cabrade","isPartOf":{"@id":"https:\/\/la-cabrade.be\/#website"},"primaryImageOfPage":{"@id":"https:\/\/la-cabrade.be\/produit\/couvre-reins-160g-kentucky\/#primaryimage"},"image":{"@id":"https:\/\/la-cabrade.be\/produit\/couvre-reins-160g-kentucky\/#primaryimage"},"thumbnailUrl":"https:\/\/la-cabrade.be\/wp-content\/uploads\/2023\/11\/COUVRE-REINS-160G-KENTUCKY_Couvre-reins_14625_1.png","datePublished":"2023-08-02T09:21:46+00:00","dateModified":"2026-03-25T15:03:01+00:00","description":"Achetez Couvre-reins 160g kentucky au meilleur prix. Livraison rapide. Dans votre magasin d'\u00e9quitation en ligne Sellerie La Cabrade","breadcrumb":{"@id":"https:\/\/la-cabrade.be\/produit\/couvre-reins-160g-kentucky\/#breadcrumb"},"inLanguage":"fr-BE","potentialAction":[{"@type":"ReadAction","target":["https:\/\/la-cabrade.be\/produit\/couvre-reins-160g-kentucky\/"]}]},{"@type":"ImageObject","inLanguage":"fr-BE","@id":"https:\/\/la-cabrade.be\/produit\/couvre-reins-160g-kentucky\/#primaryimage","url":"https:\/\/la-cabrade.be\/wp-content\/uploads\/2023\/11\/COUVRE-REINS-160G-KENTUCKY_Couvre-reins_14625_1.png","contentUrl":"https:\/\/la-cabrade.be\/wp-content\/uploads\/2023\/11\/COUVRE-REINS-160G-KENTUCKY_Couvre-reins_14625_1.png","width":700,"height":700,"caption":"COUVRE REINS 160G KENTUCKY Couvre reins 14625 1.png"},{"@type":"BreadcrumbList","@id":"https:\/\/la-cabrade.be\/produit\/couvre-reins-160g-kentucky\/#breadcrumb","itemListElement":[{"@type":"ListItem","position":1,"name":"Accueil","item":"https:\/\/la-cabrade.be\/"},{"@type":"ListItem","position":2,"name":"Boutique","item":"https:\/\/la-cabrade.be\/fr\/boutique\/"},{"@type":"ListItem","position":3,"name":"Couvre-reins 160g kentucky"}]},{"@type":"WebSite","@id":"https:\/\/la-cabrade.be\/#website","url":"https:\/\/la-cabrade.be\/","name":"La Cabrade","description":"Sellerie en ligne et magasin d\u2019\u00e9quitation \u00e0 Fl\u00e9ron, Li\u00e8ge","publisher":{"@id":"https:\/\/la-cabrade.be\/#organization"},"potentialAction":[{"@type":"SearchAction","target":{"@type":"EntryPoint","urlTemplate":"https:\/\/la-cabrade.be\/?s={search_term_string}"},"query-input":{"@type":"PropertyValueSpecification","valueRequired":true,"valueName":"search_term_string"}}],"inLanguage":"fr-BE"},{"@type":"Organization","@id":"https:\/\/la-cabrade.be\/#organization","name":"La Cabrade","url":"https:\/\/la-cabrade.be\/","logo":{"@type":"ImageObject","inLanguage":"fr-BE","@id":"https:\/\/la-cabrade.be\/#\/schema\/logo\/image\/","url":"https:\/\/la-cabrade.be\/wp-content\/uploads\/2020\/04\/La-Cabrade_logo.svg","contentUrl":"https:\/\/la-cabrade.be\/wp-content\/uploads\/2020\/04\/La-Cabrade_logo.svg","width":900,"height":320,"caption":"La Cabrade"},"image":{"@id":"https:\/\/la-cabrade.be\/#\/schema\/logo\/image\/"}}]}},"brands":[{"id":614,"name":"Kentucky","slug":"kentucky"}],"_links":{"self":[{"href":"https:\/\/la-cabrade.be\/fr\/wp-json\/wp\/v2\/product\/6273","targetHints":{"allow":["GET"]}}],"collection":[{"href":"https:\/\/la-cabrade.be\/fr\/wp-json\/wp\/v2\/product"}],"about":[{"href":"https:\/\/la-cabrade.be\/fr\/wp-json\/wp\/v2\/types\/product"}],"wp:featuredmedia":[{"embeddable":true,"href":"https:\/\/la-cabrade.be\/fr\/wp-json\/wp\/v2\/media\/25629"}],"wp:attachment":[{"href":"https:\/\/la-cabrade.be\/fr\/wp-json\/wp\/v2\/media?parent=6273"}],"wp:term":[{"taxonomy":"pwb-brand","embeddable":true,"href":"https:\/\/la-cabrade.be\/fr\/wp-json\/wp\/v2\/pwb-brand?post=6273"},{"taxonomy":"product_brand","embeddable":true,"href":"https:\/\/la-cabrade.be\/fr\/wp-json\/wp\/v2\/product_brand?post=6273"},{"taxonomy":"product_cat","embeddable":true,"href":"https:\/\/la-cabrade.be\/fr\/wp-json\/wp\/v2\/product_cat?post=6273"},{"taxonomy":"product_tag","embeddable":true,"href":"https:\/\/la-cabrade.be\/fr\/wp-json\/wp\/v2\/product_tag?post=6273"},{"taxonomy":"giftcard-category","embeddable":true,"href":"https:\/\/la-cabrade.be\/fr\/wp-json\/wp\/v2\/giftcard-category?post=6273"}],"curies":[{"name":"wp","href":"https:\/\/api.w.org\/{rel}","templated":true}]}}