{"id":6212,"date":"2023-08-02T10:19:26","date_gmt":"2023-08-02T09:19:26","guid":{"rendered":"https:\/\/la-cabrade.be\/fr\/produit\/couverture-qhp-anti-eczema\/"},"modified":"2026-03-24T12:23:22","modified_gmt":"2026-03-24T11:23:22","slug":"couverture-qhp-anti-eczema","status":"publish","type":"product","link":"https:\/\/la-cabrade.be\/fr\/produit\/couverture-qhp-anti-eczema\/","title":{"rendered":"Couverture qhp anti-eczema"},"content":{"rendered":"<p>COUVERTURE QHP ANTI-ECZEMA<\/p>\n<p>Prot\u00e9gez votre cheval contre les piq\u00fbres d&rsquo;insectes pendant les mois d&rsquo;\u00e9t\u00e9 avec une couverture anti-mouches. Par exemple, le moustique culico\u00efde provoque une r\u00e9action allergique chez de nombreux chevaux. Cette couverture contre l&rsquo;ecz\u00e9ma n&rsquo;a pas besoin d&rsquo;\u00eatre enfil\u00e9e sur la t\u00eate car elle poss\u00e8de des fermetures Velcro au niveau du cou et de la poitrine. Pour plus de confort, cette couverture est dot\u00e9e d&rsquo;un insert en Lycra au garrot et aux \u00e9paules. La couverture a \u00e9galement un large rabat de ventre avec une sangle \u00e9lastique et r\u00e9glable et un rabat de queue spacieux.<\/p>\n<p>R\u00e9f\u00e9rence: 6280<\/p>\n","protected":false},"excerpt":{"rendered":"<p>COUVERTURE QHP ANTI-ECZEMA Prot\u00e9gez votre cheval contre les piq\u00fbres d&rsquo;insectes pendant les mois d&rsquo;\u00e9t\u00e9 avec une couverture anti-mouches. Par exemple, le moustique culico\u00efde provoque une r\u00e9action allergique chez de nombreux chevaux. Cette couverture contre l&rsquo;ecz\u00e9ma n&rsquo;a pas besoin d&rsquo;\u00eatre enfil\u00e9e sur la t\u00eate car elle poss\u00e8de des fermetures Velcro au niveau du cou et de [&hellip;]<\/p>\n","protected":false},"featured_media":25548,"template":"","meta":[],"pwb-brand":[639],"product_brand":[],"product_cat":[714],"product_tag":[],"giftcard-category":[],"class_list":{"0":"post-6212","1":"product","2":"type-product","3":"status-publish","4":"has-post-thumbnail","6":"pwb-brand-qhp","7":"product_cat-chemises-anti-eczema","9":"first","10":"outofstock","11":"taxable","12":"shipping-taxable","13":"purchasable","14":"product-type-variable","15":"has-default-attributes"},"yoast_head":"<!-- This site is optimized with the Yoast SEO plugin v25.3.1 - https:\/\/yoast.com\/wordpress\/plugins\/seo\/ -->\n<title>Couverture qhp anti-eczema - La Cabrade<\/title>\n<meta name=\"description\" content=\"Achetez Couverture qhp anti-eczema au meilleur prix. Livraison rapide. Dans votre magasin d&#039;\u00e9quitation en ligne Sellerie La Cabrade\" \/>\n<meta name=\"robots\" content=\"index, follow, max-snippet:-1, max-image-preview:large, max-video-preview:-1\" \/>\n<link rel=\"canonical\" href=\"https:\/\/la-cabrade.be\/fr\/produit\/couverture-qhp-anti-eczema\/\" \/>\n<meta property=\"og:locale\" content=\"fr_FR\" \/>\n<meta property=\"og:type\" content=\"article\" \/>\n<meta property=\"og:title\" content=\"Couverture qhp anti-eczema - La Cabrade\" \/>\n<meta property=\"og:description\" content=\"Achetez Couverture qhp anti-eczema au meilleur prix. Livraison rapide. Dans votre magasin d&#039;\u00e9quitation en ligne Sellerie La Cabrade\" \/>\n<meta property=\"og:url\" content=\"https:\/\/la-cabrade.be\/fr\/produit\/couverture-qhp-anti-eczema\/\" \/>\n<meta property=\"og:site_name\" content=\"La Cabrade\" \/>\n<meta property=\"article:modified_time\" content=\"2026-03-24T11:23:22+00:00\" \/>\n<meta property=\"og:image\" content=\"https:\/\/la-cabrade.be\/wp-content\/uploads\/2023\/11\/COUVERTURE-QHP-ANTI-ECZEMA_Chemises-anti-eczema_16436_1.jpeg\" \/>\n\t<meta property=\"og:image:width\" content=\"700\" \/>\n\t<meta property=\"og:image:height\" content=\"700\" \/>\n\t<meta property=\"og:image:type\" content=\"image\/jpeg\" \/>\n<meta name=\"twitter:label1\" content=\"Dur\u00e9e de lecture est.\" \/>\n\t<meta name=\"twitter:data1\" content=\"1 minute\" \/>\n<script type=\"application\/ld+json\" class=\"yoast-schema-graph\">{\"@context\":\"https:\/\/schema.org\",\"@graph\":[{\"@type\":\"WebPage\",\"@id\":\"https:\/\/la-cabrade.be\/fr\/produit\/couverture-qhp-anti-eczema\/\",\"url\":\"https:\/\/la-cabrade.be\/fr\/produit\/couverture-qhp-anti-eczema\/\",\"name\":\"Couverture qhp anti-eczema - La Cabrade\",\"isPartOf\":{\"@id\":\"https:\/\/la-cabrade.be\/#website\"},\"primaryImageOfPage\":{\"@id\":\"https:\/\/la-cabrade.be\/fr\/produit\/couverture-qhp-anti-eczema\/#primaryimage\"},\"image\":{\"@id\":\"https:\/\/la-cabrade.be\/fr\/produit\/couverture-qhp-anti-eczema\/#primaryimage\"},\"thumbnailUrl\":\"https:\/\/la-cabrade.be\/wp-content\/uploads\/2023\/11\/COUVERTURE-QHP-ANTI-ECZEMA_Chemises-anti-eczema_16436_1.jpeg\",\"datePublished\":\"2023-08-02T09:19:26+00:00\",\"dateModified\":\"2026-03-24T11:23:22+00:00\",\"description\":\"Achetez Couverture qhp anti-eczema au meilleur prix. Livraison rapide. Dans votre magasin d'\u00e9quitation en ligne Sellerie La Cabrade\",\"breadcrumb\":{\"@id\":\"https:\/\/la-cabrade.be\/fr\/produit\/couverture-qhp-anti-eczema\/#breadcrumb\"},\"inLanguage\":\"fr-BE\",\"potentialAction\":[{\"@type\":\"ReadAction\",\"target\":[\"https:\/\/la-cabrade.be\/fr\/produit\/couverture-qhp-anti-eczema\/\"]}]},{\"@type\":\"ImageObject\",\"inLanguage\":\"fr-BE\",\"@id\":\"https:\/\/la-cabrade.be\/fr\/produit\/couverture-qhp-anti-eczema\/#primaryimage\",\"url\":\"https:\/\/la-cabrade.be\/wp-content\/uploads\/2023\/11\/COUVERTURE-QHP-ANTI-ECZEMA_Chemises-anti-eczema_16436_1.jpeg\",\"contentUrl\":\"https:\/\/la-cabrade.be\/wp-content\/uploads\/2023\/11\/COUVERTURE-QHP-ANTI-ECZEMA_Chemises-anti-eczema_16436_1.jpeg\",\"width\":700,\"height\":700,\"caption\":\"COUVERTURE QHP ANTI ECZEMA Chemises anti eczema 16436 1.jpeg\"},{\"@type\":\"BreadcrumbList\",\"@id\":\"https:\/\/la-cabrade.be\/fr\/produit\/couverture-qhp-anti-eczema\/#breadcrumb\",\"itemListElement\":[{\"@type\":\"ListItem\",\"position\":1,\"name\":\"Accueil\",\"item\":\"https:\/\/la-cabrade.be\/\"},{\"@type\":\"ListItem\",\"position\":2,\"name\":\"Boutique\",\"item\":\"https:\/\/la-cabrade.be\/fr\/boutique\/\"},{\"@type\":\"ListItem\",\"position\":3,\"name\":\"Couverture qhp anti-eczema\"}]},{\"@type\":\"WebSite\",\"@id\":\"https:\/\/la-cabrade.be\/#website\",\"url\":\"https:\/\/la-cabrade.be\/\",\"name\":\"La Cabrade\",\"description\":\"Sellerie en ligne et magasin d\u2019\u00e9quitation \u00e0 Fl\u00e9ron, Li\u00e8ge\",\"publisher\":{\"@id\":\"https:\/\/la-cabrade.be\/#organization\"},\"potentialAction\":[{\"@type\":\"SearchAction\",\"target\":{\"@type\":\"EntryPoint\",\"urlTemplate\":\"https:\/\/la-cabrade.be\/?s={search_term_string}\"},\"query-input\":{\"@type\":\"PropertyValueSpecification\",\"valueRequired\":true,\"valueName\":\"search_term_string\"}}],\"inLanguage\":\"fr-BE\"},{\"@type\":\"Organization\",\"@id\":\"https:\/\/la-cabrade.be\/#organization\",\"name\":\"La Cabrade\",\"url\":\"https:\/\/la-cabrade.be\/\",\"logo\":{\"@type\":\"ImageObject\",\"inLanguage\":\"fr-BE\",\"@id\":\"https:\/\/la-cabrade.be\/#\/schema\/logo\/image\/\",\"url\":\"https:\/\/la-cabrade.be\/wp-content\/uploads\/2020\/04\/La-Cabrade_logo.svg\",\"contentUrl\":\"https:\/\/la-cabrade.be\/wp-content\/uploads\/2020\/04\/La-Cabrade_logo.svg\",\"width\":900,\"height\":320,\"caption\":\"La Cabrade\"},\"image\":{\"@id\":\"https:\/\/la-cabrade.be\/#\/schema\/logo\/image\/\"}}]}<\/script>\n<!-- \/ Yoast SEO plugin. -->","yoast_head_json":{"title":"Couverture qhp anti-eczema - La Cabrade","description":"Achetez Couverture qhp anti-eczema au meilleur prix. Livraison rapide. Dans votre magasin d'\u00e9quitation en ligne Sellerie La Cabrade","robots":{"index":"index","follow":"follow","max-snippet":"max-snippet:-1","max-image-preview":"max-image-preview:large","max-video-preview":"max-video-preview:-1"},"canonical":"https:\/\/la-cabrade.be\/fr\/produit\/couverture-qhp-anti-eczema\/","og_locale":"fr_FR","og_type":"article","og_title":"Couverture qhp anti-eczema - La Cabrade","og_description":"Achetez Couverture qhp anti-eczema au meilleur prix. Livraison rapide. Dans votre magasin d'\u00e9quitation en ligne Sellerie La Cabrade","og_url":"https:\/\/la-cabrade.be\/fr\/produit\/couverture-qhp-anti-eczema\/","og_site_name":"La Cabrade","article_modified_time":"2026-03-24T11:23:22+00:00","og_image":[{"width":700,"height":700,"url":"https:\/\/la-cabrade.be\/wp-content\/uploads\/2023\/11\/COUVERTURE-QHP-ANTI-ECZEMA_Chemises-anti-eczema_16436_1.jpeg","type":"image\/jpeg"}],"twitter_misc":{"Dur\u00e9e de lecture est.":"1 minute"},"schema":{"@context":"https:\/\/schema.org","@graph":[{"@type":"WebPage","@id":"https:\/\/la-cabrade.be\/fr\/produit\/couverture-qhp-anti-eczema\/","url":"https:\/\/la-cabrade.be\/fr\/produit\/couverture-qhp-anti-eczema\/","name":"Couverture qhp anti-eczema - La Cabrade","isPartOf":{"@id":"https:\/\/la-cabrade.be\/#website"},"primaryImageOfPage":{"@id":"https:\/\/la-cabrade.be\/fr\/produit\/couverture-qhp-anti-eczema\/#primaryimage"},"image":{"@id":"https:\/\/la-cabrade.be\/fr\/produit\/couverture-qhp-anti-eczema\/#primaryimage"},"thumbnailUrl":"https:\/\/la-cabrade.be\/wp-content\/uploads\/2023\/11\/COUVERTURE-QHP-ANTI-ECZEMA_Chemises-anti-eczema_16436_1.jpeg","datePublished":"2023-08-02T09:19:26+00:00","dateModified":"2026-03-24T11:23:22+00:00","description":"Achetez Couverture qhp anti-eczema au meilleur prix. Livraison rapide. Dans votre magasin d'\u00e9quitation en ligne Sellerie La Cabrade","breadcrumb":{"@id":"https:\/\/la-cabrade.be\/fr\/produit\/couverture-qhp-anti-eczema\/#breadcrumb"},"inLanguage":"fr-BE","potentialAction":[{"@type":"ReadAction","target":["https:\/\/la-cabrade.be\/fr\/produit\/couverture-qhp-anti-eczema\/"]}]},{"@type":"ImageObject","inLanguage":"fr-BE","@id":"https:\/\/la-cabrade.be\/fr\/produit\/couverture-qhp-anti-eczema\/#primaryimage","url":"https:\/\/la-cabrade.be\/wp-content\/uploads\/2023\/11\/COUVERTURE-QHP-ANTI-ECZEMA_Chemises-anti-eczema_16436_1.jpeg","contentUrl":"https:\/\/la-cabrade.be\/wp-content\/uploads\/2023\/11\/COUVERTURE-QHP-ANTI-ECZEMA_Chemises-anti-eczema_16436_1.jpeg","width":700,"height":700,"caption":"COUVERTURE QHP ANTI ECZEMA Chemises anti eczema 16436 1.jpeg"},{"@type":"BreadcrumbList","@id":"https:\/\/la-cabrade.be\/fr\/produit\/couverture-qhp-anti-eczema\/#breadcrumb","itemListElement":[{"@type":"ListItem","position":1,"name":"Accueil","item":"https:\/\/la-cabrade.be\/"},{"@type":"ListItem","position":2,"name":"Boutique","item":"https:\/\/la-cabrade.be\/fr\/boutique\/"},{"@type":"ListItem","position":3,"name":"Couverture qhp anti-eczema"}]},{"@type":"WebSite","@id":"https:\/\/la-cabrade.be\/#website","url":"https:\/\/la-cabrade.be\/","name":"La Cabrade","description":"Sellerie en ligne et magasin d\u2019\u00e9quitation \u00e0 Fl\u00e9ron, Li\u00e8ge","publisher":{"@id":"https:\/\/la-cabrade.be\/#organization"},"potentialAction":[{"@type":"SearchAction","target":{"@type":"EntryPoint","urlTemplate":"https:\/\/la-cabrade.be\/?s={search_term_string}"},"query-input":{"@type":"PropertyValueSpecification","valueRequired":true,"valueName":"search_term_string"}}],"inLanguage":"fr-BE"},{"@type":"Organization","@id":"https:\/\/la-cabrade.be\/#organization","name":"La Cabrade","url":"https:\/\/la-cabrade.be\/","logo":{"@type":"ImageObject","inLanguage":"fr-BE","@id":"https:\/\/la-cabrade.be\/#\/schema\/logo\/image\/","url":"https:\/\/la-cabrade.be\/wp-content\/uploads\/2020\/04\/La-Cabrade_logo.svg","contentUrl":"https:\/\/la-cabrade.be\/wp-content\/uploads\/2020\/04\/La-Cabrade_logo.svg","width":900,"height":320,"caption":"La Cabrade"},"image":{"@id":"https:\/\/la-cabrade.be\/#\/schema\/logo\/image\/"}}]}},"brands":[{"id":639,"name":"Qhp","slug":"qhp"}],"_links":{"self":[{"href":"https:\/\/la-cabrade.be\/fr\/wp-json\/wp\/v2\/product\/6212","targetHints":{"allow":["GET"]}}],"collection":[{"href":"https:\/\/la-cabrade.be\/fr\/wp-json\/wp\/v2\/product"}],"about":[{"href":"https:\/\/la-cabrade.be\/fr\/wp-json\/wp\/v2\/types\/product"}],"wp:featuredmedia":[{"embeddable":true,"href":"https:\/\/la-cabrade.be\/fr\/wp-json\/wp\/v2\/media\/25548"}],"wp:attachment":[{"href":"https:\/\/la-cabrade.be\/fr\/wp-json\/wp\/v2\/media?parent=6212"}],"wp:term":[{"taxonomy":"pwb-brand","embeddable":true,"href":"https:\/\/la-cabrade.be\/fr\/wp-json\/wp\/v2\/pwb-brand?post=6212"},{"taxonomy":"product_brand","embeddable":true,"href":"https:\/\/la-cabrade.be\/fr\/wp-json\/wp\/v2\/product_brand?post=6212"},{"taxonomy":"product_cat","embeddable":true,"href":"https:\/\/la-cabrade.be\/fr\/wp-json\/wp\/v2\/product_cat?post=6212"},{"taxonomy":"product_tag","embeddable":true,"href":"https:\/\/la-cabrade.be\/fr\/wp-json\/wp\/v2\/product_tag?post=6212"},{"taxonomy":"giftcard-category","embeddable":true,"href":"https:\/\/la-cabrade.be\/fr\/wp-json\/wp\/v2\/giftcard-category?post=6212"}],"curies":[{"name":"wp","href":"https:\/\/api.w.org\/{rel}","templated":true}]}}