{"id":56773,"date":"2025-04-23T14:16:23","date_gmt":"2025-04-23T13:16:23","guid":{"rendered":"https:\/\/la-cabrade.be\/fr\/produit\/casque-br-theta-plus-painted-glitter-br\/"},"modified":"2026-03-24T12:04:19","modified_gmt":"2026-03-24T11:04:19","slug":"casque-br-theta-plus-painted-glitter-br","status":"publish","type":"product","link":"https:\/\/la-cabrade.be\/fr\/produit\/casque-br-theta-plus-painted-glitter-br\/","title":{"rendered":"Casque BR Th\u00e8ta Plus Painted Glitter BR"},"content":{"rendered":"<p style=\"margin-bottom: 0px;\">\u2022 Aspect mat avec un haut \u00e9l\u00e9gant \u00e0 paillettes et une bordure en or rose<\/p>\n<p style=\"margin-bottom: 0px;\">\u2022 Doublure int\u00e9rieure respirante amovible et lavable<\/p>\n<p style=\"margin-bottom: 0px;\">\u2022 Contient une molette pour un ajustement parfait<\/p>\n<p style=\"margin-bottom: 0px;\">\n<p style=\"margin-bottom: 0px;\">Description :<\/p>\n<p style=\"margin-bottom: 0px;\">Cet \u00e9l\u00e9gant casque au haut et bord \u00e0 paillettes et \u00e0 la grande visi\u00e8re attire tous les regards. Ce casque \u00e9l\u00e9gant \u00e0 la brillance m\u00e9tallique subtile offre beaucoup de confort de port et un bon ajustement, qui peut \u00eatre affin\u00e9 \u00e0 l\u2019aide de la molette. Le casque est conforme \u00e0 la norme de s\u00e9curit\u00e9 CE EN 1384-2023.<\/p>\n<p style=\"margin-bottom: 0px;\">\n<p style=\"margin-bottom: 0px;\">Caract\u00e9ristiques du produit :<\/p>\n<p style=\"margin-bottom: 0px;\">Le casque est con\u00e7u \u00e0 partir d&rsquo;une coque l\u00e9g\u00e8re en ABS solide. Le haut scintillant est en partie fini d&rsquo;un bord gracieusement arrondi et brillant en or rose. \u00c0 l&rsquo;avant se trouvent des trous de ventilation pour une sensation de fra\u00eecheur tout en portant le casque.<\/p>\n<p style=\"margin-bottom: 0px;\">\n<p style=\"margin-bottom: 0px;\">La jugulaire est pourvue d&rsquo;une boucle \u00e0 ouverture rapide et d&rsquo;un prot\u00e8ge-menton en tissu Cooldry\u00ae au toucher doux. La doublure de Cooldry\u00ae combin\u00e9e au mesh s\u00e8che rapidement et assure une ventilation optimale. La doublure enti\u00e8rement amovible est lavable en machine \u00e0 40 \u00b0C. Avec la molette de r\u00e9glage \u00e0 l\u2019arri\u00e8re, on peut ainsi obtenir un ajustement parfait.<\/p>\n<p style=\"margin-bottom: 0px;\">\n<p style=\"margin-bottom: 0px;\">Coupe:<\/p>\n<p>Il est extr\u00eamement important que votre casque s&rsquo;adapte correctement. Pour obtenir des conseils sur la mise en place de votre nouveau casque, veuillez consulter notre blog sur les casques.<\/p>\n","protected":false},"excerpt":{"rendered":"<p>\u2022 Aspect mat avec un haut \u00e9l\u00e9gant \u00e0 paillettes et une bordure en or rose \u2022 Doublure int\u00e9rieure respirante amovible et lavable \u2022 Contient une molette pour un ajustement parfait Description : Cet \u00e9l\u00e9gant casque au haut et bord \u00e0 paillettes et \u00e0 la grande visi\u00e8re attire tous les regards. Ce casque \u00e9l\u00e9gant \u00e0 la [&hellip;]<\/p>\n","protected":false},"featured_media":56769,"template":"","meta":[],"pwb-brand":[],"product_brand":[],"product_cat":[1166],"product_tag":[],"giftcard-category":[],"class_list":{"0":"post-56773","1":"product","2":"type-product","3":"status-publish","4":"has-post-thumbnail","6":"product_cat-casques-et-bombes","8":"first","9":"instock","10":"taxable","11":"shipping-taxable","12":"purchasable","13":"product-type-variable","14":"has-default-attributes"},"yoast_head":"<!-- This site is optimized with the Yoast SEO plugin v25.3.1 - https:\/\/yoast.com\/wordpress\/plugins\/seo\/ -->\n<title>Casque BR Th\u00e8ta Plus Painted Glitter BR - La Cabrade<\/title>\n<meta name=\"description\" content=\"Achetez Casque BR Th\u00e8ta Plus Painted Glitter BR au meilleur prix. Livraison rapide. Dans votre magasin d&#039;\u00e9quitation en ligne Sellerie La Cabrade\" \/>\n<meta name=\"robots\" content=\"index, follow, max-snippet:-1, max-image-preview:large, max-video-preview:-1\" \/>\n<link rel=\"canonical\" href=\"https:\/\/la-cabrade.be\/fr\/produit\/casque-br-theta-plus-painted-glitter-br\/\" \/>\n<meta property=\"og:locale\" content=\"fr_FR\" \/>\n<meta property=\"og:type\" content=\"article\" \/>\n<meta property=\"og:title\" content=\"Casque BR Th\u00e8ta Plus Painted Glitter BR - La Cabrade\" \/>\n<meta property=\"og:description\" content=\"Achetez Casque BR Th\u00e8ta Plus Painted Glitter BR au meilleur prix. Livraison rapide. Dans votre magasin d&#039;\u00e9quitation en ligne Sellerie La Cabrade\" \/>\n<meta property=\"og:url\" content=\"https:\/\/la-cabrade.be\/fr\/produit\/casque-br-theta-plus-painted-glitter-br\/\" \/>\n<meta property=\"og:site_name\" content=\"La Cabrade\" \/>\n<meta property=\"article:modified_time\" content=\"2026-03-24T11:04:19+00:00\" \/>\n<meta property=\"og:image\" content=\"https:\/\/la-cabrade.be\/wp-content\/uploads\/2025\/04\/Casque-Theta-Plus-Painted-Glitter-BR_Casques-et-bombes_22231_1.jpeg\" \/>\n\t<meta property=\"og:image:width\" content=\"1000\" \/>\n\t<meta property=\"og:image:height\" content=\"1000\" \/>\n\t<meta property=\"og:image:type\" content=\"image\/jpeg\" \/>\n<meta name=\"twitter:label1\" content=\"Dur\u00e9e de lecture est.\" \/>\n\t<meta name=\"twitter:data1\" content=\"2 minutes\" \/>\n<script type=\"application\/ld+json\" class=\"yoast-schema-graph\">{\"@context\":\"https:\/\/schema.org\",\"@graph\":[{\"@type\":\"WebPage\",\"@id\":\"https:\/\/la-cabrade.be\/produit\/casque-br-theta-plus-painted-glitter-br\/\",\"url\":\"https:\/\/la-cabrade.be\/produit\/casque-br-theta-plus-painted-glitter-br\/\",\"name\":\"Casque BR Th\u00e8ta Plus Painted Glitter BR - La Cabrade\",\"isPartOf\":{\"@id\":\"https:\/\/la-cabrade.be\/#website\"},\"primaryImageOfPage\":{\"@id\":\"https:\/\/la-cabrade.be\/produit\/casque-br-theta-plus-painted-glitter-br\/#primaryimage\"},\"image\":{\"@id\":\"https:\/\/la-cabrade.be\/produit\/casque-br-theta-plus-painted-glitter-br\/#primaryimage\"},\"thumbnailUrl\":\"https:\/\/la-cabrade.be\/wp-content\/uploads\/2025\/04\/Casque-Theta-Plus-Painted-Glitter-BR_Casques-et-bombes_22231_1.jpeg\",\"datePublished\":\"2025-04-23T13:16:23+00:00\",\"dateModified\":\"2026-03-24T11:04:19+00:00\",\"description\":\"Achetez Casque BR Th\u00e8ta Plus Painted Glitter BR au meilleur prix. Livraison rapide. Dans votre magasin d'\u00e9quitation en ligne Sellerie La Cabrade\",\"breadcrumb\":{\"@id\":\"https:\/\/la-cabrade.be\/produit\/casque-br-theta-plus-painted-glitter-br\/#breadcrumb\"},\"inLanguage\":\"fr-BE\",\"potentialAction\":[{\"@type\":\"ReadAction\",\"target\":[\"https:\/\/la-cabrade.be\/produit\/casque-br-theta-plus-painted-glitter-br\/\"]}]},{\"@type\":\"ImageObject\",\"inLanguage\":\"fr-BE\",\"@id\":\"https:\/\/la-cabrade.be\/produit\/casque-br-theta-plus-painted-glitter-br\/#primaryimage\",\"url\":\"https:\/\/la-cabrade.be\/wp-content\/uploads\/2025\/04\/Casque-Theta-Plus-Painted-Glitter-BR_Casques-et-bombes_22231_1.jpeg\",\"contentUrl\":\"https:\/\/la-cabrade.be\/wp-content\/uploads\/2025\/04\/Casque-Theta-Plus-Painted-Glitter-BR_Casques-et-bombes_22231_1.jpeg\",\"width\":1000,\"height\":1000,\"caption\":\"Casque Theta Plus Painted Glitter BR Casques et bombes 22231 1.jpeg\"},{\"@type\":\"BreadcrumbList\",\"@id\":\"https:\/\/la-cabrade.be\/produit\/casque-br-theta-plus-painted-glitter-br\/#breadcrumb\",\"itemListElement\":[{\"@type\":\"ListItem\",\"position\":1,\"name\":\"Accueil\",\"item\":\"https:\/\/la-cabrade.be\/\"},{\"@type\":\"ListItem\",\"position\":2,\"name\":\"Boutique\",\"item\":\"https:\/\/la-cabrade.be\/fr\/boutique\/\"},{\"@type\":\"ListItem\",\"position\":3,\"name\":\"Casque BR Th\u00e8ta Plus Painted Glitter BR\"}]},{\"@type\":\"WebSite\",\"@id\":\"https:\/\/la-cabrade.be\/#website\",\"url\":\"https:\/\/la-cabrade.be\/\",\"name\":\"La Cabrade\",\"description\":\"Sellerie en ligne et magasin d\u2019\u00e9quitation \u00e0 Fl\u00e9ron, Li\u00e8ge\",\"publisher\":{\"@id\":\"https:\/\/la-cabrade.be\/#organization\"},\"potentialAction\":[{\"@type\":\"SearchAction\",\"target\":{\"@type\":\"EntryPoint\",\"urlTemplate\":\"https:\/\/la-cabrade.be\/?s={search_term_string}\"},\"query-input\":{\"@type\":\"PropertyValueSpecification\",\"valueRequired\":true,\"valueName\":\"search_term_string\"}}],\"inLanguage\":\"fr-BE\"},{\"@type\":\"Organization\",\"@id\":\"https:\/\/la-cabrade.be\/#organization\",\"name\":\"La Cabrade\",\"url\":\"https:\/\/la-cabrade.be\/\",\"logo\":{\"@type\":\"ImageObject\",\"inLanguage\":\"fr-BE\",\"@id\":\"https:\/\/la-cabrade.be\/#\/schema\/logo\/image\/\",\"url\":\"https:\/\/la-cabrade.be\/wp-content\/uploads\/2020\/04\/La-Cabrade_logo.svg\",\"contentUrl\":\"https:\/\/la-cabrade.be\/wp-content\/uploads\/2020\/04\/La-Cabrade_logo.svg\",\"width\":900,\"height\":320,\"caption\":\"La Cabrade\"},\"image\":{\"@id\":\"https:\/\/la-cabrade.be\/#\/schema\/logo\/image\/\"}}]}<\/script>\n<!-- \/ Yoast SEO plugin. -->","yoast_head_json":{"title":"Casque BR Th\u00e8ta Plus Painted Glitter BR - La Cabrade","description":"Achetez Casque BR Th\u00e8ta Plus Painted Glitter BR au meilleur prix. Livraison rapide. Dans votre magasin d'\u00e9quitation en ligne Sellerie La Cabrade","robots":{"index":"index","follow":"follow","max-snippet":"max-snippet:-1","max-image-preview":"max-image-preview:large","max-video-preview":"max-video-preview:-1"},"canonical":"https:\/\/la-cabrade.be\/fr\/produit\/casque-br-theta-plus-painted-glitter-br\/","og_locale":"fr_FR","og_type":"article","og_title":"Casque BR Th\u00e8ta Plus Painted Glitter BR - La Cabrade","og_description":"Achetez Casque BR Th\u00e8ta Plus Painted Glitter BR au meilleur prix. Livraison rapide. Dans votre magasin d'\u00e9quitation en ligne Sellerie La Cabrade","og_url":"https:\/\/la-cabrade.be\/fr\/produit\/casque-br-theta-plus-painted-glitter-br\/","og_site_name":"La Cabrade","article_modified_time":"2026-03-24T11:04:19+00:00","og_image":[{"width":1000,"height":1000,"url":"https:\/\/la-cabrade.be\/wp-content\/uploads\/2025\/04\/Casque-Theta-Plus-Painted-Glitter-BR_Casques-et-bombes_22231_1.jpeg","type":"image\/jpeg"}],"twitter_misc":{"Dur\u00e9e de lecture est.":"2 minutes"},"schema":{"@context":"https:\/\/schema.org","@graph":[{"@type":"WebPage","@id":"https:\/\/la-cabrade.be\/produit\/casque-br-theta-plus-painted-glitter-br\/","url":"https:\/\/la-cabrade.be\/produit\/casque-br-theta-plus-painted-glitter-br\/","name":"Casque BR Th\u00e8ta Plus Painted Glitter BR - La Cabrade","isPartOf":{"@id":"https:\/\/la-cabrade.be\/#website"},"primaryImageOfPage":{"@id":"https:\/\/la-cabrade.be\/produit\/casque-br-theta-plus-painted-glitter-br\/#primaryimage"},"image":{"@id":"https:\/\/la-cabrade.be\/produit\/casque-br-theta-plus-painted-glitter-br\/#primaryimage"},"thumbnailUrl":"https:\/\/la-cabrade.be\/wp-content\/uploads\/2025\/04\/Casque-Theta-Plus-Painted-Glitter-BR_Casques-et-bombes_22231_1.jpeg","datePublished":"2025-04-23T13:16:23+00:00","dateModified":"2026-03-24T11:04:19+00:00","description":"Achetez Casque BR Th\u00e8ta Plus Painted Glitter BR au meilleur prix. Livraison rapide. Dans votre magasin d'\u00e9quitation en ligne Sellerie La Cabrade","breadcrumb":{"@id":"https:\/\/la-cabrade.be\/produit\/casque-br-theta-plus-painted-glitter-br\/#breadcrumb"},"inLanguage":"fr-BE","potentialAction":[{"@type":"ReadAction","target":["https:\/\/la-cabrade.be\/produit\/casque-br-theta-plus-painted-glitter-br\/"]}]},{"@type":"ImageObject","inLanguage":"fr-BE","@id":"https:\/\/la-cabrade.be\/produit\/casque-br-theta-plus-painted-glitter-br\/#primaryimage","url":"https:\/\/la-cabrade.be\/wp-content\/uploads\/2025\/04\/Casque-Theta-Plus-Painted-Glitter-BR_Casques-et-bombes_22231_1.jpeg","contentUrl":"https:\/\/la-cabrade.be\/wp-content\/uploads\/2025\/04\/Casque-Theta-Plus-Painted-Glitter-BR_Casques-et-bombes_22231_1.jpeg","width":1000,"height":1000,"caption":"Casque Theta Plus Painted Glitter BR Casques et bombes 22231 1.jpeg"},{"@type":"BreadcrumbList","@id":"https:\/\/la-cabrade.be\/produit\/casque-br-theta-plus-painted-glitter-br\/#breadcrumb","itemListElement":[{"@type":"ListItem","position":1,"name":"Accueil","item":"https:\/\/la-cabrade.be\/"},{"@type":"ListItem","position":2,"name":"Boutique","item":"https:\/\/la-cabrade.be\/fr\/boutique\/"},{"@type":"ListItem","position":3,"name":"Casque BR Th\u00e8ta Plus Painted Glitter BR"}]},{"@type":"WebSite","@id":"https:\/\/la-cabrade.be\/#website","url":"https:\/\/la-cabrade.be\/","name":"La Cabrade","description":"Sellerie en ligne et magasin d\u2019\u00e9quitation \u00e0 Fl\u00e9ron, Li\u00e8ge","publisher":{"@id":"https:\/\/la-cabrade.be\/#organization"},"potentialAction":[{"@type":"SearchAction","target":{"@type":"EntryPoint","urlTemplate":"https:\/\/la-cabrade.be\/?s={search_term_string}"},"query-input":{"@type":"PropertyValueSpecification","valueRequired":true,"valueName":"search_term_string"}}],"inLanguage":"fr-BE"},{"@type":"Organization","@id":"https:\/\/la-cabrade.be\/#organization","name":"La Cabrade","url":"https:\/\/la-cabrade.be\/","logo":{"@type":"ImageObject","inLanguage":"fr-BE","@id":"https:\/\/la-cabrade.be\/#\/schema\/logo\/image\/","url":"https:\/\/la-cabrade.be\/wp-content\/uploads\/2020\/04\/La-Cabrade_logo.svg","contentUrl":"https:\/\/la-cabrade.be\/wp-content\/uploads\/2020\/04\/La-Cabrade_logo.svg","width":900,"height":320,"caption":"La Cabrade"},"image":{"@id":"https:\/\/la-cabrade.be\/#\/schema\/logo\/image\/"}}]}},"brands":[],"_links":{"self":[{"href":"https:\/\/la-cabrade.be\/fr\/wp-json\/wp\/v2\/product\/56773","targetHints":{"allow":["GET"]}}],"collection":[{"href":"https:\/\/la-cabrade.be\/fr\/wp-json\/wp\/v2\/product"}],"about":[{"href":"https:\/\/la-cabrade.be\/fr\/wp-json\/wp\/v2\/types\/product"}],"wp:featuredmedia":[{"embeddable":true,"href":"https:\/\/la-cabrade.be\/fr\/wp-json\/wp\/v2\/media\/56769"}],"wp:attachment":[{"href":"https:\/\/la-cabrade.be\/fr\/wp-json\/wp\/v2\/media?parent=56773"}],"wp:term":[{"taxonomy":"pwb-brand","embeddable":true,"href":"https:\/\/la-cabrade.be\/fr\/wp-json\/wp\/v2\/pwb-brand?post=56773"},{"taxonomy":"product_brand","embeddable":true,"href":"https:\/\/la-cabrade.be\/fr\/wp-json\/wp\/v2\/product_brand?post=56773"},{"taxonomy":"product_cat","embeddable":true,"href":"https:\/\/la-cabrade.be\/fr\/wp-json\/wp\/v2\/product_cat?post=56773"},{"taxonomy":"product_tag","embeddable":true,"href":"https:\/\/la-cabrade.be\/fr\/wp-json\/wp\/v2\/product_tag?post=56773"},{"taxonomy":"giftcard-category","embeddable":true,"href":"https:\/\/la-cabrade.be\/fr\/wp-json\/wp\/v2\/giftcard-category?post=56773"}],"curies":[{"name":"wp","href":"https:\/\/api.w.org\/{rel}","templated":true}]}}