{"id":52815,"date":"2025-03-03T14:59:00","date_gmt":"2025-03-03T13:59:00","guid":{"rendered":"https:\/\/la-cabrade.be\/fr\/produit\/huile-de-cade-artisanale-35-500ml-ungula-naturalis\/"},"modified":"2026-04-07T18:02:30","modified_gmt":"2026-04-07T17:02:30","slug":"huile-de-cade-artisanale-35-500ml-ungula-naturalis","status":"publish","type":"product","link":"https:\/\/la-cabrade.be\/fr\/produit\/huile-de-cade-artisanale-35-500ml-ungula-naturalis\/","title":{"rendered":"Huile de cade artisanale 35% 500ml UNGULA NATURALIS"},"content":{"rendered":"<p style=\"margin-bottom: 0px\">100% naturelle, l&rsquo;huile de cade Ungula Naturalis concentr\u00e9e \u00e0 35% poss\u00e8de un fort pouvoir antiseptique, cicatrisant et fongicide.<\/p>\n<p style=\"margin-bottom: 0px\"><\/p>\n<p style=\"margin-bottom: 0px\">Elle est directement extraite du gen\u00e9vrier et vous permet d&rsquo;aseptiser les fourchettes et la sole des sabots de votre cheval, en plus de les prot\u00e9ger de l&rsquo;humidit\u00e9.<\/p>\n<p style=\"margin-bottom: 0px\"><\/p>\n<p style=\"margin-bottom: 0px\">&#8211; Parfaite lors de la saison hivernale<\/p>\n<p style=\"margin-bottom: 0px\">&#8211; Pure \u00e0 35%<\/p>\n<p style=\"margin-bottom: 0px\">&#8211; Propri\u00e9t\u00e9s d\u00e9sinfectantes et antiseptiques<\/p>\n<p style=\"margin-bottom: 0px\">&#8211; Formule pr\u00eate \u00e0 l&#8217;emploi<\/p>\n<p style=\"margin-bottom: 0px\">&#8211; Bidon d\u00e9pourvu de pinceau<\/p>\n<p style=\"margin-bottom: 0px\"><\/p>\n<p style=\"margin-bottom: 0px\">UTILISATION :<\/p>\n<p style=\"margin-bottom: 0px\">&#8211; Appliquer sur la partie concern\u00e9e deux \u00e0 trois fois par semaine<\/p>\n<p style=\"margin-bottom: 0px\">&#8211; L&rsquo;application peut \u00eatre quotidienne en cas de n\u00e9cessit\u00e9<\/p>\n<p style=\"margin-bottom: 0px\">&#8211; Pouvoir ass\u00e9chant puissant<\/p>\n<p style=\"margin-bottom: 0px\"><\/p>\n<p style=\"margin-bottom: 0px\">COMPOSITION :<\/p>\n<p style=\"margin-bottom: 0px\">&#8211; 35% d&rsquo;huile de cade<\/p>\n<p style=\"margin-bottom: 0px\">&#8211; Huiles essentielles<\/p>\n<p style=\"margin-bottom: 0px\">&#8211; Huiles v\u00e9g\u00e9tales<\/p>\n<p style=\"margin-bottom: 0px\"><\/p>\n<p style=\"margin-bottom: 0px\">CONDITIONNEMENT :<\/p>\n<p>&#8211; Bidon de 500 ml<\/p>\n","protected":false},"excerpt":{"rendered":"<p>100% naturelle, l&rsquo;huile de cade Ungula Naturalis concentr\u00e9e \u00e0 35% poss\u00e8de un fort pouvoir antiseptique, cicatrisant et fongicide. Elle est directement extraite du gen\u00e9vrier et vous permet d&rsquo;aseptiser les fourchettes et la sole des sabots de votre cheval, en plus de les prot\u00e9ger de l&rsquo;humidit\u00e9. &#8211; Parfaite lors de la saison hivernale &#8211; Pure \u00e0 [&hellip;]<\/p>\n","protected":false},"featured_media":52814,"template":"","meta":[],"pwb-brand":[],"product_brand":[],"product_cat":[1165,833],"product_tag":[],"giftcard-category":[],"class_list":{"0":"post-52815","1":"product","2":"type-product","3":"status-publish","4":"has-post-thumbnail","6":"product_cat-soins-alimentation","7":"product_cat-systeme-hepatique","9":"first","10":"instock","11":"taxable","12":"shipping-taxable","13":"purchasable","14":"product-type-simple"},"yoast_head":"<!-- This site is optimized with the Yoast SEO plugin v25.3.1 - https:\/\/yoast.com\/wordpress\/plugins\/seo\/ -->\n<title>Huile de cade artisanale 35% 500ml UNGULA NATURALIS - La Cabrade<\/title>\n<meta name=\"description\" content=\"Achetez Huile de cade artisanale 35% 500ml UNGULA NATURALIS au meilleur prix. Livraison rapide. Dans votre magasin d&#039;\u00e9quitation en ligne Sellerie La Cabrade\" \/>\n<meta name=\"robots\" content=\"index, follow, max-snippet:-1, max-image-preview:large, max-video-preview:-1\" \/>\n<link rel=\"canonical\" href=\"https:\/\/la-cabrade.be\/fr\/produit\/huile-de-cade-artisanale-35-500ml-ungula-naturalis\/\" \/>\n<meta property=\"og:locale\" content=\"fr_FR\" \/>\n<meta property=\"og:type\" content=\"article\" \/>\n<meta property=\"og:title\" content=\"Huile de cade artisanale 35% 500ml UNGULA NATURALIS - La Cabrade\" \/>\n<meta property=\"og:description\" content=\"Achetez Huile de cade artisanale 35% 500ml UNGULA NATURALIS au meilleur prix. Livraison rapide. Dans votre magasin d&#039;\u00e9quitation en ligne Sellerie La Cabrade\" \/>\n<meta property=\"og:url\" content=\"https:\/\/la-cabrade.be\/fr\/produit\/huile-de-cade-artisanale-35-500ml-ungula-naturalis\/\" \/>\n<meta property=\"og:site_name\" content=\"La Cabrade\" \/>\n<meta property=\"article:modified_time\" content=\"2026-04-07T17:02:30+00:00\" \/>\n<meta property=\"og:image\" content=\"https:\/\/la-cabrade.be\/wp-content\/uploads\/2025\/03\/Huile-de-cade-artisanale-35-500ml-UNGULA-NATURALIS_Soins-des-pieds_17872_1.jpeg\" \/>\n\t<meta property=\"og:image:width\" content=\"900\" \/>\n\t<meta property=\"og:image:height\" content=\"900\" \/>\n\t<meta property=\"og:image:type\" content=\"image\/jpeg\" \/>\n<meta name=\"twitter:label1\" content=\"Dur\u00e9e de lecture est.\" \/>\n\t<meta name=\"twitter:data1\" content=\"1 minute\" \/>\n<script type=\"application\/ld+json\" class=\"yoast-schema-graph\">{\"@context\":\"https:\/\/schema.org\",\"@graph\":[{\"@type\":\"WebPage\",\"@id\":\"https:\/\/la-cabrade.be\/produit\/huile-de-cade-artisanale-35-500ml-ungula-naturalis\/\",\"url\":\"https:\/\/la-cabrade.be\/produit\/huile-de-cade-artisanale-35-500ml-ungula-naturalis\/\",\"name\":\"Huile de cade artisanale 35% 500ml UNGULA NATURALIS - La Cabrade\",\"isPartOf\":{\"@id\":\"https:\/\/la-cabrade.be\/#website\"},\"primaryImageOfPage\":{\"@id\":\"https:\/\/la-cabrade.be\/produit\/huile-de-cade-artisanale-35-500ml-ungula-naturalis\/#primaryimage\"},\"image\":{\"@id\":\"https:\/\/la-cabrade.be\/produit\/huile-de-cade-artisanale-35-500ml-ungula-naturalis\/#primaryimage\"},\"thumbnailUrl\":\"https:\/\/la-cabrade.be\/wp-content\/uploads\/2025\/03\/Huile-de-cade-artisanale-35-500ml-UNGULA-NATURALIS_Soins-des-pieds_17872_1.jpeg\",\"datePublished\":\"2025-03-03T13:59:00+00:00\",\"dateModified\":\"2026-04-07T17:02:30+00:00\",\"description\":\"Achetez Huile de cade artisanale 35% 500ml UNGULA NATURALIS au meilleur prix. Livraison rapide. Dans votre magasin d'\u00e9quitation en ligne Sellerie La Cabrade\",\"breadcrumb\":{\"@id\":\"https:\/\/la-cabrade.be\/produit\/huile-de-cade-artisanale-35-500ml-ungula-naturalis\/#breadcrumb\"},\"inLanguage\":\"fr-BE\",\"potentialAction\":[{\"@type\":\"ReadAction\",\"target\":[\"https:\/\/la-cabrade.be\/produit\/huile-de-cade-artisanale-35-500ml-ungula-naturalis\/\"]}]},{\"@type\":\"ImageObject\",\"inLanguage\":\"fr-BE\",\"@id\":\"https:\/\/la-cabrade.be\/produit\/huile-de-cade-artisanale-35-500ml-ungula-naturalis\/#primaryimage\",\"url\":\"https:\/\/la-cabrade.be\/wp-content\/uploads\/2025\/03\/Huile-de-cade-artisanale-35-500ml-UNGULA-NATURALIS_Soins-des-pieds_17872_1.jpeg\",\"contentUrl\":\"https:\/\/la-cabrade.be\/wp-content\/uploads\/2025\/03\/Huile-de-cade-artisanale-35-500ml-UNGULA-NATURALIS_Soins-des-pieds_17872_1.jpeg\",\"width\":900,\"height\":900,\"caption\":\"Huile de cade artisanale 35 500ml UNGULA NATURALIS Soins des pieds 17872 1.jpeg\"},{\"@type\":\"BreadcrumbList\",\"@id\":\"https:\/\/la-cabrade.be\/produit\/huile-de-cade-artisanale-35-500ml-ungula-naturalis\/#breadcrumb\",\"itemListElement\":[{\"@type\":\"ListItem\",\"position\":1,\"name\":\"Accueil\",\"item\":\"https:\/\/la-cabrade.be\/\"},{\"@type\":\"ListItem\",\"position\":2,\"name\":\"Boutique\",\"item\":\"https:\/\/la-cabrade.be\/fr\/boutique\/\"},{\"@type\":\"ListItem\",\"position\":3,\"name\":\"Huile de cade artisanale 35% 500ml UNGULA NATURALIS\"}]},{\"@type\":\"WebSite\",\"@id\":\"https:\/\/la-cabrade.be\/#website\",\"url\":\"https:\/\/la-cabrade.be\/\",\"name\":\"La Cabrade\",\"description\":\"Sellerie en ligne et magasin d\u2019\u00e9quitation \u00e0 Fl\u00e9ron, Li\u00e8ge\",\"publisher\":{\"@id\":\"https:\/\/la-cabrade.be\/#organization\"},\"potentialAction\":[{\"@type\":\"SearchAction\",\"target\":{\"@type\":\"EntryPoint\",\"urlTemplate\":\"https:\/\/la-cabrade.be\/?s={search_term_string}\"},\"query-input\":{\"@type\":\"PropertyValueSpecification\",\"valueRequired\":true,\"valueName\":\"search_term_string\"}}],\"inLanguage\":\"fr-BE\"},{\"@type\":\"Organization\",\"@id\":\"https:\/\/la-cabrade.be\/#organization\",\"name\":\"La Cabrade\",\"url\":\"https:\/\/la-cabrade.be\/\",\"logo\":{\"@type\":\"ImageObject\",\"inLanguage\":\"fr-BE\",\"@id\":\"https:\/\/la-cabrade.be\/#\/schema\/logo\/image\/\",\"url\":\"https:\/\/la-cabrade.be\/wp-content\/uploads\/2020\/04\/La-Cabrade_logo.svg\",\"contentUrl\":\"https:\/\/la-cabrade.be\/wp-content\/uploads\/2020\/04\/La-Cabrade_logo.svg\",\"width\":900,\"height\":320,\"caption\":\"La Cabrade\"},\"image\":{\"@id\":\"https:\/\/la-cabrade.be\/#\/schema\/logo\/image\/\"}}]}<\/script>\n<!-- \/ Yoast SEO plugin. -->","yoast_head_json":{"title":"Huile de cade artisanale 35% 500ml UNGULA NATURALIS - La Cabrade","description":"Achetez Huile de cade artisanale 35% 500ml UNGULA NATURALIS au meilleur prix. Livraison rapide. Dans votre magasin d'\u00e9quitation en ligne Sellerie La Cabrade","robots":{"index":"index","follow":"follow","max-snippet":"max-snippet:-1","max-image-preview":"max-image-preview:large","max-video-preview":"max-video-preview:-1"},"canonical":"https:\/\/la-cabrade.be\/fr\/produit\/huile-de-cade-artisanale-35-500ml-ungula-naturalis\/","og_locale":"fr_FR","og_type":"article","og_title":"Huile de cade artisanale 35% 500ml UNGULA NATURALIS - La Cabrade","og_description":"Achetez Huile de cade artisanale 35% 500ml UNGULA NATURALIS au meilleur prix. Livraison rapide. Dans votre magasin d'\u00e9quitation en ligne Sellerie La Cabrade","og_url":"https:\/\/la-cabrade.be\/fr\/produit\/huile-de-cade-artisanale-35-500ml-ungula-naturalis\/","og_site_name":"La Cabrade","article_modified_time":"2026-04-07T17:02:30+00:00","og_image":[{"width":900,"height":900,"url":"https:\/\/la-cabrade.be\/wp-content\/uploads\/2025\/03\/Huile-de-cade-artisanale-35-500ml-UNGULA-NATURALIS_Soins-des-pieds_17872_1.jpeg","type":"image\/jpeg"}],"twitter_misc":{"Dur\u00e9e de lecture est.":"1 minute"},"schema":{"@context":"https:\/\/schema.org","@graph":[{"@type":"WebPage","@id":"https:\/\/la-cabrade.be\/produit\/huile-de-cade-artisanale-35-500ml-ungula-naturalis\/","url":"https:\/\/la-cabrade.be\/produit\/huile-de-cade-artisanale-35-500ml-ungula-naturalis\/","name":"Huile de cade artisanale 35% 500ml UNGULA NATURALIS - La Cabrade","isPartOf":{"@id":"https:\/\/la-cabrade.be\/#website"},"primaryImageOfPage":{"@id":"https:\/\/la-cabrade.be\/produit\/huile-de-cade-artisanale-35-500ml-ungula-naturalis\/#primaryimage"},"image":{"@id":"https:\/\/la-cabrade.be\/produit\/huile-de-cade-artisanale-35-500ml-ungula-naturalis\/#primaryimage"},"thumbnailUrl":"https:\/\/la-cabrade.be\/wp-content\/uploads\/2025\/03\/Huile-de-cade-artisanale-35-500ml-UNGULA-NATURALIS_Soins-des-pieds_17872_1.jpeg","datePublished":"2025-03-03T13:59:00+00:00","dateModified":"2026-04-07T17:02:30+00:00","description":"Achetez Huile de cade artisanale 35% 500ml UNGULA NATURALIS au meilleur prix. Livraison rapide. Dans votre magasin d'\u00e9quitation en ligne Sellerie La Cabrade","breadcrumb":{"@id":"https:\/\/la-cabrade.be\/produit\/huile-de-cade-artisanale-35-500ml-ungula-naturalis\/#breadcrumb"},"inLanguage":"fr-BE","potentialAction":[{"@type":"ReadAction","target":["https:\/\/la-cabrade.be\/produit\/huile-de-cade-artisanale-35-500ml-ungula-naturalis\/"]}]},{"@type":"ImageObject","inLanguage":"fr-BE","@id":"https:\/\/la-cabrade.be\/produit\/huile-de-cade-artisanale-35-500ml-ungula-naturalis\/#primaryimage","url":"https:\/\/la-cabrade.be\/wp-content\/uploads\/2025\/03\/Huile-de-cade-artisanale-35-500ml-UNGULA-NATURALIS_Soins-des-pieds_17872_1.jpeg","contentUrl":"https:\/\/la-cabrade.be\/wp-content\/uploads\/2025\/03\/Huile-de-cade-artisanale-35-500ml-UNGULA-NATURALIS_Soins-des-pieds_17872_1.jpeg","width":900,"height":900,"caption":"Huile de cade artisanale 35 500ml UNGULA NATURALIS Soins des pieds 17872 1.jpeg"},{"@type":"BreadcrumbList","@id":"https:\/\/la-cabrade.be\/produit\/huile-de-cade-artisanale-35-500ml-ungula-naturalis\/#breadcrumb","itemListElement":[{"@type":"ListItem","position":1,"name":"Accueil","item":"https:\/\/la-cabrade.be\/"},{"@type":"ListItem","position":2,"name":"Boutique","item":"https:\/\/la-cabrade.be\/fr\/boutique\/"},{"@type":"ListItem","position":3,"name":"Huile de cade artisanale 35% 500ml UNGULA NATURALIS"}]},{"@type":"WebSite","@id":"https:\/\/la-cabrade.be\/#website","url":"https:\/\/la-cabrade.be\/","name":"La Cabrade","description":"Sellerie en ligne et magasin d\u2019\u00e9quitation \u00e0 Fl\u00e9ron, Li\u00e8ge","publisher":{"@id":"https:\/\/la-cabrade.be\/#organization"},"potentialAction":[{"@type":"SearchAction","target":{"@type":"EntryPoint","urlTemplate":"https:\/\/la-cabrade.be\/?s={search_term_string}"},"query-input":{"@type":"PropertyValueSpecification","valueRequired":true,"valueName":"search_term_string"}}],"inLanguage":"fr-BE"},{"@type":"Organization","@id":"https:\/\/la-cabrade.be\/#organization","name":"La Cabrade","url":"https:\/\/la-cabrade.be\/","logo":{"@type":"ImageObject","inLanguage":"fr-BE","@id":"https:\/\/la-cabrade.be\/#\/schema\/logo\/image\/","url":"https:\/\/la-cabrade.be\/wp-content\/uploads\/2020\/04\/La-Cabrade_logo.svg","contentUrl":"https:\/\/la-cabrade.be\/wp-content\/uploads\/2020\/04\/La-Cabrade_logo.svg","width":900,"height":320,"caption":"La Cabrade"},"image":{"@id":"https:\/\/la-cabrade.be\/#\/schema\/logo\/image\/"}}]}},"brands":[],"_links":{"self":[{"href":"https:\/\/la-cabrade.be\/fr\/wp-json\/wp\/v2\/product\/52815","targetHints":{"allow":["GET"]}}],"collection":[{"href":"https:\/\/la-cabrade.be\/fr\/wp-json\/wp\/v2\/product"}],"about":[{"href":"https:\/\/la-cabrade.be\/fr\/wp-json\/wp\/v2\/types\/product"}],"wp:featuredmedia":[{"embeddable":true,"href":"https:\/\/la-cabrade.be\/fr\/wp-json\/wp\/v2\/media\/52814"}],"wp:attachment":[{"href":"https:\/\/la-cabrade.be\/fr\/wp-json\/wp\/v2\/media?parent=52815"}],"wp:term":[{"taxonomy":"pwb-brand","embeddable":true,"href":"https:\/\/la-cabrade.be\/fr\/wp-json\/wp\/v2\/pwb-brand?post=52815"},{"taxonomy":"product_brand","embeddable":true,"href":"https:\/\/la-cabrade.be\/fr\/wp-json\/wp\/v2\/product_brand?post=52815"},{"taxonomy":"product_cat","embeddable":true,"href":"https:\/\/la-cabrade.be\/fr\/wp-json\/wp\/v2\/product_cat?post=52815"},{"taxonomy":"product_tag","embeddable":true,"href":"https:\/\/la-cabrade.be\/fr\/wp-json\/wp\/v2\/product_tag?post=52815"},{"taxonomy":"giftcard-category","embeddable":true,"href":"https:\/\/la-cabrade.be\/fr\/wp-json\/wp\/v2\/giftcard-category?post=52815"}],"curies":[{"name":"wp","href":"https:\/\/api.w.org\/{rel}","templated":true}]}}