{"id":50005,"date":"2024-11-14T13:23:07","date_gmt":"2024-11-14T12:23:07","guid":{"rendered":"https:\/\/la-cabrade.be\/fr\/produit\/collier-equestre-grand-modele-penelope\/"},"modified":"2026-03-24T12:19:11","modified_gmt":"2026-03-24T11:19:11","slug":"collier-equestre-grand-modele-penelope","status":"publish","type":"product","link":"https:\/\/la-cabrade.be\/fr\/produit\/collier-equestre-grand-modele-penelope\/","title":{"rendered":"Collier \u00e9questre grand mod\u00e8le PENELOPE"},"content":{"rendered":"<p style=\"margin-bottom: 0px\">Le collier \u00e9questre dor\u00e9 dans sa version grand mod\u00e8le, une pi\u00e8ce que l&rsquo;on aime porter en toute occasion. Tout un symbole \u00e0 votre cou, suspendu \u00e0 un fin cordon. Le collier \u00e9questre dor\u00e9 s&rsquo;ajuste et se ferme gr\u00e2ce \u00e0 un fermoir qui permet de r\u00e9gler la longueur du collier. Les bijoux de chez P\u00e9n\u00e9lope Collections, la plus belle fa\u00e7on d&#8217;emmener l&rsquo;esprit \u00e9questre et f\u00e9minin partout avec soi.<\/p>\n<p style=\"margin-bottom: 0px\">Composition : laiton dor\u00e9 \u00e0 l&rsquo;or fin, 24 carats, 0,3\u03bc<\/p>\n<p>Taille unique &#8211; Dimensions largeur 3.5cm &#8211; Hauteur 1.5cm<\/p>\n","protected":false},"excerpt":{"rendered":"<p>Le collier \u00e9questre dor\u00e9 dans sa version grand mod\u00e8le, une pi\u00e8ce que l&rsquo;on aime porter en toute occasion. Tout un symbole \u00e0 votre cou, suspendu \u00e0 un fin cordon. Le collier \u00e9questre dor\u00e9 s&rsquo;ajuste et se ferme gr\u00e2ce \u00e0 un fermoir qui permet de r\u00e9gler la longueur du collier. Les bijoux de chez P\u00e9n\u00e9lope Collections, [&hellip;]<\/p>\n","protected":false},"featured_media":50002,"template":"","meta":[],"pwb-brand":[],"product_brand":[],"product_cat":[694],"product_tag":[],"giftcard-category":[],"class_list":{"0":"post-50005","1":"product","2":"type-product","3":"status-publish","4":"has-post-thumbnail","6":"product_cat-bijoux-et-autres","8":"first","9":"instock","10":"taxable","11":"shipping-taxable","12":"purchasable","13":"product-type-simple"},"yoast_head":"<!-- This site is optimized with the Yoast SEO plugin v25.3.1 - https:\/\/yoast.com\/wordpress\/plugins\/seo\/ -->\n<title>Collier \u00e9questre grand mod\u00e8le PENELOPE - La Cabrade<\/title>\n<meta name=\"description\" content=\"Achetez Collier \u00e9questre grand mod\u00e8le PENELOPE au meilleur prix. Livraison rapide. Dans votre magasin d&#039;\u00e9quitation en ligne Sellerie La Cabrade\" \/>\n<meta name=\"robots\" content=\"index, follow, max-snippet:-1, max-image-preview:large, max-video-preview:-1\" \/>\n<link rel=\"canonical\" href=\"https:\/\/la-cabrade.be\/fr\/produit\/collier-equestre-grand-modele-penelope\/\" \/>\n<meta property=\"og:locale\" content=\"fr_FR\" \/>\n<meta property=\"og:type\" content=\"article\" \/>\n<meta property=\"og:title\" content=\"Collier \u00e9questre grand mod\u00e8le PENELOPE - La Cabrade\" \/>\n<meta property=\"og:description\" content=\"Achetez Collier \u00e9questre grand mod\u00e8le PENELOPE au meilleur prix. Livraison rapide. Dans votre magasin d&#039;\u00e9quitation en ligne Sellerie La Cabrade\" \/>\n<meta property=\"og:url\" content=\"https:\/\/la-cabrade.be\/fr\/produit\/collier-equestre-grand-modele-penelope\/\" \/>\n<meta property=\"og:site_name\" content=\"La Cabrade\" \/>\n<meta property=\"article:modified_time\" content=\"2026-03-24T11:19:11+00:00\" \/>\n<meta property=\"og:image\" content=\"https:\/\/la-cabrade.be\/wp-content\/uploads\/2024\/11\/Collier-equestre-grand-modele-PENELOPE_Bijoux-et-autres_21337_1.jpeg\" \/>\n\t<meta property=\"og:image:width\" content=\"800\" \/>\n\t<meta property=\"og:image:height\" content=\"800\" \/>\n\t<meta property=\"og:image:type\" content=\"image\/jpeg\" \/>\n<script type=\"application\/ld+json\" class=\"yoast-schema-graph\">{\"@context\":\"https:\/\/schema.org\",\"@graph\":[{\"@type\":\"WebPage\",\"@id\":\"https:\/\/la-cabrade.be\/produit\/collier-equestre-grand-modele-penelope\/\",\"url\":\"https:\/\/la-cabrade.be\/produit\/collier-equestre-grand-modele-penelope\/\",\"name\":\"Collier \u00e9questre grand mod\u00e8le PENELOPE - La Cabrade\",\"isPartOf\":{\"@id\":\"https:\/\/la-cabrade.be\/#website\"},\"primaryImageOfPage\":{\"@id\":\"https:\/\/la-cabrade.be\/produit\/collier-equestre-grand-modele-penelope\/#primaryimage\"},\"image\":{\"@id\":\"https:\/\/la-cabrade.be\/produit\/collier-equestre-grand-modele-penelope\/#primaryimage\"},\"thumbnailUrl\":\"https:\/\/la-cabrade.be\/wp-content\/uploads\/2024\/11\/Collier-equestre-grand-modele-PENELOPE_Bijoux-et-autres_21337_1.jpeg\",\"datePublished\":\"2024-11-14T12:23:07+00:00\",\"dateModified\":\"2026-03-24T11:19:11+00:00\",\"description\":\"Achetez Collier \u00e9questre grand mod\u00e8le PENELOPE au meilleur prix. Livraison rapide. Dans votre magasin d'\u00e9quitation en ligne Sellerie La Cabrade\",\"breadcrumb\":{\"@id\":\"https:\/\/la-cabrade.be\/produit\/collier-equestre-grand-modele-penelope\/#breadcrumb\"},\"inLanguage\":\"fr-BE\",\"potentialAction\":[{\"@type\":\"ReadAction\",\"target\":[\"https:\/\/la-cabrade.be\/produit\/collier-equestre-grand-modele-penelope\/\"]}]},{\"@type\":\"ImageObject\",\"inLanguage\":\"fr-BE\",\"@id\":\"https:\/\/la-cabrade.be\/produit\/collier-equestre-grand-modele-penelope\/#primaryimage\",\"url\":\"https:\/\/la-cabrade.be\/wp-content\/uploads\/2024\/11\/Collier-equestre-grand-modele-PENELOPE_Bijoux-et-autres_21337_1.jpeg\",\"contentUrl\":\"https:\/\/la-cabrade.be\/wp-content\/uploads\/2024\/11\/Collier-equestre-grand-modele-PENELOPE_Bijoux-et-autres_21337_1.jpeg\",\"width\":800,\"height\":800,\"caption\":\"Collier equestre grand modele PENELOPE Bijoux et autres 21337 1.jpeg\"},{\"@type\":\"BreadcrumbList\",\"@id\":\"https:\/\/la-cabrade.be\/produit\/collier-equestre-grand-modele-penelope\/#breadcrumb\",\"itemListElement\":[{\"@type\":\"ListItem\",\"position\":1,\"name\":\"Accueil\",\"item\":\"https:\/\/la-cabrade.be\/\"},{\"@type\":\"ListItem\",\"position\":2,\"name\":\"Boutique\",\"item\":\"https:\/\/la-cabrade.be\/fr\/boutique\/\"},{\"@type\":\"ListItem\",\"position\":3,\"name\":\"Collier \u00e9questre grand mod\u00e8le PENELOPE\"}]},{\"@type\":\"WebSite\",\"@id\":\"https:\/\/la-cabrade.be\/#website\",\"url\":\"https:\/\/la-cabrade.be\/\",\"name\":\"La Cabrade\",\"description\":\"Sellerie en ligne et magasin d\u2019\u00e9quitation \u00e0 Fl\u00e9ron, Li\u00e8ge\",\"publisher\":{\"@id\":\"https:\/\/la-cabrade.be\/#organization\"},\"potentialAction\":[{\"@type\":\"SearchAction\",\"target\":{\"@type\":\"EntryPoint\",\"urlTemplate\":\"https:\/\/la-cabrade.be\/?s={search_term_string}\"},\"query-input\":{\"@type\":\"PropertyValueSpecification\",\"valueRequired\":true,\"valueName\":\"search_term_string\"}}],\"inLanguage\":\"fr-BE\"},{\"@type\":\"Organization\",\"@id\":\"https:\/\/la-cabrade.be\/#organization\",\"name\":\"La Cabrade\",\"url\":\"https:\/\/la-cabrade.be\/\",\"logo\":{\"@type\":\"ImageObject\",\"inLanguage\":\"fr-BE\",\"@id\":\"https:\/\/la-cabrade.be\/#\/schema\/logo\/image\/\",\"url\":\"https:\/\/la-cabrade.be\/wp-content\/uploads\/2020\/04\/La-Cabrade_logo.svg\",\"contentUrl\":\"https:\/\/la-cabrade.be\/wp-content\/uploads\/2020\/04\/La-Cabrade_logo.svg\",\"width\":900,\"height\":320,\"caption\":\"La Cabrade\"},\"image\":{\"@id\":\"https:\/\/la-cabrade.be\/#\/schema\/logo\/image\/\"}}]}<\/script>\n<!-- \/ Yoast SEO plugin. -->","yoast_head_json":{"title":"Collier \u00e9questre grand mod\u00e8le PENELOPE - La Cabrade","description":"Achetez Collier \u00e9questre grand mod\u00e8le PENELOPE au meilleur prix. Livraison rapide. Dans votre magasin d'\u00e9quitation en ligne Sellerie La Cabrade","robots":{"index":"index","follow":"follow","max-snippet":"max-snippet:-1","max-image-preview":"max-image-preview:large","max-video-preview":"max-video-preview:-1"},"canonical":"https:\/\/la-cabrade.be\/fr\/produit\/collier-equestre-grand-modele-penelope\/","og_locale":"fr_FR","og_type":"article","og_title":"Collier \u00e9questre grand mod\u00e8le PENELOPE - La Cabrade","og_description":"Achetez Collier \u00e9questre grand mod\u00e8le PENELOPE au meilleur prix. Livraison rapide. Dans votre magasin d'\u00e9quitation en ligne Sellerie La Cabrade","og_url":"https:\/\/la-cabrade.be\/fr\/produit\/collier-equestre-grand-modele-penelope\/","og_site_name":"La Cabrade","article_modified_time":"2026-03-24T11:19:11+00:00","og_image":[{"width":800,"height":800,"url":"https:\/\/la-cabrade.be\/wp-content\/uploads\/2024\/11\/Collier-equestre-grand-modele-PENELOPE_Bijoux-et-autres_21337_1.jpeg","type":"image\/jpeg"}],"schema":{"@context":"https:\/\/schema.org","@graph":[{"@type":"WebPage","@id":"https:\/\/la-cabrade.be\/produit\/collier-equestre-grand-modele-penelope\/","url":"https:\/\/la-cabrade.be\/produit\/collier-equestre-grand-modele-penelope\/","name":"Collier \u00e9questre grand mod\u00e8le PENELOPE - La Cabrade","isPartOf":{"@id":"https:\/\/la-cabrade.be\/#website"},"primaryImageOfPage":{"@id":"https:\/\/la-cabrade.be\/produit\/collier-equestre-grand-modele-penelope\/#primaryimage"},"image":{"@id":"https:\/\/la-cabrade.be\/produit\/collier-equestre-grand-modele-penelope\/#primaryimage"},"thumbnailUrl":"https:\/\/la-cabrade.be\/wp-content\/uploads\/2024\/11\/Collier-equestre-grand-modele-PENELOPE_Bijoux-et-autres_21337_1.jpeg","datePublished":"2024-11-14T12:23:07+00:00","dateModified":"2026-03-24T11:19:11+00:00","description":"Achetez Collier \u00e9questre grand mod\u00e8le PENELOPE au meilleur prix. Livraison rapide. Dans votre magasin d'\u00e9quitation en ligne Sellerie La Cabrade","breadcrumb":{"@id":"https:\/\/la-cabrade.be\/produit\/collier-equestre-grand-modele-penelope\/#breadcrumb"},"inLanguage":"fr-BE","potentialAction":[{"@type":"ReadAction","target":["https:\/\/la-cabrade.be\/produit\/collier-equestre-grand-modele-penelope\/"]}]},{"@type":"ImageObject","inLanguage":"fr-BE","@id":"https:\/\/la-cabrade.be\/produit\/collier-equestre-grand-modele-penelope\/#primaryimage","url":"https:\/\/la-cabrade.be\/wp-content\/uploads\/2024\/11\/Collier-equestre-grand-modele-PENELOPE_Bijoux-et-autres_21337_1.jpeg","contentUrl":"https:\/\/la-cabrade.be\/wp-content\/uploads\/2024\/11\/Collier-equestre-grand-modele-PENELOPE_Bijoux-et-autres_21337_1.jpeg","width":800,"height":800,"caption":"Collier equestre grand modele PENELOPE Bijoux et autres 21337 1.jpeg"},{"@type":"BreadcrumbList","@id":"https:\/\/la-cabrade.be\/produit\/collier-equestre-grand-modele-penelope\/#breadcrumb","itemListElement":[{"@type":"ListItem","position":1,"name":"Accueil","item":"https:\/\/la-cabrade.be\/"},{"@type":"ListItem","position":2,"name":"Boutique","item":"https:\/\/la-cabrade.be\/fr\/boutique\/"},{"@type":"ListItem","position":3,"name":"Collier \u00e9questre grand mod\u00e8le PENELOPE"}]},{"@type":"WebSite","@id":"https:\/\/la-cabrade.be\/#website","url":"https:\/\/la-cabrade.be\/","name":"La Cabrade","description":"Sellerie en ligne et magasin d\u2019\u00e9quitation \u00e0 Fl\u00e9ron, Li\u00e8ge","publisher":{"@id":"https:\/\/la-cabrade.be\/#organization"},"potentialAction":[{"@type":"SearchAction","target":{"@type":"EntryPoint","urlTemplate":"https:\/\/la-cabrade.be\/?s={search_term_string}"},"query-input":{"@type":"PropertyValueSpecification","valueRequired":true,"valueName":"search_term_string"}}],"inLanguage":"fr-BE"},{"@type":"Organization","@id":"https:\/\/la-cabrade.be\/#organization","name":"La Cabrade","url":"https:\/\/la-cabrade.be\/","logo":{"@type":"ImageObject","inLanguage":"fr-BE","@id":"https:\/\/la-cabrade.be\/#\/schema\/logo\/image\/","url":"https:\/\/la-cabrade.be\/wp-content\/uploads\/2020\/04\/La-Cabrade_logo.svg","contentUrl":"https:\/\/la-cabrade.be\/wp-content\/uploads\/2020\/04\/La-Cabrade_logo.svg","width":900,"height":320,"caption":"La Cabrade"},"image":{"@id":"https:\/\/la-cabrade.be\/#\/schema\/logo\/image\/"}}]}},"brands":[],"_links":{"self":[{"href":"https:\/\/la-cabrade.be\/fr\/wp-json\/wp\/v2\/product\/50005","targetHints":{"allow":["GET"]}}],"collection":[{"href":"https:\/\/la-cabrade.be\/fr\/wp-json\/wp\/v2\/product"}],"about":[{"href":"https:\/\/la-cabrade.be\/fr\/wp-json\/wp\/v2\/types\/product"}],"wp:featuredmedia":[{"embeddable":true,"href":"https:\/\/la-cabrade.be\/fr\/wp-json\/wp\/v2\/media\/50002"}],"wp:attachment":[{"href":"https:\/\/la-cabrade.be\/fr\/wp-json\/wp\/v2\/media?parent=50005"}],"wp:term":[{"taxonomy":"pwb-brand","embeddable":true,"href":"https:\/\/la-cabrade.be\/fr\/wp-json\/wp\/v2\/pwb-brand?post=50005"},{"taxonomy":"product_brand","embeddable":true,"href":"https:\/\/la-cabrade.be\/fr\/wp-json\/wp\/v2\/product_brand?post=50005"},{"taxonomy":"product_cat","embeddable":true,"href":"https:\/\/la-cabrade.be\/fr\/wp-json\/wp\/v2\/product_cat?post=50005"},{"taxonomy":"product_tag","embeddable":true,"href":"https:\/\/la-cabrade.be\/fr\/wp-json\/wp\/v2\/product_tag?post=50005"},{"taxonomy":"giftcard-category","embeddable":true,"href":"https:\/\/la-cabrade.be\/fr\/wp-json\/wp\/v2\/giftcard-category?post=50005"}],"curies":[{"name":"wp","href":"https:\/\/api.w.org\/{rel}","templated":true}]}}