{"id":46091,"date":"2024-06-05T14:38:31","date_gmt":"2024-06-05T13:38:31","guid":{"rendered":"https:\/\/la-cabrade.be\/fr\/produit\/guetres-protege-tendons-xo2-br\/"},"modified":"2025-12-10T03:31:44","modified_gmt":"2025-12-10T02:31:44","slug":"guetres-protege-tendons-xo2-br","status":"publish","type":"product","link":"https:\/\/la-cabrade.be\/fr\/produit\/guetres-protege-tendons-xo2-br\/","title":{"rendered":"Gu\u00eatres prot\u00e8ge-tendons XO2 BR"},"content":{"rendered":"<p>\u2022 Avec une garniture Air Liner sp\u00e9cialement d\u00e9velopp\u00e9e, une doublure respirante qui absorbe parfaitement les chocs.<br \/>\n\u2022 Une forme am\u00e9lior\u00e9e et aux lignes plus \u00e9pur\u00e9es, bas\u00e9e sur le principe selon lequel \u00ab la fonction dicte la forme \u00bb. Le prot\u00e8ge-tendons \u00e9pouse ainsi parfaitement la jambe du cheval pour qu\u2019il puisse bouger sans entrave, tout en \u00e9tant parfaitement prot\u00e9g\u00e9<br \/>\n\u2022 Coque respirante, fabriqu\u00e9e \u00e0 partir d\u2019un moule d\u00e9velopp\u00e9 en interne<br \/>\n\u2022 10 % plus l\u00e9ger que le prot\u00e8ge-tendons moyen<br \/>\n\u2022 Un design innovant bas\u00e9 sur la recherche<\/p>\n<p>Description :<br \/>\nLes tendons des chevaux sont extr\u00eamement fragiles et sujets aux blessures. Or, les prot\u00e8ge-tendons tiennent souvent trop chaud, ou bien sont trop serr\u00e9s. Nous savons bien \u00e0 quel point il est important que l\u2019ajustement soit protecteur, tout en restant confortable pour le cheval. D\u00e9couvrez notre XO2-Boot d\u00e9velopp\u00e9 en interne ! Un design innovant, \u00e9tay\u00e9 par des recherches approfondies sur l\u2019anatomie de la jambe du cheval et r\u00e9alis\u00e9 \u00e0 l\u2019aide d\u2019un moule unique d\u00e9velopp\u00e9 par BR. Le r\u00e9sultat est un prot\u00e8ge-tendons incontournable, qui prot\u00e8ge au mieux, amortit les chocs et maintient au frais la jambe du cheval autant que possible.<\/p>\n<p>La fonction dicte la forme (form follows function)<br \/>\nBas\u00e9e sur le principe selon lequel \u00ab la fonction dicte la forme \u00bb, le prot\u00e8ge-tendons XO2 offre \u00e0 votre cheval une protection parfaite sans compromis sur le confort. Le prot\u00e8ge-tendons \u00e9pouse parfaitement la jambe du cheval et la couvre uniquement l\u00e0 o\u00f9 c\u2019est n\u00e9cessaire. La coque est l\u00e9g\u00e8rement plus \u00e9paisse \u00e0 l\u2019arri\u00e8re et sur les c\u00f4t\u00e9s du boulet, pour prot\u00e9ger au mieux la jambe du cheval dans ces zones importantes.<\/p>\n<p>Ext\u00e9rieur :<br \/>\nLa particularit\u00e9 de la coque est qu\u2019elle a une forme anatomique qui s\u2019adapte \u00e0 la jambe du cheval, pour \u00e9pouser parfaitement ses formes. La forme unique de la coque offre une protection l\u00e0 o\u00f9 c\u2019est n\u00e9cessaire, mais elle est aussi plus l\u00e9g\u00e8re que les autres prot\u00e8ge-tendons : jusqu\u2019\u00e0 10 % plus l\u00e9g\u00e8re ! Votre cheval conserve ainsi une parfaite libert\u00e9 de mouvement et n\u2019est jamais g\u00ean\u00e9 par les prot\u00e8ge-tendons.<br \/>\nLa coque est dure pour une bonne protection, mais en m\u00eame temps extr\u00eamement flexible pour bien \u00e9pouser la forme de la jambe du cheval. Des trous de ventilation judicieusement plac\u00e9s font que le tendon ne surchauffe pas.<\/p>\n<p>Doublure :<br \/>\nLe protecteur est doubl\u00e9 de notre Air Liner sp\u00e9cialement d\u00e9velopp\u00e9, une doublure thermoform\u00e9e dans un mat\u00e9riau qui lui conf\u00e8re des propri\u00e9t\u00e9s optimales. La doublure permet d\u2019amortir encore davantage les chocs, gr\u00e2ce \u00e0 l\u2019air pr\u00e9sent dans les espaces m\u00e9nag\u00e9s par le mat\u00e9riau, par sa composition. Lors d\u2019un impact ou d\u2019un choc, l\u2019air s\u2019\u00e9chappe par la doublure extr\u00eamement respirante et par les trous d\u2019a\u00e9ration. Votre cheval est ainsi parfaitement prot\u00e9g\u00e9 contre les impacts.<\/p>\n<p>Fermetures :<br \/>\nIl est aussi tr\u00e8s important que les prot\u00e8ge-tendons soient \u00e9quip\u00e9s de fermetures adapt\u00e9es. En effet, si le prot\u00e8ge-tendons est trop l\u00e2che, il peut provoquer des irritations, mais s\u2019il est trop serr\u00e9, il peut entraver la circulation sanguine. Les sangles de fermeture sont l\u00e9g\u00e8rement \u00e9lastiques et dot\u00e9es d\u2019un syst\u00e8me auto-agrippant, pour que le prot\u00e8ge-tendons puisse toujours \u00eatre plac\u00e9 au bon endroit et bien ajust\u00e9. Avec l\u2019arrondi de la coque, ils ont une allure profil\u00e9e et \u00e9pousent parfaitement la jambe du cheval.<\/p>\n","protected":false},"excerpt":{"rendered":"<p>\u2022 Avec une garniture Air Liner sp\u00e9cialement d\u00e9velopp\u00e9e, une doublure respirante qui absorbe parfaitement les chocs. \u2022 Une forme am\u00e9lior\u00e9e et aux lignes plus \u00e9pur\u00e9es, bas\u00e9e sur le principe selon lequel \u00ab la fonction dicte la forme \u00bb. Le prot\u00e8ge-tendons \u00e9pouse ainsi parfaitement la jambe du cheval pour qu\u2019il puisse bouger sans entrave, tout en [&hellip;]<\/p>\n","protected":false},"featured_media":46084,"template":"","meta":[],"pwb-brand":[575],"product_brand":[],"product_cat":[768],"product_tag":[],"giftcard-category":[],"class_list":{"0":"post-46091","1":"product","2":"type-product","3":"status-publish","4":"has-post-thumbnail","6":"pwb-brand-br","7":"product_cat-guetres-rigides","9":"first","10":"outofstock","11":"taxable","12":"shipping-taxable","13":"purchasable","14":"product-type-variable","15":"has-default-attributes"},"yoast_head":"<!-- This site is optimized with the Yoast SEO plugin v25.3.1 - https:\/\/yoast.com\/wordpress\/plugins\/seo\/ -->\n<title>Gu\u00eatres prot\u00e8ge-tendons XO2 BR - La Cabrade<\/title>\n<meta name=\"description\" content=\"Achetez Gu\u00eatres prot\u00e8ge-tendons XO2 BR au meilleur prix. Livraison rapide. Dans votre magasin d&#039;\u00e9quitation en ligne Sellerie La Cabrade\" \/>\n<meta name=\"robots\" content=\"index, follow, max-snippet:-1, max-image-preview:large, max-video-preview:-1\" \/>\n<link rel=\"canonical\" href=\"https:\/\/la-cabrade.be\/fr\/produit\/guetres-protege-tendons-xo2-br\/\" \/>\n<meta property=\"og:locale\" content=\"fr_FR\" \/>\n<meta property=\"og:type\" content=\"article\" \/>\n<meta property=\"og:title\" content=\"Gu\u00eatres prot\u00e8ge-tendons XO2 BR - La Cabrade\" \/>\n<meta property=\"og:description\" content=\"Achetez Gu\u00eatres prot\u00e8ge-tendons XO2 BR au meilleur prix. Livraison rapide. Dans votre magasin d&#039;\u00e9quitation en ligne Sellerie La Cabrade\" \/>\n<meta property=\"og:url\" content=\"https:\/\/la-cabrade.be\/fr\/produit\/guetres-protege-tendons-xo2-br\/\" \/>\n<meta property=\"og:site_name\" content=\"La Cabrade\" \/>\n<meta property=\"article:modified_time\" content=\"2025-12-10T02:31:44+00:00\" \/>\n<meta property=\"og:image\" content=\"https:\/\/la-cabrade.be\/wp-content\/uploads\/2024\/06\/Guetres-protege-tendons-XO2-BR_Guetres-rigides_20459_1.jpeg\" \/>\n\t<meta property=\"og:image:width\" content=\"1000\" \/>\n\t<meta property=\"og:image:height\" content=\"1000\" \/>\n\t<meta property=\"og:image:type\" content=\"image\/jpeg\" \/>\n<meta name=\"twitter:label1\" content=\"Dur\u00e9e de lecture est.\" \/>\n\t<meta name=\"twitter:data1\" content=\"3 minutes\" \/>\n<script type=\"application\/ld+json\" class=\"yoast-schema-graph\">{\"@context\":\"https:\/\/schema.org\",\"@graph\":[{\"@type\":\"WebPage\",\"@id\":\"https:\/\/la-cabrade.be\/produit\/guetres-protege-tendons-xo2-br\/\",\"url\":\"https:\/\/la-cabrade.be\/produit\/guetres-protege-tendons-xo2-br\/\",\"name\":\"Gu\u00eatres prot\u00e8ge-tendons XO2 BR - La Cabrade\",\"isPartOf\":{\"@id\":\"https:\/\/la-cabrade.be\/#website\"},\"primaryImageOfPage\":{\"@id\":\"https:\/\/la-cabrade.be\/produit\/guetres-protege-tendons-xo2-br\/#primaryimage\"},\"image\":{\"@id\":\"https:\/\/la-cabrade.be\/produit\/guetres-protege-tendons-xo2-br\/#primaryimage\"},\"thumbnailUrl\":\"https:\/\/la-cabrade.be\/wp-content\/uploads\/2024\/06\/Guetres-protege-tendons-XO2-BR_Guetres-rigides_20459_1.jpeg\",\"datePublished\":\"2024-06-05T13:38:31+00:00\",\"dateModified\":\"2025-12-10T02:31:44+00:00\",\"description\":\"Achetez Gu\u00eatres prot\u00e8ge-tendons XO2 BR au meilleur prix. Livraison rapide. Dans votre magasin d'\u00e9quitation en ligne Sellerie La Cabrade\",\"breadcrumb\":{\"@id\":\"https:\/\/la-cabrade.be\/produit\/guetres-protege-tendons-xo2-br\/#breadcrumb\"},\"inLanguage\":\"fr-BE\",\"potentialAction\":[{\"@type\":\"ReadAction\",\"target\":[\"https:\/\/la-cabrade.be\/produit\/guetres-protege-tendons-xo2-br\/\"]}]},{\"@type\":\"ImageObject\",\"inLanguage\":\"fr-BE\",\"@id\":\"https:\/\/la-cabrade.be\/produit\/guetres-protege-tendons-xo2-br\/#primaryimage\",\"url\":\"https:\/\/la-cabrade.be\/wp-content\/uploads\/2024\/06\/Guetres-protege-tendons-XO2-BR_Guetres-rigides_20459_1.jpeg\",\"contentUrl\":\"https:\/\/la-cabrade.be\/wp-content\/uploads\/2024\/06\/Guetres-protege-tendons-XO2-BR_Guetres-rigides_20459_1.jpeg\",\"width\":1000,\"height\":1000,\"caption\":\"Guetres protege tendons XO2 BR Guetres rigides 20459 1.jpeg\"},{\"@type\":\"BreadcrumbList\",\"@id\":\"https:\/\/la-cabrade.be\/produit\/guetres-protege-tendons-xo2-br\/#breadcrumb\",\"itemListElement\":[{\"@type\":\"ListItem\",\"position\":1,\"name\":\"Accueil\",\"item\":\"https:\/\/la-cabrade.be\/\"},{\"@type\":\"ListItem\",\"position\":2,\"name\":\"Boutique\",\"item\":\"https:\/\/la-cabrade.be\/fr\/boutique\/\"},{\"@type\":\"ListItem\",\"position\":3,\"name\":\"Gu\u00eatres prot\u00e8ge-tendons XO2 BR\"}]},{\"@type\":\"WebSite\",\"@id\":\"https:\/\/la-cabrade.be\/#website\",\"url\":\"https:\/\/la-cabrade.be\/\",\"name\":\"La Cabrade\",\"description\":\"Sellerie en ligne et magasin d\u2019\u00e9quitation \u00e0 Fl\u00e9ron, Li\u00e8ge\",\"publisher\":{\"@id\":\"https:\/\/la-cabrade.be\/#organization\"},\"potentialAction\":[{\"@type\":\"SearchAction\",\"target\":{\"@type\":\"EntryPoint\",\"urlTemplate\":\"https:\/\/la-cabrade.be\/?s={search_term_string}\"},\"query-input\":{\"@type\":\"PropertyValueSpecification\",\"valueRequired\":true,\"valueName\":\"search_term_string\"}}],\"inLanguage\":\"fr-BE\"},{\"@type\":\"Organization\",\"@id\":\"https:\/\/la-cabrade.be\/#organization\",\"name\":\"La Cabrade\",\"url\":\"https:\/\/la-cabrade.be\/\",\"logo\":{\"@type\":\"ImageObject\",\"inLanguage\":\"fr-BE\",\"@id\":\"https:\/\/la-cabrade.be\/#\/schema\/logo\/image\/\",\"url\":\"https:\/\/la-cabrade.be\/wp-content\/uploads\/2020\/04\/La-Cabrade_logo.svg\",\"contentUrl\":\"https:\/\/la-cabrade.be\/wp-content\/uploads\/2020\/04\/La-Cabrade_logo.svg\",\"width\":900,\"height\":320,\"caption\":\"La Cabrade\"},\"image\":{\"@id\":\"https:\/\/la-cabrade.be\/#\/schema\/logo\/image\/\"}}]}<\/script>\n<!-- \/ Yoast SEO plugin. -->","yoast_head_json":{"title":"Gu\u00eatres prot\u00e8ge-tendons XO2 BR - La Cabrade","description":"Achetez Gu\u00eatres prot\u00e8ge-tendons XO2 BR au meilleur prix. Livraison rapide. Dans votre magasin d'\u00e9quitation en ligne Sellerie La Cabrade","robots":{"index":"index","follow":"follow","max-snippet":"max-snippet:-1","max-image-preview":"max-image-preview:large","max-video-preview":"max-video-preview:-1"},"canonical":"https:\/\/la-cabrade.be\/fr\/produit\/guetres-protege-tendons-xo2-br\/","og_locale":"fr_FR","og_type":"article","og_title":"Gu\u00eatres prot\u00e8ge-tendons XO2 BR - La Cabrade","og_description":"Achetez Gu\u00eatres prot\u00e8ge-tendons XO2 BR au meilleur prix. Livraison rapide. Dans votre magasin d'\u00e9quitation en ligne Sellerie La Cabrade","og_url":"https:\/\/la-cabrade.be\/fr\/produit\/guetres-protege-tendons-xo2-br\/","og_site_name":"La Cabrade","article_modified_time":"2025-12-10T02:31:44+00:00","og_image":[{"width":1000,"height":1000,"url":"https:\/\/la-cabrade.be\/wp-content\/uploads\/2024\/06\/Guetres-protege-tendons-XO2-BR_Guetres-rigides_20459_1.jpeg","type":"image\/jpeg"}],"twitter_misc":{"Dur\u00e9e de lecture est.":"3 minutes"},"schema":{"@context":"https:\/\/schema.org","@graph":[{"@type":"WebPage","@id":"https:\/\/la-cabrade.be\/produit\/guetres-protege-tendons-xo2-br\/","url":"https:\/\/la-cabrade.be\/produit\/guetres-protege-tendons-xo2-br\/","name":"Gu\u00eatres prot\u00e8ge-tendons XO2 BR - La Cabrade","isPartOf":{"@id":"https:\/\/la-cabrade.be\/#website"},"primaryImageOfPage":{"@id":"https:\/\/la-cabrade.be\/produit\/guetres-protege-tendons-xo2-br\/#primaryimage"},"image":{"@id":"https:\/\/la-cabrade.be\/produit\/guetres-protege-tendons-xo2-br\/#primaryimage"},"thumbnailUrl":"https:\/\/la-cabrade.be\/wp-content\/uploads\/2024\/06\/Guetres-protege-tendons-XO2-BR_Guetres-rigides_20459_1.jpeg","datePublished":"2024-06-05T13:38:31+00:00","dateModified":"2025-12-10T02:31:44+00:00","description":"Achetez Gu\u00eatres prot\u00e8ge-tendons XO2 BR au meilleur prix. Livraison rapide. Dans votre magasin d'\u00e9quitation en ligne Sellerie La Cabrade","breadcrumb":{"@id":"https:\/\/la-cabrade.be\/produit\/guetres-protege-tendons-xo2-br\/#breadcrumb"},"inLanguage":"fr-BE","potentialAction":[{"@type":"ReadAction","target":["https:\/\/la-cabrade.be\/produit\/guetres-protege-tendons-xo2-br\/"]}]},{"@type":"ImageObject","inLanguage":"fr-BE","@id":"https:\/\/la-cabrade.be\/produit\/guetres-protege-tendons-xo2-br\/#primaryimage","url":"https:\/\/la-cabrade.be\/wp-content\/uploads\/2024\/06\/Guetres-protege-tendons-XO2-BR_Guetres-rigides_20459_1.jpeg","contentUrl":"https:\/\/la-cabrade.be\/wp-content\/uploads\/2024\/06\/Guetres-protege-tendons-XO2-BR_Guetres-rigides_20459_1.jpeg","width":1000,"height":1000,"caption":"Guetres protege tendons XO2 BR Guetres rigides 20459 1.jpeg"},{"@type":"BreadcrumbList","@id":"https:\/\/la-cabrade.be\/produit\/guetres-protege-tendons-xo2-br\/#breadcrumb","itemListElement":[{"@type":"ListItem","position":1,"name":"Accueil","item":"https:\/\/la-cabrade.be\/"},{"@type":"ListItem","position":2,"name":"Boutique","item":"https:\/\/la-cabrade.be\/fr\/boutique\/"},{"@type":"ListItem","position":3,"name":"Gu\u00eatres prot\u00e8ge-tendons XO2 BR"}]},{"@type":"WebSite","@id":"https:\/\/la-cabrade.be\/#website","url":"https:\/\/la-cabrade.be\/","name":"La Cabrade","description":"Sellerie en ligne et magasin d\u2019\u00e9quitation \u00e0 Fl\u00e9ron, Li\u00e8ge","publisher":{"@id":"https:\/\/la-cabrade.be\/#organization"},"potentialAction":[{"@type":"SearchAction","target":{"@type":"EntryPoint","urlTemplate":"https:\/\/la-cabrade.be\/?s={search_term_string}"},"query-input":{"@type":"PropertyValueSpecification","valueRequired":true,"valueName":"search_term_string"}}],"inLanguage":"fr-BE"},{"@type":"Organization","@id":"https:\/\/la-cabrade.be\/#organization","name":"La Cabrade","url":"https:\/\/la-cabrade.be\/","logo":{"@type":"ImageObject","inLanguage":"fr-BE","@id":"https:\/\/la-cabrade.be\/#\/schema\/logo\/image\/","url":"https:\/\/la-cabrade.be\/wp-content\/uploads\/2020\/04\/La-Cabrade_logo.svg","contentUrl":"https:\/\/la-cabrade.be\/wp-content\/uploads\/2020\/04\/La-Cabrade_logo.svg","width":900,"height":320,"caption":"La Cabrade"},"image":{"@id":"https:\/\/la-cabrade.be\/#\/schema\/logo\/image\/"}}]}},"brands":[{"id":575,"name":"Br","slug":"br"}],"_links":{"self":[{"href":"https:\/\/la-cabrade.be\/fr\/wp-json\/wp\/v2\/product\/46091","targetHints":{"allow":["GET"]}}],"collection":[{"href":"https:\/\/la-cabrade.be\/fr\/wp-json\/wp\/v2\/product"}],"about":[{"href":"https:\/\/la-cabrade.be\/fr\/wp-json\/wp\/v2\/types\/product"}],"wp:featuredmedia":[{"embeddable":true,"href":"https:\/\/la-cabrade.be\/fr\/wp-json\/wp\/v2\/media\/46084"}],"wp:attachment":[{"href":"https:\/\/la-cabrade.be\/fr\/wp-json\/wp\/v2\/media?parent=46091"}],"wp:term":[{"taxonomy":"pwb-brand","embeddable":true,"href":"https:\/\/la-cabrade.be\/fr\/wp-json\/wp\/v2\/pwb-brand?post=46091"},{"taxonomy":"product_brand","embeddable":true,"href":"https:\/\/la-cabrade.be\/fr\/wp-json\/wp\/v2\/product_brand?post=46091"},{"taxonomy":"product_cat","embeddable":true,"href":"https:\/\/la-cabrade.be\/fr\/wp-json\/wp\/v2\/product_cat?post=46091"},{"taxonomy":"product_tag","embeddable":true,"href":"https:\/\/la-cabrade.be\/fr\/wp-json\/wp\/v2\/product_tag?post=46091"},{"taxonomy":"giftcard-category","embeddable":true,"href":"https:\/\/la-cabrade.be\/fr\/wp-json\/wp\/v2\/giftcard-category?post=46091"}],"curies":[{"name":"wp","href":"https:\/\/api.w.org\/{rel}","templated":true}]}}