{"id":45985,"date":"2024-05-22T10:27:04","date_gmt":"2024-05-22T09:27:04","guid":{"rendered":"https:\/\/la-cabrade.be\/fr\/produit\/crampons-10-acier-w3-8-pointe-13-mm-16-mm-premiere\/"},"modified":"2026-03-24T16:03:13","modified_gmt":"2026-03-24T15:03:13","slug":"crampons-10-acier-w3-8-pointe-13-mm-16-mm-premiere","status":"publish","type":"product","link":"https:\/\/la-cabrade.be\/fr\/produit\/crampons-10-acier-w3-8-pointe-13-mm-16-mm-premiere\/","title":{"rendered":"Crampons (10) acier W3\/8 pointe 13 mm \/ 16 mm PREMIERE"},"content":{"rendered":"<p>Crampons t\u00eate pointue \u00e0 quatre c\u00f4t\u00e9s plats et munis d\u2019une pointe en acier extr\u00eamement dur et r\u00e9sistant \u00e0 l&rsquo;usure. Les crampons sont en acier galvanis\u00e9, qui prot\u00e8ge contre l&rsquo;oxydation. Ce mod\u00e8le est particuli\u00e8rement adapt\u00e9 pour une meilleure adh\u00e9rence sur sol dur. Cl\u00e9 de 10 mm. Filetage W3\/8, longueur du taraud 6 mm. Jeu de 10.<\/p>\n","protected":false},"excerpt":{"rendered":"<p>Crampons t\u00eate pointue \u00e0 quatre c\u00f4t\u00e9s plats et munis d\u2019une pointe en acier extr\u00eamement dur et r\u00e9sistant \u00e0 l&rsquo;usure. Les crampons sont en acier galvanis\u00e9, qui prot\u00e8ge contre l&rsquo;oxydation. Ce mod\u00e8le est particuli\u00e8rement adapt\u00e9 pour une meilleure adh\u00e9rence sur sol dur. Cl\u00e9 de 10 mm. Filetage W3\/8, longueur du taraud 6 mm. Jeu de 10.<\/p>\n","protected":false},"featured_media":45983,"template":"","meta":[],"pwb-brand":[634],"product_brand":[],"product_cat":[731],"product_tag":[],"giftcard-category":[],"class_list":{"0":"post-45985","1":"product","2":"type-product","3":"status-publish","4":"has-post-thumbnail","6":"pwb-brand-premiere","7":"product_cat-crampons-et-accessoires","9":"first","10":"instock","11":"taxable","12":"shipping-taxable","13":"purchasable","14":"product-type-simple"},"yoast_head":"<!-- This site is optimized with the Yoast SEO plugin v25.3.1 - https:\/\/yoast.com\/wordpress\/plugins\/seo\/ -->\n<title>Crampons (10) acier W3\/8 pointe 13 mm \/ 16 mm PREMIERE - La Cabrade<\/title>\n<meta name=\"description\" content=\"Achetez Crampons (10) acier W3\/8 pointe 13 mm \/ 16 mm PREMIERE au meilleur prix. Livraison rapide. Dans votre magasin d&#039;\u00e9quitation en ligne Sellerie La Cabrade\" \/>\n<meta name=\"robots\" content=\"index, follow, max-snippet:-1, max-image-preview:large, max-video-preview:-1\" \/>\n<link rel=\"canonical\" href=\"https:\/\/la-cabrade.be\/fr\/produit\/crampons-10-acier-w3-8-pointe-13-mm-16-mm-premiere\/\" \/>\n<meta property=\"og:locale\" content=\"fr_FR\" \/>\n<meta property=\"og:type\" content=\"article\" \/>\n<meta property=\"og:title\" content=\"Crampons (10) acier W3\/8 pointe 13 mm \/ 16 mm PREMIERE - La Cabrade\" \/>\n<meta property=\"og:description\" content=\"Achetez Crampons (10) acier W3\/8 pointe 13 mm \/ 16 mm PREMIERE au meilleur prix. Livraison rapide. Dans votre magasin d&#039;\u00e9quitation en ligne Sellerie La Cabrade\" \/>\n<meta property=\"og:url\" content=\"https:\/\/la-cabrade.be\/fr\/produit\/crampons-10-acier-w3-8-pointe-13-mm-16-mm-premiere\/\" \/>\n<meta property=\"og:site_name\" content=\"La Cabrade\" \/>\n<meta property=\"article:modified_time\" content=\"2026-03-24T15:03:13+00:00\" \/>\n<meta property=\"og:image\" content=\"https:\/\/la-cabrade.be\/wp-content\/uploads\/2024\/05\/Crampons-10-acier-W38-pointe-13-mm-16-mm-PREMIERE_Crampons-et-accessoires_20218_1.jpeg\" \/>\n\t<meta property=\"og:image:width\" content=\"1000\" \/>\n\t<meta property=\"og:image:height\" content=\"1000\" \/>\n\t<meta property=\"og:image:type\" content=\"image\/jpeg\" \/>\n<script type=\"application\/ld+json\" class=\"yoast-schema-graph\">{\"@context\":\"https:\/\/schema.org\",\"@graph\":[{\"@type\":\"WebPage\",\"@id\":\"https:\/\/la-cabrade.be\/produit\/crampons-10-acier-w3-8-pointe-13-mm-16-mm-premiere\/\",\"url\":\"https:\/\/la-cabrade.be\/produit\/crampons-10-acier-w3-8-pointe-13-mm-16-mm-premiere\/\",\"name\":\"Crampons (10) acier W3\/8 pointe 13 mm \/ 16 mm PREMIERE - La Cabrade\",\"isPartOf\":{\"@id\":\"https:\/\/la-cabrade.be\/#website\"},\"primaryImageOfPage\":{\"@id\":\"https:\/\/la-cabrade.be\/produit\/crampons-10-acier-w3-8-pointe-13-mm-16-mm-premiere\/#primaryimage\"},\"image\":{\"@id\":\"https:\/\/la-cabrade.be\/produit\/crampons-10-acier-w3-8-pointe-13-mm-16-mm-premiere\/#primaryimage\"},\"thumbnailUrl\":\"https:\/\/la-cabrade.be\/wp-content\/uploads\/2024\/05\/Crampons-10-acier-W38-pointe-13-mm-16-mm-PREMIERE_Crampons-et-accessoires_20218_1.jpeg\",\"datePublished\":\"2024-05-22T09:27:04+00:00\",\"dateModified\":\"2026-03-24T15:03:13+00:00\",\"description\":\"Achetez Crampons (10) acier W3\/8 pointe 13 mm \/ 16 mm PREMIERE au meilleur prix. Livraison rapide. Dans votre magasin d'\u00e9quitation en ligne Sellerie La Cabrade\",\"breadcrumb\":{\"@id\":\"https:\/\/la-cabrade.be\/produit\/crampons-10-acier-w3-8-pointe-13-mm-16-mm-premiere\/#breadcrumb\"},\"inLanguage\":\"fr-BE\",\"potentialAction\":[{\"@type\":\"ReadAction\",\"target\":[\"https:\/\/la-cabrade.be\/produit\/crampons-10-acier-w3-8-pointe-13-mm-16-mm-premiere\/\"]}]},{\"@type\":\"ImageObject\",\"inLanguage\":\"fr-BE\",\"@id\":\"https:\/\/la-cabrade.be\/produit\/crampons-10-acier-w3-8-pointe-13-mm-16-mm-premiere\/#primaryimage\",\"url\":\"https:\/\/la-cabrade.be\/wp-content\/uploads\/2024\/05\/Crampons-10-acier-W38-pointe-13-mm-16-mm-PREMIERE_Crampons-et-accessoires_20218_1.jpeg\",\"contentUrl\":\"https:\/\/la-cabrade.be\/wp-content\/uploads\/2024\/05\/Crampons-10-acier-W38-pointe-13-mm-16-mm-PREMIERE_Crampons-et-accessoires_20218_1.jpeg\",\"width\":1000,\"height\":1000,\"caption\":\"Crampons 10 acier W38 pointe 13 mm 16 mm PREMIERE Crampons et accessoires 20218 1.jpeg\"},{\"@type\":\"BreadcrumbList\",\"@id\":\"https:\/\/la-cabrade.be\/produit\/crampons-10-acier-w3-8-pointe-13-mm-16-mm-premiere\/#breadcrumb\",\"itemListElement\":[{\"@type\":\"ListItem\",\"position\":1,\"name\":\"Accueil\",\"item\":\"https:\/\/la-cabrade.be\/\"},{\"@type\":\"ListItem\",\"position\":2,\"name\":\"Boutique\",\"item\":\"https:\/\/la-cabrade.be\/fr\/boutique\/\"},{\"@type\":\"ListItem\",\"position\":3,\"name\":\"Crampons (10) acier W3\/8 pointe 13 mm \/ 16 mm PREMIERE\"}]},{\"@type\":\"WebSite\",\"@id\":\"https:\/\/la-cabrade.be\/#website\",\"url\":\"https:\/\/la-cabrade.be\/\",\"name\":\"La Cabrade\",\"description\":\"Sellerie en ligne et magasin d\u2019\u00e9quitation \u00e0 Fl\u00e9ron, Li\u00e8ge\",\"publisher\":{\"@id\":\"https:\/\/la-cabrade.be\/#organization\"},\"potentialAction\":[{\"@type\":\"SearchAction\",\"target\":{\"@type\":\"EntryPoint\",\"urlTemplate\":\"https:\/\/la-cabrade.be\/?s={search_term_string}\"},\"query-input\":{\"@type\":\"PropertyValueSpecification\",\"valueRequired\":true,\"valueName\":\"search_term_string\"}}],\"inLanguage\":\"fr-BE\"},{\"@type\":\"Organization\",\"@id\":\"https:\/\/la-cabrade.be\/#organization\",\"name\":\"La Cabrade\",\"url\":\"https:\/\/la-cabrade.be\/\",\"logo\":{\"@type\":\"ImageObject\",\"inLanguage\":\"fr-BE\",\"@id\":\"https:\/\/la-cabrade.be\/#\/schema\/logo\/image\/\",\"url\":\"https:\/\/la-cabrade.be\/wp-content\/uploads\/2020\/04\/La-Cabrade_logo.svg\",\"contentUrl\":\"https:\/\/la-cabrade.be\/wp-content\/uploads\/2020\/04\/La-Cabrade_logo.svg\",\"width\":900,\"height\":320,\"caption\":\"La Cabrade\"},\"image\":{\"@id\":\"https:\/\/la-cabrade.be\/#\/schema\/logo\/image\/\"}}]}<\/script>\n<!-- \/ Yoast SEO plugin. -->","yoast_head_json":{"title":"Crampons (10) acier W3\/8 pointe 13 mm \/ 16 mm PREMIERE - La Cabrade","description":"Achetez Crampons (10) acier W3\/8 pointe 13 mm \/ 16 mm PREMIERE au meilleur prix. Livraison rapide. Dans votre magasin d'\u00e9quitation en ligne Sellerie La Cabrade","robots":{"index":"index","follow":"follow","max-snippet":"max-snippet:-1","max-image-preview":"max-image-preview:large","max-video-preview":"max-video-preview:-1"},"canonical":"https:\/\/la-cabrade.be\/fr\/produit\/crampons-10-acier-w3-8-pointe-13-mm-16-mm-premiere\/","og_locale":"fr_FR","og_type":"article","og_title":"Crampons (10) acier W3\/8 pointe 13 mm \/ 16 mm PREMIERE - La Cabrade","og_description":"Achetez Crampons (10) acier W3\/8 pointe 13 mm \/ 16 mm PREMIERE au meilleur prix. Livraison rapide. Dans votre magasin d'\u00e9quitation en ligne Sellerie La Cabrade","og_url":"https:\/\/la-cabrade.be\/fr\/produit\/crampons-10-acier-w3-8-pointe-13-mm-16-mm-premiere\/","og_site_name":"La Cabrade","article_modified_time":"2026-03-24T15:03:13+00:00","og_image":[{"width":1000,"height":1000,"url":"https:\/\/la-cabrade.be\/wp-content\/uploads\/2024\/05\/Crampons-10-acier-W38-pointe-13-mm-16-mm-PREMIERE_Crampons-et-accessoires_20218_1.jpeg","type":"image\/jpeg"}],"schema":{"@context":"https:\/\/schema.org","@graph":[{"@type":"WebPage","@id":"https:\/\/la-cabrade.be\/produit\/crampons-10-acier-w3-8-pointe-13-mm-16-mm-premiere\/","url":"https:\/\/la-cabrade.be\/produit\/crampons-10-acier-w3-8-pointe-13-mm-16-mm-premiere\/","name":"Crampons (10) acier W3\/8 pointe 13 mm \/ 16 mm PREMIERE - La Cabrade","isPartOf":{"@id":"https:\/\/la-cabrade.be\/#website"},"primaryImageOfPage":{"@id":"https:\/\/la-cabrade.be\/produit\/crampons-10-acier-w3-8-pointe-13-mm-16-mm-premiere\/#primaryimage"},"image":{"@id":"https:\/\/la-cabrade.be\/produit\/crampons-10-acier-w3-8-pointe-13-mm-16-mm-premiere\/#primaryimage"},"thumbnailUrl":"https:\/\/la-cabrade.be\/wp-content\/uploads\/2024\/05\/Crampons-10-acier-W38-pointe-13-mm-16-mm-PREMIERE_Crampons-et-accessoires_20218_1.jpeg","datePublished":"2024-05-22T09:27:04+00:00","dateModified":"2026-03-24T15:03:13+00:00","description":"Achetez Crampons (10) acier W3\/8 pointe 13 mm \/ 16 mm PREMIERE au meilleur prix. Livraison rapide. Dans votre magasin d'\u00e9quitation en ligne Sellerie La Cabrade","breadcrumb":{"@id":"https:\/\/la-cabrade.be\/produit\/crampons-10-acier-w3-8-pointe-13-mm-16-mm-premiere\/#breadcrumb"},"inLanguage":"fr-BE","potentialAction":[{"@type":"ReadAction","target":["https:\/\/la-cabrade.be\/produit\/crampons-10-acier-w3-8-pointe-13-mm-16-mm-premiere\/"]}]},{"@type":"ImageObject","inLanguage":"fr-BE","@id":"https:\/\/la-cabrade.be\/produit\/crampons-10-acier-w3-8-pointe-13-mm-16-mm-premiere\/#primaryimage","url":"https:\/\/la-cabrade.be\/wp-content\/uploads\/2024\/05\/Crampons-10-acier-W38-pointe-13-mm-16-mm-PREMIERE_Crampons-et-accessoires_20218_1.jpeg","contentUrl":"https:\/\/la-cabrade.be\/wp-content\/uploads\/2024\/05\/Crampons-10-acier-W38-pointe-13-mm-16-mm-PREMIERE_Crampons-et-accessoires_20218_1.jpeg","width":1000,"height":1000,"caption":"Crampons 10 acier W38 pointe 13 mm 16 mm PREMIERE Crampons et accessoires 20218 1.jpeg"},{"@type":"BreadcrumbList","@id":"https:\/\/la-cabrade.be\/produit\/crampons-10-acier-w3-8-pointe-13-mm-16-mm-premiere\/#breadcrumb","itemListElement":[{"@type":"ListItem","position":1,"name":"Accueil","item":"https:\/\/la-cabrade.be\/"},{"@type":"ListItem","position":2,"name":"Boutique","item":"https:\/\/la-cabrade.be\/fr\/boutique\/"},{"@type":"ListItem","position":3,"name":"Crampons (10) acier W3\/8 pointe 13 mm \/ 16 mm PREMIERE"}]},{"@type":"WebSite","@id":"https:\/\/la-cabrade.be\/#website","url":"https:\/\/la-cabrade.be\/","name":"La Cabrade","description":"Sellerie en ligne et magasin d\u2019\u00e9quitation \u00e0 Fl\u00e9ron, Li\u00e8ge","publisher":{"@id":"https:\/\/la-cabrade.be\/#organization"},"potentialAction":[{"@type":"SearchAction","target":{"@type":"EntryPoint","urlTemplate":"https:\/\/la-cabrade.be\/?s={search_term_string}"},"query-input":{"@type":"PropertyValueSpecification","valueRequired":true,"valueName":"search_term_string"}}],"inLanguage":"fr-BE"},{"@type":"Organization","@id":"https:\/\/la-cabrade.be\/#organization","name":"La Cabrade","url":"https:\/\/la-cabrade.be\/","logo":{"@type":"ImageObject","inLanguage":"fr-BE","@id":"https:\/\/la-cabrade.be\/#\/schema\/logo\/image\/","url":"https:\/\/la-cabrade.be\/wp-content\/uploads\/2020\/04\/La-Cabrade_logo.svg","contentUrl":"https:\/\/la-cabrade.be\/wp-content\/uploads\/2020\/04\/La-Cabrade_logo.svg","width":900,"height":320,"caption":"La Cabrade"},"image":{"@id":"https:\/\/la-cabrade.be\/#\/schema\/logo\/image\/"}}]}},"brands":[{"id":634,"name":"Premi\u00e8re","slug":"premiere"}],"_links":{"self":[{"href":"https:\/\/la-cabrade.be\/fr\/wp-json\/wp\/v2\/product\/45985","targetHints":{"allow":["GET"]}}],"collection":[{"href":"https:\/\/la-cabrade.be\/fr\/wp-json\/wp\/v2\/product"}],"about":[{"href":"https:\/\/la-cabrade.be\/fr\/wp-json\/wp\/v2\/types\/product"}],"wp:featuredmedia":[{"embeddable":true,"href":"https:\/\/la-cabrade.be\/fr\/wp-json\/wp\/v2\/media\/45983"}],"wp:attachment":[{"href":"https:\/\/la-cabrade.be\/fr\/wp-json\/wp\/v2\/media?parent=45985"}],"wp:term":[{"taxonomy":"pwb-brand","embeddable":true,"href":"https:\/\/la-cabrade.be\/fr\/wp-json\/wp\/v2\/pwb-brand?post=45985"},{"taxonomy":"product_brand","embeddable":true,"href":"https:\/\/la-cabrade.be\/fr\/wp-json\/wp\/v2\/product_brand?post=45985"},{"taxonomy":"product_cat","embeddable":true,"href":"https:\/\/la-cabrade.be\/fr\/wp-json\/wp\/v2\/product_cat?post=45985"},{"taxonomy":"product_tag","embeddable":true,"href":"https:\/\/la-cabrade.be\/fr\/wp-json\/wp\/v2\/product_tag?post=45985"},{"taxonomy":"giftcard-category","embeddable":true,"href":"https:\/\/la-cabrade.be\/fr\/wp-json\/wp\/v2\/giftcard-category?post=45985"}],"curies":[{"name":"wp","href":"https:\/\/api.w.org\/{rel}","templated":true}]}}