{"id":4519,"date":"2023-08-01T18:45:45","date_gmt":"2023-08-01T17:45:45","guid":{"rendered":"https:\/\/la-cabrade.be\/fr\/produit\/casque-kooki-lady-matt-kask\/"},"modified":"2026-03-24T11:49:17","modified_gmt":"2026-03-24T10:49:17","slug":"casque-kooki-lady-matt-kask","status":"publish","type":"product","link":"https:\/\/la-cabrade.be\/fr\/produit\/casque-kooki-lady-matt-kask\/","title":{"rendered":"Casque kooki lady matt kask"},"content":{"rendered":"<p>Le glamour au quotidien rencontre le confort et la s\u00e9curit\u00e9. Kooki Lady vous prot\u00e8ge du soleil chaque fois que vous roulez. Portez-le lorsque vous allez \u00e0 cheval, lorsque vous prenez un cours ou lorsque vous vous produisez dans une comp\u00e9tition. Votre t\u00eate sera prot\u00e9g\u00e9e \u00e0 chaque fois que vous serez en selle ! Le Kooki Lady est compos\u00e9 de 2 coques, la inf\u00e9rieure en EPS et PC thermoform\u00e9 et la sup\u00e9rieure en ABS, avec syst\u00e8me d&rsquo;injection. Le rembourrage int\u00e9rieur, en tissu hydrophile, est respirant et antibact\u00e9rien et est d\u00e9j\u00e0 \u00e9quip\u00e9 d&rsquo;un syst\u00e8me d&rsquo;ajustement int\u00e9gr\u00e9. La ventilation avant et arri\u00e8re est assur\u00e9e, ce qui garantit un s\u00e9chage rapide. Le confort est garanti !<\/p>\n<p>Ce casque r\u00e9pond aux plus hautes normes de s\u00e9curit\u00e9 en vigueur : CE VG1<\/p>\n<p>Coloris : noir ou marine<\/p>\n<p>Pour vous assurer un ajustement irr\u00e9prochable, 3 tailles de coque sont disponibles:<br \/>\n* S du 53 au 56<br \/>\n* M du 57 au 59<br \/>\n* L du 60 au 63<br \/>\nLa taille correspond \u00e0 votre tour de t\u00eate.<\/p>\n<p>Merci d&rsquo;indiquer la taille de liner souhait\u00e9e en commentaire lors de votre commande !<br \/>\n(Liner inclus dans le prix du casque).<\/p>\n","protected":false},"excerpt":{"rendered":"<p>Le glamour au quotidien rencontre le confort et la s\u00e9curit\u00e9. Kooki Lady vous prot\u00e8ge du soleil chaque fois que vous roulez. Portez-le lorsque vous allez \u00e0 cheval, lorsque vous prenez un cours ou lorsque vous vous produisez dans une comp\u00e9tition. Votre t\u00eate sera prot\u00e9g\u00e9e \u00e0 chaque fois que vous serez en selle ! Le Kooki [&hellip;]<\/p>\n","protected":false},"featured_media":42386,"template":"","meta":[],"pwb-brand":[612],"product_brand":[],"product_cat":[1166],"product_tag":[],"giftcard-category":[],"class_list":{"0":"post-4519","1":"product","2":"type-product","3":"status-publish","4":"has-post-thumbnail","6":"pwb-brand-kask","7":"product_cat-casques-et-bombes","9":"first","10":"outofstock","11":"taxable","12":"shipping-taxable","13":"purchasable","14":"product-type-variable","15":"has-default-attributes"},"yoast_head":"<!-- This site is optimized with the Yoast SEO plugin v25.3.1 - https:\/\/yoast.com\/wordpress\/plugins\/seo\/ -->\n<title>Casque kooki lady matt kask - La Cabrade<\/title>\n<meta name=\"description\" content=\"Achetez Casque kooki lady matt kask au meilleur prix. Livraison rapide. Dans votre magasin d&#039;\u00e9quitation en ligne Sellerie La Cabrade\" \/>\n<meta name=\"robots\" content=\"index, follow, max-snippet:-1, max-image-preview:large, max-video-preview:-1\" \/>\n<link rel=\"canonical\" href=\"https:\/\/la-cabrade.be\/fr\/produit\/casque-kooki-lady-matt-kask\/\" \/>\n<meta property=\"og:locale\" content=\"fr_FR\" \/>\n<meta property=\"og:type\" content=\"article\" \/>\n<meta property=\"og:title\" content=\"Casque kooki lady matt kask - La Cabrade\" \/>\n<meta property=\"og:description\" content=\"Achetez Casque kooki lady matt kask au meilleur prix. Livraison rapide. Dans votre magasin d&#039;\u00e9quitation en ligne Sellerie La Cabrade\" \/>\n<meta property=\"og:url\" content=\"https:\/\/la-cabrade.be\/fr\/produit\/casque-kooki-lady-matt-kask\/\" \/>\n<meta property=\"og:site_name\" content=\"La Cabrade\" \/>\n<meta property=\"article:modified_time\" content=\"2026-03-24T10:49:17+00:00\" \/>\n<meta property=\"og:image\" content=\"https:\/\/la-cabrade.be\/wp-content\/uploads\/2024\/02\/CASQUE-KOOKI-LADY-MATT-KASK_Casques-et-bombes_16441_1.jpeg\" \/>\n\t<meta property=\"og:image:width\" content=\"1000\" \/>\n\t<meta property=\"og:image:height\" content=\"1000\" \/>\n\t<meta property=\"og:image:type\" content=\"image\/jpeg\" \/>\n<meta name=\"twitter:label1\" content=\"Dur\u00e9e de lecture est.\" \/>\n\t<meta name=\"twitter:data1\" content=\"1 minute\" \/>\n<script type=\"application\/ld+json\" class=\"yoast-schema-graph\">{\"@context\":\"https:\/\/schema.org\",\"@graph\":[{\"@type\":\"WebPage\",\"@id\":\"https:\/\/la-cabrade.be\/produit\/casque-kooki-lady-matt-kask\/\",\"url\":\"https:\/\/la-cabrade.be\/produit\/casque-kooki-lady-matt-kask\/\",\"name\":\"Casque kooki lady matt kask - La Cabrade\",\"isPartOf\":{\"@id\":\"https:\/\/la-cabrade.be\/#website\"},\"primaryImageOfPage\":{\"@id\":\"https:\/\/la-cabrade.be\/produit\/casque-kooki-lady-matt-kask\/#primaryimage\"},\"image\":{\"@id\":\"https:\/\/la-cabrade.be\/produit\/casque-kooki-lady-matt-kask\/#primaryimage\"},\"thumbnailUrl\":\"https:\/\/la-cabrade.be\/wp-content\/uploads\/2024\/02\/CASQUE-KOOKI-LADY-MATT-KASK_Casques-et-bombes_16441_1.jpeg\",\"datePublished\":\"2023-08-01T17:45:45+00:00\",\"dateModified\":\"2026-03-24T10:49:17+00:00\",\"description\":\"Achetez Casque kooki lady matt kask au meilleur prix. Livraison rapide. Dans votre magasin d'\u00e9quitation en ligne Sellerie La Cabrade\",\"breadcrumb\":{\"@id\":\"https:\/\/la-cabrade.be\/produit\/casque-kooki-lady-matt-kask\/#breadcrumb\"},\"inLanguage\":\"fr-BE\",\"potentialAction\":[{\"@type\":\"ReadAction\",\"target\":[\"https:\/\/la-cabrade.be\/produit\/casque-kooki-lady-matt-kask\/\"]}]},{\"@type\":\"ImageObject\",\"inLanguage\":\"fr-BE\",\"@id\":\"https:\/\/la-cabrade.be\/produit\/casque-kooki-lady-matt-kask\/#primaryimage\",\"url\":\"https:\/\/la-cabrade.be\/wp-content\/uploads\/2024\/02\/CASQUE-KOOKI-LADY-MATT-KASK_Casques-et-bombes_16441_1.jpeg\",\"contentUrl\":\"https:\/\/la-cabrade.be\/wp-content\/uploads\/2024\/02\/CASQUE-KOOKI-LADY-MATT-KASK_Casques-et-bombes_16441_1.jpeg\",\"width\":1000,\"height\":1000,\"caption\":\"CASQUE KOOKI LADY MATT KASK Casques et bombes 16441 1.jpeg\"},{\"@type\":\"BreadcrumbList\",\"@id\":\"https:\/\/la-cabrade.be\/produit\/casque-kooki-lady-matt-kask\/#breadcrumb\",\"itemListElement\":[{\"@type\":\"ListItem\",\"position\":1,\"name\":\"Accueil\",\"item\":\"https:\/\/la-cabrade.be\/\"},{\"@type\":\"ListItem\",\"position\":2,\"name\":\"Boutique\",\"item\":\"https:\/\/la-cabrade.be\/fr\/boutique\/\"},{\"@type\":\"ListItem\",\"position\":3,\"name\":\"Casque kooki lady matt kask\"}]},{\"@type\":\"WebSite\",\"@id\":\"https:\/\/la-cabrade.be\/#website\",\"url\":\"https:\/\/la-cabrade.be\/\",\"name\":\"La Cabrade\",\"description\":\"Sellerie en ligne et magasin d\u2019\u00e9quitation \u00e0 Fl\u00e9ron, Li\u00e8ge\",\"publisher\":{\"@id\":\"https:\/\/la-cabrade.be\/#organization\"},\"potentialAction\":[{\"@type\":\"SearchAction\",\"target\":{\"@type\":\"EntryPoint\",\"urlTemplate\":\"https:\/\/la-cabrade.be\/?s={search_term_string}\"},\"query-input\":{\"@type\":\"PropertyValueSpecification\",\"valueRequired\":true,\"valueName\":\"search_term_string\"}}],\"inLanguage\":\"fr-BE\"},{\"@type\":\"Organization\",\"@id\":\"https:\/\/la-cabrade.be\/#organization\",\"name\":\"La Cabrade\",\"url\":\"https:\/\/la-cabrade.be\/\",\"logo\":{\"@type\":\"ImageObject\",\"inLanguage\":\"fr-BE\",\"@id\":\"https:\/\/la-cabrade.be\/#\/schema\/logo\/image\/\",\"url\":\"https:\/\/la-cabrade.be\/wp-content\/uploads\/2020\/04\/La-Cabrade_logo.svg\",\"contentUrl\":\"https:\/\/la-cabrade.be\/wp-content\/uploads\/2020\/04\/La-Cabrade_logo.svg\",\"width\":900,\"height\":320,\"caption\":\"La Cabrade\"},\"image\":{\"@id\":\"https:\/\/la-cabrade.be\/#\/schema\/logo\/image\/\"}}]}<\/script>\n<!-- \/ Yoast SEO plugin. -->","yoast_head_json":{"title":"Casque kooki lady matt kask - La Cabrade","description":"Achetez Casque kooki lady matt kask au meilleur prix. Livraison rapide. Dans votre magasin d'\u00e9quitation en ligne Sellerie La Cabrade","robots":{"index":"index","follow":"follow","max-snippet":"max-snippet:-1","max-image-preview":"max-image-preview:large","max-video-preview":"max-video-preview:-1"},"canonical":"https:\/\/la-cabrade.be\/fr\/produit\/casque-kooki-lady-matt-kask\/","og_locale":"fr_FR","og_type":"article","og_title":"Casque kooki lady matt kask - La Cabrade","og_description":"Achetez Casque kooki lady matt kask au meilleur prix. Livraison rapide. Dans votre magasin d'\u00e9quitation en ligne Sellerie La Cabrade","og_url":"https:\/\/la-cabrade.be\/fr\/produit\/casque-kooki-lady-matt-kask\/","og_site_name":"La Cabrade","article_modified_time":"2026-03-24T10:49:17+00:00","og_image":[{"width":1000,"height":1000,"url":"https:\/\/la-cabrade.be\/wp-content\/uploads\/2024\/02\/CASQUE-KOOKI-LADY-MATT-KASK_Casques-et-bombes_16441_1.jpeg","type":"image\/jpeg"}],"twitter_misc":{"Dur\u00e9e de lecture est.":"1 minute"},"schema":{"@context":"https:\/\/schema.org","@graph":[{"@type":"WebPage","@id":"https:\/\/la-cabrade.be\/produit\/casque-kooki-lady-matt-kask\/","url":"https:\/\/la-cabrade.be\/produit\/casque-kooki-lady-matt-kask\/","name":"Casque kooki lady matt kask - La Cabrade","isPartOf":{"@id":"https:\/\/la-cabrade.be\/#website"},"primaryImageOfPage":{"@id":"https:\/\/la-cabrade.be\/produit\/casque-kooki-lady-matt-kask\/#primaryimage"},"image":{"@id":"https:\/\/la-cabrade.be\/produit\/casque-kooki-lady-matt-kask\/#primaryimage"},"thumbnailUrl":"https:\/\/la-cabrade.be\/wp-content\/uploads\/2024\/02\/CASQUE-KOOKI-LADY-MATT-KASK_Casques-et-bombes_16441_1.jpeg","datePublished":"2023-08-01T17:45:45+00:00","dateModified":"2026-03-24T10:49:17+00:00","description":"Achetez Casque kooki lady matt kask au meilleur prix. Livraison rapide. Dans votre magasin d'\u00e9quitation en ligne Sellerie La Cabrade","breadcrumb":{"@id":"https:\/\/la-cabrade.be\/produit\/casque-kooki-lady-matt-kask\/#breadcrumb"},"inLanguage":"fr-BE","potentialAction":[{"@type":"ReadAction","target":["https:\/\/la-cabrade.be\/produit\/casque-kooki-lady-matt-kask\/"]}]},{"@type":"ImageObject","inLanguage":"fr-BE","@id":"https:\/\/la-cabrade.be\/produit\/casque-kooki-lady-matt-kask\/#primaryimage","url":"https:\/\/la-cabrade.be\/wp-content\/uploads\/2024\/02\/CASQUE-KOOKI-LADY-MATT-KASK_Casques-et-bombes_16441_1.jpeg","contentUrl":"https:\/\/la-cabrade.be\/wp-content\/uploads\/2024\/02\/CASQUE-KOOKI-LADY-MATT-KASK_Casques-et-bombes_16441_1.jpeg","width":1000,"height":1000,"caption":"CASQUE KOOKI LADY MATT KASK Casques et bombes 16441 1.jpeg"},{"@type":"BreadcrumbList","@id":"https:\/\/la-cabrade.be\/produit\/casque-kooki-lady-matt-kask\/#breadcrumb","itemListElement":[{"@type":"ListItem","position":1,"name":"Accueil","item":"https:\/\/la-cabrade.be\/"},{"@type":"ListItem","position":2,"name":"Boutique","item":"https:\/\/la-cabrade.be\/fr\/boutique\/"},{"@type":"ListItem","position":3,"name":"Casque kooki lady matt kask"}]},{"@type":"WebSite","@id":"https:\/\/la-cabrade.be\/#website","url":"https:\/\/la-cabrade.be\/","name":"La Cabrade","description":"Sellerie en ligne et magasin d\u2019\u00e9quitation \u00e0 Fl\u00e9ron, Li\u00e8ge","publisher":{"@id":"https:\/\/la-cabrade.be\/#organization"},"potentialAction":[{"@type":"SearchAction","target":{"@type":"EntryPoint","urlTemplate":"https:\/\/la-cabrade.be\/?s={search_term_string}"},"query-input":{"@type":"PropertyValueSpecification","valueRequired":true,"valueName":"search_term_string"}}],"inLanguage":"fr-BE"},{"@type":"Organization","@id":"https:\/\/la-cabrade.be\/#organization","name":"La Cabrade","url":"https:\/\/la-cabrade.be\/","logo":{"@type":"ImageObject","inLanguage":"fr-BE","@id":"https:\/\/la-cabrade.be\/#\/schema\/logo\/image\/","url":"https:\/\/la-cabrade.be\/wp-content\/uploads\/2020\/04\/La-Cabrade_logo.svg","contentUrl":"https:\/\/la-cabrade.be\/wp-content\/uploads\/2020\/04\/La-Cabrade_logo.svg","width":900,"height":320,"caption":"La Cabrade"},"image":{"@id":"https:\/\/la-cabrade.be\/#\/schema\/logo\/image\/"}}]}},"brands":[{"id":612,"name":"Kask","slug":"kask"}],"_links":{"self":[{"href":"https:\/\/la-cabrade.be\/fr\/wp-json\/wp\/v2\/product\/4519","targetHints":{"allow":["GET"]}}],"collection":[{"href":"https:\/\/la-cabrade.be\/fr\/wp-json\/wp\/v2\/product"}],"about":[{"href":"https:\/\/la-cabrade.be\/fr\/wp-json\/wp\/v2\/types\/product"}],"wp:featuredmedia":[{"embeddable":true,"href":"https:\/\/la-cabrade.be\/fr\/wp-json\/wp\/v2\/media\/42386"}],"wp:attachment":[{"href":"https:\/\/la-cabrade.be\/fr\/wp-json\/wp\/v2\/media?parent=4519"}],"wp:term":[{"taxonomy":"pwb-brand","embeddable":true,"href":"https:\/\/la-cabrade.be\/fr\/wp-json\/wp\/v2\/pwb-brand?post=4519"},{"taxonomy":"product_brand","embeddable":true,"href":"https:\/\/la-cabrade.be\/fr\/wp-json\/wp\/v2\/product_brand?post=4519"},{"taxonomy":"product_cat","embeddable":true,"href":"https:\/\/la-cabrade.be\/fr\/wp-json\/wp\/v2\/product_cat?post=4519"},{"taxonomy":"product_tag","embeddable":true,"href":"https:\/\/la-cabrade.be\/fr\/wp-json\/wp\/v2\/product_tag?post=4519"},{"taxonomy":"giftcard-category","embeddable":true,"href":"https:\/\/la-cabrade.be\/fr\/wp-json\/wp\/v2\/giftcard-category?post=4519"}],"curies":[{"name":"wp","href":"https:\/\/api.w.org\/{rel}","templated":true}]}}