{"id":4507,"date":"2023-08-01T18:45:27","date_gmt":"2023-08-01T17:45:27","guid":{"rendered":"https:\/\/la-cabrade.be\/fr\/produit\/casque-br-volta-microfibre\/"},"modified":"2025-12-18T23:18:56","modified_gmt":"2025-12-18T22:18:56","slug":"casque-br-volta-microfibre","status":"publish","type":"product","link":"https:\/\/la-cabrade.be\/fr\/produit\/casque-br-volta-microfibre\/","title":{"rendered":"Casque br volta microfibre"},"content":{"rendered":"<p>Le casque d&rsquo;\u00e9quitation BR Volta Microfibre est dot\u00e9 d&rsquo;une coque l\u00e9g\u00e8re en ABS solide rev\u00eatue de microfibre. Le dessus est agr\u00e9ment\u00e9 de paillettes pour un look raffin\u00e9 et il entour\u00e9 d\u2019un pourtour \u00e9l\u00e9gant argent\u00e9 avec une s\u00e9paration au milieu. Ce pourtour argent\u00e9 est pourvu de plusieurs orifices de ventilation qui en combinaison avec la doublure int\u00e9rieure assurent une ventilation et une r\u00e9gulation de l&rsquo;humidit\u00e9 optimales. L\u2019int\u00e9rieur en Coolmax\u00ae et mesh est rafra\u00eechissant et s\u00e8che rapidement. La doublure est compl\u00e8tement amovible et lavable en machine \u00e0 40\u00b0C. Harnais r\u00e9glable en cuir synth\u00e9tique avec fermoir rapide et mentonni\u00e8re en mat\u00e9riau Cooldry. La taille du casque est ajustable gr\u00e2ce \u00e0 une molette de r\u00e9glage \u00e0 l\u2019arri\u00e8re, on peut ainsi obtenir un ajustement parfait. Conforme \u00e0 la norme de s\u00e9curit\u00e9 CE VG1 01.040 2014-12.<br \/>\nXS = 49\/51<br \/>\nS = 52\/54<br \/>\nM = 55\/57<br \/>\nL = 58\/60<\/p>\n","protected":false},"excerpt":{"rendered":"<p>Le casque d&rsquo;\u00e9quitation BR Volta Microfibre est dot\u00e9 d&rsquo;une coque l\u00e9g\u00e8re en ABS solide rev\u00eatue de microfibre. Le dessus est agr\u00e9ment\u00e9 de paillettes pour un look raffin\u00e9 et il entour\u00e9 d\u2019un pourtour \u00e9l\u00e9gant argent\u00e9 avec une s\u00e9paration au milieu. Ce pourtour argent\u00e9 est pourvu de plusieurs orifices de ventilation qui en combinaison avec la doublure [&hellip;]<\/p>\n","protected":false},"featured_media":23684,"template":"","meta":[],"pwb-brand":[575],"product_brand":[],"product_cat":[1166,1369],"product_tag":[],"giftcard-category":[],"class_list":{"0":"post-4507","1":"product","2":"type-product","3":"status-publish","4":"has-post-thumbnail","6":"pwb-brand-br","7":"product_cat-casques-et-bombes","8":"product_cat-casque-br","10":"first","11":"outofstock","12":"taxable","13":"shipping-taxable","14":"purchasable","15":"product-type-variable","16":"has-default-attributes"},"yoast_head":"<!-- This site is optimized with the Yoast SEO plugin v25.3.1 - https:\/\/yoast.com\/wordpress\/plugins\/seo\/ -->\n<title>Casque br volta microfibre - La Cabrade<\/title>\n<meta name=\"description\" content=\"Achetez Casque br volta microfibre au meilleur prix. Livraison rapide. Dans votre magasin d&#039;\u00e9quitation en ligne Sellerie La Cabrade\" \/>\n<meta name=\"robots\" content=\"index, follow, max-snippet:-1, max-image-preview:large, max-video-preview:-1\" \/>\n<link rel=\"canonical\" href=\"https:\/\/la-cabrade.be\/fr\/produit\/casque-br-volta-microfibre\/\" \/>\n<meta property=\"og:locale\" content=\"fr_FR\" \/>\n<meta property=\"og:type\" content=\"article\" \/>\n<meta property=\"og:title\" content=\"Casque br volta microfibre - La Cabrade\" \/>\n<meta property=\"og:description\" content=\"Achetez Casque br volta microfibre au meilleur prix. Livraison rapide. Dans votre magasin d&#039;\u00e9quitation en ligne Sellerie La Cabrade\" \/>\n<meta property=\"og:url\" content=\"https:\/\/la-cabrade.be\/fr\/produit\/casque-br-volta-microfibre\/\" \/>\n<meta property=\"og:site_name\" content=\"La Cabrade\" \/>\n<meta property=\"article:modified_time\" content=\"2025-12-18T22:18:56+00:00\" \/>\n<meta property=\"og:image\" content=\"https:\/\/la-cabrade.be\/wp-content\/uploads\/2023\/11\/CASQUE-BR-VOLTA-MICROFIBRE_Casques-et-bombes_14901_1.jpeg\" \/>\n\t<meta property=\"og:image:width\" content=\"700\" \/>\n\t<meta property=\"og:image:height\" content=\"700\" \/>\n\t<meta property=\"og:image:type\" content=\"image\/jpeg\" \/>\n<meta name=\"twitter:label1\" content=\"Dur\u00e9e de lecture est.\" \/>\n\t<meta name=\"twitter:data1\" content=\"1 minute\" \/>\n<script type=\"application\/ld+json\" class=\"yoast-schema-graph\">{\"@context\":\"https:\/\/schema.org\",\"@graph\":[{\"@type\":\"WebPage\",\"@id\":\"https:\/\/la-cabrade.be\/produit\/casque-br-volta-microfibre\/\",\"url\":\"https:\/\/la-cabrade.be\/produit\/casque-br-volta-microfibre\/\",\"name\":\"Casque br volta microfibre - La Cabrade\",\"isPartOf\":{\"@id\":\"https:\/\/la-cabrade.be\/#website\"},\"primaryImageOfPage\":{\"@id\":\"https:\/\/la-cabrade.be\/produit\/casque-br-volta-microfibre\/#primaryimage\"},\"image\":{\"@id\":\"https:\/\/la-cabrade.be\/produit\/casque-br-volta-microfibre\/#primaryimage\"},\"thumbnailUrl\":\"https:\/\/la-cabrade.be\/wp-content\/uploads\/2023\/11\/CASQUE-BR-VOLTA-MICROFIBRE_Casques-et-bombes_14901_1.jpeg\",\"datePublished\":\"2023-08-01T17:45:27+00:00\",\"dateModified\":\"2025-12-18T22:18:56+00:00\",\"description\":\"Achetez Casque br volta microfibre au meilleur prix. Livraison rapide. Dans votre magasin d'\u00e9quitation en ligne Sellerie La Cabrade\",\"breadcrumb\":{\"@id\":\"https:\/\/la-cabrade.be\/produit\/casque-br-volta-microfibre\/#breadcrumb\"},\"inLanguage\":\"fr-BE\",\"potentialAction\":[{\"@type\":\"ReadAction\",\"target\":[\"https:\/\/la-cabrade.be\/produit\/casque-br-volta-microfibre\/\"]}]},{\"@type\":\"ImageObject\",\"inLanguage\":\"fr-BE\",\"@id\":\"https:\/\/la-cabrade.be\/produit\/casque-br-volta-microfibre\/#primaryimage\",\"url\":\"https:\/\/la-cabrade.be\/wp-content\/uploads\/2023\/11\/CASQUE-BR-VOLTA-MICROFIBRE_Casques-et-bombes_14901_1.jpeg\",\"contentUrl\":\"https:\/\/la-cabrade.be\/wp-content\/uploads\/2023\/11\/CASQUE-BR-VOLTA-MICROFIBRE_Casques-et-bombes_14901_1.jpeg\",\"width\":700,\"height\":700,\"caption\":\"CASQUE BR VOLTA MICROFIBRE Casques et bombes 14901 1.jpeg\"},{\"@type\":\"BreadcrumbList\",\"@id\":\"https:\/\/la-cabrade.be\/produit\/casque-br-volta-microfibre\/#breadcrumb\",\"itemListElement\":[{\"@type\":\"ListItem\",\"position\":1,\"name\":\"Accueil\",\"item\":\"https:\/\/la-cabrade.be\/\"},{\"@type\":\"ListItem\",\"position\":2,\"name\":\"Boutique\",\"item\":\"https:\/\/la-cabrade.be\/fr\/boutique\/\"},{\"@type\":\"ListItem\",\"position\":3,\"name\":\"Casque br volta microfibre\"}]},{\"@type\":\"WebSite\",\"@id\":\"https:\/\/la-cabrade.be\/#website\",\"url\":\"https:\/\/la-cabrade.be\/\",\"name\":\"La Cabrade\",\"description\":\"Sellerie en ligne et magasin d\u2019\u00e9quitation \u00e0 Fl\u00e9ron, Li\u00e8ge\",\"publisher\":{\"@id\":\"https:\/\/la-cabrade.be\/#organization\"},\"potentialAction\":[{\"@type\":\"SearchAction\",\"target\":{\"@type\":\"EntryPoint\",\"urlTemplate\":\"https:\/\/la-cabrade.be\/?s={search_term_string}\"},\"query-input\":{\"@type\":\"PropertyValueSpecification\",\"valueRequired\":true,\"valueName\":\"search_term_string\"}}],\"inLanguage\":\"fr-BE\"},{\"@type\":\"Organization\",\"@id\":\"https:\/\/la-cabrade.be\/#organization\",\"name\":\"La Cabrade\",\"url\":\"https:\/\/la-cabrade.be\/\",\"logo\":{\"@type\":\"ImageObject\",\"inLanguage\":\"fr-BE\",\"@id\":\"https:\/\/la-cabrade.be\/#\/schema\/logo\/image\/\",\"url\":\"https:\/\/la-cabrade.be\/wp-content\/uploads\/2020\/04\/La-Cabrade_logo.svg\",\"contentUrl\":\"https:\/\/la-cabrade.be\/wp-content\/uploads\/2020\/04\/La-Cabrade_logo.svg\",\"width\":900,\"height\":320,\"caption\":\"La Cabrade\"},\"image\":{\"@id\":\"https:\/\/la-cabrade.be\/#\/schema\/logo\/image\/\"}}]}<\/script>\n<!-- \/ Yoast SEO plugin. -->","yoast_head_json":{"title":"Casque br volta microfibre - La Cabrade","description":"Achetez Casque br volta microfibre au meilleur prix. Livraison rapide. Dans votre magasin d'\u00e9quitation en ligne Sellerie La Cabrade","robots":{"index":"index","follow":"follow","max-snippet":"max-snippet:-1","max-image-preview":"max-image-preview:large","max-video-preview":"max-video-preview:-1"},"canonical":"https:\/\/la-cabrade.be\/fr\/produit\/casque-br-volta-microfibre\/","og_locale":"fr_FR","og_type":"article","og_title":"Casque br volta microfibre - La Cabrade","og_description":"Achetez Casque br volta microfibre au meilleur prix. Livraison rapide. Dans votre magasin d'\u00e9quitation en ligne Sellerie La Cabrade","og_url":"https:\/\/la-cabrade.be\/fr\/produit\/casque-br-volta-microfibre\/","og_site_name":"La Cabrade","article_modified_time":"2025-12-18T22:18:56+00:00","og_image":[{"width":700,"height":700,"url":"https:\/\/la-cabrade.be\/wp-content\/uploads\/2023\/11\/CASQUE-BR-VOLTA-MICROFIBRE_Casques-et-bombes_14901_1.jpeg","type":"image\/jpeg"}],"twitter_misc":{"Dur\u00e9e de lecture est.":"1 minute"},"schema":{"@context":"https:\/\/schema.org","@graph":[{"@type":"WebPage","@id":"https:\/\/la-cabrade.be\/produit\/casque-br-volta-microfibre\/","url":"https:\/\/la-cabrade.be\/produit\/casque-br-volta-microfibre\/","name":"Casque br volta microfibre - La Cabrade","isPartOf":{"@id":"https:\/\/la-cabrade.be\/#website"},"primaryImageOfPage":{"@id":"https:\/\/la-cabrade.be\/produit\/casque-br-volta-microfibre\/#primaryimage"},"image":{"@id":"https:\/\/la-cabrade.be\/produit\/casque-br-volta-microfibre\/#primaryimage"},"thumbnailUrl":"https:\/\/la-cabrade.be\/wp-content\/uploads\/2023\/11\/CASQUE-BR-VOLTA-MICROFIBRE_Casques-et-bombes_14901_1.jpeg","datePublished":"2023-08-01T17:45:27+00:00","dateModified":"2025-12-18T22:18:56+00:00","description":"Achetez Casque br volta microfibre au meilleur prix. Livraison rapide. Dans votre magasin d'\u00e9quitation en ligne Sellerie La Cabrade","breadcrumb":{"@id":"https:\/\/la-cabrade.be\/produit\/casque-br-volta-microfibre\/#breadcrumb"},"inLanguage":"fr-BE","potentialAction":[{"@type":"ReadAction","target":["https:\/\/la-cabrade.be\/produit\/casque-br-volta-microfibre\/"]}]},{"@type":"ImageObject","inLanguage":"fr-BE","@id":"https:\/\/la-cabrade.be\/produit\/casque-br-volta-microfibre\/#primaryimage","url":"https:\/\/la-cabrade.be\/wp-content\/uploads\/2023\/11\/CASQUE-BR-VOLTA-MICROFIBRE_Casques-et-bombes_14901_1.jpeg","contentUrl":"https:\/\/la-cabrade.be\/wp-content\/uploads\/2023\/11\/CASQUE-BR-VOLTA-MICROFIBRE_Casques-et-bombes_14901_1.jpeg","width":700,"height":700,"caption":"CASQUE BR VOLTA MICROFIBRE Casques et bombes 14901 1.jpeg"},{"@type":"BreadcrumbList","@id":"https:\/\/la-cabrade.be\/produit\/casque-br-volta-microfibre\/#breadcrumb","itemListElement":[{"@type":"ListItem","position":1,"name":"Accueil","item":"https:\/\/la-cabrade.be\/"},{"@type":"ListItem","position":2,"name":"Boutique","item":"https:\/\/la-cabrade.be\/fr\/boutique\/"},{"@type":"ListItem","position":3,"name":"Casque br volta microfibre"}]},{"@type":"WebSite","@id":"https:\/\/la-cabrade.be\/#website","url":"https:\/\/la-cabrade.be\/","name":"La Cabrade","description":"Sellerie en ligne et magasin d\u2019\u00e9quitation \u00e0 Fl\u00e9ron, Li\u00e8ge","publisher":{"@id":"https:\/\/la-cabrade.be\/#organization"},"potentialAction":[{"@type":"SearchAction","target":{"@type":"EntryPoint","urlTemplate":"https:\/\/la-cabrade.be\/?s={search_term_string}"},"query-input":{"@type":"PropertyValueSpecification","valueRequired":true,"valueName":"search_term_string"}}],"inLanguage":"fr-BE"},{"@type":"Organization","@id":"https:\/\/la-cabrade.be\/#organization","name":"La Cabrade","url":"https:\/\/la-cabrade.be\/","logo":{"@type":"ImageObject","inLanguage":"fr-BE","@id":"https:\/\/la-cabrade.be\/#\/schema\/logo\/image\/","url":"https:\/\/la-cabrade.be\/wp-content\/uploads\/2020\/04\/La-Cabrade_logo.svg","contentUrl":"https:\/\/la-cabrade.be\/wp-content\/uploads\/2020\/04\/La-Cabrade_logo.svg","width":900,"height":320,"caption":"La Cabrade"},"image":{"@id":"https:\/\/la-cabrade.be\/#\/schema\/logo\/image\/"}}]}},"brands":[{"id":575,"name":"Br","slug":"br"}],"_links":{"self":[{"href":"https:\/\/la-cabrade.be\/fr\/wp-json\/wp\/v2\/product\/4507","targetHints":{"allow":["GET"]}}],"collection":[{"href":"https:\/\/la-cabrade.be\/fr\/wp-json\/wp\/v2\/product"}],"about":[{"href":"https:\/\/la-cabrade.be\/fr\/wp-json\/wp\/v2\/types\/product"}],"wp:featuredmedia":[{"embeddable":true,"href":"https:\/\/la-cabrade.be\/fr\/wp-json\/wp\/v2\/media\/23684"}],"wp:attachment":[{"href":"https:\/\/la-cabrade.be\/fr\/wp-json\/wp\/v2\/media?parent=4507"}],"wp:term":[{"taxonomy":"pwb-brand","embeddable":true,"href":"https:\/\/la-cabrade.be\/fr\/wp-json\/wp\/v2\/pwb-brand?post=4507"},{"taxonomy":"product_brand","embeddable":true,"href":"https:\/\/la-cabrade.be\/fr\/wp-json\/wp\/v2\/product_brand?post=4507"},{"taxonomy":"product_cat","embeddable":true,"href":"https:\/\/la-cabrade.be\/fr\/wp-json\/wp\/v2\/product_cat?post=4507"},{"taxonomy":"product_tag","embeddable":true,"href":"https:\/\/la-cabrade.be\/fr\/wp-json\/wp\/v2\/product_tag?post=4507"},{"taxonomy":"giftcard-category","embeddable":true,"href":"https:\/\/la-cabrade.be\/fr\/wp-json\/wp\/v2\/giftcard-category?post=4507"}],"curies":[{"name":"wp","href":"https:\/\/api.w.org\/{rel}","templated":true}]}}