{"id":4503,"date":"2023-08-01T18:45:07","date_gmt":"2023-08-01T17:45:07","guid":{"rendered":"https:\/\/la-cabrade.be\/fr\/produit\/casque-br-lambda-painted-2\/"},"modified":"2026-04-14T14:03:40","modified_gmt":"2026-04-14T13:03:40","slug":"casque-br-lambda-painted-2","status":"publish","type":"product","link":"https:\/\/la-cabrade.be\/fr\/produit\/casque-br-lambda-painted-2\/","title":{"rendered":"Casque br lambda painted"},"content":{"rendered":"<p>Le casque d&rsquo;\u00e9quitation BR Lambda Painted se distingue par son design \u00e9pur\u00e9. Le casque est fini avec un bord brillant et des trous de ventilation pratiques sur le devant et le dessus pour garder votre t\u00eate au frais.<\/p>\n<p>Caract\u00e9ristiques du produit:<br \/>\nLe casque est compos\u00e9 d&rsquo;une coque l\u00e9g\u00e8re en ABS solide. Le haut est encadr\u00e9 par une bordure brillante et des ouvertures de ventilation. Les ouvertures de ventilation \u00e0 l&rsquo;avant et sur le dessus procurent un effet rafra\u00eechissant agr\u00e9able pendant la conduite.<\/p>\n<p>Le harnais est \u00e9quip\u00e9 d&rsquo;une boucle \u00e0 d\u00e9gagement rapide et d&rsquo;une mentonni\u00e8re souple en mat\u00e9riau Cooldry. La doublure int\u00e9rieure est en Cooldry\u00ae et en mesh, qui s\u00e8che rapidement et garde la t\u00eate au frais. La doublure est enti\u00e8rement amovible et peut \u00eatre lav\u00e9e en machine \u00e0 40\u00b0C. Le bord noir et brillant du casque compl\u00e8te le design \u00e9l\u00e9gant de ce casque !<\/p>\n<p>Le casque est conforme aux normes de s\u00e9curit\u00e9 CE VG1 01.040 2014-12.<\/p>\n<p>S = 53\/55<br \/>\nM = 56\/58<br \/>\nL = 59\/61<\/p>\n","protected":false},"excerpt":{"rendered":"<p>Le casque d&rsquo;\u00e9quitation BR Lambda Painted se distingue par son design \u00e9pur\u00e9. Le casque est fini avec un bord brillant et des trous de ventilation pratiques sur le devant et le dessus pour garder votre t\u00eate au frais. Caract\u00e9ristiques du produit: Le casque est compos\u00e9 d&rsquo;une coque l\u00e9g\u00e8re en ABS solide. Le haut est encadr\u00e9 [&hellip;]<\/p>\n","protected":false},"featured_media":43165,"template":"","meta":[],"pwb-brand":[575],"product_brand":[],"product_cat":[1166,1369],"product_tag":[],"giftcard-category":[],"class_list":{"0":"post-4503","1":"product","2":"type-product","3":"status-publish","4":"has-post-thumbnail","6":"pwb-brand-br","7":"product_cat-casques-et-bombes","8":"product_cat-casque-br","10":"first","11":"outofstock","12":"taxable","13":"shipping-taxable","14":"purchasable","15":"product-type-variable","16":"has-default-attributes"},"yoast_head":"<!-- This site is optimized with the Yoast SEO plugin v25.3.1 - https:\/\/yoast.com\/wordpress\/plugins\/seo\/ -->\n<title>Casque br lambda painted - La Cabrade<\/title>\n<meta name=\"description\" content=\"Achetez Casque br lambda painted au meilleur prix. Livraison rapide. Dans votre magasin d&#039;\u00e9quitation en ligne Sellerie La Cabrade\" \/>\n<meta name=\"robots\" content=\"index, follow, max-snippet:-1, max-image-preview:large, max-video-preview:-1\" \/>\n<link rel=\"canonical\" href=\"https:\/\/la-cabrade.be\/fr\/produit\/casque-br-lambda-painted-2\/\" \/>\n<meta property=\"og:locale\" content=\"fr_FR\" \/>\n<meta property=\"og:type\" content=\"article\" \/>\n<meta property=\"og:title\" content=\"Casque br lambda painted - La Cabrade\" \/>\n<meta property=\"og:description\" content=\"Achetez Casque br lambda painted au meilleur prix. Livraison rapide. Dans votre magasin d&#039;\u00e9quitation en ligne Sellerie La Cabrade\" \/>\n<meta property=\"og:url\" content=\"https:\/\/la-cabrade.be\/fr\/produit\/casque-br-lambda-painted-2\/\" \/>\n<meta property=\"og:site_name\" content=\"La Cabrade\" \/>\n<meta property=\"article:modified_time\" content=\"2026-04-14T13:03:40+00:00\" \/>\n<meta property=\"og:image\" content=\"https:\/\/la-cabrade.be\/wp-content\/uploads\/2024\/03\/CASQUE-BR-LAMBDA-PAINTED_Casques-et-bombes_16644_1.jpeg\" \/>\n\t<meta property=\"og:image:width\" content=\"1000\" \/>\n\t<meta property=\"og:image:height\" content=\"1000\" \/>\n\t<meta property=\"og:image:type\" content=\"image\/jpeg\" \/>\n<meta name=\"twitter:label1\" content=\"Dur\u00e9e de lecture est.\" \/>\n\t<meta name=\"twitter:data1\" content=\"1 minute\" \/>\n<script type=\"application\/ld+json\" class=\"yoast-schema-graph\">{\"@context\":\"https:\/\/schema.org\",\"@graph\":[{\"@type\":\"WebPage\",\"@id\":\"https:\/\/la-cabrade.be\/produit\/casque-br-lambda-painted-2\/\",\"url\":\"https:\/\/la-cabrade.be\/produit\/casque-br-lambda-painted-2\/\",\"name\":\"Casque br lambda painted - La Cabrade\",\"isPartOf\":{\"@id\":\"https:\/\/la-cabrade.be\/#website\"},\"primaryImageOfPage\":{\"@id\":\"https:\/\/la-cabrade.be\/produit\/casque-br-lambda-painted-2\/#primaryimage\"},\"image\":{\"@id\":\"https:\/\/la-cabrade.be\/produit\/casque-br-lambda-painted-2\/#primaryimage\"},\"thumbnailUrl\":\"https:\/\/la-cabrade.be\/wp-content\/uploads\/2024\/03\/CASQUE-BR-LAMBDA-PAINTED_Casques-et-bombes_16644_1.jpeg\",\"datePublished\":\"2023-08-01T17:45:07+00:00\",\"dateModified\":\"2026-04-14T13:03:40+00:00\",\"description\":\"Achetez Casque br lambda painted au meilleur prix. Livraison rapide. Dans votre magasin d'\u00e9quitation en ligne Sellerie La Cabrade\",\"breadcrumb\":{\"@id\":\"https:\/\/la-cabrade.be\/produit\/casque-br-lambda-painted-2\/#breadcrumb\"},\"inLanguage\":\"fr-BE\",\"potentialAction\":[{\"@type\":\"ReadAction\",\"target\":[\"https:\/\/la-cabrade.be\/produit\/casque-br-lambda-painted-2\/\"]}]},{\"@type\":\"ImageObject\",\"inLanguage\":\"fr-BE\",\"@id\":\"https:\/\/la-cabrade.be\/produit\/casque-br-lambda-painted-2\/#primaryimage\",\"url\":\"https:\/\/la-cabrade.be\/wp-content\/uploads\/2024\/03\/CASQUE-BR-LAMBDA-PAINTED_Casques-et-bombes_16644_1.jpeg\",\"contentUrl\":\"https:\/\/la-cabrade.be\/wp-content\/uploads\/2024\/03\/CASQUE-BR-LAMBDA-PAINTED_Casques-et-bombes_16644_1.jpeg\",\"width\":1000,\"height\":1000,\"caption\":\"CASQUE BR LAMBDA PAINTED Casques et bombes 16644 1.jpeg\"},{\"@type\":\"BreadcrumbList\",\"@id\":\"https:\/\/la-cabrade.be\/produit\/casque-br-lambda-painted-2\/#breadcrumb\",\"itemListElement\":[{\"@type\":\"ListItem\",\"position\":1,\"name\":\"Accueil\",\"item\":\"https:\/\/la-cabrade.be\/\"},{\"@type\":\"ListItem\",\"position\":2,\"name\":\"Boutique\",\"item\":\"https:\/\/la-cabrade.be\/fr\/boutique\/\"},{\"@type\":\"ListItem\",\"position\":3,\"name\":\"Casque br lambda painted\"}]},{\"@type\":\"WebSite\",\"@id\":\"https:\/\/la-cabrade.be\/#website\",\"url\":\"https:\/\/la-cabrade.be\/\",\"name\":\"La Cabrade\",\"description\":\"Sellerie en ligne et magasin d\u2019\u00e9quitation \u00e0 Fl\u00e9ron, Li\u00e8ge\",\"publisher\":{\"@id\":\"https:\/\/la-cabrade.be\/#organization\"},\"potentialAction\":[{\"@type\":\"SearchAction\",\"target\":{\"@type\":\"EntryPoint\",\"urlTemplate\":\"https:\/\/la-cabrade.be\/?s={search_term_string}\"},\"query-input\":{\"@type\":\"PropertyValueSpecification\",\"valueRequired\":true,\"valueName\":\"search_term_string\"}}],\"inLanguage\":\"fr-BE\"},{\"@type\":\"Organization\",\"@id\":\"https:\/\/la-cabrade.be\/#organization\",\"name\":\"La Cabrade\",\"url\":\"https:\/\/la-cabrade.be\/\",\"logo\":{\"@type\":\"ImageObject\",\"inLanguage\":\"fr-BE\",\"@id\":\"https:\/\/la-cabrade.be\/#\/schema\/logo\/image\/\",\"url\":\"https:\/\/la-cabrade.be\/wp-content\/uploads\/2020\/04\/La-Cabrade_logo.svg\",\"contentUrl\":\"https:\/\/la-cabrade.be\/wp-content\/uploads\/2020\/04\/La-Cabrade_logo.svg\",\"width\":900,\"height\":320,\"caption\":\"La Cabrade\"},\"image\":{\"@id\":\"https:\/\/la-cabrade.be\/#\/schema\/logo\/image\/\"}}]}<\/script>\n<!-- \/ Yoast SEO plugin. -->","yoast_head_json":{"title":"Casque br lambda painted - La Cabrade","description":"Achetez Casque br lambda painted au meilleur prix. Livraison rapide. Dans votre magasin d'\u00e9quitation en ligne Sellerie La Cabrade","robots":{"index":"index","follow":"follow","max-snippet":"max-snippet:-1","max-image-preview":"max-image-preview:large","max-video-preview":"max-video-preview:-1"},"canonical":"https:\/\/la-cabrade.be\/fr\/produit\/casque-br-lambda-painted-2\/","og_locale":"fr_FR","og_type":"article","og_title":"Casque br lambda painted - La Cabrade","og_description":"Achetez Casque br lambda painted au meilleur prix. Livraison rapide. Dans votre magasin d'\u00e9quitation en ligne Sellerie La Cabrade","og_url":"https:\/\/la-cabrade.be\/fr\/produit\/casque-br-lambda-painted-2\/","og_site_name":"La Cabrade","article_modified_time":"2026-04-14T13:03:40+00:00","og_image":[{"width":1000,"height":1000,"url":"https:\/\/la-cabrade.be\/wp-content\/uploads\/2024\/03\/CASQUE-BR-LAMBDA-PAINTED_Casques-et-bombes_16644_1.jpeg","type":"image\/jpeg"}],"twitter_misc":{"Dur\u00e9e de lecture est.":"1 minute"},"schema":{"@context":"https:\/\/schema.org","@graph":[{"@type":"WebPage","@id":"https:\/\/la-cabrade.be\/produit\/casque-br-lambda-painted-2\/","url":"https:\/\/la-cabrade.be\/produit\/casque-br-lambda-painted-2\/","name":"Casque br lambda painted - La Cabrade","isPartOf":{"@id":"https:\/\/la-cabrade.be\/#website"},"primaryImageOfPage":{"@id":"https:\/\/la-cabrade.be\/produit\/casque-br-lambda-painted-2\/#primaryimage"},"image":{"@id":"https:\/\/la-cabrade.be\/produit\/casque-br-lambda-painted-2\/#primaryimage"},"thumbnailUrl":"https:\/\/la-cabrade.be\/wp-content\/uploads\/2024\/03\/CASQUE-BR-LAMBDA-PAINTED_Casques-et-bombes_16644_1.jpeg","datePublished":"2023-08-01T17:45:07+00:00","dateModified":"2026-04-14T13:03:40+00:00","description":"Achetez Casque br lambda painted au meilleur prix. Livraison rapide. Dans votre magasin d'\u00e9quitation en ligne Sellerie La Cabrade","breadcrumb":{"@id":"https:\/\/la-cabrade.be\/produit\/casque-br-lambda-painted-2\/#breadcrumb"},"inLanguage":"fr-BE","potentialAction":[{"@type":"ReadAction","target":["https:\/\/la-cabrade.be\/produit\/casque-br-lambda-painted-2\/"]}]},{"@type":"ImageObject","inLanguage":"fr-BE","@id":"https:\/\/la-cabrade.be\/produit\/casque-br-lambda-painted-2\/#primaryimage","url":"https:\/\/la-cabrade.be\/wp-content\/uploads\/2024\/03\/CASQUE-BR-LAMBDA-PAINTED_Casques-et-bombes_16644_1.jpeg","contentUrl":"https:\/\/la-cabrade.be\/wp-content\/uploads\/2024\/03\/CASQUE-BR-LAMBDA-PAINTED_Casques-et-bombes_16644_1.jpeg","width":1000,"height":1000,"caption":"CASQUE BR LAMBDA PAINTED Casques et bombes 16644 1.jpeg"},{"@type":"BreadcrumbList","@id":"https:\/\/la-cabrade.be\/produit\/casque-br-lambda-painted-2\/#breadcrumb","itemListElement":[{"@type":"ListItem","position":1,"name":"Accueil","item":"https:\/\/la-cabrade.be\/"},{"@type":"ListItem","position":2,"name":"Boutique","item":"https:\/\/la-cabrade.be\/fr\/boutique\/"},{"@type":"ListItem","position":3,"name":"Casque br lambda painted"}]},{"@type":"WebSite","@id":"https:\/\/la-cabrade.be\/#website","url":"https:\/\/la-cabrade.be\/","name":"La Cabrade","description":"Sellerie en ligne et magasin d\u2019\u00e9quitation \u00e0 Fl\u00e9ron, Li\u00e8ge","publisher":{"@id":"https:\/\/la-cabrade.be\/#organization"},"potentialAction":[{"@type":"SearchAction","target":{"@type":"EntryPoint","urlTemplate":"https:\/\/la-cabrade.be\/?s={search_term_string}"},"query-input":{"@type":"PropertyValueSpecification","valueRequired":true,"valueName":"search_term_string"}}],"inLanguage":"fr-BE"},{"@type":"Organization","@id":"https:\/\/la-cabrade.be\/#organization","name":"La Cabrade","url":"https:\/\/la-cabrade.be\/","logo":{"@type":"ImageObject","inLanguage":"fr-BE","@id":"https:\/\/la-cabrade.be\/#\/schema\/logo\/image\/","url":"https:\/\/la-cabrade.be\/wp-content\/uploads\/2020\/04\/La-Cabrade_logo.svg","contentUrl":"https:\/\/la-cabrade.be\/wp-content\/uploads\/2020\/04\/La-Cabrade_logo.svg","width":900,"height":320,"caption":"La Cabrade"},"image":{"@id":"https:\/\/la-cabrade.be\/#\/schema\/logo\/image\/"}}]}},"brands":[{"id":575,"name":"Br","slug":"br"}],"_links":{"self":[{"href":"https:\/\/la-cabrade.be\/fr\/wp-json\/wp\/v2\/product\/4503","targetHints":{"allow":["GET"]}}],"collection":[{"href":"https:\/\/la-cabrade.be\/fr\/wp-json\/wp\/v2\/product"}],"about":[{"href":"https:\/\/la-cabrade.be\/fr\/wp-json\/wp\/v2\/types\/product"}],"wp:featuredmedia":[{"embeddable":true,"href":"https:\/\/la-cabrade.be\/fr\/wp-json\/wp\/v2\/media\/43165"}],"wp:attachment":[{"href":"https:\/\/la-cabrade.be\/fr\/wp-json\/wp\/v2\/media?parent=4503"}],"wp:term":[{"taxonomy":"pwb-brand","embeddable":true,"href":"https:\/\/la-cabrade.be\/fr\/wp-json\/wp\/v2\/pwb-brand?post=4503"},{"taxonomy":"product_brand","embeddable":true,"href":"https:\/\/la-cabrade.be\/fr\/wp-json\/wp\/v2\/product_brand?post=4503"},{"taxonomy":"product_cat","embeddable":true,"href":"https:\/\/la-cabrade.be\/fr\/wp-json\/wp\/v2\/product_cat?post=4503"},{"taxonomy":"product_tag","embeddable":true,"href":"https:\/\/la-cabrade.be\/fr\/wp-json\/wp\/v2\/product_tag?post=4503"},{"taxonomy":"giftcard-category","embeddable":true,"href":"https:\/\/la-cabrade.be\/fr\/wp-json\/wp\/v2\/giftcard-category?post=4503"}],"curies":[{"name":"wp","href":"https:\/\/api.w.org\/{rel}","templated":true}]}}