{"id":4459,"date":"2023-08-01T18:42:38","date_gmt":"2023-08-01T17:42:38","guid":{"rendered":"https:\/\/la-cabrade.be\/fr\/produit\/cartouche-helite-xl-100-cc\/"},"modified":"2026-03-24T11:49:11","modified_gmt":"2026-03-24T10:49:11","slug":"cartouche-helite-xl-100-cc","status":"publish","type":"product","link":"https:\/\/la-cabrade.be\/fr\/produit\/cartouche-helite-xl-100-cc\/","title":{"rendered":"Cartouche helite xl 100 cc"},"content":{"rendered":"<p>Indispensable pour ceux qui veulent prendre la route en toute s\u00e9curit\u00e9!<br \/>\nGr\u00e2ce \u00e0 l\u2019airbag pour veste Held Air Vest, vous b\u00e9n\u00e9ficierez \u00e0 tout moment d\u2019une protection optimale en cas d\u2019accident ou de chute. La cartouche usag\u00e9e se remplace en moins d\u2019une minute gr\u00e2ce \u00e0 ce descriptif. Pr\u00e9caution suppl\u00e9mentaire: si vous effectuez un plus long voyage, emportez avec vous une cartouche de r\u00e9serve, ainsi vous aurez toujours une protection optimale.<\/p>\n<p>Attention!<\/p>\n<p>Il existe diff\u00e9rents mod\u00e8les<\/p>\n","protected":false},"excerpt":{"rendered":"<p>Indispensable pour ceux qui veulent prendre la route en toute s\u00e9curit\u00e9! Gr\u00e2ce \u00e0 l\u2019airbag pour veste Held Air Vest, vous b\u00e9n\u00e9ficierez \u00e0 tout moment d\u2019une protection optimale en cas d\u2019accident ou de chute. La cartouche usag\u00e9e se remplace en moins d\u2019une minute gr\u00e2ce \u00e0 ce descriptif. Pr\u00e9caution suppl\u00e9mentaire: si vous effectuez un plus long voyage, [&hellip;]<\/p>\n","protected":false},"featured_media":23643,"template":"","meta":[],"pwb-brand":[602],"product_brand":[],"product_cat":[686],"product_tag":[],"giftcard-category":[],"class_list":{"0":"post-4459","1":"product","2":"type-product","3":"status-publish","4":"has-post-thumbnail","6":"pwb-brand-helite","7":"product_cat-airbags-et-accessoires","9":"first","10":"instock","11":"taxable","12":"shipping-taxable","13":"purchasable","14":"product-type-simple"},"yoast_head":"<!-- This site is optimized with the Yoast SEO plugin v25.3.1 - https:\/\/yoast.com\/wordpress\/plugins\/seo\/ -->\n<title>Cartouche helite xl 100 cc - La Cabrade<\/title>\n<meta name=\"description\" content=\"Achetez Cartouche helite xl 100 cc au meilleur prix. Livraison rapide. Dans votre magasin d&#039;\u00e9quitation en ligne Sellerie La Cabrade\" \/>\n<meta name=\"robots\" content=\"index, follow, max-snippet:-1, max-image-preview:large, max-video-preview:-1\" \/>\n<link rel=\"canonical\" href=\"https:\/\/la-cabrade.be\/fr\/produit\/cartouche-helite-xl-100-cc\/\" \/>\n<meta property=\"og:locale\" content=\"fr_FR\" \/>\n<meta property=\"og:type\" content=\"article\" \/>\n<meta property=\"og:title\" content=\"Cartouche helite xl 100 cc - La Cabrade\" \/>\n<meta property=\"og:description\" content=\"Achetez Cartouche helite xl 100 cc au meilleur prix. Livraison rapide. Dans votre magasin d&#039;\u00e9quitation en ligne Sellerie La Cabrade\" \/>\n<meta property=\"og:url\" content=\"https:\/\/la-cabrade.be\/fr\/produit\/cartouche-helite-xl-100-cc\/\" \/>\n<meta property=\"og:site_name\" content=\"La Cabrade\" \/>\n<meta property=\"article:modified_time\" content=\"2026-03-24T10:49:11+00:00\" \/>\n<meta property=\"og:image\" content=\"https:\/\/la-cabrade.be\/wp-content\/uploads\/2023\/11\/CARTOUCHE-HELITE-XL-100-cc_Airbags-et-accessoires_14792_1.jpeg\" \/>\n\t<meta property=\"og:image:width\" content=\"700\" \/>\n\t<meta property=\"og:image:height\" content=\"700\" \/>\n\t<meta property=\"og:image:type\" content=\"image\/jpeg\" \/>\n<script type=\"application\/ld+json\" class=\"yoast-schema-graph\">{\"@context\":\"https:\/\/schema.org\",\"@graph\":[{\"@type\":\"WebPage\",\"@id\":\"https:\/\/la-cabrade.be\/produit\/cartouche-helite-xl-100-cc\/\",\"url\":\"https:\/\/la-cabrade.be\/produit\/cartouche-helite-xl-100-cc\/\",\"name\":\"Cartouche helite xl 100 cc - La Cabrade\",\"isPartOf\":{\"@id\":\"https:\/\/la-cabrade.be\/#website\"},\"primaryImageOfPage\":{\"@id\":\"https:\/\/la-cabrade.be\/produit\/cartouche-helite-xl-100-cc\/#primaryimage\"},\"image\":{\"@id\":\"https:\/\/la-cabrade.be\/produit\/cartouche-helite-xl-100-cc\/#primaryimage\"},\"thumbnailUrl\":\"https:\/\/la-cabrade.be\/wp-content\/uploads\/2023\/11\/CARTOUCHE-HELITE-XL-100-cc_Airbags-et-accessoires_14792_1.jpeg\",\"datePublished\":\"2023-08-01T17:42:38+00:00\",\"dateModified\":\"2026-03-24T10:49:11+00:00\",\"description\":\"Achetez Cartouche helite xl 100 cc au meilleur prix. Livraison rapide. Dans votre magasin d'\u00e9quitation en ligne Sellerie La Cabrade\",\"breadcrumb\":{\"@id\":\"https:\/\/la-cabrade.be\/produit\/cartouche-helite-xl-100-cc\/#breadcrumb\"},\"inLanguage\":\"fr-BE\",\"potentialAction\":[{\"@type\":\"ReadAction\",\"target\":[\"https:\/\/la-cabrade.be\/produit\/cartouche-helite-xl-100-cc\/\"]}]},{\"@type\":\"ImageObject\",\"inLanguage\":\"fr-BE\",\"@id\":\"https:\/\/la-cabrade.be\/produit\/cartouche-helite-xl-100-cc\/#primaryimage\",\"url\":\"https:\/\/la-cabrade.be\/wp-content\/uploads\/2023\/11\/CARTOUCHE-HELITE-XL-100-cc_Airbags-et-accessoires_14792_1.jpeg\",\"contentUrl\":\"https:\/\/la-cabrade.be\/wp-content\/uploads\/2023\/11\/CARTOUCHE-HELITE-XL-100-cc_Airbags-et-accessoires_14792_1.jpeg\",\"width\":700,\"height\":700,\"caption\":\"CARTOUCHE HELITE XL 100 cc Airbags et accessoires 14792 1.jpeg\"},{\"@type\":\"BreadcrumbList\",\"@id\":\"https:\/\/la-cabrade.be\/produit\/cartouche-helite-xl-100-cc\/#breadcrumb\",\"itemListElement\":[{\"@type\":\"ListItem\",\"position\":1,\"name\":\"Accueil\",\"item\":\"https:\/\/la-cabrade.be\/\"},{\"@type\":\"ListItem\",\"position\":2,\"name\":\"Boutique\",\"item\":\"https:\/\/la-cabrade.be\/fr\/boutique\/\"},{\"@type\":\"ListItem\",\"position\":3,\"name\":\"Cartouche helite xl 100 cc\"}]},{\"@type\":\"WebSite\",\"@id\":\"https:\/\/la-cabrade.be\/#website\",\"url\":\"https:\/\/la-cabrade.be\/\",\"name\":\"La Cabrade\",\"description\":\"Sellerie en ligne et magasin d\u2019\u00e9quitation \u00e0 Fl\u00e9ron, Li\u00e8ge\",\"publisher\":{\"@id\":\"https:\/\/la-cabrade.be\/#organization\"},\"potentialAction\":[{\"@type\":\"SearchAction\",\"target\":{\"@type\":\"EntryPoint\",\"urlTemplate\":\"https:\/\/la-cabrade.be\/?s={search_term_string}\"},\"query-input\":{\"@type\":\"PropertyValueSpecification\",\"valueRequired\":true,\"valueName\":\"search_term_string\"}}],\"inLanguage\":\"fr-BE\"},{\"@type\":\"Organization\",\"@id\":\"https:\/\/la-cabrade.be\/#organization\",\"name\":\"La Cabrade\",\"url\":\"https:\/\/la-cabrade.be\/\",\"logo\":{\"@type\":\"ImageObject\",\"inLanguage\":\"fr-BE\",\"@id\":\"https:\/\/la-cabrade.be\/#\/schema\/logo\/image\/\",\"url\":\"https:\/\/la-cabrade.be\/wp-content\/uploads\/2020\/04\/La-Cabrade_logo.svg\",\"contentUrl\":\"https:\/\/la-cabrade.be\/wp-content\/uploads\/2020\/04\/La-Cabrade_logo.svg\",\"width\":900,\"height\":320,\"caption\":\"La Cabrade\"},\"image\":{\"@id\":\"https:\/\/la-cabrade.be\/#\/schema\/logo\/image\/\"}}]}<\/script>\n<!-- \/ Yoast SEO plugin. -->","yoast_head_json":{"title":"Cartouche helite xl 100 cc - La Cabrade","description":"Achetez Cartouche helite xl 100 cc au meilleur prix. Livraison rapide. Dans votre magasin d'\u00e9quitation en ligne Sellerie La Cabrade","robots":{"index":"index","follow":"follow","max-snippet":"max-snippet:-1","max-image-preview":"max-image-preview:large","max-video-preview":"max-video-preview:-1"},"canonical":"https:\/\/la-cabrade.be\/fr\/produit\/cartouche-helite-xl-100-cc\/","og_locale":"fr_FR","og_type":"article","og_title":"Cartouche helite xl 100 cc - La Cabrade","og_description":"Achetez Cartouche helite xl 100 cc au meilleur prix. Livraison rapide. Dans votre magasin d'\u00e9quitation en ligne Sellerie La Cabrade","og_url":"https:\/\/la-cabrade.be\/fr\/produit\/cartouche-helite-xl-100-cc\/","og_site_name":"La Cabrade","article_modified_time":"2026-03-24T10:49:11+00:00","og_image":[{"width":700,"height":700,"url":"https:\/\/la-cabrade.be\/wp-content\/uploads\/2023\/11\/CARTOUCHE-HELITE-XL-100-cc_Airbags-et-accessoires_14792_1.jpeg","type":"image\/jpeg"}],"schema":{"@context":"https:\/\/schema.org","@graph":[{"@type":"WebPage","@id":"https:\/\/la-cabrade.be\/produit\/cartouche-helite-xl-100-cc\/","url":"https:\/\/la-cabrade.be\/produit\/cartouche-helite-xl-100-cc\/","name":"Cartouche helite xl 100 cc - La Cabrade","isPartOf":{"@id":"https:\/\/la-cabrade.be\/#website"},"primaryImageOfPage":{"@id":"https:\/\/la-cabrade.be\/produit\/cartouche-helite-xl-100-cc\/#primaryimage"},"image":{"@id":"https:\/\/la-cabrade.be\/produit\/cartouche-helite-xl-100-cc\/#primaryimage"},"thumbnailUrl":"https:\/\/la-cabrade.be\/wp-content\/uploads\/2023\/11\/CARTOUCHE-HELITE-XL-100-cc_Airbags-et-accessoires_14792_1.jpeg","datePublished":"2023-08-01T17:42:38+00:00","dateModified":"2026-03-24T10:49:11+00:00","description":"Achetez Cartouche helite xl 100 cc au meilleur prix. Livraison rapide. Dans votre magasin d'\u00e9quitation en ligne Sellerie La Cabrade","breadcrumb":{"@id":"https:\/\/la-cabrade.be\/produit\/cartouche-helite-xl-100-cc\/#breadcrumb"},"inLanguage":"fr-BE","potentialAction":[{"@type":"ReadAction","target":["https:\/\/la-cabrade.be\/produit\/cartouche-helite-xl-100-cc\/"]}]},{"@type":"ImageObject","inLanguage":"fr-BE","@id":"https:\/\/la-cabrade.be\/produit\/cartouche-helite-xl-100-cc\/#primaryimage","url":"https:\/\/la-cabrade.be\/wp-content\/uploads\/2023\/11\/CARTOUCHE-HELITE-XL-100-cc_Airbags-et-accessoires_14792_1.jpeg","contentUrl":"https:\/\/la-cabrade.be\/wp-content\/uploads\/2023\/11\/CARTOUCHE-HELITE-XL-100-cc_Airbags-et-accessoires_14792_1.jpeg","width":700,"height":700,"caption":"CARTOUCHE HELITE XL 100 cc Airbags et accessoires 14792 1.jpeg"},{"@type":"BreadcrumbList","@id":"https:\/\/la-cabrade.be\/produit\/cartouche-helite-xl-100-cc\/#breadcrumb","itemListElement":[{"@type":"ListItem","position":1,"name":"Accueil","item":"https:\/\/la-cabrade.be\/"},{"@type":"ListItem","position":2,"name":"Boutique","item":"https:\/\/la-cabrade.be\/fr\/boutique\/"},{"@type":"ListItem","position":3,"name":"Cartouche helite xl 100 cc"}]},{"@type":"WebSite","@id":"https:\/\/la-cabrade.be\/#website","url":"https:\/\/la-cabrade.be\/","name":"La Cabrade","description":"Sellerie en ligne et magasin d\u2019\u00e9quitation \u00e0 Fl\u00e9ron, Li\u00e8ge","publisher":{"@id":"https:\/\/la-cabrade.be\/#organization"},"potentialAction":[{"@type":"SearchAction","target":{"@type":"EntryPoint","urlTemplate":"https:\/\/la-cabrade.be\/?s={search_term_string}"},"query-input":{"@type":"PropertyValueSpecification","valueRequired":true,"valueName":"search_term_string"}}],"inLanguage":"fr-BE"},{"@type":"Organization","@id":"https:\/\/la-cabrade.be\/#organization","name":"La Cabrade","url":"https:\/\/la-cabrade.be\/","logo":{"@type":"ImageObject","inLanguage":"fr-BE","@id":"https:\/\/la-cabrade.be\/#\/schema\/logo\/image\/","url":"https:\/\/la-cabrade.be\/wp-content\/uploads\/2020\/04\/La-Cabrade_logo.svg","contentUrl":"https:\/\/la-cabrade.be\/wp-content\/uploads\/2020\/04\/La-Cabrade_logo.svg","width":900,"height":320,"caption":"La Cabrade"},"image":{"@id":"https:\/\/la-cabrade.be\/#\/schema\/logo\/image\/"}}]}},"brands":[{"id":602,"name":"Helite","slug":"helite"}],"_links":{"self":[{"href":"https:\/\/la-cabrade.be\/fr\/wp-json\/wp\/v2\/product\/4459","targetHints":{"allow":["GET"]}}],"collection":[{"href":"https:\/\/la-cabrade.be\/fr\/wp-json\/wp\/v2\/product"}],"about":[{"href":"https:\/\/la-cabrade.be\/fr\/wp-json\/wp\/v2\/types\/product"}],"wp:featuredmedia":[{"embeddable":true,"href":"https:\/\/la-cabrade.be\/fr\/wp-json\/wp\/v2\/media\/23643"}],"wp:attachment":[{"href":"https:\/\/la-cabrade.be\/fr\/wp-json\/wp\/v2\/media?parent=4459"}],"wp:term":[{"taxonomy":"pwb-brand","embeddable":true,"href":"https:\/\/la-cabrade.be\/fr\/wp-json\/wp\/v2\/pwb-brand?post=4459"},{"taxonomy":"product_brand","embeddable":true,"href":"https:\/\/la-cabrade.be\/fr\/wp-json\/wp\/v2\/product_brand?post=4459"},{"taxonomy":"product_cat","embeddable":true,"href":"https:\/\/la-cabrade.be\/fr\/wp-json\/wp\/v2\/product_cat?post=4459"},{"taxonomy":"product_tag","embeddable":true,"href":"https:\/\/la-cabrade.be\/fr\/wp-json\/wp\/v2\/product_tag?post=4459"},{"taxonomy":"giftcard-category","embeddable":true,"href":"https:\/\/la-cabrade.be\/fr\/wp-json\/wp\/v2\/giftcard-category?post=4459"}],"curies":[{"name":"wp","href":"https:\/\/api.w.org\/{rel}","templated":true}]}}