{"id":4377,"date":"2023-08-01T18:34:05","date_gmt":"2023-08-01T17:34:05","guid":{"rendered":"https:\/\/la-cabrade.be\/fr\/produit\/brosse-grooming-massage-volta-imperial-riding\/"},"modified":"2026-04-07T10:02:48","modified_gmt":"2026-04-07T09:02:48","slug":"brosse-grooming-massage-volta-imperial-riding","status":"publish","type":"product","link":"https:\/\/la-cabrade.be\/fr\/produit\/brosse-grooming-massage-volta-imperial-riding\/","title":{"rendered":"Brosse grooming &amp; massage Volta IMPERIAL RIDING"},"content":{"rendered":"<p style=\"margin-bottom: 0px\">Nous vous pr\u00e9sentons l&rsquo;outil de toilettage ultime pour votre cheval ! Nos t\u00eates de brosse rotatives offrent d\u00e9tente, renforcent votre lien, et sont imperm\u00e9ables. Avec la recharge sans fil et plusieurs r\u00e9glages, le toilettage n&rsquo;a jamais \u00e9t\u00e9 aussi facile !<\/p>\n<p style=\"margin-bottom: 0px\"><\/p>\n<p>G\u00e2tez votre cheval avec la brosse de toilettage et de relaxation Volta. L\u2019appareil est livr\u00e9 avec 5 styles d\u2019accessoires qui d\u00e9tendent le cheval. Frottez votre shampooing dans la crini\u00e8re, le pelage et la queue en utilisant les attaches en caoutchouc. L\u2019appareil est portable, \u00e9tanche, sans fil et charg\u00e9 dans la station de base. Ce produit est test\u00e9 et approuv\u00e9 par divers kin\u00e9s chevaux, pour une relaxation douce.<\/p>\n","protected":false},"excerpt":{"rendered":"<p>Nous vous pr\u00e9sentons l&rsquo;outil de toilettage ultime pour votre cheval ! Nos t\u00eates de brosse rotatives offrent d\u00e9tente, renforcent votre lien, et sont imperm\u00e9ables. Avec la recharge sans fil et plusieurs r\u00e9glages, le toilettage n&rsquo;a jamais \u00e9t\u00e9 aussi facile ! G\u00e2tez votre cheval avec la brosse de toilettage et de relaxation Volta. L\u2019appareil est livr\u00e9 [&hellip;]<\/p>\n","protected":false},"featured_media":18079,"template":"","meta":[],"pwb-brand":[1280],"product_brand":[],"product_cat":[809],"product_tag":[],"giftcard-category":[],"class_list":{"0":"post-4377","1":"product","2":"type-product","3":"status-publish","4":"has-post-thumbnail","6":"pwb-brand-imperial-riding","7":"product_cat-robe","9":"first","10":"outofstock","11":"taxable","12":"shipping-taxable","13":"purchasable","14":"product-type-simple"},"yoast_head":"<!-- This site is optimized with the Yoast SEO plugin v25.3.1 - https:\/\/yoast.com\/wordpress\/plugins\/seo\/ -->\n<title>Brosse grooming &amp; massage Volta IMPERIAL RIDING - La Cabrade<\/title>\n<meta name=\"description\" content=\"Achetez Brosse grooming &amp; massage Volta IMPERIAL RIDING au meilleur prix. Livraison rapide. Dans votre magasin d&#039;\u00e9quitation en ligne Sellerie La Cabrade\" \/>\n<meta name=\"robots\" content=\"index, follow, max-snippet:-1, max-image-preview:large, max-video-preview:-1\" \/>\n<link rel=\"canonical\" href=\"https:\/\/la-cabrade.be\/fr\/produit\/brosse-grooming-massage-volta-imperial-riding\/\" \/>\n<meta property=\"og:locale\" content=\"fr_FR\" \/>\n<meta property=\"og:type\" content=\"article\" \/>\n<meta property=\"og:title\" content=\"Brosse grooming &amp; massage Volta IMPERIAL RIDING - La Cabrade\" \/>\n<meta property=\"og:description\" content=\"Achetez Brosse grooming &amp; massage Volta IMPERIAL RIDING au meilleur prix. Livraison rapide. Dans votre magasin d&#039;\u00e9quitation en ligne Sellerie La Cabrade\" \/>\n<meta property=\"og:url\" content=\"https:\/\/la-cabrade.be\/fr\/produit\/brosse-grooming-massage-volta-imperial-riding\/\" \/>\n<meta property=\"og:site_name\" content=\"La Cabrade\" \/>\n<meta property=\"article:modified_time\" content=\"2026-04-07T09:02:48+00:00\" \/>\n<meta property=\"og:image\" content=\"https:\/\/la-cabrade.be\/wp-content\/uploads\/2023\/08\/40693_1.jpg\" \/>\n\t<meta property=\"og:image:width\" content=\"700\" \/>\n\t<meta property=\"og:image:height\" content=\"700\" \/>\n\t<meta property=\"og:image:type\" content=\"image\/jpeg\" \/>\n<meta name=\"twitter:label1\" content=\"Dur\u00e9e de lecture est.\" \/>\n\t<meta name=\"twitter:data1\" content=\"1 minute\" \/>\n<script type=\"application\/ld+json\" class=\"yoast-schema-graph\">{\"@context\":\"https:\/\/schema.org\",\"@graph\":[{\"@type\":\"WebPage\",\"@id\":\"https:\/\/la-cabrade.be\/fr\/produit\/brosse-grooming-massage-volta-imperial-riding\/\",\"url\":\"https:\/\/la-cabrade.be\/fr\/produit\/brosse-grooming-massage-volta-imperial-riding\/\",\"name\":\"Brosse grooming &amp; massage Volta IMPERIAL RIDING - La Cabrade\",\"isPartOf\":{\"@id\":\"https:\/\/la-cabrade.be\/#website\"},\"primaryImageOfPage\":{\"@id\":\"https:\/\/la-cabrade.be\/fr\/produit\/brosse-grooming-massage-volta-imperial-riding\/#primaryimage\"},\"image\":{\"@id\":\"https:\/\/la-cabrade.be\/fr\/produit\/brosse-grooming-massage-volta-imperial-riding\/#primaryimage\"},\"thumbnailUrl\":\"https:\/\/la-cabrade.be\/wp-content\/uploads\/2023\/08\/40693_1.jpg\",\"datePublished\":\"2023-08-01T17:34:05+00:00\",\"dateModified\":\"2026-04-07T09:02:48+00:00\",\"description\":\"Achetez Brosse grooming &amp; massage Volta IMPERIAL RIDING au meilleur prix. Livraison rapide. Dans votre magasin d'\u00e9quitation en ligne Sellerie La Cabrade\",\"breadcrumb\":{\"@id\":\"https:\/\/la-cabrade.be\/fr\/produit\/brosse-grooming-massage-volta-imperial-riding\/#breadcrumb\"},\"inLanguage\":\"fr-BE\",\"potentialAction\":[{\"@type\":\"ReadAction\",\"target\":[\"https:\/\/la-cabrade.be\/fr\/produit\/brosse-grooming-massage-volta-imperial-riding\/\"]}]},{\"@type\":\"ImageObject\",\"inLanguage\":\"fr-BE\",\"@id\":\"https:\/\/la-cabrade.be\/fr\/produit\/brosse-grooming-massage-volta-imperial-riding\/#primaryimage\",\"url\":\"https:\/\/la-cabrade.be\/wp-content\/uploads\/2023\/08\/40693_1.jpg\",\"contentUrl\":\"https:\/\/la-cabrade.be\/wp-content\/uploads\/2023\/08\/40693_1.jpg\",\"width\":700,\"height\":700,\"caption\":\"40693 1\"},{\"@type\":\"BreadcrumbList\",\"@id\":\"https:\/\/la-cabrade.be\/fr\/produit\/brosse-grooming-massage-volta-imperial-riding\/#breadcrumb\",\"itemListElement\":[{\"@type\":\"ListItem\",\"position\":1,\"name\":\"Accueil\",\"item\":\"https:\/\/la-cabrade.be\/\"},{\"@type\":\"ListItem\",\"position\":2,\"name\":\"Boutique\",\"item\":\"https:\/\/la-cabrade.be\/fr\/boutique\/\"},{\"@type\":\"ListItem\",\"position\":3,\"name\":\"Brosse grooming &amp; massage Volta IMPERIAL RIDING\"}]},{\"@type\":\"WebSite\",\"@id\":\"https:\/\/la-cabrade.be\/#website\",\"url\":\"https:\/\/la-cabrade.be\/\",\"name\":\"La Cabrade\",\"description\":\"Sellerie en ligne et magasin d\u2019\u00e9quitation \u00e0 Fl\u00e9ron, Li\u00e8ge\",\"publisher\":{\"@id\":\"https:\/\/la-cabrade.be\/#organization\"},\"potentialAction\":[{\"@type\":\"SearchAction\",\"target\":{\"@type\":\"EntryPoint\",\"urlTemplate\":\"https:\/\/la-cabrade.be\/?s={search_term_string}\"},\"query-input\":{\"@type\":\"PropertyValueSpecification\",\"valueRequired\":true,\"valueName\":\"search_term_string\"}}],\"inLanguage\":\"fr-BE\"},{\"@type\":\"Organization\",\"@id\":\"https:\/\/la-cabrade.be\/#organization\",\"name\":\"La Cabrade\",\"url\":\"https:\/\/la-cabrade.be\/\",\"logo\":{\"@type\":\"ImageObject\",\"inLanguage\":\"fr-BE\",\"@id\":\"https:\/\/la-cabrade.be\/#\/schema\/logo\/image\/\",\"url\":\"https:\/\/la-cabrade.be\/wp-content\/uploads\/2020\/04\/La-Cabrade_logo.svg\",\"contentUrl\":\"https:\/\/la-cabrade.be\/wp-content\/uploads\/2020\/04\/La-Cabrade_logo.svg\",\"width\":900,\"height\":320,\"caption\":\"La Cabrade\"},\"image\":{\"@id\":\"https:\/\/la-cabrade.be\/#\/schema\/logo\/image\/\"}}]}<\/script>\n<!-- \/ Yoast SEO plugin. -->","yoast_head_json":{"title":"Brosse grooming &amp; massage Volta IMPERIAL RIDING - La Cabrade","description":"Achetez Brosse grooming &amp; massage Volta IMPERIAL RIDING au meilleur prix. Livraison rapide. Dans votre magasin d'\u00e9quitation en ligne Sellerie La Cabrade","robots":{"index":"index","follow":"follow","max-snippet":"max-snippet:-1","max-image-preview":"max-image-preview:large","max-video-preview":"max-video-preview:-1"},"canonical":"https:\/\/la-cabrade.be\/fr\/produit\/brosse-grooming-massage-volta-imperial-riding\/","og_locale":"fr_FR","og_type":"article","og_title":"Brosse grooming &amp; massage Volta IMPERIAL RIDING - La Cabrade","og_description":"Achetez Brosse grooming &amp; massage Volta IMPERIAL RIDING au meilleur prix. Livraison rapide. Dans votre magasin d'\u00e9quitation en ligne Sellerie La Cabrade","og_url":"https:\/\/la-cabrade.be\/fr\/produit\/brosse-grooming-massage-volta-imperial-riding\/","og_site_name":"La Cabrade","article_modified_time":"2026-04-07T09:02:48+00:00","og_image":[{"width":700,"height":700,"url":"https:\/\/la-cabrade.be\/wp-content\/uploads\/2023\/08\/40693_1.jpg","type":"image\/jpeg"}],"twitter_misc":{"Dur\u00e9e de lecture est.":"1 minute"},"schema":{"@context":"https:\/\/schema.org","@graph":[{"@type":"WebPage","@id":"https:\/\/la-cabrade.be\/fr\/produit\/brosse-grooming-massage-volta-imperial-riding\/","url":"https:\/\/la-cabrade.be\/fr\/produit\/brosse-grooming-massage-volta-imperial-riding\/","name":"Brosse grooming &amp; massage Volta IMPERIAL RIDING - La Cabrade","isPartOf":{"@id":"https:\/\/la-cabrade.be\/#website"},"primaryImageOfPage":{"@id":"https:\/\/la-cabrade.be\/fr\/produit\/brosse-grooming-massage-volta-imperial-riding\/#primaryimage"},"image":{"@id":"https:\/\/la-cabrade.be\/fr\/produit\/brosse-grooming-massage-volta-imperial-riding\/#primaryimage"},"thumbnailUrl":"https:\/\/la-cabrade.be\/wp-content\/uploads\/2023\/08\/40693_1.jpg","datePublished":"2023-08-01T17:34:05+00:00","dateModified":"2026-04-07T09:02:48+00:00","description":"Achetez Brosse grooming &amp; massage Volta IMPERIAL RIDING au meilleur prix. Livraison rapide. Dans votre magasin d'\u00e9quitation en ligne Sellerie La Cabrade","breadcrumb":{"@id":"https:\/\/la-cabrade.be\/fr\/produit\/brosse-grooming-massage-volta-imperial-riding\/#breadcrumb"},"inLanguage":"fr-BE","potentialAction":[{"@type":"ReadAction","target":["https:\/\/la-cabrade.be\/fr\/produit\/brosse-grooming-massage-volta-imperial-riding\/"]}]},{"@type":"ImageObject","inLanguage":"fr-BE","@id":"https:\/\/la-cabrade.be\/fr\/produit\/brosse-grooming-massage-volta-imperial-riding\/#primaryimage","url":"https:\/\/la-cabrade.be\/wp-content\/uploads\/2023\/08\/40693_1.jpg","contentUrl":"https:\/\/la-cabrade.be\/wp-content\/uploads\/2023\/08\/40693_1.jpg","width":700,"height":700,"caption":"40693 1"},{"@type":"BreadcrumbList","@id":"https:\/\/la-cabrade.be\/fr\/produit\/brosse-grooming-massage-volta-imperial-riding\/#breadcrumb","itemListElement":[{"@type":"ListItem","position":1,"name":"Accueil","item":"https:\/\/la-cabrade.be\/"},{"@type":"ListItem","position":2,"name":"Boutique","item":"https:\/\/la-cabrade.be\/fr\/boutique\/"},{"@type":"ListItem","position":3,"name":"Brosse grooming &amp; massage Volta IMPERIAL RIDING"}]},{"@type":"WebSite","@id":"https:\/\/la-cabrade.be\/#website","url":"https:\/\/la-cabrade.be\/","name":"La Cabrade","description":"Sellerie en ligne et magasin d\u2019\u00e9quitation \u00e0 Fl\u00e9ron, Li\u00e8ge","publisher":{"@id":"https:\/\/la-cabrade.be\/#organization"},"potentialAction":[{"@type":"SearchAction","target":{"@type":"EntryPoint","urlTemplate":"https:\/\/la-cabrade.be\/?s={search_term_string}"},"query-input":{"@type":"PropertyValueSpecification","valueRequired":true,"valueName":"search_term_string"}}],"inLanguage":"fr-BE"},{"@type":"Organization","@id":"https:\/\/la-cabrade.be\/#organization","name":"La Cabrade","url":"https:\/\/la-cabrade.be\/","logo":{"@type":"ImageObject","inLanguage":"fr-BE","@id":"https:\/\/la-cabrade.be\/#\/schema\/logo\/image\/","url":"https:\/\/la-cabrade.be\/wp-content\/uploads\/2020\/04\/La-Cabrade_logo.svg","contentUrl":"https:\/\/la-cabrade.be\/wp-content\/uploads\/2020\/04\/La-Cabrade_logo.svg","width":900,"height":320,"caption":"La Cabrade"},"image":{"@id":"https:\/\/la-cabrade.be\/#\/schema\/logo\/image\/"}}]}},"brands":[{"id":1280,"name":"Imperial Riding","slug":"imperial-riding"}],"_links":{"self":[{"href":"https:\/\/la-cabrade.be\/fr\/wp-json\/wp\/v2\/product\/4377","targetHints":{"allow":["GET"]}}],"collection":[{"href":"https:\/\/la-cabrade.be\/fr\/wp-json\/wp\/v2\/product"}],"about":[{"href":"https:\/\/la-cabrade.be\/fr\/wp-json\/wp\/v2\/types\/product"}],"wp:featuredmedia":[{"embeddable":true,"href":"https:\/\/la-cabrade.be\/fr\/wp-json\/wp\/v2\/media\/18079"}],"wp:attachment":[{"href":"https:\/\/la-cabrade.be\/fr\/wp-json\/wp\/v2\/media?parent=4377"}],"wp:term":[{"taxonomy":"pwb-brand","embeddable":true,"href":"https:\/\/la-cabrade.be\/fr\/wp-json\/wp\/v2\/pwb-brand?post=4377"},{"taxonomy":"product_brand","embeddable":true,"href":"https:\/\/la-cabrade.be\/fr\/wp-json\/wp\/v2\/product_brand?post=4377"},{"taxonomy":"product_cat","embeddable":true,"href":"https:\/\/la-cabrade.be\/fr\/wp-json\/wp\/v2\/product_cat?post=4377"},{"taxonomy":"product_tag","embeddable":true,"href":"https:\/\/la-cabrade.be\/fr\/wp-json\/wp\/v2\/product_tag?post=4377"},{"taxonomy":"giftcard-category","embeddable":true,"href":"https:\/\/la-cabrade.be\/fr\/wp-json\/wp\/v2\/giftcard-category?post=4377"}],"curies":[{"name":"wp","href":"https:\/\/api.w.org\/{rel}","templated":true}]}}