{"id":42029,"date":"2024-02-22T11:23:26","date_gmt":"2024-02-22T10:23:26","guid":{"rendered":"https:\/\/la-cabrade.be\/fr\/produit\/lympha-draine-vital-herbs-s-r\/"},"modified":"2026-03-24T12:04:46","modified_gmt":"2026-03-24T11:04:46","slug":"lympha-draine-vital-herbs-s-r","status":"publish","type":"product","link":"https:\/\/la-cabrade.be\/fr\/produit\/lympha-draine-vital-herbs-s-r\/","title":{"rendered":"Lympha draine vital herbs s\/r"},"content":{"rendered":"<p>M\u00e9lange sp\u00e9cifique qui soutient et active la  circulation sanguine et lymphatique afin acc\u00e9l\u00e9rer l&rsquo;\u00e9vacuation des d\u00e9chets m\u00e9taboliques de l&rsquo;organisme. Chevaux qui engorgent des post\u00e9rieurs, des quatre membres, du fourreau. Id\u00e9al pour l\u2019\u0153d\u00e8me de box, fourbure, cheval immobilis\u00e9. A utiliser pour le maintient d\u2019une bonne circulation.<br \/>\nComposition: Reine des pr\u00e8s, vigne rouge, m\u00e9lilot, centella asiatica.<br \/>\nProt\u00e9ines : 12.1%, cellulose  24.5% lipides: 6.5%  Cendres: 7%<br \/>\nMode d&#8217;emploi: Chevaux: 4 mesurettes par jour\/Poney: 2 mesurettes par jour dans la ration.  1 kilo= 25 jours d&rsquo;utilisation cheval, 50 poney.<br \/>\nCompl\u00e9ment alimentaire pour \u00e9quid\u00e9s.<\/p>\n<p>Centella Asiatica: Insuffisance veineuse, En Inde, en Chine et en Indon\u00e9sie, les propri\u00e9t\u00e9s m\u00e9dicinales du Centalla Asiatica sont connues depuis plus de 2 000 ans. Outre son utilit\u00e9 pour soigner les blessures, les probl\u00e8mes cutan\u00e9s et traiter les troubles veineux. Plante vasodilatatrice.<br \/>\nM\u00e9lilot Officinale: Aide \u00e0 lutter contre les troubles de circulation gr\u00e2ce \u00e0 ses propri\u00e9t\u00e9s veinotoniques. On l&rsquo;utilise contre les divers maux tesl que oedemes, varices.<br \/>\nReine des pr\u00e8s: Elle contient des d\u00e9riv\u00e9s salicyl\u00e9s qui lui conf\u00e8rent des vertus anti-inflammatoires, c&rsquo;est \u00e9galement un diur\u00e9tique efficace.<br \/>\nVigne rouge: Est efficace dans le traitement des troubles circulatoires.<br \/>\nSource: https:\/\/www.passeportsante.net\/fr\/Solutions\/PlantesSupplements\/Fiche.aspx?doc=gotu_kola_ps\/ Encyclop\u00e9die des Plantes m\u00e9dicinales Larousse 2001\/Paul Iserin : Conseil scientifique, responsable du d\u00e9partement de phytoth\u00e9rapie \u00e0 la facult\u00e9 de m\u00e9decine de Bobigny\/ Dictionnaire des plantes m\u00e9cicinales editions 2018 chez Alpen, Docteur Daniel Scimeca.<\/p>\n","protected":false},"excerpt":{"rendered":"<p>M\u00e9lange sp\u00e9cifique qui soutient et active la circulation sanguine et lymphatique afin acc\u00e9l\u00e9rer l&rsquo;\u00e9vacuation des d\u00e9chets m\u00e9taboliques de l&rsquo;organisme. Chevaux qui engorgent des post\u00e9rieurs, des quatre membres, du fourreau. Id\u00e9al pour l\u2019\u0153d\u00e8me de box, fourbure, cheval immobilis\u00e9. A utiliser pour le maintient d\u2019une bonne circulation. Composition: Reine des pr\u00e8s, vigne rouge, m\u00e9lilot, centella asiatica. Prot\u00e9ines [&hellip;]<\/p>\n","protected":false},"featured_media":42028,"template":"","meta":[],"pwb-brand":[656],"product_brand":[],"product_cat":[722,835,1165],"product_tag":[],"giftcard-category":[],"class_list":{"0":"post-42029","1":"product","2":"type-product","3":"status-publish","4":"has-post-thumbnail","6":"pwb-brand-vital-herbs","7":"product_cat-complements-alimentaires","8":"product_cat-systeme-respiratoire","9":"product_cat-soins-alimentation","11":"first","12":"outofstock","13":"taxable","14":"shipping-taxable","15":"purchasable","16":"product-type-variable","17":"has-default-attributes"},"yoast_head":"<!-- This site is optimized with the Yoast SEO plugin v25.3.1 - https:\/\/yoast.com\/wordpress\/plugins\/seo\/ -->\n<title>Lympha draine vital herbs s\/r - La Cabrade<\/title>\n<meta name=\"description\" content=\"Achetez Lympha draine vital herbs s\/r au meilleur prix. Livraison rapide. Dans votre magasin d&#039;\u00e9quitation en ligne Sellerie La Cabrade\" \/>\n<meta name=\"robots\" content=\"index, follow, max-snippet:-1, max-image-preview:large, max-video-preview:-1\" \/>\n<link rel=\"canonical\" href=\"https:\/\/la-cabrade.be\/fr\/produit\/lympha-draine-vital-herbs-s-r\/\" \/>\n<meta property=\"og:locale\" content=\"fr_FR\" \/>\n<meta property=\"og:type\" content=\"article\" \/>\n<meta property=\"og:title\" content=\"Lympha draine vital herbs s\/r - La Cabrade\" \/>\n<meta property=\"og:description\" content=\"Achetez Lympha draine vital herbs s\/r au meilleur prix. Livraison rapide. Dans votre magasin d&#039;\u00e9quitation en ligne Sellerie La Cabrade\" \/>\n<meta property=\"og:url\" content=\"https:\/\/la-cabrade.be\/fr\/produit\/lympha-draine-vital-herbs-s-r\/\" \/>\n<meta property=\"og:site_name\" content=\"La Cabrade\" \/>\n<meta property=\"article:modified_time\" content=\"2026-03-24T11:04:46+00:00\" \/>\n<meta property=\"og:image\" content=\"https:\/\/la-cabrade.be\/wp-content\/uploads\/2024\/02\/LYMPHA-DRAINE-VITAL-HERBS-SR_Systeme-hepatique_15011_1.jpeg\" \/>\n\t<meta property=\"og:image:width\" content=\"700\" \/>\n\t<meta property=\"og:image:height\" content=\"700\" \/>\n\t<meta property=\"og:image:type\" content=\"image\/jpeg\" \/>\n<meta name=\"twitter:label1\" content=\"Dur\u00e9e de lecture est.\" \/>\n\t<meta name=\"twitter:data1\" content=\"1 minute\" \/>\n<script type=\"application\/ld+json\" class=\"yoast-schema-graph\">{\"@context\":\"https:\/\/schema.org\",\"@graph\":[{\"@type\":\"WebPage\",\"@id\":\"https:\/\/la-cabrade.be\/produit\/lympha-draine-vital-herbs-s-r\/\",\"url\":\"https:\/\/la-cabrade.be\/produit\/lympha-draine-vital-herbs-s-r\/\",\"name\":\"Lympha draine vital herbs s\/r - La Cabrade\",\"isPartOf\":{\"@id\":\"https:\/\/la-cabrade.be\/#website\"},\"primaryImageOfPage\":{\"@id\":\"https:\/\/la-cabrade.be\/produit\/lympha-draine-vital-herbs-s-r\/#primaryimage\"},\"image\":{\"@id\":\"https:\/\/la-cabrade.be\/produit\/lympha-draine-vital-herbs-s-r\/#primaryimage\"},\"thumbnailUrl\":\"https:\/\/la-cabrade.be\/wp-content\/uploads\/2024\/02\/LYMPHA-DRAINE-VITAL-HERBS-SR_Systeme-hepatique_15011_1.jpeg\",\"datePublished\":\"2024-02-22T10:23:26+00:00\",\"dateModified\":\"2026-03-24T11:04:46+00:00\",\"description\":\"Achetez Lympha draine vital herbs s\/r au meilleur prix. Livraison rapide. Dans votre magasin d'\u00e9quitation en ligne Sellerie La Cabrade\",\"breadcrumb\":{\"@id\":\"https:\/\/la-cabrade.be\/produit\/lympha-draine-vital-herbs-s-r\/#breadcrumb\"},\"inLanguage\":\"fr-BE\",\"potentialAction\":[{\"@type\":\"ReadAction\",\"target\":[\"https:\/\/la-cabrade.be\/produit\/lympha-draine-vital-herbs-s-r\/\"]}]},{\"@type\":\"ImageObject\",\"inLanguage\":\"fr-BE\",\"@id\":\"https:\/\/la-cabrade.be\/produit\/lympha-draine-vital-herbs-s-r\/#primaryimage\",\"url\":\"https:\/\/la-cabrade.be\/wp-content\/uploads\/2024\/02\/LYMPHA-DRAINE-VITAL-HERBS-SR_Systeme-hepatique_15011_1.jpeg\",\"contentUrl\":\"https:\/\/la-cabrade.be\/wp-content\/uploads\/2024\/02\/LYMPHA-DRAINE-VITAL-HERBS-SR_Systeme-hepatique_15011_1.jpeg\",\"width\":700,\"height\":700,\"caption\":\"LYMPHA DRAINE VITAL HERBS SR Systeme hepatique 15011 1.jpeg\"},{\"@type\":\"BreadcrumbList\",\"@id\":\"https:\/\/la-cabrade.be\/produit\/lympha-draine-vital-herbs-s-r\/#breadcrumb\",\"itemListElement\":[{\"@type\":\"ListItem\",\"position\":1,\"name\":\"Accueil\",\"item\":\"https:\/\/la-cabrade.be\/\"},{\"@type\":\"ListItem\",\"position\":2,\"name\":\"Boutique\",\"item\":\"https:\/\/la-cabrade.be\/fr\/boutique\/\"},{\"@type\":\"ListItem\",\"position\":3,\"name\":\"Lympha draine vital herbs s\/r\"}]},{\"@type\":\"WebSite\",\"@id\":\"https:\/\/la-cabrade.be\/#website\",\"url\":\"https:\/\/la-cabrade.be\/\",\"name\":\"La Cabrade\",\"description\":\"Sellerie en ligne et magasin d\u2019\u00e9quitation \u00e0 Fl\u00e9ron, Li\u00e8ge\",\"publisher\":{\"@id\":\"https:\/\/la-cabrade.be\/#organization\"},\"potentialAction\":[{\"@type\":\"SearchAction\",\"target\":{\"@type\":\"EntryPoint\",\"urlTemplate\":\"https:\/\/la-cabrade.be\/?s={search_term_string}\"},\"query-input\":{\"@type\":\"PropertyValueSpecification\",\"valueRequired\":true,\"valueName\":\"search_term_string\"}}],\"inLanguage\":\"fr-BE\"},{\"@type\":\"Organization\",\"@id\":\"https:\/\/la-cabrade.be\/#organization\",\"name\":\"La Cabrade\",\"url\":\"https:\/\/la-cabrade.be\/\",\"logo\":{\"@type\":\"ImageObject\",\"inLanguage\":\"fr-BE\",\"@id\":\"https:\/\/la-cabrade.be\/#\/schema\/logo\/image\/\",\"url\":\"https:\/\/la-cabrade.be\/wp-content\/uploads\/2020\/04\/La-Cabrade_logo.svg\",\"contentUrl\":\"https:\/\/la-cabrade.be\/wp-content\/uploads\/2020\/04\/La-Cabrade_logo.svg\",\"width\":900,\"height\":320,\"caption\":\"La Cabrade\"},\"image\":{\"@id\":\"https:\/\/la-cabrade.be\/#\/schema\/logo\/image\/\"}}]}<\/script>\n<!-- \/ Yoast SEO plugin. -->","yoast_head_json":{"title":"Lympha draine vital herbs s\/r - La Cabrade","description":"Achetez Lympha draine vital herbs s\/r au meilleur prix. Livraison rapide. Dans votre magasin d'\u00e9quitation en ligne Sellerie La Cabrade","robots":{"index":"index","follow":"follow","max-snippet":"max-snippet:-1","max-image-preview":"max-image-preview:large","max-video-preview":"max-video-preview:-1"},"canonical":"https:\/\/la-cabrade.be\/fr\/produit\/lympha-draine-vital-herbs-s-r\/","og_locale":"fr_FR","og_type":"article","og_title":"Lympha draine vital herbs s\/r - La Cabrade","og_description":"Achetez Lympha draine vital herbs s\/r au meilleur prix. Livraison rapide. Dans votre magasin d'\u00e9quitation en ligne Sellerie La Cabrade","og_url":"https:\/\/la-cabrade.be\/fr\/produit\/lympha-draine-vital-herbs-s-r\/","og_site_name":"La Cabrade","article_modified_time":"2026-03-24T11:04:46+00:00","og_image":[{"width":700,"height":700,"url":"https:\/\/la-cabrade.be\/wp-content\/uploads\/2024\/02\/LYMPHA-DRAINE-VITAL-HERBS-SR_Systeme-hepatique_15011_1.jpeg","type":"image\/jpeg"}],"twitter_misc":{"Dur\u00e9e de lecture est.":"1 minute"},"schema":{"@context":"https:\/\/schema.org","@graph":[{"@type":"WebPage","@id":"https:\/\/la-cabrade.be\/produit\/lympha-draine-vital-herbs-s-r\/","url":"https:\/\/la-cabrade.be\/produit\/lympha-draine-vital-herbs-s-r\/","name":"Lympha draine vital herbs s\/r - La Cabrade","isPartOf":{"@id":"https:\/\/la-cabrade.be\/#website"},"primaryImageOfPage":{"@id":"https:\/\/la-cabrade.be\/produit\/lympha-draine-vital-herbs-s-r\/#primaryimage"},"image":{"@id":"https:\/\/la-cabrade.be\/produit\/lympha-draine-vital-herbs-s-r\/#primaryimage"},"thumbnailUrl":"https:\/\/la-cabrade.be\/wp-content\/uploads\/2024\/02\/LYMPHA-DRAINE-VITAL-HERBS-SR_Systeme-hepatique_15011_1.jpeg","datePublished":"2024-02-22T10:23:26+00:00","dateModified":"2026-03-24T11:04:46+00:00","description":"Achetez Lympha draine vital herbs s\/r au meilleur prix. Livraison rapide. Dans votre magasin d'\u00e9quitation en ligne Sellerie La Cabrade","breadcrumb":{"@id":"https:\/\/la-cabrade.be\/produit\/lympha-draine-vital-herbs-s-r\/#breadcrumb"},"inLanguage":"fr-BE","potentialAction":[{"@type":"ReadAction","target":["https:\/\/la-cabrade.be\/produit\/lympha-draine-vital-herbs-s-r\/"]}]},{"@type":"ImageObject","inLanguage":"fr-BE","@id":"https:\/\/la-cabrade.be\/produit\/lympha-draine-vital-herbs-s-r\/#primaryimage","url":"https:\/\/la-cabrade.be\/wp-content\/uploads\/2024\/02\/LYMPHA-DRAINE-VITAL-HERBS-SR_Systeme-hepatique_15011_1.jpeg","contentUrl":"https:\/\/la-cabrade.be\/wp-content\/uploads\/2024\/02\/LYMPHA-DRAINE-VITAL-HERBS-SR_Systeme-hepatique_15011_1.jpeg","width":700,"height":700,"caption":"LYMPHA DRAINE VITAL HERBS SR Systeme hepatique 15011 1.jpeg"},{"@type":"BreadcrumbList","@id":"https:\/\/la-cabrade.be\/produit\/lympha-draine-vital-herbs-s-r\/#breadcrumb","itemListElement":[{"@type":"ListItem","position":1,"name":"Accueil","item":"https:\/\/la-cabrade.be\/"},{"@type":"ListItem","position":2,"name":"Boutique","item":"https:\/\/la-cabrade.be\/fr\/boutique\/"},{"@type":"ListItem","position":3,"name":"Lympha draine vital herbs s\/r"}]},{"@type":"WebSite","@id":"https:\/\/la-cabrade.be\/#website","url":"https:\/\/la-cabrade.be\/","name":"La Cabrade","description":"Sellerie en ligne et magasin d\u2019\u00e9quitation \u00e0 Fl\u00e9ron, Li\u00e8ge","publisher":{"@id":"https:\/\/la-cabrade.be\/#organization"},"potentialAction":[{"@type":"SearchAction","target":{"@type":"EntryPoint","urlTemplate":"https:\/\/la-cabrade.be\/?s={search_term_string}"},"query-input":{"@type":"PropertyValueSpecification","valueRequired":true,"valueName":"search_term_string"}}],"inLanguage":"fr-BE"},{"@type":"Organization","@id":"https:\/\/la-cabrade.be\/#organization","name":"La Cabrade","url":"https:\/\/la-cabrade.be\/","logo":{"@type":"ImageObject","inLanguage":"fr-BE","@id":"https:\/\/la-cabrade.be\/#\/schema\/logo\/image\/","url":"https:\/\/la-cabrade.be\/wp-content\/uploads\/2020\/04\/La-Cabrade_logo.svg","contentUrl":"https:\/\/la-cabrade.be\/wp-content\/uploads\/2020\/04\/La-Cabrade_logo.svg","width":900,"height":320,"caption":"La Cabrade"},"image":{"@id":"https:\/\/la-cabrade.be\/#\/schema\/logo\/image\/"}}]}},"brands":[{"id":656,"name":"Vital Herbs","slug":"vital-herbs"}],"_links":{"self":[{"href":"https:\/\/la-cabrade.be\/fr\/wp-json\/wp\/v2\/product\/42029","targetHints":{"allow":["GET"]}}],"collection":[{"href":"https:\/\/la-cabrade.be\/fr\/wp-json\/wp\/v2\/product"}],"about":[{"href":"https:\/\/la-cabrade.be\/fr\/wp-json\/wp\/v2\/types\/product"}],"wp:featuredmedia":[{"embeddable":true,"href":"https:\/\/la-cabrade.be\/fr\/wp-json\/wp\/v2\/media\/42028"}],"wp:attachment":[{"href":"https:\/\/la-cabrade.be\/fr\/wp-json\/wp\/v2\/media?parent=42029"}],"wp:term":[{"taxonomy":"pwb-brand","embeddable":true,"href":"https:\/\/la-cabrade.be\/fr\/wp-json\/wp\/v2\/pwb-brand?post=42029"},{"taxonomy":"product_brand","embeddable":true,"href":"https:\/\/la-cabrade.be\/fr\/wp-json\/wp\/v2\/product_brand?post=42029"},{"taxonomy":"product_cat","embeddable":true,"href":"https:\/\/la-cabrade.be\/fr\/wp-json\/wp\/v2\/product_cat?post=42029"},{"taxonomy":"product_tag","embeddable":true,"href":"https:\/\/la-cabrade.be\/fr\/wp-json\/wp\/v2\/product_tag?post=42029"},{"taxonomy":"giftcard-category","embeddable":true,"href":"https:\/\/la-cabrade.be\/fr\/wp-json\/wp\/v2\/giftcard-category?post=42029"}],"curies":[{"name":"wp","href":"https:\/\/api.w.org\/{rel}","templated":true}]}}