{"id":4168,"date":"2023-08-01T17:53:14","date_gmt":"2023-08-01T16:53:14","guid":{"rendered":"https:\/\/la-cabrade.be\/fr\/produit\/bridon-br-lydney-hackamore\/"},"modified":"2026-03-24T11:48:35","modified_gmt":"2026-03-24T10:48:35","slug":"bridon-br-lydney-hackamore","status":"publish","type":"product","link":"https:\/\/la-cabrade.be\/fr\/produit\/bridon-br-lydney-hackamore\/","title":{"rendered":"Bridon br lydney hackamore"},"content":{"rendered":"<p>BRIDON BR LYDNEY HACKAMORE<br \/>\n186001<\/p>\n<p>Ce bridon Hackamore est pourvu de branches en inox de 152 mm de long et d\u2019un rembourrage extra doux au niveau de la muserolle.<\/p>\n<p>Le t\u00eati\u00e8re \u00ab BR E-Line Anatomic \u00bb (art. 189058) sym\u00e9trique et anatomique a une doublure douce. La forme E ronde offre plus de libert\u00e9 derri\u00e8re les oreilles du cheval. Le Hackamore est pourvu de branches ce qui cr\u00e9e ainsi un effet de levier. Lorsqu\u2019on tire sur les r\u00eanes il y a principalement une pression sur le nez et le menton et un peu de pression sur le cou et les oreilles. Le rembourrage extra doux au niveau de la muserolle assure une r\u00e9duction de la pression. Il y a \u00e9galement une protection douce au niveau des m\u00e2choires et des rabats de protection sous les c\u00f4t\u00e9s du frontal.<\/p>\n<p>Le cuir anglais de qualit\u00e9 qui est souple et durable et les boucles brillantes compl\u00e8tent ce beau bridon.<\/p>\n","protected":false},"excerpt":{"rendered":"<p>BRIDON BR LYDNEY HACKAMORE 186001 Ce bridon Hackamore est pourvu de branches en inox de 152 mm de long et d\u2019un rembourrage extra doux au niveau de la muserolle. Le t\u00eati\u00e8re \u00ab BR E-Line Anatomic \u00bb (art. 189058) sym\u00e9trique et anatomique a une doublure douce. La forme E ronde offre plus de libert\u00e9 derri\u00e8re les [&hellip;]<\/p>\n","protected":false},"featured_media":23367,"template":"","meta":[],"pwb-brand":[575],"product_brand":[],"product_cat":[707],"product_tag":[],"giftcard-category":[],"class_list":{"0":"post-4168","1":"product","2":"type-product","3":"status-publish","4":"has-post-thumbnail","6":"pwb-brand-br","7":"product_cat-bridons-sans-mors-et-hackamore","9":"first","10":"outofstock","11":"taxable","12":"shipping-taxable","13":"purchasable","14":"product-type-variable","15":"has-default-attributes"},"yoast_head":"<!-- This site is optimized with the Yoast SEO plugin v25.3.1 - https:\/\/yoast.com\/wordpress\/plugins\/seo\/ -->\n<title>Bridon br lydney hackamore - La Cabrade<\/title>\n<meta name=\"description\" content=\"Achetez Bridon br lydney hackamore au meilleur prix. Livraison rapide. Dans votre magasin d&#039;\u00e9quitation en ligne Sellerie La Cabrade\" \/>\n<meta name=\"robots\" content=\"index, follow, max-snippet:-1, max-image-preview:large, max-video-preview:-1\" \/>\n<link rel=\"canonical\" href=\"https:\/\/la-cabrade.be\/fr\/produit\/bridon-br-lydney-hackamore\/\" \/>\n<meta property=\"og:locale\" content=\"fr_FR\" \/>\n<meta property=\"og:type\" content=\"article\" \/>\n<meta property=\"og:title\" content=\"Bridon br lydney hackamore - La Cabrade\" \/>\n<meta property=\"og:description\" content=\"Achetez Bridon br lydney hackamore au meilleur prix. Livraison rapide. Dans votre magasin d&#039;\u00e9quitation en ligne Sellerie La Cabrade\" \/>\n<meta property=\"og:url\" content=\"https:\/\/la-cabrade.be\/fr\/produit\/bridon-br-lydney-hackamore\/\" \/>\n<meta property=\"og:site_name\" content=\"La Cabrade\" \/>\n<meta property=\"article:modified_time\" content=\"2026-03-24T10:48:35+00:00\" \/>\n<meta property=\"og:image\" content=\"https:\/\/la-cabrade.be\/wp-content\/uploads\/2023\/11\/BRIDON-BR-LYDNEY-HACKAMORE_Bridons-sans-mors-et-Hackamore_15444_1.jpeg\" \/>\n\t<meta property=\"og:image:width\" content=\"700\" \/>\n\t<meta property=\"og:image:height\" content=\"700\" \/>\n\t<meta property=\"og:image:type\" content=\"image\/jpeg\" \/>\n<meta name=\"twitter:label1\" content=\"Dur\u00e9e de lecture est.\" \/>\n\t<meta name=\"twitter:data1\" content=\"1 minute\" \/>\n<script type=\"application\/ld+json\" class=\"yoast-schema-graph\">{\"@context\":\"https:\/\/schema.org\",\"@graph\":[{\"@type\":\"WebPage\",\"@id\":\"https:\/\/la-cabrade.be\/produit\/bridon-br-lydney-hackamore\/\",\"url\":\"https:\/\/la-cabrade.be\/produit\/bridon-br-lydney-hackamore\/\",\"name\":\"Bridon br lydney hackamore - La Cabrade\",\"isPartOf\":{\"@id\":\"https:\/\/la-cabrade.be\/#website\"},\"primaryImageOfPage\":{\"@id\":\"https:\/\/la-cabrade.be\/produit\/bridon-br-lydney-hackamore\/#primaryimage\"},\"image\":{\"@id\":\"https:\/\/la-cabrade.be\/produit\/bridon-br-lydney-hackamore\/#primaryimage\"},\"thumbnailUrl\":\"https:\/\/la-cabrade.be\/wp-content\/uploads\/2023\/11\/BRIDON-BR-LYDNEY-HACKAMORE_Bridons-sans-mors-et-Hackamore_15444_1.jpeg\",\"datePublished\":\"2023-08-01T16:53:14+00:00\",\"dateModified\":\"2026-03-24T10:48:35+00:00\",\"description\":\"Achetez Bridon br lydney hackamore au meilleur prix. Livraison rapide. Dans votre magasin d'\u00e9quitation en ligne Sellerie La Cabrade\",\"breadcrumb\":{\"@id\":\"https:\/\/la-cabrade.be\/produit\/bridon-br-lydney-hackamore\/#breadcrumb\"},\"inLanguage\":\"fr-BE\",\"potentialAction\":[{\"@type\":\"ReadAction\",\"target\":[\"https:\/\/la-cabrade.be\/produit\/bridon-br-lydney-hackamore\/\"]}]},{\"@type\":\"ImageObject\",\"inLanguage\":\"fr-BE\",\"@id\":\"https:\/\/la-cabrade.be\/produit\/bridon-br-lydney-hackamore\/#primaryimage\",\"url\":\"https:\/\/la-cabrade.be\/wp-content\/uploads\/2023\/11\/BRIDON-BR-LYDNEY-HACKAMORE_Bridons-sans-mors-et-Hackamore_15444_1.jpeg\",\"contentUrl\":\"https:\/\/la-cabrade.be\/wp-content\/uploads\/2023\/11\/BRIDON-BR-LYDNEY-HACKAMORE_Bridons-sans-mors-et-Hackamore_15444_1.jpeg\",\"width\":700,\"height\":700,\"caption\":\"BRIDON BR LYDNEY HACKAMORE Bridons sans mors et Hackamore 15444 1.jpeg\"},{\"@type\":\"BreadcrumbList\",\"@id\":\"https:\/\/la-cabrade.be\/produit\/bridon-br-lydney-hackamore\/#breadcrumb\",\"itemListElement\":[{\"@type\":\"ListItem\",\"position\":1,\"name\":\"Accueil\",\"item\":\"https:\/\/la-cabrade.be\/\"},{\"@type\":\"ListItem\",\"position\":2,\"name\":\"Boutique\",\"item\":\"https:\/\/la-cabrade.be\/fr\/boutique\/\"},{\"@type\":\"ListItem\",\"position\":3,\"name\":\"Bridon br lydney hackamore\"}]},{\"@type\":\"WebSite\",\"@id\":\"https:\/\/la-cabrade.be\/#website\",\"url\":\"https:\/\/la-cabrade.be\/\",\"name\":\"La Cabrade\",\"description\":\"Sellerie en ligne et magasin d\u2019\u00e9quitation \u00e0 Fl\u00e9ron, Li\u00e8ge\",\"publisher\":{\"@id\":\"https:\/\/la-cabrade.be\/#organization\"},\"potentialAction\":[{\"@type\":\"SearchAction\",\"target\":{\"@type\":\"EntryPoint\",\"urlTemplate\":\"https:\/\/la-cabrade.be\/?s={search_term_string}\"},\"query-input\":{\"@type\":\"PropertyValueSpecification\",\"valueRequired\":true,\"valueName\":\"search_term_string\"}}],\"inLanguage\":\"fr-BE\"},{\"@type\":\"Organization\",\"@id\":\"https:\/\/la-cabrade.be\/#organization\",\"name\":\"La Cabrade\",\"url\":\"https:\/\/la-cabrade.be\/\",\"logo\":{\"@type\":\"ImageObject\",\"inLanguage\":\"fr-BE\",\"@id\":\"https:\/\/la-cabrade.be\/#\/schema\/logo\/image\/\",\"url\":\"https:\/\/la-cabrade.be\/wp-content\/uploads\/2020\/04\/La-Cabrade_logo.svg\",\"contentUrl\":\"https:\/\/la-cabrade.be\/wp-content\/uploads\/2020\/04\/La-Cabrade_logo.svg\",\"width\":900,\"height\":320,\"caption\":\"La Cabrade\"},\"image\":{\"@id\":\"https:\/\/la-cabrade.be\/#\/schema\/logo\/image\/\"}}]}<\/script>\n<!-- \/ Yoast SEO plugin. -->","yoast_head_json":{"title":"Bridon br lydney hackamore - La Cabrade","description":"Achetez Bridon br lydney hackamore au meilleur prix. Livraison rapide. Dans votre magasin d'\u00e9quitation en ligne Sellerie La Cabrade","robots":{"index":"index","follow":"follow","max-snippet":"max-snippet:-1","max-image-preview":"max-image-preview:large","max-video-preview":"max-video-preview:-1"},"canonical":"https:\/\/la-cabrade.be\/fr\/produit\/bridon-br-lydney-hackamore\/","og_locale":"fr_FR","og_type":"article","og_title":"Bridon br lydney hackamore - La Cabrade","og_description":"Achetez Bridon br lydney hackamore au meilleur prix. Livraison rapide. Dans votre magasin d'\u00e9quitation en ligne Sellerie La Cabrade","og_url":"https:\/\/la-cabrade.be\/fr\/produit\/bridon-br-lydney-hackamore\/","og_site_name":"La Cabrade","article_modified_time":"2026-03-24T10:48:35+00:00","og_image":[{"width":700,"height":700,"url":"https:\/\/la-cabrade.be\/wp-content\/uploads\/2023\/11\/BRIDON-BR-LYDNEY-HACKAMORE_Bridons-sans-mors-et-Hackamore_15444_1.jpeg","type":"image\/jpeg"}],"twitter_misc":{"Dur\u00e9e de lecture est.":"1 minute"},"schema":{"@context":"https:\/\/schema.org","@graph":[{"@type":"WebPage","@id":"https:\/\/la-cabrade.be\/produit\/bridon-br-lydney-hackamore\/","url":"https:\/\/la-cabrade.be\/produit\/bridon-br-lydney-hackamore\/","name":"Bridon br lydney hackamore - La Cabrade","isPartOf":{"@id":"https:\/\/la-cabrade.be\/#website"},"primaryImageOfPage":{"@id":"https:\/\/la-cabrade.be\/produit\/bridon-br-lydney-hackamore\/#primaryimage"},"image":{"@id":"https:\/\/la-cabrade.be\/produit\/bridon-br-lydney-hackamore\/#primaryimage"},"thumbnailUrl":"https:\/\/la-cabrade.be\/wp-content\/uploads\/2023\/11\/BRIDON-BR-LYDNEY-HACKAMORE_Bridons-sans-mors-et-Hackamore_15444_1.jpeg","datePublished":"2023-08-01T16:53:14+00:00","dateModified":"2026-03-24T10:48:35+00:00","description":"Achetez Bridon br lydney hackamore au meilleur prix. Livraison rapide. Dans votre magasin d'\u00e9quitation en ligne Sellerie La Cabrade","breadcrumb":{"@id":"https:\/\/la-cabrade.be\/produit\/bridon-br-lydney-hackamore\/#breadcrumb"},"inLanguage":"fr-BE","potentialAction":[{"@type":"ReadAction","target":["https:\/\/la-cabrade.be\/produit\/bridon-br-lydney-hackamore\/"]}]},{"@type":"ImageObject","inLanguage":"fr-BE","@id":"https:\/\/la-cabrade.be\/produit\/bridon-br-lydney-hackamore\/#primaryimage","url":"https:\/\/la-cabrade.be\/wp-content\/uploads\/2023\/11\/BRIDON-BR-LYDNEY-HACKAMORE_Bridons-sans-mors-et-Hackamore_15444_1.jpeg","contentUrl":"https:\/\/la-cabrade.be\/wp-content\/uploads\/2023\/11\/BRIDON-BR-LYDNEY-HACKAMORE_Bridons-sans-mors-et-Hackamore_15444_1.jpeg","width":700,"height":700,"caption":"BRIDON BR LYDNEY HACKAMORE Bridons sans mors et Hackamore 15444 1.jpeg"},{"@type":"BreadcrumbList","@id":"https:\/\/la-cabrade.be\/produit\/bridon-br-lydney-hackamore\/#breadcrumb","itemListElement":[{"@type":"ListItem","position":1,"name":"Accueil","item":"https:\/\/la-cabrade.be\/"},{"@type":"ListItem","position":2,"name":"Boutique","item":"https:\/\/la-cabrade.be\/fr\/boutique\/"},{"@type":"ListItem","position":3,"name":"Bridon br lydney hackamore"}]},{"@type":"WebSite","@id":"https:\/\/la-cabrade.be\/#website","url":"https:\/\/la-cabrade.be\/","name":"La Cabrade","description":"Sellerie en ligne et magasin d\u2019\u00e9quitation \u00e0 Fl\u00e9ron, Li\u00e8ge","publisher":{"@id":"https:\/\/la-cabrade.be\/#organization"},"potentialAction":[{"@type":"SearchAction","target":{"@type":"EntryPoint","urlTemplate":"https:\/\/la-cabrade.be\/?s={search_term_string}"},"query-input":{"@type":"PropertyValueSpecification","valueRequired":true,"valueName":"search_term_string"}}],"inLanguage":"fr-BE"},{"@type":"Organization","@id":"https:\/\/la-cabrade.be\/#organization","name":"La Cabrade","url":"https:\/\/la-cabrade.be\/","logo":{"@type":"ImageObject","inLanguage":"fr-BE","@id":"https:\/\/la-cabrade.be\/#\/schema\/logo\/image\/","url":"https:\/\/la-cabrade.be\/wp-content\/uploads\/2020\/04\/La-Cabrade_logo.svg","contentUrl":"https:\/\/la-cabrade.be\/wp-content\/uploads\/2020\/04\/La-Cabrade_logo.svg","width":900,"height":320,"caption":"La Cabrade"},"image":{"@id":"https:\/\/la-cabrade.be\/#\/schema\/logo\/image\/"}}]}},"brands":[{"id":575,"name":"Br","slug":"br"}],"_links":{"self":[{"href":"https:\/\/la-cabrade.be\/fr\/wp-json\/wp\/v2\/product\/4168","targetHints":{"allow":["GET"]}}],"collection":[{"href":"https:\/\/la-cabrade.be\/fr\/wp-json\/wp\/v2\/product"}],"about":[{"href":"https:\/\/la-cabrade.be\/fr\/wp-json\/wp\/v2\/types\/product"}],"wp:featuredmedia":[{"embeddable":true,"href":"https:\/\/la-cabrade.be\/fr\/wp-json\/wp\/v2\/media\/23367"}],"wp:attachment":[{"href":"https:\/\/la-cabrade.be\/fr\/wp-json\/wp\/v2\/media?parent=4168"}],"wp:term":[{"taxonomy":"pwb-brand","embeddable":true,"href":"https:\/\/la-cabrade.be\/fr\/wp-json\/wp\/v2\/pwb-brand?post=4168"},{"taxonomy":"product_brand","embeddable":true,"href":"https:\/\/la-cabrade.be\/fr\/wp-json\/wp\/v2\/product_brand?post=4168"},{"taxonomy":"product_cat","embeddable":true,"href":"https:\/\/la-cabrade.be\/fr\/wp-json\/wp\/v2\/product_cat?post=4168"},{"taxonomy":"product_tag","embeddable":true,"href":"https:\/\/la-cabrade.be\/fr\/wp-json\/wp\/v2\/product_tag?post=4168"},{"taxonomy":"giftcard-category","embeddable":true,"href":"https:\/\/la-cabrade.be\/fr\/wp-json\/wp\/v2\/giftcard-category?post=4168"}],"curies":[{"name":"wp","href":"https:\/\/api.w.org\/{rel}","templated":true}]}}