{"id":41561,"date":"2024-02-07T15:23:45","date_gmt":"2024-02-07T14:23:45","guid":{"rendered":"https:\/\/la-cabrade.be\/fr\/produit\/tapis-de-selle-velvet-dressage-kentucky\/"},"modified":"2025-07-13T12:58:16","modified_gmt":"2025-07-13T11:58:16","slug":"tapis-de-selle-velvet-dressage-kentucky","status":"publish","type":"product","link":"https:\/\/la-cabrade.be\/fr\/produit\/tapis-de-selle-velvet-dressage-kentucky\/","title":{"rendered":"Tapis de selle DR Velvet Kentucky"},"content":{"rendered":"<p>Le tapis de selle Velvet Dressage est tr\u00e8s \u00e9l\u00e9gant avec son effet velours et son passepoil \u00e0 double torsion.<\/p>\n<p>&#8211; Matelassage en \u00e9toiles<br \/>\n&#8211; Passepoil \u00e0 double torsion<br \/>\n&#8211; Forme dressage<br \/>\n&#8211; Emplacement pour broder<\/p>\n<p>Particularit\u00e9s<br \/>\nLe tapis de selle Saddle Pad Velvet tr\u00e8s \u00e9l\u00e9gant avec son effet velours et son passepoil \u00e0 double torsion. Le tapis de selle comporte un logo en cuir subtil, tout en offrant suffisamment d&rsquo;espace pour broder le tapis de selle si n\u00e9cessaire.<\/p>\n<p>Tissus et mati\u00e8res<br \/>\nLe tapis de selle comporte un logo en cuir subtil, tout en offrant suffisamment d&rsquo;espace pour broder le tapis de selle si n\u00e9cessaire.<\/p>\n<p>Forme et taille<br \/>\nCe tapis est con\u00e7u pour le dressage et offre un excellent amorti entre le dos du cheval et la selle, tout en prot\u00e9geant contre les frottements. Le tapis de selle n&rsquo;a pas de sangle g\u00eanante pour attacher la selle, seulement une sangle en nylon pour la sangle.<\/p>\n<p>Conseils d&rsquo;entretien<br \/>\nLavage en Machine<br \/>\nLa plupart de nos produits sont lavables en machine \u00e0 30 degr\u00e9s. Nous conseillons toute fois un lavage le moins fr\u00e9quent possible et en utilisant nos sacs de protection de lavage afin de conserver une qualit\u00e9 sur le long terme. Nous conseillons aussi d&rsquo;utiliser des machine professionnelles (plus grande capacit\u00e9) afin de limiter les d\u00e9g\u00e2ts d\u00fb au tambour de la machine \u00e0 laver. Pour s\u00e9cher le produit, mettez-le simplement \u00e0 l\u2019air libre lors d\u2019une journ\u00e9e ensoleill\u00e9e. Le s\u00e9choir est d\u00e9conseill\u00e9.<\/p>\n","protected":false},"excerpt":{"rendered":"<p>Le tapis de selle Velvet Dressage est tr\u00e8s \u00e9l\u00e9gant avec son effet velours et son passepoil \u00e0 double torsion. &#8211; Matelassage en \u00e9toiles &#8211; Passepoil \u00e0 double torsion &#8211; Forme dressage &#8211; Emplacement pour broder Particularit\u00e9s Le tapis de selle Saddle Pad Velvet tr\u00e8s \u00e9l\u00e9gant avec son effet velours et son passepoil \u00e0 double torsion. [&hellip;]<\/p>\n","protected":false},"featured_media":41560,"template":"","meta":[],"pwb-brand":[614],"product_brand":[],"product_cat":[747,1370],"product_tag":[],"giftcard-category":[],"class_list":{"0":"post-41561","1":"product","2":"type-product","3":"status-publish","4":"has-post-thumbnail","6":"pwb-brand-kentucky","7":"product_cat-dressage","8":"product_cat-tapis-de-selles-et-bonnets-kentucky","10":"first","11":"outofstock","12":"taxable","13":"shipping-taxable","14":"purchasable","15":"product-type-variable","16":"has-default-attributes"},"yoast_head":"<!-- This site is optimized with the Yoast SEO plugin v25.3.1 - https:\/\/yoast.com\/wordpress\/plugins\/seo\/ -->\n<title>Tapis de selle DR Velvet Kentucky - La Cabrade<\/title>\n<meta name=\"description\" content=\"Achetez Tapis de selle DR Velvet Kentucky au meilleur prix. Livraison rapide. Dans votre magasin d&#039;\u00e9quitation en ligne Sellerie La Cabrade\" \/>\n<meta name=\"robots\" content=\"index, follow, max-snippet:-1, max-image-preview:large, max-video-preview:-1\" \/>\n<link rel=\"canonical\" href=\"https:\/\/la-cabrade.be\/fr\/produit\/tapis-de-selle-velvet-dressage-kentucky\/\" \/>\n<meta property=\"og:locale\" content=\"fr_FR\" \/>\n<meta property=\"og:type\" content=\"article\" \/>\n<meta property=\"og:title\" content=\"Tapis de selle DR Velvet Kentucky - La Cabrade\" \/>\n<meta property=\"og:description\" content=\"Achetez Tapis de selle DR Velvet Kentucky au meilleur prix. Livraison rapide. Dans votre magasin d&#039;\u00e9quitation en ligne Sellerie La Cabrade\" \/>\n<meta property=\"og:url\" content=\"https:\/\/la-cabrade.be\/fr\/produit\/tapis-de-selle-velvet-dressage-kentucky\/\" \/>\n<meta property=\"og:site_name\" content=\"La Cabrade\" \/>\n<meta property=\"article:modified_time\" content=\"2025-07-13T11:58:16+00:00\" \/>\n<meta property=\"og:image\" content=\"https:\/\/la-cabrade.be\/wp-content\/uploads\/2024\/02\/Tapis-de-selle-Velvet-Dressage-Kentucky_Dressage_19608_1.jpeg\" \/>\n\t<meta property=\"og:image:width\" content=\"1920\" \/>\n\t<meta property=\"og:image:height\" content=\"1920\" \/>\n\t<meta property=\"og:image:type\" content=\"image\/jpeg\" \/>\n<meta name=\"twitter:label1\" content=\"Dur\u00e9e de lecture est.\" \/>\n\t<meta name=\"twitter:data1\" content=\"1 minute\" \/>\n<script type=\"application\/ld+json\" class=\"yoast-schema-graph\">{\"@context\":\"https:\/\/schema.org\",\"@graph\":[{\"@type\":\"WebPage\",\"@id\":\"https:\/\/la-cabrade.be\/produit\/tapis-de-selle-velvet-dressage-kentucky\/\",\"url\":\"https:\/\/la-cabrade.be\/produit\/tapis-de-selle-velvet-dressage-kentucky\/\",\"name\":\"Tapis de selle DR Velvet Kentucky - La Cabrade\",\"isPartOf\":{\"@id\":\"https:\/\/la-cabrade.be\/#website\"},\"primaryImageOfPage\":{\"@id\":\"https:\/\/la-cabrade.be\/produit\/tapis-de-selle-velvet-dressage-kentucky\/#primaryimage\"},\"image\":{\"@id\":\"https:\/\/la-cabrade.be\/produit\/tapis-de-selle-velvet-dressage-kentucky\/#primaryimage\"},\"thumbnailUrl\":\"https:\/\/la-cabrade.be\/wp-content\/uploads\/2024\/02\/Tapis-de-selle-Velvet-Dressage-Kentucky_Dressage_19608_1.jpeg\",\"datePublished\":\"2024-02-07T14:23:45+00:00\",\"dateModified\":\"2025-07-13T11:58:16+00:00\",\"description\":\"Achetez Tapis de selle DR Velvet Kentucky au meilleur prix. Livraison rapide. Dans votre magasin d'\u00e9quitation en ligne Sellerie La Cabrade\",\"breadcrumb\":{\"@id\":\"https:\/\/la-cabrade.be\/produit\/tapis-de-selle-velvet-dressage-kentucky\/#breadcrumb\"},\"inLanguage\":\"fr-BE\",\"potentialAction\":[{\"@type\":\"ReadAction\",\"target\":[\"https:\/\/la-cabrade.be\/produit\/tapis-de-selle-velvet-dressage-kentucky\/\"]}]},{\"@type\":\"ImageObject\",\"inLanguage\":\"fr-BE\",\"@id\":\"https:\/\/la-cabrade.be\/produit\/tapis-de-selle-velvet-dressage-kentucky\/#primaryimage\",\"url\":\"https:\/\/la-cabrade.be\/wp-content\/uploads\/2024\/02\/Tapis-de-selle-Velvet-Dressage-Kentucky_Dressage_19608_1.jpeg\",\"contentUrl\":\"https:\/\/la-cabrade.be\/wp-content\/uploads\/2024\/02\/Tapis-de-selle-Velvet-Dressage-Kentucky_Dressage_19608_1.jpeg\",\"width\":1920,\"height\":1920,\"caption\":\"Tapis de selle Velvet Dressage Kentucky Dressage 19608 1.jpeg\"},{\"@type\":\"BreadcrumbList\",\"@id\":\"https:\/\/la-cabrade.be\/produit\/tapis-de-selle-velvet-dressage-kentucky\/#breadcrumb\",\"itemListElement\":[{\"@type\":\"ListItem\",\"position\":1,\"name\":\"Accueil\",\"item\":\"https:\/\/la-cabrade.be\/\"},{\"@type\":\"ListItem\",\"position\":2,\"name\":\"Boutique\",\"item\":\"https:\/\/la-cabrade.be\/fr\/boutique\/\"},{\"@type\":\"ListItem\",\"position\":3,\"name\":\"Tapis de selle DR Velvet Kentucky\"}]},{\"@type\":\"WebSite\",\"@id\":\"https:\/\/la-cabrade.be\/#website\",\"url\":\"https:\/\/la-cabrade.be\/\",\"name\":\"La Cabrade\",\"description\":\"Sellerie en ligne et magasin d\u2019\u00e9quitation \u00e0 Fl\u00e9ron, Li\u00e8ge\",\"publisher\":{\"@id\":\"https:\/\/la-cabrade.be\/#organization\"},\"potentialAction\":[{\"@type\":\"SearchAction\",\"target\":{\"@type\":\"EntryPoint\",\"urlTemplate\":\"https:\/\/la-cabrade.be\/?s={search_term_string}\"},\"query-input\":{\"@type\":\"PropertyValueSpecification\",\"valueRequired\":true,\"valueName\":\"search_term_string\"}}],\"inLanguage\":\"fr-BE\"},{\"@type\":\"Organization\",\"@id\":\"https:\/\/la-cabrade.be\/#organization\",\"name\":\"La Cabrade\",\"url\":\"https:\/\/la-cabrade.be\/\",\"logo\":{\"@type\":\"ImageObject\",\"inLanguage\":\"fr-BE\",\"@id\":\"https:\/\/la-cabrade.be\/#\/schema\/logo\/image\/\",\"url\":\"https:\/\/la-cabrade.be\/wp-content\/uploads\/2020\/04\/La-Cabrade_logo.svg\",\"contentUrl\":\"https:\/\/la-cabrade.be\/wp-content\/uploads\/2020\/04\/La-Cabrade_logo.svg\",\"width\":900,\"height\":320,\"caption\":\"La Cabrade\"},\"image\":{\"@id\":\"https:\/\/la-cabrade.be\/#\/schema\/logo\/image\/\"}}]}<\/script>\n<!-- \/ Yoast SEO plugin. -->","yoast_head_json":{"title":"Tapis de selle DR Velvet Kentucky - La Cabrade","description":"Achetez Tapis de selle DR Velvet Kentucky au meilleur prix. Livraison rapide. Dans votre magasin d'\u00e9quitation en ligne Sellerie La Cabrade","robots":{"index":"index","follow":"follow","max-snippet":"max-snippet:-1","max-image-preview":"max-image-preview:large","max-video-preview":"max-video-preview:-1"},"canonical":"https:\/\/la-cabrade.be\/fr\/produit\/tapis-de-selle-velvet-dressage-kentucky\/","og_locale":"fr_FR","og_type":"article","og_title":"Tapis de selle DR Velvet Kentucky - La Cabrade","og_description":"Achetez Tapis de selle DR Velvet Kentucky au meilleur prix. Livraison rapide. Dans votre magasin d'\u00e9quitation en ligne Sellerie La Cabrade","og_url":"https:\/\/la-cabrade.be\/fr\/produit\/tapis-de-selle-velvet-dressage-kentucky\/","og_site_name":"La Cabrade","article_modified_time":"2025-07-13T11:58:16+00:00","og_image":[{"width":1920,"height":1920,"url":"https:\/\/la-cabrade.be\/wp-content\/uploads\/2024\/02\/Tapis-de-selle-Velvet-Dressage-Kentucky_Dressage_19608_1.jpeg","type":"image\/jpeg"}],"twitter_misc":{"Dur\u00e9e de lecture est.":"1 minute"},"schema":{"@context":"https:\/\/schema.org","@graph":[{"@type":"WebPage","@id":"https:\/\/la-cabrade.be\/produit\/tapis-de-selle-velvet-dressage-kentucky\/","url":"https:\/\/la-cabrade.be\/produit\/tapis-de-selle-velvet-dressage-kentucky\/","name":"Tapis de selle DR Velvet Kentucky - La Cabrade","isPartOf":{"@id":"https:\/\/la-cabrade.be\/#website"},"primaryImageOfPage":{"@id":"https:\/\/la-cabrade.be\/produit\/tapis-de-selle-velvet-dressage-kentucky\/#primaryimage"},"image":{"@id":"https:\/\/la-cabrade.be\/produit\/tapis-de-selle-velvet-dressage-kentucky\/#primaryimage"},"thumbnailUrl":"https:\/\/la-cabrade.be\/wp-content\/uploads\/2024\/02\/Tapis-de-selle-Velvet-Dressage-Kentucky_Dressage_19608_1.jpeg","datePublished":"2024-02-07T14:23:45+00:00","dateModified":"2025-07-13T11:58:16+00:00","description":"Achetez Tapis de selle DR Velvet Kentucky au meilleur prix. Livraison rapide. Dans votre magasin d'\u00e9quitation en ligne Sellerie La Cabrade","breadcrumb":{"@id":"https:\/\/la-cabrade.be\/produit\/tapis-de-selle-velvet-dressage-kentucky\/#breadcrumb"},"inLanguage":"fr-BE","potentialAction":[{"@type":"ReadAction","target":["https:\/\/la-cabrade.be\/produit\/tapis-de-selle-velvet-dressage-kentucky\/"]}]},{"@type":"ImageObject","inLanguage":"fr-BE","@id":"https:\/\/la-cabrade.be\/produit\/tapis-de-selle-velvet-dressage-kentucky\/#primaryimage","url":"https:\/\/la-cabrade.be\/wp-content\/uploads\/2024\/02\/Tapis-de-selle-Velvet-Dressage-Kentucky_Dressage_19608_1.jpeg","contentUrl":"https:\/\/la-cabrade.be\/wp-content\/uploads\/2024\/02\/Tapis-de-selle-Velvet-Dressage-Kentucky_Dressage_19608_1.jpeg","width":1920,"height":1920,"caption":"Tapis de selle Velvet Dressage Kentucky Dressage 19608 1.jpeg"},{"@type":"BreadcrumbList","@id":"https:\/\/la-cabrade.be\/produit\/tapis-de-selle-velvet-dressage-kentucky\/#breadcrumb","itemListElement":[{"@type":"ListItem","position":1,"name":"Accueil","item":"https:\/\/la-cabrade.be\/"},{"@type":"ListItem","position":2,"name":"Boutique","item":"https:\/\/la-cabrade.be\/fr\/boutique\/"},{"@type":"ListItem","position":3,"name":"Tapis de selle DR Velvet Kentucky"}]},{"@type":"WebSite","@id":"https:\/\/la-cabrade.be\/#website","url":"https:\/\/la-cabrade.be\/","name":"La Cabrade","description":"Sellerie en ligne et magasin d\u2019\u00e9quitation \u00e0 Fl\u00e9ron, Li\u00e8ge","publisher":{"@id":"https:\/\/la-cabrade.be\/#organization"},"potentialAction":[{"@type":"SearchAction","target":{"@type":"EntryPoint","urlTemplate":"https:\/\/la-cabrade.be\/?s={search_term_string}"},"query-input":{"@type":"PropertyValueSpecification","valueRequired":true,"valueName":"search_term_string"}}],"inLanguage":"fr-BE"},{"@type":"Organization","@id":"https:\/\/la-cabrade.be\/#organization","name":"La Cabrade","url":"https:\/\/la-cabrade.be\/","logo":{"@type":"ImageObject","inLanguage":"fr-BE","@id":"https:\/\/la-cabrade.be\/#\/schema\/logo\/image\/","url":"https:\/\/la-cabrade.be\/wp-content\/uploads\/2020\/04\/La-Cabrade_logo.svg","contentUrl":"https:\/\/la-cabrade.be\/wp-content\/uploads\/2020\/04\/La-Cabrade_logo.svg","width":900,"height":320,"caption":"La Cabrade"},"image":{"@id":"https:\/\/la-cabrade.be\/#\/schema\/logo\/image\/"}}]}},"brands":[{"id":614,"name":"Kentucky","slug":"kentucky"}],"_links":{"self":[{"href":"https:\/\/la-cabrade.be\/fr\/wp-json\/wp\/v2\/product\/41561","targetHints":{"allow":["GET"]}}],"collection":[{"href":"https:\/\/la-cabrade.be\/fr\/wp-json\/wp\/v2\/product"}],"about":[{"href":"https:\/\/la-cabrade.be\/fr\/wp-json\/wp\/v2\/types\/product"}],"wp:featuredmedia":[{"embeddable":true,"href":"https:\/\/la-cabrade.be\/fr\/wp-json\/wp\/v2\/media\/41560"}],"wp:attachment":[{"href":"https:\/\/la-cabrade.be\/fr\/wp-json\/wp\/v2\/media?parent=41561"}],"wp:term":[{"taxonomy":"pwb-brand","embeddable":true,"href":"https:\/\/la-cabrade.be\/fr\/wp-json\/wp\/v2\/pwb-brand?post=41561"},{"taxonomy":"product_brand","embeddable":true,"href":"https:\/\/la-cabrade.be\/fr\/wp-json\/wp\/v2\/product_brand?post=41561"},{"taxonomy":"product_cat","embeddable":true,"href":"https:\/\/la-cabrade.be\/fr\/wp-json\/wp\/v2\/product_cat?post=41561"},{"taxonomy":"product_tag","embeddable":true,"href":"https:\/\/la-cabrade.be\/fr\/wp-json\/wp\/v2\/product_tag?post=41561"},{"taxonomy":"giftcard-category","embeddable":true,"href":"https:\/\/la-cabrade.be\/fr\/wp-json\/wp\/v2\/giftcard-category?post=41561"}],"curies":[{"name":"wp","href":"https:\/\/api.w.org\/{rel}","templated":true}]}}