{"id":40747,"date":"2023-12-16T11:02:00","date_gmt":"2023-12-16T10:02:00","guid":{"rendered":"https:\/\/la-cabrade.be\/fr\/produit\/renes-fixes-premiere\/"},"modified":"2026-04-14T14:04:08","modified_gmt":"2026-04-14T13:04:08","slug":"renes-fixes-premiere","status":"publish","type":"product","link":"https:\/\/la-cabrade.be\/fr\/produit\/renes-fixes-premiere\/","title":{"rendered":"R\u00eanes fixes premiere"},"content":{"rendered":"<p>R\u00eanes fixes en cuir, 19 mm, avec anneau en caoutchouc pour que la r\u00eane se donne l\u00e9g\u00e8rement quand le cheval bouge. Les fermetures sont largement adaptables et pourvues de fermetures \u00e0 boucles. Les mousquetons se fixent au mors. La r\u00eane est dot\u00e9 de boucleries en acier inoxydable. Le but de la r\u00eane est de travailler sur une position plus basse, horizontale ou plus haute et d&rsquo;apprendre au cheval de se donner. Ainsi il trouvera plus facilement l&rsquo;\u00e9quilibre dans sa flexion lat\u00e9rale de son corps. La r\u00eane fixe s&rsquo;utilise en mont\u00e9e ou \u00e0 la longe.<\/p>\n","protected":false},"excerpt":{"rendered":"<p>R\u00eanes fixes en cuir, 19 mm, avec anneau en caoutchouc pour que la r\u00eane se donne l\u00e9g\u00e8rement quand le cheval bouge. Les fermetures sont largement adaptables et pourvues de fermetures \u00e0 boucles. Les mousquetons se fixent au mors. La r\u00eane est dot\u00e9 de boucleries en acier inoxydable. Le but de la r\u00eane est de travailler [&hellip;]<\/p>\n","protected":false},"featured_media":40745,"template":"","meta":[],"pwb-brand":[634],"product_brand":[],"product_cat":[808],"product_tag":[],"giftcard-category":[],"class_list":{"0":"post-40747","1":"product","2":"type-product","3":"status-publish","4":"has-post-thumbnail","6":"pwb-brand-premiere","7":"product_cat-renes-fixes-et-coulissantes","9":"first","10":"outofstock","11":"taxable","12":"shipping-taxable","13":"purchasable","14":"product-type-variable","15":"has-default-attributes"},"yoast_head":"<!-- This site is optimized with the Yoast SEO plugin v25.3.1 - https:\/\/yoast.com\/wordpress\/plugins\/seo\/ -->\n<title>R\u00eanes fixes premiere - La Cabrade<\/title>\n<meta name=\"description\" content=\"Achetez R\u00eanes fixes premiere au meilleur prix. Livraison rapide. Dans votre magasin d&#039;\u00e9quitation en ligne Sellerie La Cabrade\" \/>\n<meta name=\"robots\" content=\"index, follow, max-snippet:-1, max-image-preview:large, max-video-preview:-1\" \/>\n<link rel=\"canonical\" href=\"https:\/\/la-cabrade.be\/fr\/produit\/renes-fixes-premiere\/\" \/>\n<meta property=\"og:locale\" content=\"fr_FR\" \/>\n<meta property=\"og:type\" content=\"article\" \/>\n<meta property=\"og:title\" content=\"R\u00eanes fixes premiere - La Cabrade\" \/>\n<meta property=\"og:description\" content=\"Achetez R\u00eanes fixes premiere au meilleur prix. Livraison rapide. Dans votre magasin d&#039;\u00e9quitation en ligne Sellerie La Cabrade\" \/>\n<meta property=\"og:url\" content=\"https:\/\/la-cabrade.be\/fr\/produit\/renes-fixes-premiere\/\" \/>\n<meta property=\"og:site_name\" content=\"La Cabrade\" \/>\n<meta property=\"article:modified_time\" content=\"2026-04-14T13:04:08+00:00\" \/>\n<meta property=\"og:image\" content=\"https:\/\/la-cabrade.be\/wp-content\/uploads\/2023\/12\/RENES-FIXES-PREMIERE_Renes-fixes-et-coulissantes_19411_1.jpeg\" \/>\n\t<meta property=\"og:image:width\" content=\"1000\" \/>\n\t<meta property=\"og:image:height\" content=\"1000\" \/>\n\t<meta property=\"og:image:type\" content=\"image\/jpeg\" \/>\n<meta name=\"twitter:label1\" content=\"Dur\u00e9e de lecture est.\" \/>\n\t<meta name=\"twitter:data1\" content=\"1 minute\" \/>\n<script type=\"application\/ld+json\" class=\"yoast-schema-graph\">{\"@context\":\"https:\/\/schema.org\",\"@graph\":[{\"@type\":\"WebPage\",\"@id\":\"https:\/\/la-cabrade.be\/produit\/renes-fixes-premiere\/\",\"url\":\"https:\/\/la-cabrade.be\/produit\/renes-fixes-premiere\/\",\"name\":\"R\u00eanes fixes premiere - La Cabrade\",\"isPartOf\":{\"@id\":\"https:\/\/la-cabrade.be\/#website\"},\"primaryImageOfPage\":{\"@id\":\"https:\/\/la-cabrade.be\/produit\/renes-fixes-premiere\/#primaryimage\"},\"image\":{\"@id\":\"https:\/\/la-cabrade.be\/produit\/renes-fixes-premiere\/#primaryimage\"},\"thumbnailUrl\":\"https:\/\/la-cabrade.be\/wp-content\/uploads\/2023\/12\/RENES-FIXES-PREMIERE_Renes-fixes-et-coulissantes_19411_1.jpeg\",\"datePublished\":\"2023-12-16T10:02:00+00:00\",\"dateModified\":\"2026-04-14T13:04:08+00:00\",\"description\":\"Achetez R\u00eanes fixes premiere au meilleur prix. Livraison rapide. Dans votre magasin d'\u00e9quitation en ligne Sellerie La Cabrade\",\"breadcrumb\":{\"@id\":\"https:\/\/la-cabrade.be\/produit\/renes-fixes-premiere\/#breadcrumb\"},\"inLanguage\":\"fr-BE\",\"potentialAction\":[{\"@type\":\"ReadAction\",\"target\":[\"https:\/\/la-cabrade.be\/produit\/renes-fixes-premiere\/\"]}]},{\"@type\":\"ImageObject\",\"inLanguage\":\"fr-BE\",\"@id\":\"https:\/\/la-cabrade.be\/produit\/renes-fixes-premiere\/#primaryimage\",\"url\":\"https:\/\/la-cabrade.be\/wp-content\/uploads\/2023\/12\/RENES-FIXES-PREMIERE_Renes-fixes-et-coulissantes_19411_1.jpeg\",\"contentUrl\":\"https:\/\/la-cabrade.be\/wp-content\/uploads\/2023\/12\/RENES-FIXES-PREMIERE_Renes-fixes-et-coulissantes_19411_1.jpeg\",\"width\":1000,\"height\":1000,\"caption\":\"RENES FIXES PREMIERE Renes fixes et coulissantes 19411 1.jpeg\"},{\"@type\":\"BreadcrumbList\",\"@id\":\"https:\/\/la-cabrade.be\/produit\/renes-fixes-premiere\/#breadcrumb\",\"itemListElement\":[{\"@type\":\"ListItem\",\"position\":1,\"name\":\"Accueil\",\"item\":\"https:\/\/la-cabrade.be\/\"},{\"@type\":\"ListItem\",\"position\":2,\"name\":\"Boutique\",\"item\":\"https:\/\/la-cabrade.be\/fr\/boutique\/\"},{\"@type\":\"ListItem\",\"position\":3,\"name\":\"R\u00eanes fixes premiere\"}]},{\"@type\":\"WebSite\",\"@id\":\"https:\/\/la-cabrade.be\/#website\",\"url\":\"https:\/\/la-cabrade.be\/\",\"name\":\"La Cabrade\",\"description\":\"Sellerie en ligne et magasin d\u2019\u00e9quitation \u00e0 Fl\u00e9ron, Li\u00e8ge\",\"publisher\":{\"@id\":\"https:\/\/la-cabrade.be\/#organization\"},\"potentialAction\":[{\"@type\":\"SearchAction\",\"target\":{\"@type\":\"EntryPoint\",\"urlTemplate\":\"https:\/\/la-cabrade.be\/?s={search_term_string}\"},\"query-input\":{\"@type\":\"PropertyValueSpecification\",\"valueRequired\":true,\"valueName\":\"search_term_string\"}}],\"inLanguage\":\"fr-BE\"},{\"@type\":\"Organization\",\"@id\":\"https:\/\/la-cabrade.be\/#organization\",\"name\":\"La Cabrade\",\"url\":\"https:\/\/la-cabrade.be\/\",\"logo\":{\"@type\":\"ImageObject\",\"inLanguage\":\"fr-BE\",\"@id\":\"https:\/\/la-cabrade.be\/#\/schema\/logo\/image\/\",\"url\":\"https:\/\/la-cabrade.be\/wp-content\/uploads\/2020\/04\/La-Cabrade_logo.svg\",\"contentUrl\":\"https:\/\/la-cabrade.be\/wp-content\/uploads\/2020\/04\/La-Cabrade_logo.svg\",\"width\":900,\"height\":320,\"caption\":\"La Cabrade\"},\"image\":{\"@id\":\"https:\/\/la-cabrade.be\/#\/schema\/logo\/image\/\"}}]}<\/script>\n<!-- \/ Yoast SEO plugin. -->","yoast_head_json":{"title":"R\u00eanes fixes premiere - La Cabrade","description":"Achetez R\u00eanes fixes premiere au meilleur prix. Livraison rapide. Dans votre magasin d'\u00e9quitation en ligne Sellerie La Cabrade","robots":{"index":"index","follow":"follow","max-snippet":"max-snippet:-1","max-image-preview":"max-image-preview:large","max-video-preview":"max-video-preview:-1"},"canonical":"https:\/\/la-cabrade.be\/fr\/produit\/renes-fixes-premiere\/","og_locale":"fr_FR","og_type":"article","og_title":"R\u00eanes fixes premiere - La Cabrade","og_description":"Achetez R\u00eanes fixes premiere au meilleur prix. Livraison rapide. Dans votre magasin d'\u00e9quitation en ligne Sellerie La Cabrade","og_url":"https:\/\/la-cabrade.be\/fr\/produit\/renes-fixes-premiere\/","og_site_name":"La Cabrade","article_modified_time":"2026-04-14T13:04:08+00:00","og_image":[{"width":1000,"height":1000,"url":"https:\/\/la-cabrade.be\/wp-content\/uploads\/2023\/12\/RENES-FIXES-PREMIERE_Renes-fixes-et-coulissantes_19411_1.jpeg","type":"image\/jpeg"}],"twitter_misc":{"Dur\u00e9e de lecture est.":"1 minute"},"schema":{"@context":"https:\/\/schema.org","@graph":[{"@type":"WebPage","@id":"https:\/\/la-cabrade.be\/produit\/renes-fixes-premiere\/","url":"https:\/\/la-cabrade.be\/produit\/renes-fixes-premiere\/","name":"R\u00eanes fixes premiere - La Cabrade","isPartOf":{"@id":"https:\/\/la-cabrade.be\/#website"},"primaryImageOfPage":{"@id":"https:\/\/la-cabrade.be\/produit\/renes-fixes-premiere\/#primaryimage"},"image":{"@id":"https:\/\/la-cabrade.be\/produit\/renes-fixes-premiere\/#primaryimage"},"thumbnailUrl":"https:\/\/la-cabrade.be\/wp-content\/uploads\/2023\/12\/RENES-FIXES-PREMIERE_Renes-fixes-et-coulissantes_19411_1.jpeg","datePublished":"2023-12-16T10:02:00+00:00","dateModified":"2026-04-14T13:04:08+00:00","description":"Achetez R\u00eanes fixes premiere au meilleur prix. Livraison rapide. Dans votre magasin d'\u00e9quitation en ligne Sellerie La Cabrade","breadcrumb":{"@id":"https:\/\/la-cabrade.be\/produit\/renes-fixes-premiere\/#breadcrumb"},"inLanguage":"fr-BE","potentialAction":[{"@type":"ReadAction","target":["https:\/\/la-cabrade.be\/produit\/renes-fixes-premiere\/"]}]},{"@type":"ImageObject","inLanguage":"fr-BE","@id":"https:\/\/la-cabrade.be\/produit\/renes-fixes-premiere\/#primaryimage","url":"https:\/\/la-cabrade.be\/wp-content\/uploads\/2023\/12\/RENES-FIXES-PREMIERE_Renes-fixes-et-coulissantes_19411_1.jpeg","contentUrl":"https:\/\/la-cabrade.be\/wp-content\/uploads\/2023\/12\/RENES-FIXES-PREMIERE_Renes-fixes-et-coulissantes_19411_1.jpeg","width":1000,"height":1000,"caption":"RENES FIXES PREMIERE Renes fixes et coulissantes 19411 1.jpeg"},{"@type":"BreadcrumbList","@id":"https:\/\/la-cabrade.be\/produit\/renes-fixes-premiere\/#breadcrumb","itemListElement":[{"@type":"ListItem","position":1,"name":"Accueil","item":"https:\/\/la-cabrade.be\/"},{"@type":"ListItem","position":2,"name":"Boutique","item":"https:\/\/la-cabrade.be\/fr\/boutique\/"},{"@type":"ListItem","position":3,"name":"R\u00eanes fixes premiere"}]},{"@type":"WebSite","@id":"https:\/\/la-cabrade.be\/#website","url":"https:\/\/la-cabrade.be\/","name":"La Cabrade","description":"Sellerie en ligne et magasin d\u2019\u00e9quitation \u00e0 Fl\u00e9ron, Li\u00e8ge","publisher":{"@id":"https:\/\/la-cabrade.be\/#organization"},"potentialAction":[{"@type":"SearchAction","target":{"@type":"EntryPoint","urlTemplate":"https:\/\/la-cabrade.be\/?s={search_term_string}"},"query-input":{"@type":"PropertyValueSpecification","valueRequired":true,"valueName":"search_term_string"}}],"inLanguage":"fr-BE"},{"@type":"Organization","@id":"https:\/\/la-cabrade.be\/#organization","name":"La Cabrade","url":"https:\/\/la-cabrade.be\/","logo":{"@type":"ImageObject","inLanguage":"fr-BE","@id":"https:\/\/la-cabrade.be\/#\/schema\/logo\/image\/","url":"https:\/\/la-cabrade.be\/wp-content\/uploads\/2020\/04\/La-Cabrade_logo.svg","contentUrl":"https:\/\/la-cabrade.be\/wp-content\/uploads\/2020\/04\/La-Cabrade_logo.svg","width":900,"height":320,"caption":"La Cabrade"},"image":{"@id":"https:\/\/la-cabrade.be\/#\/schema\/logo\/image\/"}}]}},"brands":[{"id":634,"name":"Premi\u00e8re","slug":"premiere"}],"_links":{"self":[{"href":"https:\/\/la-cabrade.be\/fr\/wp-json\/wp\/v2\/product\/40747","targetHints":{"allow":["GET"]}}],"collection":[{"href":"https:\/\/la-cabrade.be\/fr\/wp-json\/wp\/v2\/product"}],"about":[{"href":"https:\/\/la-cabrade.be\/fr\/wp-json\/wp\/v2\/types\/product"}],"wp:featuredmedia":[{"embeddable":true,"href":"https:\/\/la-cabrade.be\/fr\/wp-json\/wp\/v2\/media\/40745"}],"wp:attachment":[{"href":"https:\/\/la-cabrade.be\/fr\/wp-json\/wp\/v2\/media?parent=40747"}],"wp:term":[{"taxonomy":"pwb-brand","embeddable":true,"href":"https:\/\/la-cabrade.be\/fr\/wp-json\/wp\/v2\/pwb-brand?post=40747"},{"taxonomy":"product_brand","embeddable":true,"href":"https:\/\/la-cabrade.be\/fr\/wp-json\/wp\/v2\/product_brand?post=40747"},{"taxonomy":"product_cat","embeddable":true,"href":"https:\/\/la-cabrade.be\/fr\/wp-json\/wp\/v2\/product_cat?post=40747"},{"taxonomy":"product_tag","embeddable":true,"href":"https:\/\/la-cabrade.be\/fr\/wp-json\/wp\/v2\/product_tag?post=40747"},{"taxonomy":"giftcard-category","embeddable":true,"href":"https:\/\/la-cabrade.be\/fr\/wp-json\/wp\/v2\/giftcard-category?post=40747"}],"curies":[{"name":"wp","href":"https:\/\/api.w.org\/{rel}","templated":true}]}}