{"id":3987,"date":"2023-08-01T17:47:23","date_gmt":"2023-08-01T16:47:23","guid":{"rendered":"https:\/\/la-cabrade.be\/fr\/produit\/bottes-kids-fun-mollet-slim-tall\/"},"modified":"2026-03-24T11:30:44","modified_gmt":"2026-03-24T10:30:44","slug":"bottes-kids-fun-mollet-slim-tall","status":"publish","type":"product","link":"https:\/\/la-cabrade.be\/fr\/produit\/bottes-kids-fun-mollet-slim-tall\/","title":{"rendered":"Bottes Kids Fun &#8211; mollet slim tall SUEDWIND"},"content":{"rendered":"<p>Le beau et robuste cuir fait la diff\u00e9rence ! Ils vous offrent un haut niveau de confort et de flexibilit\u00e9 dans l&rsquo;\u00e9trier pour que vous puissiez vous amuser d\u00e8s le d\u00e9part. Si vous recherchez un mod\u00e8le d&rsquo;entr\u00e9e de gamme abordable et durable qui peut r\u00e9sister \u00e0 une utilisation quotidienne. Nos basiques sont le choix parfait !<\/p>\n","protected":false},"excerpt":{"rendered":"<p>Bottes Kids Fun &#8211; mollet slim tall SUEDWIND, l&rsquo;alliance parfaite de robustesse et de confort. Id\u00e9ales pour une utilisation quotidienne, ces bottes offrent une flexibilit\u00e9 et un confort exceptionnels d\u00e8s la premi\u00e8re utilisation. Un must pour les d\u00e9butants \u00e0 la recherche de durabilit\u00e9 et de style!<\/p>\n","protected":false},"featured_media":0,"template":"","meta":[],"pwb-brand":[650],"product_brand":[],"product_cat":[702],"product_tag":[],"giftcard-category":[],"class_list":{"0":"post-3987","1":"product","2":"type-product","3":"status-publish","5":"pwb-brand-suedwind-footwear","6":"product_cat-bottes-et-accessoires","8":"first","9":"outofstock","10":"taxable","11":"shipping-taxable","12":"purchasable","13":"product-type-variable","14":"has-default-attributes"},"yoast_head":"<!-- This site is optimized with the Yoast SEO plugin v25.3.1 - https:\/\/yoast.com\/wordpress\/plugins\/seo\/ -->\n<title>Bottes Kids Fun - mollet slim tall SUEDWIND - La Cabrade<\/title>\n<meta name=\"description\" content=\"Achetez Bottes Kids Fun - mollet slim tall SUEDWIND au meilleur prix. Livraison rapide. Dans votre magasin d&#039;\u00e9quitation en ligne Sellerie La Cabrade\" \/>\n<meta name=\"robots\" content=\"index, follow, max-snippet:-1, max-image-preview:large, max-video-preview:-1\" \/>\n<link rel=\"canonical\" href=\"https:\/\/la-cabrade.be\/fr\/produit\/bottes-kids-fun-mollet-slim-tall\/\" \/>\n<meta property=\"og:locale\" content=\"fr_FR\" \/>\n<meta property=\"og:type\" content=\"article\" \/>\n<meta property=\"og:title\" content=\"Bottes Kids Fun - mollet slim tall SUEDWIND - La Cabrade\" \/>\n<meta property=\"og:description\" content=\"Achetez Bottes Kids Fun - mollet slim tall SUEDWIND au meilleur prix. Livraison rapide. Dans votre magasin d&#039;\u00e9quitation en ligne Sellerie La Cabrade\" \/>\n<meta property=\"og:url\" content=\"https:\/\/la-cabrade.be\/fr\/produit\/bottes-kids-fun-mollet-slim-tall\/\" \/>\n<meta property=\"og:site_name\" content=\"La Cabrade\" \/>\n<meta property=\"article:modified_time\" content=\"2026-03-24T10:30:44+00:00\" \/>\n<script type=\"application\/ld+json\" class=\"yoast-schema-graph\">{\"@context\":\"https:\/\/schema.org\",\"@graph\":[{\"@type\":\"WebPage\",\"@id\":\"https:\/\/la-cabrade.be\/produit\/bottes-kids-fun-mollet-slim-tall\/\",\"url\":\"https:\/\/la-cabrade.be\/produit\/bottes-kids-fun-mollet-slim-tall\/\",\"name\":\"Bottes Kids Fun - mollet slim tall SUEDWIND - La Cabrade\",\"isPartOf\":{\"@id\":\"https:\/\/la-cabrade.be\/#website\"},\"datePublished\":\"2023-08-01T16:47:23+00:00\",\"dateModified\":\"2026-03-24T10:30:44+00:00\",\"description\":\"Achetez Bottes Kids Fun - mollet slim tall SUEDWIND au meilleur prix. Livraison rapide. Dans votre magasin d'\u00e9quitation en ligne Sellerie La Cabrade\",\"breadcrumb\":{\"@id\":\"https:\/\/la-cabrade.be\/produit\/bottes-kids-fun-mollet-slim-tall\/#breadcrumb\"},\"inLanguage\":\"fr-BE\",\"potentialAction\":[{\"@type\":\"ReadAction\",\"target\":[\"https:\/\/la-cabrade.be\/produit\/bottes-kids-fun-mollet-slim-tall\/\"]}]},{\"@type\":\"BreadcrumbList\",\"@id\":\"https:\/\/la-cabrade.be\/produit\/bottes-kids-fun-mollet-slim-tall\/#breadcrumb\",\"itemListElement\":[{\"@type\":\"ListItem\",\"position\":1,\"name\":\"Accueil\",\"item\":\"https:\/\/la-cabrade.be\/\"},{\"@type\":\"ListItem\",\"position\":2,\"name\":\"Boutique\",\"item\":\"https:\/\/la-cabrade.be\/fr\/boutique\/\"},{\"@type\":\"ListItem\",\"position\":3,\"name\":\"Bottes Kids Fun &#8211; mollet slim tall SUEDWIND\"}]},{\"@type\":\"WebSite\",\"@id\":\"https:\/\/la-cabrade.be\/#website\",\"url\":\"https:\/\/la-cabrade.be\/\",\"name\":\"La Cabrade\",\"description\":\"Sellerie en ligne et magasin d\u2019\u00e9quitation \u00e0 Fl\u00e9ron, Li\u00e8ge\",\"publisher\":{\"@id\":\"https:\/\/la-cabrade.be\/#organization\"},\"potentialAction\":[{\"@type\":\"SearchAction\",\"target\":{\"@type\":\"EntryPoint\",\"urlTemplate\":\"https:\/\/la-cabrade.be\/?s={search_term_string}\"},\"query-input\":{\"@type\":\"PropertyValueSpecification\",\"valueRequired\":true,\"valueName\":\"search_term_string\"}}],\"inLanguage\":\"fr-BE\"},{\"@type\":\"Organization\",\"@id\":\"https:\/\/la-cabrade.be\/#organization\",\"name\":\"La Cabrade\",\"url\":\"https:\/\/la-cabrade.be\/\",\"logo\":{\"@type\":\"ImageObject\",\"inLanguage\":\"fr-BE\",\"@id\":\"https:\/\/la-cabrade.be\/#\/schema\/logo\/image\/\",\"url\":\"https:\/\/la-cabrade.be\/wp-content\/uploads\/2020\/04\/La-Cabrade_logo.svg\",\"contentUrl\":\"https:\/\/la-cabrade.be\/wp-content\/uploads\/2020\/04\/La-Cabrade_logo.svg\",\"width\":900,\"height\":320,\"caption\":\"La Cabrade\"},\"image\":{\"@id\":\"https:\/\/la-cabrade.be\/#\/schema\/logo\/image\/\"}}]}<\/script>\n<!-- \/ Yoast SEO plugin. -->","yoast_head_json":{"title":"Bottes Kids Fun - mollet slim tall SUEDWIND - La Cabrade","description":"Achetez Bottes Kids Fun - mollet slim tall SUEDWIND au meilleur prix. Livraison rapide. Dans votre magasin d'\u00e9quitation en ligne Sellerie La Cabrade","robots":{"index":"index","follow":"follow","max-snippet":"max-snippet:-1","max-image-preview":"max-image-preview:large","max-video-preview":"max-video-preview:-1"},"canonical":"https:\/\/la-cabrade.be\/fr\/produit\/bottes-kids-fun-mollet-slim-tall\/","og_locale":"fr_FR","og_type":"article","og_title":"Bottes Kids Fun - mollet slim tall SUEDWIND - La Cabrade","og_description":"Achetez Bottes Kids Fun - mollet slim tall SUEDWIND au meilleur prix. Livraison rapide. Dans votre magasin d'\u00e9quitation en ligne Sellerie La Cabrade","og_url":"https:\/\/la-cabrade.be\/fr\/produit\/bottes-kids-fun-mollet-slim-tall\/","og_site_name":"La Cabrade","article_modified_time":"2026-03-24T10:30:44+00:00","schema":{"@context":"https:\/\/schema.org","@graph":[{"@type":"WebPage","@id":"https:\/\/la-cabrade.be\/produit\/bottes-kids-fun-mollet-slim-tall\/","url":"https:\/\/la-cabrade.be\/produit\/bottes-kids-fun-mollet-slim-tall\/","name":"Bottes Kids Fun - mollet slim tall SUEDWIND - La Cabrade","isPartOf":{"@id":"https:\/\/la-cabrade.be\/#website"},"datePublished":"2023-08-01T16:47:23+00:00","dateModified":"2026-03-24T10:30:44+00:00","description":"Achetez Bottes Kids Fun - mollet slim tall SUEDWIND au meilleur prix. Livraison rapide. Dans votre magasin d'\u00e9quitation en ligne Sellerie La Cabrade","breadcrumb":{"@id":"https:\/\/la-cabrade.be\/produit\/bottes-kids-fun-mollet-slim-tall\/#breadcrumb"},"inLanguage":"fr-BE","potentialAction":[{"@type":"ReadAction","target":["https:\/\/la-cabrade.be\/produit\/bottes-kids-fun-mollet-slim-tall\/"]}]},{"@type":"BreadcrumbList","@id":"https:\/\/la-cabrade.be\/produit\/bottes-kids-fun-mollet-slim-tall\/#breadcrumb","itemListElement":[{"@type":"ListItem","position":1,"name":"Accueil","item":"https:\/\/la-cabrade.be\/"},{"@type":"ListItem","position":2,"name":"Boutique","item":"https:\/\/la-cabrade.be\/fr\/boutique\/"},{"@type":"ListItem","position":3,"name":"Bottes Kids Fun &#8211; mollet slim tall SUEDWIND"}]},{"@type":"WebSite","@id":"https:\/\/la-cabrade.be\/#website","url":"https:\/\/la-cabrade.be\/","name":"La Cabrade","description":"Sellerie en ligne et magasin d\u2019\u00e9quitation \u00e0 Fl\u00e9ron, Li\u00e8ge","publisher":{"@id":"https:\/\/la-cabrade.be\/#organization"},"potentialAction":[{"@type":"SearchAction","target":{"@type":"EntryPoint","urlTemplate":"https:\/\/la-cabrade.be\/?s={search_term_string}"},"query-input":{"@type":"PropertyValueSpecification","valueRequired":true,"valueName":"search_term_string"}}],"inLanguage":"fr-BE"},{"@type":"Organization","@id":"https:\/\/la-cabrade.be\/#organization","name":"La Cabrade","url":"https:\/\/la-cabrade.be\/","logo":{"@type":"ImageObject","inLanguage":"fr-BE","@id":"https:\/\/la-cabrade.be\/#\/schema\/logo\/image\/","url":"https:\/\/la-cabrade.be\/wp-content\/uploads\/2020\/04\/La-Cabrade_logo.svg","contentUrl":"https:\/\/la-cabrade.be\/wp-content\/uploads\/2020\/04\/La-Cabrade_logo.svg","width":900,"height":320,"caption":"La Cabrade"},"image":{"@id":"https:\/\/la-cabrade.be\/#\/schema\/logo\/image\/"}}]}},"brands":[{"id":650,"name":"Suedwind Footwear","slug":"suedwind-footwear"}],"_links":{"self":[{"href":"https:\/\/la-cabrade.be\/fr\/wp-json\/wp\/v2\/product\/3987","targetHints":{"allow":["GET"]}}],"collection":[{"href":"https:\/\/la-cabrade.be\/fr\/wp-json\/wp\/v2\/product"}],"about":[{"href":"https:\/\/la-cabrade.be\/fr\/wp-json\/wp\/v2\/types\/product"}],"wp:attachment":[{"href":"https:\/\/la-cabrade.be\/fr\/wp-json\/wp\/v2\/media?parent=3987"}],"wp:term":[{"taxonomy":"pwb-brand","embeddable":true,"href":"https:\/\/la-cabrade.be\/fr\/wp-json\/wp\/v2\/pwb-brand?post=3987"},{"taxonomy":"product_brand","embeddable":true,"href":"https:\/\/la-cabrade.be\/fr\/wp-json\/wp\/v2\/product_brand?post=3987"},{"taxonomy":"product_cat","embeddable":true,"href":"https:\/\/la-cabrade.be\/fr\/wp-json\/wp\/v2\/product_cat?post=3987"},{"taxonomy":"product_tag","embeddable":true,"href":"https:\/\/la-cabrade.be\/fr\/wp-json\/wp\/v2\/product_tag?post=3987"},{"taxonomy":"giftcard-category","embeddable":true,"href":"https:\/\/la-cabrade.be\/fr\/wp-json\/wp\/v2\/giftcard-category?post=3987"}],"curies":[{"name":"wp","href":"https:\/\/api.w.org\/{rel}","templated":true}]}}