{"id":3717,"date":"2023-08-01T13:43:42","date_gmt":"2023-08-01T12:43:42","guid":{"rendered":"https:\/\/la-cabrade.be\/fr\/produit\/bonnet-wellington-velvet-contrast-kentucky\/"},"modified":"2025-05-12T08:11:24","modified_gmt":"2025-05-12T07:11:24","slug":"bonnet-wellington-velvet-contrast-kentucky","status":"publish","type":"product","link":"https:\/\/la-cabrade.be\/fr\/produit\/bonnet-wellington-velvet-contrast-kentucky\/","title":{"rendered":"Bonnet wellington velvet contrast kentucky"},"content":{"rendered":"<p>Notre Fly Veil Basic Velvet effet velours c\u00f4tel\u00e9 combine le look am\u00e9ricain moderne et l\u2019expertise de Kentucky Horsewear. Ce bonnet est crochet\u00e9 \u00e0 la main pour une meilleure durabilit\u00e9. Il poss\u00e8de des d\u00e9tails en velvet tr\u00e8s \u00e9l\u00e9gants. Le tissu autour des oreilles est extensible et ajust\u00e9. Il prot\u00e8ge les oreilles du cheval contre les mouches pendant le travail. La partie au niveau du cou est plus longue et ne peut donc pas glisser. Ce bonnet n\u2019a pas de logo visible, le cavalier ou les sponsors peuvent donc broder leur propre logo. Lavage \u00e0 la main uniquement.<\/p>\n<p>&#8211; Protection anti-mouches avec un look am\u00e9ricain<br \/>\n&#8211; Velvet d\u00e9tails<br \/>\n&#8211; Tricot \u00e0 la main de qualit\u00e9<br \/>\n&#8211; Tissu plus long au niveau du cou pour emp\u00eacher au bonnet de glisser<\/p>\n","protected":false},"excerpt":{"rendered":"<p>Notre Fly Veil Basic Velvet effet velours c\u00f4tel\u00e9 combine le look am\u00e9ricain moderne et l\u2019expertise de Kentucky Horsewear. Ce bonnet est crochet\u00e9 \u00e0 la main pour une meilleure durabilit\u00e9. Il poss\u00e8de des d\u00e9tails en velvet tr\u00e8s \u00e9l\u00e9gants. Le tissu autour des oreilles est extensible et ajust\u00e9. Il prot\u00e8ge les oreilles du cheval contre les mouches [&hellip;]<\/p>\n","protected":false},"featured_media":22884,"template":"","meta":[],"pwb-brand":[614],"product_brand":[],"product_cat":[699],"product_tag":[],"giftcard-category":[],"class_list":{"0":"post-3717","1":"product","2":"type-product","3":"status-publish","4":"has-post-thumbnail","6":"pwb-brand-kentucky","7":"product_cat-bonnets","9":"first","10":"instock","11":"taxable","12":"shipping-taxable","13":"purchasable","14":"product-type-variable","15":"has-default-attributes"},"yoast_head":"<!-- This site is optimized with the Yoast SEO plugin v25.3.1 - https:\/\/yoast.com\/wordpress\/plugins\/seo\/ -->\n<title>Bonnet wellington velvet contrast kentucky - La Cabrade<\/title>\n<meta name=\"description\" content=\"Achetez Bonnet wellington velvet contrast kentucky au meilleur prix. Livraison rapide. Dans votre magasin d&#039;\u00e9quitation en ligne Sellerie La Cabrade\" \/>\n<meta name=\"robots\" content=\"index, follow, max-snippet:-1, max-image-preview:large, max-video-preview:-1\" \/>\n<link rel=\"canonical\" href=\"https:\/\/la-cabrade.be\/fr\/produit\/bonnet-wellington-velvet-contrast-kentucky\/\" \/>\n<meta property=\"og:locale\" content=\"fr_FR\" \/>\n<meta property=\"og:type\" content=\"article\" \/>\n<meta property=\"og:title\" content=\"Bonnet wellington velvet contrast kentucky - La Cabrade\" \/>\n<meta property=\"og:description\" content=\"Achetez Bonnet wellington velvet contrast kentucky au meilleur prix. Livraison rapide. Dans votre magasin d&#039;\u00e9quitation en ligne Sellerie La Cabrade\" \/>\n<meta property=\"og:url\" content=\"https:\/\/la-cabrade.be\/fr\/produit\/bonnet-wellington-velvet-contrast-kentucky\/\" \/>\n<meta property=\"og:site_name\" content=\"La Cabrade\" \/>\n<meta property=\"article:modified_time\" content=\"2025-05-12T07:11:24+00:00\" \/>\n<meta property=\"og:image\" content=\"https:\/\/la-cabrade.be\/wp-content\/uploads\/2023\/11\/BONNET-WELLINGTON-VELVET-CONTRAST-KENTUCKY_Bonnets_17576_1.jpeg\" \/>\n\t<meta property=\"og:image:width\" content=\"700\" \/>\n\t<meta property=\"og:image:height\" content=\"700\" \/>\n\t<meta property=\"og:image:type\" content=\"image\/jpeg\" \/>\n<meta name=\"twitter:label1\" content=\"Dur\u00e9e de lecture est.\" \/>\n\t<meta name=\"twitter:data1\" content=\"1 minute\" \/>\n<script type=\"application\/ld+json\" class=\"yoast-schema-graph\">{\"@context\":\"https:\/\/schema.org\",\"@graph\":[{\"@type\":\"WebPage\",\"@id\":\"https:\/\/la-cabrade.be\/produit\/bonnet-wellington-velvet-contrast-kentucky\/\",\"url\":\"https:\/\/la-cabrade.be\/produit\/bonnet-wellington-velvet-contrast-kentucky\/\",\"name\":\"Bonnet wellington velvet contrast kentucky - La Cabrade\",\"isPartOf\":{\"@id\":\"https:\/\/la-cabrade.be\/#website\"},\"primaryImageOfPage\":{\"@id\":\"https:\/\/la-cabrade.be\/produit\/bonnet-wellington-velvet-contrast-kentucky\/#primaryimage\"},\"image\":{\"@id\":\"https:\/\/la-cabrade.be\/produit\/bonnet-wellington-velvet-contrast-kentucky\/#primaryimage\"},\"thumbnailUrl\":\"https:\/\/la-cabrade.be\/wp-content\/uploads\/2023\/11\/BONNET-WELLINGTON-VELVET-CONTRAST-KENTUCKY_Bonnets_17576_1.jpeg\",\"datePublished\":\"2023-08-01T12:43:42+00:00\",\"dateModified\":\"2025-05-12T07:11:24+00:00\",\"description\":\"Achetez Bonnet wellington velvet contrast kentucky au meilleur prix. Livraison rapide. Dans votre magasin d'\u00e9quitation en ligne Sellerie La Cabrade\",\"breadcrumb\":{\"@id\":\"https:\/\/la-cabrade.be\/produit\/bonnet-wellington-velvet-contrast-kentucky\/#breadcrumb\"},\"inLanguage\":\"fr-BE\",\"potentialAction\":[{\"@type\":\"ReadAction\",\"target\":[\"https:\/\/la-cabrade.be\/produit\/bonnet-wellington-velvet-contrast-kentucky\/\"]}]},{\"@type\":\"ImageObject\",\"inLanguage\":\"fr-BE\",\"@id\":\"https:\/\/la-cabrade.be\/produit\/bonnet-wellington-velvet-contrast-kentucky\/#primaryimage\",\"url\":\"https:\/\/la-cabrade.be\/wp-content\/uploads\/2023\/11\/BONNET-WELLINGTON-VELVET-CONTRAST-KENTUCKY_Bonnets_17576_1.jpeg\",\"contentUrl\":\"https:\/\/la-cabrade.be\/wp-content\/uploads\/2023\/11\/BONNET-WELLINGTON-VELVET-CONTRAST-KENTUCKY_Bonnets_17576_1.jpeg\",\"width\":700,\"height\":700,\"caption\":\"BONNET WELLINGTON VELVET CONTRAST KENTUCKY Bonnets 17576 1.jpeg\"},{\"@type\":\"BreadcrumbList\",\"@id\":\"https:\/\/la-cabrade.be\/produit\/bonnet-wellington-velvet-contrast-kentucky\/#breadcrumb\",\"itemListElement\":[{\"@type\":\"ListItem\",\"position\":1,\"name\":\"Accueil\",\"item\":\"https:\/\/la-cabrade.be\/\"},{\"@type\":\"ListItem\",\"position\":2,\"name\":\"Boutique\",\"item\":\"https:\/\/la-cabrade.be\/fr\/boutique\/\"},{\"@type\":\"ListItem\",\"position\":3,\"name\":\"Bonnet wellington velvet contrast kentucky\"}]},{\"@type\":\"WebSite\",\"@id\":\"https:\/\/la-cabrade.be\/#website\",\"url\":\"https:\/\/la-cabrade.be\/\",\"name\":\"La Cabrade\",\"description\":\"Sellerie en ligne et magasin d\u2019\u00e9quitation \u00e0 Fl\u00e9ron, Li\u00e8ge\",\"publisher\":{\"@id\":\"https:\/\/la-cabrade.be\/#organization\"},\"potentialAction\":[{\"@type\":\"SearchAction\",\"target\":{\"@type\":\"EntryPoint\",\"urlTemplate\":\"https:\/\/la-cabrade.be\/?s={search_term_string}\"},\"query-input\":{\"@type\":\"PropertyValueSpecification\",\"valueRequired\":true,\"valueName\":\"search_term_string\"}}],\"inLanguage\":\"fr-BE\"},{\"@type\":\"Organization\",\"@id\":\"https:\/\/la-cabrade.be\/#organization\",\"name\":\"La Cabrade\",\"url\":\"https:\/\/la-cabrade.be\/\",\"logo\":{\"@type\":\"ImageObject\",\"inLanguage\":\"fr-BE\",\"@id\":\"https:\/\/la-cabrade.be\/#\/schema\/logo\/image\/\",\"url\":\"https:\/\/la-cabrade.be\/wp-content\/uploads\/2020\/04\/La-Cabrade_logo.svg\",\"contentUrl\":\"https:\/\/la-cabrade.be\/wp-content\/uploads\/2020\/04\/La-Cabrade_logo.svg\",\"width\":900,\"height\":320,\"caption\":\"La Cabrade\"},\"image\":{\"@id\":\"https:\/\/la-cabrade.be\/#\/schema\/logo\/image\/\"}}]}<\/script>\n<!-- \/ Yoast SEO plugin. -->","yoast_head_json":{"title":"Bonnet wellington velvet contrast kentucky - La Cabrade","description":"Achetez Bonnet wellington velvet contrast kentucky au meilleur prix. Livraison rapide. Dans votre magasin d'\u00e9quitation en ligne Sellerie La Cabrade","robots":{"index":"index","follow":"follow","max-snippet":"max-snippet:-1","max-image-preview":"max-image-preview:large","max-video-preview":"max-video-preview:-1"},"canonical":"https:\/\/la-cabrade.be\/fr\/produit\/bonnet-wellington-velvet-contrast-kentucky\/","og_locale":"fr_FR","og_type":"article","og_title":"Bonnet wellington velvet contrast kentucky - La Cabrade","og_description":"Achetez Bonnet wellington velvet contrast kentucky au meilleur prix. Livraison rapide. Dans votre magasin d'\u00e9quitation en ligne Sellerie La Cabrade","og_url":"https:\/\/la-cabrade.be\/fr\/produit\/bonnet-wellington-velvet-contrast-kentucky\/","og_site_name":"La Cabrade","article_modified_time":"2025-05-12T07:11:24+00:00","og_image":[{"width":700,"height":700,"url":"https:\/\/la-cabrade.be\/wp-content\/uploads\/2023\/11\/BONNET-WELLINGTON-VELVET-CONTRAST-KENTUCKY_Bonnets_17576_1.jpeg","type":"image\/jpeg"}],"twitter_misc":{"Dur\u00e9e de lecture est.":"1 minute"},"schema":{"@context":"https:\/\/schema.org","@graph":[{"@type":"WebPage","@id":"https:\/\/la-cabrade.be\/produit\/bonnet-wellington-velvet-contrast-kentucky\/","url":"https:\/\/la-cabrade.be\/produit\/bonnet-wellington-velvet-contrast-kentucky\/","name":"Bonnet wellington velvet contrast kentucky - La Cabrade","isPartOf":{"@id":"https:\/\/la-cabrade.be\/#website"},"primaryImageOfPage":{"@id":"https:\/\/la-cabrade.be\/produit\/bonnet-wellington-velvet-contrast-kentucky\/#primaryimage"},"image":{"@id":"https:\/\/la-cabrade.be\/produit\/bonnet-wellington-velvet-contrast-kentucky\/#primaryimage"},"thumbnailUrl":"https:\/\/la-cabrade.be\/wp-content\/uploads\/2023\/11\/BONNET-WELLINGTON-VELVET-CONTRAST-KENTUCKY_Bonnets_17576_1.jpeg","datePublished":"2023-08-01T12:43:42+00:00","dateModified":"2025-05-12T07:11:24+00:00","description":"Achetez Bonnet wellington velvet contrast kentucky au meilleur prix. Livraison rapide. Dans votre magasin d'\u00e9quitation en ligne Sellerie La Cabrade","breadcrumb":{"@id":"https:\/\/la-cabrade.be\/produit\/bonnet-wellington-velvet-contrast-kentucky\/#breadcrumb"},"inLanguage":"fr-BE","potentialAction":[{"@type":"ReadAction","target":["https:\/\/la-cabrade.be\/produit\/bonnet-wellington-velvet-contrast-kentucky\/"]}]},{"@type":"ImageObject","inLanguage":"fr-BE","@id":"https:\/\/la-cabrade.be\/produit\/bonnet-wellington-velvet-contrast-kentucky\/#primaryimage","url":"https:\/\/la-cabrade.be\/wp-content\/uploads\/2023\/11\/BONNET-WELLINGTON-VELVET-CONTRAST-KENTUCKY_Bonnets_17576_1.jpeg","contentUrl":"https:\/\/la-cabrade.be\/wp-content\/uploads\/2023\/11\/BONNET-WELLINGTON-VELVET-CONTRAST-KENTUCKY_Bonnets_17576_1.jpeg","width":700,"height":700,"caption":"BONNET WELLINGTON VELVET CONTRAST KENTUCKY Bonnets 17576 1.jpeg"},{"@type":"BreadcrumbList","@id":"https:\/\/la-cabrade.be\/produit\/bonnet-wellington-velvet-contrast-kentucky\/#breadcrumb","itemListElement":[{"@type":"ListItem","position":1,"name":"Accueil","item":"https:\/\/la-cabrade.be\/"},{"@type":"ListItem","position":2,"name":"Boutique","item":"https:\/\/la-cabrade.be\/fr\/boutique\/"},{"@type":"ListItem","position":3,"name":"Bonnet wellington velvet contrast kentucky"}]},{"@type":"WebSite","@id":"https:\/\/la-cabrade.be\/#website","url":"https:\/\/la-cabrade.be\/","name":"La Cabrade","description":"Sellerie en ligne et magasin d\u2019\u00e9quitation \u00e0 Fl\u00e9ron, Li\u00e8ge","publisher":{"@id":"https:\/\/la-cabrade.be\/#organization"},"potentialAction":[{"@type":"SearchAction","target":{"@type":"EntryPoint","urlTemplate":"https:\/\/la-cabrade.be\/?s={search_term_string}"},"query-input":{"@type":"PropertyValueSpecification","valueRequired":true,"valueName":"search_term_string"}}],"inLanguage":"fr-BE"},{"@type":"Organization","@id":"https:\/\/la-cabrade.be\/#organization","name":"La Cabrade","url":"https:\/\/la-cabrade.be\/","logo":{"@type":"ImageObject","inLanguage":"fr-BE","@id":"https:\/\/la-cabrade.be\/#\/schema\/logo\/image\/","url":"https:\/\/la-cabrade.be\/wp-content\/uploads\/2020\/04\/La-Cabrade_logo.svg","contentUrl":"https:\/\/la-cabrade.be\/wp-content\/uploads\/2020\/04\/La-Cabrade_logo.svg","width":900,"height":320,"caption":"La Cabrade"},"image":{"@id":"https:\/\/la-cabrade.be\/#\/schema\/logo\/image\/"}}]}},"brands":[{"id":614,"name":"Kentucky","slug":"kentucky"}],"_links":{"self":[{"href":"https:\/\/la-cabrade.be\/fr\/wp-json\/wp\/v2\/product\/3717","targetHints":{"allow":["GET"]}}],"collection":[{"href":"https:\/\/la-cabrade.be\/fr\/wp-json\/wp\/v2\/product"}],"about":[{"href":"https:\/\/la-cabrade.be\/fr\/wp-json\/wp\/v2\/types\/product"}],"wp:featuredmedia":[{"embeddable":true,"href":"https:\/\/la-cabrade.be\/fr\/wp-json\/wp\/v2\/media\/22884"}],"wp:attachment":[{"href":"https:\/\/la-cabrade.be\/fr\/wp-json\/wp\/v2\/media?parent=3717"}],"wp:term":[{"taxonomy":"pwb-brand","embeddable":true,"href":"https:\/\/la-cabrade.be\/fr\/wp-json\/wp\/v2\/pwb-brand?post=3717"},{"taxonomy":"product_brand","embeddable":true,"href":"https:\/\/la-cabrade.be\/fr\/wp-json\/wp\/v2\/product_brand?post=3717"},{"taxonomy":"product_cat","embeddable":true,"href":"https:\/\/la-cabrade.be\/fr\/wp-json\/wp\/v2\/product_cat?post=3717"},{"taxonomy":"product_tag","embeddable":true,"href":"https:\/\/la-cabrade.be\/fr\/wp-json\/wp\/v2\/product_tag?post=3717"},{"taxonomy":"giftcard-category","embeddable":true,"href":"https:\/\/la-cabrade.be\/fr\/wp-json\/wp\/v2\/giftcard-category?post=3717"}],"curies":[{"name":"wp","href":"https:\/\/api.w.org\/{rel}","templated":true}]}}