{"id":3507,"date":"2023-08-01T13:37:10","date_gmt":"2023-08-01T12:37:10","guid":{"rendered":"https:\/\/la-cabrade.be\/fr\/produit\/bombe-kep-cromo-2-0-matt-polo\/"},"modified":"2026-03-24T11:16:54","modified_gmt":"2026-03-24T10:16:54","slug":"bombe-kep-cromo-2-0-matt-polo","status":"publish","type":"product","link":"https:\/\/la-cabrade.be\/fr\/produit\/bombe-kep-cromo-2-0-matt-polo\/","title":{"rendered":"Bombe kep cromo 2.0 matt &#8211; polo"},"content":{"rendered":"<p>100% con\u00e7u et fabriqu\u00e9 en Italie. Le mod\u00e8le CROMO 2.0 est l\u2019\u00e9volution du casque Cromo. \u00c9galement disponible en diff\u00e9rentes finitions et variations de couleurs, CROMO 2.0 donne au pilote l\u2019acc\u00e8s \u00e0 d\u2019autres options de personnalisation ind\u00e9pendantes, m\u00eame apr\u00e8s l\u2019achat. Un syst\u00e8me d\u2019enclenchement m\u00e9canique innovant permet au pilote de remplacer les inserts avant et arri\u00e8re et la visi\u00e8re en quelques \u00e9tapes simples. La coque ext\u00e9rieure est \u00e0 la fois l\u00e9g\u00e8re et r\u00e9sistante gr\u00e2ce \u00e0 la conception moul\u00e9e en polycarbonate. La grille de ventilation agressive et \u00e9l\u00e9gante est disponible avec un contraste de couleur et des finitions ton sur ton. Le KEP AIR CONTROL SYSTEM est am\u00e9lior\u00e9 avec des fentes de ventilation suppl\u00e9mentaires \u00e0 l\u2019arri\u00e8re, pour assurer une plus grande respirabilit\u00e9 et un meilleur contr\u00f4le de la temp\u00e9rature interne. Le bracelet en cuir v\u00e9ritable cousu \u00e0 la main maintient les cinq points d\u2019attache pour un ajustement plus stable. Le nouveau rembourrage, avec un confort et une respirabilit\u00e9 am\u00e9lior\u00e9s, est en tissu doux fabriqu\u00e9 \u00e0 partir de mati\u00e8res premi\u00e8res \u00e9co-vertes. Il peut toujours \u00eatre retir\u00e9 et lav\u00e9 \u00e0 la main ou lav\u00e9 en machine \u00e0 30\u00b0. Vous pouvez personnaliser votre casque unique avec de magnifiques a\u00e9rographes \u00e0 main lev\u00e9e ou d\u2019autres techniques. CROMO 2.0 est \u00e9quip\u00e9 d\u2019une micropuce int\u00e9gr\u00e9e, positionn\u00e9e sous l\u2019insert avant, sur laquelle vous pouvez t\u00e9l\u00e9charger les informations de sant\u00e9 du cycliste \u00e0 l\u2019aide de l\u2019application KEP. En cas de besoin, cela peut aider \u00e0 acc\u00e9l\u00e9rer la fourniture des premiers soins. Chaque casque est \u00e9galement livr\u00e9 avec une visi\u00e8re de jockey. Poids: 500 g taille M &#8211; 535 g taille L<\/p>\n","protected":false},"excerpt":{"rendered":"<p>Bombe Kep Cromo 2.0 Matt &#8211; Polo, un symbole d&rsquo;\u00e9l\u00e9gance et de s\u00e9curit\u00e9, enti\u00e8rement fabriqu\u00e9 en Italie. Offrez-vous un confort in\u00e9gal\u00e9 gr\u00e2ce \u00e0 sa coque l\u00e9g\u00e8re, son syst\u00e8me de ventilation innovant et son rembourrage am\u00e9lior\u00e9, tout en profitant de la libert\u00e9 de personnaliser votre casque avec des a\u00e9rographes \u00e0 main lev\u00e9e et une gamme de finitions color\u00e9es.<\/p>\n","protected":false},"featured_media":22307,"template":"","meta":[],"pwb-brand":[615],"product_brand":[],"product_cat":[1166],"product_tag":[],"giftcard-category":[],"class_list":{"0":"post-3507","1":"product","2":"type-product","3":"status-publish","4":"has-post-thumbnail","6":"pwb-brand-kep","7":"product_cat-casques-et-bombes","9":"first","10":"outofstock","11":"taxable","12":"shipping-taxable","13":"purchasable","14":"product-type-variable","15":"has-default-attributes"},"yoast_head":"<!-- This site is optimized with the Yoast SEO plugin v25.3.1 - https:\/\/yoast.com\/wordpress\/plugins\/seo\/ -->\n<title>Bombe kep cromo 2.0 matt - polo - La Cabrade<\/title>\n<meta name=\"description\" content=\"Achetez Bombe kep cromo 2.0 matt - polo au meilleur prix. Livraison rapide. Dans votre magasin d&#039;\u00e9quitation en ligne Sellerie La Cabrade\" \/>\n<meta name=\"robots\" content=\"index, follow, max-snippet:-1, max-image-preview:large, max-video-preview:-1\" \/>\n<link rel=\"canonical\" href=\"https:\/\/la-cabrade.be\/fr\/produit\/bombe-kep-cromo-2-0-matt-polo\/\" \/>\n<meta property=\"og:locale\" content=\"fr_FR\" \/>\n<meta property=\"og:type\" content=\"article\" \/>\n<meta property=\"og:title\" content=\"Bombe kep cromo 2.0 matt - polo - La Cabrade\" \/>\n<meta property=\"og:description\" content=\"Achetez Bombe kep cromo 2.0 matt - polo au meilleur prix. Livraison rapide. Dans votre magasin d&#039;\u00e9quitation en ligne Sellerie La Cabrade\" \/>\n<meta property=\"og:url\" content=\"https:\/\/la-cabrade.be\/fr\/produit\/bombe-kep-cromo-2-0-matt-polo\/\" \/>\n<meta property=\"og:site_name\" content=\"La Cabrade\" \/>\n<meta property=\"article:modified_time\" content=\"2026-03-24T10:16:54+00:00\" \/>\n<meta property=\"og:image\" content=\"https:\/\/la-cabrade.be\/wp-content\/uploads\/2023\/11\/BOMBE-KEP-CROMO-2.0-MATT-POLO_Casques-et-bombes_17533_1.jpeg\" \/>\n\t<meta property=\"og:image:width\" content=\"1000\" \/>\n\t<meta property=\"og:image:height\" content=\"1000\" \/>\n\t<meta property=\"og:image:type\" content=\"image\/jpeg\" \/>\n<meta name=\"twitter:label1\" content=\"Dur\u00e9e de lecture est.\" \/>\n\t<meta name=\"twitter:data1\" content=\"2 minutes\" \/>\n<script type=\"application\/ld+json\" class=\"yoast-schema-graph\">{\"@context\":\"https:\/\/schema.org\",\"@graph\":[{\"@type\":\"WebPage\",\"@id\":\"https:\/\/la-cabrade.be\/produit\/bombe-kep-cromo-2-0-matt-polo\/\",\"url\":\"https:\/\/la-cabrade.be\/produit\/bombe-kep-cromo-2-0-matt-polo\/\",\"name\":\"Bombe kep cromo 2.0 matt - polo - La Cabrade\",\"isPartOf\":{\"@id\":\"https:\/\/la-cabrade.be\/#website\"},\"primaryImageOfPage\":{\"@id\":\"https:\/\/la-cabrade.be\/produit\/bombe-kep-cromo-2-0-matt-polo\/#primaryimage\"},\"image\":{\"@id\":\"https:\/\/la-cabrade.be\/produit\/bombe-kep-cromo-2-0-matt-polo\/#primaryimage\"},\"thumbnailUrl\":\"https:\/\/la-cabrade.be\/wp-content\/uploads\/2023\/11\/BOMBE-KEP-CROMO-2.0-MATT-POLO_Casques-et-bombes_17533_1.jpeg\",\"datePublished\":\"2023-08-01T12:37:10+00:00\",\"dateModified\":\"2026-03-24T10:16:54+00:00\",\"description\":\"Achetez Bombe kep cromo 2.0 matt - polo au meilleur prix. Livraison rapide. Dans votre magasin d'\u00e9quitation en ligne Sellerie La Cabrade\",\"breadcrumb\":{\"@id\":\"https:\/\/la-cabrade.be\/produit\/bombe-kep-cromo-2-0-matt-polo\/#breadcrumb\"},\"inLanguage\":\"fr-BE\",\"potentialAction\":[{\"@type\":\"ReadAction\",\"target\":[\"https:\/\/la-cabrade.be\/produit\/bombe-kep-cromo-2-0-matt-polo\/\"]}]},{\"@type\":\"ImageObject\",\"inLanguage\":\"fr-BE\",\"@id\":\"https:\/\/la-cabrade.be\/produit\/bombe-kep-cromo-2-0-matt-polo\/#primaryimage\",\"url\":\"https:\/\/la-cabrade.be\/wp-content\/uploads\/2023\/11\/BOMBE-KEP-CROMO-2.0-MATT-POLO_Casques-et-bombes_17533_1.jpeg\",\"contentUrl\":\"https:\/\/la-cabrade.be\/wp-content\/uploads\/2023\/11\/BOMBE-KEP-CROMO-2.0-MATT-POLO_Casques-et-bombes_17533_1.jpeg\",\"width\":1000,\"height\":1000,\"caption\":\"BOMBE KEP CROMO 2.0 MATT POLO Casques et bombes 17533 1.jpeg\"},{\"@type\":\"BreadcrumbList\",\"@id\":\"https:\/\/la-cabrade.be\/produit\/bombe-kep-cromo-2-0-matt-polo\/#breadcrumb\",\"itemListElement\":[{\"@type\":\"ListItem\",\"position\":1,\"name\":\"Accueil\",\"item\":\"https:\/\/la-cabrade.be\/\"},{\"@type\":\"ListItem\",\"position\":2,\"name\":\"Boutique\",\"item\":\"https:\/\/la-cabrade.be\/fr\/boutique\/\"},{\"@type\":\"ListItem\",\"position\":3,\"name\":\"Bombe kep cromo 2.0 matt &#8211; polo\"}]},{\"@type\":\"WebSite\",\"@id\":\"https:\/\/la-cabrade.be\/#website\",\"url\":\"https:\/\/la-cabrade.be\/\",\"name\":\"La Cabrade\",\"description\":\"Sellerie en ligne et magasin d\u2019\u00e9quitation \u00e0 Fl\u00e9ron, Li\u00e8ge\",\"publisher\":{\"@id\":\"https:\/\/la-cabrade.be\/#organization\"},\"potentialAction\":[{\"@type\":\"SearchAction\",\"target\":{\"@type\":\"EntryPoint\",\"urlTemplate\":\"https:\/\/la-cabrade.be\/?s={search_term_string}\"},\"query-input\":{\"@type\":\"PropertyValueSpecification\",\"valueRequired\":true,\"valueName\":\"search_term_string\"}}],\"inLanguage\":\"fr-BE\"},{\"@type\":\"Organization\",\"@id\":\"https:\/\/la-cabrade.be\/#organization\",\"name\":\"La Cabrade\",\"url\":\"https:\/\/la-cabrade.be\/\",\"logo\":{\"@type\":\"ImageObject\",\"inLanguage\":\"fr-BE\",\"@id\":\"https:\/\/la-cabrade.be\/#\/schema\/logo\/image\/\",\"url\":\"https:\/\/la-cabrade.be\/wp-content\/uploads\/2020\/04\/La-Cabrade_logo.svg\",\"contentUrl\":\"https:\/\/la-cabrade.be\/wp-content\/uploads\/2020\/04\/La-Cabrade_logo.svg\",\"width\":900,\"height\":320,\"caption\":\"La Cabrade\"},\"image\":{\"@id\":\"https:\/\/la-cabrade.be\/#\/schema\/logo\/image\/\"}}]}<\/script>\n<!-- \/ Yoast SEO plugin. -->","yoast_head_json":{"title":"Bombe kep cromo 2.0 matt - polo - La Cabrade","description":"Achetez Bombe kep cromo 2.0 matt - polo au meilleur prix. Livraison rapide. Dans votre magasin d'\u00e9quitation en ligne Sellerie La Cabrade","robots":{"index":"index","follow":"follow","max-snippet":"max-snippet:-1","max-image-preview":"max-image-preview:large","max-video-preview":"max-video-preview:-1"},"canonical":"https:\/\/la-cabrade.be\/fr\/produit\/bombe-kep-cromo-2-0-matt-polo\/","og_locale":"fr_FR","og_type":"article","og_title":"Bombe kep cromo 2.0 matt - polo - La Cabrade","og_description":"Achetez Bombe kep cromo 2.0 matt - polo au meilleur prix. Livraison rapide. Dans votre magasin d'\u00e9quitation en ligne Sellerie La Cabrade","og_url":"https:\/\/la-cabrade.be\/fr\/produit\/bombe-kep-cromo-2-0-matt-polo\/","og_site_name":"La Cabrade","article_modified_time":"2026-03-24T10:16:54+00:00","og_image":[{"width":1000,"height":1000,"url":"https:\/\/la-cabrade.be\/wp-content\/uploads\/2023\/11\/BOMBE-KEP-CROMO-2.0-MATT-POLO_Casques-et-bombes_17533_1.jpeg","type":"image\/jpeg"}],"twitter_misc":{"Dur\u00e9e de lecture est.":"2 minutes"},"schema":{"@context":"https:\/\/schema.org","@graph":[{"@type":"WebPage","@id":"https:\/\/la-cabrade.be\/produit\/bombe-kep-cromo-2-0-matt-polo\/","url":"https:\/\/la-cabrade.be\/produit\/bombe-kep-cromo-2-0-matt-polo\/","name":"Bombe kep cromo 2.0 matt - polo - La Cabrade","isPartOf":{"@id":"https:\/\/la-cabrade.be\/#website"},"primaryImageOfPage":{"@id":"https:\/\/la-cabrade.be\/produit\/bombe-kep-cromo-2-0-matt-polo\/#primaryimage"},"image":{"@id":"https:\/\/la-cabrade.be\/produit\/bombe-kep-cromo-2-0-matt-polo\/#primaryimage"},"thumbnailUrl":"https:\/\/la-cabrade.be\/wp-content\/uploads\/2023\/11\/BOMBE-KEP-CROMO-2.0-MATT-POLO_Casques-et-bombes_17533_1.jpeg","datePublished":"2023-08-01T12:37:10+00:00","dateModified":"2026-03-24T10:16:54+00:00","description":"Achetez Bombe kep cromo 2.0 matt - polo au meilleur prix. Livraison rapide. Dans votre magasin d'\u00e9quitation en ligne Sellerie La Cabrade","breadcrumb":{"@id":"https:\/\/la-cabrade.be\/produit\/bombe-kep-cromo-2-0-matt-polo\/#breadcrumb"},"inLanguage":"fr-BE","potentialAction":[{"@type":"ReadAction","target":["https:\/\/la-cabrade.be\/produit\/bombe-kep-cromo-2-0-matt-polo\/"]}]},{"@type":"ImageObject","inLanguage":"fr-BE","@id":"https:\/\/la-cabrade.be\/produit\/bombe-kep-cromo-2-0-matt-polo\/#primaryimage","url":"https:\/\/la-cabrade.be\/wp-content\/uploads\/2023\/11\/BOMBE-KEP-CROMO-2.0-MATT-POLO_Casques-et-bombes_17533_1.jpeg","contentUrl":"https:\/\/la-cabrade.be\/wp-content\/uploads\/2023\/11\/BOMBE-KEP-CROMO-2.0-MATT-POLO_Casques-et-bombes_17533_1.jpeg","width":1000,"height":1000,"caption":"BOMBE KEP CROMO 2.0 MATT POLO Casques et bombes 17533 1.jpeg"},{"@type":"BreadcrumbList","@id":"https:\/\/la-cabrade.be\/produit\/bombe-kep-cromo-2-0-matt-polo\/#breadcrumb","itemListElement":[{"@type":"ListItem","position":1,"name":"Accueil","item":"https:\/\/la-cabrade.be\/"},{"@type":"ListItem","position":2,"name":"Boutique","item":"https:\/\/la-cabrade.be\/fr\/boutique\/"},{"@type":"ListItem","position":3,"name":"Bombe kep cromo 2.0 matt &#8211; polo"}]},{"@type":"WebSite","@id":"https:\/\/la-cabrade.be\/#website","url":"https:\/\/la-cabrade.be\/","name":"La Cabrade","description":"Sellerie en ligne et magasin d\u2019\u00e9quitation \u00e0 Fl\u00e9ron, Li\u00e8ge","publisher":{"@id":"https:\/\/la-cabrade.be\/#organization"},"potentialAction":[{"@type":"SearchAction","target":{"@type":"EntryPoint","urlTemplate":"https:\/\/la-cabrade.be\/?s={search_term_string}"},"query-input":{"@type":"PropertyValueSpecification","valueRequired":true,"valueName":"search_term_string"}}],"inLanguage":"fr-BE"},{"@type":"Organization","@id":"https:\/\/la-cabrade.be\/#organization","name":"La Cabrade","url":"https:\/\/la-cabrade.be\/","logo":{"@type":"ImageObject","inLanguage":"fr-BE","@id":"https:\/\/la-cabrade.be\/#\/schema\/logo\/image\/","url":"https:\/\/la-cabrade.be\/wp-content\/uploads\/2020\/04\/La-Cabrade_logo.svg","contentUrl":"https:\/\/la-cabrade.be\/wp-content\/uploads\/2020\/04\/La-Cabrade_logo.svg","width":900,"height":320,"caption":"La Cabrade"},"image":{"@id":"https:\/\/la-cabrade.be\/#\/schema\/logo\/image\/"}}]}},"brands":[{"id":615,"name":"Kep","slug":"kep"}],"_links":{"self":[{"href":"https:\/\/la-cabrade.be\/fr\/wp-json\/wp\/v2\/product\/3507","targetHints":{"allow":["GET"]}}],"collection":[{"href":"https:\/\/la-cabrade.be\/fr\/wp-json\/wp\/v2\/product"}],"about":[{"href":"https:\/\/la-cabrade.be\/fr\/wp-json\/wp\/v2\/types\/product"}],"wp:featuredmedia":[{"embeddable":true,"href":"https:\/\/la-cabrade.be\/fr\/wp-json\/wp\/v2\/media\/22307"}],"wp:attachment":[{"href":"https:\/\/la-cabrade.be\/fr\/wp-json\/wp\/v2\/media?parent=3507"}],"wp:term":[{"taxonomy":"pwb-brand","embeddable":true,"href":"https:\/\/la-cabrade.be\/fr\/wp-json\/wp\/v2\/pwb-brand?post=3507"},{"taxonomy":"product_brand","embeddable":true,"href":"https:\/\/la-cabrade.be\/fr\/wp-json\/wp\/v2\/product_brand?post=3507"},{"taxonomy":"product_cat","embeddable":true,"href":"https:\/\/la-cabrade.be\/fr\/wp-json\/wp\/v2\/product_cat?post=3507"},{"taxonomy":"product_tag","embeddable":true,"href":"https:\/\/la-cabrade.be\/fr\/wp-json\/wp\/v2\/product_tag?post=3507"},{"taxonomy":"giftcard-category","embeddable":true,"href":"https:\/\/la-cabrade.be\/fr\/wp-json\/wp\/v2\/giftcard-category?post=3507"}],"curies":[{"name":"wp","href":"https:\/\/api.w.org\/{rel}","templated":true}]}}