{"id":3150,"date":"2023-08-01T12:22:31","date_gmt":"2023-08-01T11:22:31","guid":{"rendered":"https:\/\/la-cabrade.be\/fr\/produit\/amortisseur-mattes-correction-2-poches\/"},"modified":"2026-03-24T11:15:59","modified_gmt":"2026-03-24T10:15:59","slug":"amortisseur-mattes-correction-2-poches","status":"publish","type":"product","link":"https:\/\/la-cabrade.be\/fr\/produit\/amortisseur-mattes-correction-2-poches\/","title":{"rendered":"Amortisseur correction 2 poches MATTES"},"content":{"rendered":"<p style=\"margin-bottom: 0px\">L&rsquo;amortisseur mixte avec syst\u00e8me de correction 2 poches Mattes offre une d\u00e9coupe anatomique permettant un tr\u00e8s bon degarottage.<\/p>\n<p style=\"margin-bottom: 0px\">\u00c9labor\u00e9 dans le but de privil\u00e9gier le confort du cheval, cet amortisseur est con\u00e7u en peau d&rsquo;agneau de qualit\u00e9 sup\u00e9rieure avec bordures \u00e0 l&rsquo;avant et \u00e0 l&rsquo;arri\u00e8re \u00e9galisant le poids du cavalier sur le dos de son cheval pour ne cr\u00e9er aucun point de pression.<\/p>\n<p style=\"margin-bottom: 0px\"><\/p>\n<p style=\"margin-bottom: 0px\">En effet, il est dot\u00e9 du dispositif spinefree permettant d\u2019\u00e9viter de fa\u00e7on fiable toute charge de pression dans la zone du garrot et de la colonne vert\u00e9brale.<\/p>\n<p style=\"margin-bottom: 0px\"><\/p>\n<p style=\"margin-bottom: 0px\">Il a la particularit\u00e9 d&rsquo;offrir un syst\u00e8me de correction avec 2 poches pour permettre une adaptation parfaite au dos du cheval. En effet, la partie centrale de l&rsquo;amortisseur est con\u00e7ue de fa\u00e7on \u00e0 se positionner en toute s\u00e9curit\u00e9 dans la partie creuse de la selle et ainsi assurer toute libert\u00e9 au niveau de la colonne vert\u00e9brale.<\/p>\n<p style=\"margin-bottom: 0px\"><\/p>\n<p style=\"margin-bottom: 0px\">Ces poches sont con\u00e7ues pour pouvoir ins\u00e9r\u00e9 des feutres \u00e0 l&rsquo;avant et \u00e0 l&rsquo;arri\u00e8re de l&rsquo;amortisseur afin d&rsquo;ajuster la selle de fa\u00e7on optimale.<\/p>\n<p style=\"margin-bottom: 0px\"><\/p>\n<p style=\"margin-bottom: 0px\">On y retrouve trois inserts en feutre (POLY-FLEX\u00ae) par poche, chacun d&rsquo;une \u00e9paisseur de 5 mm, dont les caract\u00e9ristiques de pression correspondent \u00e0 celles d&rsquo;une bonne selle neuve rembourr\u00e9e de laine et de crin.<\/p>\n<p style=\"margin-bottom: 0px\"><\/p>\n<p style=\"margin-bottom: 0px\">Ce syst\u00e8me permet \u00e9galement de s&rsquo;ajuster \u00e0 tous les types de selle.<\/p>\n<p style=\"margin-bottom: 0px\"><\/p>\n<p style=\"margin-bottom: 0px\">Concernant ses mat\u00e9riaux, il est fabriqu\u00e9 \u00e0 partir de peaux pr\u00e9sentant une laine particuli\u00e8rement dense et r\u00e9sistante offrant une circulation d&rsquo;air possible entre les fibres de laine. Cela permet d&rsquo;offrir une temp\u00e9rature \u00e9quilibr\u00e9e, rendant ce tapis id\u00e9al aussi bien en \u00e9t\u00e9 qu&rsquo;en hiver.<\/p>\n<p style=\"margin-bottom: 0px\"><\/p>\n<p style=\"margin-bottom: 0px\">Cette laine peut absorber jusqu&rsquo;\u00e0 8 fois le poids de la laine en humidit\u00e9 sans paraitre mouill\u00e9e. Elle est \u00e9galement reconnue pour son \u00e9lasticit\u00e9 qui est id\u00e9ale pour une bonne r\u00e9partition de la charge. Il r\u00e9tablit parfaitement l\u2019\u00e9quilibre et la balance de la selle.<\/p>\n<p style=\"margin-bottom: 0px\"><\/p>\n<p style=\"margin-bottom: 0px\">Contrairement aux mousses, gels ou d&rsquo;autres mat\u00e9riaux, ce produit ne provoque aucun frottement sur la peau du cheval puisque les fibres de laine glissent c\u00f4te \u00e0 c\u00f4te et emp\u00eachent ainsi tout frottement.<\/p>\n<p style=\"margin-bottom: 0px\"><\/p>\n<p style=\"margin-bottom: 0px\">Lavable en machine \u00e0 douce temp\u00e9rature.<\/p>\n<p style=\"margin-bottom: 0px\"><\/p>\n<p style=\"margin-bottom: 0px\">Livr\u00e9 avec des feutres de 5mm, 6 \u00e0 l&rsquo;avant et 6 \u00e0 l&rsquo;arri\u00e8re<\/p>\n<p><\/p>\n","protected":false},"excerpt":{"rendered":"<p>L&rsquo;amortisseur mixte avec syst\u00e8me de correction 2 poches Mattes offre une d\u00e9coupe anatomique permettant un tr\u00e8s bon degarottage. \u00c9labor\u00e9 dans le but de privil\u00e9gier le confort du cheval, cet amortisseur est con\u00e7u en peau d&rsquo;agneau de qualit\u00e9 sup\u00e9rieure avec bordures \u00e0 l&rsquo;avant et \u00e0 l&rsquo;arri\u00e8re \u00e9galisant le poids du cavalier sur le dos de son [&hellip;]<\/p>\n","protected":false},"featured_media":64401,"template":"","meta":[],"pwb-brand":[623],"product_brand":[],"product_cat":[689],"product_tag":[],"giftcard-category":[],"class_list":{"0":"post-3150","1":"product","2":"type-product","3":"status-publish","4":"has-post-thumbnail","6":"pwb-brand-mattes","7":"product_cat-amortisseurs","9":"first","10":"outofstock","11":"taxable","12":"shipping-taxable","13":"purchasable","14":"product-type-variable","15":"has-default-attributes"},"yoast_head":"<!-- This site is optimized with the Yoast SEO plugin v25.3.1 - https:\/\/yoast.com\/wordpress\/plugins\/seo\/ -->\n<title>Amortisseur correction 2 poches MATTES - La Cabrade<\/title>\n<meta name=\"description\" content=\"Achetez Amortisseur correction 2 poches MATTES au meilleur prix. Livraison rapide. Dans votre magasin d&#039;\u00e9quitation en ligne Sellerie La Cabrade\" \/>\n<meta name=\"robots\" content=\"index, follow, max-snippet:-1, max-image-preview:large, max-video-preview:-1\" \/>\n<link rel=\"canonical\" href=\"https:\/\/la-cabrade.be\/fr\/produit\/amortisseur-mattes-correction-2-poches\/\" \/>\n<meta property=\"og:locale\" content=\"fr_FR\" \/>\n<meta property=\"og:type\" content=\"article\" \/>\n<meta property=\"og:title\" content=\"Amortisseur correction 2 poches MATTES - La Cabrade\" \/>\n<meta property=\"og:description\" content=\"Achetez Amortisseur correction 2 poches MATTES au meilleur prix. Livraison rapide. Dans votre magasin d&#039;\u00e9quitation en ligne Sellerie La Cabrade\" \/>\n<meta property=\"og:url\" content=\"https:\/\/la-cabrade.be\/fr\/produit\/amortisseur-mattes-correction-2-poches\/\" \/>\n<meta property=\"og:site_name\" content=\"La Cabrade\" \/>\n<meta property=\"article:modified_time\" content=\"2026-03-24T10:15:59+00:00\" \/>\n<meta property=\"og:image\" content=\"https:\/\/la-cabrade.be\/wp-content\/uploads\/2026\/02\/Amortisseur-correction-bord-mouton-2-poches-MATTES_Amortisseurs_12863_1.jpeg\" \/>\n\t<meta property=\"og:image:width\" content=\"1000\" \/>\n\t<meta property=\"og:image:height\" content=\"1000\" \/>\n\t<meta property=\"og:image:type\" content=\"image\/jpeg\" \/>\n<meta name=\"twitter:label1\" content=\"Dur\u00e9e de lecture est.\" \/>\n\t<meta name=\"twitter:data1\" content=\"2 minutes\" \/>\n<script type=\"application\/ld+json\" class=\"yoast-schema-graph\">{\"@context\":\"https:\/\/schema.org\",\"@graph\":[{\"@type\":\"WebPage\",\"@id\":\"https:\/\/la-cabrade.be\/fr\/produit\/amortisseur-mattes-correction-2-poches\/\",\"url\":\"https:\/\/la-cabrade.be\/fr\/produit\/amortisseur-mattes-correction-2-poches\/\",\"name\":\"Amortisseur correction 2 poches MATTES - La Cabrade\",\"isPartOf\":{\"@id\":\"https:\/\/la-cabrade.be\/#website\"},\"primaryImageOfPage\":{\"@id\":\"https:\/\/la-cabrade.be\/fr\/produit\/amortisseur-mattes-correction-2-poches\/#primaryimage\"},\"image\":{\"@id\":\"https:\/\/la-cabrade.be\/fr\/produit\/amortisseur-mattes-correction-2-poches\/#primaryimage\"},\"thumbnailUrl\":\"https:\/\/la-cabrade.be\/wp-content\/uploads\/2026\/02\/Amortisseur-correction-bord-mouton-2-poches-MATTES_Amortisseurs_12863_1.jpeg\",\"datePublished\":\"2023-08-01T11:22:31+00:00\",\"dateModified\":\"2026-03-24T10:15:59+00:00\",\"description\":\"Achetez Amortisseur correction 2 poches MATTES au meilleur prix. Livraison rapide. Dans votre magasin d'\u00e9quitation en ligne Sellerie La Cabrade\",\"breadcrumb\":{\"@id\":\"https:\/\/la-cabrade.be\/fr\/produit\/amortisseur-mattes-correction-2-poches\/#breadcrumb\"},\"inLanguage\":\"fr-BE\",\"potentialAction\":[{\"@type\":\"ReadAction\",\"target\":[\"https:\/\/la-cabrade.be\/fr\/produit\/amortisseur-mattes-correction-2-poches\/\"]}]},{\"@type\":\"ImageObject\",\"inLanguage\":\"fr-BE\",\"@id\":\"https:\/\/la-cabrade.be\/fr\/produit\/amortisseur-mattes-correction-2-poches\/#primaryimage\",\"url\":\"https:\/\/la-cabrade.be\/wp-content\/uploads\/2026\/02\/Amortisseur-correction-bord-mouton-2-poches-MATTES_Amortisseurs_12863_1.jpeg\",\"contentUrl\":\"https:\/\/la-cabrade.be\/wp-content\/uploads\/2026\/02\/Amortisseur-correction-bord-mouton-2-poches-MATTES_Amortisseurs_12863_1.jpeg\",\"width\":1000,\"height\":1000,\"caption\":\"Amortisseur correction bord mouton 2 poches MATTES Amortisseurs 12863 1.jpeg\"},{\"@type\":\"BreadcrumbList\",\"@id\":\"https:\/\/la-cabrade.be\/fr\/produit\/amortisseur-mattes-correction-2-poches\/#breadcrumb\",\"itemListElement\":[{\"@type\":\"ListItem\",\"position\":1,\"name\":\"Accueil\",\"item\":\"https:\/\/la-cabrade.be\/\"},{\"@type\":\"ListItem\",\"position\":2,\"name\":\"Boutique\",\"item\":\"https:\/\/la-cabrade.be\/fr\/boutique\/\"},{\"@type\":\"ListItem\",\"position\":3,\"name\":\"Amortisseur correction 2 poches MATTES\"}]},{\"@type\":\"WebSite\",\"@id\":\"https:\/\/la-cabrade.be\/#website\",\"url\":\"https:\/\/la-cabrade.be\/\",\"name\":\"La Cabrade\",\"description\":\"Sellerie en ligne et magasin d\u2019\u00e9quitation \u00e0 Fl\u00e9ron, Li\u00e8ge\",\"publisher\":{\"@id\":\"https:\/\/la-cabrade.be\/#organization\"},\"potentialAction\":[{\"@type\":\"SearchAction\",\"target\":{\"@type\":\"EntryPoint\",\"urlTemplate\":\"https:\/\/la-cabrade.be\/?s={search_term_string}\"},\"query-input\":{\"@type\":\"PropertyValueSpecification\",\"valueRequired\":true,\"valueName\":\"search_term_string\"}}],\"inLanguage\":\"fr-BE\"},{\"@type\":\"Organization\",\"@id\":\"https:\/\/la-cabrade.be\/#organization\",\"name\":\"La Cabrade\",\"url\":\"https:\/\/la-cabrade.be\/\",\"logo\":{\"@type\":\"ImageObject\",\"inLanguage\":\"fr-BE\",\"@id\":\"https:\/\/la-cabrade.be\/#\/schema\/logo\/image\/\",\"url\":\"https:\/\/la-cabrade.be\/wp-content\/uploads\/2020\/04\/La-Cabrade_logo.svg\",\"contentUrl\":\"https:\/\/la-cabrade.be\/wp-content\/uploads\/2020\/04\/La-Cabrade_logo.svg\",\"width\":900,\"height\":320,\"caption\":\"La Cabrade\"},\"image\":{\"@id\":\"https:\/\/la-cabrade.be\/#\/schema\/logo\/image\/\"}}]}<\/script>\n<!-- \/ Yoast SEO plugin. -->","yoast_head_json":{"title":"Amortisseur correction 2 poches MATTES - La Cabrade","description":"Achetez Amortisseur correction 2 poches MATTES au meilleur prix. Livraison rapide. Dans votre magasin d'\u00e9quitation en ligne Sellerie La Cabrade","robots":{"index":"index","follow":"follow","max-snippet":"max-snippet:-1","max-image-preview":"max-image-preview:large","max-video-preview":"max-video-preview:-1"},"canonical":"https:\/\/la-cabrade.be\/fr\/produit\/amortisseur-mattes-correction-2-poches\/","og_locale":"fr_FR","og_type":"article","og_title":"Amortisseur correction 2 poches MATTES - La Cabrade","og_description":"Achetez Amortisseur correction 2 poches MATTES au meilleur prix. Livraison rapide. Dans votre magasin d'\u00e9quitation en ligne Sellerie La Cabrade","og_url":"https:\/\/la-cabrade.be\/fr\/produit\/amortisseur-mattes-correction-2-poches\/","og_site_name":"La Cabrade","article_modified_time":"2026-03-24T10:15:59+00:00","og_image":[{"width":1000,"height":1000,"url":"https:\/\/la-cabrade.be\/wp-content\/uploads\/2026\/02\/Amortisseur-correction-bord-mouton-2-poches-MATTES_Amortisseurs_12863_1.jpeg","type":"image\/jpeg"}],"twitter_misc":{"Dur\u00e9e de lecture est.":"2 minutes"},"schema":{"@context":"https:\/\/schema.org","@graph":[{"@type":"WebPage","@id":"https:\/\/la-cabrade.be\/fr\/produit\/amortisseur-mattes-correction-2-poches\/","url":"https:\/\/la-cabrade.be\/fr\/produit\/amortisseur-mattes-correction-2-poches\/","name":"Amortisseur correction 2 poches MATTES - La Cabrade","isPartOf":{"@id":"https:\/\/la-cabrade.be\/#website"},"primaryImageOfPage":{"@id":"https:\/\/la-cabrade.be\/fr\/produit\/amortisseur-mattes-correction-2-poches\/#primaryimage"},"image":{"@id":"https:\/\/la-cabrade.be\/fr\/produit\/amortisseur-mattes-correction-2-poches\/#primaryimage"},"thumbnailUrl":"https:\/\/la-cabrade.be\/wp-content\/uploads\/2026\/02\/Amortisseur-correction-bord-mouton-2-poches-MATTES_Amortisseurs_12863_1.jpeg","datePublished":"2023-08-01T11:22:31+00:00","dateModified":"2026-03-24T10:15:59+00:00","description":"Achetez Amortisseur correction 2 poches MATTES au meilleur prix. Livraison rapide. Dans votre magasin d'\u00e9quitation en ligne Sellerie La Cabrade","breadcrumb":{"@id":"https:\/\/la-cabrade.be\/fr\/produit\/amortisseur-mattes-correction-2-poches\/#breadcrumb"},"inLanguage":"fr-BE","potentialAction":[{"@type":"ReadAction","target":["https:\/\/la-cabrade.be\/fr\/produit\/amortisseur-mattes-correction-2-poches\/"]}]},{"@type":"ImageObject","inLanguage":"fr-BE","@id":"https:\/\/la-cabrade.be\/fr\/produit\/amortisseur-mattes-correction-2-poches\/#primaryimage","url":"https:\/\/la-cabrade.be\/wp-content\/uploads\/2026\/02\/Amortisseur-correction-bord-mouton-2-poches-MATTES_Amortisseurs_12863_1.jpeg","contentUrl":"https:\/\/la-cabrade.be\/wp-content\/uploads\/2026\/02\/Amortisseur-correction-bord-mouton-2-poches-MATTES_Amortisseurs_12863_1.jpeg","width":1000,"height":1000,"caption":"Amortisseur correction bord mouton 2 poches MATTES Amortisseurs 12863 1.jpeg"},{"@type":"BreadcrumbList","@id":"https:\/\/la-cabrade.be\/fr\/produit\/amortisseur-mattes-correction-2-poches\/#breadcrumb","itemListElement":[{"@type":"ListItem","position":1,"name":"Accueil","item":"https:\/\/la-cabrade.be\/"},{"@type":"ListItem","position":2,"name":"Boutique","item":"https:\/\/la-cabrade.be\/fr\/boutique\/"},{"@type":"ListItem","position":3,"name":"Amortisseur correction 2 poches MATTES"}]},{"@type":"WebSite","@id":"https:\/\/la-cabrade.be\/#website","url":"https:\/\/la-cabrade.be\/","name":"La Cabrade","description":"Sellerie en ligne et magasin d\u2019\u00e9quitation \u00e0 Fl\u00e9ron, Li\u00e8ge","publisher":{"@id":"https:\/\/la-cabrade.be\/#organization"},"potentialAction":[{"@type":"SearchAction","target":{"@type":"EntryPoint","urlTemplate":"https:\/\/la-cabrade.be\/?s={search_term_string}"},"query-input":{"@type":"PropertyValueSpecification","valueRequired":true,"valueName":"search_term_string"}}],"inLanguage":"fr-BE"},{"@type":"Organization","@id":"https:\/\/la-cabrade.be\/#organization","name":"La Cabrade","url":"https:\/\/la-cabrade.be\/","logo":{"@type":"ImageObject","inLanguage":"fr-BE","@id":"https:\/\/la-cabrade.be\/#\/schema\/logo\/image\/","url":"https:\/\/la-cabrade.be\/wp-content\/uploads\/2020\/04\/La-Cabrade_logo.svg","contentUrl":"https:\/\/la-cabrade.be\/wp-content\/uploads\/2020\/04\/La-Cabrade_logo.svg","width":900,"height":320,"caption":"La Cabrade"},"image":{"@id":"https:\/\/la-cabrade.be\/#\/schema\/logo\/image\/"}}]}},"brands":[{"id":623,"name":"Mattes","slug":"mattes"}],"_links":{"self":[{"href":"https:\/\/la-cabrade.be\/fr\/wp-json\/wp\/v2\/product\/3150","targetHints":{"allow":["GET"]}}],"collection":[{"href":"https:\/\/la-cabrade.be\/fr\/wp-json\/wp\/v2\/product"}],"about":[{"href":"https:\/\/la-cabrade.be\/fr\/wp-json\/wp\/v2\/types\/product"}],"wp:featuredmedia":[{"embeddable":true,"href":"https:\/\/la-cabrade.be\/fr\/wp-json\/wp\/v2\/media\/64401"}],"wp:attachment":[{"href":"https:\/\/la-cabrade.be\/fr\/wp-json\/wp\/v2\/media?parent=3150"}],"wp:term":[{"taxonomy":"pwb-brand","embeddable":true,"href":"https:\/\/la-cabrade.be\/fr\/wp-json\/wp\/v2\/pwb-brand?post=3150"},{"taxonomy":"product_brand","embeddable":true,"href":"https:\/\/la-cabrade.be\/fr\/wp-json\/wp\/v2\/product_brand?post=3150"},{"taxonomy":"product_cat","embeddable":true,"href":"https:\/\/la-cabrade.be\/fr\/wp-json\/wp\/v2\/product_cat?post=3150"},{"taxonomy":"product_tag","embeddable":true,"href":"https:\/\/la-cabrade.be\/fr\/wp-json\/wp\/v2\/product_tag?post=3150"},{"taxonomy":"giftcard-category","embeddable":true,"href":"https:\/\/la-cabrade.be\/fr\/wp-json\/wp\/v2\/giftcard-category?post=3150"}],"curies":[{"name":"wp","href":"https:\/\/api.w.org\/{rel}","templated":true}]}}