{"id":3044,"date":"2023-08-01T11:48:37","date_gmt":"2023-08-01T10:48:37","guid":{"rendered":"https:\/\/la-cabrade.be\/fr\/produit\/algues-marines-vital-herbs-s-r\/"},"modified":"2026-04-02T14:03:25","modified_gmt":"2026-04-02T13:03:25","slug":"algues-marines-vital-herbs-s-r","status":"publish","type":"product","link":"https:\/\/la-cabrade.be\/fr\/produit\/algues-marines-vital-herbs-s-r\/","title":{"rendered":"Algues marines VITAL HERBS"},"content":{"rendered":"<p style=\"margin-bottom: 0px\">Les algues Vital&rsquo;Herbs sont des algues pures, s\u00e9ch\u00e9es et broy\u00e9es directement apr\u00e8s la r\u00e9colte afin de pr\u00e9server toute leur valeur nutritive. Le fucus vesiculosus apporte est tr\u00e8s complet et apporte tous les \u00e9l\u00e9ments n\u00e9cessaires au bon fonctionnement du m\u00e9tabolisme du cheval. A utiliser \u00e9galement en cas de manque de vitamines et min\u00e9raux. A utiliser pour une bonne pigmentation ou une peau sensible.<\/p>\n<p style=\"margin-bottom: 0px\">Ne pas donner aux juments gestantes.<\/p>\n<p style=\"margin-bottom: 0px\">Il faut habituer le cheval petit \u00e0 petit \u00e0 l&rsquo;odeur et le gout des algues. Il faudra attendre deux semaines avant de voire un changement car les plantes mettent un certain temps pour agir dans l&rsquo;organisme.<\/p>\n<p style=\"margin-bottom: 0px\"><\/p>\n<p style=\"margin-bottom: 0px\">Mode d&#8217;emploi: &#8211; Chevaux: 40gr\/jour(1 dosette), &#8211; Poulini\u00e8re: 30gr\/jour ( dosette3\/4), Poulain (apr\u00e8s sevrage), poney, \u00e2nes: 20gr\/jour(1\/2 dosette)<\/p>\n<p style=\"margin-bottom: 0px\">Composition: 100% Fucus Vesiculosus Thalle\/semoulette origine France<\/p>\n<p>Glucides : 60% Prot\u00e9ines : 10% Lipides : 3% Cendres : 15%<\/p>\n","protected":false},"excerpt":{"rendered":"<p>Algues marines VITAL HERBS, le secret de la vitalit\u00e9 \u00e9quine. Un tr\u00e9sor d&rsquo;oc\u00e9an pour un pelage \u00e9clatant, une peau pr\u00e9serv\u00e9e et une sant\u00e9 de fer. Offrez \u00e0 votre cheval le meilleur de la nature !<\/p>\n","protected":false},"featured_media":21781,"template":"","meta":[],"pwb-brand":[656],"product_brand":[],"product_cat":[722,841,1165],"product_tag":[],"giftcard-category":[],"class_list":{"0":"post-3044","1":"product","2":"type-product","3":"status-publish","4":"has-post-thumbnail","6":"pwb-brand-vital-herbs","7":"product_cat-complements-alimentaires","8":"product_cat-vitamines-et-mineraux","9":"product_cat-soins-alimentation","11":"first","12":"outofstock","13":"taxable","14":"shipping-taxable","15":"purchasable","16":"product-type-variable","17":"has-default-attributes"},"yoast_head":"<!-- This site is optimized with the Yoast SEO plugin v25.3.1 - https:\/\/yoast.com\/wordpress\/plugins\/seo\/ -->\n<title>Algues marines VITAL HERBS - La Cabrade<\/title>\n<meta name=\"description\" content=\"Achetez Algues marines VITAL HERBS au meilleur prix. Livraison rapide. Dans votre magasin d&#039;\u00e9quitation en ligne Sellerie La Cabrade\" \/>\n<meta name=\"robots\" content=\"index, follow, max-snippet:-1, max-image-preview:large, max-video-preview:-1\" \/>\n<link rel=\"canonical\" href=\"https:\/\/la-cabrade.be\/fr\/produit\/algues-marines-vital-herbs-s-r\/\" \/>\n<meta property=\"og:locale\" content=\"fr_FR\" \/>\n<meta property=\"og:type\" content=\"article\" \/>\n<meta property=\"og:title\" content=\"Algues marines VITAL HERBS - La Cabrade\" \/>\n<meta property=\"og:description\" content=\"Achetez Algues marines VITAL HERBS au meilleur prix. Livraison rapide. Dans votre magasin d&#039;\u00e9quitation en ligne Sellerie La Cabrade\" \/>\n<meta property=\"og:url\" content=\"https:\/\/la-cabrade.be\/fr\/produit\/algues-marines-vital-herbs-s-r\/\" \/>\n<meta property=\"og:site_name\" content=\"La Cabrade\" \/>\n<meta property=\"article:modified_time\" content=\"2026-04-02T13:03:25+00:00\" \/>\n<meta property=\"og:image\" content=\"https:\/\/la-cabrade.be\/wp-content\/uploads\/2023\/11\/ALGUES-MARINES-VITAL-HERBS-SR_Vitamines-et-mineraux_13693_1.jpeg\" \/>\n\t<meta property=\"og:image:width\" content=\"800\" \/>\n\t<meta property=\"og:image:height\" content=\"800\" \/>\n\t<meta property=\"og:image:type\" content=\"image\/jpeg\" \/>\n<meta name=\"twitter:label1\" content=\"Dur\u00e9e de lecture est.\" \/>\n\t<meta name=\"twitter:data1\" content=\"1 minute\" \/>\n<script type=\"application\/ld+json\" class=\"yoast-schema-graph\">{\"@context\":\"https:\/\/schema.org\",\"@graph\":[{\"@type\":\"WebPage\",\"@id\":\"https:\/\/la-cabrade.be\/produit\/algues-marines-vital-herbs-s-r\/\",\"url\":\"https:\/\/la-cabrade.be\/produit\/algues-marines-vital-herbs-s-r\/\",\"name\":\"Algues marines VITAL HERBS - La Cabrade\",\"isPartOf\":{\"@id\":\"https:\/\/la-cabrade.be\/#website\"},\"primaryImageOfPage\":{\"@id\":\"https:\/\/la-cabrade.be\/produit\/algues-marines-vital-herbs-s-r\/#primaryimage\"},\"image\":{\"@id\":\"https:\/\/la-cabrade.be\/produit\/algues-marines-vital-herbs-s-r\/#primaryimage\"},\"thumbnailUrl\":\"https:\/\/la-cabrade.be\/wp-content\/uploads\/2023\/11\/ALGUES-MARINES-VITAL-HERBS-SR_Vitamines-et-mineraux_13693_1.jpeg\",\"datePublished\":\"2023-08-01T10:48:37+00:00\",\"dateModified\":\"2026-04-02T13:03:25+00:00\",\"description\":\"Achetez Algues marines VITAL HERBS au meilleur prix. Livraison rapide. Dans votre magasin d'\u00e9quitation en ligne Sellerie La Cabrade\",\"breadcrumb\":{\"@id\":\"https:\/\/la-cabrade.be\/produit\/algues-marines-vital-herbs-s-r\/#breadcrumb\"},\"inLanguage\":\"fr-BE\",\"potentialAction\":[{\"@type\":\"ReadAction\",\"target\":[\"https:\/\/la-cabrade.be\/produit\/algues-marines-vital-herbs-s-r\/\"]}]},{\"@type\":\"ImageObject\",\"inLanguage\":\"fr-BE\",\"@id\":\"https:\/\/la-cabrade.be\/produit\/algues-marines-vital-herbs-s-r\/#primaryimage\",\"url\":\"https:\/\/la-cabrade.be\/wp-content\/uploads\/2023\/11\/ALGUES-MARINES-VITAL-HERBS-SR_Vitamines-et-mineraux_13693_1.jpeg\",\"contentUrl\":\"https:\/\/la-cabrade.be\/wp-content\/uploads\/2023\/11\/ALGUES-MARINES-VITAL-HERBS-SR_Vitamines-et-mineraux_13693_1.jpeg\",\"width\":800,\"height\":800,\"caption\":\"ALGUES MARINES VITAL HERBS SR Vitamines et mineraux 13693 1.jpeg\"},{\"@type\":\"BreadcrumbList\",\"@id\":\"https:\/\/la-cabrade.be\/produit\/algues-marines-vital-herbs-s-r\/#breadcrumb\",\"itemListElement\":[{\"@type\":\"ListItem\",\"position\":1,\"name\":\"Accueil\",\"item\":\"https:\/\/la-cabrade.be\/\"},{\"@type\":\"ListItem\",\"position\":2,\"name\":\"Boutique\",\"item\":\"https:\/\/la-cabrade.be\/fr\/boutique\/\"},{\"@type\":\"ListItem\",\"position\":3,\"name\":\"Algues marines VITAL HERBS\"}]},{\"@type\":\"WebSite\",\"@id\":\"https:\/\/la-cabrade.be\/#website\",\"url\":\"https:\/\/la-cabrade.be\/\",\"name\":\"La Cabrade\",\"description\":\"Sellerie en ligne et magasin d\u2019\u00e9quitation \u00e0 Fl\u00e9ron, Li\u00e8ge\",\"publisher\":{\"@id\":\"https:\/\/la-cabrade.be\/#organization\"},\"potentialAction\":[{\"@type\":\"SearchAction\",\"target\":{\"@type\":\"EntryPoint\",\"urlTemplate\":\"https:\/\/la-cabrade.be\/?s={search_term_string}\"},\"query-input\":{\"@type\":\"PropertyValueSpecification\",\"valueRequired\":true,\"valueName\":\"search_term_string\"}}],\"inLanguage\":\"fr-BE\"},{\"@type\":\"Organization\",\"@id\":\"https:\/\/la-cabrade.be\/#organization\",\"name\":\"La Cabrade\",\"url\":\"https:\/\/la-cabrade.be\/\",\"logo\":{\"@type\":\"ImageObject\",\"inLanguage\":\"fr-BE\",\"@id\":\"https:\/\/la-cabrade.be\/#\/schema\/logo\/image\/\",\"url\":\"https:\/\/la-cabrade.be\/wp-content\/uploads\/2020\/04\/La-Cabrade_logo.svg\",\"contentUrl\":\"https:\/\/la-cabrade.be\/wp-content\/uploads\/2020\/04\/La-Cabrade_logo.svg\",\"width\":900,\"height\":320,\"caption\":\"La Cabrade\"},\"image\":{\"@id\":\"https:\/\/la-cabrade.be\/#\/schema\/logo\/image\/\"}}]}<\/script>\n<!-- \/ Yoast SEO plugin. -->","yoast_head_json":{"title":"Algues marines VITAL HERBS - La Cabrade","description":"Achetez Algues marines VITAL HERBS au meilleur prix. Livraison rapide. Dans votre magasin d'\u00e9quitation en ligne Sellerie La Cabrade","robots":{"index":"index","follow":"follow","max-snippet":"max-snippet:-1","max-image-preview":"max-image-preview:large","max-video-preview":"max-video-preview:-1"},"canonical":"https:\/\/la-cabrade.be\/fr\/produit\/algues-marines-vital-herbs-s-r\/","og_locale":"fr_FR","og_type":"article","og_title":"Algues marines VITAL HERBS - La Cabrade","og_description":"Achetez Algues marines VITAL HERBS au meilleur prix. Livraison rapide. Dans votre magasin d'\u00e9quitation en ligne Sellerie La Cabrade","og_url":"https:\/\/la-cabrade.be\/fr\/produit\/algues-marines-vital-herbs-s-r\/","og_site_name":"La Cabrade","article_modified_time":"2026-04-02T13:03:25+00:00","og_image":[{"width":800,"height":800,"url":"https:\/\/la-cabrade.be\/wp-content\/uploads\/2023\/11\/ALGUES-MARINES-VITAL-HERBS-SR_Vitamines-et-mineraux_13693_1.jpeg","type":"image\/jpeg"}],"twitter_misc":{"Dur\u00e9e de lecture est.":"1 minute"},"schema":{"@context":"https:\/\/schema.org","@graph":[{"@type":"WebPage","@id":"https:\/\/la-cabrade.be\/produit\/algues-marines-vital-herbs-s-r\/","url":"https:\/\/la-cabrade.be\/produit\/algues-marines-vital-herbs-s-r\/","name":"Algues marines VITAL HERBS - La Cabrade","isPartOf":{"@id":"https:\/\/la-cabrade.be\/#website"},"primaryImageOfPage":{"@id":"https:\/\/la-cabrade.be\/produit\/algues-marines-vital-herbs-s-r\/#primaryimage"},"image":{"@id":"https:\/\/la-cabrade.be\/produit\/algues-marines-vital-herbs-s-r\/#primaryimage"},"thumbnailUrl":"https:\/\/la-cabrade.be\/wp-content\/uploads\/2023\/11\/ALGUES-MARINES-VITAL-HERBS-SR_Vitamines-et-mineraux_13693_1.jpeg","datePublished":"2023-08-01T10:48:37+00:00","dateModified":"2026-04-02T13:03:25+00:00","description":"Achetez Algues marines VITAL HERBS au meilleur prix. Livraison rapide. Dans votre magasin d'\u00e9quitation en ligne Sellerie La Cabrade","breadcrumb":{"@id":"https:\/\/la-cabrade.be\/produit\/algues-marines-vital-herbs-s-r\/#breadcrumb"},"inLanguage":"fr-BE","potentialAction":[{"@type":"ReadAction","target":["https:\/\/la-cabrade.be\/produit\/algues-marines-vital-herbs-s-r\/"]}]},{"@type":"ImageObject","inLanguage":"fr-BE","@id":"https:\/\/la-cabrade.be\/produit\/algues-marines-vital-herbs-s-r\/#primaryimage","url":"https:\/\/la-cabrade.be\/wp-content\/uploads\/2023\/11\/ALGUES-MARINES-VITAL-HERBS-SR_Vitamines-et-mineraux_13693_1.jpeg","contentUrl":"https:\/\/la-cabrade.be\/wp-content\/uploads\/2023\/11\/ALGUES-MARINES-VITAL-HERBS-SR_Vitamines-et-mineraux_13693_1.jpeg","width":800,"height":800,"caption":"ALGUES MARINES VITAL HERBS SR Vitamines et mineraux 13693 1.jpeg"},{"@type":"BreadcrumbList","@id":"https:\/\/la-cabrade.be\/produit\/algues-marines-vital-herbs-s-r\/#breadcrumb","itemListElement":[{"@type":"ListItem","position":1,"name":"Accueil","item":"https:\/\/la-cabrade.be\/"},{"@type":"ListItem","position":2,"name":"Boutique","item":"https:\/\/la-cabrade.be\/fr\/boutique\/"},{"@type":"ListItem","position":3,"name":"Algues marines VITAL HERBS"}]},{"@type":"WebSite","@id":"https:\/\/la-cabrade.be\/#website","url":"https:\/\/la-cabrade.be\/","name":"La Cabrade","description":"Sellerie en ligne et magasin d\u2019\u00e9quitation \u00e0 Fl\u00e9ron, Li\u00e8ge","publisher":{"@id":"https:\/\/la-cabrade.be\/#organization"},"potentialAction":[{"@type":"SearchAction","target":{"@type":"EntryPoint","urlTemplate":"https:\/\/la-cabrade.be\/?s={search_term_string}"},"query-input":{"@type":"PropertyValueSpecification","valueRequired":true,"valueName":"search_term_string"}}],"inLanguage":"fr-BE"},{"@type":"Organization","@id":"https:\/\/la-cabrade.be\/#organization","name":"La Cabrade","url":"https:\/\/la-cabrade.be\/","logo":{"@type":"ImageObject","inLanguage":"fr-BE","@id":"https:\/\/la-cabrade.be\/#\/schema\/logo\/image\/","url":"https:\/\/la-cabrade.be\/wp-content\/uploads\/2020\/04\/La-Cabrade_logo.svg","contentUrl":"https:\/\/la-cabrade.be\/wp-content\/uploads\/2020\/04\/La-Cabrade_logo.svg","width":900,"height":320,"caption":"La Cabrade"},"image":{"@id":"https:\/\/la-cabrade.be\/#\/schema\/logo\/image\/"}}]}},"brands":[{"id":656,"name":"Vital Herbs","slug":"vital-herbs"}],"_links":{"self":[{"href":"https:\/\/la-cabrade.be\/fr\/wp-json\/wp\/v2\/product\/3044","targetHints":{"allow":["GET"]}}],"collection":[{"href":"https:\/\/la-cabrade.be\/fr\/wp-json\/wp\/v2\/product"}],"about":[{"href":"https:\/\/la-cabrade.be\/fr\/wp-json\/wp\/v2\/types\/product"}],"wp:featuredmedia":[{"embeddable":true,"href":"https:\/\/la-cabrade.be\/fr\/wp-json\/wp\/v2\/media\/21781"}],"wp:attachment":[{"href":"https:\/\/la-cabrade.be\/fr\/wp-json\/wp\/v2\/media?parent=3044"}],"wp:term":[{"taxonomy":"pwb-brand","embeddable":true,"href":"https:\/\/la-cabrade.be\/fr\/wp-json\/wp\/v2\/pwb-brand?post=3044"},{"taxonomy":"product_brand","embeddable":true,"href":"https:\/\/la-cabrade.be\/fr\/wp-json\/wp\/v2\/product_brand?post=3044"},{"taxonomy":"product_cat","embeddable":true,"href":"https:\/\/la-cabrade.be\/fr\/wp-json\/wp\/v2\/product_cat?post=3044"},{"taxonomy":"product_tag","embeddable":true,"href":"https:\/\/la-cabrade.be\/fr\/wp-json\/wp\/v2\/product_tag?post=3044"},{"taxonomy":"giftcard-category","embeddable":true,"href":"https:\/\/la-cabrade.be\/fr\/wp-json\/wp\/v2\/giftcard-category?post=3044"}],"curies":[{"name":"wp","href":"https:\/\/api.w.org\/{rel}","templated":true}]}}