{"id":3036,"date":"2023-08-01T11:48:26","date_gmt":"2023-08-01T10:48:26","guid":{"rendered":"https:\/\/la-cabrade.be\/fr\/produit\/airbag-helite-zipin-2-adulte\/"},"modified":"2026-03-24T11:15:54","modified_gmt":"2026-03-24T10:15:54","slug":"airbag-helite-zipin-2-adulte","status":"publish","type":"product","link":"https:\/\/la-cabrade.be\/fr\/produit\/airbag-helite-zipin-2-adulte\/","title":{"rendered":"Airbag Zip&rsquo;In 2 &#8211; adulte HELITE"},"content":{"rendered":"<p style=\"margin-bottom: 0px\">Gros volume de protection : les airbags Helite offrent un tr\u00e8s gros volume de protection (entre 14 et 28 L selon la taille de l\u2019airbag). La forme unique de l\u2019airbag Helite permet de maintenir et stabiliser le corps de la nuque au coccyx et d\u2019\u00e9viter de graves blessures.<\/p>\n<p style=\"margin-bottom: 0px\"><\/p>\n<p style=\"margin-bottom: 0px\">Syst\u00e8me m\u00e9canique : un syst\u00e8me fiable, simple et robuste. Il suffit d\u2019accrocher\u00a0 le gilet airbag \u00e0 la selle du cheval gr\u00e2ce \u00e0 la sangle d\u2019\u00e9trivi\u00e8res. L\u2019airbag se gonfle lorsque la sangle se d\u00e9tache.<\/p>\n<p style=\"margin-bottom: 0px\"><\/p>\n<p style=\"margin-bottom: 0px\">Technologie Zip\u2019In : le zip\u2019in 2 est un gilet 2 en 1. Simple et pratique, il se porte seul ou s\u2019int\u00e8gre en quelques secondes sous une veste homologu\u00e9e Zip\u2019In (Helite, Oscar&amp;Gabrielle Freejump, Dada Sport).<\/p>\n<p style=\"margin-bottom: 0px\"><\/p>\n<p style=\"margin-bottom: 0px\">R\u00e9utilisable : le syst\u00e8me se r\u00e9active en moins de 2 minutes par le cavalier lui-m\u00eame. Il suffit de changer la cartouche de gaz usag\u00e9e par une cartouche neuve de m\u00eame capacit\u00e9.<\/p>\n<p style=\"margin-bottom: 0px\"><\/p>\n<p style=\"margin-bottom: 0px\">Airbag certifi\u00e9 CE : Nos airbags sont certifi\u00e9s par le laboratoire ALIENOR CERTIFICATION, un organisme reconnu et ind\u00e9pendant qui certifie les \u00e9quipements de protection pour les cavaliers. Les airbags sont class\u00e9s comme \u00e9tant des EPI (\u00c9quipements de Protection Individuelle).<\/p>\n<p style=\"margin-bottom: 0px\"><\/p>\n<p style=\"margin-bottom: 0px\">Garantie :\u00a0Nos airbags sont garantis 2 ans. Enregistrez votre airbag et b\u00e9n\u00e9ficiez d\u2019une garantie de 4 ans au lieu de 2 ans.<\/p>\n<p style=\"margin-bottom: 0px\"><\/p>\n<p>Existe dans les tailles suivantes: Child L, XS, S, M, L, XL, 2XL<\/p>\n","protected":false},"excerpt":{"rendered":"<p>Airbag Zip&rsquo;In 2 &#8211; adulte HELITE, votre bouclier invisible pour l&rsquo;\u00e9quitation. Sa couverture CE, de la nuque au coccyx, offre une protection sup\u00e9rieure, tandis que sa technologie Zip\u2019In se fond sous n&rsquo;importe quelle veste. Pr\u00eat \u00e0 l&rsquo;action en moins de 2 min pour une s\u00e9r\u00e9nit\u00e9 totale en selle.<\/p>\n","protected":false},"featured_media":21769,"template":"","meta":[],"pwb-brand":[602],"product_brand":[],"product_cat":[686],"product_tag":[],"giftcard-category":[],"class_list":{"0":"post-3036","1":"product","2":"type-product","3":"status-publish","4":"has-post-thumbnail","6":"pwb-brand-helite","7":"product_cat-airbags-et-accessoires","9":"first","10":"outofstock","11":"taxable","12":"shipping-taxable","13":"purchasable","14":"product-type-variable","15":"has-default-attributes"},"yoast_head":"<!-- This site is optimized with the Yoast SEO plugin v25.3.1 - https:\/\/yoast.com\/wordpress\/plugins\/seo\/ -->\n<title>Airbag Zip&#039;In 2 - adulte HELITE - La Cabrade<\/title>\n<meta name=\"description\" content=\"Achetez Airbag Zip&#039;In 2 - adulte HELITE au meilleur prix. Livraison rapide. Dans votre magasin d&#039;\u00e9quitation en ligne Sellerie La Cabrade\" \/>\n<meta name=\"robots\" content=\"index, follow, max-snippet:-1, max-image-preview:large, max-video-preview:-1\" \/>\n<link rel=\"canonical\" href=\"https:\/\/la-cabrade.be\/fr\/produit\/airbag-helite-zipin-2-adulte\/\" \/>\n<meta property=\"og:locale\" content=\"fr_FR\" \/>\n<meta property=\"og:type\" content=\"article\" \/>\n<meta property=\"og:title\" content=\"Airbag Zip&#039;In 2 - adulte HELITE - La Cabrade\" \/>\n<meta property=\"og:description\" content=\"Achetez Airbag Zip&#039;In 2 - adulte HELITE au meilleur prix. Livraison rapide. Dans votre magasin d&#039;\u00e9quitation en ligne Sellerie La Cabrade\" \/>\n<meta property=\"og:url\" content=\"https:\/\/la-cabrade.be\/fr\/produit\/airbag-helite-zipin-2-adulte\/\" \/>\n<meta property=\"og:site_name\" content=\"La Cabrade\" \/>\n<meta property=\"article:modified_time\" content=\"2026-03-24T10:15:54+00:00\" \/>\n<meta property=\"og:image\" content=\"https:\/\/la-cabrade.be\/wp-content\/uploads\/2023\/11\/AIRBAG-HELITE-ZIPIN-2-ADULTE_Airbags-et-accessoires_14757_1.jpeg\" \/>\n\t<meta property=\"og:image:width\" content=\"700\" \/>\n\t<meta property=\"og:image:height\" content=\"700\" \/>\n\t<meta property=\"og:image:type\" content=\"image\/jpeg\" \/>\n<meta name=\"twitter:label1\" content=\"Dur\u00e9e de lecture est.\" \/>\n\t<meta name=\"twitter:data1\" content=\"1 minute\" \/>\n<script type=\"application\/ld+json\" class=\"yoast-schema-graph\">{\"@context\":\"https:\/\/schema.org\",\"@graph\":[{\"@type\":\"WebPage\",\"@id\":\"https:\/\/la-cabrade.be\/produit\/airbag-helite-zipin-2-adulte\/\",\"url\":\"https:\/\/la-cabrade.be\/produit\/airbag-helite-zipin-2-adulte\/\",\"name\":\"Airbag Zip'In 2 - adulte HELITE - La Cabrade\",\"isPartOf\":{\"@id\":\"https:\/\/la-cabrade.be\/#website\"},\"primaryImageOfPage\":{\"@id\":\"https:\/\/la-cabrade.be\/produit\/airbag-helite-zipin-2-adulte\/#primaryimage\"},\"image\":{\"@id\":\"https:\/\/la-cabrade.be\/produit\/airbag-helite-zipin-2-adulte\/#primaryimage\"},\"thumbnailUrl\":\"https:\/\/la-cabrade.be\/wp-content\/uploads\/2023\/11\/AIRBAG-HELITE-ZIPIN-2-ADULTE_Airbags-et-accessoires_14757_1.jpeg\",\"datePublished\":\"2023-08-01T10:48:26+00:00\",\"dateModified\":\"2026-03-24T10:15:54+00:00\",\"description\":\"Achetez Airbag Zip'In 2 - adulte HELITE au meilleur prix. Livraison rapide. Dans votre magasin d'\u00e9quitation en ligne Sellerie La Cabrade\",\"breadcrumb\":{\"@id\":\"https:\/\/la-cabrade.be\/produit\/airbag-helite-zipin-2-adulte\/#breadcrumb\"},\"inLanguage\":\"fr-BE\",\"potentialAction\":[{\"@type\":\"ReadAction\",\"target\":[\"https:\/\/la-cabrade.be\/produit\/airbag-helite-zipin-2-adulte\/\"]}]},{\"@type\":\"ImageObject\",\"inLanguage\":\"fr-BE\",\"@id\":\"https:\/\/la-cabrade.be\/produit\/airbag-helite-zipin-2-adulte\/#primaryimage\",\"url\":\"https:\/\/la-cabrade.be\/wp-content\/uploads\/2023\/11\/AIRBAG-HELITE-ZIPIN-2-ADULTE_Airbags-et-accessoires_14757_1.jpeg\",\"contentUrl\":\"https:\/\/la-cabrade.be\/wp-content\/uploads\/2023\/11\/AIRBAG-HELITE-ZIPIN-2-ADULTE_Airbags-et-accessoires_14757_1.jpeg\",\"width\":700,\"height\":700,\"caption\":\"AIRBAG HELITE ZIPIN 2 ADULTE Airbags et accessoires 14757 1.jpeg\"},{\"@type\":\"BreadcrumbList\",\"@id\":\"https:\/\/la-cabrade.be\/produit\/airbag-helite-zipin-2-adulte\/#breadcrumb\",\"itemListElement\":[{\"@type\":\"ListItem\",\"position\":1,\"name\":\"Accueil\",\"item\":\"https:\/\/la-cabrade.be\/\"},{\"@type\":\"ListItem\",\"position\":2,\"name\":\"Boutique\",\"item\":\"https:\/\/la-cabrade.be\/fr\/boutique\/\"},{\"@type\":\"ListItem\",\"position\":3,\"name\":\"Airbag Zip&rsquo;In 2 &#8211; adulte HELITE\"}]},{\"@type\":\"WebSite\",\"@id\":\"https:\/\/la-cabrade.be\/#website\",\"url\":\"https:\/\/la-cabrade.be\/\",\"name\":\"La Cabrade\",\"description\":\"Sellerie en ligne et magasin d\u2019\u00e9quitation \u00e0 Fl\u00e9ron, Li\u00e8ge\",\"publisher\":{\"@id\":\"https:\/\/la-cabrade.be\/#organization\"},\"potentialAction\":[{\"@type\":\"SearchAction\",\"target\":{\"@type\":\"EntryPoint\",\"urlTemplate\":\"https:\/\/la-cabrade.be\/?s={search_term_string}\"},\"query-input\":{\"@type\":\"PropertyValueSpecification\",\"valueRequired\":true,\"valueName\":\"search_term_string\"}}],\"inLanguage\":\"fr-BE\"},{\"@type\":\"Organization\",\"@id\":\"https:\/\/la-cabrade.be\/#organization\",\"name\":\"La Cabrade\",\"url\":\"https:\/\/la-cabrade.be\/\",\"logo\":{\"@type\":\"ImageObject\",\"inLanguage\":\"fr-BE\",\"@id\":\"https:\/\/la-cabrade.be\/#\/schema\/logo\/image\/\",\"url\":\"https:\/\/la-cabrade.be\/wp-content\/uploads\/2020\/04\/La-Cabrade_logo.svg\",\"contentUrl\":\"https:\/\/la-cabrade.be\/wp-content\/uploads\/2020\/04\/La-Cabrade_logo.svg\",\"width\":900,\"height\":320,\"caption\":\"La Cabrade\"},\"image\":{\"@id\":\"https:\/\/la-cabrade.be\/#\/schema\/logo\/image\/\"}}]}<\/script>\n<!-- \/ Yoast SEO plugin. -->","yoast_head_json":{"title":"Airbag Zip'In 2 - adulte HELITE - La Cabrade","description":"Achetez Airbag Zip'In 2 - adulte HELITE au meilleur prix. Livraison rapide. Dans votre magasin d'\u00e9quitation en ligne Sellerie La Cabrade","robots":{"index":"index","follow":"follow","max-snippet":"max-snippet:-1","max-image-preview":"max-image-preview:large","max-video-preview":"max-video-preview:-1"},"canonical":"https:\/\/la-cabrade.be\/fr\/produit\/airbag-helite-zipin-2-adulte\/","og_locale":"fr_FR","og_type":"article","og_title":"Airbag Zip'In 2 - adulte HELITE - La Cabrade","og_description":"Achetez Airbag Zip'In 2 - adulte HELITE au meilleur prix. Livraison rapide. Dans votre magasin d'\u00e9quitation en ligne Sellerie La Cabrade","og_url":"https:\/\/la-cabrade.be\/fr\/produit\/airbag-helite-zipin-2-adulte\/","og_site_name":"La Cabrade","article_modified_time":"2026-03-24T10:15:54+00:00","og_image":[{"width":700,"height":700,"url":"https:\/\/la-cabrade.be\/wp-content\/uploads\/2023\/11\/AIRBAG-HELITE-ZIPIN-2-ADULTE_Airbags-et-accessoires_14757_1.jpeg","type":"image\/jpeg"}],"twitter_misc":{"Dur\u00e9e de lecture est.":"1 minute"},"schema":{"@context":"https:\/\/schema.org","@graph":[{"@type":"WebPage","@id":"https:\/\/la-cabrade.be\/produit\/airbag-helite-zipin-2-adulte\/","url":"https:\/\/la-cabrade.be\/produit\/airbag-helite-zipin-2-adulte\/","name":"Airbag Zip'In 2 - adulte HELITE - La Cabrade","isPartOf":{"@id":"https:\/\/la-cabrade.be\/#website"},"primaryImageOfPage":{"@id":"https:\/\/la-cabrade.be\/produit\/airbag-helite-zipin-2-adulte\/#primaryimage"},"image":{"@id":"https:\/\/la-cabrade.be\/produit\/airbag-helite-zipin-2-adulte\/#primaryimage"},"thumbnailUrl":"https:\/\/la-cabrade.be\/wp-content\/uploads\/2023\/11\/AIRBAG-HELITE-ZIPIN-2-ADULTE_Airbags-et-accessoires_14757_1.jpeg","datePublished":"2023-08-01T10:48:26+00:00","dateModified":"2026-03-24T10:15:54+00:00","description":"Achetez Airbag Zip'In 2 - adulte HELITE au meilleur prix. Livraison rapide. Dans votre magasin d'\u00e9quitation en ligne Sellerie La Cabrade","breadcrumb":{"@id":"https:\/\/la-cabrade.be\/produit\/airbag-helite-zipin-2-adulte\/#breadcrumb"},"inLanguage":"fr-BE","potentialAction":[{"@type":"ReadAction","target":["https:\/\/la-cabrade.be\/produit\/airbag-helite-zipin-2-adulte\/"]}]},{"@type":"ImageObject","inLanguage":"fr-BE","@id":"https:\/\/la-cabrade.be\/produit\/airbag-helite-zipin-2-adulte\/#primaryimage","url":"https:\/\/la-cabrade.be\/wp-content\/uploads\/2023\/11\/AIRBAG-HELITE-ZIPIN-2-ADULTE_Airbags-et-accessoires_14757_1.jpeg","contentUrl":"https:\/\/la-cabrade.be\/wp-content\/uploads\/2023\/11\/AIRBAG-HELITE-ZIPIN-2-ADULTE_Airbags-et-accessoires_14757_1.jpeg","width":700,"height":700,"caption":"AIRBAG HELITE ZIPIN 2 ADULTE Airbags et accessoires 14757 1.jpeg"},{"@type":"BreadcrumbList","@id":"https:\/\/la-cabrade.be\/produit\/airbag-helite-zipin-2-adulte\/#breadcrumb","itemListElement":[{"@type":"ListItem","position":1,"name":"Accueil","item":"https:\/\/la-cabrade.be\/"},{"@type":"ListItem","position":2,"name":"Boutique","item":"https:\/\/la-cabrade.be\/fr\/boutique\/"},{"@type":"ListItem","position":3,"name":"Airbag Zip&rsquo;In 2 &#8211; adulte HELITE"}]},{"@type":"WebSite","@id":"https:\/\/la-cabrade.be\/#website","url":"https:\/\/la-cabrade.be\/","name":"La Cabrade","description":"Sellerie en ligne et magasin d\u2019\u00e9quitation \u00e0 Fl\u00e9ron, Li\u00e8ge","publisher":{"@id":"https:\/\/la-cabrade.be\/#organization"},"potentialAction":[{"@type":"SearchAction","target":{"@type":"EntryPoint","urlTemplate":"https:\/\/la-cabrade.be\/?s={search_term_string}"},"query-input":{"@type":"PropertyValueSpecification","valueRequired":true,"valueName":"search_term_string"}}],"inLanguage":"fr-BE"},{"@type":"Organization","@id":"https:\/\/la-cabrade.be\/#organization","name":"La Cabrade","url":"https:\/\/la-cabrade.be\/","logo":{"@type":"ImageObject","inLanguage":"fr-BE","@id":"https:\/\/la-cabrade.be\/#\/schema\/logo\/image\/","url":"https:\/\/la-cabrade.be\/wp-content\/uploads\/2020\/04\/La-Cabrade_logo.svg","contentUrl":"https:\/\/la-cabrade.be\/wp-content\/uploads\/2020\/04\/La-Cabrade_logo.svg","width":900,"height":320,"caption":"La Cabrade"},"image":{"@id":"https:\/\/la-cabrade.be\/#\/schema\/logo\/image\/"}}]}},"brands":[{"id":602,"name":"Helite","slug":"helite"}],"_links":{"self":[{"href":"https:\/\/la-cabrade.be\/fr\/wp-json\/wp\/v2\/product\/3036","targetHints":{"allow":["GET"]}}],"collection":[{"href":"https:\/\/la-cabrade.be\/fr\/wp-json\/wp\/v2\/product"}],"about":[{"href":"https:\/\/la-cabrade.be\/fr\/wp-json\/wp\/v2\/types\/product"}],"wp:featuredmedia":[{"embeddable":true,"href":"https:\/\/la-cabrade.be\/fr\/wp-json\/wp\/v2\/media\/21769"}],"wp:attachment":[{"href":"https:\/\/la-cabrade.be\/fr\/wp-json\/wp\/v2\/media?parent=3036"}],"wp:term":[{"taxonomy":"pwb-brand","embeddable":true,"href":"https:\/\/la-cabrade.be\/fr\/wp-json\/wp\/v2\/pwb-brand?post=3036"},{"taxonomy":"product_brand","embeddable":true,"href":"https:\/\/la-cabrade.be\/fr\/wp-json\/wp\/v2\/product_brand?post=3036"},{"taxonomy":"product_cat","embeddable":true,"href":"https:\/\/la-cabrade.be\/fr\/wp-json\/wp\/v2\/product_cat?post=3036"},{"taxonomy":"product_tag","embeddable":true,"href":"https:\/\/la-cabrade.be\/fr\/wp-json\/wp\/v2\/product_tag?post=3036"},{"taxonomy":"giftcard-category","embeddable":true,"href":"https:\/\/la-cabrade.be\/fr\/wp-json\/wp\/v2\/giftcard-category?post=3036"}],"curies":[{"name":"wp","href":"https:\/\/api.w.org\/{rel}","templated":true}]}}