{"id":13192,"date":"2023-08-04T12:54:25","date_gmt":"2023-08-04T11:54:25","guid":{"rendered":"https:\/\/la-cabrade.be\/fr\/produit\/tondeuse-kite-li-ion-premiere-sans-fil\/"},"modified":"2026-03-24T10:44:42","modified_gmt":"2026-03-24T09:44:42","slug":"tondeuse-kite-li-ion-premiere-sans-fil","status":"publish","type":"product","link":"https:\/\/la-cabrade.be\/fr\/produit\/tondeuse-kite-li-ion-premiere-sans-fil\/","title":{"rendered":"Tondeuse kite li-ion premiere sans fil"},"content":{"rendered":"<p>Cette tondeuse professionnelle, l\u00e9g\u00e8re (1 kg, batterie inclus) hautes performances pour chevaux. Les lames sont tremp\u00e9es et permettre de raser 300 heures sans aff\u00fbter les lames dans des conditions normales d\u2019utilisation.<\/p>\n<p>La tondeuse est \u00e9quip\u00e9 d\u2019un puissant moteur 200 watts et d\u2019une batterie Li-Ion avec chargeur. La pile peut \u00eatre utilis\u00e9e pendant 110 minutes et la charge dure circa deux heures et demie. La tondeuse contient une lame de 80 mm de largeur. La batterie et les lames de rechange sont aussi disponibles s\u00e9par\u00e9ment, r\u00e9f\u00e9rence 802939 (les lames) et r\u00e9f\u00e9rence 802929 (la batterie). Les lames sont simples \u00e0 nettoyer et les lames se remplace facilement. La tondeuse Premiere Kite Li-Ion est livr\u00e9e dans une luxueuse mallette de rangement en aluminium. Le kit comprend une fiole d\u2019huile, une brosse de nettoyage, un tournevis et un manuel. Tension 100-240 V CA, r\u00e9gime 2400 t\/min, poids 1 kg.<\/p>\n","protected":false},"excerpt":{"rendered":"<p>Cette tondeuse professionnelle, l\u00e9g\u00e8re (1 kg, batterie inclus) hautes performances pour chevaux. Les lames sont tremp\u00e9es et permettre de raser 300 heures sans aff\u00fbter les lames dans des conditions normales d\u2019utilisation. La tondeuse est \u00e9quip\u00e9 d\u2019un puissant moteur 200 watts et d\u2019une batterie Li-Ion avec chargeur. La pile peut \u00eatre utilis\u00e9e pendant 110 minutes et [&hellip;]<\/p>\n","protected":false},"featured_media":22605,"template":"","meta":[],"pwb-brand":[634],"product_brand":[],"product_cat":[838],"product_tag":[],"giftcard-category":[],"class_list":{"0":"post-13192","1":"product","2":"type-product","3":"status-publish","4":"has-post-thumbnail","6":"pwb-brand-premiere","7":"product_cat-tondeuses","9":"first","10":"outofstock","11":"taxable","12":"shipping-taxable","13":"purchasable","14":"product-type-simple"},"yoast_head":"<!-- This site is optimized with the Yoast SEO plugin v25.3.1 - https:\/\/yoast.com\/wordpress\/plugins\/seo\/ -->\n<title>Tondeuse kite li-ion premiere sans fil - La Cabrade<\/title>\n<meta name=\"description\" content=\"Achetez Tondeuse kite li-ion premiere sans fil au meilleur prix. Livraison rapide. Dans votre magasin d&#039;\u00e9quitation en ligne Sellerie La Cabrade\" \/>\n<meta name=\"robots\" content=\"index, follow, max-snippet:-1, max-image-preview:large, max-video-preview:-1\" \/>\n<link rel=\"canonical\" href=\"https:\/\/la-cabrade.be\/fr\/produit\/tondeuse-kite-li-ion-premiere-sans-fil\/\" \/>\n<meta property=\"og:locale\" content=\"fr_FR\" \/>\n<meta property=\"og:type\" content=\"article\" \/>\n<meta property=\"og:title\" content=\"Tondeuse kite li-ion premiere sans fil - La Cabrade\" \/>\n<meta property=\"og:description\" content=\"Achetez Tondeuse kite li-ion premiere sans fil au meilleur prix. Livraison rapide. Dans votre magasin d&#039;\u00e9quitation en ligne Sellerie La Cabrade\" \/>\n<meta property=\"og:url\" content=\"https:\/\/la-cabrade.be\/fr\/produit\/tondeuse-kite-li-ion-premiere-sans-fil\/\" \/>\n<meta property=\"og:site_name\" content=\"La Cabrade\" \/>\n<meta property=\"article:modified_time\" content=\"2026-03-24T09:44:42+00:00\" \/>\n<meta property=\"og:image\" content=\"https:\/\/la-cabrade.be\/wp-content\/uploads\/2023\/11\/TONDEUSE-KITE-LI-ION-PREMIERE-SANS-FIL_Tondeuses_16781_1.jpeg\" \/>\n\t<meta property=\"og:image:width\" content=\"700\" \/>\n\t<meta property=\"og:image:height\" content=\"700\" \/>\n\t<meta property=\"og:image:type\" content=\"image\/jpeg\" \/>\n<meta name=\"twitter:label1\" content=\"Dur\u00e9e de lecture est.\" \/>\n\t<meta name=\"twitter:data1\" content=\"1 minute\" \/>\n<script type=\"application\/ld+json\" class=\"yoast-schema-graph\">{\"@context\":\"https:\/\/schema.org\",\"@graph\":[{\"@type\":\"WebPage\",\"@id\":\"https:\/\/la-cabrade.be\/produit\/tondeuse-kite-li-ion-premiere-sans-fil\/\",\"url\":\"https:\/\/la-cabrade.be\/produit\/tondeuse-kite-li-ion-premiere-sans-fil\/\",\"name\":\"Tondeuse kite li-ion premiere sans fil - La Cabrade\",\"isPartOf\":{\"@id\":\"https:\/\/la-cabrade.be\/#website\"},\"primaryImageOfPage\":{\"@id\":\"https:\/\/la-cabrade.be\/produit\/tondeuse-kite-li-ion-premiere-sans-fil\/#primaryimage\"},\"image\":{\"@id\":\"https:\/\/la-cabrade.be\/produit\/tondeuse-kite-li-ion-premiere-sans-fil\/#primaryimage\"},\"thumbnailUrl\":\"https:\/\/la-cabrade.be\/wp-content\/uploads\/2023\/11\/TONDEUSE-KITE-LI-ION-PREMIERE-SANS-FIL_Tondeuses_16781_1.jpeg\",\"datePublished\":\"2023-08-04T11:54:25+00:00\",\"dateModified\":\"2026-03-24T09:44:42+00:00\",\"description\":\"Achetez Tondeuse kite li-ion premiere sans fil au meilleur prix. Livraison rapide. Dans votre magasin d'\u00e9quitation en ligne Sellerie La Cabrade\",\"breadcrumb\":{\"@id\":\"https:\/\/la-cabrade.be\/produit\/tondeuse-kite-li-ion-premiere-sans-fil\/#breadcrumb\"},\"inLanguage\":\"fr-BE\",\"potentialAction\":[{\"@type\":\"ReadAction\",\"target\":[\"https:\/\/la-cabrade.be\/produit\/tondeuse-kite-li-ion-premiere-sans-fil\/\"]}]},{\"@type\":\"ImageObject\",\"inLanguage\":\"fr-BE\",\"@id\":\"https:\/\/la-cabrade.be\/produit\/tondeuse-kite-li-ion-premiere-sans-fil\/#primaryimage\",\"url\":\"https:\/\/la-cabrade.be\/wp-content\/uploads\/2023\/11\/TONDEUSE-KITE-LI-ION-PREMIERE-SANS-FIL_Tondeuses_16781_1.jpeg\",\"contentUrl\":\"https:\/\/la-cabrade.be\/wp-content\/uploads\/2023\/11\/TONDEUSE-KITE-LI-ION-PREMIERE-SANS-FIL_Tondeuses_16781_1.jpeg\",\"width\":700,\"height\":700,\"caption\":\"TONDEUSE KITE LI ION PREMIERE SANS FIL Tondeuses 16781 1.jpeg\"},{\"@type\":\"BreadcrumbList\",\"@id\":\"https:\/\/la-cabrade.be\/produit\/tondeuse-kite-li-ion-premiere-sans-fil\/#breadcrumb\",\"itemListElement\":[{\"@type\":\"ListItem\",\"position\":1,\"name\":\"Accueil\",\"item\":\"https:\/\/la-cabrade.be\/\"},{\"@type\":\"ListItem\",\"position\":2,\"name\":\"Boutique\",\"item\":\"https:\/\/la-cabrade.be\/fr\/boutique\/\"},{\"@type\":\"ListItem\",\"position\":3,\"name\":\"Tondeuse kite li-ion premiere sans fil\"}]},{\"@type\":\"WebSite\",\"@id\":\"https:\/\/la-cabrade.be\/#website\",\"url\":\"https:\/\/la-cabrade.be\/\",\"name\":\"La Cabrade\",\"description\":\"Sellerie en ligne et magasin d\u2019\u00e9quitation \u00e0 Fl\u00e9ron, Li\u00e8ge\",\"publisher\":{\"@id\":\"https:\/\/la-cabrade.be\/#organization\"},\"potentialAction\":[{\"@type\":\"SearchAction\",\"target\":{\"@type\":\"EntryPoint\",\"urlTemplate\":\"https:\/\/la-cabrade.be\/?s={search_term_string}\"},\"query-input\":{\"@type\":\"PropertyValueSpecification\",\"valueRequired\":true,\"valueName\":\"search_term_string\"}}],\"inLanguage\":\"fr-BE\"},{\"@type\":\"Organization\",\"@id\":\"https:\/\/la-cabrade.be\/#organization\",\"name\":\"La Cabrade\",\"url\":\"https:\/\/la-cabrade.be\/\",\"logo\":{\"@type\":\"ImageObject\",\"inLanguage\":\"fr-BE\",\"@id\":\"https:\/\/la-cabrade.be\/#\/schema\/logo\/image\/\",\"url\":\"https:\/\/la-cabrade.be\/wp-content\/uploads\/2020\/04\/La-Cabrade_logo.svg\",\"contentUrl\":\"https:\/\/la-cabrade.be\/wp-content\/uploads\/2020\/04\/La-Cabrade_logo.svg\",\"width\":900,\"height\":320,\"caption\":\"La Cabrade\"},\"image\":{\"@id\":\"https:\/\/la-cabrade.be\/#\/schema\/logo\/image\/\"}}]}<\/script>\n<!-- \/ Yoast SEO plugin. -->","yoast_head_json":{"title":"Tondeuse kite li-ion premiere sans fil - La Cabrade","description":"Achetez Tondeuse kite li-ion premiere sans fil au meilleur prix. Livraison rapide. Dans votre magasin d'\u00e9quitation en ligne Sellerie La Cabrade","robots":{"index":"index","follow":"follow","max-snippet":"max-snippet:-1","max-image-preview":"max-image-preview:large","max-video-preview":"max-video-preview:-1"},"canonical":"https:\/\/la-cabrade.be\/fr\/produit\/tondeuse-kite-li-ion-premiere-sans-fil\/","og_locale":"fr_FR","og_type":"article","og_title":"Tondeuse kite li-ion premiere sans fil - La Cabrade","og_description":"Achetez Tondeuse kite li-ion premiere sans fil au meilleur prix. Livraison rapide. Dans votre magasin d'\u00e9quitation en ligne Sellerie La Cabrade","og_url":"https:\/\/la-cabrade.be\/fr\/produit\/tondeuse-kite-li-ion-premiere-sans-fil\/","og_site_name":"La Cabrade","article_modified_time":"2026-03-24T09:44:42+00:00","og_image":[{"width":700,"height":700,"url":"https:\/\/la-cabrade.be\/wp-content\/uploads\/2023\/11\/TONDEUSE-KITE-LI-ION-PREMIERE-SANS-FIL_Tondeuses_16781_1.jpeg","type":"image\/jpeg"}],"twitter_misc":{"Dur\u00e9e de lecture est.":"1 minute"},"schema":{"@context":"https:\/\/schema.org","@graph":[{"@type":"WebPage","@id":"https:\/\/la-cabrade.be\/produit\/tondeuse-kite-li-ion-premiere-sans-fil\/","url":"https:\/\/la-cabrade.be\/produit\/tondeuse-kite-li-ion-premiere-sans-fil\/","name":"Tondeuse kite li-ion premiere sans fil - La Cabrade","isPartOf":{"@id":"https:\/\/la-cabrade.be\/#website"},"primaryImageOfPage":{"@id":"https:\/\/la-cabrade.be\/produit\/tondeuse-kite-li-ion-premiere-sans-fil\/#primaryimage"},"image":{"@id":"https:\/\/la-cabrade.be\/produit\/tondeuse-kite-li-ion-premiere-sans-fil\/#primaryimage"},"thumbnailUrl":"https:\/\/la-cabrade.be\/wp-content\/uploads\/2023\/11\/TONDEUSE-KITE-LI-ION-PREMIERE-SANS-FIL_Tondeuses_16781_1.jpeg","datePublished":"2023-08-04T11:54:25+00:00","dateModified":"2026-03-24T09:44:42+00:00","description":"Achetez Tondeuse kite li-ion premiere sans fil au meilleur prix. Livraison rapide. Dans votre magasin d'\u00e9quitation en ligne Sellerie La Cabrade","breadcrumb":{"@id":"https:\/\/la-cabrade.be\/produit\/tondeuse-kite-li-ion-premiere-sans-fil\/#breadcrumb"},"inLanguage":"fr-BE","potentialAction":[{"@type":"ReadAction","target":["https:\/\/la-cabrade.be\/produit\/tondeuse-kite-li-ion-premiere-sans-fil\/"]}]},{"@type":"ImageObject","inLanguage":"fr-BE","@id":"https:\/\/la-cabrade.be\/produit\/tondeuse-kite-li-ion-premiere-sans-fil\/#primaryimage","url":"https:\/\/la-cabrade.be\/wp-content\/uploads\/2023\/11\/TONDEUSE-KITE-LI-ION-PREMIERE-SANS-FIL_Tondeuses_16781_1.jpeg","contentUrl":"https:\/\/la-cabrade.be\/wp-content\/uploads\/2023\/11\/TONDEUSE-KITE-LI-ION-PREMIERE-SANS-FIL_Tondeuses_16781_1.jpeg","width":700,"height":700,"caption":"TONDEUSE KITE LI ION PREMIERE SANS FIL Tondeuses 16781 1.jpeg"},{"@type":"BreadcrumbList","@id":"https:\/\/la-cabrade.be\/produit\/tondeuse-kite-li-ion-premiere-sans-fil\/#breadcrumb","itemListElement":[{"@type":"ListItem","position":1,"name":"Accueil","item":"https:\/\/la-cabrade.be\/"},{"@type":"ListItem","position":2,"name":"Boutique","item":"https:\/\/la-cabrade.be\/fr\/boutique\/"},{"@type":"ListItem","position":3,"name":"Tondeuse kite li-ion premiere sans fil"}]},{"@type":"WebSite","@id":"https:\/\/la-cabrade.be\/#website","url":"https:\/\/la-cabrade.be\/","name":"La Cabrade","description":"Sellerie en ligne et magasin d\u2019\u00e9quitation \u00e0 Fl\u00e9ron, Li\u00e8ge","publisher":{"@id":"https:\/\/la-cabrade.be\/#organization"},"potentialAction":[{"@type":"SearchAction","target":{"@type":"EntryPoint","urlTemplate":"https:\/\/la-cabrade.be\/?s={search_term_string}"},"query-input":{"@type":"PropertyValueSpecification","valueRequired":true,"valueName":"search_term_string"}}],"inLanguage":"fr-BE"},{"@type":"Organization","@id":"https:\/\/la-cabrade.be\/#organization","name":"La Cabrade","url":"https:\/\/la-cabrade.be\/","logo":{"@type":"ImageObject","inLanguage":"fr-BE","@id":"https:\/\/la-cabrade.be\/#\/schema\/logo\/image\/","url":"https:\/\/la-cabrade.be\/wp-content\/uploads\/2020\/04\/La-Cabrade_logo.svg","contentUrl":"https:\/\/la-cabrade.be\/wp-content\/uploads\/2020\/04\/La-Cabrade_logo.svg","width":900,"height":320,"caption":"La Cabrade"},"image":{"@id":"https:\/\/la-cabrade.be\/#\/schema\/logo\/image\/"}}]}},"brands":[{"id":634,"name":"Premi\u00e8re","slug":"premiere"}],"_links":{"self":[{"href":"https:\/\/la-cabrade.be\/fr\/wp-json\/wp\/v2\/product\/13192","targetHints":{"allow":["GET"]}}],"collection":[{"href":"https:\/\/la-cabrade.be\/fr\/wp-json\/wp\/v2\/product"}],"about":[{"href":"https:\/\/la-cabrade.be\/fr\/wp-json\/wp\/v2\/types\/product"}],"wp:featuredmedia":[{"embeddable":true,"href":"https:\/\/la-cabrade.be\/fr\/wp-json\/wp\/v2\/media\/22605"}],"wp:attachment":[{"href":"https:\/\/la-cabrade.be\/fr\/wp-json\/wp\/v2\/media?parent=13192"}],"wp:term":[{"taxonomy":"pwb-brand","embeddable":true,"href":"https:\/\/la-cabrade.be\/fr\/wp-json\/wp\/v2\/pwb-brand?post=13192"},{"taxonomy":"product_brand","embeddable":true,"href":"https:\/\/la-cabrade.be\/fr\/wp-json\/wp\/v2\/product_brand?post=13192"},{"taxonomy":"product_cat","embeddable":true,"href":"https:\/\/la-cabrade.be\/fr\/wp-json\/wp\/v2\/product_cat?post=13192"},{"taxonomy":"product_tag","embeddable":true,"href":"https:\/\/la-cabrade.be\/fr\/wp-json\/wp\/v2\/product_tag?post=13192"},{"taxonomy":"giftcard-category","embeddable":true,"href":"https:\/\/la-cabrade.be\/fr\/wp-json\/wp\/v2\/giftcard-category?post=13192"}],"curies":[{"name":"wp","href":"https:\/\/api.w.org\/{rel}","templated":true}]}}