{"id":11478,"date":"2023-08-03T21:21:56","date_gmt":"2023-08-03T20:21:56","guid":{"rendered":"https:\/\/la-cabrade.be\/fr\/produit\/protege-queue-sac-kentucky\/"},"modified":"2025-12-11T06:11:35","modified_gmt":"2025-12-11T05:11:35","slug":"protege-queue-sac-kentucky","status":"publish","type":"product","link":"https:\/\/la-cabrade.be\/fr\/produit\/protege-queue-sac-kentucky\/","title":{"rendered":"Protege queue + sac kentucky"},"content":{"rendered":"<p>Fabriqu\u00e9 \u00e0 partir de n\u00e9opr\u00e8ne doux et flexible et con\u00e7u pour prot\u00e9ger l\u2019enti\u00e8ret\u00e9 de la queue, notre prot\u00e8ge-queue assure un ajustement parfait sans glisser,tout en \u00e9tant tr\u00e8s confortable pour le cheval. Le prot\u00e8ge-queue est compos\u00e9 de deux pi\u00e8ces s\u00e9par\u00e9es: le prot\u00e8ge-queue en n\u00e9opr\u00e8ne et le sac en polyester 150D. Cela vous permetd\u2019utiliser le prot\u00e8ge-queue sans le sac. Tous deux sont attach\u00e9s par des bandes de velcro robustes pour maintenir la queue de votre cheval propre pendant le voyage.Vous pouvez facilement ajuster le prot\u00e8ge-queue en le fixantavec les trois bandes velcro et ensuite placer le reste de la queue dans le sac et l\u2019attacher. Notre prot\u00e8ge-queue est facile \u00e0 utiliser mais \u00e9galement facile d\u2019entretien car il est lavable en machine \u00e0 30\u00b0 (pas de s\u00e8che-linge).<\/p>\n<p>Am\u00e9liore la protection et l\u2019hygi\u00e8ne<br \/>\nDesign r\u00e9fl\u00e9chi pour un ajustement simple<br \/>\nLe prot\u00e8ge-queue peut \u00eatre utilis\u00e9 sans le sac<\/p>\n","protected":false},"excerpt":{"rendered":"<p>Fabriqu\u00e9 \u00e0 partir de n\u00e9opr\u00e8ne doux et flexible et con\u00e7u pour prot\u00e9ger l\u2019enti\u00e8ret\u00e9 de la queue, notre prot\u00e8ge-queue assure un ajustement parfait sans glisser,tout en \u00e9tant tr\u00e8s confortable pour le cheval. Le prot\u00e8ge-queue est compos\u00e9 de deux pi\u00e8ces s\u00e9par\u00e9es: le prot\u00e8ge-queue en n\u00e9opr\u00e8ne et le sac en polyester 150D. Cela vous permetd\u2019utiliser le prot\u00e8ge-queue sans [&hellip;]<\/p>\n","protected":false},"featured_media":35347,"template":"","meta":[],"pwb-brand":[614],"product_brand":[],"product_cat":[690],"product_tag":[],"giftcard-category":[],"class_list":{"0":"post-11478","1":"product","2":"type-product","3":"status-publish","4":"has-post-thumbnail","6":"pwb-brand-kentucky","7":"product_cat-autres-protections","9":"first","10":"outofstock","11":"taxable","12":"shipping-taxable","13":"purchasable","14":"product-type-variable","15":"has-default-attributes"},"yoast_head":"<!-- This site is optimized with the Yoast SEO plugin v25.3.1 - https:\/\/yoast.com\/wordpress\/plugins\/seo\/ -->\n<title>Protege queue + sac kentucky - La Cabrade<\/title>\n<meta name=\"description\" content=\"Achetez Protege queue + sac kentucky au meilleur prix. Livraison rapide. Dans votre magasin d&#039;\u00e9quitation en ligne Sellerie La Cabrade\" \/>\n<meta name=\"robots\" content=\"index, follow, max-snippet:-1, max-image-preview:large, max-video-preview:-1\" \/>\n<link rel=\"canonical\" href=\"https:\/\/la-cabrade.be\/fr\/produit\/protege-queue-sac-kentucky\/\" \/>\n<meta property=\"og:locale\" content=\"fr_FR\" \/>\n<meta property=\"og:type\" content=\"article\" \/>\n<meta property=\"og:title\" content=\"Protege queue + sac kentucky - La Cabrade\" \/>\n<meta property=\"og:description\" content=\"Achetez Protege queue + sac kentucky au meilleur prix. Livraison rapide. Dans votre magasin d&#039;\u00e9quitation en ligne Sellerie La Cabrade\" \/>\n<meta property=\"og:url\" content=\"https:\/\/la-cabrade.be\/fr\/produit\/protege-queue-sac-kentucky\/\" \/>\n<meta property=\"og:site_name\" content=\"La Cabrade\" \/>\n<meta property=\"article:modified_time\" content=\"2025-12-11T05:11:35+00:00\" \/>\n<meta property=\"og:image\" content=\"https:\/\/la-cabrade.be\/wp-content\/uploads\/2023\/11\/PROTEGE-QUEUE-SAC-KENTUCKY_Autres-protections_14034_1-1.jpeg\" \/>\n\t<meta property=\"og:image:width\" content=\"700\" \/>\n\t<meta property=\"og:image:height\" content=\"700\" \/>\n\t<meta property=\"og:image:type\" content=\"image\/jpeg\" \/>\n<meta name=\"twitter:label1\" content=\"Dur\u00e9e de lecture est.\" \/>\n\t<meta name=\"twitter:data1\" content=\"1 minute\" \/>\n<script type=\"application\/ld+json\" class=\"yoast-schema-graph\">{\"@context\":\"https:\/\/schema.org\",\"@graph\":[{\"@type\":\"WebPage\",\"@id\":\"https:\/\/la-cabrade.be\/produit\/protege-queue-sac-kentucky\/\",\"url\":\"https:\/\/la-cabrade.be\/produit\/protege-queue-sac-kentucky\/\",\"name\":\"Protege queue + sac kentucky - La Cabrade\",\"isPartOf\":{\"@id\":\"https:\/\/la-cabrade.be\/#website\"},\"primaryImageOfPage\":{\"@id\":\"https:\/\/la-cabrade.be\/produit\/protege-queue-sac-kentucky\/#primaryimage\"},\"image\":{\"@id\":\"https:\/\/la-cabrade.be\/produit\/protege-queue-sac-kentucky\/#primaryimage\"},\"thumbnailUrl\":\"https:\/\/la-cabrade.be\/wp-content\/uploads\/2023\/11\/PROTEGE-QUEUE-SAC-KENTUCKY_Autres-protections_14034_1-1.jpeg\",\"datePublished\":\"2023-08-03T20:21:56+00:00\",\"dateModified\":\"2025-12-11T05:11:35+00:00\",\"description\":\"Achetez Protege queue + sac kentucky au meilleur prix. Livraison rapide. Dans votre magasin d'\u00e9quitation en ligne Sellerie La Cabrade\",\"breadcrumb\":{\"@id\":\"https:\/\/la-cabrade.be\/produit\/protege-queue-sac-kentucky\/#breadcrumb\"},\"inLanguage\":\"fr-BE\",\"potentialAction\":[{\"@type\":\"ReadAction\",\"target\":[\"https:\/\/la-cabrade.be\/produit\/protege-queue-sac-kentucky\/\"]}]},{\"@type\":\"ImageObject\",\"inLanguage\":\"fr-BE\",\"@id\":\"https:\/\/la-cabrade.be\/produit\/protege-queue-sac-kentucky\/#primaryimage\",\"url\":\"https:\/\/la-cabrade.be\/wp-content\/uploads\/2023\/11\/PROTEGE-QUEUE-SAC-KENTUCKY_Autres-protections_14034_1-1.jpeg\",\"contentUrl\":\"https:\/\/la-cabrade.be\/wp-content\/uploads\/2023\/11\/PROTEGE-QUEUE-SAC-KENTUCKY_Autres-protections_14034_1-1.jpeg\",\"width\":700,\"height\":700,\"caption\":\"PROTEGE QUEUE SAC KENTUCKY Autres protections 14034 1.jpeg\"},{\"@type\":\"BreadcrumbList\",\"@id\":\"https:\/\/la-cabrade.be\/produit\/protege-queue-sac-kentucky\/#breadcrumb\",\"itemListElement\":[{\"@type\":\"ListItem\",\"position\":1,\"name\":\"Accueil\",\"item\":\"https:\/\/la-cabrade.be\/\"},{\"@type\":\"ListItem\",\"position\":2,\"name\":\"Boutique\",\"item\":\"https:\/\/la-cabrade.be\/fr\/boutique\/\"},{\"@type\":\"ListItem\",\"position\":3,\"name\":\"Protege queue + sac kentucky\"}]},{\"@type\":\"WebSite\",\"@id\":\"https:\/\/la-cabrade.be\/#website\",\"url\":\"https:\/\/la-cabrade.be\/\",\"name\":\"La Cabrade\",\"description\":\"Sellerie en ligne et magasin d\u2019\u00e9quitation \u00e0 Fl\u00e9ron, Li\u00e8ge\",\"publisher\":{\"@id\":\"https:\/\/la-cabrade.be\/#organization\"},\"potentialAction\":[{\"@type\":\"SearchAction\",\"target\":{\"@type\":\"EntryPoint\",\"urlTemplate\":\"https:\/\/la-cabrade.be\/?s={search_term_string}\"},\"query-input\":{\"@type\":\"PropertyValueSpecification\",\"valueRequired\":true,\"valueName\":\"search_term_string\"}}],\"inLanguage\":\"fr-BE\"},{\"@type\":\"Organization\",\"@id\":\"https:\/\/la-cabrade.be\/#organization\",\"name\":\"La Cabrade\",\"url\":\"https:\/\/la-cabrade.be\/\",\"logo\":{\"@type\":\"ImageObject\",\"inLanguage\":\"fr-BE\",\"@id\":\"https:\/\/la-cabrade.be\/#\/schema\/logo\/image\/\",\"url\":\"https:\/\/la-cabrade.be\/wp-content\/uploads\/2020\/04\/La-Cabrade_logo.svg\",\"contentUrl\":\"https:\/\/la-cabrade.be\/wp-content\/uploads\/2020\/04\/La-Cabrade_logo.svg\",\"width\":900,\"height\":320,\"caption\":\"La Cabrade\"},\"image\":{\"@id\":\"https:\/\/la-cabrade.be\/#\/schema\/logo\/image\/\"}}]}<\/script>\n<!-- \/ Yoast SEO plugin. -->","yoast_head_json":{"title":"Protege queue + sac kentucky - La Cabrade","description":"Achetez Protege queue + sac kentucky au meilleur prix. Livraison rapide. Dans votre magasin d'\u00e9quitation en ligne Sellerie La Cabrade","robots":{"index":"index","follow":"follow","max-snippet":"max-snippet:-1","max-image-preview":"max-image-preview:large","max-video-preview":"max-video-preview:-1"},"canonical":"https:\/\/la-cabrade.be\/fr\/produit\/protege-queue-sac-kentucky\/","og_locale":"fr_FR","og_type":"article","og_title":"Protege queue + sac kentucky - La Cabrade","og_description":"Achetez Protege queue + sac kentucky au meilleur prix. Livraison rapide. Dans votre magasin d'\u00e9quitation en ligne Sellerie La Cabrade","og_url":"https:\/\/la-cabrade.be\/fr\/produit\/protege-queue-sac-kentucky\/","og_site_name":"La Cabrade","article_modified_time":"2025-12-11T05:11:35+00:00","og_image":[{"width":700,"height":700,"url":"https:\/\/la-cabrade.be\/wp-content\/uploads\/2023\/11\/PROTEGE-QUEUE-SAC-KENTUCKY_Autres-protections_14034_1-1.jpeg","type":"image\/jpeg"}],"twitter_misc":{"Dur\u00e9e de lecture est.":"1 minute"},"schema":{"@context":"https:\/\/schema.org","@graph":[{"@type":"WebPage","@id":"https:\/\/la-cabrade.be\/produit\/protege-queue-sac-kentucky\/","url":"https:\/\/la-cabrade.be\/produit\/protege-queue-sac-kentucky\/","name":"Protege queue + sac kentucky - La Cabrade","isPartOf":{"@id":"https:\/\/la-cabrade.be\/#website"},"primaryImageOfPage":{"@id":"https:\/\/la-cabrade.be\/produit\/protege-queue-sac-kentucky\/#primaryimage"},"image":{"@id":"https:\/\/la-cabrade.be\/produit\/protege-queue-sac-kentucky\/#primaryimage"},"thumbnailUrl":"https:\/\/la-cabrade.be\/wp-content\/uploads\/2023\/11\/PROTEGE-QUEUE-SAC-KENTUCKY_Autres-protections_14034_1-1.jpeg","datePublished":"2023-08-03T20:21:56+00:00","dateModified":"2025-12-11T05:11:35+00:00","description":"Achetez Protege queue + sac kentucky au meilleur prix. Livraison rapide. Dans votre magasin d'\u00e9quitation en ligne Sellerie La Cabrade","breadcrumb":{"@id":"https:\/\/la-cabrade.be\/produit\/protege-queue-sac-kentucky\/#breadcrumb"},"inLanguage":"fr-BE","potentialAction":[{"@type":"ReadAction","target":["https:\/\/la-cabrade.be\/produit\/protege-queue-sac-kentucky\/"]}]},{"@type":"ImageObject","inLanguage":"fr-BE","@id":"https:\/\/la-cabrade.be\/produit\/protege-queue-sac-kentucky\/#primaryimage","url":"https:\/\/la-cabrade.be\/wp-content\/uploads\/2023\/11\/PROTEGE-QUEUE-SAC-KENTUCKY_Autres-protections_14034_1-1.jpeg","contentUrl":"https:\/\/la-cabrade.be\/wp-content\/uploads\/2023\/11\/PROTEGE-QUEUE-SAC-KENTUCKY_Autres-protections_14034_1-1.jpeg","width":700,"height":700,"caption":"PROTEGE QUEUE SAC KENTUCKY Autres protections 14034 1.jpeg"},{"@type":"BreadcrumbList","@id":"https:\/\/la-cabrade.be\/produit\/protege-queue-sac-kentucky\/#breadcrumb","itemListElement":[{"@type":"ListItem","position":1,"name":"Accueil","item":"https:\/\/la-cabrade.be\/"},{"@type":"ListItem","position":2,"name":"Boutique","item":"https:\/\/la-cabrade.be\/fr\/boutique\/"},{"@type":"ListItem","position":3,"name":"Protege queue + sac kentucky"}]},{"@type":"WebSite","@id":"https:\/\/la-cabrade.be\/#website","url":"https:\/\/la-cabrade.be\/","name":"La Cabrade","description":"Sellerie en ligne et magasin d\u2019\u00e9quitation \u00e0 Fl\u00e9ron, Li\u00e8ge","publisher":{"@id":"https:\/\/la-cabrade.be\/#organization"},"potentialAction":[{"@type":"SearchAction","target":{"@type":"EntryPoint","urlTemplate":"https:\/\/la-cabrade.be\/?s={search_term_string}"},"query-input":{"@type":"PropertyValueSpecification","valueRequired":true,"valueName":"search_term_string"}}],"inLanguage":"fr-BE"},{"@type":"Organization","@id":"https:\/\/la-cabrade.be\/#organization","name":"La Cabrade","url":"https:\/\/la-cabrade.be\/","logo":{"@type":"ImageObject","inLanguage":"fr-BE","@id":"https:\/\/la-cabrade.be\/#\/schema\/logo\/image\/","url":"https:\/\/la-cabrade.be\/wp-content\/uploads\/2020\/04\/La-Cabrade_logo.svg","contentUrl":"https:\/\/la-cabrade.be\/wp-content\/uploads\/2020\/04\/La-Cabrade_logo.svg","width":900,"height":320,"caption":"La Cabrade"},"image":{"@id":"https:\/\/la-cabrade.be\/#\/schema\/logo\/image\/"}}]}},"brands":[{"id":614,"name":"Kentucky","slug":"kentucky"}],"_links":{"self":[{"href":"https:\/\/la-cabrade.be\/fr\/wp-json\/wp\/v2\/product\/11478","targetHints":{"allow":["GET"]}}],"collection":[{"href":"https:\/\/la-cabrade.be\/fr\/wp-json\/wp\/v2\/product"}],"about":[{"href":"https:\/\/la-cabrade.be\/fr\/wp-json\/wp\/v2\/types\/product"}],"wp:featuredmedia":[{"embeddable":true,"href":"https:\/\/la-cabrade.be\/fr\/wp-json\/wp\/v2\/media\/35347"}],"wp:attachment":[{"href":"https:\/\/la-cabrade.be\/fr\/wp-json\/wp\/v2\/media?parent=11478"}],"wp:term":[{"taxonomy":"pwb-brand","embeddable":true,"href":"https:\/\/la-cabrade.be\/fr\/wp-json\/wp\/v2\/pwb-brand?post=11478"},{"taxonomy":"product_brand","embeddable":true,"href":"https:\/\/la-cabrade.be\/fr\/wp-json\/wp\/v2\/product_brand?post=11478"},{"taxonomy":"product_cat","embeddable":true,"href":"https:\/\/la-cabrade.be\/fr\/wp-json\/wp\/v2\/product_cat?post=11478"},{"taxonomy":"product_tag","embeddable":true,"href":"https:\/\/la-cabrade.be\/fr\/wp-json\/wp\/v2\/product_tag?post=11478"},{"taxonomy":"giftcard-category","embeddable":true,"href":"https:\/\/la-cabrade.be\/fr\/wp-json\/wp\/v2\/giftcard-category?post=11478"}],"curies":[{"name":"wp","href":"https:\/\/api.w.org\/{rel}","templated":true}]}}