{"id":11070,"date":"2023-08-03T19:15:52","date_gmt":"2023-08-03T18:15:52","guid":{"rendered":"https:\/\/la-cabrade.be\/fr\/produit\/polo-de-concours-l-s-virginie-pikeur\/"},"modified":"2026-03-24T10:06:35","modified_gmt":"2026-03-24T09:06:35","slug":"polo-de-concours-l-s-virginie-pikeur","status":"publish","type":"product","link":"https:\/\/la-cabrade.be\/fr\/produit\/polo-de-concours-l-s-virginie-pikeur\/","title":{"rendered":"Polo de concours l\/s virginie pikeur"},"content":{"rendered":"<p>\u2022 Chemise de comp\u00e9tition \u00e0 fermeture \u00e9clair \u00e0 manches longues<br \/>\n\u2022 Tissu maillot de comp\u00e9tition l\u00e9ger et respirant<br \/>\n\u2022 Tissu en maille transparente sous le bras<br \/>\n\u2022 Poignets manches et col en tissu doux<br \/>\n\u2022 Application sophistiqu\u00e9e de strass de s\u00e9lection sur le collier<br \/>\n\u2022 \u00c9tiquette Pikeur Selection Strass sur le brassard<\/p>\n","protected":false},"excerpt":{"rendered":"<p>\u2022 Chemise de comp\u00e9tition \u00e0 fermeture \u00e9clair \u00e0 manches longues \u2022 Tissu maillot de comp\u00e9tition l\u00e9ger et respirant \u2022 Tissu en maille transparente sous le bras \u2022 Poignets manches et col en tissu doux \u2022 Application sophistiqu\u00e9e de strass de s\u00e9lection sur le collier \u2022 \u00c9tiquette Pikeur Selection Strass sur le brassard<\/p>\n","protected":false},"featured_media":34689,"template":"","meta":[],"pwb-brand":[632],"product_brand":[],"product_cat":[801],"product_tag":[],"giftcard-category":[],"class_list":{"0":"post-11070","1":"product","2":"type-product","3":"status-publish","4":"has-post-thumbnail","6":"pwb-brand-pikeur","7":"product_cat-polos-de-concours","9":"first","10":"outofstock","11":"taxable","12":"shipping-taxable","13":"purchasable","14":"product-type-variable","15":"has-default-attributes"},"yoast_head":"<!-- This site is optimized with the Yoast SEO plugin v25.3.1 - https:\/\/yoast.com\/wordpress\/plugins\/seo\/ -->\n<title>Polo de concours l\/s virginie pikeur - La Cabrade<\/title>\n<meta name=\"description\" content=\"Achetez Polo de concours l\/s virginie pikeur au meilleur prix. Livraison rapide. Dans votre magasin d&#039;\u00e9quitation en ligne Sellerie La Cabrade\" \/>\n<meta name=\"robots\" content=\"index, follow, max-snippet:-1, max-image-preview:large, max-video-preview:-1\" \/>\n<link rel=\"canonical\" href=\"https:\/\/la-cabrade.be\/fr\/produit\/polo-de-concours-l-s-virginie-pikeur\/\" \/>\n<meta property=\"og:locale\" content=\"fr_FR\" \/>\n<meta property=\"og:type\" content=\"article\" \/>\n<meta property=\"og:title\" content=\"Polo de concours l\/s virginie pikeur - La Cabrade\" \/>\n<meta property=\"og:description\" content=\"Achetez Polo de concours l\/s virginie pikeur au meilleur prix. Livraison rapide. Dans votre magasin d&#039;\u00e9quitation en ligne Sellerie La Cabrade\" \/>\n<meta property=\"og:url\" content=\"https:\/\/la-cabrade.be\/fr\/produit\/polo-de-concours-l-s-virginie-pikeur\/\" \/>\n<meta property=\"og:site_name\" content=\"La Cabrade\" \/>\n<meta property=\"article:modified_time\" content=\"2026-03-24T09:06:35+00:00\" \/>\n<meta property=\"og:image\" content=\"https:\/\/la-cabrade.be\/wp-content\/uploads\/2023\/11\/POLO-DE-CONCOURS-LS-VIRGINIE-PIKEUR_Polos-de-concours_18238_1-1.jpeg\" \/>\n\t<meta property=\"og:image:width\" content=\"700\" \/>\n\t<meta property=\"og:image:height\" content=\"700\" \/>\n\t<meta property=\"og:image:type\" content=\"image\/jpeg\" \/>\n<script type=\"application\/ld+json\" class=\"yoast-schema-graph\">{\"@context\":\"https:\/\/schema.org\",\"@graph\":[{\"@type\":\"WebPage\",\"@id\":\"https:\/\/la-cabrade.be\/fr\/produit\/polo-de-concours-l-s-virginie-pikeur\/\",\"url\":\"https:\/\/la-cabrade.be\/fr\/produit\/polo-de-concours-l-s-virginie-pikeur\/\",\"name\":\"Polo de concours l\/s virginie pikeur - La Cabrade\",\"isPartOf\":{\"@id\":\"https:\/\/la-cabrade.be\/#website\"},\"primaryImageOfPage\":{\"@id\":\"https:\/\/la-cabrade.be\/fr\/produit\/polo-de-concours-l-s-virginie-pikeur\/#primaryimage\"},\"image\":{\"@id\":\"https:\/\/la-cabrade.be\/fr\/produit\/polo-de-concours-l-s-virginie-pikeur\/#primaryimage\"},\"thumbnailUrl\":\"https:\/\/la-cabrade.be\/wp-content\/uploads\/2023\/11\/POLO-DE-CONCOURS-LS-VIRGINIE-PIKEUR_Polos-de-concours_18238_1-1.jpeg\",\"datePublished\":\"2023-08-03T18:15:52+00:00\",\"dateModified\":\"2026-03-24T09:06:35+00:00\",\"description\":\"Achetez Polo de concours l\/s virginie pikeur au meilleur prix. Livraison rapide. Dans votre magasin d'\u00e9quitation en ligne Sellerie La Cabrade\",\"breadcrumb\":{\"@id\":\"https:\/\/la-cabrade.be\/fr\/produit\/polo-de-concours-l-s-virginie-pikeur\/#breadcrumb\"},\"inLanguage\":\"fr-BE\",\"potentialAction\":[{\"@type\":\"ReadAction\",\"target\":[\"https:\/\/la-cabrade.be\/fr\/produit\/polo-de-concours-l-s-virginie-pikeur\/\"]}]},{\"@type\":\"ImageObject\",\"inLanguage\":\"fr-BE\",\"@id\":\"https:\/\/la-cabrade.be\/fr\/produit\/polo-de-concours-l-s-virginie-pikeur\/#primaryimage\",\"url\":\"https:\/\/la-cabrade.be\/wp-content\/uploads\/2023\/11\/POLO-DE-CONCOURS-LS-VIRGINIE-PIKEUR_Polos-de-concours_18238_1-1.jpeg\",\"contentUrl\":\"https:\/\/la-cabrade.be\/wp-content\/uploads\/2023\/11\/POLO-DE-CONCOURS-LS-VIRGINIE-PIKEUR_Polos-de-concours_18238_1-1.jpeg\",\"width\":700,\"height\":700,\"caption\":\"POLO DE CONCOURS LS VIRGINIE PIKEUR Polos de concours 18238 1.jpeg\"},{\"@type\":\"BreadcrumbList\",\"@id\":\"https:\/\/la-cabrade.be\/fr\/produit\/polo-de-concours-l-s-virginie-pikeur\/#breadcrumb\",\"itemListElement\":[{\"@type\":\"ListItem\",\"position\":1,\"name\":\"Accueil\",\"item\":\"https:\/\/la-cabrade.be\/\"},{\"@type\":\"ListItem\",\"position\":2,\"name\":\"Boutique\",\"item\":\"https:\/\/la-cabrade.be\/fr\/boutique\/\"},{\"@type\":\"ListItem\",\"position\":3,\"name\":\"Polo de concours l\/s virginie pikeur\"}]},{\"@type\":\"WebSite\",\"@id\":\"https:\/\/la-cabrade.be\/#website\",\"url\":\"https:\/\/la-cabrade.be\/\",\"name\":\"La Cabrade\",\"description\":\"Sellerie en ligne et magasin d\u2019\u00e9quitation \u00e0 Fl\u00e9ron, Li\u00e8ge\",\"publisher\":{\"@id\":\"https:\/\/la-cabrade.be\/#organization\"},\"potentialAction\":[{\"@type\":\"SearchAction\",\"target\":{\"@type\":\"EntryPoint\",\"urlTemplate\":\"https:\/\/la-cabrade.be\/?s={search_term_string}\"},\"query-input\":{\"@type\":\"PropertyValueSpecification\",\"valueRequired\":true,\"valueName\":\"search_term_string\"}}],\"inLanguage\":\"fr-BE\"},{\"@type\":\"Organization\",\"@id\":\"https:\/\/la-cabrade.be\/#organization\",\"name\":\"La Cabrade\",\"url\":\"https:\/\/la-cabrade.be\/\",\"logo\":{\"@type\":\"ImageObject\",\"inLanguage\":\"fr-BE\",\"@id\":\"https:\/\/la-cabrade.be\/#\/schema\/logo\/image\/\",\"url\":\"https:\/\/la-cabrade.be\/wp-content\/uploads\/2020\/04\/La-Cabrade_logo.svg\",\"contentUrl\":\"https:\/\/la-cabrade.be\/wp-content\/uploads\/2020\/04\/La-Cabrade_logo.svg\",\"width\":900,\"height\":320,\"caption\":\"La Cabrade\"},\"image\":{\"@id\":\"https:\/\/la-cabrade.be\/#\/schema\/logo\/image\/\"}}]}<\/script>\n<!-- \/ Yoast SEO plugin. -->","yoast_head_json":{"title":"Polo de concours l\/s virginie pikeur - La Cabrade","description":"Achetez Polo de concours l\/s virginie pikeur au meilleur prix. Livraison rapide. Dans votre magasin d'\u00e9quitation en ligne Sellerie La Cabrade","robots":{"index":"index","follow":"follow","max-snippet":"max-snippet:-1","max-image-preview":"max-image-preview:large","max-video-preview":"max-video-preview:-1"},"canonical":"https:\/\/la-cabrade.be\/fr\/produit\/polo-de-concours-l-s-virginie-pikeur\/","og_locale":"fr_FR","og_type":"article","og_title":"Polo de concours l\/s virginie pikeur - La Cabrade","og_description":"Achetez Polo de concours l\/s virginie pikeur au meilleur prix. Livraison rapide. Dans votre magasin d'\u00e9quitation en ligne Sellerie La Cabrade","og_url":"https:\/\/la-cabrade.be\/fr\/produit\/polo-de-concours-l-s-virginie-pikeur\/","og_site_name":"La Cabrade","article_modified_time":"2026-03-24T09:06:35+00:00","og_image":[{"width":700,"height":700,"url":"https:\/\/la-cabrade.be\/wp-content\/uploads\/2023\/11\/POLO-DE-CONCOURS-LS-VIRGINIE-PIKEUR_Polos-de-concours_18238_1-1.jpeg","type":"image\/jpeg"}],"schema":{"@context":"https:\/\/schema.org","@graph":[{"@type":"WebPage","@id":"https:\/\/la-cabrade.be\/fr\/produit\/polo-de-concours-l-s-virginie-pikeur\/","url":"https:\/\/la-cabrade.be\/fr\/produit\/polo-de-concours-l-s-virginie-pikeur\/","name":"Polo de concours l\/s virginie pikeur - La Cabrade","isPartOf":{"@id":"https:\/\/la-cabrade.be\/#website"},"primaryImageOfPage":{"@id":"https:\/\/la-cabrade.be\/fr\/produit\/polo-de-concours-l-s-virginie-pikeur\/#primaryimage"},"image":{"@id":"https:\/\/la-cabrade.be\/fr\/produit\/polo-de-concours-l-s-virginie-pikeur\/#primaryimage"},"thumbnailUrl":"https:\/\/la-cabrade.be\/wp-content\/uploads\/2023\/11\/POLO-DE-CONCOURS-LS-VIRGINIE-PIKEUR_Polos-de-concours_18238_1-1.jpeg","datePublished":"2023-08-03T18:15:52+00:00","dateModified":"2026-03-24T09:06:35+00:00","description":"Achetez Polo de concours l\/s virginie pikeur au meilleur prix. Livraison rapide. Dans votre magasin d'\u00e9quitation en ligne Sellerie La Cabrade","breadcrumb":{"@id":"https:\/\/la-cabrade.be\/fr\/produit\/polo-de-concours-l-s-virginie-pikeur\/#breadcrumb"},"inLanguage":"fr-BE","potentialAction":[{"@type":"ReadAction","target":["https:\/\/la-cabrade.be\/fr\/produit\/polo-de-concours-l-s-virginie-pikeur\/"]}]},{"@type":"ImageObject","inLanguage":"fr-BE","@id":"https:\/\/la-cabrade.be\/fr\/produit\/polo-de-concours-l-s-virginie-pikeur\/#primaryimage","url":"https:\/\/la-cabrade.be\/wp-content\/uploads\/2023\/11\/POLO-DE-CONCOURS-LS-VIRGINIE-PIKEUR_Polos-de-concours_18238_1-1.jpeg","contentUrl":"https:\/\/la-cabrade.be\/wp-content\/uploads\/2023\/11\/POLO-DE-CONCOURS-LS-VIRGINIE-PIKEUR_Polos-de-concours_18238_1-1.jpeg","width":700,"height":700,"caption":"POLO DE CONCOURS LS VIRGINIE PIKEUR Polos de concours 18238 1.jpeg"},{"@type":"BreadcrumbList","@id":"https:\/\/la-cabrade.be\/fr\/produit\/polo-de-concours-l-s-virginie-pikeur\/#breadcrumb","itemListElement":[{"@type":"ListItem","position":1,"name":"Accueil","item":"https:\/\/la-cabrade.be\/"},{"@type":"ListItem","position":2,"name":"Boutique","item":"https:\/\/la-cabrade.be\/fr\/boutique\/"},{"@type":"ListItem","position":3,"name":"Polo de concours l\/s virginie pikeur"}]},{"@type":"WebSite","@id":"https:\/\/la-cabrade.be\/#website","url":"https:\/\/la-cabrade.be\/","name":"La Cabrade","description":"Sellerie en ligne et magasin d\u2019\u00e9quitation \u00e0 Fl\u00e9ron, Li\u00e8ge","publisher":{"@id":"https:\/\/la-cabrade.be\/#organization"},"potentialAction":[{"@type":"SearchAction","target":{"@type":"EntryPoint","urlTemplate":"https:\/\/la-cabrade.be\/?s={search_term_string}"},"query-input":{"@type":"PropertyValueSpecification","valueRequired":true,"valueName":"search_term_string"}}],"inLanguage":"fr-BE"},{"@type":"Organization","@id":"https:\/\/la-cabrade.be\/#organization","name":"La Cabrade","url":"https:\/\/la-cabrade.be\/","logo":{"@type":"ImageObject","inLanguage":"fr-BE","@id":"https:\/\/la-cabrade.be\/#\/schema\/logo\/image\/","url":"https:\/\/la-cabrade.be\/wp-content\/uploads\/2020\/04\/La-Cabrade_logo.svg","contentUrl":"https:\/\/la-cabrade.be\/wp-content\/uploads\/2020\/04\/La-Cabrade_logo.svg","width":900,"height":320,"caption":"La Cabrade"},"image":{"@id":"https:\/\/la-cabrade.be\/#\/schema\/logo\/image\/"}}]}},"brands":[{"id":632,"name":"Pikeur","slug":"pikeur"}],"_links":{"self":[{"href":"https:\/\/la-cabrade.be\/fr\/wp-json\/wp\/v2\/product\/11070","targetHints":{"allow":["GET"]}}],"collection":[{"href":"https:\/\/la-cabrade.be\/fr\/wp-json\/wp\/v2\/product"}],"about":[{"href":"https:\/\/la-cabrade.be\/fr\/wp-json\/wp\/v2\/types\/product"}],"wp:featuredmedia":[{"embeddable":true,"href":"https:\/\/la-cabrade.be\/fr\/wp-json\/wp\/v2\/media\/34689"}],"wp:attachment":[{"href":"https:\/\/la-cabrade.be\/fr\/wp-json\/wp\/v2\/media?parent=11070"}],"wp:term":[{"taxonomy":"pwb-brand","embeddable":true,"href":"https:\/\/la-cabrade.be\/fr\/wp-json\/wp\/v2\/pwb-brand?post=11070"},{"taxonomy":"product_brand","embeddable":true,"href":"https:\/\/la-cabrade.be\/fr\/wp-json\/wp\/v2\/product_brand?post=11070"},{"taxonomy":"product_cat","embeddable":true,"href":"https:\/\/la-cabrade.be\/fr\/wp-json\/wp\/v2\/product_cat?post=11070"},{"taxonomy":"product_tag","embeddable":true,"href":"https:\/\/la-cabrade.be\/fr\/wp-json\/wp\/v2\/product_tag?post=11070"},{"taxonomy":"giftcard-category","embeddable":true,"href":"https:\/\/la-cabrade.be\/fr\/wp-json\/wp\/v2\/giftcard-category?post=11070"}],"curies":[{"name":"wp","href":"https:\/\/api.w.org\/{rel}","templated":true}]}}